


























{"id":9562,"date":"2021-10-01T18:46:45","date_gmt":"2021-10-01T16:46:45","guid":{"rendered":"https:\/\/freemove.fr\/?post_type=product&#038;p=9562"},"modified":"2022-11-27T14:15:01","modified_gmt":"2022-11-27T13:15:01","slug":"flash-bms-xr","status":"publish","type":"product","link":"https:\/\/freemove.fr\/fr\/produit\/flash-bms-xr\/","title":{"rendered":"FLASH BMS XR"},"content":{"rendered":"<p>Vous venez de changer la batterie d&rsquo;origine de votre Onewheel+XR pour une <strong>CBSP<\/strong>, une <strong>CBXR<\/strong>\u00a0ou une\u00a0<strong>QUART<\/strong>\u00a0? Bien jou\u00e9 ! A vous les longues chevauch\u00e9es !<\/p>\n<p><strong>Mais attention !<\/strong>\u00a0Votre BMS (ordinateur central) n&rsquo;a pas \u00e9t\u00e9 averti de ce changement soudain de capacit\u00e9 ! Les\u00a0<strong>indications de charge et d&rsquo;autonomie\u00a0<\/strong>qu&rsquo;il communique \u00e0 votre app smartphone\u00a0<strong>sont donc fausses&#8230;<\/strong><\/p>\n<p>Nous vous proposons de\u00a0<strong>mettre \u00e0 jour votre BMS\u00a0<\/strong>en le calibrant sur la nouvelle capacit\u00e9 de votre batterie. Il vous suffit de le d\u00e9monter et de l&rsquo;envoyer sous\u00a0<strong>pli prot\u00e9g\u00e9 suivi<\/strong>\u00a0\u00e0 l&rsquo;adresse suivante :<br \/>\n<strong>FREEMOVE &#8211; Quai du G\u00e9n\u00e9ral de Gaulle\u00a0&#8211; 37400 Amboise<\/strong><\/p>\n<p>Nous vous le renverrons sous\u00a0<strong>15 jours maximum<\/strong>\u00a0et vous n&rsquo;aurez plus qu&rsquo;\u00e0 le brancher \u00e0 nouveau pour qu&rsquo;il communique parfaitement avec votre app smartphone<\/p>\n<p>\u26a0\ufe0f\u00a0<strong>Cette op\u00e9ration ne fonctionne qu&rsquo;avec les firmeware 4209 et ant\u00e9rieurs sur le Onewheel+XR.<br \/>\nIMPORTANT : AFIN DE PARAM\u00c9TRER CORRECTEMENT VOTRE BMS, IL EST INDISPENSABLE DE LAISSER VOTRE ONEWHEEL EN CHARGE PENDANT 12 HEURES AFIN QUE LA NOUVELLE CAPACIT\u00c9 DE VOTRE BATTERIE SOIT BIEN PRISE EN CHARGE.<\/strong><\/p>\n","protected":false},"excerpt":{"rendered":"<h3>MISE A JOUR DU BMS<\/h3>\n","protected":false},"featured_media":9564,"comment_status":"closed","ping_status":"closed","template":"","meta":{"inline_featured_image":false},"product_brand":[],"product_cat":[298],"product_tag":[564],"class_list":{"0":"post-9562","1":"product","2":"type-product","3":"status-publish","4":"has-post-thumbnail","6":"product_cat-accessoires-onewheel-xr","7":"product_tag-batteries","8":"entry","9":"has-media","11":"first","12":"instock","13":"taxable","14":"shipping-taxable","15":"purchasable","16":"product-type-variable"},"acf":[],"yoast_head":"<!-- This site is optimized with the Yoast SEO plugin v24.9 - https:\/\/yoast.com\/wordpress\/plugins\/seo\/ -->\n<title>FLASH BMS XR - Boutique Freemove<\/title>\n<meta name=\"robots\" content=\"index, follow, max-snippet:-1, max-image-preview:large, max-video-preview:-1\" \/>\n<link rel=\"canonical\" href=\"https:\/\/freemove.fr\/fr\/produit\/flash-bms-xr\/\" \/>\n<meta property=\"og:locale\" content=\"fr_FR\" \/>\n<meta property=\"og:type\" content=\"article\" \/>\n<meta property=\"og:title\" content=\"FLASH BMS XR - Boutique Freemove\" \/>\n<meta property=\"og:description\" content=\"MISE A JOUR DU BMS\" \/>\n<meta property=\"og:url\" content=\"https:\/\/freemove.fr\/fr\/produit\/flash-bms-xr\/\" \/>\n<meta property=\"og:site_name\" content=\"Freemove la Glisse \u00c9lectrique pour tous\" \/>\n<meta property=\"article:modified_time\" content=\"2022-11-27T13:15:01+00:00\" \/>\n<meta property=\"og:image\" content=\"https:\/\/freemove.fr\/wp-content\/uploads\/2021\/10\/FLASH.jpg\" \/>\n\t<meta property=\"og:image:width\" content=\"1440\" \/>\n\t<meta property=\"og:image:height\" content=\"1080\" \/>\n\t<meta property=\"og:image:type\" content=\"image\/jpeg\" \/>\n<meta name=\"twitter:card\" content=\"summary_large_image\" \/>\n<meta name=\"twitter:label1\" content=\"Dur\u00e9e de lecture estim\u00e9e\" \/>\n\t<meta name=\"twitter:data1\" content=\"1 minute\" \/>\n<script type=\"application\/ld+json\" class=\"yoast-schema-graph\">{\"@context\":\"https:\/\/schema.org\",\"@graph\":[{\"@type\":\"WebPage\",\"@id\":\"https:\/\/freemove.fr\/fr\/produit\/flash-bms-xr\/\",\"url\":\"https:\/\/freemove.fr\/fr\/produit\/flash-bms-xr\/\",\"name\":\"FLASH BMS XR - Boutique Freemove\",\"isPartOf\":{\"@id\":\"https:\/\/freemove.fr\/en\/#website\"},\"primaryImageOfPage\":{\"@id\":\"https:\/\/freemove.fr\/fr\/produit\/flash-bms-xr\/#primaryimage\"},\"image\":{\"@id\":\"https:\/\/freemove.fr\/fr\/produit\/flash-bms-xr\/#primaryimage\"},\"thumbnailUrl\":\"https:\/\/freemove.fr\/wp-content\/uploads\/2021\/10\/FLASH.jpg\",\"datePublished\":\"2021-10-01T16:46:45+00:00\",\"dateModified\":\"2022-11-27T13:15:01+00:00\",\"breadcrumb\":{\"@id\":\"https:\/\/freemove.fr\/fr\/produit\/flash-bms-xr\/#breadcrumb\"},\"inLanguage\":\"fr-FR\",\"potentialAction\":[{\"@type\":\"ReadAction\",\"target\":[\"https:\/\/freemove.fr\/fr\/produit\/flash-bms-xr\/\"]}]},{\"@type\":\"ImageObject\",\"inLanguage\":\"fr-FR\",\"@id\":\"https:\/\/freemove.fr\/fr\/produit\/flash-bms-xr\/#primaryimage\",\"url\":\"https:\/\/freemove.fr\/wp-content\/uploads\/2021\/10\/FLASH.jpg\",\"contentUrl\":\"https:\/\/freemove.fr\/wp-content\/uploads\/2021\/10\/FLASH.jpg\",\"width\":1440,\"height\":1080},{\"@type\":\"BreadcrumbList\",\"@id\":\"https:\/\/freemove.fr\/fr\/produit\/flash-bms-xr\/#breadcrumb\",\"itemListElement\":[{\"@type\":\"ListItem\",\"position\":1,\"name\":\"Accueil\",\"item\":\"https:\/\/freemove.fr\/fr\/\"},{\"@type\":\"ListItem\",\"position\":2,\"name\":\"Boutique\",\"item\":\"https:\/\/freemove.fr\/fr\/boutique\/\"},{\"@type\":\"ListItem\",\"position\":3,\"name\":\"FLASH BMS XR\"}]},{\"@type\":\"WebSite\",\"@id\":\"https:\/\/freemove.fr\/en\/#website\",\"url\":\"https:\/\/freemove.fr\/en\/\",\"name\":\"Freemove la Glisse \u00c9lectrique pour tous\",\"description\":\"Onewheel - Visites guid\u00e9es en Segway \u00e0 Amboise\",\"publisher\":{\"@id\":\"https:\/\/freemove.fr\/en\/#organization\"},\"potentialAction\":[{\"@type\":\"SearchAction\",\"target\":{\"@type\":\"EntryPoint\",\"urlTemplate\":\"https:\/\/freemove.fr\/en\/?s={search_term_string}\"},\"query-input\":{\"@type\":\"PropertyValueSpecification\",\"valueRequired\":true,\"valueName\":\"search_term_string\"}}],\"inLanguage\":\"fr-FR\"},{\"@type\":\"Organization\",\"@id\":\"https:\/\/freemove.fr\/en\/#organization\",\"name\":\"Freemove\",\"url\":\"https:\/\/freemove.fr\/en\/\",\"logo\":{\"@type\":\"ImageObject\",\"inLanguage\":\"fr-FR\",\"@id\":\"https:\/\/freemove.fr\/en\/#\/schema\/logo\/image\/\",\"url\":\"https:\/\/freemove.fr\/wp-content\/uploads\/2021\/06\/footer_logotype-1.svg\",\"contentUrl\":\"https:\/\/freemove.fr\/wp-content\/uploads\/2021\/06\/footer_logotype-1.svg\",\"width\":163,\"height\":45,\"caption\":\"Freemove\"},\"image\":{\"@id\":\"https:\/\/freemove.fr\/en\/#\/schema\/logo\/image\/\"}}]}<\/script>\n<!-- \/ Yoast SEO plugin. -->","yoast_head_json":{"title":"FLASH BMS XR - Boutique Freemove","robots":{"index":"index","follow":"follow","max-snippet":"max-snippet:-1","max-image-preview":"max-image-preview:large","max-video-preview":"max-video-preview:-1"},"canonical":"https:\/\/freemove.fr\/fr\/produit\/flash-bms-xr\/","og_locale":"fr_FR","og_type":"article","og_title":"FLASH BMS XR - Boutique Freemove","og_description":"MISE A JOUR DU BMS","og_url":"https:\/\/freemove.fr\/fr\/produit\/flash-bms-xr\/","og_site_name":"Freemove la Glisse \u00c9lectrique pour tous","article_modified_time":"2022-11-27T13:15:01+00:00","og_image":[{"width":1440,"height":1080,"url":"https:\/\/freemove.fr\/wp-content\/uploads\/2021\/10\/FLASH.jpg","type":"image\/jpeg"}],"twitter_card":"summary_large_image","twitter_misc":{"Dur\u00e9e de lecture estim\u00e9e":"1 minute"},"schema":{"@context":"https:\/\/schema.org","@graph":[{"@type":"WebPage","@id":"https:\/\/freemove.fr\/fr\/produit\/flash-bms-xr\/","url":"https:\/\/freemove.fr\/fr\/produit\/flash-bms-xr\/","name":"FLASH BMS XR - Boutique Freemove","isPartOf":{"@id":"https:\/\/freemove.fr\/en\/#website"},"primaryImageOfPage":{"@id":"https:\/\/freemove.fr\/fr\/produit\/flash-bms-xr\/#primaryimage"},"image":{"@id":"https:\/\/freemove.fr\/fr\/produit\/flash-bms-xr\/#primaryimage"},"thumbnailUrl":"https:\/\/freemove.fr\/wp-content\/uploads\/2021\/10\/FLASH.jpg","datePublished":"2021-10-01T16:46:45+00:00","dateModified":"2022-11-27T13:15:01+00:00","breadcrumb":{"@id":"https:\/\/freemove.fr\/fr\/produit\/flash-bms-xr\/#breadcrumb"},"inLanguage":"fr-FR","potentialAction":[{"@type":"ReadAction","target":["https:\/\/freemove.fr\/fr\/produit\/flash-bms-xr\/"]}]},{"@type":"ImageObject","inLanguage":"fr-FR","@id":"https:\/\/freemove.fr\/fr\/produit\/flash-bms-xr\/#primaryimage","url":"https:\/\/freemove.fr\/wp-content\/uploads\/2021\/10\/FLASH.jpg","contentUrl":"https:\/\/freemove.fr\/wp-content\/uploads\/2021\/10\/FLASH.jpg","width":1440,"height":1080},{"@type":"BreadcrumbList","@id":"https:\/\/freemove.fr\/fr\/produit\/flash-bms-xr\/#breadcrumb","itemListElement":[{"@type":"ListItem","position":1,"name":"Accueil","item":"https:\/\/freemove.fr\/fr\/"},{"@type":"ListItem","position":2,"name":"Boutique","item":"https:\/\/freemove.fr\/fr\/boutique\/"},{"@type":"ListItem","position":3,"name":"FLASH BMS XR"}]},{"@type":"WebSite","@id":"https:\/\/freemove.fr\/en\/#website","url":"https:\/\/freemove.fr\/en\/","name":"Freemove la Glisse \u00c9lectrique pour tous","description":"Onewheel - Visites guid\u00e9es en Segway \u00e0 Amboise","publisher":{"@id":"https:\/\/freemove.fr\/en\/#organization"},"potentialAction":[{"@type":"SearchAction","target":{"@type":"EntryPoint","urlTemplate":"https:\/\/freemove.fr\/en\/?s={search_term_string}"},"query-input":{"@type":"PropertyValueSpecification","valueRequired":true,"valueName":"search_term_string"}}],"inLanguage":"fr-FR"},{"@type":"Organization","@id":"https:\/\/freemove.fr\/en\/#organization","name":"Freemove","url":"https:\/\/freemove.fr\/en\/","logo":{"@type":"ImageObject","inLanguage":"fr-FR","@id":"https:\/\/freemove.fr\/en\/#\/schema\/logo\/image\/","url":"https:\/\/freemove.fr\/wp-content\/uploads\/2021\/06\/footer_logotype-1.svg","contentUrl":"https:\/\/freemove.fr\/wp-content\/uploads\/2021\/06\/footer_logotype-1.svg","width":163,"height":45,"caption":"Freemove"},"image":{"@id":"https:\/\/freemove.fr\/en\/#\/schema\/logo\/image\/"}}]}},"_links":{"self":[{"href":"https:\/\/freemove.fr\/fr\/wp-json\/wp\/v2\/product\/9562","targetHints":{"allow":["GET"]}}],"collection":[{"href":"https:\/\/freemove.fr\/fr\/wp-json\/wp\/v2\/product"}],"about":[{"href":"https:\/\/freemove.fr\/fr\/wp-json\/wp\/v2\/types\/product"}],"replies":[{"embeddable":true,"href":"https:\/\/freemove.fr\/fr\/wp-json\/wp\/v2\/comments?post=9562"}],"wp:featuredmedia":[{"embeddable":true,"href":"https:\/\/freemove.fr\/fr\/wp-json\/wp\/v2\/media\/9564"}],"wp:attachment":[{"href":"https:\/\/freemove.fr\/fr\/wp-json\/wp\/v2\/media?parent=9562"}],"wp:term":[{"taxonomy":"product_brand","embeddable":true,"href":"https:\/\/freemove.fr\/fr\/wp-json\/wp\/v2\/product_brand?post=9562"},{"taxonomy":"product_cat","embeddable":true,"href":"https:\/\/freemove.fr\/fr\/wp-json\/wp\/v2\/product_cat?post=9562"},{"taxonomy":"product_tag","embeddable":true,"href":"https:\/\/freemove.fr\/fr\/wp-json\/wp\/v2\/product_tag?post=9562"}],"curies":[{"name":"wp","href":"https:\/\/api.w.org\/{rel}","templated":true}]}}