


























{"id":9543,"date":"2021-10-01T13:40:07","date_gmt":"2021-10-01T11:40:07","guid":{"rendered":"https:\/\/freemove.fr\/?post_type=product&#038;p=9543"},"modified":"2022-12-03T15:10:55","modified_gmt":"2022-12-03T14:10:55","slug":"batterie-cbsp","status":"publish","type":"product","link":"https:\/\/freemove.fr\/fr\/produit\/batterie-cbsp\/","title":{"rendered":"BATTERIE CBSP"},"content":{"rendered":"<p>D\u00e9velopp\u00e9e par la soci\u00e9t\u00e9 am\u00e9ricaine\u00a0<strong>ChiBatterySystems<\/strong>, cette batterie est sp\u00e9cialement con\u00e7ue pour\u00a0<strong>augmenter la puissance et le couple <\/strong>de votre Onewheel+XR ! Parfait pour les riders sportifs, ce pack r\u00e9duira le poids et augmentera l&rsquo;acc\u00e9l\u00e9ration ! Votre Onewheel+XR sera plus agile et plus r\u00e9actif que jamais ! Vous pourrez rider fort et attaquer les c\u00f4tes sans risque de d\u00e9crochage !<\/p>\n<p class=\"p1\"><strong>Performance :<\/strong><\/p>\n<ul>\n<li class=\"p1\">Autonomie de 13 \u00e0 16 km<\/li>\n<li class=\"p1\">Compatible avec toutes les versions hardware du Onewheel+ XR<\/li>\n<li class=\"p1\">Protection \u00e9tonnante contre les chocs ! Ce pack encaisse sans broncher les r\u00e9ceptions de sauts<\/li>\n<li class=\"p1\">Couple bien meilleur que celui d&rsquo;origine<\/li>\n<li class=\"p1\">La batterie la plus l\u00e9g\u00e8re et la plus \u00e9quilibr\u00e9e du march\u00e9 pour la Onewheel+XR<\/li>\n<\/ul>\n<p class=\"p1\"><strong>Sp\u00e9cifications techniques :<\/strong><\/p>\n<ul>\n<li class=\"p1\">230 WH de capacit\u00e9 r\u00e9elle utilisable<\/li>\n<li class=\"p1\">45 amp\u00e8res de d\u00e9charge continue<\/li>\n<li class=\"p1\">Le chargeur standard recharge la CBSP en 1 heure et demie environ.<\/li>\n<li class=\"p1\">Le chargeur rapide (6 amp\u00e8res) recharge la CBSP en 45 minutes environ.<\/li>\n<li class=\"p1\">Le chargeur Boardbank BYOB (8 amp\u00e8res) recharge la CBSP en 30 minutes environ !<\/li>\n<\/ul>\n<p class=\"p1\"><strong>Installer :<br \/>\n<\/strong>Aucune modification n&rsquo;est n\u00e9cessaire ! Tout ce que vous devez faire pour l&rsquo;installation est de placer le Pack CBSP \u00e0 l&rsquo;arri\u00e8re de votre bo\u00eetier vers la roue. Vous n&rsquo;avez pas besoin de modifier votre bo\u00eetier. Lorsque vous d\u00e9branchez votre batterie d&rsquo;origine, d\u00e9branchez d&rsquo;abord le connecteur d&rsquo;\u00e9quilibrage (c\u00e2ble de 26 fils), puis d\u00e9branchez le XT60 (connecteur jaune). Lorsque vous installez votre CBSP, branchez d&rsquo;abord le XT60, puis le connecteur d&rsquo;\u00e9quilibrage (c\u00e2ble de 26 fils) [dans l&rsquo;ordre inverse].<\/p>\n<p class=\"p1\"><strong>ASSUREZ-VOUS DE CHARGER \u00c0 100% lorsque vous recevez votre batterie avant de rouler.<br \/>\n<\/strong><\/p>\n<div class=\"lyte-wrapper fourthree\" style=\"width:420px;max-width:100%;margin:5px;\"><div class=\"lyMe\" id=\"WYL_vldSeB3MU4o\"><div id=\"lyte_vldSeB3MU4o\" data-src=\"\/\/i.ytimg.com\/vi\/vldSeB3MU4o\/hqdefault.jpg\" class=\"pL\"><div class=\"tC\"><div class=\"tT\"><\/div><\/div><div class=\"play\"><\/div><div class=\"ctrl\"><div class=\"Lctrl\"><\/div><div class=\"Rctrl\"><\/div><\/div><\/div><noscript><a href=\"https:\/\/youtu.be\/vldSeB3MU4o\" rel=\"nofollow\"><img decoding=\"async\" src=\"https:\/\/i.ytimg.com\/vi\/vldSeB3MU4o\/0.jpg\" alt=\"\" width=\"420\" height=\"295\" \/><br \/>Lire cette vid\u00e9o sur YouTube<\/a><\/noscript><\/div><\/div><div class=\"lL\" style=\"max-width:100%;width:420px;margin:5px;\"><\/div>\n","protected":false},"excerpt":{"rendered":"<h3>PUISSANCE MAXIMALE !<\/h3>\n","protected":false},"featured_media":9545,"comment_status":"closed","ping_status":"closed","template":"","meta":{"inline_featured_image":false},"product_brand":[],"product_cat":[298],"product_tag":[564],"class_list":{"0":"post-9543","1":"product","2":"type-product","3":"status-publish","4":"has-post-thumbnail","6":"product_cat-accessoires-onewheel-xr","7":"product_tag-batteries","8":"entry","9":"has-media","11":"first","12":"outofstock","13":"taxable","14":"shipping-taxable","15":"purchasable","16":"product-type-simple"},"acf":[],"yoast_head":"<!-- This site is optimized with the Yoast SEO plugin v24.9 - https:\/\/yoast.com\/wordpress\/plugins\/seo\/ -->\n<title>BATTERIE CBSP - Boutique Freemove<\/title>\n<meta name=\"robots\" content=\"index, follow, max-snippet:-1, max-image-preview:large, max-video-preview:-1\" \/>\n<link rel=\"canonical\" href=\"https:\/\/freemove.fr\/fr\/produit\/batterie-cbsp\/\" \/>\n<meta property=\"og:locale\" content=\"fr_FR\" \/>\n<meta property=\"og:type\" content=\"article\" \/>\n<meta property=\"og:title\" content=\"BATTERIE CBSP - Boutique Freemove\" \/>\n<meta property=\"og:description\" content=\"PUISSANCE MAXIMALE !\" \/>\n<meta property=\"og:url\" content=\"https:\/\/freemove.fr\/fr\/produit\/batterie-cbsp\/\" \/>\n<meta property=\"og:site_name\" content=\"Freemove la Glisse \u00c9lectrique pour tous\" \/>\n<meta property=\"article:modified_time\" content=\"2022-12-03T14:10:55+00:00\" \/>\n<meta property=\"og:image\" content=\"https:\/\/freemove.fr\/wp-content\/uploads\/2021\/10\/STUNT-XR.jpg\" \/>\n\t<meta property=\"og:image:width\" content=\"1440\" \/>\n\t<meta property=\"og:image:height\" content=\"1080\" \/>\n\t<meta property=\"og:image:type\" content=\"image\/jpeg\" \/>\n<meta name=\"twitter:card\" content=\"summary_large_image\" \/>\n<meta name=\"twitter:label1\" content=\"Dur\u00e9e de lecture estim\u00e9e\" \/>\n\t<meta name=\"twitter:data1\" content=\"2 minutes\" \/>\n<script type=\"application\/ld+json\" class=\"yoast-schema-graph\">{\"@context\":\"https:\/\/schema.org\",\"@graph\":[{\"@type\":\"WebPage\",\"@id\":\"https:\/\/freemove.fr\/fr\/produit\/batterie-cbsp\/\",\"url\":\"https:\/\/freemove.fr\/fr\/produit\/batterie-cbsp\/\",\"name\":\"BATTERIE CBSP - Boutique Freemove\",\"isPartOf\":{\"@id\":\"https:\/\/freemove.fr\/en\/#website\"},\"primaryImageOfPage\":{\"@id\":\"https:\/\/freemove.fr\/fr\/produit\/batterie-cbsp\/#primaryimage\"},\"image\":{\"@id\":\"https:\/\/freemove.fr\/fr\/produit\/batterie-cbsp\/#primaryimage\"},\"thumbnailUrl\":\"https:\/\/freemove.fr\/wp-content\/uploads\/2021\/10\/STUNT-XR.jpg\",\"datePublished\":\"2021-10-01T11:40:07+00:00\",\"dateModified\":\"2022-12-03T14:10:55+00:00\",\"breadcrumb\":{\"@id\":\"https:\/\/freemove.fr\/fr\/produit\/batterie-cbsp\/#breadcrumb\"},\"inLanguage\":\"fr-FR\",\"potentialAction\":[{\"@type\":\"ReadAction\",\"target\":[\"https:\/\/freemove.fr\/fr\/produit\/batterie-cbsp\/\"]}]},{\"@type\":\"ImageObject\",\"inLanguage\":\"fr-FR\",\"@id\":\"https:\/\/freemove.fr\/fr\/produit\/batterie-cbsp\/#primaryimage\",\"url\":\"https:\/\/freemove.fr\/wp-content\/uploads\/2021\/10\/STUNT-XR.jpg\",\"contentUrl\":\"https:\/\/freemove.fr\/wp-content\/uploads\/2021\/10\/STUNT-XR.jpg\",\"width\":1440,\"height\":1080},{\"@type\":\"BreadcrumbList\",\"@id\":\"https:\/\/freemove.fr\/fr\/produit\/batterie-cbsp\/#breadcrumb\",\"itemListElement\":[{\"@type\":\"ListItem\",\"position\":1,\"name\":\"Accueil\",\"item\":\"https:\/\/freemove.fr\/fr\/\"},{\"@type\":\"ListItem\",\"position\":2,\"name\":\"Boutique\",\"item\":\"https:\/\/freemove.fr\/fr\/boutique\/\"},{\"@type\":\"ListItem\",\"position\":3,\"name\":\"BATTERIE CBSP\"}]},{\"@type\":\"WebSite\",\"@id\":\"https:\/\/freemove.fr\/en\/#website\",\"url\":\"https:\/\/freemove.fr\/en\/\",\"name\":\"Freemove la Glisse \u00c9lectrique pour tous\",\"description\":\"Onewheel - Visites guid\u00e9es en Segway \u00e0 Amboise\",\"publisher\":{\"@id\":\"https:\/\/freemove.fr\/en\/#organization\"},\"potentialAction\":[{\"@type\":\"SearchAction\",\"target\":{\"@type\":\"EntryPoint\",\"urlTemplate\":\"https:\/\/freemove.fr\/en\/?s={search_term_string}\"},\"query-input\":{\"@type\":\"PropertyValueSpecification\",\"valueRequired\":true,\"valueName\":\"search_term_string\"}}],\"inLanguage\":\"fr-FR\"},{\"@type\":\"Organization\",\"@id\":\"https:\/\/freemove.fr\/en\/#organization\",\"name\":\"Freemove\",\"url\":\"https:\/\/freemove.fr\/en\/\",\"logo\":{\"@type\":\"ImageObject\",\"inLanguage\":\"fr-FR\",\"@id\":\"https:\/\/freemove.fr\/en\/#\/schema\/logo\/image\/\",\"url\":\"https:\/\/freemove.fr\/wp-content\/uploads\/2021\/06\/footer_logotype-1.svg\",\"contentUrl\":\"https:\/\/freemove.fr\/wp-content\/uploads\/2021\/06\/footer_logotype-1.svg\",\"width\":163,\"height\":45,\"caption\":\"Freemove\"},\"image\":{\"@id\":\"https:\/\/freemove.fr\/en\/#\/schema\/logo\/image\/\"}}]}<\/script>\n<!-- \/ Yoast SEO plugin. -->","yoast_head_json":{"title":"BATTERIE CBSP - Boutique Freemove","robots":{"index":"index","follow":"follow","max-snippet":"max-snippet:-1","max-image-preview":"max-image-preview:large","max-video-preview":"max-video-preview:-1"},"canonical":"https:\/\/freemove.fr\/fr\/produit\/batterie-cbsp\/","og_locale":"fr_FR","og_type":"article","og_title":"BATTERIE CBSP - Boutique Freemove","og_description":"PUISSANCE MAXIMALE !","og_url":"https:\/\/freemove.fr\/fr\/produit\/batterie-cbsp\/","og_site_name":"Freemove la Glisse \u00c9lectrique pour tous","article_modified_time":"2022-12-03T14:10:55+00:00","og_image":[{"width":1440,"height":1080,"url":"https:\/\/freemove.fr\/wp-content\/uploads\/2021\/10\/STUNT-XR.jpg","type":"image\/jpeg"}],"twitter_card":"summary_large_image","twitter_misc":{"Dur\u00e9e de lecture estim\u00e9e":"2 minutes"},"schema":{"@context":"https:\/\/schema.org","@graph":[{"@type":"WebPage","@id":"https:\/\/freemove.fr\/fr\/produit\/batterie-cbsp\/","url":"https:\/\/freemove.fr\/fr\/produit\/batterie-cbsp\/","name":"BATTERIE CBSP - Boutique Freemove","isPartOf":{"@id":"https:\/\/freemove.fr\/en\/#website"},"primaryImageOfPage":{"@id":"https:\/\/freemove.fr\/fr\/produit\/batterie-cbsp\/#primaryimage"},"image":{"@id":"https:\/\/freemove.fr\/fr\/produit\/batterie-cbsp\/#primaryimage"},"thumbnailUrl":"https:\/\/freemove.fr\/wp-content\/uploads\/2021\/10\/STUNT-XR.jpg","datePublished":"2021-10-01T11:40:07+00:00","dateModified":"2022-12-03T14:10:55+00:00","breadcrumb":{"@id":"https:\/\/freemove.fr\/fr\/produit\/batterie-cbsp\/#breadcrumb"},"inLanguage":"fr-FR","potentialAction":[{"@type":"ReadAction","target":["https:\/\/freemove.fr\/fr\/produit\/batterie-cbsp\/"]}]},{"@type":"ImageObject","inLanguage":"fr-FR","@id":"https:\/\/freemove.fr\/fr\/produit\/batterie-cbsp\/#primaryimage","url":"https:\/\/freemove.fr\/wp-content\/uploads\/2021\/10\/STUNT-XR.jpg","contentUrl":"https:\/\/freemove.fr\/wp-content\/uploads\/2021\/10\/STUNT-XR.jpg","width":1440,"height":1080},{"@type":"BreadcrumbList","@id":"https:\/\/freemove.fr\/fr\/produit\/batterie-cbsp\/#breadcrumb","itemListElement":[{"@type":"ListItem","position":1,"name":"Accueil","item":"https:\/\/freemove.fr\/fr\/"},{"@type":"ListItem","position":2,"name":"Boutique","item":"https:\/\/freemove.fr\/fr\/boutique\/"},{"@type":"ListItem","position":3,"name":"BATTERIE CBSP"}]},{"@type":"WebSite","@id":"https:\/\/freemove.fr\/en\/#website","url":"https:\/\/freemove.fr\/en\/","name":"Freemove la Glisse \u00c9lectrique pour tous","description":"Onewheel - Visites guid\u00e9es en Segway \u00e0 Amboise","publisher":{"@id":"https:\/\/freemove.fr\/en\/#organization"},"potentialAction":[{"@type":"SearchAction","target":{"@type":"EntryPoint","urlTemplate":"https:\/\/freemove.fr\/en\/?s={search_term_string}"},"query-input":{"@type":"PropertyValueSpecification","valueRequired":true,"valueName":"search_term_string"}}],"inLanguage":"fr-FR"},{"@type":"Organization","@id":"https:\/\/freemove.fr\/en\/#organization","name":"Freemove","url":"https:\/\/freemove.fr\/en\/","logo":{"@type":"ImageObject","inLanguage":"fr-FR","@id":"https:\/\/freemove.fr\/en\/#\/schema\/logo\/image\/","url":"https:\/\/freemove.fr\/wp-content\/uploads\/2021\/06\/footer_logotype-1.svg","contentUrl":"https:\/\/freemove.fr\/wp-content\/uploads\/2021\/06\/footer_logotype-1.svg","width":163,"height":45,"caption":"Freemove"},"image":{"@id":"https:\/\/freemove.fr\/en\/#\/schema\/logo\/image\/"}}]}},"_links":{"self":[{"href":"https:\/\/freemove.fr\/fr\/wp-json\/wp\/v2\/product\/9543","targetHints":{"allow":["GET"]}}],"collection":[{"href":"https:\/\/freemove.fr\/fr\/wp-json\/wp\/v2\/product"}],"about":[{"href":"https:\/\/freemove.fr\/fr\/wp-json\/wp\/v2\/types\/product"}],"replies":[{"embeddable":true,"href":"https:\/\/freemove.fr\/fr\/wp-json\/wp\/v2\/comments?post=9543"}],"wp:featuredmedia":[{"embeddable":true,"href":"https:\/\/freemove.fr\/fr\/wp-json\/wp\/v2\/media\/9545"}],"wp:attachment":[{"href":"https:\/\/freemove.fr\/fr\/wp-json\/wp\/v2\/media?parent=9543"}],"wp:term":[{"taxonomy":"product_brand","embeddable":true,"href":"https:\/\/freemove.fr\/fr\/wp-json\/wp\/v2\/product_brand?post=9543"},{"taxonomy":"product_cat","embeddable":true,"href":"https:\/\/freemove.fr\/fr\/wp-json\/wp\/v2\/product_cat?post=9543"},{"taxonomy":"product_tag","embeddable":true,"href":"https:\/\/freemove.fr\/fr\/wp-json\/wp\/v2\/product_tag?post=9543"}],"curies":[{"name":"wp","href":"https:\/\/api.w.org\/{rel}","templated":true}]}}