


























{"id":9517,"date":"2021-10-01T12:08:48","date_gmt":"2021-10-01T10:08:48","guid":{"rendered":"https:\/\/freemove.fr\/?post_type=product&#038;p=9517"},"modified":"2023-10-31T18:10:41","modified_gmt":"2023-10-31T17:10:41","slug":"jauge-de-batterie-externe-cbxr","status":"publish","type":"product","link":"https:\/\/freemove.fr\/fr\/produit\/jauge-de-batterie-externe-cbxr\/","title":{"rendered":"JAUGE DE BATTERIE XR"},"content":{"rendered":"<p class=\"p1\">La Jauge de Batterie externe est le compl\u00e9ment parfait pour votre CBXR ! Vous n&rsquo;avez plus besoin de consulter votre application pour conna\u00eetre le pourcentage de votre batterie et de flasher votre BMS ! Elle se monte directement\u00a0 sur le rail lat\u00e9ral (voir video d&rsquo;installation ci-dessous)<\/p>\n<p class=\"p1\"><strong>Caract\u00e9ristiques\u00a0 :<\/strong><\/p>\n<ul>\n<li class=\"p1\">Pourcentages de lecture hyper pr\u00e9cis<\/li>\n<li class=\"p1\">R\u00e9sistance am\u00e9lior\u00e9e aux \u00e9claboussures<\/li>\n<li class=\"p1\">Nouveaux raccords en T pour une installation plus facile<\/li>\n<li class=\"p1\">Fil de silicone pour la flexibilit\u00e9 et la durabilit\u00e9<\/li>\n<\/ul>\n<p class=\"p1\">Pour une lecture la plus pr\u00e9cise possible, consultez cet affichage lorsque vous \u00eates descendu de la planche. Cet affichage mesure votre tension, donc en mouvement (sous charge) le pourcentage ne donnera pas une image aussi pr\u00e9cise du pourcentage de votre batterie.<br \/>\n\u26a0\ufe0f Il n&rsquo;est pas recommand\u00e9 de rider sous la pluie ! L&rsquo;\u00e9lectronique et l&rsquo;eau ne font pas bon m\u00e9nage ????<\/p>\n<p><strong>VIDEO D&rsquo;INSTALLATION<\/strong><\/p>\n<div class=\"lyte-wrapper fourthree\" style=\"width:420px;max-width:100%;margin:5px;\"><div class=\"lyMe\" id=\"WYL_W_Cp9DIH7AU\"><div id=\"lyte_W_Cp9DIH7AU\" data-src=\"\/\/i.ytimg.com\/vi\/W_Cp9DIH7AU\/hqdefault.jpg\" class=\"pL\"><div class=\"tC\"><div class=\"tT\"><\/div><\/div><div class=\"play\"><\/div><div class=\"ctrl\"><div class=\"Lctrl\"><\/div><div class=\"Rctrl\"><\/div><\/div><\/div><noscript><a href=\"https:\/\/youtu.be\/W_Cp9DIH7AU\" rel=\"nofollow\"><img decoding=\"async\" src=\"https:\/\/i.ytimg.com\/vi\/W_Cp9DIH7AU\/0.jpg\" alt=\"\" width=\"420\" height=\"295\" \/><br \/>Lire cette vid\u00e9o sur YouTube<\/a><\/noscript><\/div><\/div><div class=\"lL\" style=\"max-width:100%;width:420px;margin:5px;\"><\/div>\n","protected":false},"excerpt":{"rendered":"<h3 class=\"p1\">VOTRE AUTONOMIE SOUS LES YEUX !<\/h3>\n","protected":false},"featured_media":9526,"comment_status":"closed","ping_status":"closed","template":"","meta":{"inline_featured_image":false},"product_brand":[],"product_cat":[298],"product_tag":[564,666],"class_list":{"0":"post-9517","1":"product","2":"type-product","3":"status-publish","4":"has-post-thumbnail","6":"product_cat-accessoires-onewheel-xr","7":"product_tag-batteries","8":"product_tag-outils","9":"pa_declinaison-declination-goofy","10":"pa_declinaison-declination-regular","11":"entry","12":"has-media","14":"first","15":"outofstock","16":"taxable","17":"shipping-taxable","18":"purchasable","19":"product-type-variable"},"acf":[],"yoast_head":"<!-- This site is optimized with the Yoast SEO plugin v24.9 - https:\/\/yoast.com\/wordpress\/plugins\/seo\/ -->\n<title>JAUGE DE BATTERIE XR - Boutique Freemove<\/title>\n<meta name=\"robots\" content=\"index, follow, max-snippet:-1, max-image-preview:large, max-video-preview:-1\" \/>\n<link rel=\"canonical\" href=\"https:\/\/freemove.fr\/fr\/produit\/jauge-de-batterie-externe-cbxr\/\" \/>\n<meta property=\"og:locale\" content=\"fr_FR\" \/>\n<meta property=\"og:type\" content=\"article\" \/>\n<meta property=\"og:title\" content=\"JAUGE DE BATTERIE XR - Boutique Freemove\" \/>\n<meta property=\"og:description\" content=\"VOTRE AUTONOMIE SOUS LES YEUX !\" \/>\n<meta property=\"og:url\" content=\"https:\/\/freemove.fr\/fr\/produit\/jauge-de-batterie-externe-cbxr\/\" \/>\n<meta property=\"og:site_name\" content=\"Freemove la Glisse \u00c9lectrique pour tous\" \/>\n<meta property=\"article:modified_time\" content=\"2023-10-31T17:10:41+00:00\" \/>\n<meta property=\"og:image\" content=\"https:\/\/freemove.fr\/wp-content\/uploads\/2021\/10\/JAUGE-XR.jpg\" \/>\n\t<meta property=\"og:image:width\" content=\"1440\" \/>\n\t<meta property=\"og:image:height\" content=\"1080\" \/>\n\t<meta property=\"og:image:type\" content=\"image\/jpeg\" \/>\n<meta name=\"twitter:card\" content=\"summary_large_image\" \/>\n<meta name=\"twitter:label1\" content=\"Dur\u00e9e de lecture estim\u00e9e\" \/>\n\t<meta name=\"twitter:data1\" content=\"1 minute\" \/>\n<script type=\"application\/ld+json\" class=\"yoast-schema-graph\">{\"@context\":\"https:\/\/schema.org\",\"@graph\":[{\"@type\":\"WebPage\",\"@id\":\"https:\/\/freemove.fr\/fr\/produit\/jauge-de-batterie-externe-cbxr\/\",\"url\":\"https:\/\/freemove.fr\/fr\/produit\/jauge-de-batterie-externe-cbxr\/\",\"name\":\"JAUGE DE BATTERIE XR - Boutique Freemove\",\"isPartOf\":{\"@id\":\"https:\/\/freemove.fr\/en\/#website\"},\"primaryImageOfPage\":{\"@id\":\"https:\/\/freemove.fr\/fr\/produit\/jauge-de-batterie-externe-cbxr\/#primaryimage\"},\"image\":{\"@id\":\"https:\/\/freemove.fr\/fr\/produit\/jauge-de-batterie-externe-cbxr\/#primaryimage\"},\"thumbnailUrl\":\"https:\/\/freemove.fr\/wp-content\/uploads\/2021\/10\/JAUGE-XR.jpg\",\"datePublished\":\"2021-10-01T10:08:48+00:00\",\"dateModified\":\"2023-10-31T17:10:41+00:00\",\"breadcrumb\":{\"@id\":\"https:\/\/freemove.fr\/fr\/produit\/jauge-de-batterie-externe-cbxr\/#breadcrumb\"},\"inLanguage\":\"fr-FR\",\"potentialAction\":[{\"@type\":\"ReadAction\",\"target\":[\"https:\/\/freemove.fr\/fr\/produit\/jauge-de-batterie-externe-cbxr\/\"]}]},{\"@type\":\"ImageObject\",\"inLanguage\":\"fr-FR\",\"@id\":\"https:\/\/freemove.fr\/fr\/produit\/jauge-de-batterie-externe-cbxr\/#primaryimage\",\"url\":\"https:\/\/freemove.fr\/wp-content\/uploads\/2021\/10\/JAUGE-XR.jpg\",\"contentUrl\":\"https:\/\/freemove.fr\/wp-content\/uploads\/2021\/10\/JAUGE-XR.jpg\",\"width\":1440,\"height\":1080},{\"@type\":\"BreadcrumbList\",\"@id\":\"https:\/\/freemove.fr\/fr\/produit\/jauge-de-batterie-externe-cbxr\/#breadcrumb\",\"itemListElement\":[{\"@type\":\"ListItem\",\"position\":1,\"name\":\"Accueil\",\"item\":\"https:\/\/freemove.fr\/fr\/\"},{\"@type\":\"ListItem\",\"position\":2,\"name\":\"Boutique\",\"item\":\"https:\/\/freemove.fr\/fr\/boutique\/\"},{\"@type\":\"ListItem\",\"position\":3,\"name\":\"JAUGE DE BATTERIE XR\"}]},{\"@type\":\"WebSite\",\"@id\":\"https:\/\/freemove.fr\/en\/#website\",\"url\":\"https:\/\/freemove.fr\/en\/\",\"name\":\"Freemove la Glisse \u00c9lectrique pour tous\",\"description\":\"Onewheel - Visites guid\u00e9es en Segway \u00e0 Amboise\",\"publisher\":{\"@id\":\"https:\/\/freemove.fr\/en\/#organization\"},\"potentialAction\":[{\"@type\":\"SearchAction\",\"target\":{\"@type\":\"EntryPoint\",\"urlTemplate\":\"https:\/\/freemove.fr\/en\/?s={search_term_string}\"},\"query-input\":{\"@type\":\"PropertyValueSpecification\",\"valueRequired\":true,\"valueName\":\"search_term_string\"}}],\"inLanguage\":\"fr-FR\"},{\"@type\":\"Organization\",\"@id\":\"https:\/\/freemove.fr\/en\/#organization\",\"name\":\"Freemove\",\"url\":\"https:\/\/freemove.fr\/en\/\",\"logo\":{\"@type\":\"ImageObject\",\"inLanguage\":\"fr-FR\",\"@id\":\"https:\/\/freemove.fr\/en\/#\/schema\/logo\/image\/\",\"url\":\"https:\/\/freemove.fr\/wp-content\/uploads\/2021\/06\/footer_logotype-1.svg\",\"contentUrl\":\"https:\/\/freemove.fr\/wp-content\/uploads\/2021\/06\/footer_logotype-1.svg\",\"width\":163,\"height\":45,\"caption\":\"Freemove\"},\"image\":{\"@id\":\"https:\/\/freemove.fr\/en\/#\/schema\/logo\/image\/\"}}]}<\/script>\n<!-- \/ Yoast SEO plugin. -->","yoast_head_json":{"title":"JAUGE DE BATTERIE XR - Boutique Freemove","robots":{"index":"index","follow":"follow","max-snippet":"max-snippet:-1","max-image-preview":"max-image-preview:large","max-video-preview":"max-video-preview:-1"},"canonical":"https:\/\/freemove.fr\/fr\/produit\/jauge-de-batterie-externe-cbxr\/","og_locale":"fr_FR","og_type":"article","og_title":"JAUGE DE BATTERIE XR - Boutique Freemove","og_description":"VOTRE AUTONOMIE SOUS LES YEUX !","og_url":"https:\/\/freemove.fr\/fr\/produit\/jauge-de-batterie-externe-cbxr\/","og_site_name":"Freemove la Glisse \u00c9lectrique pour tous","article_modified_time":"2023-10-31T17:10:41+00:00","og_image":[{"width":1440,"height":1080,"url":"https:\/\/freemove.fr\/wp-content\/uploads\/2021\/10\/JAUGE-XR.jpg","type":"image\/jpeg"}],"twitter_card":"summary_large_image","twitter_misc":{"Dur\u00e9e de lecture estim\u00e9e":"1 minute"},"schema":{"@context":"https:\/\/schema.org","@graph":[{"@type":"WebPage","@id":"https:\/\/freemove.fr\/fr\/produit\/jauge-de-batterie-externe-cbxr\/","url":"https:\/\/freemove.fr\/fr\/produit\/jauge-de-batterie-externe-cbxr\/","name":"JAUGE DE BATTERIE XR - Boutique Freemove","isPartOf":{"@id":"https:\/\/freemove.fr\/en\/#website"},"primaryImageOfPage":{"@id":"https:\/\/freemove.fr\/fr\/produit\/jauge-de-batterie-externe-cbxr\/#primaryimage"},"image":{"@id":"https:\/\/freemove.fr\/fr\/produit\/jauge-de-batterie-externe-cbxr\/#primaryimage"},"thumbnailUrl":"https:\/\/freemove.fr\/wp-content\/uploads\/2021\/10\/JAUGE-XR.jpg","datePublished":"2021-10-01T10:08:48+00:00","dateModified":"2023-10-31T17:10:41+00:00","breadcrumb":{"@id":"https:\/\/freemove.fr\/fr\/produit\/jauge-de-batterie-externe-cbxr\/#breadcrumb"},"inLanguage":"fr-FR","potentialAction":[{"@type":"ReadAction","target":["https:\/\/freemove.fr\/fr\/produit\/jauge-de-batterie-externe-cbxr\/"]}]},{"@type":"ImageObject","inLanguage":"fr-FR","@id":"https:\/\/freemove.fr\/fr\/produit\/jauge-de-batterie-externe-cbxr\/#primaryimage","url":"https:\/\/freemove.fr\/wp-content\/uploads\/2021\/10\/JAUGE-XR.jpg","contentUrl":"https:\/\/freemove.fr\/wp-content\/uploads\/2021\/10\/JAUGE-XR.jpg","width":1440,"height":1080},{"@type":"BreadcrumbList","@id":"https:\/\/freemove.fr\/fr\/produit\/jauge-de-batterie-externe-cbxr\/#breadcrumb","itemListElement":[{"@type":"ListItem","position":1,"name":"Accueil","item":"https:\/\/freemove.fr\/fr\/"},{"@type":"ListItem","position":2,"name":"Boutique","item":"https:\/\/freemove.fr\/fr\/boutique\/"},{"@type":"ListItem","position":3,"name":"JAUGE DE BATTERIE XR"}]},{"@type":"WebSite","@id":"https:\/\/freemove.fr\/en\/#website","url":"https:\/\/freemove.fr\/en\/","name":"Freemove la Glisse \u00c9lectrique pour tous","description":"Onewheel - Visites guid\u00e9es en Segway \u00e0 Amboise","publisher":{"@id":"https:\/\/freemove.fr\/en\/#organization"},"potentialAction":[{"@type":"SearchAction","target":{"@type":"EntryPoint","urlTemplate":"https:\/\/freemove.fr\/en\/?s={search_term_string}"},"query-input":{"@type":"PropertyValueSpecification","valueRequired":true,"valueName":"search_term_string"}}],"inLanguage":"fr-FR"},{"@type":"Organization","@id":"https:\/\/freemove.fr\/en\/#organization","name":"Freemove","url":"https:\/\/freemove.fr\/en\/","logo":{"@type":"ImageObject","inLanguage":"fr-FR","@id":"https:\/\/freemove.fr\/en\/#\/schema\/logo\/image\/","url":"https:\/\/freemove.fr\/wp-content\/uploads\/2021\/06\/footer_logotype-1.svg","contentUrl":"https:\/\/freemove.fr\/wp-content\/uploads\/2021\/06\/footer_logotype-1.svg","width":163,"height":45,"caption":"Freemove"},"image":{"@id":"https:\/\/freemove.fr\/en\/#\/schema\/logo\/image\/"}}]}},"_links":{"self":[{"href":"https:\/\/freemove.fr\/fr\/wp-json\/wp\/v2\/product\/9517","targetHints":{"allow":["GET"]}}],"collection":[{"href":"https:\/\/freemove.fr\/fr\/wp-json\/wp\/v2\/product"}],"about":[{"href":"https:\/\/freemove.fr\/fr\/wp-json\/wp\/v2\/types\/product"}],"replies":[{"embeddable":true,"href":"https:\/\/freemove.fr\/fr\/wp-json\/wp\/v2\/comments?post=9517"}],"wp:featuredmedia":[{"embeddable":true,"href":"https:\/\/freemove.fr\/fr\/wp-json\/wp\/v2\/media\/9526"}],"wp:attachment":[{"href":"https:\/\/freemove.fr\/fr\/wp-json\/wp\/v2\/media?parent=9517"}],"wp:term":[{"taxonomy":"product_brand","embeddable":true,"href":"https:\/\/freemove.fr\/fr\/wp-json\/wp\/v2\/product_brand?post=9517"},{"taxonomy":"product_cat","embeddable":true,"href":"https:\/\/freemove.fr\/fr\/wp-json\/wp\/v2\/product_cat?post=9517"},{"taxonomy":"product_tag","embeddable":true,"href":"https:\/\/freemove.fr\/fr\/wp-json\/wp\/v2\/product_tag?post=9517"}],"curies":[{"name":"wp","href":"https:\/\/api.w.org\/{rel}","templated":true}]}}