


























{"id":9122,"date":"2021-08-04T21:44:57","date_gmt":"2021-08-04T19:44:57","guid":{"rendered":"https:\/\/freemove.fr\/?post_type=product&#038;p=9122"},"modified":"2026-01-16T15:45:37","modified_gmt":"2026-01-16T14:45:37","slug":"kit-de-niveau-du-deck","status":"publish","type":"product","link":"https:\/\/freemove.fr\/fr\/produit\/kit-de-niveau-du-deck\/","title":{"rendered":"RE-HAUSSEUR DE DECK"},"content":{"rendered":"<p>Le <strong>Kit de Niveau du Deck<\/strong> vous permet de <strong>sur\u00e9lever ou d&rsquo;abaisser l&rsquo;ensemble\u00a0\u00ab\u00a0Rails + Pads\u00a0\u00bb de 3 centim\u00e8tre <\/strong>! En d&rsquo;autres termes, l&rsquo;axe de votre roue va descendre ou monter de 3 centim\u00e8tres.<\/p>\n<p>Compos\u00e9 de <strong>2 supports en aluminium<\/strong> (brut ou anodis\u00e9), ce kit <strong>s&rsquo;installe facilement sur votre Onewheel+\/XR<\/strong> une fois que vous aurez lib\u00e9r\u00e9 la roue de son axe. Une <strong>vid\u00e9o explicative compl\u00e8te<\/strong> (en anglais mais tr\u00e8s facile d&rsquo;acc\u00e8s car visuelle avant tout) est accessible en bas de cette page.<\/p>\n<ul>\n<li><strong>Sur\u00e9levez votre plateau<\/strong> : la garde au sol augmente de 3 centim\u00e8tre ! Vous pouvez maintenant\u00a0<strong>gravir des pentes raides<\/strong> sans risquer de frotter le nose sur le sol ! <strong>Id\u00e9al pour rider en hors-piste <\/strong>et <strong>atteindre des niveaux de franchissement inaccessibles <\/strong>jusqu&rsquo;\u00e0 pr\u00e9sent !<\/li>\n<li><strong>Abaissez votre plateau <\/strong>: la garde au sol diminue de 3 centim\u00e8tres ! <strong>Id\u00e9al pour la ville et l&rsquo;asphalte,<\/strong> ce mode abaisse votre centre de gravit\u00e9 rendant le ride plus stable !<strong> L&rsquo;utilisation de Fangs peut s&rsquo;av\u00e9rer tr\u00e8s utile<\/strong> en cas d&rsquo;acc\u00e9l\u00e9ration brutale afin de glisser sur le nose !<\/li>\n<\/ul>\n<p><strong>Autre avantage<\/strong>, le fait de d\u00e9centrer votre roue <strong>diminue l&rsquo;espace qu&rsquo;elle occupe <\/strong>entre les 2 Pads. Si vous \u00eates \u00e9quip\u00e9 d&rsquo;un <strong>pneu tout-terrain,<\/strong> celui-ci pourra \u00eatre <strong>gonfl\u00e9 \u00e0 haute pression sans frotter<\/strong>\u00a0contre les Pads !<\/p>\n<p><em><strong>Ce kit comprend :<br \/>\n<\/strong><\/em><em>&#8211; 2 Plaques usin\u00e9es en aluminium<br \/>\n<\/em><em>&#8211; 2 Contre-Plaques en aluminium<br \/>\n<\/em><em>&#8211; 8 vis n\u00e9cessaires au montage<\/em><\/p>\n<div class=\"lyte-wrapper fourthree\" style=\"width:420px;max-width:100%;margin:5px;\"><div class=\"lyMe\" id=\"WYL_HGP2zX56VTA\"><div id=\"lyte_HGP2zX56VTA\" data-src=\"\/\/i.ytimg.com\/vi\/HGP2zX56VTA\/hqdefault.jpg\" class=\"pL\"><div class=\"tC\"><div class=\"tT\"><\/div><\/div><div class=\"play\"><\/div><div class=\"ctrl\"><div class=\"Lctrl\"><\/div><div class=\"Rctrl\"><\/div><\/div><\/div><noscript><a href=\"https:\/\/youtu.be\/HGP2zX56VTA\" rel=\"nofollow\"><img decoding=\"async\" src=\"https:\/\/i.ytimg.com\/vi\/HGP2zX56VTA\/0.jpg\" alt=\"\" width=\"420\" height=\"295\" \/><br \/>Lire cette vid\u00e9o sur YouTube<\/a><\/noscript><\/div><\/div><div class=\"lL\" style=\"max-width:100%;width:420px;margin:5px;\"><\/div>\n","protected":false},"excerpt":{"rendered":"<h3 class=\"node-produit-sous-titre\">SUR\u00c9LEVEZ OU ABAISSEZ VOTRE ONEWHEEL !<\/h3>\n","protected":false},"featured_media":9126,"comment_status":"closed","ping_status":"closed","template":"","meta":{"inline_featured_image":false},"product_brand":[],"product_cat":[298],"product_tag":[666],"class_list":{"0":"post-9122","1":"product","2":"type-product","3":"status-publish","4":"has-post-thumbnail","6":"product_cat-accessoires-onewheel-xr","7":"product_tag-outils","8":"pa_couleur-aluminium","9":"pa_couleur-noir","10":"pa_couleur-rouge","11":"entry","12":"has-media","14":"first","15":"instock","16":"sale","17":"taxable","18":"shipping-taxable","19":"purchasable","20":"product-type-variable"},"acf":[],"yoast_head":"<!-- This site is optimized with the Yoast SEO plugin v24.9 - https:\/\/yoast.com\/wordpress\/plugins\/seo\/ -->\n<title>RE-HAUSSEUR DE DECK - Boutique Freemove<\/title>\n<meta name=\"robots\" content=\"index, follow, max-snippet:-1, max-image-preview:large, max-video-preview:-1\" \/>\n<link rel=\"canonical\" href=\"https:\/\/freemove.fr\/fr\/produit\/kit-de-niveau-du-deck\/\" \/>\n<meta property=\"og:locale\" content=\"fr_FR\" \/>\n<meta property=\"og:type\" content=\"article\" \/>\n<meta property=\"og:title\" content=\"RE-HAUSSEUR DE DECK - Boutique Freemove\" \/>\n<meta property=\"og:description\" content=\"SUR\u00c9LEVEZ OU ABAISSEZ VOTRE ONEWHEEL !\" \/>\n<meta property=\"og:url\" content=\"https:\/\/freemove.fr\/fr\/produit\/kit-de-niveau-du-deck\/\" \/>\n<meta property=\"og:site_name\" content=\"Freemove la Glisse \u00c9lectrique pour tous\" \/>\n<meta property=\"article:modified_time\" content=\"2026-01-16T14:45:37+00:00\" \/>\n<meta property=\"og:image\" content=\"https:\/\/freemove.fr\/wp-content\/uploads\/2021\/08\/Lift-Kit-Brut.jpg\" \/>\n\t<meta property=\"og:image:width\" content=\"1440\" \/>\n\t<meta property=\"og:image:height\" content=\"1080\" \/>\n\t<meta property=\"og:image:type\" content=\"image\/jpeg\" \/>\n<meta name=\"twitter:card\" content=\"summary_large_image\" \/>\n<meta name=\"twitter:label1\" content=\"Dur\u00e9e de lecture estim\u00e9e\" \/>\n\t<meta name=\"twitter:data1\" content=\"2 minutes\" \/>\n<script type=\"application\/ld+json\" class=\"yoast-schema-graph\">{\"@context\":\"https:\/\/schema.org\",\"@graph\":[{\"@type\":\"WebPage\",\"@id\":\"https:\/\/freemove.fr\/fr\/produit\/kit-de-niveau-du-deck\/\",\"url\":\"https:\/\/freemove.fr\/fr\/produit\/kit-de-niveau-du-deck\/\",\"name\":\"RE-HAUSSEUR DE DECK - Boutique Freemove\",\"isPartOf\":{\"@id\":\"https:\/\/freemove.fr\/en\/#website\"},\"primaryImageOfPage\":{\"@id\":\"https:\/\/freemove.fr\/fr\/produit\/kit-de-niveau-du-deck\/#primaryimage\"},\"image\":{\"@id\":\"https:\/\/freemove.fr\/fr\/produit\/kit-de-niveau-du-deck\/#primaryimage\"},\"thumbnailUrl\":\"https:\/\/freemove.fr\/wp-content\/uploads\/2021\/08\/Lift-Kit-Brut.jpg\",\"datePublished\":\"2021-08-04T19:44:57+00:00\",\"dateModified\":\"2026-01-16T14:45:37+00:00\",\"breadcrumb\":{\"@id\":\"https:\/\/freemove.fr\/fr\/produit\/kit-de-niveau-du-deck\/#breadcrumb\"},\"inLanguage\":\"fr-FR\",\"potentialAction\":[{\"@type\":\"ReadAction\",\"target\":[\"https:\/\/freemove.fr\/fr\/produit\/kit-de-niveau-du-deck\/\"]}]},{\"@type\":\"ImageObject\",\"inLanguage\":\"fr-FR\",\"@id\":\"https:\/\/freemove.fr\/fr\/produit\/kit-de-niveau-du-deck\/#primaryimage\",\"url\":\"https:\/\/freemove.fr\/wp-content\/uploads\/2021\/08\/Lift-Kit-Brut.jpg\",\"contentUrl\":\"https:\/\/freemove.fr\/wp-content\/uploads\/2021\/08\/Lift-Kit-Brut.jpg\",\"width\":1440,\"height\":1080},{\"@type\":\"BreadcrumbList\",\"@id\":\"https:\/\/freemove.fr\/fr\/produit\/kit-de-niveau-du-deck\/#breadcrumb\",\"itemListElement\":[{\"@type\":\"ListItem\",\"position\":1,\"name\":\"Accueil\",\"item\":\"https:\/\/freemove.fr\/fr\/\"},{\"@type\":\"ListItem\",\"position\":2,\"name\":\"Boutique\",\"item\":\"https:\/\/freemove.fr\/fr\/boutique\/\"},{\"@type\":\"ListItem\",\"position\":3,\"name\":\"RE-HAUSSEUR DE DECK\"}]},{\"@type\":\"WebSite\",\"@id\":\"https:\/\/freemove.fr\/en\/#website\",\"url\":\"https:\/\/freemove.fr\/en\/\",\"name\":\"Freemove la Glisse \u00c9lectrique pour tous\",\"description\":\"Onewheel - Visites guid\u00e9es en Segway \u00e0 Amboise\",\"publisher\":{\"@id\":\"https:\/\/freemove.fr\/en\/#organization\"},\"potentialAction\":[{\"@type\":\"SearchAction\",\"target\":{\"@type\":\"EntryPoint\",\"urlTemplate\":\"https:\/\/freemove.fr\/en\/?s={search_term_string}\"},\"query-input\":{\"@type\":\"PropertyValueSpecification\",\"valueRequired\":true,\"valueName\":\"search_term_string\"}}],\"inLanguage\":\"fr-FR\"},{\"@type\":\"Organization\",\"@id\":\"https:\/\/freemove.fr\/en\/#organization\",\"name\":\"Freemove\",\"url\":\"https:\/\/freemove.fr\/en\/\",\"logo\":{\"@type\":\"ImageObject\",\"inLanguage\":\"fr-FR\",\"@id\":\"https:\/\/freemove.fr\/en\/#\/schema\/logo\/image\/\",\"url\":\"https:\/\/freemove.fr\/wp-content\/uploads\/2021\/06\/footer_logotype-1.svg\",\"contentUrl\":\"https:\/\/freemove.fr\/wp-content\/uploads\/2021\/06\/footer_logotype-1.svg\",\"width\":163,\"height\":45,\"caption\":\"Freemove\"},\"image\":{\"@id\":\"https:\/\/freemove.fr\/en\/#\/schema\/logo\/image\/\"}}]}<\/script>\n<!-- \/ Yoast SEO plugin. -->","yoast_head_json":{"title":"RE-HAUSSEUR DE DECK - Boutique Freemove","robots":{"index":"index","follow":"follow","max-snippet":"max-snippet:-1","max-image-preview":"max-image-preview:large","max-video-preview":"max-video-preview:-1"},"canonical":"https:\/\/freemove.fr\/fr\/produit\/kit-de-niveau-du-deck\/","og_locale":"fr_FR","og_type":"article","og_title":"RE-HAUSSEUR DE DECK - Boutique Freemove","og_description":"SUR\u00c9LEVEZ OU ABAISSEZ VOTRE ONEWHEEL !","og_url":"https:\/\/freemove.fr\/fr\/produit\/kit-de-niveau-du-deck\/","og_site_name":"Freemove la Glisse \u00c9lectrique pour tous","article_modified_time":"2026-01-16T14:45:37+00:00","og_image":[{"width":1440,"height":1080,"url":"https:\/\/freemove.fr\/wp-content\/uploads\/2021\/08\/Lift-Kit-Brut.jpg","type":"image\/jpeg"}],"twitter_card":"summary_large_image","twitter_misc":{"Dur\u00e9e de lecture estim\u00e9e":"2 minutes"},"schema":{"@context":"https:\/\/schema.org","@graph":[{"@type":"WebPage","@id":"https:\/\/freemove.fr\/fr\/produit\/kit-de-niveau-du-deck\/","url":"https:\/\/freemove.fr\/fr\/produit\/kit-de-niveau-du-deck\/","name":"RE-HAUSSEUR DE DECK - Boutique Freemove","isPartOf":{"@id":"https:\/\/freemove.fr\/en\/#website"},"primaryImageOfPage":{"@id":"https:\/\/freemove.fr\/fr\/produit\/kit-de-niveau-du-deck\/#primaryimage"},"image":{"@id":"https:\/\/freemove.fr\/fr\/produit\/kit-de-niveau-du-deck\/#primaryimage"},"thumbnailUrl":"https:\/\/freemove.fr\/wp-content\/uploads\/2021\/08\/Lift-Kit-Brut.jpg","datePublished":"2021-08-04T19:44:57+00:00","dateModified":"2026-01-16T14:45:37+00:00","breadcrumb":{"@id":"https:\/\/freemove.fr\/fr\/produit\/kit-de-niveau-du-deck\/#breadcrumb"},"inLanguage":"fr-FR","potentialAction":[{"@type":"ReadAction","target":["https:\/\/freemove.fr\/fr\/produit\/kit-de-niveau-du-deck\/"]}]},{"@type":"ImageObject","inLanguage":"fr-FR","@id":"https:\/\/freemove.fr\/fr\/produit\/kit-de-niveau-du-deck\/#primaryimage","url":"https:\/\/freemove.fr\/wp-content\/uploads\/2021\/08\/Lift-Kit-Brut.jpg","contentUrl":"https:\/\/freemove.fr\/wp-content\/uploads\/2021\/08\/Lift-Kit-Brut.jpg","width":1440,"height":1080},{"@type":"BreadcrumbList","@id":"https:\/\/freemove.fr\/fr\/produit\/kit-de-niveau-du-deck\/#breadcrumb","itemListElement":[{"@type":"ListItem","position":1,"name":"Accueil","item":"https:\/\/freemove.fr\/fr\/"},{"@type":"ListItem","position":2,"name":"Boutique","item":"https:\/\/freemove.fr\/fr\/boutique\/"},{"@type":"ListItem","position":3,"name":"RE-HAUSSEUR DE DECK"}]},{"@type":"WebSite","@id":"https:\/\/freemove.fr\/en\/#website","url":"https:\/\/freemove.fr\/en\/","name":"Freemove la Glisse \u00c9lectrique pour tous","description":"Onewheel - Visites guid\u00e9es en Segway \u00e0 Amboise","publisher":{"@id":"https:\/\/freemove.fr\/en\/#organization"},"potentialAction":[{"@type":"SearchAction","target":{"@type":"EntryPoint","urlTemplate":"https:\/\/freemove.fr\/en\/?s={search_term_string}"},"query-input":{"@type":"PropertyValueSpecification","valueRequired":true,"valueName":"search_term_string"}}],"inLanguage":"fr-FR"},{"@type":"Organization","@id":"https:\/\/freemove.fr\/en\/#organization","name":"Freemove","url":"https:\/\/freemove.fr\/en\/","logo":{"@type":"ImageObject","inLanguage":"fr-FR","@id":"https:\/\/freemove.fr\/en\/#\/schema\/logo\/image\/","url":"https:\/\/freemove.fr\/wp-content\/uploads\/2021\/06\/footer_logotype-1.svg","contentUrl":"https:\/\/freemove.fr\/wp-content\/uploads\/2021\/06\/footer_logotype-1.svg","width":163,"height":45,"caption":"Freemove"},"image":{"@id":"https:\/\/freemove.fr\/en\/#\/schema\/logo\/image\/"}}]}},"_links":{"self":[{"href":"https:\/\/freemove.fr\/fr\/wp-json\/wp\/v2\/product\/9122","targetHints":{"allow":["GET"]}}],"collection":[{"href":"https:\/\/freemove.fr\/fr\/wp-json\/wp\/v2\/product"}],"about":[{"href":"https:\/\/freemove.fr\/fr\/wp-json\/wp\/v2\/types\/product"}],"replies":[{"embeddable":true,"href":"https:\/\/freemove.fr\/fr\/wp-json\/wp\/v2\/comments?post=9122"}],"wp:featuredmedia":[{"embeddable":true,"href":"https:\/\/freemove.fr\/fr\/wp-json\/wp\/v2\/media\/9126"}],"wp:attachment":[{"href":"https:\/\/freemove.fr\/fr\/wp-json\/wp\/v2\/media?parent=9122"}],"wp:term":[{"taxonomy":"product_brand","embeddable":true,"href":"https:\/\/freemove.fr\/fr\/wp-json\/wp\/v2\/product_brand?post=9122"},{"taxonomy":"product_cat","embeddable":true,"href":"https:\/\/freemove.fr\/fr\/wp-json\/wp\/v2\/product_cat?post=9122"},{"taxonomy":"product_tag","embeddable":true,"href":"https:\/\/freemove.fr\/fr\/wp-json\/wp\/v2\/product_tag?post=9122"}],"curies":[{"name":"wp","href":"https:\/\/api.w.org\/{rel}","templated":true}]}}