


























{"id":8712,"date":"2021-07-14T00:51:11","date_gmt":"2021-07-13T22:51:11","guid":{"rendered":"https:\/\/freemove.fr\/?post_type=product&#038;p=8712"},"modified":"2025-04-04T17:34:34","modified_gmt":"2025-04-04T15:34:34","slug":"poignee-de-transport-silverhandle","status":"publish","type":"product","link":"https:\/\/freemove.fr\/fr\/produit\/poignee-de-transport-silverhandle\/","title":{"rendered":"POIGN\u00c9E DE TRANSPORT SILVERHANDLE"},"content":{"rendered":"<p>Con\u00e7ue en alluminium inoxydable, cette poign\u00e9e de transport haute-qualit\u00e9 a \u00e9t\u00e9 con\u00e7ue et faconn\u00e9e \u00e0 la main par l&rsquo;Am\u00e9ricain Greg DiGenti.<br \/>\nIntelligemment pens\u00e9e, artisanale et <strong>ergonomique<\/strong>, elle permet de porter votre Onewheel \u00e0 l&rsquo;horizontale et de <strong>r\u00e9duire consid\u00e9rablement les efforts<\/strong> !<\/p>\n<p>Il ne faut pas plus de <strong>10 secondes pour l&rsquo;installer ou la retirer<\/strong>\u00a0gr\u00e2ce \u00e0 son syst\u00eame de <strong>velcros ultra-r\u00e9sistants<\/strong> et son gabarit de centrage !<\/p>\n","protected":false},"excerpt":{"rendered":"<h3>FINIE LA GAL\u00c8RE DU PORTAGE !<\/h3>\n","protected":false},"featured_media":7396,"comment_status":"closed","ping_status":"closed","template":"","meta":{"inline_featured_image":false},"product_brand":[],"product_cat":[298],"product_tag":[664],"class_list":{"0":"post-8712","1":"product","2":"type-product","3":"status-publish","4":"has-post-thumbnail","6":"product_cat-accessoires-onewheel-xr","7":"product_tag-transport","8":"pa_couleur-bleu","9":"pa_couleur-bleu-noir","10":"pa_couleur-noir","11":"pa_couleur-rose","12":"pa_couleur-rouge","13":"pa_couleur-rouge-noir","14":"entry","15":"has-media","17":"first","18":"instock","19":"taxable","20":"shipping-taxable","21":"purchasable","22":"product-type-variable"},"acf":[],"yoast_head":"<!-- This site is optimized with the Yoast SEO plugin v24.9 - https:\/\/yoast.com\/wordpress\/plugins\/seo\/ -->\n<title>POIGN\u00c9E DE TRANSPORT SILVERHANDLE - Boutique Freemove<\/title>\n<meta name=\"robots\" content=\"index, follow, max-snippet:-1, max-image-preview:large, max-video-preview:-1\" \/>\n<link rel=\"canonical\" href=\"https:\/\/freemove.fr\/fr\/produit\/poignee-de-transport-silverhandle\/\" \/>\n<meta property=\"og:locale\" content=\"fr_FR\" \/>\n<meta property=\"og:type\" content=\"article\" \/>\n<meta property=\"og:title\" content=\"POIGN\u00c9E DE TRANSPORT SILVERHANDLE - Boutique Freemove\" \/>\n<meta property=\"og:description\" content=\"FINIE LA GAL\u00c8RE DU PORTAGE !\" \/>\n<meta property=\"og:url\" content=\"https:\/\/freemove.fr\/fr\/produit\/poignee-de-transport-silverhandle\/\" \/>\n<meta property=\"og:site_name\" content=\"Freemove la Glisse \u00c9lectrique pour tous\" \/>\n<meta property=\"article:modified_time\" content=\"2025-04-04T15:34:34+00:00\" \/>\n<meta property=\"og:image\" content=\"https:\/\/freemove.fr\/wp-content\/uploads\/2021\/07\/SilverHandle-Noir.jpg\" \/>\n\t<meta property=\"og:image:width\" content=\"1440\" \/>\n\t<meta property=\"og:image:height\" content=\"1080\" \/>\n\t<meta property=\"og:image:type\" content=\"image\/jpeg\" \/>\n<meta name=\"twitter:card\" content=\"summary_large_image\" \/>\n<meta name=\"twitter:label1\" content=\"Dur\u00e9e de lecture estim\u00e9e\" \/>\n\t<meta name=\"twitter:data1\" content=\"1 minute\" \/>\n<script type=\"application\/ld+json\" class=\"yoast-schema-graph\">{\"@context\":\"https:\/\/schema.org\",\"@graph\":[{\"@type\":\"WebPage\",\"@id\":\"https:\/\/freemove.fr\/fr\/produit\/poignee-de-transport-silverhandle\/\",\"url\":\"https:\/\/freemove.fr\/fr\/produit\/poignee-de-transport-silverhandle\/\",\"name\":\"POIGN\u00c9E DE TRANSPORT SILVERHANDLE - Boutique Freemove\",\"isPartOf\":{\"@id\":\"https:\/\/freemove.fr\/en\/#website\"},\"primaryImageOfPage\":{\"@id\":\"https:\/\/freemove.fr\/fr\/produit\/poignee-de-transport-silverhandle\/#primaryimage\"},\"image\":{\"@id\":\"https:\/\/freemove.fr\/fr\/produit\/poignee-de-transport-silverhandle\/#primaryimage\"},\"thumbnailUrl\":\"https:\/\/freemove.fr\/wp-content\/uploads\/2021\/07\/SilverHandle-Noir.jpg\",\"datePublished\":\"2021-07-13T22:51:11+00:00\",\"dateModified\":\"2025-04-04T15:34:34+00:00\",\"breadcrumb\":{\"@id\":\"https:\/\/freemove.fr\/fr\/produit\/poignee-de-transport-silverhandle\/#breadcrumb\"},\"inLanguage\":\"fr-FR\",\"potentialAction\":[{\"@type\":\"ReadAction\",\"target\":[\"https:\/\/freemove.fr\/fr\/produit\/poignee-de-transport-silverhandle\/\"]}]},{\"@type\":\"ImageObject\",\"inLanguage\":\"fr-FR\",\"@id\":\"https:\/\/freemove.fr\/fr\/produit\/poignee-de-transport-silverhandle\/#primaryimage\",\"url\":\"https:\/\/freemove.fr\/wp-content\/uploads\/2021\/07\/SilverHandle-Noir.jpg\",\"contentUrl\":\"https:\/\/freemove.fr\/wp-content\/uploads\/2021\/07\/SilverHandle-Noir.jpg\",\"width\":1440,\"height\":1080},{\"@type\":\"BreadcrumbList\",\"@id\":\"https:\/\/freemove.fr\/fr\/produit\/poignee-de-transport-silverhandle\/#breadcrumb\",\"itemListElement\":[{\"@type\":\"ListItem\",\"position\":1,\"name\":\"Accueil\",\"item\":\"https:\/\/freemove.fr\/fr\/\"},{\"@type\":\"ListItem\",\"position\":2,\"name\":\"Boutique\",\"item\":\"https:\/\/freemove.fr\/fr\/boutique\/\"},{\"@type\":\"ListItem\",\"position\":3,\"name\":\"POIGN\u00c9E DE TRANSPORT SILVERHANDLE\"}]},{\"@type\":\"WebSite\",\"@id\":\"https:\/\/freemove.fr\/en\/#website\",\"url\":\"https:\/\/freemove.fr\/en\/\",\"name\":\"Freemove la Glisse \u00c9lectrique pour tous\",\"description\":\"Onewheel - Visites guid\u00e9es en Segway \u00e0 Amboise\",\"publisher\":{\"@id\":\"https:\/\/freemove.fr\/en\/#organization\"},\"potentialAction\":[{\"@type\":\"SearchAction\",\"target\":{\"@type\":\"EntryPoint\",\"urlTemplate\":\"https:\/\/freemove.fr\/en\/?s={search_term_string}\"},\"query-input\":{\"@type\":\"PropertyValueSpecification\",\"valueRequired\":true,\"valueName\":\"search_term_string\"}}],\"inLanguage\":\"fr-FR\"},{\"@type\":\"Organization\",\"@id\":\"https:\/\/freemove.fr\/en\/#organization\",\"name\":\"Freemove\",\"url\":\"https:\/\/freemove.fr\/en\/\",\"logo\":{\"@type\":\"ImageObject\",\"inLanguage\":\"fr-FR\",\"@id\":\"https:\/\/freemove.fr\/en\/#\/schema\/logo\/image\/\",\"url\":\"https:\/\/freemove.fr\/wp-content\/uploads\/2021\/06\/footer_logotype-1.svg\",\"contentUrl\":\"https:\/\/freemove.fr\/wp-content\/uploads\/2021\/06\/footer_logotype-1.svg\",\"width\":163,\"height\":45,\"caption\":\"Freemove\"},\"image\":{\"@id\":\"https:\/\/freemove.fr\/en\/#\/schema\/logo\/image\/\"}}]}<\/script>\n<!-- \/ Yoast SEO plugin. -->","yoast_head_json":{"title":"POIGN\u00c9E DE TRANSPORT SILVERHANDLE - Boutique Freemove","robots":{"index":"index","follow":"follow","max-snippet":"max-snippet:-1","max-image-preview":"max-image-preview:large","max-video-preview":"max-video-preview:-1"},"canonical":"https:\/\/freemove.fr\/fr\/produit\/poignee-de-transport-silverhandle\/","og_locale":"fr_FR","og_type":"article","og_title":"POIGN\u00c9E DE TRANSPORT SILVERHANDLE - Boutique Freemove","og_description":"FINIE LA GAL\u00c8RE DU PORTAGE !","og_url":"https:\/\/freemove.fr\/fr\/produit\/poignee-de-transport-silverhandle\/","og_site_name":"Freemove la Glisse \u00c9lectrique pour tous","article_modified_time":"2025-04-04T15:34:34+00:00","og_image":[{"width":1440,"height":1080,"url":"https:\/\/freemove.fr\/wp-content\/uploads\/2021\/07\/SilverHandle-Noir.jpg","type":"image\/jpeg"}],"twitter_card":"summary_large_image","twitter_misc":{"Dur\u00e9e de lecture estim\u00e9e":"1 minute"},"schema":{"@context":"https:\/\/schema.org","@graph":[{"@type":"WebPage","@id":"https:\/\/freemove.fr\/fr\/produit\/poignee-de-transport-silverhandle\/","url":"https:\/\/freemove.fr\/fr\/produit\/poignee-de-transport-silverhandle\/","name":"POIGN\u00c9E DE TRANSPORT SILVERHANDLE - Boutique Freemove","isPartOf":{"@id":"https:\/\/freemove.fr\/en\/#website"},"primaryImageOfPage":{"@id":"https:\/\/freemove.fr\/fr\/produit\/poignee-de-transport-silverhandle\/#primaryimage"},"image":{"@id":"https:\/\/freemove.fr\/fr\/produit\/poignee-de-transport-silverhandle\/#primaryimage"},"thumbnailUrl":"https:\/\/freemove.fr\/wp-content\/uploads\/2021\/07\/SilverHandle-Noir.jpg","datePublished":"2021-07-13T22:51:11+00:00","dateModified":"2025-04-04T15:34:34+00:00","breadcrumb":{"@id":"https:\/\/freemove.fr\/fr\/produit\/poignee-de-transport-silverhandle\/#breadcrumb"},"inLanguage":"fr-FR","potentialAction":[{"@type":"ReadAction","target":["https:\/\/freemove.fr\/fr\/produit\/poignee-de-transport-silverhandle\/"]}]},{"@type":"ImageObject","inLanguage":"fr-FR","@id":"https:\/\/freemove.fr\/fr\/produit\/poignee-de-transport-silverhandle\/#primaryimage","url":"https:\/\/freemove.fr\/wp-content\/uploads\/2021\/07\/SilverHandle-Noir.jpg","contentUrl":"https:\/\/freemove.fr\/wp-content\/uploads\/2021\/07\/SilverHandle-Noir.jpg","width":1440,"height":1080},{"@type":"BreadcrumbList","@id":"https:\/\/freemove.fr\/fr\/produit\/poignee-de-transport-silverhandle\/#breadcrumb","itemListElement":[{"@type":"ListItem","position":1,"name":"Accueil","item":"https:\/\/freemove.fr\/fr\/"},{"@type":"ListItem","position":2,"name":"Boutique","item":"https:\/\/freemove.fr\/fr\/boutique\/"},{"@type":"ListItem","position":3,"name":"POIGN\u00c9E DE TRANSPORT SILVERHANDLE"}]},{"@type":"WebSite","@id":"https:\/\/freemove.fr\/en\/#website","url":"https:\/\/freemove.fr\/en\/","name":"Freemove la Glisse \u00c9lectrique pour tous","description":"Onewheel - Visites guid\u00e9es en Segway \u00e0 Amboise","publisher":{"@id":"https:\/\/freemove.fr\/en\/#organization"},"potentialAction":[{"@type":"SearchAction","target":{"@type":"EntryPoint","urlTemplate":"https:\/\/freemove.fr\/en\/?s={search_term_string}"},"query-input":{"@type":"PropertyValueSpecification","valueRequired":true,"valueName":"search_term_string"}}],"inLanguage":"fr-FR"},{"@type":"Organization","@id":"https:\/\/freemove.fr\/en\/#organization","name":"Freemove","url":"https:\/\/freemove.fr\/en\/","logo":{"@type":"ImageObject","inLanguage":"fr-FR","@id":"https:\/\/freemove.fr\/en\/#\/schema\/logo\/image\/","url":"https:\/\/freemove.fr\/wp-content\/uploads\/2021\/06\/footer_logotype-1.svg","contentUrl":"https:\/\/freemove.fr\/wp-content\/uploads\/2021\/06\/footer_logotype-1.svg","width":163,"height":45,"caption":"Freemove"},"image":{"@id":"https:\/\/freemove.fr\/en\/#\/schema\/logo\/image\/"}}]}},"_links":{"self":[{"href":"https:\/\/freemove.fr\/fr\/wp-json\/wp\/v2\/product\/8712","targetHints":{"allow":["GET"]}}],"collection":[{"href":"https:\/\/freemove.fr\/fr\/wp-json\/wp\/v2\/product"}],"about":[{"href":"https:\/\/freemove.fr\/fr\/wp-json\/wp\/v2\/types\/product"}],"replies":[{"embeddable":true,"href":"https:\/\/freemove.fr\/fr\/wp-json\/wp\/v2\/comments?post=8712"}],"wp:featuredmedia":[{"embeddable":true,"href":"https:\/\/freemove.fr\/fr\/wp-json\/wp\/v2\/media\/7396"}],"wp:attachment":[{"href":"https:\/\/freemove.fr\/fr\/wp-json\/wp\/v2\/media?parent=8712"}],"wp:term":[{"taxonomy":"product_brand","embeddable":true,"href":"https:\/\/freemove.fr\/fr\/wp-json\/wp\/v2\/product_brand?post=8712"},{"taxonomy":"product_cat","embeddable":true,"href":"https:\/\/freemove.fr\/fr\/wp-json\/wp\/v2\/product_cat?post=8712"},{"taxonomy":"product_tag","embeddable":true,"href":"https:\/\/freemove.fr\/fr\/wp-json\/wp\/v2\/product_tag?post=8712"}],"curies":[{"name":"wp","href":"https:\/\/api.w.org\/{rel}","templated":true}]}}