


























{"id":8191,"date":"2021-07-12T20:08:00","date_gmt":"2021-07-12T18:08:00","guid":{"rendered":"https:\/\/freemove.fr\/?post_type=product&#038;p=8191"},"modified":"2025-12-21T11:39:24","modified_gmt":"2025-12-21T10:39:24","slug":"grip-haute-traction-pint","status":"publish","type":"product","link":"https:\/\/freemove.fr\/fr\/produit\/grip-haute-traction-pint\/","title":{"rendered":"GRIP HAUTE-TRACTION PINT"},"content":{"rendered":"<p>D\u00e9velopp\u00e9s par la soci\u00e9t\u00e9 am\u00e9ricaine\u00a0<strong>ProRideUSA<\/strong>, ces pads en\u00a0<strong>mousse\u00a0haute-densit\u00e9<\/strong>\u00a0sont ultra-confortables et\u00a0<strong>faciles \u00e0 installer<\/strong>\u00a0gr\u00e2ce a leur surface adh\u00e9sive 3M !<\/p>\n<p>Con\u00e7us pour offrir de\u00a0<strong>nouvelles sensations<\/strong>\u00a0de ride, que vous soyez chauss\u00e9 ou pieds nus, ils offrent une\u00a0<strong>accroche ferme mais non abrasive.<\/strong>\u00a0Le grip arri\u00e8re est\u00a0<strong>\u00e9quip\u00e9 d&rsquo;un\u00a0kick<\/strong>\u00a0pour caler au mieux votre pied\u00a0!<\/p>\n<p>Ces pads existent en\u00a0<strong>diff\u00e9rents coloris<\/strong>\u00a0et personnaliseront votre\u00a0<strong>Onewheel PINT<\/strong>\u00a0avec style !<\/p>\n<h4>\ud83d\udea6 <strong>Retrouvez <a href=\"https:\/\/freemove.fr\/2022\/04\/changez-vos-grip-onewheel-facilement\/\">ICI<\/a> notre tutoriel pour changer vos Grip facilement !<\/strong><\/h4>\n","protected":false},"excerpt":{"rendered":"<h3 class=\"node-produit-sous-titre\">PINT ULTRA-CONFORT !<\/h3>\n","protected":false},"featured_media":8218,"comment_status":"closed","ping_status":"closed","template":"","meta":{"inline_featured_image":false},"product_brand":[],"product_cat":[304],"product_tag":[654],"class_list":{"0":"post-8191","1":"product","2":"type-product","3":"status-publish","4":"has-post-thumbnail","6":"product_cat-accessoires-onewheel-pint","7":"product_tag-grips","8":"pa_couleur-bleu","9":"pa_couleur-checkers","10":"pa_couleur-diamond-bleu","11":"pa_couleur-diamond-noir","12":"pa_couleur-diamond-orange","13":"pa_couleur-diamond-rose","14":"pa_couleur-diamond-rouge","15":"pa_couleur-diamond-vert","16":"pa_couleur-noir","17":"pa_couleur-rasta","18":"pa_couleur-rising-sun-bleu","19":"pa_couleur-rising-sun-camo","20":"pa_couleur-rising-sun-orange","21":"pa_couleur-rising-sun-rouge","22":"pa_couleur-weave-blanc","23":"pa_couleur-weave-bleu","24":"pa_couleur-weave-jaune","25":"pa_couleur-weave-orange","26":"pa_couleur-weave-rouge","27":"pa_couleur-weave-vert","28":"entry","29":"has-media","31":"first","32":"instock","33":"taxable","34":"shipping-taxable","35":"purchasable","36":"product-type-variable"},"acf":[],"yoast_head":"<!-- This site is optimized with the Yoast SEO plugin v24.9 - https:\/\/yoast.com\/wordpress\/plugins\/seo\/ -->\n<title>GRIP HAUTE-TRACTION PINT - Boutique Freemove<\/title>\n<meta name=\"robots\" content=\"index, follow, max-snippet:-1, max-image-preview:large, max-video-preview:-1\" \/>\n<link rel=\"canonical\" href=\"https:\/\/freemove.fr\/fr\/produit\/grip-haute-traction-pint\/\" \/>\n<meta property=\"og:locale\" content=\"fr_FR\" \/>\n<meta property=\"og:type\" content=\"article\" \/>\n<meta property=\"og:title\" content=\"GRIP HAUTE-TRACTION PINT - Boutique Freemove\" \/>\n<meta property=\"og:description\" content=\"PINT ULTRA-CONFORT !\" \/>\n<meta property=\"og:url\" content=\"https:\/\/freemove.fr\/fr\/produit\/grip-haute-traction-pint\/\" \/>\n<meta property=\"og:site_name\" content=\"Freemove la Glisse \u00c9lectrique pour tous\" \/>\n<meta property=\"article:modified_time\" content=\"2025-12-21T10:39:24+00:00\" \/>\n<meta property=\"og:image\" content=\"https:\/\/freemove.fr\/wp-content\/uploads\/2021\/07\/Grip-Pint-Checkers.jpg\" \/>\n\t<meta property=\"og:image:width\" content=\"1440\" \/>\n\t<meta property=\"og:image:height\" content=\"1080\" \/>\n\t<meta property=\"og:image:type\" content=\"image\/jpeg\" \/>\n<meta name=\"twitter:card\" content=\"summary_large_image\" \/>\n<meta name=\"twitter:label1\" content=\"Dur\u00e9e de lecture estim\u00e9e\" \/>\n\t<meta name=\"twitter:data1\" content=\"1 minute\" \/>\n<script type=\"application\/ld+json\" class=\"yoast-schema-graph\">{\"@context\":\"https:\/\/schema.org\",\"@graph\":[{\"@type\":\"WebPage\",\"@id\":\"https:\/\/freemove.fr\/fr\/produit\/grip-haute-traction-pint\/\",\"url\":\"https:\/\/freemove.fr\/fr\/produit\/grip-haute-traction-pint\/\",\"name\":\"GRIP HAUTE-TRACTION PINT - Boutique Freemove\",\"isPartOf\":{\"@id\":\"https:\/\/freemove.fr\/en\/#website\"},\"primaryImageOfPage\":{\"@id\":\"https:\/\/freemove.fr\/fr\/produit\/grip-haute-traction-pint\/#primaryimage\"},\"image\":{\"@id\":\"https:\/\/freemove.fr\/fr\/produit\/grip-haute-traction-pint\/#primaryimage\"},\"thumbnailUrl\":\"https:\/\/freemove.fr\/wp-content\/uploads\/2021\/07\/Grip-Pint-Checkers.jpg\",\"datePublished\":\"2021-07-12T18:08:00+00:00\",\"dateModified\":\"2025-12-21T10:39:24+00:00\",\"breadcrumb\":{\"@id\":\"https:\/\/freemove.fr\/fr\/produit\/grip-haute-traction-pint\/#breadcrumb\"},\"inLanguage\":\"fr-FR\",\"potentialAction\":[{\"@type\":\"ReadAction\",\"target\":[\"https:\/\/freemove.fr\/fr\/produit\/grip-haute-traction-pint\/\"]}]},{\"@type\":\"ImageObject\",\"inLanguage\":\"fr-FR\",\"@id\":\"https:\/\/freemove.fr\/fr\/produit\/grip-haute-traction-pint\/#primaryimage\",\"url\":\"https:\/\/freemove.fr\/wp-content\/uploads\/2021\/07\/Grip-Pint-Checkers.jpg\",\"contentUrl\":\"https:\/\/freemove.fr\/wp-content\/uploads\/2021\/07\/Grip-Pint-Checkers.jpg\",\"width\":1440,\"height\":1080},{\"@type\":\"BreadcrumbList\",\"@id\":\"https:\/\/freemove.fr\/fr\/produit\/grip-haute-traction-pint\/#breadcrumb\",\"itemListElement\":[{\"@type\":\"ListItem\",\"position\":1,\"name\":\"Accueil\",\"item\":\"https:\/\/freemove.fr\/fr\/\"},{\"@type\":\"ListItem\",\"position\":2,\"name\":\"Boutique\",\"item\":\"https:\/\/freemove.fr\/fr\/boutique\/\"},{\"@type\":\"ListItem\",\"position\":3,\"name\":\"GRIP HAUTE-TRACTION PINT\"}]},{\"@type\":\"WebSite\",\"@id\":\"https:\/\/freemove.fr\/en\/#website\",\"url\":\"https:\/\/freemove.fr\/en\/\",\"name\":\"Freemove la Glisse \u00c9lectrique pour tous\",\"description\":\"Onewheel - Visites guid\u00e9es en Segway \u00e0 Amboise\",\"publisher\":{\"@id\":\"https:\/\/freemove.fr\/en\/#organization\"},\"potentialAction\":[{\"@type\":\"SearchAction\",\"target\":{\"@type\":\"EntryPoint\",\"urlTemplate\":\"https:\/\/freemove.fr\/en\/?s={search_term_string}\"},\"query-input\":{\"@type\":\"PropertyValueSpecification\",\"valueRequired\":true,\"valueName\":\"search_term_string\"}}],\"inLanguage\":\"fr-FR\"},{\"@type\":\"Organization\",\"@id\":\"https:\/\/freemove.fr\/en\/#organization\",\"name\":\"Freemove\",\"url\":\"https:\/\/freemove.fr\/en\/\",\"logo\":{\"@type\":\"ImageObject\",\"inLanguage\":\"fr-FR\",\"@id\":\"https:\/\/freemove.fr\/en\/#\/schema\/logo\/image\/\",\"url\":\"https:\/\/freemove.fr\/wp-content\/uploads\/2021\/06\/footer_logotype-1.svg\",\"contentUrl\":\"https:\/\/freemove.fr\/wp-content\/uploads\/2021\/06\/footer_logotype-1.svg\",\"width\":163,\"height\":45,\"caption\":\"Freemove\"},\"image\":{\"@id\":\"https:\/\/freemove.fr\/en\/#\/schema\/logo\/image\/\"}}]}<\/script>\n<!-- \/ Yoast SEO plugin. -->","yoast_head_json":{"title":"GRIP HAUTE-TRACTION PINT - Boutique Freemove","robots":{"index":"index","follow":"follow","max-snippet":"max-snippet:-1","max-image-preview":"max-image-preview:large","max-video-preview":"max-video-preview:-1"},"canonical":"https:\/\/freemove.fr\/fr\/produit\/grip-haute-traction-pint\/","og_locale":"fr_FR","og_type":"article","og_title":"GRIP HAUTE-TRACTION PINT - Boutique Freemove","og_description":"PINT ULTRA-CONFORT !","og_url":"https:\/\/freemove.fr\/fr\/produit\/grip-haute-traction-pint\/","og_site_name":"Freemove la Glisse \u00c9lectrique pour tous","article_modified_time":"2025-12-21T10:39:24+00:00","og_image":[{"width":1440,"height":1080,"url":"https:\/\/freemove.fr\/wp-content\/uploads\/2021\/07\/Grip-Pint-Checkers.jpg","type":"image\/jpeg"}],"twitter_card":"summary_large_image","twitter_misc":{"Dur\u00e9e de lecture estim\u00e9e":"1 minute"},"schema":{"@context":"https:\/\/schema.org","@graph":[{"@type":"WebPage","@id":"https:\/\/freemove.fr\/fr\/produit\/grip-haute-traction-pint\/","url":"https:\/\/freemove.fr\/fr\/produit\/grip-haute-traction-pint\/","name":"GRIP HAUTE-TRACTION PINT - Boutique Freemove","isPartOf":{"@id":"https:\/\/freemove.fr\/en\/#website"},"primaryImageOfPage":{"@id":"https:\/\/freemove.fr\/fr\/produit\/grip-haute-traction-pint\/#primaryimage"},"image":{"@id":"https:\/\/freemove.fr\/fr\/produit\/grip-haute-traction-pint\/#primaryimage"},"thumbnailUrl":"https:\/\/freemove.fr\/wp-content\/uploads\/2021\/07\/Grip-Pint-Checkers.jpg","datePublished":"2021-07-12T18:08:00+00:00","dateModified":"2025-12-21T10:39:24+00:00","breadcrumb":{"@id":"https:\/\/freemove.fr\/fr\/produit\/grip-haute-traction-pint\/#breadcrumb"},"inLanguage":"fr-FR","potentialAction":[{"@type":"ReadAction","target":["https:\/\/freemove.fr\/fr\/produit\/grip-haute-traction-pint\/"]}]},{"@type":"ImageObject","inLanguage":"fr-FR","@id":"https:\/\/freemove.fr\/fr\/produit\/grip-haute-traction-pint\/#primaryimage","url":"https:\/\/freemove.fr\/wp-content\/uploads\/2021\/07\/Grip-Pint-Checkers.jpg","contentUrl":"https:\/\/freemove.fr\/wp-content\/uploads\/2021\/07\/Grip-Pint-Checkers.jpg","width":1440,"height":1080},{"@type":"BreadcrumbList","@id":"https:\/\/freemove.fr\/fr\/produit\/grip-haute-traction-pint\/#breadcrumb","itemListElement":[{"@type":"ListItem","position":1,"name":"Accueil","item":"https:\/\/freemove.fr\/fr\/"},{"@type":"ListItem","position":2,"name":"Boutique","item":"https:\/\/freemove.fr\/fr\/boutique\/"},{"@type":"ListItem","position":3,"name":"GRIP HAUTE-TRACTION PINT"}]},{"@type":"WebSite","@id":"https:\/\/freemove.fr\/en\/#website","url":"https:\/\/freemove.fr\/en\/","name":"Freemove la Glisse \u00c9lectrique pour tous","description":"Onewheel - Visites guid\u00e9es en Segway \u00e0 Amboise","publisher":{"@id":"https:\/\/freemove.fr\/en\/#organization"},"potentialAction":[{"@type":"SearchAction","target":{"@type":"EntryPoint","urlTemplate":"https:\/\/freemove.fr\/en\/?s={search_term_string}"},"query-input":{"@type":"PropertyValueSpecification","valueRequired":true,"valueName":"search_term_string"}}],"inLanguage":"fr-FR"},{"@type":"Organization","@id":"https:\/\/freemove.fr\/en\/#organization","name":"Freemove","url":"https:\/\/freemove.fr\/en\/","logo":{"@type":"ImageObject","inLanguage":"fr-FR","@id":"https:\/\/freemove.fr\/en\/#\/schema\/logo\/image\/","url":"https:\/\/freemove.fr\/wp-content\/uploads\/2021\/06\/footer_logotype-1.svg","contentUrl":"https:\/\/freemove.fr\/wp-content\/uploads\/2021\/06\/footer_logotype-1.svg","width":163,"height":45,"caption":"Freemove"},"image":{"@id":"https:\/\/freemove.fr\/en\/#\/schema\/logo\/image\/"}}]}},"_links":{"self":[{"href":"https:\/\/freemove.fr\/fr\/wp-json\/wp\/v2\/product\/8191","targetHints":{"allow":["GET"]}}],"collection":[{"href":"https:\/\/freemove.fr\/fr\/wp-json\/wp\/v2\/product"}],"about":[{"href":"https:\/\/freemove.fr\/fr\/wp-json\/wp\/v2\/types\/product"}],"replies":[{"embeddable":true,"href":"https:\/\/freemove.fr\/fr\/wp-json\/wp\/v2\/comments?post=8191"}],"wp:featuredmedia":[{"embeddable":true,"href":"https:\/\/freemove.fr\/fr\/wp-json\/wp\/v2\/media\/8218"}],"wp:attachment":[{"href":"https:\/\/freemove.fr\/fr\/wp-json\/wp\/v2\/media?parent=8191"}],"wp:term":[{"taxonomy":"product_brand","embeddable":true,"href":"https:\/\/freemove.fr\/fr\/wp-json\/wp\/v2\/product_brand?post=8191"},{"taxonomy":"product_cat","embeddable":true,"href":"https:\/\/freemove.fr\/fr\/wp-json\/wp\/v2\/product_cat?post=8191"},{"taxonomy":"product_tag","embeddable":true,"href":"https:\/\/freemove.fr\/fr\/wp-json\/wp\/v2\/product_tag?post=8191"}],"curies":[{"name":"wp","href":"https:\/\/api.w.org\/{rel}","templated":true}]}}