


























{"id":8138,"date":"2021-07-09T21:13:33","date_gmt":"2021-07-09T19:13:33","guid":{"rendered":"https:\/\/freemove.fr\/?post_type=product&#038;p=8138"},"modified":"2025-03-26T09:51:10","modified_gmt":"2025-03-26T08:51:10","slug":"chargeur-rapide-modulable-xr","status":"publish","type":"product","link":"https:\/\/freemove.fr\/fr\/produit\/chargeur-rapide-modulable-xr\/","title":{"rendered":"CHARGEUR RAPIDE MODULABLE XR"},"content":{"rendered":"<p>Ce\u00a0<strong>chargeur rapide \u00e0 puissance variable<\/strong>\u00a0d\u00e9velopp\u00e9 par la soci\u00e9t\u00e9 am\u00e9ricane\u00a0<strong>ChibatterySystems<\/strong>\u00a0vous offre une grande flexibilit\u00e9 dans un\u00a0<strong>bo\u00eetier\u00a0compact\u00a0et simple d&rsquo;utilisation\u00a0<\/strong>! C&rsquo;est le chargeur tout-en-un le plus robuste du march\u00e9 pour votre Onewheel XR !<\/p>\n<p><strong>Vous avez besoin d&rsquo;une charge rapide\u00a0lorsque vous \u00eates en ville ?<\/strong>\u00a0Augmentez la\u00a0puissance pour obtenir le jus dont vous avez besoin.<br \/>\n<strong>Vous \u00eates \u00e0 la maison pour la nuit ?\u00a0<\/strong>Diminuez la puissance pour une charge lente et saine pour votre batterie. Les possibilit\u00e9s sont infinies !<\/p>\n<ul>\n<li>5 modes de charge &#8211; 2 amp\u00e8res, 4 amp\u00e8res, 5 amp\u00e8res, 6 amp\u00e8res et 8 amp\u00e8res<\/li>\n<li>R\u00e9glage de l&rsquo;objectif de charge &#8211; 80 %, 90 %, 100 % (lorsqu&rsquo;il est r\u00e9gl\u00e9 sur 80 ou 90, le chargeur ne s&rsquo;arr\u00eate pas, mais r\u00e9duit son d\u00e9bit et vous avertit).<\/li>\n<li>Refroidissement actif.<\/li>\n<li>Construit pour une durabilit\u00e9 maximale.<\/li>\n<li>Peut charger plus rapidement que les autres chargeurs rapides !<\/li>\n<li>Broche de mise \u00e0 la terre sur la prise de courant (plus s\u00fbr que sans mise \u00e0 la terre).<\/li>\n<\/ul>\n<p>\u26a0\ufe0f\u00a0<strong>Branchez le chargeur des deux c\u00f4t\u00e9s avant de l&rsquo;allumer. \u00c9teignez le chargeur avant de le d\u00e9brancher.\u00a0Toute autre m\u00e9thode peut entra\u00eener une d\u00e9gradation pr\u00e9coce de la prise en raison de l&rsquo;arc de charge.\u00a0L&rsquo;utilisation de n&rsquo;importe quel chargeur rapide sur votre Onewheel d\u00e9gradera votre batterie plus rapidement. Gardez cela \u00e0 l&rsquo;esprit lorsque vous utilisez les options de charge rapide.<\/strong>\u00a0\u26a0\ufe0f<\/p>\n<ul>\n<li><em>Dimensions : 23cm x 57cm x 9cm<\/em><\/li>\n<li><em>Poids : 1,25kg<\/em><\/li>\n<li><em>110V\/220V<\/em><\/li>\n<li><em>Ce chargeur est livr\u00e9 avec une prise de courant Europ\u00e9enne fournie par nos soins.<\/em><\/li>\n<\/ul>\n","protected":false},"excerpt":{"rendered":"<h3 class=\"node-produit-sous-titre\">CHARGEZ SELON VOS BESOINS !<\/h3>\n","protected":false},"featured_media":5203,"comment_status":"closed","ping_status":"closed","template":"","meta":{"inline_featured_image":false},"product_brand":[],"product_cat":[298],"product_tag":[564,646],"class_list":{"0":"post-8138","1":"product","2":"type-product","3":"status-publish","4":"has-post-thumbnail","6":"product_cat-accessoires-onewheel-xr","7":"product_tag-batteries","8":"product_tag-chargeurs","9":"entry","10":"has-media","12":"first","13":"outofstock","14":"sale","15":"taxable","16":"shipping-taxable","17":"purchasable","18":"product-type-simple"},"acf":[],"yoast_head":"<!-- This site is optimized with the Yoast SEO plugin v24.9 - https:\/\/yoast.com\/wordpress\/plugins\/seo\/ -->\n<title>CHARGEUR RAPIDE MODULABLE XR - Boutique Freemove<\/title>\n<meta name=\"robots\" content=\"index, follow, max-snippet:-1, max-image-preview:large, max-video-preview:-1\" \/>\n<link rel=\"canonical\" href=\"https:\/\/freemove.fr\/fr\/produit\/chargeur-rapide-modulable-xr\/\" \/>\n<meta property=\"og:locale\" content=\"fr_FR\" \/>\n<meta property=\"og:type\" content=\"article\" \/>\n<meta property=\"og:title\" content=\"CHARGEUR RAPIDE MODULABLE XR - Boutique Freemove\" \/>\n<meta property=\"og:description\" content=\"CHARGEZ SELON VOS BESOINS !\" \/>\n<meta property=\"og:url\" content=\"https:\/\/freemove.fr\/fr\/produit\/chargeur-rapide-modulable-xr\/\" \/>\n<meta property=\"og:site_name\" content=\"Freemove la Glisse \u00c9lectrique pour tous\" \/>\n<meta property=\"article:modified_time\" content=\"2025-03-26T08:51:10+00:00\" \/>\n<meta property=\"og:image\" content=\"https:\/\/freemove.fr\/wp-content\/uploads\/2021\/06\/xr_rapid_charger.jpg\" \/>\n\t<meta property=\"og:image:width\" content=\"1440\" \/>\n\t<meta property=\"og:image:height\" content=\"1080\" \/>\n\t<meta property=\"og:image:type\" content=\"image\/jpeg\" \/>\n<meta name=\"twitter:card\" content=\"summary_large_image\" \/>\n<meta name=\"twitter:label1\" content=\"Dur\u00e9e de lecture estim\u00e9e\" \/>\n\t<meta name=\"twitter:data1\" content=\"2 minutes\" \/>\n<script type=\"application\/ld+json\" class=\"yoast-schema-graph\">{\"@context\":\"https:\/\/schema.org\",\"@graph\":[{\"@type\":\"WebPage\",\"@id\":\"https:\/\/freemove.fr\/fr\/produit\/chargeur-rapide-modulable-xr\/\",\"url\":\"https:\/\/freemove.fr\/fr\/produit\/chargeur-rapide-modulable-xr\/\",\"name\":\"CHARGEUR RAPIDE MODULABLE XR - Boutique Freemove\",\"isPartOf\":{\"@id\":\"https:\/\/freemove.fr\/en\/#website\"},\"primaryImageOfPage\":{\"@id\":\"https:\/\/freemove.fr\/fr\/produit\/chargeur-rapide-modulable-xr\/#primaryimage\"},\"image\":{\"@id\":\"https:\/\/freemove.fr\/fr\/produit\/chargeur-rapide-modulable-xr\/#primaryimage\"},\"thumbnailUrl\":\"https:\/\/freemove.fr\/wp-content\/uploads\/2021\/06\/xr_rapid_charger.jpg\",\"datePublished\":\"2021-07-09T19:13:33+00:00\",\"dateModified\":\"2025-03-26T08:51:10+00:00\",\"breadcrumb\":{\"@id\":\"https:\/\/freemove.fr\/fr\/produit\/chargeur-rapide-modulable-xr\/#breadcrumb\"},\"inLanguage\":\"fr-FR\",\"potentialAction\":[{\"@type\":\"ReadAction\",\"target\":[\"https:\/\/freemove.fr\/fr\/produit\/chargeur-rapide-modulable-xr\/\"]}]},{\"@type\":\"ImageObject\",\"inLanguage\":\"fr-FR\",\"@id\":\"https:\/\/freemove.fr\/fr\/produit\/chargeur-rapide-modulable-xr\/#primaryimage\",\"url\":\"https:\/\/freemove.fr\/wp-content\/uploads\/2021\/06\/xr_rapid_charger.jpg\",\"contentUrl\":\"https:\/\/freemove.fr\/wp-content\/uploads\/2021\/06\/xr_rapid_charger.jpg\",\"width\":1440,\"height\":1080},{\"@type\":\"BreadcrumbList\",\"@id\":\"https:\/\/freemove.fr\/fr\/produit\/chargeur-rapide-modulable-xr\/#breadcrumb\",\"itemListElement\":[{\"@type\":\"ListItem\",\"position\":1,\"name\":\"Accueil\",\"item\":\"https:\/\/freemove.fr\/fr\/\"},{\"@type\":\"ListItem\",\"position\":2,\"name\":\"Boutique\",\"item\":\"https:\/\/freemove.fr\/fr\/boutique\/\"},{\"@type\":\"ListItem\",\"position\":3,\"name\":\"CHARGEUR RAPIDE MODULABLE XR\"}]},{\"@type\":\"WebSite\",\"@id\":\"https:\/\/freemove.fr\/en\/#website\",\"url\":\"https:\/\/freemove.fr\/en\/\",\"name\":\"Freemove la Glisse \u00c9lectrique pour tous\",\"description\":\"Onewheel - Visites guid\u00e9es en Segway \u00e0 Amboise\",\"publisher\":{\"@id\":\"https:\/\/freemove.fr\/en\/#organization\"},\"potentialAction\":[{\"@type\":\"SearchAction\",\"target\":{\"@type\":\"EntryPoint\",\"urlTemplate\":\"https:\/\/freemove.fr\/en\/?s={search_term_string}\"},\"query-input\":{\"@type\":\"PropertyValueSpecification\",\"valueRequired\":true,\"valueName\":\"search_term_string\"}}],\"inLanguage\":\"fr-FR\"},{\"@type\":\"Organization\",\"@id\":\"https:\/\/freemove.fr\/en\/#organization\",\"name\":\"Freemove\",\"url\":\"https:\/\/freemove.fr\/en\/\",\"logo\":{\"@type\":\"ImageObject\",\"inLanguage\":\"fr-FR\",\"@id\":\"https:\/\/freemove.fr\/en\/#\/schema\/logo\/image\/\",\"url\":\"https:\/\/freemove.fr\/wp-content\/uploads\/2021\/06\/footer_logotype-1.svg\",\"contentUrl\":\"https:\/\/freemove.fr\/wp-content\/uploads\/2021\/06\/footer_logotype-1.svg\",\"width\":163,\"height\":45,\"caption\":\"Freemove\"},\"image\":{\"@id\":\"https:\/\/freemove.fr\/en\/#\/schema\/logo\/image\/\"}}]}<\/script>\n<!-- \/ Yoast SEO plugin. -->","yoast_head_json":{"title":"CHARGEUR RAPIDE MODULABLE XR - Boutique Freemove","robots":{"index":"index","follow":"follow","max-snippet":"max-snippet:-1","max-image-preview":"max-image-preview:large","max-video-preview":"max-video-preview:-1"},"canonical":"https:\/\/freemove.fr\/fr\/produit\/chargeur-rapide-modulable-xr\/","og_locale":"fr_FR","og_type":"article","og_title":"CHARGEUR RAPIDE MODULABLE XR - Boutique Freemove","og_description":"CHARGEZ SELON VOS BESOINS !","og_url":"https:\/\/freemove.fr\/fr\/produit\/chargeur-rapide-modulable-xr\/","og_site_name":"Freemove la Glisse \u00c9lectrique pour tous","article_modified_time":"2025-03-26T08:51:10+00:00","og_image":[{"width":1440,"height":1080,"url":"https:\/\/freemove.fr\/wp-content\/uploads\/2021\/06\/xr_rapid_charger.jpg","type":"image\/jpeg"}],"twitter_card":"summary_large_image","twitter_misc":{"Dur\u00e9e de lecture estim\u00e9e":"2 minutes"},"schema":{"@context":"https:\/\/schema.org","@graph":[{"@type":"WebPage","@id":"https:\/\/freemove.fr\/fr\/produit\/chargeur-rapide-modulable-xr\/","url":"https:\/\/freemove.fr\/fr\/produit\/chargeur-rapide-modulable-xr\/","name":"CHARGEUR RAPIDE MODULABLE XR - Boutique Freemove","isPartOf":{"@id":"https:\/\/freemove.fr\/en\/#website"},"primaryImageOfPage":{"@id":"https:\/\/freemove.fr\/fr\/produit\/chargeur-rapide-modulable-xr\/#primaryimage"},"image":{"@id":"https:\/\/freemove.fr\/fr\/produit\/chargeur-rapide-modulable-xr\/#primaryimage"},"thumbnailUrl":"https:\/\/freemove.fr\/wp-content\/uploads\/2021\/06\/xr_rapid_charger.jpg","datePublished":"2021-07-09T19:13:33+00:00","dateModified":"2025-03-26T08:51:10+00:00","breadcrumb":{"@id":"https:\/\/freemove.fr\/fr\/produit\/chargeur-rapide-modulable-xr\/#breadcrumb"},"inLanguage":"fr-FR","potentialAction":[{"@type":"ReadAction","target":["https:\/\/freemove.fr\/fr\/produit\/chargeur-rapide-modulable-xr\/"]}]},{"@type":"ImageObject","inLanguage":"fr-FR","@id":"https:\/\/freemove.fr\/fr\/produit\/chargeur-rapide-modulable-xr\/#primaryimage","url":"https:\/\/freemove.fr\/wp-content\/uploads\/2021\/06\/xr_rapid_charger.jpg","contentUrl":"https:\/\/freemove.fr\/wp-content\/uploads\/2021\/06\/xr_rapid_charger.jpg","width":1440,"height":1080},{"@type":"BreadcrumbList","@id":"https:\/\/freemove.fr\/fr\/produit\/chargeur-rapide-modulable-xr\/#breadcrumb","itemListElement":[{"@type":"ListItem","position":1,"name":"Accueil","item":"https:\/\/freemove.fr\/fr\/"},{"@type":"ListItem","position":2,"name":"Boutique","item":"https:\/\/freemove.fr\/fr\/boutique\/"},{"@type":"ListItem","position":3,"name":"CHARGEUR RAPIDE MODULABLE XR"}]},{"@type":"WebSite","@id":"https:\/\/freemove.fr\/en\/#website","url":"https:\/\/freemove.fr\/en\/","name":"Freemove la Glisse \u00c9lectrique pour tous","description":"Onewheel - Visites guid\u00e9es en Segway \u00e0 Amboise","publisher":{"@id":"https:\/\/freemove.fr\/en\/#organization"},"potentialAction":[{"@type":"SearchAction","target":{"@type":"EntryPoint","urlTemplate":"https:\/\/freemove.fr\/en\/?s={search_term_string}"},"query-input":{"@type":"PropertyValueSpecification","valueRequired":true,"valueName":"search_term_string"}}],"inLanguage":"fr-FR"},{"@type":"Organization","@id":"https:\/\/freemove.fr\/en\/#organization","name":"Freemove","url":"https:\/\/freemove.fr\/en\/","logo":{"@type":"ImageObject","inLanguage":"fr-FR","@id":"https:\/\/freemove.fr\/en\/#\/schema\/logo\/image\/","url":"https:\/\/freemove.fr\/wp-content\/uploads\/2021\/06\/footer_logotype-1.svg","contentUrl":"https:\/\/freemove.fr\/wp-content\/uploads\/2021\/06\/footer_logotype-1.svg","width":163,"height":45,"caption":"Freemove"},"image":{"@id":"https:\/\/freemove.fr\/en\/#\/schema\/logo\/image\/"}}]}},"_links":{"self":[{"href":"https:\/\/freemove.fr\/fr\/wp-json\/wp\/v2\/product\/8138","targetHints":{"allow":["GET"]}}],"collection":[{"href":"https:\/\/freemove.fr\/fr\/wp-json\/wp\/v2\/product"}],"about":[{"href":"https:\/\/freemove.fr\/fr\/wp-json\/wp\/v2\/types\/product"}],"replies":[{"embeddable":true,"href":"https:\/\/freemove.fr\/fr\/wp-json\/wp\/v2\/comments?post=8138"}],"wp:featuredmedia":[{"embeddable":true,"href":"https:\/\/freemove.fr\/fr\/wp-json\/wp\/v2\/media\/5203"}],"wp:attachment":[{"href":"https:\/\/freemove.fr\/fr\/wp-json\/wp\/v2\/media?parent=8138"}],"wp:term":[{"taxonomy":"product_brand","embeddable":true,"href":"https:\/\/freemove.fr\/fr\/wp-json\/wp\/v2\/product_brand?post=8138"},{"taxonomy":"product_cat","embeddable":true,"href":"https:\/\/freemove.fr\/fr\/wp-json\/wp\/v2\/product_cat?post=8138"},{"taxonomy":"product_tag","embeddable":true,"href":"https:\/\/freemove.fr\/fr\/wp-json\/wp\/v2\/product_tag?post=8138"}],"curies":[{"name":"wp","href":"https:\/\/api.w.org\/{rel}","templated":true}]}}