


























{"id":8132,"date":"2021-07-09T21:01:11","date_gmt":"2021-07-09T19:01:11","guid":{"rendered":"https:\/\/freemove.fr\/?post_type=product&#038;p=8132"},"modified":"2022-12-02T08:15:23","modified_gmt":"2022-12-02T07:15:23","slug":"batterie-cbxr","status":"publish","type":"product","link":"https:\/\/freemove.fr\/fr\/produit\/batterie-cbxr\/","title":{"rendered":"BATTERIE CBXR"},"content":{"rendered":"<p>D\u00e9velopp\u00e9e par la soci\u00e9t\u00e9 am\u00e9ricaine\u00a0<strong>ChiBatterySystems<\/strong>, cette batterie est sp\u00e9cialement con\u00e7ue pour\u00a0<strong>augmenter de 40% l&rsquo;autonomie\u00a0<\/strong>de votre Onewheel+XR !\u00a0Vous pourrez parcourir\u00a0<strong>entre 40km et 50km<\/strong>\u00a0selon les conditions d&rsquo;utilisation.<\/p>\n<p>Cette batterie est\u00a0<strong>assembl\u00e9e par des professionnels \u00e9quip\u00e9s d&rsquo;outils industriels<\/strong>\u00a0avec des bande de nickel pur, des bornes de cellule positives isol\u00e9es, plusieurs couches d&rsquo;isolation, dont un ruban Kapton r\u00e9sistant \u00e0 la chaleur, un ruban de fibre structurelle ignifuge et un emballage en PVC r\u00e9sistant \u00e0 l&rsquo;usure. Elle \u00a0est envelopp\u00e9e dans une mousse qui absorbe les chocs afin de se prot\u00e9ger contre toute sorte d\u2019impacts.<br \/>\nLes cellules sont neuves et proviennent directement du fabricant. Elles\u00a0sont test\u00e9es SAFE selon la norme ONU 38.3 et sont utilis\u00e9es dans des applications similaires depuis des ann\u00e9es !<\/p>\n<p>Cette batterie fonctionne parfaitement avec\u00a0les versions 4209 et pr\u00e9c\u00e9dentes du\u00a0Onewheel+XR. Elle est compatible avec la version 4210 mais peut pr\u00e9senter des d\u00e9fauts de connexion avec l&rsquo;application.\u00a0<strong>Elle n&rsquo;est pas compatible avec les versions 4211 et plus.<\/strong><\/p>\n<p>Vous trouverez\u00a0<a href=\"https:\/\/support.chibatterysystems.com\/hc\/en-us\/articles\/4405718745239-How-to-Install-CBXR\"><strong>ICI<\/strong><\/a>\u00a0la notice de montage en anglais<\/p>\n<p>\u26a0\ufe0f\u00a0<strong>L&rsquo;installation de cette batterie annule la garantie constructeur et se fait sous votre responsabilit\u00e9.<\/strong><br \/>\n\u26a0\ufe0f\u00a0<strong>Soyez s\u00fbr de charger votre batterie\u00a0\u00e0 100% avant de rouler.<br \/>\n\u26a0\ufe0f Si vous souhaitez mettre \u00e0 jour votre BMS afin qu&rsquo;il communique les donn\u00e9es exactes \u00e0 votre application smartphone, commandez\u00a0<a href=\"https:\/\/freemove.fr\/produit\/flash-bms-xr\/\">ICI<\/a>\u00a0le FLASH BMS<\/strong><\/p>\n<ul>\n<li><strong><em>Dur\u00e9e de charge avec le chargeur d&rsquo;origine : 3h15 environ.<\/em><\/strong><\/li>\n<li><strong><em>567 WH de VRAIE capacit\u00e9 utilisable.<\/em><\/strong><\/li>\n<li><strong><em>30 amp\u00e8res de d\u00e9charge continue.<\/em><\/strong><\/li>\n<li><strong><em>54v nominal, 63v compl\u00e8tement charg\u00e9e<\/em><\/strong><\/li>\n<\/ul>\n<p><span class=\"wpex-responsive-media\"><div class=\"lyte-wrapper fourthree\" style=\"width:420px;max-width:100%;margin:5px;\"><div class=\"lyMe\" id=\"WYL_DgoFNEetXKQ\"><div id=\"lyte_DgoFNEetXKQ\" data-src=\"\/\/i.ytimg.com\/vi\/DgoFNEetXKQ\/hqdefault.jpg\" class=\"pL\"><div class=\"tC\"><div class=\"tT\"><\/div><\/div><div class=\"play\"><\/div><div class=\"ctrl\"><div class=\"Lctrl\"><\/div><div class=\"Rctrl\"><\/div><\/div><\/div><noscript><a href=\"https:\/\/youtu.be\/DgoFNEetXKQ\" rel=\"nofollow\"><img decoding=\"async\" src=\"https:\/\/i.ytimg.com\/vi\/DgoFNEetXKQ\/0.jpg\" alt=\"\" width=\"420\" height=\"295\" \/><br \/>Lire cette vid\u00e9o sur YouTube<\/a><\/noscript><\/div><\/div><div class=\"lL\" style=\"max-width:100%;width:420px;margin:5px;\"><\/div><\/span><\/p>\n<p>&nbsp;<\/p>\n","protected":false},"excerpt":{"rendered":"<h3 class=\"node-produit-sous-titre\">BOOSTEZ VOTRE ONEWHEEL XR !<\/h3>\n","protected":false},"featured_media":5176,"comment_status":"closed","ping_status":"closed","template":"","meta":{"inline_featured_image":false},"product_brand":[],"product_cat":[298],"product_tag":[564],"class_list":{"0":"post-8132","1":"product","2":"type-product","3":"status-publish","4":"has-post-thumbnail","6":"product_cat-accessoires-onewheel-xr","7":"product_tag-batteries","8":"entry","9":"has-media","11":"first","12":"outofstock","13":"taxable","14":"shipping-taxable","15":"purchasable","16":"product-type-simple"},"acf":[],"yoast_head":"<!-- This site is optimized with the Yoast SEO plugin v24.9 - https:\/\/yoast.com\/wordpress\/plugins\/seo\/ -->\n<title>BATTERIE CBXR - Boutique Freemove<\/title>\n<meta name=\"robots\" content=\"index, follow, max-snippet:-1, max-image-preview:large, max-video-preview:-1\" \/>\n<link rel=\"canonical\" href=\"https:\/\/freemove.fr\/fr\/produit\/batterie-cbxr\/\" \/>\n<meta property=\"og:locale\" content=\"fr_FR\" \/>\n<meta property=\"og:type\" content=\"article\" \/>\n<meta property=\"og:title\" content=\"BATTERIE CBXR - Boutique Freemove\" \/>\n<meta property=\"og:description\" content=\"BOOSTEZ VOTRE ONEWHEEL XR !\" \/>\n<meta property=\"og:url\" content=\"https:\/\/freemove.fr\/fr\/produit\/batterie-cbxr\/\" \/>\n<meta property=\"og:site_name\" content=\"Freemove la Glisse \u00c9lectrique pour tous\" \/>\n<meta property=\"article:modified_time\" content=\"2022-12-02T07:15:23+00:00\" \/>\n<meta property=\"og:image\" content=\"https:\/\/freemove.fr\/wp-content\/uploads\/2021\/06\/cbxr.jpg\" \/>\n\t<meta property=\"og:image:width\" content=\"1440\" \/>\n\t<meta property=\"og:image:height\" content=\"1080\" \/>\n\t<meta property=\"og:image:type\" content=\"image\/jpeg\" \/>\n<meta name=\"twitter:card\" content=\"summary_large_image\" \/>\n<meta name=\"twitter:label1\" content=\"Dur\u00e9e de lecture estim\u00e9e\" \/>\n\t<meta name=\"twitter:data1\" content=\"2 minutes\" \/>\n<script type=\"application\/ld+json\" class=\"yoast-schema-graph\">{\"@context\":\"https:\/\/schema.org\",\"@graph\":[{\"@type\":\"WebPage\",\"@id\":\"https:\/\/freemove.fr\/fr\/produit\/batterie-cbxr\/\",\"url\":\"https:\/\/freemove.fr\/fr\/produit\/batterie-cbxr\/\",\"name\":\"BATTERIE CBXR - Boutique Freemove\",\"isPartOf\":{\"@id\":\"https:\/\/freemove.fr\/en\/#website\"},\"primaryImageOfPage\":{\"@id\":\"https:\/\/freemove.fr\/fr\/produit\/batterie-cbxr\/#primaryimage\"},\"image\":{\"@id\":\"https:\/\/freemove.fr\/fr\/produit\/batterie-cbxr\/#primaryimage\"},\"thumbnailUrl\":\"https:\/\/freemove.fr\/wp-content\/uploads\/2021\/06\/cbxr.jpg\",\"datePublished\":\"2021-07-09T19:01:11+00:00\",\"dateModified\":\"2022-12-02T07:15:23+00:00\",\"breadcrumb\":{\"@id\":\"https:\/\/freemove.fr\/fr\/produit\/batterie-cbxr\/#breadcrumb\"},\"inLanguage\":\"fr-FR\",\"potentialAction\":[{\"@type\":\"ReadAction\",\"target\":[\"https:\/\/freemove.fr\/fr\/produit\/batterie-cbxr\/\"]}]},{\"@type\":\"ImageObject\",\"inLanguage\":\"fr-FR\",\"@id\":\"https:\/\/freemove.fr\/fr\/produit\/batterie-cbxr\/#primaryimage\",\"url\":\"https:\/\/freemove.fr\/wp-content\/uploads\/2021\/06\/cbxr.jpg\",\"contentUrl\":\"https:\/\/freemove.fr\/wp-content\/uploads\/2021\/06\/cbxr.jpg\",\"width\":1440,\"height\":1080},{\"@type\":\"BreadcrumbList\",\"@id\":\"https:\/\/freemove.fr\/fr\/produit\/batterie-cbxr\/#breadcrumb\",\"itemListElement\":[{\"@type\":\"ListItem\",\"position\":1,\"name\":\"Accueil\",\"item\":\"https:\/\/freemove.fr\/fr\/\"},{\"@type\":\"ListItem\",\"position\":2,\"name\":\"Boutique\",\"item\":\"https:\/\/freemove.fr\/fr\/boutique\/\"},{\"@type\":\"ListItem\",\"position\":3,\"name\":\"BATTERIE CBXR\"}]},{\"@type\":\"WebSite\",\"@id\":\"https:\/\/freemove.fr\/en\/#website\",\"url\":\"https:\/\/freemove.fr\/en\/\",\"name\":\"Freemove la Glisse \u00c9lectrique pour tous\",\"description\":\"Onewheel - Visites guid\u00e9es en Segway \u00e0 Amboise\",\"publisher\":{\"@id\":\"https:\/\/freemove.fr\/en\/#organization\"},\"potentialAction\":[{\"@type\":\"SearchAction\",\"target\":{\"@type\":\"EntryPoint\",\"urlTemplate\":\"https:\/\/freemove.fr\/en\/?s={search_term_string}\"},\"query-input\":{\"@type\":\"PropertyValueSpecification\",\"valueRequired\":true,\"valueName\":\"search_term_string\"}}],\"inLanguage\":\"fr-FR\"},{\"@type\":\"Organization\",\"@id\":\"https:\/\/freemove.fr\/en\/#organization\",\"name\":\"Freemove\",\"url\":\"https:\/\/freemove.fr\/en\/\",\"logo\":{\"@type\":\"ImageObject\",\"inLanguage\":\"fr-FR\",\"@id\":\"https:\/\/freemove.fr\/en\/#\/schema\/logo\/image\/\",\"url\":\"https:\/\/freemove.fr\/wp-content\/uploads\/2021\/06\/footer_logotype-1.svg\",\"contentUrl\":\"https:\/\/freemove.fr\/wp-content\/uploads\/2021\/06\/footer_logotype-1.svg\",\"width\":163,\"height\":45,\"caption\":\"Freemove\"},\"image\":{\"@id\":\"https:\/\/freemove.fr\/en\/#\/schema\/logo\/image\/\"}}]}<\/script>\n<!-- \/ Yoast SEO plugin. -->","yoast_head_json":{"title":"BATTERIE CBXR - Boutique Freemove","robots":{"index":"index","follow":"follow","max-snippet":"max-snippet:-1","max-image-preview":"max-image-preview:large","max-video-preview":"max-video-preview:-1"},"canonical":"https:\/\/freemove.fr\/fr\/produit\/batterie-cbxr\/","og_locale":"fr_FR","og_type":"article","og_title":"BATTERIE CBXR - Boutique Freemove","og_description":"BOOSTEZ VOTRE ONEWHEEL XR !","og_url":"https:\/\/freemove.fr\/fr\/produit\/batterie-cbxr\/","og_site_name":"Freemove la Glisse \u00c9lectrique pour tous","article_modified_time":"2022-12-02T07:15:23+00:00","og_image":[{"width":1440,"height":1080,"url":"https:\/\/freemove.fr\/wp-content\/uploads\/2021\/06\/cbxr.jpg","type":"image\/jpeg"}],"twitter_card":"summary_large_image","twitter_misc":{"Dur\u00e9e de lecture estim\u00e9e":"2 minutes"},"schema":{"@context":"https:\/\/schema.org","@graph":[{"@type":"WebPage","@id":"https:\/\/freemove.fr\/fr\/produit\/batterie-cbxr\/","url":"https:\/\/freemove.fr\/fr\/produit\/batterie-cbxr\/","name":"BATTERIE CBXR - Boutique Freemove","isPartOf":{"@id":"https:\/\/freemove.fr\/en\/#website"},"primaryImageOfPage":{"@id":"https:\/\/freemove.fr\/fr\/produit\/batterie-cbxr\/#primaryimage"},"image":{"@id":"https:\/\/freemove.fr\/fr\/produit\/batterie-cbxr\/#primaryimage"},"thumbnailUrl":"https:\/\/freemove.fr\/wp-content\/uploads\/2021\/06\/cbxr.jpg","datePublished":"2021-07-09T19:01:11+00:00","dateModified":"2022-12-02T07:15:23+00:00","breadcrumb":{"@id":"https:\/\/freemove.fr\/fr\/produit\/batterie-cbxr\/#breadcrumb"},"inLanguage":"fr-FR","potentialAction":[{"@type":"ReadAction","target":["https:\/\/freemove.fr\/fr\/produit\/batterie-cbxr\/"]}]},{"@type":"ImageObject","inLanguage":"fr-FR","@id":"https:\/\/freemove.fr\/fr\/produit\/batterie-cbxr\/#primaryimage","url":"https:\/\/freemove.fr\/wp-content\/uploads\/2021\/06\/cbxr.jpg","contentUrl":"https:\/\/freemove.fr\/wp-content\/uploads\/2021\/06\/cbxr.jpg","width":1440,"height":1080},{"@type":"BreadcrumbList","@id":"https:\/\/freemove.fr\/fr\/produit\/batterie-cbxr\/#breadcrumb","itemListElement":[{"@type":"ListItem","position":1,"name":"Accueil","item":"https:\/\/freemove.fr\/fr\/"},{"@type":"ListItem","position":2,"name":"Boutique","item":"https:\/\/freemove.fr\/fr\/boutique\/"},{"@type":"ListItem","position":3,"name":"BATTERIE CBXR"}]},{"@type":"WebSite","@id":"https:\/\/freemove.fr\/en\/#website","url":"https:\/\/freemove.fr\/en\/","name":"Freemove la Glisse \u00c9lectrique pour tous","description":"Onewheel - Visites guid\u00e9es en Segway \u00e0 Amboise","publisher":{"@id":"https:\/\/freemove.fr\/en\/#organization"},"potentialAction":[{"@type":"SearchAction","target":{"@type":"EntryPoint","urlTemplate":"https:\/\/freemove.fr\/en\/?s={search_term_string}"},"query-input":{"@type":"PropertyValueSpecification","valueRequired":true,"valueName":"search_term_string"}}],"inLanguage":"fr-FR"},{"@type":"Organization","@id":"https:\/\/freemove.fr\/en\/#organization","name":"Freemove","url":"https:\/\/freemove.fr\/en\/","logo":{"@type":"ImageObject","inLanguage":"fr-FR","@id":"https:\/\/freemove.fr\/en\/#\/schema\/logo\/image\/","url":"https:\/\/freemove.fr\/wp-content\/uploads\/2021\/06\/footer_logotype-1.svg","contentUrl":"https:\/\/freemove.fr\/wp-content\/uploads\/2021\/06\/footer_logotype-1.svg","width":163,"height":45,"caption":"Freemove"},"image":{"@id":"https:\/\/freemove.fr\/en\/#\/schema\/logo\/image\/"}}]}},"_links":{"self":[{"href":"https:\/\/freemove.fr\/fr\/wp-json\/wp\/v2\/product\/8132","targetHints":{"allow":["GET"]}}],"collection":[{"href":"https:\/\/freemove.fr\/fr\/wp-json\/wp\/v2\/product"}],"about":[{"href":"https:\/\/freemove.fr\/fr\/wp-json\/wp\/v2\/types\/product"}],"replies":[{"embeddable":true,"href":"https:\/\/freemove.fr\/fr\/wp-json\/wp\/v2\/comments?post=8132"}],"wp:featuredmedia":[{"embeddable":true,"href":"https:\/\/freemove.fr\/fr\/wp-json\/wp\/v2\/media\/5176"}],"wp:attachment":[{"href":"https:\/\/freemove.fr\/fr\/wp-json\/wp\/v2\/media?parent=8132"}],"wp:term":[{"taxonomy":"product_brand","embeddable":true,"href":"https:\/\/freemove.fr\/fr\/wp-json\/wp\/v2\/product_brand?post=8132"},{"taxonomy":"product_cat","embeddable":true,"href":"https:\/\/freemove.fr\/fr\/wp-json\/wp\/v2\/product_cat?post=8132"},{"taxonomy":"product_tag","embeddable":true,"href":"https:\/\/freemove.fr\/fr\/wp-json\/wp\/v2\/product_tag?post=8132"}],"curies":[{"name":"wp","href":"https:\/\/api.w.org\/{rel}","templated":true}]}}