


























{"id":8131,"date":"2021-07-09T20:56:50","date_gmt":"2021-07-09T18:56:50","guid":{"rendered":"https:\/\/freemove.fr\/?post_type=product&#038;p=8131"},"modified":"2025-04-05T11:39:14","modified_gmt":"2025-04-05T09:39:14","slug":"batterie-cb","status":"publish","type":"product","link":"https:\/\/freemove.fr\/fr\/produit\/batterie-cb\/","title":{"rendered":"BATTERIE CB+"},"content":{"rendered":"<p>D\u00e9velopp\u00e9e par la soci\u00e9t\u00e9 am\u00e9ricaine\u00a0<strong>ChiBatterySystems<\/strong>, cette batterie est sp\u00e9cialement con\u00e7ue pour\u00a0<strong>augmenter de 50% l&rsquo;autonomie<\/strong>\u00a0de votre Onewheel Original ou Onewheel+\u00a0!<\/p>\n<p>Cette batterie est\u00a0<strong>assembl\u00e9e par des professionnels \u00e9quip\u00e9s d&rsquo;outils industriels<\/strong>\u00a0avec des bande de nickel pur, des bornes de cellule positives isol\u00e9es, plusieurs couches d&rsquo;isolation, dont un ruban Kapton r\u00e9sistant \u00e0 la chaleur, un ruban de fibre structurelle ignifuge et un emballage en PVC r\u00e9sistant \u00e0 l&rsquo;usure. Elle \u00a0est envelopp\u00e9e dans une mousse qui absorbe les chocs afin de se prot\u00e9ger contre toute sorte d\u2019impacts.<br \/>\nLes cellules sont neuves et proviennent directement du fabricant. Elles\u00a0sont test\u00e9es SAFE selon la norme UN 38.3 et sont utilis\u00e9es dans des applications similaires depuis des ann\u00e9es !<\/p>\n<p>Ce kit comprend :<\/p>\n<ul>\n<li>Une\u00a0<strong>batterie<\/strong>\u00a014s2p<\/li>\n<li>Un\u00a0<strong>mini-chargeur rapide<\/strong>\u00a0sp\u00e9cialement con\u00e7u pour pr\u00e9server au maximum les cellules<\/li>\n<li>Un\u00a0<strong>interrupteur discret<\/strong>\u00a0pour augmenter la s\u00e9curit\u00e9 d&rsquo;utilisation<\/li>\n<li>Un\u00a0<strong>BMS<\/strong>\u00a0sp\u00e9cialement calibr\u00e9<\/li>\n<\/ul>\n<p>\u26a0\ufe0f\u00a0<strong>L&rsquo;installation de cette batterie annule la garantie constructeur et se fait sous votre responsabilit\u00e9.<\/strong><br \/>\n\u26a0\ufe0f\u00a0<strong>Soyez s\u00fbr de charger votre batterie\u00a0\u00e0 100% avant de rouler.<br \/>\n\u26a0\ufe0f Utilisez UNIQUEMENT le chargeur fourni pour recharger votre batterie.<\/strong><\/p>\n<ul>\n<li><strong>Dur\u00e9e de charge avec le chargeur fourni : 1h15 environ.<\/strong><\/li>\n<li><strong>302,4 WH de VRAIE capacit\u00e9 utilisable.<\/strong><\/li>\n<li><strong>40 amp\u00e8res de d\u00e9charge continue.<\/strong><\/li>\n<li><strong>50,4v nominal<\/strong><\/li>\n<\/ul>\n<p><span class=\"wpex-responsive-media\"><div class=\"lyte-wrapper fourthree\" style=\"width:420px;max-width:100%;margin:5px;\"><div class=\"lyMe qsa_\\&amp;enablejsapi\\=1\\&amp;origin\\=https:\/\/freemove.fr\" id=\"WYL_KWHPdEhyOtA\"><div id=\"lyte_KWHPdEhyOtA\" data-src=\"\/\/i.ytimg.com\/vi\/KWHPdEhyOtA\/hqdefault.jpg\" class=\"pL\"><div class=\"tC\"><div class=\"tT\"><\/div><\/div><div class=\"play\"><\/div><div class=\"ctrl\"><div class=\"Lctrl\"><\/div><div class=\"Rctrl\"><\/div><\/div><\/div><noscript><a href=\"https:\/\/youtu.be\/KWHPdEhyOtA\" rel=\"nofollow\"><img decoding=\"async\" src=\"https:\/\/i.ytimg.com\/vi\/KWHPdEhyOtA\/0.jpg\" alt=\"\" width=\"420\" height=\"295\" \/><br \/>Lire cette vid\u00e9o sur YouTube<\/a><\/noscript><\/div><\/div><div class=\"lL\" style=\"max-width:100%;width:420px;margin:5px;\"><\/div><\/span><\/p>\n<p>&nbsp;<\/p>\n","protected":false},"excerpt":{"rendered":"<h3 class=\"node-produit-sous-titre\">BOOSTEZ VOTRE ONEWHEEL ORIGINAL ET + !<\/h3>\n","protected":false},"featured_media":5175,"comment_status":"closed","ping_status":"closed","template":"","meta":{"inline_featured_image":false},"product_brand":[],"product_cat":[298],"product_tag":[564],"class_list":{"0":"post-8131","1":"product","2":"type-product","3":"status-publish","4":"has-post-thumbnail","6":"product_cat-accessoires-onewheel-xr","7":"product_tag-batteries","8":"entry","9":"has-media","11":"first","12":"outofstock","13":"taxable","14":"shipping-taxable","15":"purchasable","16":"product-type-simple"},"acf":[],"yoast_head":"<!-- This site is optimized with the Yoast SEO plugin v24.9 - https:\/\/yoast.com\/wordpress\/plugins\/seo\/ -->\n<title>BATTERIE CB+ - Boutique Freemove<\/title>\n<meta name=\"robots\" content=\"index, follow, max-snippet:-1, max-image-preview:large, max-video-preview:-1\" \/>\n<link rel=\"canonical\" href=\"https:\/\/freemove.fr\/fr\/produit\/batterie-cb\/\" \/>\n<meta property=\"og:locale\" content=\"fr_FR\" \/>\n<meta property=\"og:type\" content=\"article\" \/>\n<meta property=\"og:title\" content=\"BATTERIE CB+ - Boutique Freemove\" \/>\n<meta property=\"og:description\" content=\"BOOSTEZ VOTRE ONEWHEEL ORIGINAL ET + !\" \/>\n<meta property=\"og:url\" content=\"https:\/\/freemove.fr\/fr\/produit\/batterie-cb\/\" \/>\n<meta property=\"og:site_name\" content=\"Freemove la Glisse \u00c9lectrique pour tous\" \/>\n<meta property=\"article:modified_time\" content=\"2025-04-05T09:39:14+00:00\" \/>\n<meta property=\"og:image\" content=\"https:\/\/freemove.fr\/wp-content\/uploads\/2021\/06\/cbv1.jpg\" \/>\n\t<meta property=\"og:image:width\" content=\"1440\" \/>\n\t<meta property=\"og:image:height\" content=\"1080\" \/>\n\t<meta property=\"og:image:type\" content=\"image\/jpeg\" \/>\n<meta name=\"twitter:card\" content=\"summary_large_image\" \/>\n<meta name=\"twitter:label1\" content=\"Dur\u00e9e de lecture estim\u00e9e\" \/>\n\t<meta name=\"twitter:data1\" content=\"2 minutes\" \/>\n<script type=\"application\/ld+json\" class=\"yoast-schema-graph\">{\"@context\":\"https:\/\/schema.org\",\"@graph\":[{\"@type\":\"WebPage\",\"@id\":\"https:\/\/freemove.fr\/fr\/produit\/batterie-cb\/\",\"url\":\"https:\/\/freemove.fr\/fr\/produit\/batterie-cb\/\",\"name\":\"BATTERIE CB+ - Boutique Freemove\",\"isPartOf\":{\"@id\":\"https:\/\/freemove.fr\/en\/#website\"},\"primaryImageOfPage\":{\"@id\":\"https:\/\/freemove.fr\/fr\/produit\/batterie-cb\/#primaryimage\"},\"image\":{\"@id\":\"https:\/\/freemove.fr\/fr\/produit\/batterie-cb\/#primaryimage\"},\"thumbnailUrl\":\"https:\/\/freemove.fr\/wp-content\/uploads\/2021\/06\/cbv1.jpg\",\"datePublished\":\"2021-07-09T18:56:50+00:00\",\"dateModified\":\"2025-04-05T09:39:14+00:00\",\"breadcrumb\":{\"@id\":\"https:\/\/freemove.fr\/fr\/produit\/batterie-cb\/#breadcrumb\"},\"inLanguage\":\"fr-FR\",\"potentialAction\":[{\"@type\":\"ReadAction\",\"target\":[\"https:\/\/freemove.fr\/fr\/produit\/batterie-cb\/\"]}]},{\"@type\":\"ImageObject\",\"inLanguage\":\"fr-FR\",\"@id\":\"https:\/\/freemove.fr\/fr\/produit\/batterie-cb\/#primaryimage\",\"url\":\"https:\/\/freemove.fr\/wp-content\/uploads\/2021\/06\/cbv1.jpg\",\"contentUrl\":\"https:\/\/freemove.fr\/wp-content\/uploads\/2021\/06\/cbv1.jpg\",\"width\":1440,\"height\":1080},{\"@type\":\"BreadcrumbList\",\"@id\":\"https:\/\/freemove.fr\/fr\/produit\/batterie-cb\/#breadcrumb\",\"itemListElement\":[{\"@type\":\"ListItem\",\"position\":1,\"name\":\"Accueil\",\"item\":\"https:\/\/freemove.fr\/fr\/\"},{\"@type\":\"ListItem\",\"position\":2,\"name\":\"Boutique\",\"item\":\"https:\/\/freemove.fr\/fr\/boutique\/\"},{\"@type\":\"ListItem\",\"position\":3,\"name\":\"BATTERIE CB+\"}]},{\"@type\":\"WebSite\",\"@id\":\"https:\/\/freemove.fr\/en\/#website\",\"url\":\"https:\/\/freemove.fr\/en\/\",\"name\":\"Freemove la Glisse \u00c9lectrique pour tous\",\"description\":\"Onewheel - Visites guid\u00e9es en Segway \u00e0 Amboise\",\"publisher\":{\"@id\":\"https:\/\/freemove.fr\/en\/#organization\"},\"potentialAction\":[{\"@type\":\"SearchAction\",\"target\":{\"@type\":\"EntryPoint\",\"urlTemplate\":\"https:\/\/freemove.fr\/en\/?s={search_term_string}\"},\"query-input\":{\"@type\":\"PropertyValueSpecification\",\"valueRequired\":true,\"valueName\":\"search_term_string\"}}],\"inLanguage\":\"fr-FR\"},{\"@type\":\"Organization\",\"@id\":\"https:\/\/freemove.fr\/en\/#organization\",\"name\":\"Freemove\",\"url\":\"https:\/\/freemove.fr\/en\/\",\"logo\":{\"@type\":\"ImageObject\",\"inLanguage\":\"fr-FR\",\"@id\":\"https:\/\/freemove.fr\/en\/#\/schema\/logo\/image\/\",\"url\":\"https:\/\/freemove.fr\/wp-content\/uploads\/2021\/06\/footer_logotype-1.svg\",\"contentUrl\":\"https:\/\/freemove.fr\/wp-content\/uploads\/2021\/06\/footer_logotype-1.svg\",\"width\":163,\"height\":45,\"caption\":\"Freemove\"},\"image\":{\"@id\":\"https:\/\/freemove.fr\/en\/#\/schema\/logo\/image\/\"}}]}<\/script>\n<!-- \/ Yoast SEO plugin. -->","yoast_head_json":{"title":"BATTERIE CB+ - Boutique Freemove","robots":{"index":"index","follow":"follow","max-snippet":"max-snippet:-1","max-image-preview":"max-image-preview:large","max-video-preview":"max-video-preview:-1"},"canonical":"https:\/\/freemove.fr\/fr\/produit\/batterie-cb\/","og_locale":"fr_FR","og_type":"article","og_title":"BATTERIE CB+ - Boutique Freemove","og_description":"BOOSTEZ VOTRE ONEWHEEL ORIGINAL ET + !","og_url":"https:\/\/freemove.fr\/fr\/produit\/batterie-cb\/","og_site_name":"Freemove la Glisse \u00c9lectrique pour tous","article_modified_time":"2025-04-05T09:39:14+00:00","og_image":[{"width":1440,"height":1080,"url":"https:\/\/freemove.fr\/wp-content\/uploads\/2021\/06\/cbv1.jpg","type":"image\/jpeg"}],"twitter_card":"summary_large_image","twitter_misc":{"Dur\u00e9e de lecture estim\u00e9e":"2 minutes"},"schema":{"@context":"https:\/\/schema.org","@graph":[{"@type":"WebPage","@id":"https:\/\/freemove.fr\/fr\/produit\/batterie-cb\/","url":"https:\/\/freemove.fr\/fr\/produit\/batterie-cb\/","name":"BATTERIE CB+ - Boutique Freemove","isPartOf":{"@id":"https:\/\/freemove.fr\/en\/#website"},"primaryImageOfPage":{"@id":"https:\/\/freemove.fr\/fr\/produit\/batterie-cb\/#primaryimage"},"image":{"@id":"https:\/\/freemove.fr\/fr\/produit\/batterie-cb\/#primaryimage"},"thumbnailUrl":"https:\/\/freemove.fr\/wp-content\/uploads\/2021\/06\/cbv1.jpg","datePublished":"2021-07-09T18:56:50+00:00","dateModified":"2025-04-05T09:39:14+00:00","breadcrumb":{"@id":"https:\/\/freemove.fr\/fr\/produit\/batterie-cb\/#breadcrumb"},"inLanguage":"fr-FR","potentialAction":[{"@type":"ReadAction","target":["https:\/\/freemove.fr\/fr\/produit\/batterie-cb\/"]}]},{"@type":"ImageObject","inLanguage":"fr-FR","@id":"https:\/\/freemove.fr\/fr\/produit\/batterie-cb\/#primaryimage","url":"https:\/\/freemove.fr\/wp-content\/uploads\/2021\/06\/cbv1.jpg","contentUrl":"https:\/\/freemove.fr\/wp-content\/uploads\/2021\/06\/cbv1.jpg","width":1440,"height":1080},{"@type":"BreadcrumbList","@id":"https:\/\/freemove.fr\/fr\/produit\/batterie-cb\/#breadcrumb","itemListElement":[{"@type":"ListItem","position":1,"name":"Accueil","item":"https:\/\/freemove.fr\/fr\/"},{"@type":"ListItem","position":2,"name":"Boutique","item":"https:\/\/freemove.fr\/fr\/boutique\/"},{"@type":"ListItem","position":3,"name":"BATTERIE CB+"}]},{"@type":"WebSite","@id":"https:\/\/freemove.fr\/en\/#website","url":"https:\/\/freemove.fr\/en\/","name":"Freemove la Glisse \u00c9lectrique pour tous","description":"Onewheel - Visites guid\u00e9es en Segway \u00e0 Amboise","publisher":{"@id":"https:\/\/freemove.fr\/en\/#organization"},"potentialAction":[{"@type":"SearchAction","target":{"@type":"EntryPoint","urlTemplate":"https:\/\/freemove.fr\/en\/?s={search_term_string}"},"query-input":{"@type":"PropertyValueSpecification","valueRequired":true,"valueName":"search_term_string"}}],"inLanguage":"fr-FR"},{"@type":"Organization","@id":"https:\/\/freemove.fr\/en\/#organization","name":"Freemove","url":"https:\/\/freemove.fr\/en\/","logo":{"@type":"ImageObject","inLanguage":"fr-FR","@id":"https:\/\/freemove.fr\/en\/#\/schema\/logo\/image\/","url":"https:\/\/freemove.fr\/wp-content\/uploads\/2021\/06\/footer_logotype-1.svg","contentUrl":"https:\/\/freemove.fr\/wp-content\/uploads\/2021\/06\/footer_logotype-1.svg","width":163,"height":45,"caption":"Freemove"},"image":{"@id":"https:\/\/freemove.fr\/en\/#\/schema\/logo\/image\/"}}]}},"_links":{"self":[{"href":"https:\/\/freemove.fr\/fr\/wp-json\/wp\/v2\/product\/8131","targetHints":{"allow":["GET"]}}],"collection":[{"href":"https:\/\/freemove.fr\/fr\/wp-json\/wp\/v2\/product"}],"about":[{"href":"https:\/\/freemove.fr\/fr\/wp-json\/wp\/v2\/types\/product"}],"replies":[{"embeddable":true,"href":"https:\/\/freemove.fr\/fr\/wp-json\/wp\/v2\/comments?post=8131"}],"wp:featuredmedia":[{"embeddable":true,"href":"https:\/\/freemove.fr\/fr\/wp-json\/wp\/v2\/media\/5175"}],"wp:attachment":[{"href":"https:\/\/freemove.fr\/fr\/wp-json\/wp\/v2\/media?parent=8131"}],"wp:term":[{"taxonomy":"product_brand","embeddable":true,"href":"https:\/\/freemove.fr\/fr\/wp-json\/wp\/v2\/product_brand?post=8131"},{"taxonomy":"product_cat","embeddable":true,"href":"https:\/\/freemove.fr\/fr\/wp-json\/wp\/v2\/product_cat?post=8131"},{"taxonomy":"product_tag","embeddable":true,"href":"https:\/\/freemove.fr\/fr\/wp-json\/wp\/v2\/product_tag?post=8131"}],"curies":[{"name":"wp","href":"https:\/\/api.w.org\/{rel}","templated":true}]}}