


























{"id":7879,"date":"2021-07-08T02:07:31","date_gmt":"2021-07-08T00:07:31","guid":{"rendered":"https:\/\/freemove.fr\/?post_type=product&#038;p=7879"},"modified":"2025-03-26T09:53:38","modified_gmt":"2025-03-26T08:53:38","slug":"fangs-bumper-3-0","status":"publish","type":"product","link":"https:\/\/freemove.fr\/fr\/produit\/fangs-bumper-3-0\/","title":{"rendered":"FANGS BUMPER 3.0"},"content":{"rendered":"<p><strong>Cette derni\u00e8re version <\/strong>des c\u00e9l\u00e8bres roues Fangs a \u00e9t\u00e9 sp\u00e9cialement d\u00e9velopp\u00e9e pour votre Onewheel +\/XR ! D\u00e9sormais, c&rsquo;est un <strong>Bumper renforc\u00e9\u00a0<\/strong>(structure en nid d&rsquo;abeille) qui int\u00e8gre directement les roues.<\/p>\n<p><strong>Aucune led lumineuse n&rsquo;est cach\u00e9e<\/strong>, et l&rsquo;ajustement est parfait ! Les <strong>roues plus larges <\/strong>(20mm)\u00a0sont plus espac\u00e9es que les Fangs pr\u00e9c\u00e9dents, ce qui permet une <strong>meilleure stabilit\u00e9<\/strong>. Les vis sont enfonc\u00e9es profond\u00e9ment dans le plastique, pour \u00e9viter d&rsquo;\u00e9craser les t\u00eates, et sont bloqu\u00e9es dans des <strong>inserts en m\u00e9tal incassables<\/strong>.<\/p>\n<p>Le Bumper en plastique \u00ab\u00a0Faible Friction\u00a0\u00bb ultra-r\u00e9sistant\u00a0est<strong> imperm\u00e9able \u00e0 l&rsquo;eau\u00a0<\/strong>et \u00e0 la plupart des produits chimiques. Il\u00a0est m\u00e9lang\u00e9 \u00e0 des stabilisateurs d&rsquo;UV pour garder les couleurs \u00e9clatantes plus longtemps\u00a0! Sont design a \u00e9t\u00e9 fait pour supprimer les bords anguleux et <strong>privil\u00e9gier les courbes afin de glisser<\/strong> plus efficacement en cas de contact avec le sol.<\/p>\n<p><strong>Le changement des roues devient un processus facile<\/strong> et rapide avec un nombre de pi\u00e8ces limit\u00e9. \u00a0Il n&rsquo;y a plus de rondelles ou d&rsquo;\u00e9crous carr\u00e9s \u00e0 assembler.\u00a0Le remplacement d&rsquo;une roue prend <strong>moins de 15 secondes<\/strong> et ne n\u00e9cessite que le retrait d&rsquo;une seule vis (l&rsquo;axe).<\/p>\n","protected":false},"excerpt":{"rendered":"<h3>DESIGN ET EFFICACIT\u00c9 !<\/h3>\n","protected":false},"featured_media":14442,"comment_status":"closed","ping_status":"closed","template":"","meta":{"inline_featured_image":false},"product_brand":[],"product_cat":[298],"product_tag":[656,658],"class_list":{"0":"post-7879","1":"product","2":"type-product","3":"status-publish","4":"has-post-thumbnail","6":"product_cat-accessoires-onewheel-xr","7":"product_tag-bumpers","8":"product_tag-fangs","9":"entry","10":"has-media","12":"first","13":"outofstock","14":"sale","15":"taxable","16":"shipping-taxable","17":"purchasable","18":"product-type-variable"},"acf":[],"yoast_head":"<!-- This site is optimized with the Yoast SEO plugin v24.9 - https:\/\/yoast.com\/wordpress\/plugins\/seo\/ -->\n<title>FANGS BUMPER 3.0 - Boutique Freemove<\/title>\n<meta name=\"robots\" content=\"index, follow, max-snippet:-1, max-image-preview:large, max-video-preview:-1\" \/>\n<link rel=\"canonical\" href=\"https:\/\/freemove.fr\/fr\/produit\/fangs-bumper-3-0\/\" \/>\n<meta property=\"og:locale\" content=\"fr_FR\" \/>\n<meta property=\"og:type\" content=\"article\" \/>\n<meta property=\"og:title\" content=\"FANGS BUMPER 3.0 - Boutique Freemove\" \/>\n<meta property=\"og:description\" content=\"DESIGN ET EFFICACIT\u00c9 !\" \/>\n<meta property=\"og:url\" content=\"https:\/\/freemove.fr\/fr\/produit\/fangs-bumper-3-0\/\" \/>\n<meta property=\"og:site_name\" content=\"Freemove la Glisse \u00c9lectrique pour tous\" \/>\n<meta property=\"article:modified_time\" content=\"2025-03-26T08:53:38+00:00\" \/>\n<meta property=\"og:image\" content=\"https:\/\/freemove.fr\/wp-content\/uploads\/2023\/11\/Fangs3.0-RoseNoir.jpg\" \/>\n\t<meta property=\"og:image:width\" content=\"1660\" \/>\n\t<meta property=\"og:image:height\" content=\"1102\" \/>\n\t<meta property=\"og:image:type\" content=\"image\/jpeg\" \/>\n<meta name=\"twitter:card\" content=\"summary_large_image\" \/>\n<meta name=\"twitter:label1\" content=\"Dur\u00e9e de lecture estim\u00e9e\" \/>\n\t<meta name=\"twitter:data1\" content=\"2 minutes\" \/>\n<script type=\"application\/ld+json\" class=\"yoast-schema-graph\">{\"@context\":\"https:\/\/schema.org\",\"@graph\":[{\"@type\":\"WebPage\",\"@id\":\"https:\/\/freemove.fr\/fr\/produit\/fangs-bumper-3-0\/\",\"url\":\"https:\/\/freemove.fr\/fr\/produit\/fangs-bumper-3-0\/\",\"name\":\"FANGS BUMPER 3.0 - Boutique Freemove\",\"isPartOf\":{\"@id\":\"https:\/\/freemove.fr\/en\/#website\"},\"primaryImageOfPage\":{\"@id\":\"https:\/\/freemove.fr\/fr\/produit\/fangs-bumper-3-0\/#primaryimage\"},\"image\":{\"@id\":\"https:\/\/freemove.fr\/fr\/produit\/fangs-bumper-3-0\/#primaryimage\"},\"thumbnailUrl\":\"https:\/\/freemove.fr\/wp-content\/uploads\/2023\/11\/Fangs3.0-RoseNoir.jpg\",\"datePublished\":\"2021-07-08T00:07:31+00:00\",\"dateModified\":\"2025-03-26T08:53:38+00:00\",\"breadcrumb\":{\"@id\":\"https:\/\/freemove.fr\/fr\/produit\/fangs-bumper-3-0\/#breadcrumb\"},\"inLanguage\":\"fr-FR\",\"potentialAction\":[{\"@type\":\"ReadAction\",\"target\":[\"https:\/\/freemove.fr\/fr\/produit\/fangs-bumper-3-0\/\"]}]},{\"@type\":\"ImageObject\",\"inLanguage\":\"fr-FR\",\"@id\":\"https:\/\/freemove.fr\/fr\/produit\/fangs-bumper-3-0\/#primaryimage\",\"url\":\"https:\/\/freemove.fr\/wp-content\/uploads\/2023\/11\/Fangs3.0-RoseNoir.jpg\",\"contentUrl\":\"https:\/\/freemove.fr\/wp-content\/uploads\/2023\/11\/Fangs3.0-RoseNoir.jpg\",\"width\":1660,\"height\":1102},{\"@type\":\"BreadcrumbList\",\"@id\":\"https:\/\/freemove.fr\/fr\/produit\/fangs-bumper-3-0\/#breadcrumb\",\"itemListElement\":[{\"@type\":\"ListItem\",\"position\":1,\"name\":\"Accueil\",\"item\":\"https:\/\/freemove.fr\/fr\/\"},{\"@type\":\"ListItem\",\"position\":2,\"name\":\"Boutique\",\"item\":\"https:\/\/freemove.fr\/fr\/boutique\/\"},{\"@type\":\"ListItem\",\"position\":3,\"name\":\"FANGS BUMPER 3.0\"}]},{\"@type\":\"WebSite\",\"@id\":\"https:\/\/freemove.fr\/en\/#website\",\"url\":\"https:\/\/freemove.fr\/en\/\",\"name\":\"Freemove la Glisse \u00c9lectrique pour tous\",\"description\":\"Onewheel - Visites guid\u00e9es en Segway \u00e0 Amboise\",\"publisher\":{\"@id\":\"https:\/\/freemove.fr\/en\/#organization\"},\"potentialAction\":[{\"@type\":\"SearchAction\",\"target\":{\"@type\":\"EntryPoint\",\"urlTemplate\":\"https:\/\/freemove.fr\/en\/?s={search_term_string}\"},\"query-input\":{\"@type\":\"PropertyValueSpecification\",\"valueRequired\":true,\"valueName\":\"search_term_string\"}}],\"inLanguage\":\"fr-FR\"},{\"@type\":\"Organization\",\"@id\":\"https:\/\/freemove.fr\/en\/#organization\",\"name\":\"Freemove\",\"url\":\"https:\/\/freemove.fr\/en\/\",\"logo\":{\"@type\":\"ImageObject\",\"inLanguage\":\"fr-FR\",\"@id\":\"https:\/\/freemove.fr\/en\/#\/schema\/logo\/image\/\",\"url\":\"https:\/\/freemove.fr\/wp-content\/uploads\/2021\/06\/footer_logotype-1.svg\",\"contentUrl\":\"https:\/\/freemove.fr\/wp-content\/uploads\/2021\/06\/footer_logotype-1.svg\",\"width\":163,\"height\":45,\"caption\":\"Freemove\"},\"image\":{\"@id\":\"https:\/\/freemove.fr\/en\/#\/schema\/logo\/image\/\"}}]}<\/script>\n<!-- \/ Yoast SEO plugin. -->","yoast_head_json":{"title":"FANGS BUMPER 3.0 - Boutique Freemove","robots":{"index":"index","follow":"follow","max-snippet":"max-snippet:-1","max-image-preview":"max-image-preview:large","max-video-preview":"max-video-preview:-1"},"canonical":"https:\/\/freemove.fr\/fr\/produit\/fangs-bumper-3-0\/","og_locale":"fr_FR","og_type":"article","og_title":"FANGS BUMPER 3.0 - Boutique Freemove","og_description":"DESIGN ET EFFICACIT\u00c9 !","og_url":"https:\/\/freemove.fr\/fr\/produit\/fangs-bumper-3-0\/","og_site_name":"Freemove la Glisse \u00c9lectrique pour tous","article_modified_time":"2025-03-26T08:53:38+00:00","og_image":[{"width":1660,"height":1102,"url":"https:\/\/freemove.fr\/wp-content\/uploads\/2023\/11\/Fangs3.0-RoseNoir.jpg","type":"image\/jpeg"}],"twitter_card":"summary_large_image","twitter_misc":{"Dur\u00e9e de lecture estim\u00e9e":"2 minutes"},"schema":{"@context":"https:\/\/schema.org","@graph":[{"@type":"WebPage","@id":"https:\/\/freemove.fr\/fr\/produit\/fangs-bumper-3-0\/","url":"https:\/\/freemove.fr\/fr\/produit\/fangs-bumper-3-0\/","name":"FANGS BUMPER 3.0 - Boutique Freemove","isPartOf":{"@id":"https:\/\/freemove.fr\/en\/#website"},"primaryImageOfPage":{"@id":"https:\/\/freemove.fr\/fr\/produit\/fangs-bumper-3-0\/#primaryimage"},"image":{"@id":"https:\/\/freemove.fr\/fr\/produit\/fangs-bumper-3-0\/#primaryimage"},"thumbnailUrl":"https:\/\/freemove.fr\/wp-content\/uploads\/2023\/11\/Fangs3.0-RoseNoir.jpg","datePublished":"2021-07-08T00:07:31+00:00","dateModified":"2025-03-26T08:53:38+00:00","breadcrumb":{"@id":"https:\/\/freemove.fr\/fr\/produit\/fangs-bumper-3-0\/#breadcrumb"},"inLanguage":"fr-FR","potentialAction":[{"@type":"ReadAction","target":["https:\/\/freemove.fr\/fr\/produit\/fangs-bumper-3-0\/"]}]},{"@type":"ImageObject","inLanguage":"fr-FR","@id":"https:\/\/freemove.fr\/fr\/produit\/fangs-bumper-3-0\/#primaryimage","url":"https:\/\/freemove.fr\/wp-content\/uploads\/2023\/11\/Fangs3.0-RoseNoir.jpg","contentUrl":"https:\/\/freemove.fr\/wp-content\/uploads\/2023\/11\/Fangs3.0-RoseNoir.jpg","width":1660,"height":1102},{"@type":"BreadcrumbList","@id":"https:\/\/freemove.fr\/fr\/produit\/fangs-bumper-3-0\/#breadcrumb","itemListElement":[{"@type":"ListItem","position":1,"name":"Accueil","item":"https:\/\/freemove.fr\/fr\/"},{"@type":"ListItem","position":2,"name":"Boutique","item":"https:\/\/freemove.fr\/fr\/boutique\/"},{"@type":"ListItem","position":3,"name":"FANGS BUMPER 3.0"}]},{"@type":"WebSite","@id":"https:\/\/freemove.fr\/en\/#website","url":"https:\/\/freemove.fr\/en\/","name":"Freemove la Glisse \u00c9lectrique pour tous","description":"Onewheel - Visites guid\u00e9es en Segway \u00e0 Amboise","publisher":{"@id":"https:\/\/freemove.fr\/en\/#organization"},"potentialAction":[{"@type":"SearchAction","target":{"@type":"EntryPoint","urlTemplate":"https:\/\/freemove.fr\/en\/?s={search_term_string}"},"query-input":{"@type":"PropertyValueSpecification","valueRequired":true,"valueName":"search_term_string"}}],"inLanguage":"fr-FR"},{"@type":"Organization","@id":"https:\/\/freemove.fr\/en\/#organization","name":"Freemove","url":"https:\/\/freemove.fr\/en\/","logo":{"@type":"ImageObject","inLanguage":"fr-FR","@id":"https:\/\/freemove.fr\/en\/#\/schema\/logo\/image\/","url":"https:\/\/freemove.fr\/wp-content\/uploads\/2021\/06\/footer_logotype-1.svg","contentUrl":"https:\/\/freemove.fr\/wp-content\/uploads\/2021\/06\/footer_logotype-1.svg","width":163,"height":45,"caption":"Freemove"},"image":{"@id":"https:\/\/freemove.fr\/en\/#\/schema\/logo\/image\/"}}]}},"_links":{"self":[{"href":"https:\/\/freemove.fr\/fr\/wp-json\/wp\/v2\/product\/7879","targetHints":{"allow":["GET"]}}],"collection":[{"href":"https:\/\/freemove.fr\/fr\/wp-json\/wp\/v2\/product"}],"about":[{"href":"https:\/\/freemove.fr\/fr\/wp-json\/wp\/v2\/types\/product"}],"replies":[{"embeddable":true,"href":"https:\/\/freemove.fr\/fr\/wp-json\/wp\/v2\/comments?post=7879"}],"wp:featuredmedia":[{"embeddable":true,"href":"https:\/\/freemove.fr\/fr\/wp-json\/wp\/v2\/media\/14442"}],"wp:attachment":[{"href":"https:\/\/freemove.fr\/fr\/wp-json\/wp\/v2\/media?parent=7879"}],"wp:term":[{"taxonomy":"product_brand","embeddable":true,"href":"https:\/\/freemove.fr\/fr\/wp-json\/wp\/v2\/product_brand?post=7879"},{"taxonomy":"product_cat","embeddable":true,"href":"https:\/\/freemove.fr\/fr\/wp-json\/wp\/v2\/product_cat?post=7879"},{"taxonomy":"product_tag","embeddable":true,"href":"https:\/\/freemove.fr\/fr\/wp-json\/wp\/v2\/product_tag?post=7879"}],"curies":[{"name":"wp","href":"https:\/\/api.w.org\/{rel}","templated":true}]}}