


























{"id":7833,"date":"2021-07-07T19:52:23","date_gmt":"2021-07-07T17:52:23","guid":{"rendered":"https:\/\/freemove.fr\/?post_type=product&#038;p=7833"},"modified":"2023-07-10T19:28:34","modified_gmt":"2023-07-10T17:28:34","slug":"kit-outils-onewheel","status":"publish","type":"product","link":"https:\/\/freemove.fr\/fr\/produit\/kit-outils-onewheel\/","title":{"rendered":"KIT OUTILS ONEWHEEL"},"content":{"rendered":"<p>Tous les outils n\u00e9cessaires \u00e0 l&rsquo;entretien et aux modifications de votre OneWheel enfin regroup\u00e9s dans une belle pochette compacte que vous pourrez toujours avoir sur vous !<\/p>\n<p>Ce kit comprend :<\/p>\n<ul>\n<li>Une\u00a0<strong>housse solide et compacte<\/strong>\u00a0\u00e0 fermeture-\u00e9clair avec compartiments de rangement.<\/li>\n<li>Une\u00a0<strong>cl\u00e9 allen en T 1\/8\u00a0\u00bb<\/strong>\u00a0pour toutes les vis n\u00e9cessaires \u00e0 l&rsquo;installation des Fender, des Bumpers, des Pads et des Pare-Chocs inf\u00e9rieurs.<\/li>\n<li>Une\u00a0<strong>cl\u00e9 allen 1\/4&Prime;<\/strong>\u00a0pour le d\u00e9montage de la roue.<\/li>\n<li>Une\u00a0<strong>cl\u00e9 allen 5mm<\/strong>\u00a0pour acc\u00e9der au moteur.<\/li>\n<li>Un\u00a0<strong>tournevis #1<\/strong>\u00a0pour retirer les Prot\u00e8ge-Cables.<\/li>\n<li>Un\u00a0<strong>d\u00e9monte-valve<\/strong>\u00a0pour retirer la valve du pneu lors d&rsquo;un changement ou pour y introduire du\u00a0<a href=\"https:\/\/freemove.fr\/produit\/liquide-anti-crevaison-red-dillo\/\">liquide anti-crevaison<\/a>.<\/li>\n<li>Un\u00a0<strong>contr\u00f4leur digital<\/strong>\u00a0de pression.<\/li>\n<\/ul>\n","protected":false},"excerpt":{"rendered":"<header class=\"node-produit-header col-xs-12\">\n<h3 class=\"node-produit-sous-titre\">TOUT SOUS LA MAIN !<\/h3>\n<\/header>\n<div class=\"node-produit-content col-xs-12 col-md-6\">\n<div class=\"node-produit-prix-container\">\n<div class=\"commerce-product-field commerce-product-field-field-promo-commentaire field-field-promo-commentaire node-702-product-field-promo-commentaire commerce-product-field-empty\"><\/div>\n<\/div>\n<\/div>\n","protected":false},"featured_media":7834,"comment_status":"closed","ping_status":"closed","template":"","meta":{"inline_featured_image":false},"product_brand":[],"product_cat":[298],"product_tag":[666],"class_list":{"0":"post-7833","1":"product","2":"type-product","3":"status-publish","4":"has-post-thumbnail","6":"product_cat-accessoires-onewheel-xr","7":"product_tag-outils","8":"entry","9":"has-media","11":"first","12":"outofstock","13":"taxable","14":"shipping-taxable","15":"purchasable","16":"product-type-simple"},"acf":[],"yoast_head":"<!-- This site is optimized with the Yoast SEO plugin v24.9 - https:\/\/yoast.com\/wordpress\/plugins\/seo\/ -->\n<title>KIT OUTILS ONEWHEEL - Boutique Freemove<\/title>\n<meta name=\"robots\" content=\"index, follow, max-snippet:-1, max-image-preview:large, max-video-preview:-1\" \/>\n<link rel=\"canonical\" href=\"https:\/\/freemove.fr\/fr\/produit\/kit-outils-onewheel\/\" \/>\n<meta property=\"og:locale\" content=\"fr_FR\" \/>\n<meta property=\"og:type\" content=\"article\" \/>\n<meta property=\"og:title\" content=\"KIT OUTILS ONEWHEEL - Boutique Freemove\" \/>\n<meta property=\"og:description\" content=\"TOUT SOUS LA MAIN !\" \/>\n<meta property=\"og:url\" content=\"https:\/\/freemove.fr\/fr\/produit\/kit-outils-onewheel\/\" \/>\n<meta property=\"og:site_name\" content=\"Freemove la Glisse \u00c9lectrique pour tous\" \/>\n<meta property=\"article:modified_time\" content=\"2023-07-10T17:28:34+00:00\" \/>\n<meta property=\"og:image\" content=\"https:\/\/freemove.fr\/wp-content\/uploads\/2021\/07\/Kit-Outils-Onewheel.jpg\" \/>\n\t<meta property=\"og:image:width\" content=\"1440\" \/>\n\t<meta property=\"og:image:height\" content=\"1080\" \/>\n\t<meta property=\"og:image:type\" content=\"image\/jpeg\" \/>\n<meta name=\"twitter:card\" content=\"summary_large_image\" \/>\n<meta name=\"twitter:label1\" content=\"Dur\u00e9e de lecture estim\u00e9e\" \/>\n\t<meta name=\"twitter:data1\" content=\"1 minute\" \/>\n<script type=\"application\/ld+json\" class=\"yoast-schema-graph\">{\"@context\":\"https:\/\/schema.org\",\"@graph\":[{\"@type\":\"WebPage\",\"@id\":\"https:\/\/freemove.fr\/fr\/produit\/kit-outils-onewheel\/\",\"url\":\"https:\/\/freemove.fr\/fr\/produit\/kit-outils-onewheel\/\",\"name\":\"KIT OUTILS ONEWHEEL - Boutique Freemove\",\"isPartOf\":{\"@id\":\"https:\/\/freemove.fr\/en\/#website\"},\"primaryImageOfPage\":{\"@id\":\"https:\/\/freemove.fr\/fr\/produit\/kit-outils-onewheel\/#primaryimage\"},\"image\":{\"@id\":\"https:\/\/freemove.fr\/fr\/produit\/kit-outils-onewheel\/#primaryimage\"},\"thumbnailUrl\":\"https:\/\/freemove.fr\/wp-content\/uploads\/2021\/07\/Kit-Outils-Onewheel.jpg\",\"datePublished\":\"2021-07-07T17:52:23+00:00\",\"dateModified\":\"2023-07-10T17:28:34+00:00\",\"breadcrumb\":{\"@id\":\"https:\/\/freemove.fr\/fr\/produit\/kit-outils-onewheel\/#breadcrumb\"},\"inLanguage\":\"fr-FR\",\"potentialAction\":[{\"@type\":\"ReadAction\",\"target\":[\"https:\/\/freemove.fr\/fr\/produit\/kit-outils-onewheel\/\"]}]},{\"@type\":\"ImageObject\",\"inLanguage\":\"fr-FR\",\"@id\":\"https:\/\/freemove.fr\/fr\/produit\/kit-outils-onewheel\/#primaryimage\",\"url\":\"https:\/\/freemove.fr\/wp-content\/uploads\/2021\/07\/Kit-Outils-Onewheel.jpg\",\"contentUrl\":\"https:\/\/freemove.fr\/wp-content\/uploads\/2021\/07\/Kit-Outils-Onewheel.jpg\",\"width\":1440,\"height\":1080},{\"@type\":\"BreadcrumbList\",\"@id\":\"https:\/\/freemove.fr\/fr\/produit\/kit-outils-onewheel\/#breadcrumb\",\"itemListElement\":[{\"@type\":\"ListItem\",\"position\":1,\"name\":\"Accueil\",\"item\":\"https:\/\/freemove.fr\/fr\/\"},{\"@type\":\"ListItem\",\"position\":2,\"name\":\"Boutique\",\"item\":\"https:\/\/freemove.fr\/fr\/boutique\/\"},{\"@type\":\"ListItem\",\"position\":3,\"name\":\"KIT OUTILS ONEWHEEL\"}]},{\"@type\":\"WebSite\",\"@id\":\"https:\/\/freemove.fr\/en\/#website\",\"url\":\"https:\/\/freemove.fr\/en\/\",\"name\":\"Freemove la Glisse \u00c9lectrique pour tous\",\"description\":\"Onewheel - Visites guid\u00e9es en Segway \u00e0 Amboise\",\"publisher\":{\"@id\":\"https:\/\/freemove.fr\/en\/#organization\"},\"potentialAction\":[{\"@type\":\"SearchAction\",\"target\":{\"@type\":\"EntryPoint\",\"urlTemplate\":\"https:\/\/freemove.fr\/en\/?s={search_term_string}\"},\"query-input\":{\"@type\":\"PropertyValueSpecification\",\"valueRequired\":true,\"valueName\":\"search_term_string\"}}],\"inLanguage\":\"fr-FR\"},{\"@type\":\"Organization\",\"@id\":\"https:\/\/freemove.fr\/en\/#organization\",\"name\":\"Freemove\",\"url\":\"https:\/\/freemove.fr\/en\/\",\"logo\":{\"@type\":\"ImageObject\",\"inLanguage\":\"fr-FR\",\"@id\":\"https:\/\/freemove.fr\/en\/#\/schema\/logo\/image\/\",\"url\":\"https:\/\/freemove.fr\/wp-content\/uploads\/2021\/06\/footer_logotype-1.svg\",\"contentUrl\":\"https:\/\/freemove.fr\/wp-content\/uploads\/2021\/06\/footer_logotype-1.svg\",\"width\":163,\"height\":45,\"caption\":\"Freemove\"},\"image\":{\"@id\":\"https:\/\/freemove.fr\/en\/#\/schema\/logo\/image\/\"}}]}<\/script>\n<!-- \/ Yoast SEO plugin. -->","yoast_head_json":{"title":"KIT OUTILS ONEWHEEL - Boutique Freemove","robots":{"index":"index","follow":"follow","max-snippet":"max-snippet:-1","max-image-preview":"max-image-preview:large","max-video-preview":"max-video-preview:-1"},"canonical":"https:\/\/freemove.fr\/fr\/produit\/kit-outils-onewheel\/","og_locale":"fr_FR","og_type":"article","og_title":"KIT OUTILS ONEWHEEL - Boutique Freemove","og_description":"TOUT SOUS LA MAIN !","og_url":"https:\/\/freemove.fr\/fr\/produit\/kit-outils-onewheel\/","og_site_name":"Freemove la Glisse \u00c9lectrique pour tous","article_modified_time":"2023-07-10T17:28:34+00:00","og_image":[{"width":1440,"height":1080,"url":"https:\/\/freemove.fr\/wp-content\/uploads\/2021\/07\/Kit-Outils-Onewheel.jpg","type":"image\/jpeg"}],"twitter_card":"summary_large_image","twitter_misc":{"Dur\u00e9e de lecture estim\u00e9e":"1 minute"},"schema":{"@context":"https:\/\/schema.org","@graph":[{"@type":"WebPage","@id":"https:\/\/freemove.fr\/fr\/produit\/kit-outils-onewheel\/","url":"https:\/\/freemove.fr\/fr\/produit\/kit-outils-onewheel\/","name":"KIT OUTILS ONEWHEEL - Boutique Freemove","isPartOf":{"@id":"https:\/\/freemove.fr\/en\/#website"},"primaryImageOfPage":{"@id":"https:\/\/freemove.fr\/fr\/produit\/kit-outils-onewheel\/#primaryimage"},"image":{"@id":"https:\/\/freemove.fr\/fr\/produit\/kit-outils-onewheel\/#primaryimage"},"thumbnailUrl":"https:\/\/freemove.fr\/wp-content\/uploads\/2021\/07\/Kit-Outils-Onewheel.jpg","datePublished":"2021-07-07T17:52:23+00:00","dateModified":"2023-07-10T17:28:34+00:00","breadcrumb":{"@id":"https:\/\/freemove.fr\/fr\/produit\/kit-outils-onewheel\/#breadcrumb"},"inLanguage":"fr-FR","potentialAction":[{"@type":"ReadAction","target":["https:\/\/freemove.fr\/fr\/produit\/kit-outils-onewheel\/"]}]},{"@type":"ImageObject","inLanguage":"fr-FR","@id":"https:\/\/freemove.fr\/fr\/produit\/kit-outils-onewheel\/#primaryimage","url":"https:\/\/freemove.fr\/wp-content\/uploads\/2021\/07\/Kit-Outils-Onewheel.jpg","contentUrl":"https:\/\/freemove.fr\/wp-content\/uploads\/2021\/07\/Kit-Outils-Onewheel.jpg","width":1440,"height":1080},{"@type":"BreadcrumbList","@id":"https:\/\/freemove.fr\/fr\/produit\/kit-outils-onewheel\/#breadcrumb","itemListElement":[{"@type":"ListItem","position":1,"name":"Accueil","item":"https:\/\/freemove.fr\/fr\/"},{"@type":"ListItem","position":2,"name":"Boutique","item":"https:\/\/freemove.fr\/fr\/boutique\/"},{"@type":"ListItem","position":3,"name":"KIT OUTILS ONEWHEEL"}]},{"@type":"WebSite","@id":"https:\/\/freemove.fr\/en\/#website","url":"https:\/\/freemove.fr\/en\/","name":"Freemove la Glisse \u00c9lectrique pour tous","description":"Onewheel - Visites guid\u00e9es en Segway \u00e0 Amboise","publisher":{"@id":"https:\/\/freemove.fr\/en\/#organization"},"potentialAction":[{"@type":"SearchAction","target":{"@type":"EntryPoint","urlTemplate":"https:\/\/freemove.fr\/en\/?s={search_term_string}"},"query-input":{"@type":"PropertyValueSpecification","valueRequired":true,"valueName":"search_term_string"}}],"inLanguage":"fr-FR"},{"@type":"Organization","@id":"https:\/\/freemove.fr\/en\/#organization","name":"Freemove","url":"https:\/\/freemove.fr\/en\/","logo":{"@type":"ImageObject","inLanguage":"fr-FR","@id":"https:\/\/freemove.fr\/en\/#\/schema\/logo\/image\/","url":"https:\/\/freemove.fr\/wp-content\/uploads\/2021\/06\/footer_logotype-1.svg","contentUrl":"https:\/\/freemove.fr\/wp-content\/uploads\/2021\/06\/footer_logotype-1.svg","width":163,"height":45,"caption":"Freemove"},"image":{"@id":"https:\/\/freemove.fr\/en\/#\/schema\/logo\/image\/"}}]}},"_links":{"self":[{"href":"https:\/\/freemove.fr\/fr\/wp-json\/wp\/v2\/product\/7833","targetHints":{"allow":["GET"]}}],"collection":[{"href":"https:\/\/freemove.fr\/fr\/wp-json\/wp\/v2\/product"}],"about":[{"href":"https:\/\/freemove.fr\/fr\/wp-json\/wp\/v2\/types\/product"}],"replies":[{"embeddable":true,"href":"https:\/\/freemove.fr\/fr\/wp-json\/wp\/v2\/comments?post=7833"}],"wp:featuredmedia":[{"embeddable":true,"href":"https:\/\/freemove.fr\/fr\/wp-json\/wp\/v2\/media\/7834"}],"wp:attachment":[{"href":"https:\/\/freemove.fr\/fr\/wp-json\/wp\/v2\/media?parent=7833"}],"wp:term":[{"taxonomy":"product_brand","embeddable":true,"href":"https:\/\/freemove.fr\/fr\/wp-json\/wp\/v2\/product_brand?post=7833"},{"taxonomy":"product_cat","embeddable":true,"href":"https:\/\/freemove.fr\/fr\/wp-json\/wp\/v2\/product_cat?post=7833"},{"taxonomy":"product_tag","embeddable":true,"href":"https:\/\/freemove.fr\/fr\/wp-json\/wp\/v2\/product_tag?post=7833"}],"curies":[{"name":"wp","href":"https:\/\/api.w.org\/{rel}","templated":true}]}}