


























{"id":7828,"date":"2021-07-07T19:22:57","date_gmt":"2021-07-07T17:22:57","guid":{"rendered":"https:\/\/freemove.fr\/?post_type=product&#038;p=7828"},"modified":"2023-06-05T14:18:46","modified_gmt":"2023-06-05T12:18:46","slug":"fangs-mini-v2","status":"publish","type":"product","link":"https:\/\/freemove.fr\/fr\/produit\/fangs-mini-v2\/","title":{"rendered":"FANGS MINI V2"},"content":{"rendered":"<p>D\u00e9velopp\u00e9es par la soci\u00e9t\u00e9 am\u00e9ricaine\u00a0<strong>Land-Surf<\/strong>, ces mini-roulettes se fixent\u00a0<strong>\u00e0 l&rsquo;avant de votre Onewheel+ et XR<\/strong>\u00a0gr\u00e2ce aux vis fournies.<\/p>\n<p>En cas de\u00a0<strong>Nosedive<\/strong>, elles\u00a0<strong>limitent consid\u00e9rablement la d\u00e9c\u00e9l\u00e9ration brutale<\/strong>,\u00a0qui\u00a0a pour effet de vous \u00e9jecter de la board, tout en\u00a0<strong>diminuant l&rsquo;angle de piqu\u00e9<\/strong>\u00a0de la planche. Elles vous donnent\u00a0<strong>quelques pr\u00e9cieuses secondes<\/strong>\u00a0pour sauter\u00a0de mani\u00e8re contr\u00f4l\u00e9e et peuvent m\u00eame vous permettre de\u00a0<strong>rattraper la situation<\/strong>\u00a0et continuer \u00e0 rouler !<\/p>\n<p><strong>Attention !<\/strong>\u00a0L&rsquo;utilisation des FANGS\u00a0<strong>n\u00e9cessite de la pratique<\/strong>\u00a0afin d&rsquo;apprendre \u00e0 s&rsquo;en servir\u00a0correctement. Ils s&rsquo;av\u00e8rent\u00a0<strong>particuli\u00e8rement efficaces dans les mont\u00e9es raides<\/strong>\u00a0qui obligent le rider \u00e0 pousser sur le nose, augmentant le risque de frotter le sol.<\/p>\n<p>Enfin, les FANGS permettent\u00a0avec\u00a0<strong>un peu d&rsquo;entra\u00eenement<\/strong>\u00a0d&rsquo;effectuer des\u00a0<strong>\u00ab\u00a0FANGS DRAG STARTS\u00a0\u00bb<\/strong>, acc\u00e9l\u00e9rations brutales sur piste lisse (asphalte) en faisant plonger le nose du Onewheel !\u00a0<strong>Sensations garanties !<\/strong><\/p>\n<ul>\n<li><em>Un nouveau design \u00e9l\u00e9gant qui s&rsquo;harmonise avec le design de la planche et permet une installation ou un d\u00e9montage facile sans d\u00e9montage de la roue. Une seule vis sur chaque support est maintenant facilement accessible.<\/em><\/li>\n<li><em>Nylon moul\u00e9 par injection, rempli de verre pour une durabilit\u00e9 extr\u00eame.<\/em><\/li>\n<li><em>Roue en ur\u00e9thane sur mesure, moul\u00e9e avec pr\u00e9cision (rempla\u00e7able), aussi large que la roue FANGS 2.1\u00a0mais d&rsquo;un diam\u00e8tre plus petit.<\/em><\/li>\n<li><em>Vis en acier inoxydable incluses.<\/em><\/li>\n<li><em>Deux roulements \u00e0 billes sur chaque essieu.<\/em><\/li>\n<li><em>Pas de per\u00e7age de votre Bumper ou de votre FootPad\u00a0&#8211; Vissez et ridez !<\/em><\/li>\n<\/ul>\n","protected":false},"excerpt":{"rendered":"<h3 class=\"node-produit-sous-titre\">LES MINI-ROULETTES QUI LIMITENT L&rsquo;EFFET NOSEDIVE !<\/h3>\n","protected":false},"featured_media":7831,"comment_status":"closed","ping_status":"closed","template":"","meta":{"inline_featured_image":false},"product_brand":[],"product_cat":[298],"product_tag":[658],"class_list":{"0":"post-7828","1":"product","2":"type-product","3":"status-publish","4":"has-post-thumbnail","6":"product_cat-accessoires-onewheel-xr","7":"product_tag-fangs","8":"entry","9":"has-media","11":"first","12":"outofstock","13":"taxable","14":"shipping-taxable","15":"purchasable","16":"product-type-simple"},"acf":[],"yoast_head":"<!-- This site is optimized with the Yoast SEO plugin v24.9 - https:\/\/yoast.com\/wordpress\/plugins\/seo\/ -->\n<title>FANGS MINI V2 - Boutique Freemove<\/title>\n<meta name=\"robots\" content=\"index, follow, max-snippet:-1, max-image-preview:large, max-video-preview:-1\" \/>\n<link rel=\"canonical\" href=\"https:\/\/freemove.fr\/fr\/produit\/fangs-mini-v2\/\" \/>\n<meta property=\"og:locale\" content=\"fr_FR\" \/>\n<meta property=\"og:type\" content=\"article\" \/>\n<meta property=\"og:title\" content=\"FANGS MINI V2 - Boutique Freemove\" \/>\n<meta property=\"og:description\" content=\"LES MINI-ROULETTES QUI LIMITENT L&#039;EFFET NOSEDIVE !\" \/>\n<meta property=\"og:url\" content=\"https:\/\/freemove.fr\/fr\/produit\/fangs-mini-v2\/\" \/>\n<meta property=\"og:site_name\" content=\"Freemove la Glisse \u00c9lectrique pour tous\" \/>\n<meta property=\"article:modified_time\" content=\"2023-06-05T12:18:46+00:00\" \/>\n<meta property=\"og:image\" content=\"https:\/\/freemove.fr\/wp-content\/uploads\/2021\/07\/Fangs-Mini-V2.jpg\" \/>\n\t<meta property=\"og:image:width\" content=\"1440\" \/>\n\t<meta property=\"og:image:height\" content=\"1080\" \/>\n\t<meta property=\"og:image:type\" content=\"image\/jpeg\" \/>\n<meta name=\"twitter:card\" content=\"summary_large_image\" \/>\n<meta name=\"twitter:label1\" content=\"Dur\u00e9e de lecture estim\u00e9e\" \/>\n\t<meta name=\"twitter:data1\" content=\"2 minutes\" \/>\n<script type=\"application\/ld+json\" class=\"yoast-schema-graph\">{\"@context\":\"https:\/\/schema.org\",\"@graph\":[{\"@type\":\"WebPage\",\"@id\":\"https:\/\/freemove.fr\/fr\/produit\/fangs-mini-v2\/\",\"url\":\"https:\/\/freemove.fr\/fr\/produit\/fangs-mini-v2\/\",\"name\":\"FANGS MINI V2 - Boutique Freemove\",\"isPartOf\":{\"@id\":\"https:\/\/freemove.fr\/en\/#website\"},\"primaryImageOfPage\":{\"@id\":\"https:\/\/freemove.fr\/fr\/produit\/fangs-mini-v2\/#primaryimage\"},\"image\":{\"@id\":\"https:\/\/freemove.fr\/fr\/produit\/fangs-mini-v2\/#primaryimage\"},\"thumbnailUrl\":\"https:\/\/freemove.fr\/wp-content\/uploads\/2021\/07\/Fangs-Mini-V2.jpg\",\"datePublished\":\"2021-07-07T17:22:57+00:00\",\"dateModified\":\"2023-06-05T12:18:46+00:00\",\"breadcrumb\":{\"@id\":\"https:\/\/freemove.fr\/fr\/produit\/fangs-mini-v2\/#breadcrumb\"},\"inLanguage\":\"fr-FR\",\"potentialAction\":[{\"@type\":\"ReadAction\",\"target\":[\"https:\/\/freemove.fr\/fr\/produit\/fangs-mini-v2\/\"]}]},{\"@type\":\"ImageObject\",\"inLanguage\":\"fr-FR\",\"@id\":\"https:\/\/freemove.fr\/fr\/produit\/fangs-mini-v2\/#primaryimage\",\"url\":\"https:\/\/freemove.fr\/wp-content\/uploads\/2021\/07\/Fangs-Mini-V2.jpg\",\"contentUrl\":\"https:\/\/freemove.fr\/wp-content\/uploads\/2021\/07\/Fangs-Mini-V2.jpg\",\"width\":1440,\"height\":1080},{\"@type\":\"BreadcrumbList\",\"@id\":\"https:\/\/freemove.fr\/fr\/produit\/fangs-mini-v2\/#breadcrumb\",\"itemListElement\":[{\"@type\":\"ListItem\",\"position\":1,\"name\":\"Accueil\",\"item\":\"https:\/\/freemove.fr\/fr\/\"},{\"@type\":\"ListItem\",\"position\":2,\"name\":\"Boutique\",\"item\":\"https:\/\/freemove.fr\/fr\/boutique\/\"},{\"@type\":\"ListItem\",\"position\":3,\"name\":\"FANGS MINI V2\"}]},{\"@type\":\"WebSite\",\"@id\":\"https:\/\/freemove.fr\/en\/#website\",\"url\":\"https:\/\/freemove.fr\/en\/\",\"name\":\"Freemove la Glisse \u00c9lectrique pour tous\",\"description\":\"Onewheel - Visites guid\u00e9es en Segway \u00e0 Amboise\",\"publisher\":{\"@id\":\"https:\/\/freemove.fr\/en\/#organization\"},\"potentialAction\":[{\"@type\":\"SearchAction\",\"target\":{\"@type\":\"EntryPoint\",\"urlTemplate\":\"https:\/\/freemove.fr\/en\/?s={search_term_string}\"},\"query-input\":{\"@type\":\"PropertyValueSpecification\",\"valueRequired\":true,\"valueName\":\"search_term_string\"}}],\"inLanguage\":\"fr-FR\"},{\"@type\":\"Organization\",\"@id\":\"https:\/\/freemove.fr\/en\/#organization\",\"name\":\"Freemove\",\"url\":\"https:\/\/freemove.fr\/en\/\",\"logo\":{\"@type\":\"ImageObject\",\"inLanguage\":\"fr-FR\",\"@id\":\"https:\/\/freemove.fr\/en\/#\/schema\/logo\/image\/\",\"url\":\"https:\/\/freemove.fr\/wp-content\/uploads\/2021\/06\/footer_logotype-1.svg\",\"contentUrl\":\"https:\/\/freemove.fr\/wp-content\/uploads\/2021\/06\/footer_logotype-1.svg\",\"width\":163,\"height\":45,\"caption\":\"Freemove\"},\"image\":{\"@id\":\"https:\/\/freemove.fr\/en\/#\/schema\/logo\/image\/\"}}]}<\/script>\n<!-- \/ Yoast SEO plugin. -->","yoast_head_json":{"title":"FANGS MINI V2 - Boutique Freemove","robots":{"index":"index","follow":"follow","max-snippet":"max-snippet:-1","max-image-preview":"max-image-preview:large","max-video-preview":"max-video-preview:-1"},"canonical":"https:\/\/freemove.fr\/fr\/produit\/fangs-mini-v2\/","og_locale":"fr_FR","og_type":"article","og_title":"FANGS MINI V2 - Boutique Freemove","og_description":"LES MINI-ROULETTES QUI LIMITENT L'EFFET NOSEDIVE !","og_url":"https:\/\/freemove.fr\/fr\/produit\/fangs-mini-v2\/","og_site_name":"Freemove la Glisse \u00c9lectrique pour tous","article_modified_time":"2023-06-05T12:18:46+00:00","og_image":[{"width":1440,"height":1080,"url":"https:\/\/freemove.fr\/wp-content\/uploads\/2021\/07\/Fangs-Mini-V2.jpg","type":"image\/jpeg"}],"twitter_card":"summary_large_image","twitter_misc":{"Dur\u00e9e de lecture estim\u00e9e":"2 minutes"},"schema":{"@context":"https:\/\/schema.org","@graph":[{"@type":"WebPage","@id":"https:\/\/freemove.fr\/fr\/produit\/fangs-mini-v2\/","url":"https:\/\/freemove.fr\/fr\/produit\/fangs-mini-v2\/","name":"FANGS MINI V2 - Boutique Freemove","isPartOf":{"@id":"https:\/\/freemove.fr\/en\/#website"},"primaryImageOfPage":{"@id":"https:\/\/freemove.fr\/fr\/produit\/fangs-mini-v2\/#primaryimage"},"image":{"@id":"https:\/\/freemove.fr\/fr\/produit\/fangs-mini-v2\/#primaryimage"},"thumbnailUrl":"https:\/\/freemove.fr\/wp-content\/uploads\/2021\/07\/Fangs-Mini-V2.jpg","datePublished":"2021-07-07T17:22:57+00:00","dateModified":"2023-06-05T12:18:46+00:00","breadcrumb":{"@id":"https:\/\/freemove.fr\/fr\/produit\/fangs-mini-v2\/#breadcrumb"},"inLanguage":"fr-FR","potentialAction":[{"@type":"ReadAction","target":["https:\/\/freemove.fr\/fr\/produit\/fangs-mini-v2\/"]}]},{"@type":"ImageObject","inLanguage":"fr-FR","@id":"https:\/\/freemove.fr\/fr\/produit\/fangs-mini-v2\/#primaryimage","url":"https:\/\/freemove.fr\/wp-content\/uploads\/2021\/07\/Fangs-Mini-V2.jpg","contentUrl":"https:\/\/freemove.fr\/wp-content\/uploads\/2021\/07\/Fangs-Mini-V2.jpg","width":1440,"height":1080},{"@type":"BreadcrumbList","@id":"https:\/\/freemove.fr\/fr\/produit\/fangs-mini-v2\/#breadcrumb","itemListElement":[{"@type":"ListItem","position":1,"name":"Accueil","item":"https:\/\/freemove.fr\/fr\/"},{"@type":"ListItem","position":2,"name":"Boutique","item":"https:\/\/freemove.fr\/fr\/boutique\/"},{"@type":"ListItem","position":3,"name":"FANGS MINI V2"}]},{"@type":"WebSite","@id":"https:\/\/freemove.fr\/en\/#website","url":"https:\/\/freemove.fr\/en\/","name":"Freemove la Glisse \u00c9lectrique pour tous","description":"Onewheel - Visites guid\u00e9es en Segway \u00e0 Amboise","publisher":{"@id":"https:\/\/freemove.fr\/en\/#organization"},"potentialAction":[{"@type":"SearchAction","target":{"@type":"EntryPoint","urlTemplate":"https:\/\/freemove.fr\/en\/?s={search_term_string}"},"query-input":{"@type":"PropertyValueSpecification","valueRequired":true,"valueName":"search_term_string"}}],"inLanguage":"fr-FR"},{"@type":"Organization","@id":"https:\/\/freemove.fr\/en\/#organization","name":"Freemove","url":"https:\/\/freemove.fr\/en\/","logo":{"@type":"ImageObject","inLanguage":"fr-FR","@id":"https:\/\/freemove.fr\/en\/#\/schema\/logo\/image\/","url":"https:\/\/freemove.fr\/wp-content\/uploads\/2021\/06\/footer_logotype-1.svg","contentUrl":"https:\/\/freemove.fr\/wp-content\/uploads\/2021\/06\/footer_logotype-1.svg","width":163,"height":45,"caption":"Freemove"},"image":{"@id":"https:\/\/freemove.fr\/en\/#\/schema\/logo\/image\/"}}]}},"_links":{"self":[{"href":"https:\/\/freemove.fr\/fr\/wp-json\/wp\/v2\/product\/7828","targetHints":{"allow":["GET"]}}],"collection":[{"href":"https:\/\/freemove.fr\/fr\/wp-json\/wp\/v2\/product"}],"about":[{"href":"https:\/\/freemove.fr\/fr\/wp-json\/wp\/v2\/types\/product"}],"replies":[{"embeddable":true,"href":"https:\/\/freemove.fr\/fr\/wp-json\/wp\/v2\/comments?post=7828"}],"wp:featuredmedia":[{"embeddable":true,"href":"https:\/\/freemove.fr\/fr\/wp-json\/wp\/v2\/media\/7831"}],"wp:attachment":[{"href":"https:\/\/freemove.fr\/fr\/wp-json\/wp\/v2\/media?parent=7828"}],"wp:term":[{"taxonomy":"product_brand","embeddable":true,"href":"https:\/\/freemove.fr\/fr\/wp-json\/wp\/v2\/product_brand?post=7828"},{"taxonomy":"product_cat","embeddable":true,"href":"https:\/\/freemove.fr\/fr\/wp-json\/wp\/v2\/product_cat?post=7828"},{"taxonomy":"product_tag","embeddable":true,"href":"https:\/\/freemove.fr\/fr\/wp-json\/wp\/v2\/product_tag?post=7828"}],"curies":[{"name":"wp","href":"https:\/\/api.w.org\/{rel}","templated":true}]}}