


























{"id":7785,"date":"2021-07-07T14:25:41","date_gmt":"2021-07-07T12:25:41","guid":{"rendered":"https:\/\/freemove.fr\/?post_type=product&#038;p=7785"},"modified":"2025-03-26T09:46:39","modified_gmt":"2025-03-26T08:46:39","slug":"fender-magnetique-spectrum-pint","status":"publish","type":"product","link":"https:\/\/freemove.fr\/fr\/produit\/fender-magnetique-spectrum-pint\/","title":{"rendered":"FENDER MAGNETIQUE SPECTRUM PINT"},"content":{"rendered":"<p>D\u00e9velopp\u00e9 par la soci\u00e9t\u00e9 am\u00e9ricaine\u00a0<strong>Craft&amp;Ride,<\/strong>\u00a0ce\u00a0Fender int\u00e9gral\u00a0a la particularit\u00e9 d&rsquo;\u00eatre\u00a0<strong>aimant\u00e9<\/strong>\u00a0sur votre\u00a0<strong>OneWheel PINT<\/strong>\u00a0! Fallait y penser !<\/p>\n<p>Une fois\u00a0les\u00a0syst\u00e8mes de fixation viss\u00e9s\u00a0sur votre board, le Fender Spectrum\u00a0<strong>se pose ou s&rsquo;enl\u00e8ve en 2 secondes<\/strong>\u00a0! Plus besoin de sortir son jeu de cl\u00e9s allen pour le retirer ou le fixer, il suffit de tirer dessus ou de le clipser !<\/p>\n<p>Vous pouvez ensuite\u00a0le transporter dans\u00a0<strong>son sac en toile\u00a0fourni<\/strong>\u00a0avec ! Les changements soudains de m\u00e9t\u00e9o ne seront plus un probl\u00e8me ! Vous aurez toujours les bas de pantalon propres ! Classe non ?<\/p>\n<p>Disponible en\u00a0<strong>diff\u00e9rents coloris<\/strong>\u00a0pour personnaliser votre OneWheel PINT !<\/p>\n","protected":false},"excerpt":{"rendered":"<h3>Pratique et efficace !<\/h3>\n","protected":false},"featured_media":7792,"comment_status":"closed","ping_status":"closed","template":"","meta":{"inline_featured_image":false},"product_brand":[],"product_cat":[304],"product_tag":[648],"class_list":{"0":"post-7785","1":"product","2":"type-product","3":"status-publish","4":"has-post-thumbnail","6":"product_cat-accessoires-onewheel-pint","7":"product_tag-fenders","8":"pa_couleur-bleu","9":"pa_couleur-gris","10":"pa_couleur-jaune","11":"pa_couleur-noir","12":"pa_couleur-orange","13":"pa_couleur-rose","14":"pa_couleur-rouge","15":"pa_couleur-vert","16":"entry","17":"has-media","19":"first","20":"outofstock","21":"sale","22":"taxable","23":"shipping-taxable","24":"purchasable","25":"product-type-variable"},"acf":[],"yoast_head":"<!-- This site is optimized with the Yoast SEO plugin v24.9 - https:\/\/yoast.com\/wordpress\/plugins\/seo\/ -->\n<title>FENDER MAGNETIQUE SPECTRUM PINT - Boutique Freemove<\/title>\n<meta name=\"robots\" content=\"index, follow, max-snippet:-1, max-image-preview:large, max-video-preview:-1\" \/>\n<link rel=\"canonical\" href=\"https:\/\/freemove.fr\/fr\/produit\/fender-magnetique-spectrum-pint\/\" \/>\n<meta property=\"og:locale\" content=\"fr_FR\" \/>\n<meta property=\"og:type\" content=\"article\" \/>\n<meta property=\"og:title\" content=\"FENDER MAGNETIQUE SPECTRUM PINT - Boutique Freemove\" \/>\n<meta property=\"og:description\" content=\"Pratique et efficace !\" \/>\n<meta property=\"og:url\" content=\"https:\/\/freemove.fr\/fr\/produit\/fender-magnetique-spectrum-pint\/\" \/>\n<meta property=\"og:site_name\" content=\"Freemove la Glisse \u00c9lectrique pour tous\" \/>\n<meta property=\"article:modified_time\" content=\"2025-03-26T08:46:39+00:00\" \/>\n<meta property=\"og:image\" content=\"https:\/\/freemove.fr\/wp-content\/uploads\/2021\/07\/Fender-Spectrum-Pint-Rouge.jpg\" \/>\n\t<meta property=\"og:image:width\" content=\"1440\" \/>\n\t<meta property=\"og:image:height\" content=\"1080\" \/>\n\t<meta property=\"og:image:type\" content=\"image\/jpeg\" \/>\n<meta name=\"twitter:card\" content=\"summary_large_image\" \/>\n<meta name=\"twitter:label1\" content=\"Dur\u00e9e de lecture estim\u00e9e\" \/>\n\t<meta name=\"twitter:data1\" content=\"1 minute\" \/>\n<script type=\"application\/ld+json\" class=\"yoast-schema-graph\">{\"@context\":\"https:\/\/schema.org\",\"@graph\":[{\"@type\":\"WebPage\",\"@id\":\"https:\/\/freemove.fr\/fr\/produit\/fender-magnetique-spectrum-pint\/\",\"url\":\"https:\/\/freemove.fr\/fr\/produit\/fender-magnetique-spectrum-pint\/\",\"name\":\"FENDER MAGNETIQUE SPECTRUM PINT - Boutique Freemove\",\"isPartOf\":{\"@id\":\"https:\/\/freemove.fr\/en\/#website\"},\"primaryImageOfPage\":{\"@id\":\"https:\/\/freemove.fr\/fr\/produit\/fender-magnetique-spectrum-pint\/#primaryimage\"},\"image\":{\"@id\":\"https:\/\/freemove.fr\/fr\/produit\/fender-magnetique-spectrum-pint\/#primaryimage\"},\"thumbnailUrl\":\"https:\/\/freemove.fr\/wp-content\/uploads\/2021\/07\/Fender-Spectrum-Pint-Rouge.jpg\",\"datePublished\":\"2021-07-07T12:25:41+00:00\",\"dateModified\":\"2025-03-26T08:46:39+00:00\",\"breadcrumb\":{\"@id\":\"https:\/\/freemove.fr\/fr\/produit\/fender-magnetique-spectrum-pint\/#breadcrumb\"},\"inLanguage\":\"fr-FR\",\"potentialAction\":[{\"@type\":\"ReadAction\",\"target\":[\"https:\/\/freemove.fr\/fr\/produit\/fender-magnetique-spectrum-pint\/\"]}]},{\"@type\":\"ImageObject\",\"inLanguage\":\"fr-FR\",\"@id\":\"https:\/\/freemove.fr\/fr\/produit\/fender-magnetique-spectrum-pint\/#primaryimage\",\"url\":\"https:\/\/freemove.fr\/wp-content\/uploads\/2021\/07\/Fender-Spectrum-Pint-Rouge.jpg\",\"contentUrl\":\"https:\/\/freemove.fr\/wp-content\/uploads\/2021\/07\/Fender-Spectrum-Pint-Rouge.jpg\",\"width\":1440,\"height\":1080},{\"@type\":\"BreadcrumbList\",\"@id\":\"https:\/\/freemove.fr\/fr\/produit\/fender-magnetique-spectrum-pint\/#breadcrumb\",\"itemListElement\":[{\"@type\":\"ListItem\",\"position\":1,\"name\":\"Accueil\",\"item\":\"https:\/\/freemove.fr\/fr\/\"},{\"@type\":\"ListItem\",\"position\":2,\"name\":\"Boutique\",\"item\":\"https:\/\/freemove.fr\/fr\/boutique\/\"},{\"@type\":\"ListItem\",\"position\":3,\"name\":\"FENDER MAGNETIQUE SPECTRUM PINT\"}]},{\"@type\":\"WebSite\",\"@id\":\"https:\/\/freemove.fr\/en\/#website\",\"url\":\"https:\/\/freemove.fr\/en\/\",\"name\":\"Freemove la Glisse \u00c9lectrique pour tous\",\"description\":\"Onewheel - Visites guid\u00e9es en Segway \u00e0 Amboise\",\"publisher\":{\"@id\":\"https:\/\/freemove.fr\/en\/#organization\"},\"potentialAction\":[{\"@type\":\"SearchAction\",\"target\":{\"@type\":\"EntryPoint\",\"urlTemplate\":\"https:\/\/freemove.fr\/en\/?s={search_term_string}\"},\"query-input\":{\"@type\":\"PropertyValueSpecification\",\"valueRequired\":true,\"valueName\":\"search_term_string\"}}],\"inLanguage\":\"fr-FR\"},{\"@type\":\"Organization\",\"@id\":\"https:\/\/freemove.fr\/en\/#organization\",\"name\":\"Freemove\",\"url\":\"https:\/\/freemove.fr\/en\/\",\"logo\":{\"@type\":\"ImageObject\",\"inLanguage\":\"fr-FR\",\"@id\":\"https:\/\/freemove.fr\/en\/#\/schema\/logo\/image\/\",\"url\":\"https:\/\/freemove.fr\/wp-content\/uploads\/2021\/06\/footer_logotype-1.svg\",\"contentUrl\":\"https:\/\/freemove.fr\/wp-content\/uploads\/2021\/06\/footer_logotype-1.svg\",\"width\":163,\"height\":45,\"caption\":\"Freemove\"},\"image\":{\"@id\":\"https:\/\/freemove.fr\/en\/#\/schema\/logo\/image\/\"}}]}<\/script>\n<!-- \/ Yoast SEO plugin. -->","yoast_head_json":{"title":"FENDER MAGNETIQUE SPECTRUM PINT - Boutique Freemove","robots":{"index":"index","follow":"follow","max-snippet":"max-snippet:-1","max-image-preview":"max-image-preview:large","max-video-preview":"max-video-preview:-1"},"canonical":"https:\/\/freemove.fr\/fr\/produit\/fender-magnetique-spectrum-pint\/","og_locale":"fr_FR","og_type":"article","og_title":"FENDER MAGNETIQUE SPECTRUM PINT - Boutique Freemove","og_description":"Pratique et efficace !","og_url":"https:\/\/freemove.fr\/fr\/produit\/fender-magnetique-spectrum-pint\/","og_site_name":"Freemove la Glisse \u00c9lectrique pour tous","article_modified_time":"2025-03-26T08:46:39+00:00","og_image":[{"width":1440,"height":1080,"url":"https:\/\/freemove.fr\/wp-content\/uploads\/2021\/07\/Fender-Spectrum-Pint-Rouge.jpg","type":"image\/jpeg"}],"twitter_card":"summary_large_image","twitter_misc":{"Dur\u00e9e de lecture estim\u00e9e":"1 minute"},"schema":{"@context":"https:\/\/schema.org","@graph":[{"@type":"WebPage","@id":"https:\/\/freemove.fr\/fr\/produit\/fender-magnetique-spectrum-pint\/","url":"https:\/\/freemove.fr\/fr\/produit\/fender-magnetique-spectrum-pint\/","name":"FENDER MAGNETIQUE SPECTRUM PINT - Boutique Freemove","isPartOf":{"@id":"https:\/\/freemove.fr\/en\/#website"},"primaryImageOfPage":{"@id":"https:\/\/freemove.fr\/fr\/produit\/fender-magnetique-spectrum-pint\/#primaryimage"},"image":{"@id":"https:\/\/freemove.fr\/fr\/produit\/fender-magnetique-spectrum-pint\/#primaryimage"},"thumbnailUrl":"https:\/\/freemove.fr\/wp-content\/uploads\/2021\/07\/Fender-Spectrum-Pint-Rouge.jpg","datePublished":"2021-07-07T12:25:41+00:00","dateModified":"2025-03-26T08:46:39+00:00","breadcrumb":{"@id":"https:\/\/freemove.fr\/fr\/produit\/fender-magnetique-spectrum-pint\/#breadcrumb"},"inLanguage":"fr-FR","potentialAction":[{"@type":"ReadAction","target":["https:\/\/freemove.fr\/fr\/produit\/fender-magnetique-spectrum-pint\/"]}]},{"@type":"ImageObject","inLanguage":"fr-FR","@id":"https:\/\/freemove.fr\/fr\/produit\/fender-magnetique-spectrum-pint\/#primaryimage","url":"https:\/\/freemove.fr\/wp-content\/uploads\/2021\/07\/Fender-Spectrum-Pint-Rouge.jpg","contentUrl":"https:\/\/freemove.fr\/wp-content\/uploads\/2021\/07\/Fender-Spectrum-Pint-Rouge.jpg","width":1440,"height":1080},{"@type":"BreadcrumbList","@id":"https:\/\/freemove.fr\/fr\/produit\/fender-magnetique-spectrum-pint\/#breadcrumb","itemListElement":[{"@type":"ListItem","position":1,"name":"Accueil","item":"https:\/\/freemove.fr\/fr\/"},{"@type":"ListItem","position":2,"name":"Boutique","item":"https:\/\/freemove.fr\/fr\/boutique\/"},{"@type":"ListItem","position":3,"name":"FENDER MAGNETIQUE SPECTRUM PINT"}]},{"@type":"WebSite","@id":"https:\/\/freemove.fr\/en\/#website","url":"https:\/\/freemove.fr\/en\/","name":"Freemove la Glisse \u00c9lectrique pour tous","description":"Onewheel - Visites guid\u00e9es en Segway \u00e0 Amboise","publisher":{"@id":"https:\/\/freemove.fr\/en\/#organization"},"potentialAction":[{"@type":"SearchAction","target":{"@type":"EntryPoint","urlTemplate":"https:\/\/freemove.fr\/en\/?s={search_term_string}"},"query-input":{"@type":"PropertyValueSpecification","valueRequired":true,"valueName":"search_term_string"}}],"inLanguage":"fr-FR"},{"@type":"Organization","@id":"https:\/\/freemove.fr\/en\/#organization","name":"Freemove","url":"https:\/\/freemove.fr\/en\/","logo":{"@type":"ImageObject","inLanguage":"fr-FR","@id":"https:\/\/freemove.fr\/en\/#\/schema\/logo\/image\/","url":"https:\/\/freemove.fr\/wp-content\/uploads\/2021\/06\/footer_logotype-1.svg","contentUrl":"https:\/\/freemove.fr\/wp-content\/uploads\/2021\/06\/footer_logotype-1.svg","width":163,"height":45,"caption":"Freemove"},"image":{"@id":"https:\/\/freemove.fr\/en\/#\/schema\/logo\/image\/"}}]}},"_links":{"self":[{"href":"https:\/\/freemove.fr\/fr\/wp-json\/wp\/v2\/product\/7785","targetHints":{"allow":["GET"]}}],"collection":[{"href":"https:\/\/freemove.fr\/fr\/wp-json\/wp\/v2\/product"}],"about":[{"href":"https:\/\/freemove.fr\/fr\/wp-json\/wp\/v2\/types\/product"}],"replies":[{"embeddable":true,"href":"https:\/\/freemove.fr\/fr\/wp-json\/wp\/v2\/comments?post=7785"}],"wp:featuredmedia":[{"embeddable":true,"href":"https:\/\/freemove.fr\/fr\/wp-json\/wp\/v2\/media\/7792"}],"wp:attachment":[{"href":"https:\/\/freemove.fr\/fr\/wp-json\/wp\/v2\/media?parent=7785"}],"wp:term":[{"taxonomy":"product_brand","embeddable":true,"href":"https:\/\/freemove.fr\/fr\/wp-json\/wp\/v2\/product_brand?post=7785"},{"taxonomy":"product_cat","embeddable":true,"href":"https:\/\/freemove.fr\/fr\/wp-json\/wp\/v2\/product_cat?post=7785"},{"taxonomy":"product_tag","embeddable":true,"href":"https:\/\/freemove.fr\/fr\/wp-json\/wp\/v2\/product_tag?post=7785"}],"curies":[{"name":"wp","href":"https:\/\/api.w.org\/{rel}","templated":true}]}}