


























{"id":7580,"date":"2021-07-05T18:59:44","date_gmt":"2021-07-05T16:59:44","guid":{"rendered":"https:\/\/freemove.fr\/?post_type=product&#038;p=7580"},"modified":"2024-04-22T23:00:11","modified_gmt":"2024-04-22T21:00:11","slug":"bouchons-de-protection-x4","status":"publish","type":"product","link":"https:\/\/freemove.fr\/fr\/produit\/bouchons-de-protection-x4\/","title":{"rendered":"BOUCHONS DE PROTECTION X4"},"content":{"rendered":"<p><strong>Prot\u00e9gez contre l&rsquo;eau et la poussi\u00e8re<\/strong>\u00a0la prise de chargement et l&rsquo;interrupteur de votre Onewheel gr\u00e2ce \u00e0 ces\u00a0<strong>bouchons en caoutchouc souple<\/strong>.<\/p>\n<p>Ce kit comprend\u00a0<strong>2 bouchons de prise de charge<\/strong>\u00a0et\u00a0<strong>2 bouchons d&rsquo;interrupteur<\/strong>.<\/p>\n","protected":false},"excerpt":{"rendered":"<header class=\"node-produit-header col-xs-12\">\n<h3 class=\"node-produit-sous-titre\">STOP \u00c0 L&rsquo;EAU ET AU SABLE !<\/h3>\n<\/header>\n","protected":false},"featured_media":5094,"comment_status":"closed","ping_status":"closed","template":"","meta":{"inline_featured_image":false},"product_brand":[],"product_cat":[298],"product_tag":[668],"class_list":{"0":"post-7580","1":"product","2":"type-product","3":"status-publish","4":"has-post-thumbnail","6":"product_cat-accessoires-onewheel-xr","7":"product_tag-protections","8":"entry","9":"has-media","11":"first","12":"outofstock","13":"featured","14":"virtual","15":"taxable","16":"purchasable","17":"product-type-simple"},"acf":[],"yoast_head":"<!-- This site is optimized with the Yoast SEO plugin v24.9 - https:\/\/yoast.com\/wordpress\/plugins\/seo\/ -->\n<title>BOUCHONS DE PROTECTION X4 - Boutique Freemove<\/title>\n<meta name=\"robots\" content=\"index, follow, max-snippet:-1, max-image-preview:large, max-video-preview:-1\" \/>\n<link rel=\"canonical\" href=\"https:\/\/freemove.fr\/fr\/produit\/bouchons-de-protection-x4\/\" \/>\n<meta property=\"og:locale\" content=\"fr_FR\" \/>\n<meta property=\"og:type\" content=\"article\" \/>\n<meta property=\"og:title\" content=\"BOUCHONS DE PROTECTION X4 - Boutique Freemove\" \/>\n<meta property=\"og:description\" content=\"STOP \u00c0 L&#039;EAU ET AU SABLE !\" \/>\n<meta property=\"og:url\" content=\"https:\/\/freemove.fr\/fr\/produit\/bouchons-de-protection-x4\/\" \/>\n<meta property=\"og:site_name\" content=\"Freemove la Glisse \u00c9lectrique pour tous\" \/>\n<meta property=\"article:modified_time\" content=\"2024-04-22T21:00:11+00:00\" \/>\n<meta property=\"og:image\" content=\"https:\/\/freemove.fr\/wp-content\/uploads\/2021\/06\/bouchons_etanches_onewheel.jpg\" \/>\n\t<meta property=\"og:image:width\" content=\"1440\" \/>\n\t<meta property=\"og:image:height\" content=\"1080\" \/>\n\t<meta property=\"og:image:type\" content=\"image\/jpeg\" \/>\n<meta name=\"twitter:card\" content=\"summary_large_image\" \/>\n<meta name=\"twitter:label1\" content=\"Dur\u00e9e de lecture estim\u00e9e\" \/>\n\t<meta name=\"twitter:data1\" content=\"1 minute\" \/>\n<script type=\"application\/ld+json\" class=\"yoast-schema-graph\">{\"@context\":\"https:\/\/schema.org\",\"@graph\":[{\"@type\":\"WebPage\",\"@id\":\"https:\/\/freemove.fr\/fr\/produit\/bouchons-de-protection-x4\/\",\"url\":\"https:\/\/freemove.fr\/fr\/produit\/bouchons-de-protection-x4\/\",\"name\":\"BOUCHONS DE PROTECTION X4 - Boutique Freemove\",\"isPartOf\":{\"@id\":\"https:\/\/freemove.fr\/en\/#website\"},\"primaryImageOfPage\":{\"@id\":\"https:\/\/freemove.fr\/fr\/produit\/bouchons-de-protection-x4\/#primaryimage\"},\"image\":{\"@id\":\"https:\/\/freemove.fr\/fr\/produit\/bouchons-de-protection-x4\/#primaryimage\"},\"thumbnailUrl\":\"https:\/\/freemove.fr\/wp-content\/uploads\/2021\/06\/bouchons_etanches_onewheel.jpg\",\"datePublished\":\"2021-07-05T16:59:44+00:00\",\"dateModified\":\"2024-04-22T21:00:11+00:00\",\"breadcrumb\":{\"@id\":\"https:\/\/freemove.fr\/fr\/produit\/bouchons-de-protection-x4\/#breadcrumb\"},\"inLanguage\":\"fr-FR\",\"potentialAction\":[{\"@type\":\"ReadAction\",\"target\":[\"https:\/\/freemove.fr\/fr\/produit\/bouchons-de-protection-x4\/\"]}]},{\"@type\":\"ImageObject\",\"inLanguage\":\"fr-FR\",\"@id\":\"https:\/\/freemove.fr\/fr\/produit\/bouchons-de-protection-x4\/#primaryimage\",\"url\":\"https:\/\/freemove.fr\/wp-content\/uploads\/2021\/06\/bouchons_etanches_onewheel.jpg\",\"contentUrl\":\"https:\/\/freemove.fr\/wp-content\/uploads\/2021\/06\/bouchons_etanches_onewheel.jpg\",\"width\":1440,\"height\":1080},{\"@type\":\"BreadcrumbList\",\"@id\":\"https:\/\/freemove.fr\/fr\/produit\/bouchons-de-protection-x4\/#breadcrumb\",\"itemListElement\":[{\"@type\":\"ListItem\",\"position\":1,\"name\":\"Accueil\",\"item\":\"https:\/\/freemove.fr\/fr\/\"},{\"@type\":\"ListItem\",\"position\":2,\"name\":\"Boutique\",\"item\":\"https:\/\/freemove.fr\/fr\/boutique\/\"},{\"@type\":\"ListItem\",\"position\":3,\"name\":\"BOUCHONS DE PROTECTION X4\"}]},{\"@type\":\"WebSite\",\"@id\":\"https:\/\/freemove.fr\/en\/#website\",\"url\":\"https:\/\/freemove.fr\/en\/\",\"name\":\"Freemove la Glisse \u00c9lectrique pour tous\",\"description\":\"Onewheel - Visites guid\u00e9es en Segway \u00e0 Amboise\",\"publisher\":{\"@id\":\"https:\/\/freemove.fr\/en\/#organization\"},\"potentialAction\":[{\"@type\":\"SearchAction\",\"target\":{\"@type\":\"EntryPoint\",\"urlTemplate\":\"https:\/\/freemove.fr\/en\/?s={search_term_string}\"},\"query-input\":{\"@type\":\"PropertyValueSpecification\",\"valueRequired\":true,\"valueName\":\"search_term_string\"}}],\"inLanguage\":\"fr-FR\"},{\"@type\":\"Organization\",\"@id\":\"https:\/\/freemove.fr\/en\/#organization\",\"name\":\"Freemove\",\"url\":\"https:\/\/freemove.fr\/en\/\",\"logo\":{\"@type\":\"ImageObject\",\"inLanguage\":\"fr-FR\",\"@id\":\"https:\/\/freemove.fr\/en\/#\/schema\/logo\/image\/\",\"url\":\"https:\/\/freemove.fr\/wp-content\/uploads\/2021\/06\/footer_logotype-1.svg\",\"contentUrl\":\"https:\/\/freemove.fr\/wp-content\/uploads\/2021\/06\/footer_logotype-1.svg\",\"width\":163,\"height\":45,\"caption\":\"Freemove\"},\"image\":{\"@id\":\"https:\/\/freemove.fr\/en\/#\/schema\/logo\/image\/\"}}]}<\/script>\n<!-- \/ Yoast SEO plugin. -->","yoast_head_json":{"title":"BOUCHONS DE PROTECTION X4 - Boutique Freemove","robots":{"index":"index","follow":"follow","max-snippet":"max-snippet:-1","max-image-preview":"max-image-preview:large","max-video-preview":"max-video-preview:-1"},"canonical":"https:\/\/freemove.fr\/fr\/produit\/bouchons-de-protection-x4\/","og_locale":"fr_FR","og_type":"article","og_title":"BOUCHONS DE PROTECTION X4 - Boutique Freemove","og_description":"STOP \u00c0 L'EAU ET AU SABLE !","og_url":"https:\/\/freemove.fr\/fr\/produit\/bouchons-de-protection-x4\/","og_site_name":"Freemove la Glisse \u00c9lectrique pour tous","article_modified_time":"2024-04-22T21:00:11+00:00","og_image":[{"width":1440,"height":1080,"url":"https:\/\/freemove.fr\/wp-content\/uploads\/2021\/06\/bouchons_etanches_onewheel.jpg","type":"image\/jpeg"}],"twitter_card":"summary_large_image","twitter_misc":{"Dur\u00e9e de lecture estim\u00e9e":"1 minute"},"schema":{"@context":"https:\/\/schema.org","@graph":[{"@type":"WebPage","@id":"https:\/\/freemove.fr\/fr\/produit\/bouchons-de-protection-x4\/","url":"https:\/\/freemove.fr\/fr\/produit\/bouchons-de-protection-x4\/","name":"BOUCHONS DE PROTECTION X4 - Boutique Freemove","isPartOf":{"@id":"https:\/\/freemove.fr\/en\/#website"},"primaryImageOfPage":{"@id":"https:\/\/freemove.fr\/fr\/produit\/bouchons-de-protection-x4\/#primaryimage"},"image":{"@id":"https:\/\/freemove.fr\/fr\/produit\/bouchons-de-protection-x4\/#primaryimage"},"thumbnailUrl":"https:\/\/freemove.fr\/wp-content\/uploads\/2021\/06\/bouchons_etanches_onewheel.jpg","datePublished":"2021-07-05T16:59:44+00:00","dateModified":"2024-04-22T21:00:11+00:00","breadcrumb":{"@id":"https:\/\/freemove.fr\/fr\/produit\/bouchons-de-protection-x4\/#breadcrumb"},"inLanguage":"fr-FR","potentialAction":[{"@type":"ReadAction","target":["https:\/\/freemove.fr\/fr\/produit\/bouchons-de-protection-x4\/"]}]},{"@type":"ImageObject","inLanguage":"fr-FR","@id":"https:\/\/freemove.fr\/fr\/produit\/bouchons-de-protection-x4\/#primaryimage","url":"https:\/\/freemove.fr\/wp-content\/uploads\/2021\/06\/bouchons_etanches_onewheel.jpg","contentUrl":"https:\/\/freemove.fr\/wp-content\/uploads\/2021\/06\/bouchons_etanches_onewheel.jpg","width":1440,"height":1080},{"@type":"BreadcrumbList","@id":"https:\/\/freemove.fr\/fr\/produit\/bouchons-de-protection-x4\/#breadcrumb","itemListElement":[{"@type":"ListItem","position":1,"name":"Accueil","item":"https:\/\/freemove.fr\/fr\/"},{"@type":"ListItem","position":2,"name":"Boutique","item":"https:\/\/freemove.fr\/fr\/boutique\/"},{"@type":"ListItem","position":3,"name":"BOUCHONS DE PROTECTION X4"}]},{"@type":"WebSite","@id":"https:\/\/freemove.fr\/en\/#website","url":"https:\/\/freemove.fr\/en\/","name":"Freemove la Glisse \u00c9lectrique pour tous","description":"Onewheel - Visites guid\u00e9es en Segway \u00e0 Amboise","publisher":{"@id":"https:\/\/freemove.fr\/en\/#organization"},"potentialAction":[{"@type":"SearchAction","target":{"@type":"EntryPoint","urlTemplate":"https:\/\/freemove.fr\/en\/?s={search_term_string}"},"query-input":{"@type":"PropertyValueSpecification","valueRequired":true,"valueName":"search_term_string"}}],"inLanguage":"fr-FR"},{"@type":"Organization","@id":"https:\/\/freemove.fr\/en\/#organization","name":"Freemove","url":"https:\/\/freemove.fr\/en\/","logo":{"@type":"ImageObject","inLanguage":"fr-FR","@id":"https:\/\/freemove.fr\/en\/#\/schema\/logo\/image\/","url":"https:\/\/freemove.fr\/wp-content\/uploads\/2021\/06\/footer_logotype-1.svg","contentUrl":"https:\/\/freemove.fr\/wp-content\/uploads\/2021\/06\/footer_logotype-1.svg","width":163,"height":45,"caption":"Freemove"},"image":{"@id":"https:\/\/freemove.fr\/en\/#\/schema\/logo\/image\/"}}]}},"_links":{"self":[{"href":"https:\/\/freemove.fr\/fr\/wp-json\/wp\/v2\/product\/7580","targetHints":{"allow":["GET"]}}],"collection":[{"href":"https:\/\/freemove.fr\/fr\/wp-json\/wp\/v2\/product"}],"about":[{"href":"https:\/\/freemove.fr\/fr\/wp-json\/wp\/v2\/types\/product"}],"replies":[{"embeddable":true,"href":"https:\/\/freemove.fr\/fr\/wp-json\/wp\/v2\/comments?post=7580"}],"wp:featuredmedia":[{"embeddable":true,"href":"https:\/\/freemove.fr\/fr\/wp-json\/wp\/v2\/media\/5094"}],"wp:attachment":[{"href":"https:\/\/freemove.fr\/fr\/wp-json\/wp\/v2\/media?parent=7580"}],"wp:term":[{"taxonomy":"product_brand","embeddable":true,"href":"https:\/\/freemove.fr\/fr\/wp-json\/wp\/v2\/product_brand?post=7580"},{"taxonomy":"product_cat","embeddable":true,"href":"https:\/\/freemove.fr\/fr\/wp-json\/wp\/v2\/product_cat?post=7580"},{"taxonomy":"product_tag","embeddable":true,"href":"https:\/\/freemove.fr\/fr\/wp-json\/wp\/v2\/product_tag?post=7580"}],"curies":[{"name":"wp","href":"https:\/\/api.w.org\/{rel}","templated":true}]}}