


























{"id":7441,"date":"2021-07-04T19:22:21","date_gmt":"2021-07-04T17:22:21","guid":{"rendered":"https:\/\/freemove.fr\/?post_type=product&#038;p=7441"},"modified":"2024-04-26T10:18:05","modified_gmt":"2024-04-26T08:18:05","slug":"forfait-arret-au-stand","status":"publish","type":"product","link":"https:\/\/freemove.fr\/fr\/produit\/forfait-arret-au-stand\/","title":{"rendered":"FORFAIT &#8220;ARR\u00caT AU STAND&#8221;"},"content":{"rendered":"<p>Confiez-nous votre OneWheel pour un entretien complet et un changement de pneu !<\/p>\n<ul>\n<li>Prise en charge depuis votre domicile par Chronopost.<\/li>\n<li>D\u00e9montage et nettoyage du OneWheel.<\/li>\n<li>Changement de pneu au choix (<a href=\"https:\/\/freemove.fr\/produit\/pneu-vega-6-5-slick\/\">VEGA Slick<\/a>, <a href=\"https:\/\/freemove.fr\/produit\/pneu-vega-6-0-cross\/\">VEGA Cross<\/a>,\u00a0<a href=\"https:\/\/freemove.fr\/produit\/pneu-hoosier-ff-6-0-slick-whisper\/\">HOOSIER 6.0&Prime;Slick<\/a>,\u00a0<a href=\"https:\/\/freemove.fr\/produit\/pneu-hoosier-ff-6-0-sculpte-t2\/\">HOOSIER FF 6.0\u00a0\u00bbSculpt\u00e9<\/a>, <a href=\"https:\/\/freemove.fr\/produit\/pneu-hoosier-5-5-sculpte\/\">HOOSIER 5.5&Prime; Sculpt\u00e9<\/a>, <a href=\"https:\/\/freemove.fr\/produit\/pneu-hoosier-4-6-slick\/\">HOOSIER PINT Slick,<\/a> <a href=\"https:\/\/freemove.fr\/produit\/pneu-hoosier-4-5-pluie\/\">HOOSIER PINT Pluie,<\/a> <a href=\"https:\/\/freemove.fr\/produit\/pneu-hoosier-5-0-sculpte\/\">HOOSIER PINT Sculpt\u00e9<\/a>).<\/li>\n<li>Injection dans le pneu du <a href=\"https:\/\/freemove.fr\/produit\/liquide-anti-crevaison-red-dillo\/\">liquide anti-crevaison Red Dillo<\/a>\u00a0(remise de 10%).<\/li>\n<li>R\u00e9-exp\u00e9dition \u00e0 votre domicile du OneWheel \u00e9quip\u00e9.<\/li>\n<\/ul>\n","protected":false},"excerpt":{"rendered":"<h3>PIT STOP CHEZ FREEMOVE !<\/h3>\n","protected":false},"featured_media":7442,"comment_status":"closed","ping_status":"closed","template":"","meta":{"inline_featured_image":false},"product_brand":[],"product_cat":[19],"product_tag":[652],"class_list":{"0":"post-7441","1":"product","2":"type-product","3":"status-publish","4":"has-post-thumbnail","6":"product_cat-non-classe","7":"product_tag-pneus","8":"entry","9":"has-media","11":"first","12":"outofstock","13":"taxable","14":"shipping-taxable","15":"purchasable","16":"product-type-variable"},"acf":[],"yoast_head":"<!-- This site is optimized with the Yoast SEO plugin v24.9 - https:\/\/yoast.com\/wordpress\/plugins\/seo\/ -->\n<title>FORFAIT &#8220;ARR\u00caT AU STAND&#8221; - Boutique Freemove<\/title>\n<meta name=\"robots\" content=\"index, follow, max-snippet:-1, max-image-preview:large, max-video-preview:-1\" \/>\n<link rel=\"canonical\" href=\"https:\/\/freemove.fr\/fr\/produit\/forfait-arret-au-stand\/\" \/>\n<meta property=\"og:locale\" content=\"fr_FR\" \/>\n<meta property=\"og:type\" content=\"article\" \/>\n<meta property=\"og:title\" content=\"FORFAIT &#8220;ARR\u00caT AU STAND&#8221; - Boutique Freemove\" \/>\n<meta property=\"og:description\" content=\"PIT STOP CHEZ FREEMOVE !\" \/>\n<meta property=\"og:url\" content=\"https:\/\/freemove.fr\/fr\/produit\/forfait-arret-au-stand\/\" \/>\n<meta property=\"og:site_name\" content=\"Freemove la Glisse \u00c9lectrique pour tous\" \/>\n<meta property=\"article:modified_time\" content=\"2024-04-26T08:18:05+00:00\" \/>\n<meta property=\"og:image\" content=\"https:\/\/freemove.fr\/wp-content\/uploads\/2021\/07\/Arret-Stand-Freemove.jpg\" \/>\n\t<meta property=\"og:image:width\" content=\"1440\" \/>\n\t<meta property=\"og:image:height\" content=\"1080\" \/>\n\t<meta property=\"og:image:type\" content=\"image\/jpeg\" \/>\n<meta name=\"twitter:card\" content=\"summary_large_image\" \/>\n<meta name=\"twitter:label1\" content=\"Dur\u00e9e de lecture estim\u00e9e\" \/>\n\t<meta name=\"twitter:data1\" content=\"1 minute\" \/>\n<script type=\"application\/ld+json\" class=\"yoast-schema-graph\">{\"@context\":\"https:\/\/schema.org\",\"@graph\":[{\"@type\":\"WebPage\",\"@id\":\"https:\/\/freemove.fr\/fr\/produit\/forfait-arret-au-stand\/\",\"url\":\"https:\/\/freemove.fr\/fr\/produit\/forfait-arret-au-stand\/\",\"name\":\"FORFAIT &#8220;ARR\u00caT AU STAND&#8221; - Boutique Freemove\",\"isPartOf\":{\"@id\":\"https:\/\/freemove.fr\/en\/#website\"},\"primaryImageOfPage\":{\"@id\":\"https:\/\/freemove.fr\/fr\/produit\/forfait-arret-au-stand\/#primaryimage\"},\"image\":{\"@id\":\"https:\/\/freemove.fr\/fr\/produit\/forfait-arret-au-stand\/#primaryimage\"},\"thumbnailUrl\":\"https:\/\/freemove.fr\/wp-content\/uploads\/2021\/07\/Arret-Stand-Freemove.jpg\",\"datePublished\":\"2021-07-04T17:22:21+00:00\",\"dateModified\":\"2024-04-26T08:18:05+00:00\",\"breadcrumb\":{\"@id\":\"https:\/\/freemove.fr\/fr\/produit\/forfait-arret-au-stand\/#breadcrumb\"},\"inLanguage\":\"fr-FR\",\"potentialAction\":[{\"@type\":\"ReadAction\",\"target\":[\"https:\/\/freemove.fr\/fr\/produit\/forfait-arret-au-stand\/\"]}]},{\"@type\":\"ImageObject\",\"inLanguage\":\"fr-FR\",\"@id\":\"https:\/\/freemove.fr\/fr\/produit\/forfait-arret-au-stand\/#primaryimage\",\"url\":\"https:\/\/freemove.fr\/wp-content\/uploads\/2021\/07\/Arret-Stand-Freemove.jpg\",\"contentUrl\":\"https:\/\/freemove.fr\/wp-content\/uploads\/2021\/07\/Arret-Stand-Freemove.jpg\",\"width\":1440,\"height\":1080},{\"@type\":\"BreadcrumbList\",\"@id\":\"https:\/\/freemove.fr\/fr\/produit\/forfait-arret-au-stand\/#breadcrumb\",\"itemListElement\":[{\"@type\":\"ListItem\",\"position\":1,\"name\":\"Accueil\",\"item\":\"https:\/\/freemove.fr\/fr\/\"},{\"@type\":\"ListItem\",\"position\":2,\"name\":\"Boutique\",\"item\":\"https:\/\/freemove.fr\/fr\/boutique\/\"},{\"@type\":\"ListItem\",\"position\":3,\"name\":\"FORFAIT &#8220;ARR\u00caT AU STAND&#8221;\"}]},{\"@type\":\"WebSite\",\"@id\":\"https:\/\/freemove.fr\/en\/#website\",\"url\":\"https:\/\/freemove.fr\/en\/\",\"name\":\"Freemove la Glisse \u00c9lectrique pour tous\",\"description\":\"Onewheel - Visites guid\u00e9es en Segway \u00e0 Amboise\",\"publisher\":{\"@id\":\"https:\/\/freemove.fr\/en\/#organization\"},\"potentialAction\":[{\"@type\":\"SearchAction\",\"target\":{\"@type\":\"EntryPoint\",\"urlTemplate\":\"https:\/\/freemove.fr\/en\/?s={search_term_string}\"},\"query-input\":{\"@type\":\"PropertyValueSpecification\",\"valueRequired\":true,\"valueName\":\"search_term_string\"}}],\"inLanguage\":\"fr-FR\"},{\"@type\":\"Organization\",\"@id\":\"https:\/\/freemove.fr\/en\/#organization\",\"name\":\"Freemove\",\"url\":\"https:\/\/freemove.fr\/en\/\",\"logo\":{\"@type\":\"ImageObject\",\"inLanguage\":\"fr-FR\",\"@id\":\"https:\/\/freemove.fr\/en\/#\/schema\/logo\/image\/\",\"url\":\"https:\/\/freemove.fr\/wp-content\/uploads\/2021\/06\/footer_logotype-1.svg\",\"contentUrl\":\"https:\/\/freemove.fr\/wp-content\/uploads\/2021\/06\/footer_logotype-1.svg\",\"width\":163,\"height\":45,\"caption\":\"Freemove\"},\"image\":{\"@id\":\"https:\/\/freemove.fr\/en\/#\/schema\/logo\/image\/\"}}]}<\/script>\n<!-- \/ Yoast SEO plugin. -->","yoast_head_json":{"title":"FORFAIT &#8220;ARR\u00caT AU STAND&#8221; - Boutique Freemove","robots":{"index":"index","follow":"follow","max-snippet":"max-snippet:-1","max-image-preview":"max-image-preview:large","max-video-preview":"max-video-preview:-1"},"canonical":"https:\/\/freemove.fr\/fr\/produit\/forfait-arret-au-stand\/","og_locale":"fr_FR","og_type":"article","og_title":"FORFAIT &#8220;ARR\u00caT AU STAND&#8221; - Boutique Freemove","og_description":"PIT STOP CHEZ FREEMOVE !","og_url":"https:\/\/freemove.fr\/fr\/produit\/forfait-arret-au-stand\/","og_site_name":"Freemove la Glisse \u00c9lectrique pour tous","article_modified_time":"2024-04-26T08:18:05+00:00","og_image":[{"width":1440,"height":1080,"url":"https:\/\/freemove.fr\/wp-content\/uploads\/2021\/07\/Arret-Stand-Freemove.jpg","type":"image\/jpeg"}],"twitter_card":"summary_large_image","twitter_misc":{"Dur\u00e9e de lecture estim\u00e9e":"1 minute"},"schema":{"@context":"https:\/\/schema.org","@graph":[{"@type":"WebPage","@id":"https:\/\/freemove.fr\/fr\/produit\/forfait-arret-au-stand\/","url":"https:\/\/freemove.fr\/fr\/produit\/forfait-arret-au-stand\/","name":"FORFAIT &#8220;ARR\u00caT AU STAND&#8221; - Boutique Freemove","isPartOf":{"@id":"https:\/\/freemove.fr\/en\/#website"},"primaryImageOfPage":{"@id":"https:\/\/freemove.fr\/fr\/produit\/forfait-arret-au-stand\/#primaryimage"},"image":{"@id":"https:\/\/freemove.fr\/fr\/produit\/forfait-arret-au-stand\/#primaryimage"},"thumbnailUrl":"https:\/\/freemove.fr\/wp-content\/uploads\/2021\/07\/Arret-Stand-Freemove.jpg","datePublished":"2021-07-04T17:22:21+00:00","dateModified":"2024-04-26T08:18:05+00:00","breadcrumb":{"@id":"https:\/\/freemove.fr\/fr\/produit\/forfait-arret-au-stand\/#breadcrumb"},"inLanguage":"fr-FR","potentialAction":[{"@type":"ReadAction","target":["https:\/\/freemove.fr\/fr\/produit\/forfait-arret-au-stand\/"]}]},{"@type":"ImageObject","inLanguage":"fr-FR","@id":"https:\/\/freemove.fr\/fr\/produit\/forfait-arret-au-stand\/#primaryimage","url":"https:\/\/freemove.fr\/wp-content\/uploads\/2021\/07\/Arret-Stand-Freemove.jpg","contentUrl":"https:\/\/freemove.fr\/wp-content\/uploads\/2021\/07\/Arret-Stand-Freemove.jpg","width":1440,"height":1080},{"@type":"BreadcrumbList","@id":"https:\/\/freemove.fr\/fr\/produit\/forfait-arret-au-stand\/#breadcrumb","itemListElement":[{"@type":"ListItem","position":1,"name":"Accueil","item":"https:\/\/freemove.fr\/fr\/"},{"@type":"ListItem","position":2,"name":"Boutique","item":"https:\/\/freemove.fr\/fr\/boutique\/"},{"@type":"ListItem","position":3,"name":"FORFAIT &#8220;ARR\u00caT AU STAND&#8221;"}]},{"@type":"WebSite","@id":"https:\/\/freemove.fr\/en\/#website","url":"https:\/\/freemove.fr\/en\/","name":"Freemove la Glisse \u00c9lectrique pour tous","description":"Onewheel - Visites guid\u00e9es en Segway \u00e0 Amboise","publisher":{"@id":"https:\/\/freemove.fr\/en\/#organization"},"potentialAction":[{"@type":"SearchAction","target":{"@type":"EntryPoint","urlTemplate":"https:\/\/freemove.fr\/en\/?s={search_term_string}"},"query-input":{"@type":"PropertyValueSpecification","valueRequired":true,"valueName":"search_term_string"}}],"inLanguage":"fr-FR"},{"@type":"Organization","@id":"https:\/\/freemove.fr\/en\/#organization","name":"Freemove","url":"https:\/\/freemove.fr\/en\/","logo":{"@type":"ImageObject","inLanguage":"fr-FR","@id":"https:\/\/freemove.fr\/en\/#\/schema\/logo\/image\/","url":"https:\/\/freemove.fr\/wp-content\/uploads\/2021\/06\/footer_logotype-1.svg","contentUrl":"https:\/\/freemove.fr\/wp-content\/uploads\/2021\/06\/footer_logotype-1.svg","width":163,"height":45,"caption":"Freemove"},"image":{"@id":"https:\/\/freemove.fr\/en\/#\/schema\/logo\/image\/"}}]}},"_links":{"self":[{"href":"https:\/\/freemove.fr\/fr\/wp-json\/wp\/v2\/product\/7441","targetHints":{"allow":["GET"]}}],"collection":[{"href":"https:\/\/freemove.fr\/fr\/wp-json\/wp\/v2\/product"}],"about":[{"href":"https:\/\/freemove.fr\/fr\/wp-json\/wp\/v2\/types\/product"}],"replies":[{"embeddable":true,"href":"https:\/\/freemove.fr\/fr\/wp-json\/wp\/v2\/comments?post=7441"}],"wp:featuredmedia":[{"embeddable":true,"href":"https:\/\/freemove.fr\/fr\/wp-json\/wp\/v2\/media\/7442"}],"wp:attachment":[{"href":"https:\/\/freemove.fr\/fr\/wp-json\/wp\/v2\/media?parent=7441"}],"wp:term":[{"taxonomy":"product_brand","embeddable":true,"href":"https:\/\/freemove.fr\/fr\/wp-json\/wp\/v2\/product_brand?post=7441"},{"taxonomy":"product_cat","embeddable":true,"href":"https:\/\/freemove.fr\/fr\/wp-json\/wp\/v2\/product_cat?post=7441"},{"taxonomy":"product_tag","embeddable":true,"href":"https:\/\/freemove.fr\/fr\/wp-json\/wp\/v2\/product_tag?post=7441"}],"curies":[{"name":"wp","href":"https:\/\/api.w.org\/{rel}","templated":true}]}}