


























{"id":6743,"date":"2021-06-23T11:54:01","date_gmt":"2021-06-23T09:54:01","guid":{"rendered":"https:\/\/freemove.fr\/produit\/viper-concave-frontpad-extension\/"},"modified":"2023-11-10T17:28:33","modified_gmt":"2023-11-10T16:28:33","slug":"viper-concave-frontpad-extension","status":"publish","type":"product","link":"https:\/\/freemove.fr\/fr\/produit\/viper-concave-frontpad-extension\/","title":{"rendered":"VIPER CONCAVE FRONTPAD EXTENSION"},"content":{"rendered":"<p>Cette extension en\u00a0<strong>polyur\u00e9thane thermoplastique souple<\/strong>\u00a0permet de\u00a0<strong>caler confortablement votre pied avant<\/strong>\u00a0lors du ride ! Vous gagnez en\u00a0<strong>confort<\/strong>\u00a0et en\u00a0<strong>contr\u00f4le<\/strong>\u00a0dans les virages tout en\u00a0<strong>amortissant les vibrations<\/strong>\u00a0!<\/p>\n<p>L&rsquo;extension\u00a0<strong>VIPER Concave s&rsquo;installe tr\u00e8s facilement<\/strong>\u00a0sur le Pad Avant de votre Onewheel !<\/p>\n<p>Gr\u00e2ce au\u00a0<strong>gabarit adh\u00e9sif\u00a0double-face<\/strong>, elle\u00a0<strong>se colle directement sur le grip<\/strong>\u00a0d&rsquo;origine du Pad. Vous pouvez ensuite la rev\u00eatir du\u00a0<strong>grip VICIOUS<\/strong>\u00a0fourni avec ou de\u00a0<strong>tout autre Grip Haute-Traction compatible COBRA\/VIPER<\/strong>\u00a0vendu dans notre boutique !<\/p>\n<p><strong><em>Ce kit comprend :<\/em><\/strong><br \/>\n<em>&#8211; Une extension de PAD AVANT<\/em><br \/>\n<em>&#8211; Un gabarit adh\u00e9sif double-face<\/em><br \/>\n<em>&#8211; Un Grip VICIOUS Noir<br \/>\n<\/em><em>\u26a0\ufe0f Ce produit est optimis\u00e9 pour \u00eatre coll\u00e9 sur un pad avant en bon \u00e9tat. Dans le cas contraire, il se peut que les capteurs\u00a0\u00e9lectroniques ne\u00a0d\u00e9tectent pas votre pr\u00e9sence imm\u00e9diatement.<\/em><\/p>\n","protected":false},"excerpt":{"rendered":"<h3 class=\"node-produit-sous-titre\">LE PIED AVANT DANS UN CHAUSSON !<\/h3>\n","protected":false},"featured_media":6742,"comment_status":"closed","ping_status":"closed","template":"","meta":{"inline_featured_image":false},"product_brand":[],"product_cat":[19],"product_tag":[650],"class_list":{"0":"post-6743","1":"product","2":"type-product","3":"status-publish","4":"has-post-thumbnail","6":"product_cat-non-classe","7":"product_tag-pads","8":"pa_couleur-bleu","9":"pa_couleur-noir","10":"pa_couleur-rouge","11":"entry","12":"has-media","14":"first","15":"outofstock","16":"taxable","17":"shipping-taxable","18":"purchasable","19":"product-type-variable"},"acf":[],"yoast_head":"<!-- This site is optimized with the Yoast SEO plugin v24.9 - https:\/\/yoast.com\/wordpress\/plugins\/seo\/ -->\n<title>VIPER CONCAVE FRONTPAD EXTENSION - Boutique Freemove<\/title>\n<meta name=\"robots\" content=\"index, follow, max-snippet:-1, max-image-preview:large, max-video-preview:-1\" \/>\n<link rel=\"canonical\" href=\"https:\/\/freemove.fr\/fr\/produit\/viper-concave-frontpad-extension\/\" \/>\n<meta property=\"og:locale\" content=\"fr_FR\" \/>\n<meta property=\"og:type\" content=\"article\" \/>\n<meta property=\"og:title\" content=\"VIPER CONCAVE FRONTPAD EXTENSION - Boutique Freemove\" \/>\n<meta property=\"og:description\" content=\"LE PIED AVANT DANS UN CHAUSSON !\" \/>\n<meta property=\"og:url\" content=\"https:\/\/freemove.fr\/fr\/produit\/viper-concave-frontpad-extension\/\" \/>\n<meta property=\"og:site_name\" content=\"Freemove la Glisse \u00c9lectrique pour tous\" \/>\n<meta property=\"article:modified_time\" content=\"2023-11-10T16:28:33+00:00\" \/>\n<meta property=\"og:image\" content=\"https:\/\/freemove.fr\/wp-content\/uploads\/2021\/06\/front_bleu.jpg\" \/>\n\t<meta property=\"og:image:width\" content=\"1440\" \/>\n\t<meta property=\"og:image:height\" content=\"1080\" \/>\n\t<meta property=\"og:image:type\" content=\"image\/jpeg\" \/>\n<meta name=\"twitter:card\" content=\"summary_large_image\" \/>\n<meta name=\"twitter:label1\" content=\"Dur\u00e9e de lecture estim\u00e9e\" \/>\n\t<meta name=\"twitter:data1\" content=\"1 minute\" \/>\n<script type=\"application\/ld+json\" class=\"yoast-schema-graph\">{\"@context\":\"https:\/\/schema.org\",\"@graph\":[{\"@type\":\"WebPage\",\"@id\":\"https:\/\/freemove.fr\/fr\/produit\/viper-concave-frontpad-extension\/\",\"url\":\"https:\/\/freemove.fr\/fr\/produit\/viper-concave-frontpad-extension\/\",\"name\":\"VIPER CONCAVE FRONTPAD EXTENSION - Boutique Freemove\",\"isPartOf\":{\"@id\":\"https:\/\/freemove.fr\/en\/#website\"},\"primaryImageOfPage\":{\"@id\":\"https:\/\/freemove.fr\/fr\/produit\/viper-concave-frontpad-extension\/#primaryimage\"},\"image\":{\"@id\":\"https:\/\/freemove.fr\/fr\/produit\/viper-concave-frontpad-extension\/#primaryimage\"},\"thumbnailUrl\":\"https:\/\/freemove.fr\/wp-content\/uploads\/2021\/06\/front_bleu.jpg\",\"datePublished\":\"2021-06-23T09:54:01+00:00\",\"dateModified\":\"2023-11-10T16:28:33+00:00\",\"breadcrumb\":{\"@id\":\"https:\/\/freemove.fr\/fr\/produit\/viper-concave-frontpad-extension\/#breadcrumb\"},\"inLanguage\":\"fr-FR\",\"potentialAction\":[{\"@type\":\"ReadAction\",\"target\":[\"https:\/\/freemove.fr\/fr\/produit\/viper-concave-frontpad-extension\/\"]}]},{\"@type\":\"ImageObject\",\"inLanguage\":\"fr-FR\",\"@id\":\"https:\/\/freemove.fr\/fr\/produit\/viper-concave-frontpad-extension\/#primaryimage\",\"url\":\"https:\/\/freemove.fr\/wp-content\/uploads\/2021\/06\/front_bleu.jpg\",\"contentUrl\":\"https:\/\/freemove.fr\/wp-content\/uploads\/2021\/06\/front_bleu.jpg\",\"width\":1440,\"height\":1080},{\"@type\":\"BreadcrumbList\",\"@id\":\"https:\/\/freemove.fr\/fr\/produit\/viper-concave-frontpad-extension\/#breadcrumb\",\"itemListElement\":[{\"@type\":\"ListItem\",\"position\":1,\"name\":\"Accueil\",\"item\":\"https:\/\/freemove.fr\/fr\/\"},{\"@type\":\"ListItem\",\"position\":2,\"name\":\"Boutique\",\"item\":\"https:\/\/freemove.fr\/fr\/boutique\/\"},{\"@type\":\"ListItem\",\"position\":3,\"name\":\"VIPER CONCAVE FRONTPAD EXTENSION\"}]},{\"@type\":\"WebSite\",\"@id\":\"https:\/\/freemove.fr\/en\/#website\",\"url\":\"https:\/\/freemove.fr\/en\/\",\"name\":\"Freemove la Glisse \u00c9lectrique pour tous\",\"description\":\"Onewheel - Visites guid\u00e9es en Segway \u00e0 Amboise\",\"publisher\":{\"@id\":\"https:\/\/freemove.fr\/en\/#organization\"},\"potentialAction\":[{\"@type\":\"SearchAction\",\"target\":{\"@type\":\"EntryPoint\",\"urlTemplate\":\"https:\/\/freemove.fr\/en\/?s={search_term_string}\"},\"query-input\":{\"@type\":\"PropertyValueSpecification\",\"valueRequired\":true,\"valueName\":\"search_term_string\"}}],\"inLanguage\":\"fr-FR\"},{\"@type\":\"Organization\",\"@id\":\"https:\/\/freemove.fr\/en\/#organization\",\"name\":\"Freemove\",\"url\":\"https:\/\/freemove.fr\/en\/\",\"logo\":{\"@type\":\"ImageObject\",\"inLanguage\":\"fr-FR\",\"@id\":\"https:\/\/freemove.fr\/en\/#\/schema\/logo\/image\/\",\"url\":\"https:\/\/freemove.fr\/wp-content\/uploads\/2021\/06\/footer_logotype-1.svg\",\"contentUrl\":\"https:\/\/freemove.fr\/wp-content\/uploads\/2021\/06\/footer_logotype-1.svg\",\"width\":163,\"height\":45,\"caption\":\"Freemove\"},\"image\":{\"@id\":\"https:\/\/freemove.fr\/en\/#\/schema\/logo\/image\/\"}}]}<\/script>\n<!-- \/ Yoast SEO plugin. -->","yoast_head_json":{"title":"VIPER CONCAVE FRONTPAD EXTENSION - Boutique Freemove","robots":{"index":"index","follow":"follow","max-snippet":"max-snippet:-1","max-image-preview":"max-image-preview:large","max-video-preview":"max-video-preview:-1"},"canonical":"https:\/\/freemove.fr\/fr\/produit\/viper-concave-frontpad-extension\/","og_locale":"fr_FR","og_type":"article","og_title":"VIPER CONCAVE FRONTPAD EXTENSION - Boutique Freemove","og_description":"LE PIED AVANT DANS UN CHAUSSON !","og_url":"https:\/\/freemove.fr\/fr\/produit\/viper-concave-frontpad-extension\/","og_site_name":"Freemove la Glisse \u00c9lectrique pour tous","article_modified_time":"2023-11-10T16:28:33+00:00","og_image":[{"width":1440,"height":1080,"url":"https:\/\/freemove.fr\/wp-content\/uploads\/2021\/06\/front_bleu.jpg","type":"image\/jpeg"}],"twitter_card":"summary_large_image","twitter_misc":{"Dur\u00e9e de lecture estim\u00e9e":"1 minute"},"schema":{"@context":"https:\/\/schema.org","@graph":[{"@type":"WebPage","@id":"https:\/\/freemove.fr\/fr\/produit\/viper-concave-frontpad-extension\/","url":"https:\/\/freemove.fr\/fr\/produit\/viper-concave-frontpad-extension\/","name":"VIPER CONCAVE FRONTPAD EXTENSION - Boutique Freemove","isPartOf":{"@id":"https:\/\/freemove.fr\/en\/#website"},"primaryImageOfPage":{"@id":"https:\/\/freemove.fr\/fr\/produit\/viper-concave-frontpad-extension\/#primaryimage"},"image":{"@id":"https:\/\/freemove.fr\/fr\/produit\/viper-concave-frontpad-extension\/#primaryimage"},"thumbnailUrl":"https:\/\/freemove.fr\/wp-content\/uploads\/2021\/06\/front_bleu.jpg","datePublished":"2021-06-23T09:54:01+00:00","dateModified":"2023-11-10T16:28:33+00:00","breadcrumb":{"@id":"https:\/\/freemove.fr\/fr\/produit\/viper-concave-frontpad-extension\/#breadcrumb"},"inLanguage":"fr-FR","potentialAction":[{"@type":"ReadAction","target":["https:\/\/freemove.fr\/fr\/produit\/viper-concave-frontpad-extension\/"]}]},{"@type":"ImageObject","inLanguage":"fr-FR","@id":"https:\/\/freemove.fr\/fr\/produit\/viper-concave-frontpad-extension\/#primaryimage","url":"https:\/\/freemove.fr\/wp-content\/uploads\/2021\/06\/front_bleu.jpg","contentUrl":"https:\/\/freemove.fr\/wp-content\/uploads\/2021\/06\/front_bleu.jpg","width":1440,"height":1080},{"@type":"BreadcrumbList","@id":"https:\/\/freemove.fr\/fr\/produit\/viper-concave-frontpad-extension\/#breadcrumb","itemListElement":[{"@type":"ListItem","position":1,"name":"Accueil","item":"https:\/\/freemove.fr\/fr\/"},{"@type":"ListItem","position":2,"name":"Boutique","item":"https:\/\/freemove.fr\/fr\/boutique\/"},{"@type":"ListItem","position":3,"name":"VIPER CONCAVE FRONTPAD EXTENSION"}]},{"@type":"WebSite","@id":"https:\/\/freemove.fr\/en\/#website","url":"https:\/\/freemove.fr\/en\/","name":"Freemove la Glisse \u00c9lectrique pour tous","description":"Onewheel - Visites guid\u00e9es en Segway \u00e0 Amboise","publisher":{"@id":"https:\/\/freemove.fr\/en\/#organization"},"potentialAction":[{"@type":"SearchAction","target":{"@type":"EntryPoint","urlTemplate":"https:\/\/freemove.fr\/en\/?s={search_term_string}"},"query-input":{"@type":"PropertyValueSpecification","valueRequired":true,"valueName":"search_term_string"}}],"inLanguage":"fr-FR"},{"@type":"Organization","@id":"https:\/\/freemove.fr\/en\/#organization","name":"Freemove","url":"https:\/\/freemove.fr\/en\/","logo":{"@type":"ImageObject","inLanguage":"fr-FR","@id":"https:\/\/freemove.fr\/en\/#\/schema\/logo\/image\/","url":"https:\/\/freemove.fr\/wp-content\/uploads\/2021\/06\/footer_logotype-1.svg","contentUrl":"https:\/\/freemove.fr\/wp-content\/uploads\/2021\/06\/footer_logotype-1.svg","width":163,"height":45,"caption":"Freemove"},"image":{"@id":"https:\/\/freemove.fr\/en\/#\/schema\/logo\/image\/"}}]}},"_links":{"self":[{"href":"https:\/\/freemove.fr\/fr\/wp-json\/wp\/v2\/product\/6743","targetHints":{"allow":["GET"]}}],"collection":[{"href":"https:\/\/freemove.fr\/fr\/wp-json\/wp\/v2\/product"}],"about":[{"href":"https:\/\/freemove.fr\/fr\/wp-json\/wp\/v2\/types\/product"}],"replies":[{"embeddable":true,"href":"https:\/\/freemove.fr\/fr\/wp-json\/wp\/v2\/comments?post=6743"}],"wp:featuredmedia":[{"embeddable":true,"href":"https:\/\/freemove.fr\/fr\/wp-json\/wp\/v2\/media\/6742"}],"wp:attachment":[{"href":"https:\/\/freemove.fr\/fr\/wp-json\/wp\/v2\/media?parent=6743"}],"wp:term":[{"taxonomy":"product_brand","embeddable":true,"href":"https:\/\/freemove.fr\/fr\/wp-json\/wp\/v2\/product_brand?post=6743"},{"taxonomy":"product_cat","embeddable":true,"href":"https:\/\/freemove.fr\/fr\/wp-json\/wp\/v2\/product_cat?post=6743"},{"taxonomy":"product_tag","embeddable":true,"href":"https:\/\/freemove.fr\/fr\/wp-json\/wp\/v2\/product_tag?post=6743"}],"curies":[{"name":"wp","href":"https:\/\/api.w.org\/{rel}","templated":true}]}}