


























{"id":6735,"date":"2021-06-23T11:53:55","date_gmt":"2021-06-23T09:53:55","guid":{"rendered":"https:\/\/freemove.fr\/produit\/t-shirt-ride-the-planet-jaune-vert-2\/"},"modified":"2022-01-12T14:24:54","modified_gmt":"2022-01-12T13:24:54","slug":"t-shirt-ride-the-planet-jaune-vert","status":"publish","type":"product","link":"https:\/\/freemove.fr\/fr\/produit\/t-shirt-ride-the-planet-jaune-vert\/","title":{"rendered":"T-SHIRT \u00ab\u00a0RIDE THE PLANET\u00a0\u00bb JAUNE-VERT"},"content":{"rendered":"<p>Ridez votre Onewheel avec style en arborant ce superbe\u00a0T-shirt<strong> \u00ab\u00a0RIDE THE PLANET\u00a0\u00bb <\/strong>by Freemove\u00a0!<\/p>\n<p>T-Shirt\u00a0<strong>100% coton<\/strong>\u00a0\u00e0 manches raglan contrast\u00e9es<br \/>\nMarque :\u00a0<strong>Fruit of the Loom<\/strong><br \/>\nGrammage :\u00a0<strong>165g\/m2<\/strong><\/p>\n<p><strong>Produit disponible en 1 semaine<\/strong><\/p>\n<p><em>Ce t-shirt taille petit. Si vous \u00eates entre deux tailles, nous vous conseillons de choisir la plus grande. Mieux vaut prendre trop grand que trop petit !<\/em><\/p>\n","protected":false},"excerpt":{"rendered":"<h3>LA CLASSE \u00c0 DALLAS !<\/h3>\n","protected":false},"featured_media":6771,"comment_status":"closed","ping_status":"closed","template":"","meta":{"inline_featured_image":false},"product_brand":[],"product_cat":[298,304],"product_tag":[662],"class_list":{"0":"post-6735","1":"product","2":"type-product","3":"status-publish","4":"has-post-thumbnail","6":"product_cat-accessoires-onewheel-xr","7":"product_cat-accessoires-onewheel-pint","8":"product_tag-textile","9":"entry","10":"has-media","12":"first","13":"instock","14":"taxable","15":"shipping-taxable","16":"purchasable","17":"product-type-variable"},"acf":[],"yoast_head":"<!-- This site is optimized with the Yoast SEO plugin v24.9 - https:\/\/yoast.com\/wordpress\/plugins\/seo\/ -->\n<title>T-SHIRT &quot;RIDE THE PLANET&quot; JAUNE-VERT - Boutique Freemove<\/title>\n<meta name=\"robots\" content=\"index, follow, max-snippet:-1, max-image-preview:large, max-video-preview:-1\" \/>\n<link rel=\"canonical\" href=\"https:\/\/freemove.fr\/fr\/produit\/t-shirt-ride-the-planet-jaune-vert\/\" \/>\n<meta property=\"og:locale\" content=\"fr_FR\" \/>\n<meta property=\"og:type\" content=\"article\" \/>\n<meta property=\"og:title\" content=\"T-SHIRT &quot;RIDE THE PLANET&quot; JAUNE-VERT - Boutique Freemove\" \/>\n<meta property=\"og:description\" content=\"LA CLASSE \u00c0 DALLAS !\" \/>\n<meta property=\"og:url\" content=\"https:\/\/freemove.fr\/fr\/produit\/t-shirt-ride-the-planet-jaune-vert\/\" \/>\n<meta property=\"og:site_name\" content=\"Freemove la Glisse \u00c9lectrique pour tous\" \/>\n<meta property=\"article:modified_time\" content=\"2022-01-12T13:24:54+00:00\" \/>\n<meta property=\"og:image\" content=\"https:\/\/freemove.fr\/wp-content\/uploads\/2021\/06\/t-shirt_pele_jaune-1.jpg\" \/>\n\t<meta property=\"og:image:width\" content=\"1440\" \/>\n\t<meta property=\"og:image:height\" content=\"1080\" \/>\n\t<meta property=\"og:image:type\" content=\"image\/jpeg\" \/>\n<meta name=\"twitter:card\" content=\"summary_large_image\" \/>\n<script type=\"application\/ld+json\" class=\"yoast-schema-graph\">{\"@context\":\"https:\/\/schema.org\",\"@graph\":[{\"@type\":\"WebPage\",\"@id\":\"https:\/\/freemove.fr\/fr\/produit\/t-shirt-ride-the-planet-jaune-vert\/\",\"url\":\"https:\/\/freemove.fr\/fr\/produit\/t-shirt-ride-the-planet-jaune-vert\/\",\"name\":\"T-SHIRT \\\"RIDE THE PLANET\\\" JAUNE-VERT - Boutique Freemove\",\"isPartOf\":{\"@id\":\"https:\/\/freemove.fr\/en\/#website\"},\"primaryImageOfPage\":{\"@id\":\"https:\/\/freemove.fr\/fr\/produit\/t-shirt-ride-the-planet-jaune-vert\/#primaryimage\"},\"image\":{\"@id\":\"https:\/\/freemove.fr\/fr\/produit\/t-shirt-ride-the-planet-jaune-vert\/#primaryimage\"},\"thumbnailUrl\":\"https:\/\/freemove.fr\/wp-content\/uploads\/2021\/06\/t-shirt_pele_jaune-1.jpg\",\"datePublished\":\"2021-06-23T09:53:55+00:00\",\"dateModified\":\"2022-01-12T13:24:54+00:00\",\"breadcrumb\":{\"@id\":\"https:\/\/freemove.fr\/fr\/produit\/t-shirt-ride-the-planet-jaune-vert\/#breadcrumb\"},\"inLanguage\":\"fr-FR\",\"potentialAction\":[{\"@type\":\"ReadAction\",\"target\":[\"https:\/\/freemove.fr\/fr\/produit\/t-shirt-ride-the-planet-jaune-vert\/\"]}]},{\"@type\":\"ImageObject\",\"inLanguage\":\"fr-FR\",\"@id\":\"https:\/\/freemove.fr\/fr\/produit\/t-shirt-ride-the-planet-jaune-vert\/#primaryimage\",\"url\":\"https:\/\/freemove.fr\/wp-content\/uploads\/2021\/06\/t-shirt_pele_jaune-1.jpg\",\"contentUrl\":\"https:\/\/freemove.fr\/wp-content\/uploads\/2021\/06\/t-shirt_pele_jaune-1.jpg\",\"width\":1440,\"height\":1080},{\"@type\":\"BreadcrumbList\",\"@id\":\"https:\/\/freemove.fr\/fr\/produit\/t-shirt-ride-the-planet-jaune-vert\/#breadcrumb\",\"itemListElement\":[{\"@type\":\"ListItem\",\"position\":1,\"name\":\"Accueil\",\"item\":\"https:\/\/freemove.fr\/fr\/\"},{\"@type\":\"ListItem\",\"position\":2,\"name\":\"Boutique\",\"item\":\"https:\/\/freemove.fr\/fr\/boutique\/\"},{\"@type\":\"ListItem\",\"position\":3,\"name\":\"T-SHIRT &#8220;RIDE THE PLANET&#8221; JAUNE-VERT\"}]},{\"@type\":\"WebSite\",\"@id\":\"https:\/\/freemove.fr\/en\/#website\",\"url\":\"https:\/\/freemove.fr\/en\/\",\"name\":\"Freemove la Glisse \u00c9lectrique pour tous\",\"description\":\"Onewheel - Visites guid\u00e9es en Segway \u00e0 Amboise\",\"publisher\":{\"@id\":\"https:\/\/freemove.fr\/en\/#organization\"},\"potentialAction\":[{\"@type\":\"SearchAction\",\"target\":{\"@type\":\"EntryPoint\",\"urlTemplate\":\"https:\/\/freemove.fr\/en\/?s={search_term_string}\"},\"query-input\":{\"@type\":\"PropertyValueSpecification\",\"valueRequired\":true,\"valueName\":\"search_term_string\"}}],\"inLanguage\":\"fr-FR\"},{\"@type\":\"Organization\",\"@id\":\"https:\/\/freemove.fr\/en\/#organization\",\"name\":\"Freemove\",\"url\":\"https:\/\/freemove.fr\/en\/\",\"logo\":{\"@type\":\"ImageObject\",\"inLanguage\":\"fr-FR\",\"@id\":\"https:\/\/freemove.fr\/en\/#\/schema\/logo\/image\/\",\"url\":\"https:\/\/freemove.fr\/wp-content\/uploads\/2021\/06\/footer_logotype-1.svg\",\"contentUrl\":\"https:\/\/freemove.fr\/wp-content\/uploads\/2021\/06\/footer_logotype-1.svg\",\"width\":163,\"height\":45,\"caption\":\"Freemove\"},\"image\":{\"@id\":\"https:\/\/freemove.fr\/en\/#\/schema\/logo\/image\/\"}}]}<\/script>\n<!-- \/ Yoast SEO plugin. -->","yoast_head_json":{"title":"T-SHIRT \"RIDE THE PLANET\" JAUNE-VERT - Boutique Freemove","robots":{"index":"index","follow":"follow","max-snippet":"max-snippet:-1","max-image-preview":"max-image-preview:large","max-video-preview":"max-video-preview:-1"},"canonical":"https:\/\/freemove.fr\/fr\/produit\/t-shirt-ride-the-planet-jaune-vert\/","og_locale":"fr_FR","og_type":"article","og_title":"T-SHIRT \"RIDE THE PLANET\" JAUNE-VERT - Boutique Freemove","og_description":"LA CLASSE \u00c0 DALLAS !","og_url":"https:\/\/freemove.fr\/fr\/produit\/t-shirt-ride-the-planet-jaune-vert\/","og_site_name":"Freemove la Glisse \u00c9lectrique pour tous","article_modified_time":"2022-01-12T13:24:54+00:00","og_image":[{"width":1440,"height":1080,"url":"https:\/\/freemove.fr\/wp-content\/uploads\/2021\/06\/t-shirt_pele_jaune-1.jpg","type":"image\/jpeg"}],"twitter_card":"summary_large_image","schema":{"@context":"https:\/\/schema.org","@graph":[{"@type":"WebPage","@id":"https:\/\/freemove.fr\/fr\/produit\/t-shirt-ride-the-planet-jaune-vert\/","url":"https:\/\/freemove.fr\/fr\/produit\/t-shirt-ride-the-planet-jaune-vert\/","name":"T-SHIRT \"RIDE THE PLANET\" JAUNE-VERT - Boutique Freemove","isPartOf":{"@id":"https:\/\/freemove.fr\/en\/#website"},"primaryImageOfPage":{"@id":"https:\/\/freemove.fr\/fr\/produit\/t-shirt-ride-the-planet-jaune-vert\/#primaryimage"},"image":{"@id":"https:\/\/freemove.fr\/fr\/produit\/t-shirt-ride-the-planet-jaune-vert\/#primaryimage"},"thumbnailUrl":"https:\/\/freemove.fr\/wp-content\/uploads\/2021\/06\/t-shirt_pele_jaune-1.jpg","datePublished":"2021-06-23T09:53:55+00:00","dateModified":"2022-01-12T13:24:54+00:00","breadcrumb":{"@id":"https:\/\/freemove.fr\/fr\/produit\/t-shirt-ride-the-planet-jaune-vert\/#breadcrumb"},"inLanguage":"fr-FR","potentialAction":[{"@type":"ReadAction","target":["https:\/\/freemove.fr\/fr\/produit\/t-shirt-ride-the-planet-jaune-vert\/"]}]},{"@type":"ImageObject","inLanguage":"fr-FR","@id":"https:\/\/freemove.fr\/fr\/produit\/t-shirt-ride-the-planet-jaune-vert\/#primaryimage","url":"https:\/\/freemove.fr\/wp-content\/uploads\/2021\/06\/t-shirt_pele_jaune-1.jpg","contentUrl":"https:\/\/freemove.fr\/wp-content\/uploads\/2021\/06\/t-shirt_pele_jaune-1.jpg","width":1440,"height":1080},{"@type":"BreadcrumbList","@id":"https:\/\/freemove.fr\/fr\/produit\/t-shirt-ride-the-planet-jaune-vert\/#breadcrumb","itemListElement":[{"@type":"ListItem","position":1,"name":"Accueil","item":"https:\/\/freemove.fr\/fr\/"},{"@type":"ListItem","position":2,"name":"Boutique","item":"https:\/\/freemove.fr\/fr\/boutique\/"},{"@type":"ListItem","position":3,"name":"T-SHIRT &#8220;RIDE THE PLANET&#8221; JAUNE-VERT"}]},{"@type":"WebSite","@id":"https:\/\/freemove.fr\/en\/#website","url":"https:\/\/freemove.fr\/en\/","name":"Freemove la Glisse \u00c9lectrique pour tous","description":"Onewheel - Visites guid\u00e9es en Segway \u00e0 Amboise","publisher":{"@id":"https:\/\/freemove.fr\/en\/#organization"},"potentialAction":[{"@type":"SearchAction","target":{"@type":"EntryPoint","urlTemplate":"https:\/\/freemove.fr\/en\/?s={search_term_string}"},"query-input":{"@type":"PropertyValueSpecification","valueRequired":true,"valueName":"search_term_string"}}],"inLanguage":"fr-FR"},{"@type":"Organization","@id":"https:\/\/freemove.fr\/en\/#organization","name":"Freemove","url":"https:\/\/freemove.fr\/en\/","logo":{"@type":"ImageObject","inLanguage":"fr-FR","@id":"https:\/\/freemove.fr\/en\/#\/schema\/logo\/image\/","url":"https:\/\/freemove.fr\/wp-content\/uploads\/2021\/06\/footer_logotype-1.svg","contentUrl":"https:\/\/freemove.fr\/wp-content\/uploads\/2021\/06\/footer_logotype-1.svg","width":163,"height":45,"caption":"Freemove"},"image":{"@id":"https:\/\/freemove.fr\/en\/#\/schema\/logo\/image\/"}}]}},"_links":{"self":[{"href":"https:\/\/freemove.fr\/fr\/wp-json\/wp\/v2\/product\/6735","targetHints":{"allow":["GET"]}}],"collection":[{"href":"https:\/\/freemove.fr\/fr\/wp-json\/wp\/v2\/product"}],"about":[{"href":"https:\/\/freemove.fr\/fr\/wp-json\/wp\/v2\/types\/product"}],"replies":[{"embeddable":true,"href":"https:\/\/freemove.fr\/fr\/wp-json\/wp\/v2\/comments?post=6735"}],"wp:featuredmedia":[{"embeddable":true,"href":"https:\/\/freemove.fr\/fr\/wp-json\/wp\/v2\/media\/6771"}],"wp:attachment":[{"href":"https:\/\/freemove.fr\/fr\/wp-json\/wp\/v2\/media?parent=6735"}],"wp:term":[{"taxonomy":"product_brand","embeddable":true,"href":"https:\/\/freemove.fr\/fr\/wp-json\/wp\/v2\/product_brand?post=6735"},{"taxonomy":"product_cat","embeddable":true,"href":"https:\/\/freemove.fr\/fr\/wp-json\/wp\/v2\/product_cat?post=6735"},{"taxonomy":"product_tag","embeddable":true,"href":"https:\/\/freemove.fr\/fr\/wp-json\/wp\/v2\/product_tag?post=6735"}],"curies":[{"name":"wp","href":"https:\/\/api.w.org\/{rel}","templated":true}]}}