


























{"id":6698,"date":"2021-06-23T11:53:24","date_gmt":"2021-06-23T09:53:24","guid":{"rendered":"https:\/\/freemove.fr\/produit\/pneu-hoosier-ff-6-0-sculpte\/"},"modified":"2023-07-09T15:24:28","modified_gmt":"2023-07-09T13:24:28","slug":"pneu-hoosier-ff-6-0-sculpte-t2","status":"publish","type":"product","link":"https:\/\/freemove.fr\/fr\/produit\/pneu-hoosier-ff-6-0-sculpte-t2\/","title":{"rendered":"PNEU HOOSIER FF 6.0 SCULPT\u00c9 T2"},"content":{"rendered":"<p>Le T2 a \u00e9t\u00e9 am\u00e9lior\u00e9\u00a0pour une <strong>conduite plus silencieuse<\/strong> et un <strong>niveau de contr\u00f4le plus \u00e9lev\u00e9<\/strong>\u00a0!\u00a0Que ce soit sur les sentiers ou sur la chauss\u00e9e, le T2 excelle sur tous les terrains.<\/p>\n<p>Comme il est d\u00e9sormais <strong>le pneu le plus l\u00e9ger du march\u00e9<\/strong> (y compris le Hoosier 5.5), le T2 offre \u00e9galement des avantages en termes <strong>d&rsquo;autonomie<\/strong> et de <strong>couple<\/strong>.<\/p>\n<p>La combinaison d&rsquo;une forme redessin\u00e9e, semblable \u00e0 celle du Whisper, et d&rsquo;un compos\u00e9 actualis\u00e9 rend le T2 <strong>exceptionnellement souple<\/strong> sans sacrifier la stabilit\u00e9, tout comme son homologue lisse. Baissez votre PSI pour une sensation classique et une meilleure adh\u00e9rence ou augmentez-le pour une r\u00e9ponse pr\u00e9cise et un carve in\u00e9gal\u00e9.<\/p>\n<p><strong>Nous vous offrons\u00a010% de remise sur le liquide anti-crevaison <a href=\"https:\/\/freemove.fr\/produit\/liquide-anti-crevaison-red-dillo\/\">RED DILLO<\/a> si vous s\u00e9lectionnez l&rsquo;option \u00ab\u00a0AVEC\u00a0\u00bb en haut de page !<\/strong><\/p>\n","protected":false},"excerpt":{"rendered":"<h3>LE FLIGHTFINS TERRAIN T2 !<\/h3>\n","protected":false},"featured_media":6765,"comment_status":"closed","ping_status":"closed","template":"","meta":{"inline_featured_image":false},"product_brand":[],"product_cat":[298],"product_tag":[652],"class_list":{"0":"post-6698","1":"product","2":"type-product","3":"status-publish","4":"has-post-thumbnail","6":"product_cat-accessoires-onewheel-xr","7":"product_tag-pneus","8":"pa_declinaison-declination-avec-liquide-anti-crevaison-red-dillo","9":"pa_declinaison-declination-sans-liquide-anti-crevaison-red-dillo","10":"entry","11":"has-media","13":"first","14":"outofstock","15":"taxable","16":"shipping-taxable","17":"purchasable","18":"product-type-variable"},"acf":[],"yoast_head":"<!-- This site is optimized with the Yoast SEO plugin v24.9 - https:\/\/yoast.com\/wordpress\/plugins\/seo\/ -->\n<title>PNEU HOOSIER FF 6.0 SCULPT\u00c9 T2 - Boutique Freemove<\/title>\n<meta name=\"robots\" content=\"index, follow, max-snippet:-1, max-image-preview:large, max-video-preview:-1\" \/>\n<link rel=\"canonical\" href=\"https:\/\/freemove.fr\/fr\/produit\/pneu-hoosier-ff-6-0-sculpte-t2\/\" \/>\n<meta property=\"og:locale\" content=\"fr_FR\" \/>\n<meta property=\"og:type\" content=\"article\" \/>\n<meta property=\"og:title\" content=\"PNEU HOOSIER FF 6.0 SCULPT\u00c9 T2 - Boutique Freemove\" \/>\n<meta property=\"og:description\" content=\"LE FLIGHTFINS TERRAIN T2 !\" \/>\n<meta property=\"og:url\" content=\"https:\/\/freemove.fr\/fr\/produit\/pneu-hoosier-ff-6-0-sculpte-t2\/\" \/>\n<meta property=\"og:site_name\" content=\"Freemove la Glisse \u00c9lectrique pour tous\" \/>\n<meta property=\"article:modified_time\" content=\"2023-07-09T13:24:28+00:00\" \/>\n<meta property=\"og:image\" content=\"https:\/\/freemove.fr\/wp-content\/uploads\/2021\/06\/hoosierff6.0-1.jpg\" \/>\n\t<meta property=\"og:image:width\" content=\"1440\" \/>\n\t<meta property=\"og:image:height\" content=\"1080\" \/>\n\t<meta property=\"og:image:type\" content=\"image\/jpeg\" \/>\n<meta name=\"twitter:card\" content=\"summary_large_image\" \/>\n<meta name=\"twitter:label1\" content=\"Dur\u00e9e de lecture estim\u00e9e\" \/>\n\t<meta name=\"twitter:data1\" content=\"1 minute\" \/>\n<script type=\"application\/ld+json\" class=\"yoast-schema-graph\">{\"@context\":\"https:\/\/schema.org\",\"@graph\":[{\"@type\":\"WebPage\",\"@id\":\"https:\/\/freemove.fr\/fr\/produit\/pneu-hoosier-ff-6-0-sculpte-t2\/\",\"url\":\"https:\/\/freemove.fr\/fr\/produit\/pneu-hoosier-ff-6-0-sculpte-t2\/\",\"name\":\"PNEU HOOSIER FF 6.0 SCULPT\u00c9 T2 - Boutique Freemove\",\"isPartOf\":{\"@id\":\"https:\/\/freemove.fr\/en\/#website\"},\"primaryImageOfPage\":{\"@id\":\"https:\/\/freemove.fr\/fr\/produit\/pneu-hoosier-ff-6-0-sculpte-t2\/#primaryimage\"},\"image\":{\"@id\":\"https:\/\/freemove.fr\/fr\/produit\/pneu-hoosier-ff-6-0-sculpte-t2\/#primaryimage\"},\"thumbnailUrl\":\"https:\/\/freemove.fr\/wp-content\/uploads\/2021\/06\/hoosierff6.0-1.jpg\",\"datePublished\":\"2021-06-23T09:53:24+00:00\",\"dateModified\":\"2023-07-09T13:24:28+00:00\",\"breadcrumb\":{\"@id\":\"https:\/\/freemove.fr\/fr\/produit\/pneu-hoosier-ff-6-0-sculpte-t2\/#breadcrumb\"},\"inLanguage\":\"fr-FR\",\"potentialAction\":[{\"@type\":\"ReadAction\",\"target\":[\"https:\/\/freemove.fr\/fr\/produit\/pneu-hoosier-ff-6-0-sculpte-t2\/\"]}]},{\"@type\":\"ImageObject\",\"inLanguage\":\"fr-FR\",\"@id\":\"https:\/\/freemove.fr\/fr\/produit\/pneu-hoosier-ff-6-0-sculpte-t2\/#primaryimage\",\"url\":\"https:\/\/freemove.fr\/wp-content\/uploads\/2021\/06\/hoosierff6.0-1.jpg\",\"contentUrl\":\"https:\/\/freemove.fr\/wp-content\/uploads\/2021\/06\/hoosierff6.0-1.jpg\",\"width\":1440,\"height\":1080},{\"@type\":\"BreadcrumbList\",\"@id\":\"https:\/\/freemove.fr\/fr\/produit\/pneu-hoosier-ff-6-0-sculpte-t2\/#breadcrumb\",\"itemListElement\":[{\"@type\":\"ListItem\",\"position\":1,\"name\":\"Accueil\",\"item\":\"https:\/\/freemove.fr\/fr\/\"},{\"@type\":\"ListItem\",\"position\":2,\"name\":\"Boutique\",\"item\":\"https:\/\/freemove.fr\/fr\/boutique\/\"},{\"@type\":\"ListItem\",\"position\":3,\"name\":\"PNEU HOOSIER FF 6.0 SCULPT\u00c9 T2\"}]},{\"@type\":\"WebSite\",\"@id\":\"https:\/\/freemove.fr\/en\/#website\",\"url\":\"https:\/\/freemove.fr\/en\/\",\"name\":\"Freemove la Glisse \u00c9lectrique pour tous\",\"description\":\"Onewheel - Visites guid\u00e9es en Segway \u00e0 Amboise\",\"publisher\":{\"@id\":\"https:\/\/freemove.fr\/en\/#organization\"},\"potentialAction\":[{\"@type\":\"SearchAction\",\"target\":{\"@type\":\"EntryPoint\",\"urlTemplate\":\"https:\/\/freemove.fr\/en\/?s={search_term_string}\"},\"query-input\":{\"@type\":\"PropertyValueSpecification\",\"valueRequired\":true,\"valueName\":\"search_term_string\"}}],\"inLanguage\":\"fr-FR\"},{\"@type\":\"Organization\",\"@id\":\"https:\/\/freemove.fr\/en\/#organization\",\"name\":\"Freemove\",\"url\":\"https:\/\/freemove.fr\/en\/\",\"logo\":{\"@type\":\"ImageObject\",\"inLanguage\":\"fr-FR\",\"@id\":\"https:\/\/freemove.fr\/en\/#\/schema\/logo\/image\/\",\"url\":\"https:\/\/freemove.fr\/wp-content\/uploads\/2021\/06\/footer_logotype-1.svg\",\"contentUrl\":\"https:\/\/freemove.fr\/wp-content\/uploads\/2021\/06\/footer_logotype-1.svg\",\"width\":163,\"height\":45,\"caption\":\"Freemove\"},\"image\":{\"@id\":\"https:\/\/freemove.fr\/en\/#\/schema\/logo\/image\/\"}}]}<\/script>\n<!-- \/ Yoast SEO plugin. -->","yoast_head_json":{"title":"PNEU HOOSIER FF 6.0 SCULPT\u00c9 T2 - Boutique Freemove","robots":{"index":"index","follow":"follow","max-snippet":"max-snippet:-1","max-image-preview":"max-image-preview:large","max-video-preview":"max-video-preview:-1"},"canonical":"https:\/\/freemove.fr\/fr\/produit\/pneu-hoosier-ff-6-0-sculpte-t2\/","og_locale":"fr_FR","og_type":"article","og_title":"PNEU HOOSIER FF 6.0 SCULPT\u00c9 T2 - Boutique Freemove","og_description":"LE FLIGHTFINS TERRAIN T2 !","og_url":"https:\/\/freemove.fr\/fr\/produit\/pneu-hoosier-ff-6-0-sculpte-t2\/","og_site_name":"Freemove la Glisse \u00c9lectrique pour tous","article_modified_time":"2023-07-09T13:24:28+00:00","og_image":[{"width":1440,"height":1080,"url":"https:\/\/freemove.fr\/wp-content\/uploads\/2021\/06\/hoosierff6.0-1.jpg","type":"image\/jpeg"}],"twitter_card":"summary_large_image","twitter_misc":{"Dur\u00e9e de lecture estim\u00e9e":"1 minute"},"schema":{"@context":"https:\/\/schema.org","@graph":[{"@type":"WebPage","@id":"https:\/\/freemove.fr\/fr\/produit\/pneu-hoosier-ff-6-0-sculpte-t2\/","url":"https:\/\/freemove.fr\/fr\/produit\/pneu-hoosier-ff-6-0-sculpte-t2\/","name":"PNEU HOOSIER FF 6.0 SCULPT\u00c9 T2 - Boutique Freemove","isPartOf":{"@id":"https:\/\/freemove.fr\/en\/#website"},"primaryImageOfPage":{"@id":"https:\/\/freemove.fr\/fr\/produit\/pneu-hoosier-ff-6-0-sculpte-t2\/#primaryimage"},"image":{"@id":"https:\/\/freemove.fr\/fr\/produit\/pneu-hoosier-ff-6-0-sculpte-t2\/#primaryimage"},"thumbnailUrl":"https:\/\/freemove.fr\/wp-content\/uploads\/2021\/06\/hoosierff6.0-1.jpg","datePublished":"2021-06-23T09:53:24+00:00","dateModified":"2023-07-09T13:24:28+00:00","breadcrumb":{"@id":"https:\/\/freemove.fr\/fr\/produit\/pneu-hoosier-ff-6-0-sculpte-t2\/#breadcrumb"},"inLanguage":"fr-FR","potentialAction":[{"@type":"ReadAction","target":["https:\/\/freemove.fr\/fr\/produit\/pneu-hoosier-ff-6-0-sculpte-t2\/"]}]},{"@type":"ImageObject","inLanguage":"fr-FR","@id":"https:\/\/freemove.fr\/fr\/produit\/pneu-hoosier-ff-6-0-sculpte-t2\/#primaryimage","url":"https:\/\/freemove.fr\/wp-content\/uploads\/2021\/06\/hoosierff6.0-1.jpg","contentUrl":"https:\/\/freemove.fr\/wp-content\/uploads\/2021\/06\/hoosierff6.0-1.jpg","width":1440,"height":1080},{"@type":"BreadcrumbList","@id":"https:\/\/freemove.fr\/fr\/produit\/pneu-hoosier-ff-6-0-sculpte-t2\/#breadcrumb","itemListElement":[{"@type":"ListItem","position":1,"name":"Accueil","item":"https:\/\/freemove.fr\/fr\/"},{"@type":"ListItem","position":2,"name":"Boutique","item":"https:\/\/freemove.fr\/fr\/boutique\/"},{"@type":"ListItem","position":3,"name":"PNEU HOOSIER FF 6.0 SCULPT\u00c9 T2"}]},{"@type":"WebSite","@id":"https:\/\/freemove.fr\/en\/#website","url":"https:\/\/freemove.fr\/en\/","name":"Freemove la Glisse \u00c9lectrique pour tous","description":"Onewheel - Visites guid\u00e9es en Segway \u00e0 Amboise","publisher":{"@id":"https:\/\/freemove.fr\/en\/#organization"},"potentialAction":[{"@type":"SearchAction","target":{"@type":"EntryPoint","urlTemplate":"https:\/\/freemove.fr\/en\/?s={search_term_string}"},"query-input":{"@type":"PropertyValueSpecification","valueRequired":true,"valueName":"search_term_string"}}],"inLanguage":"fr-FR"},{"@type":"Organization","@id":"https:\/\/freemove.fr\/en\/#organization","name":"Freemove","url":"https:\/\/freemove.fr\/en\/","logo":{"@type":"ImageObject","inLanguage":"fr-FR","@id":"https:\/\/freemove.fr\/en\/#\/schema\/logo\/image\/","url":"https:\/\/freemove.fr\/wp-content\/uploads\/2021\/06\/footer_logotype-1.svg","contentUrl":"https:\/\/freemove.fr\/wp-content\/uploads\/2021\/06\/footer_logotype-1.svg","width":163,"height":45,"caption":"Freemove"},"image":{"@id":"https:\/\/freemove.fr\/en\/#\/schema\/logo\/image\/"}}]}},"_links":{"self":[{"href":"https:\/\/freemove.fr\/fr\/wp-json\/wp\/v2\/product\/6698","targetHints":{"allow":["GET"]}}],"collection":[{"href":"https:\/\/freemove.fr\/fr\/wp-json\/wp\/v2\/product"}],"about":[{"href":"https:\/\/freemove.fr\/fr\/wp-json\/wp\/v2\/types\/product"}],"replies":[{"embeddable":true,"href":"https:\/\/freemove.fr\/fr\/wp-json\/wp\/v2\/comments?post=6698"}],"wp:featuredmedia":[{"embeddable":true,"href":"https:\/\/freemove.fr\/fr\/wp-json\/wp\/v2\/media\/6765"}],"wp:attachment":[{"href":"https:\/\/freemove.fr\/fr\/wp-json\/wp\/v2\/media?parent=6698"}],"wp:term":[{"taxonomy":"product_brand","embeddable":true,"href":"https:\/\/freemove.fr\/fr\/wp-json\/wp\/v2\/product_brand?post=6698"},{"taxonomy":"product_cat","embeddable":true,"href":"https:\/\/freemove.fr\/fr\/wp-json\/wp\/v2\/product_cat?post=6698"},{"taxonomy":"product_tag","embeddable":true,"href":"https:\/\/freemove.fr\/fr\/wp-json\/wp\/v2\/product_tag?post=6698"}],"curies":[{"name":"wp","href":"https:\/\/api.w.org\/{rel}","templated":true}]}}