


























{"id":6696,"date":"2021-06-23T11:53:22","date_gmt":"2021-06-23T09:53:22","guid":{"rendered":"https:\/\/freemove.fr\/produit\/pneu-hoosier-6-5\/"},"modified":"2022-02-18T15:55:51","modified_gmt":"2022-02-18T14:55:51","slug":"pneu-hoosier-6-5-sculpte","status":"publish","type":"product","link":"https:\/\/freemove.fr\/fr\/produit\/pneu-hoosier-6-5-sculpte\/","title":{"rendered":"PNEU HOOSIER 6.5 SCULPT\u00c9"},"content":{"rendered":"<p>Marre de partir en sucette sur les sols d\u00e9tremp\u00e9s ?<\/p>\n<p>Le pneu HOOSIER 6.5\u00a0\u00bb est\u00a0<strong>le plus large du march\u00e9 ! <\/strong>Il\u00a0vous procurera un confort de glisse exceptionnel gr\u00e2ce \u00e0 son marquage \u00ab\u00a0tout-terrain\u00a0\u00bb ! Son gonflage \u00ab\u00a0basse pression\u00a0\u00bb\u00a0donne beaucoup de souplesse au ride et permet d&rsquo;attaquer franchemement en hors-piste !<br \/>\nLes herbes mouill\u00e9es et les sentiers humides ne se transformeront plus en patinoire pour votre plus grand plaisir !<\/p>\n<p>\u26a0\ufe0f <strong>Attention ! Ce pneu n&rsquo;est adapt\u00e9 que pour les Onewheel V1 !<\/strong>\u00a0L&rsquo;espace entre les deux pads ayant \u00e9t\u00e9 r\u00e9duit sur les versions suivantes, il n&rsquo;est plus suffisamment large pour accueillir ce pneu.<br \/>\nIl est aussi<strong> compatible avec les <a href=\"https:\/\/freemove.fr\/produit\/longrails\/\">LONGRAILS<\/a><\/strong> vendus dans notre boutique.<\/p>\n<p><strong>Nous vous offrons\u00a010% de remise sur le liquide anti-crevaison\u00a0<a href=\"https:\/\/freemove.fr\/produit\/liquide-anti-crevaison-red-dillo\/\">RED DILLO<\/a>\u00a0si vous s\u00e9lectionnez l\u2019option \u201cAVEC\u201d en haut de page !<\/strong><\/p>\n","protected":false},"excerpt":{"rendered":"<h3>SPECIAL ONEWHEEL V1 ET LONGRAILS !<\/h3>\n","protected":false},"featured_media":5301,"comment_status":"closed","ping_status":"closed","template":"","meta":{"inline_featured_image":false},"product_brand":[],"product_cat":[298],"product_tag":[652],"class_list":{"0":"post-6696","1":"product","2":"type-product","3":"status-publish","4":"has-post-thumbnail","6":"product_cat-accessoires-onewheel-xr","7":"product_tag-pneus","8":"pa_declinaison-declination-avec-liquide-anti-crevaison-red-dillo","9":"pa_declinaison-declination-sans-liquide-anti-crevaison-red-dillo","10":"entry","11":"has-media","13":"first","14":"outofstock","15":"taxable","16":"shipping-taxable","17":"purchasable","18":"product-type-variable"},"acf":[],"yoast_head":"<!-- This site is optimized with the Yoast SEO plugin v24.9 - https:\/\/yoast.com\/wordpress\/plugins\/seo\/ -->\n<title>PNEU HOOSIER 6.5 SCULPT\u00c9 - Boutique Freemove<\/title>\n<meta name=\"robots\" content=\"index, follow, max-snippet:-1, max-image-preview:large, max-video-preview:-1\" \/>\n<link rel=\"canonical\" href=\"https:\/\/freemove.fr\/fr\/produit\/pneu-hoosier-6-5-sculpte\/\" \/>\n<meta property=\"og:locale\" content=\"fr_FR\" \/>\n<meta property=\"og:type\" content=\"article\" \/>\n<meta property=\"og:title\" content=\"PNEU HOOSIER 6.5 SCULPT\u00c9 - Boutique Freemove\" \/>\n<meta property=\"og:description\" content=\"SPECIAL ONEWHEEL V1 ET LONGRAILS !\" \/>\n<meta property=\"og:url\" content=\"https:\/\/freemove.fr\/fr\/produit\/pneu-hoosier-6-5-sculpte\/\" \/>\n<meta property=\"og:site_name\" content=\"Freemove la Glisse \u00c9lectrique pour tous\" \/>\n<meta property=\"article:modified_time\" content=\"2022-02-18T14:55:51+00:00\" \/>\n<meta property=\"og:image\" content=\"https:\/\/freemove.fr\/wp-content\/uploads\/2021\/06\/pneu_hoosier.jpg\" \/>\n\t<meta property=\"og:image:width\" content=\"1440\" \/>\n\t<meta property=\"og:image:height\" content=\"1080\" \/>\n\t<meta property=\"og:image:type\" content=\"image\/jpeg\" \/>\n<meta name=\"twitter:card\" content=\"summary_large_image\" \/>\n<meta name=\"twitter:label1\" content=\"Dur\u00e9e de lecture estim\u00e9e\" \/>\n\t<meta name=\"twitter:data1\" content=\"1 minute\" \/>\n<script type=\"application\/ld+json\" class=\"yoast-schema-graph\">{\"@context\":\"https:\/\/schema.org\",\"@graph\":[{\"@type\":\"WebPage\",\"@id\":\"https:\/\/freemove.fr\/fr\/produit\/pneu-hoosier-6-5-sculpte\/\",\"url\":\"https:\/\/freemove.fr\/fr\/produit\/pneu-hoosier-6-5-sculpte\/\",\"name\":\"PNEU HOOSIER 6.5 SCULPT\u00c9 - Boutique Freemove\",\"isPartOf\":{\"@id\":\"https:\/\/freemove.fr\/en\/#website\"},\"primaryImageOfPage\":{\"@id\":\"https:\/\/freemove.fr\/fr\/produit\/pneu-hoosier-6-5-sculpte\/#primaryimage\"},\"image\":{\"@id\":\"https:\/\/freemove.fr\/fr\/produit\/pneu-hoosier-6-5-sculpte\/#primaryimage\"},\"thumbnailUrl\":\"https:\/\/freemove.fr\/wp-content\/uploads\/2021\/06\/pneu_hoosier.jpg\",\"datePublished\":\"2021-06-23T09:53:22+00:00\",\"dateModified\":\"2022-02-18T14:55:51+00:00\",\"breadcrumb\":{\"@id\":\"https:\/\/freemove.fr\/fr\/produit\/pneu-hoosier-6-5-sculpte\/#breadcrumb\"},\"inLanguage\":\"fr-FR\",\"potentialAction\":[{\"@type\":\"ReadAction\",\"target\":[\"https:\/\/freemove.fr\/fr\/produit\/pneu-hoosier-6-5-sculpte\/\"]}]},{\"@type\":\"ImageObject\",\"inLanguage\":\"fr-FR\",\"@id\":\"https:\/\/freemove.fr\/fr\/produit\/pneu-hoosier-6-5-sculpte\/#primaryimage\",\"url\":\"https:\/\/freemove.fr\/wp-content\/uploads\/2021\/06\/pneu_hoosier.jpg\",\"contentUrl\":\"https:\/\/freemove.fr\/wp-content\/uploads\/2021\/06\/pneu_hoosier.jpg\",\"width\":1440,\"height\":1080},{\"@type\":\"BreadcrumbList\",\"@id\":\"https:\/\/freemove.fr\/fr\/produit\/pneu-hoosier-6-5-sculpte\/#breadcrumb\",\"itemListElement\":[{\"@type\":\"ListItem\",\"position\":1,\"name\":\"Accueil\",\"item\":\"https:\/\/freemove.fr\/fr\/\"},{\"@type\":\"ListItem\",\"position\":2,\"name\":\"Boutique\",\"item\":\"https:\/\/freemove.fr\/fr\/boutique\/\"},{\"@type\":\"ListItem\",\"position\":3,\"name\":\"PNEU HOOSIER 6.5 SCULPT\u00c9\"}]},{\"@type\":\"WebSite\",\"@id\":\"https:\/\/freemove.fr\/en\/#website\",\"url\":\"https:\/\/freemove.fr\/en\/\",\"name\":\"Freemove la Glisse \u00c9lectrique pour tous\",\"description\":\"Onewheel - Visites guid\u00e9es en Segway \u00e0 Amboise\",\"publisher\":{\"@id\":\"https:\/\/freemove.fr\/en\/#organization\"},\"potentialAction\":[{\"@type\":\"SearchAction\",\"target\":{\"@type\":\"EntryPoint\",\"urlTemplate\":\"https:\/\/freemove.fr\/en\/?s={search_term_string}\"},\"query-input\":{\"@type\":\"PropertyValueSpecification\",\"valueRequired\":true,\"valueName\":\"search_term_string\"}}],\"inLanguage\":\"fr-FR\"},{\"@type\":\"Organization\",\"@id\":\"https:\/\/freemove.fr\/en\/#organization\",\"name\":\"Freemove\",\"url\":\"https:\/\/freemove.fr\/en\/\",\"logo\":{\"@type\":\"ImageObject\",\"inLanguage\":\"fr-FR\",\"@id\":\"https:\/\/freemove.fr\/en\/#\/schema\/logo\/image\/\",\"url\":\"https:\/\/freemove.fr\/wp-content\/uploads\/2021\/06\/footer_logotype-1.svg\",\"contentUrl\":\"https:\/\/freemove.fr\/wp-content\/uploads\/2021\/06\/footer_logotype-1.svg\",\"width\":163,\"height\":45,\"caption\":\"Freemove\"},\"image\":{\"@id\":\"https:\/\/freemove.fr\/en\/#\/schema\/logo\/image\/\"}}]}<\/script>\n<!-- \/ Yoast SEO plugin. -->","yoast_head_json":{"title":"PNEU HOOSIER 6.5 SCULPT\u00c9 - Boutique Freemove","robots":{"index":"index","follow":"follow","max-snippet":"max-snippet:-1","max-image-preview":"max-image-preview:large","max-video-preview":"max-video-preview:-1"},"canonical":"https:\/\/freemove.fr\/fr\/produit\/pneu-hoosier-6-5-sculpte\/","og_locale":"fr_FR","og_type":"article","og_title":"PNEU HOOSIER 6.5 SCULPT\u00c9 - Boutique Freemove","og_description":"SPECIAL ONEWHEEL V1 ET LONGRAILS !","og_url":"https:\/\/freemove.fr\/fr\/produit\/pneu-hoosier-6-5-sculpte\/","og_site_name":"Freemove la Glisse \u00c9lectrique pour tous","article_modified_time":"2022-02-18T14:55:51+00:00","og_image":[{"width":1440,"height":1080,"url":"https:\/\/freemove.fr\/wp-content\/uploads\/2021\/06\/pneu_hoosier.jpg","type":"image\/jpeg"}],"twitter_card":"summary_large_image","twitter_misc":{"Dur\u00e9e de lecture estim\u00e9e":"1 minute"},"schema":{"@context":"https:\/\/schema.org","@graph":[{"@type":"WebPage","@id":"https:\/\/freemove.fr\/fr\/produit\/pneu-hoosier-6-5-sculpte\/","url":"https:\/\/freemove.fr\/fr\/produit\/pneu-hoosier-6-5-sculpte\/","name":"PNEU HOOSIER 6.5 SCULPT\u00c9 - Boutique Freemove","isPartOf":{"@id":"https:\/\/freemove.fr\/en\/#website"},"primaryImageOfPage":{"@id":"https:\/\/freemove.fr\/fr\/produit\/pneu-hoosier-6-5-sculpte\/#primaryimage"},"image":{"@id":"https:\/\/freemove.fr\/fr\/produit\/pneu-hoosier-6-5-sculpte\/#primaryimage"},"thumbnailUrl":"https:\/\/freemove.fr\/wp-content\/uploads\/2021\/06\/pneu_hoosier.jpg","datePublished":"2021-06-23T09:53:22+00:00","dateModified":"2022-02-18T14:55:51+00:00","breadcrumb":{"@id":"https:\/\/freemove.fr\/fr\/produit\/pneu-hoosier-6-5-sculpte\/#breadcrumb"},"inLanguage":"fr-FR","potentialAction":[{"@type":"ReadAction","target":["https:\/\/freemove.fr\/fr\/produit\/pneu-hoosier-6-5-sculpte\/"]}]},{"@type":"ImageObject","inLanguage":"fr-FR","@id":"https:\/\/freemove.fr\/fr\/produit\/pneu-hoosier-6-5-sculpte\/#primaryimage","url":"https:\/\/freemove.fr\/wp-content\/uploads\/2021\/06\/pneu_hoosier.jpg","contentUrl":"https:\/\/freemove.fr\/wp-content\/uploads\/2021\/06\/pneu_hoosier.jpg","width":1440,"height":1080},{"@type":"BreadcrumbList","@id":"https:\/\/freemove.fr\/fr\/produit\/pneu-hoosier-6-5-sculpte\/#breadcrumb","itemListElement":[{"@type":"ListItem","position":1,"name":"Accueil","item":"https:\/\/freemove.fr\/fr\/"},{"@type":"ListItem","position":2,"name":"Boutique","item":"https:\/\/freemove.fr\/fr\/boutique\/"},{"@type":"ListItem","position":3,"name":"PNEU HOOSIER 6.5 SCULPT\u00c9"}]},{"@type":"WebSite","@id":"https:\/\/freemove.fr\/en\/#website","url":"https:\/\/freemove.fr\/en\/","name":"Freemove la Glisse \u00c9lectrique pour tous","description":"Onewheel - Visites guid\u00e9es en Segway \u00e0 Amboise","publisher":{"@id":"https:\/\/freemove.fr\/en\/#organization"},"potentialAction":[{"@type":"SearchAction","target":{"@type":"EntryPoint","urlTemplate":"https:\/\/freemove.fr\/en\/?s={search_term_string}"},"query-input":{"@type":"PropertyValueSpecification","valueRequired":true,"valueName":"search_term_string"}}],"inLanguage":"fr-FR"},{"@type":"Organization","@id":"https:\/\/freemove.fr\/en\/#organization","name":"Freemove","url":"https:\/\/freemove.fr\/en\/","logo":{"@type":"ImageObject","inLanguage":"fr-FR","@id":"https:\/\/freemove.fr\/en\/#\/schema\/logo\/image\/","url":"https:\/\/freemove.fr\/wp-content\/uploads\/2021\/06\/footer_logotype-1.svg","contentUrl":"https:\/\/freemove.fr\/wp-content\/uploads\/2021\/06\/footer_logotype-1.svg","width":163,"height":45,"caption":"Freemove"},"image":{"@id":"https:\/\/freemove.fr\/en\/#\/schema\/logo\/image\/"}}]}},"_links":{"self":[{"href":"https:\/\/freemove.fr\/fr\/wp-json\/wp\/v2\/product\/6696","targetHints":{"allow":["GET"]}}],"collection":[{"href":"https:\/\/freemove.fr\/fr\/wp-json\/wp\/v2\/product"}],"about":[{"href":"https:\/\/freemove.fr\/fr\/wp-json\/wp\/v2\/types\/product"}],"replies":[{"embeddable":true,"href":"https:\/\/freemove.fr\/fr\/wp-json\/wp\/v2\/comments?post=6696"}],"wp:featuredmedia":[{"embeddable":true,"href":"https:\/\/freemove.fr\/fr\/wp-json\/wp\/v2\/media\/5301"}],"wp:attachment":[{"href":"https:\/\/freemove.fr\/fr\/wp-json\/wp\/v2\/media?parent=6696"}],"wp:term":[{"taxonomy":"product_brand","embeddable":true,"href":"https:\/\/freemove.fr\/fr\/wp-json\/wp\/v2\/product_brand?post=6696"},{"taxonomy":"product_cat","embeddable":true,"href":"https:\/\/freemove.fr\/fr\/wp-json\/wp\/v2\/product_cat?post=6696"},{"taxonomy":"product_tag","embeddable":true,"href":"https:\/\/freemove.fr\/fr\/wp-json\/wp\/v2\/product_tag?post=6696"}],"curies":[{"name":"wp","href":"https:\/\/api.w.org\/{rel}","templated":true}]}}