


























{"id":6691,"date":"2021-06-23T11:53:18","date_gmt":"2021-06-23T09:53:18","guid":{"rendered":"https:\/\/freemove.fr\/produit\/pneu-hoosier-5-0-sculpte\/"},"modified":"2025-03-26T09:43:27","modified_gmt":"2025-03-26T08:43:27","slug":"pneu-hoosier-5-0-sculpte","status":"publish","type":"product","link":"https:\/\/freemove.fr\/fr\/produit\/pneu-hoosier-5-0-sculpte\/","title":{"rendered":"Pneu HOOSIER 5.0 Sculpt\u00e9"},"content":{"rendered":"<p>Le\u00a0<strong>Hoosier\u00a05.0&Prime;\u00a0Sculpt\u00e9<\/strong>\u00a0est ce qui se fait de mieux pour\u00a0<strong>rouler en hors-piste<\/strong>\u00a0avec votre\u00a0<strong>Onewheel Pint<\/strong>\u00a0!<\/p>\n<p>Son marquage prononc\u00e9 permet une\u00a0<strong>bonne accroche sur les terrains humides et gras<\/strong>\u00a0tout en conservant une\u00a0<strong>facilit\u00e9 de carving<\/strong>. Aussi \u00e0 l&rsquo;aise sur route que sur chemins, il vous permettra d&rsquo;attaquer comme une b\u00eate en \u00e9vitant les d\u00e9rapages !<\/p>\n<p><strong>Nous vous offrons\u00a010% de remise sur le liquide anti-crevaison\u00a0<a href=\"https:\/\/freemove.fr\/produit\/liquide-anti-crevaison-red-dillo\/\">RED DILLO<\/a>\u00a0si vous s\u00e9lectionnez l&rsquo;option \u00ab\u00a0AVEC\u00a0\u00bb en haut de page !<\/strong><\/p>\n","protected":false},"excerpt":{"rendered":"<h3>LE TOUT-TERRAIN !<\/h3>\n","protected":false},"featured_media":6690,"comment_status":"closed","ping_status":"closed","template":"","meta":{"inline_featured_image":false},"product_brand":[],"product_cat":[304],"product_tag":[652],"class_list":{"0":"post-6691","1":"product","2":"type-product","3":"status-publish","4":"has-post-thumbnail","6":"product_cat-accessoires-onewheel-pint","7":"product_tag-pneus","8":"pa_declinaison-declination-avec-liquide-anti-crevaison-red-dillo","9":"pa_declinaison-declination-sans-liquide-anti-crevaison-red-dillo","10":"entry","11":"has-media","13":"first","14":"outofstock","15":"sale","16":"taxable","17":"shipping-taxable","18":"purchasable","19":"product-type-variable"},"acf":[],"yoast_head":"<!-- This site is optimized with the Yoast SEO plugin v24.9 - https:\/\/yoast.com\/wordpress\/plugins\/seo\/ -->\n<title>Pneu HOOSIER 5.0 Sculpt\u00e9 - Boutique Freemove<\/title>\n<meta name=\"robots\" content=\"index, follow, max-snippet:-1, max-image-preview:large, max-video-preview:-1\" \/>\n<link rel=\"canonical\" href=\"https:\/\/freemove.fr\/fr\/produit\/pneu-hoosier-5-0-sculpte\/\" \/>\n<meta property=\"og:locale\" content=\"fr_FR\" \/>\n<meta property=\"og:type\" content=\"article\" \/>\n<meta property=\"og:title\" content=\"Pneu HOOSIER 5.0 Sculpt\u00e9 - Boutique Freemove\" \/>\n<meta property=\"og:description\" content=\"LE TOUT-TERRAIN !\" \/>\n<meta property=\"og:url\" content=\"https:\/\/freemove.fr\/fr\/produit\/pneu-hoosier-5-0-sculpte\/\" \/>\n<meta property=\"og:site_name\" content=\"Freemove la Glisse \u00c9lectrique pour tous\" \/>\n<meta property=\"article:modified_time\" content=\"2025-03-26T08:43:27+00:00\" \/>\n<meta property=\"og:image\" content=\"https:\/\/freemove.fr\/wp-content\/uploads\/2021\/06\/hoosier5.0_pint.jpg\" \/>\n\t<meta property=\"og:image:width\" content=\"1440\" \/>\n\t<meta property=\"og:image:height\" content=\"1080\" \/>\n\t<meta property=\"og:image:type\" content=\"image\/jpeg\" \/>\n<meta name=\"twitter:card\" content=\"summary_large_image\" \/>\n<meta name=\"twitter:label1\" content=\"Dur\u00e9e de lecture estim\u00e9e\" \/>\n\t<meta name=\"twitter:data1\" content=\"1 minute\" \/>\n<script type=\"application\/ld+json\" class=\"yoast-schema-graph\">{\"@context\":\"https:\/\/schema.org\",\"@graph\":[{\"@type\":\"WebPage\",\"@id\":\"https:\/\/freemove.fr\/fr\/produit\/pneu-hoosier-5-0-sculpte\/\",\"url\":\"https:\/\/freemove.fr\/fr\/produit\/pneu-hoosier-5-0-sculpte\/\",\"name\":\"Pneu HOOSIER 5.0 Sculpt\u00e9 - Boutique Freemove\",\"isPartOf\":{\"@id\":\"https:\/\/freemove.fr\/en\/#website\"},\"primaryImageOfPage\":{\"@id\":\"https:\/\/freemove.fr\/fr\/produit\/pneu-hoosier-5-0-sculpte\/#primaryimage\"},\"image\":{\"@id\":\"https:\/\/freemove.fr\/fr\/produit\/pneu-hoosier-5-0-sculpte\/#primaryimage\"},\"thumbnailUrl\":\"https:\/\/freemove.fr\/wp-content\/uploads\/2021\/06\/hoosier5.0_pint.jpg\",\"datePublished\":\"2021-06-23T09:53:18+00:00\",\"dateModified\":\"2025-03-26T08:43:27+00:00\",\"breadcrumb\":{\"@id\":\"https:\/\/freemove.fr\/fr\/produit\/pneu-hoosier-5-0-sculpte\/#breadcrumb\"},\"inLanguage\":\"fr-FR\",\"potentialAction\":[{\"@type\":\"ReadAction\",\"target\":[\"https:\/\/freemove.fr\/fr\/produit\/pneu-hoosier-5-0-sculpte\/\"]}]},{\"@type\":\"ImageObject\",\"inLanguage\":\"fr-FR\",\"@id\":\"https:\/\/freemove.fr\/fr\/produit\/pneu-hoosier-5-0-sculpte\/#primaryimage\",\"url\":\"https:\/\/freemove.fr\/wp-content\/uploads\/2021\/06\/hoosier5.0_pint.jpg\",\"contentUrl\":\"https:\/\/freemove.fr\/wp-content\/uploads\/2021\/06\/hoosier5.0_pint.jpg\",\"width\":1440,\"height\":1080},{\"@type\":\"BreadcrumbList\",\"@id\":\"https:\/\/freemove.fr\/fr\/produit\/pneu-hoosier-5-0-sculpte\/#breadcrumb\",\"itemListElement\":[{\"@type\":\"ListItem\",\"position\":1,\"name\":\"Accueil\",\"item\":\"https:\/\/freemove.fr\/fr\/\"},{\"@type\":\"ListItem\",\"position\":2,\"name\":\"Boutique\",\"item\":\"https:\/\/freemove.fr\/fr\/boutique\/\"},{\"@type\":\"ListItem\",\"position\":3,\"name\":\"Pneu HOOSIER 5.0 Sculpt\u00e9\"}]},{\"@type\":\"WebSite\",\"@id\":\"https:\/\/freemove.fr\/en\/#website\",\"url\":\"https:\/\/freemove.fr\/en\/\",\"name\":\"Freemove la Glisse \u00c9lectrique pour tous\",\"description\":\"Onewheel - Visites guid\u00e9es en Segway \u00e0 Amboise\",\"publisher\":{\"@id\":\"https:\/\/freemove.fr\/en\/#organization\"},\"potentialAction\":[{\"@type\":\"SearchAction\",\"target\":{\"@type\":\"EntryPoint\",\"urlTemplate\":\"https:\/\/freemove.fr\/en\/?s={search_term_string}\"},\"query-input\":{\"@type\":\"PropertyValueSpecification\",\"valueRequired\":true,\"valueName\":\"search_term_string\"}}],\"inLanguage\":\"fr-FR\"},{\"@type\":\"Organization\",\"@id\":\"https:\/\/freemove.fr\/en\/#organization\",\"name\":\"Freemove\",\"url\":\"https:\/\/freemove.fr\/en\/\",\"logo\":{\"@type\":\"ImageObject\",\"inLanguage\":\"fr-FR\",\"@id\":\"https:\/\/freemove.fr\/en\/#\/schema\/logo\/image\/\",\"url\":\"https:\/\/freemove.fr\/wp-content\/uploads\/2021\/06\/footer_logotype-1.svg\",\"contentUrl\":\"https:\/\/freemove.fr\/wp-content\/uploads\/2021\/06\/footer_logotype-1.svg\",\"width\":163,\"height\":45,\"caption\":\"Freemove\"},\"image\":{\"@id\":\"https:\/\/freemove.fr\/en\/#\/schema\/logo\/image\/\"}}]}<\/script>\n<!-- \/ Yoast SEO plugin. -->","yoast_head_json":{"title":"Pneu HOOSIER 5.0 Sculpt\u00e9 - Boutique Freemove","robots":{"index":"index","follow":"follow","max-snippet":"max-snippet:-1","max-image-preview":"max-image-preview:large","max-video-preview":"max-video-preview:-1"},"canonical":"https:\/\/freemove.fr\/fr\/produit\/pneu-hoosier-5-0-sculpte\/","og_locale":"fr_FR","og_type":"article","og_title":"Pneu HOOSIER 5.0 Sculpt\u00e9 - Boutique Freemove","og_description":"LE TOUT-TERRAIN !","og_url":"https:\/\/freemove.fr\/fr\/produit\/pneu-hoosier-5-0-sculpte\/","og_site_name":"Freemove la Glisse \u00c9lectrique pour tous","article_modified_time":"2025-03-26T08:43:27+00:00","og_image":[{"width":1440,"height":1080,"url":"https:\/\/freemove.fr\/wp-content\/uploads\/2021\/06\/hoosier5.0_pint.jpg","type":"image\/jpeg"}],"twitter_card":"summary_large_image","twitter_misc":{"Dur\u00e9e de lecture estim\u00e9e":"1 minute"},"schema":{"@context":"https:\/\/schema.org","@graph":[{"@type":"WebPage","@id":"https:\/\/freemove.fr\/fr\/produit\/pneu-hoosier-5-0-sculpte\/","url":"https:\/\/freemove.fr\/fr\/produit\/pneu-hoosier-5-0-sculpte\/","name":"Pneu HOOSIER 5.0 Sculpt\u00e9 - Boutique Freemove","isPartOf":{"@id":"https:\/\/freemove.fr\/en\/#website"},"primaryImageOfPage":{"@id":"https:\/\/freemove.fr\/fr\/produit\/pneu-hoosier-5-0-sculpte\/#primaryimage"},"image":{"@id":"https:\/\/freemove.fr\/fr\/produit\/pneu-hoosier-5-0-sculpte\/#primaryimage"},"thumbnailUrl":"https:\/\/freemove.fr\/wp-content\/uploads\/2021\/06\/hoosier5.0_pint.jpg","datePublished":"2021-06-23T09:53:18+00:00","dateModified":"2025-03-26T08:43:27+00:00","breadcrumb":{"@id":"https:\/\/freemove.fr\/fr\/produit\/pneu-hoosier-5-0-sculpte\/#breadcrumb"},"inLanguage":"fr-FR","potentialAction":[{"@type":"ReadAction","target":["https:\/\/freemove.fr\/fr\/produit\/pneu-hoosier-5-0-sculpte\/"]}]},{"@type":"ImageObject","inLanguage":"fr-FR","@id":"https:\/\/freemove.fr\/fr\/produit\/pneu-hoosier-5-0-sculpte\/#primaryimage","url":"https:\/\/freemove.fr\/wp-content\/uploads\/2021\/06\/hoosier5.0_pint.jpg","contentUrl":"https:\/\/freemove.fr\/wp-content\/uploads\/2021\/06\/hoosier5.0_pint.jpg","width":1440,"height":1080},{"@type":"BreadcrumbList","@id":"https:\/\/freemove.fr\/fr\/produit\/pneu-hoosier-5-0-sculpte\/#breadcrumb","itemListElement":[{"@type":"ListItem","position":1,"name":"Accueil","item":"https:\/\/freemove.fr\/fr\/"},{"@type":"ListItem","position":2,"name":"Boutique","item":"https:\/\/freemove.fr\/fr\/boutique\/"},{"@type":"ListItem","position":3,"name":"Pneu HOOSIER 5.0 Sculpt\u00e9"}]},{"@type":"WebSite","@id":"https:\/\/freemove.fr\/en\/#website","url":"https:\/\/freemove.fr\/en\/","name":"Freemove la Glisse \u00c9lectrique pour tous","description":"Onewheel - Visites guid\u00e9es en Segway \u00e0 Amboise","publisher":{"@id":"https:\/\/freemove.fr\/en\/#organization"},"potentialAction":[{"@type":"SearchAction","target":{"@type":"EntryPoint","urlTemplate":"https:\/\/freemove.fr\/en\/?s={search_term_string}"},"query-input":{"@type":"PropertyValueSpecification","valueRequired":true,"valueName":"search_term_string"}}],"inLanguage":"fr-FR"},{"@type":"Organization","@id":"https:\/\/freemove.fr\/en\/#organization","name":"Freemove","url":"https:\/\/freemove.fr\/en\/","logo":{"@type":"ImageObject","inLanguage":"fr-FR","@id":"https:\/\/freemove.fr\/en\/#\/schema\/logo\/image\/","url":"https:\/\/freemove.fr\/wp-content\/uploads\/2021\/06\/footer_logotype-1.svg","contentUrl":"https:\/\/freemove.fr\/wp-content\/uploads\/2021\/06\/footer_logotype-1.svg","width":163,"height":45,"caption":"Freemove"},"image":{"@id":"https:\/\/freemove.fr\/en\/#\/schema\/logo\/image\/"}}]}},"_links":{"self":[{"href":"https:\/\/freemove.fr\/fr\/wp-json\/wp\/v2\/product\/6691","targetHints":{"allow":["GET"]}}],"collection":[{"href":"https:\/\/freemove.fr\/fr\/wp-json\/wp\/v2\/product"}],"about":[{"href":"https:\/\/freemove.fr\/fr\/wp-json\/wp\/v2\/types\/product"}],"replies":[{"embeddable":true,"href":"https:\/\/freemove.fr\/fr\/wp-json\/wp\/v2\/comments?post=6691"}],"wp:featuredmedia":[{"embeddable":true,"href":"https:\/\/freemove.fr\/fr\/wp-json\/wp\/v2\/media\/6690"}],"wp:attachment":[{"href":"https:\/\/freemove.fr\/fr\/wp-json\/wp\/v2\/media?parent=6691"}],"wp:term":[{"taxonomy":"product_brand","embeddable":true,"href":"https:\/\/freemove.fr\/fr\/wp-json\/wp\/v2\/product_brand?post=6691"},{"taxonomy":"product_cat","embeddable":true,"href":"https:\/\/freemove.fr\/fr\/wp-json\/wp\/v2\/product_cat?post=6691"},{"taxonomy":"product_tag","embeddable":true,"href":"https:\/\/freemove.fr\/fr\/wp-json\/wp\/v2\/product_tag?post=6691"}],"curies":[{"name":"wp","href":"https:\/\/api.w.org\/{rel}","templated":true}]}}