


























{"id":5536,"date":"2021-06-18T16:18:16","date_gmt":"2021-06-18T14:18:16","guid":{"rendered":"https:\/\/freemove.fr\/produit\/img_4539-jpg\/"},"modified":"2025-04-04T17:30:50","modified_gmt":"2025-04-04T15:30:50","slug":"tours-la-decouverte","status":"publish","type":"product","link":"https:\/\/freemove.fr\/fr\/produit\/tours-la-decouverte\/","title":{"rendered":"TOURS &#8211; D\u00e9couverte 45&prime;"},"content":{"rendered":"","protected":false},"excerpt":{"rendered":"<p>CAPITALE DE LA TOURAINE ET VILLE \u00c9TUDIANTE, CE \u00ab\u00a0PETIT PARIS\u00a0\u00bb EST RECONNU POUR SA DOUCEUR DE VIVRE ET SES TERRASSES ANIM\u00c9ES AUTOUR DE LA C\u00c9L\u00c8BRE PLACE PLUMEREAU ET SES VIEILLES RUES PAV\u00c9ES.<br \/>\nLa cath\u00e9drale St Gatien, haute de 70 m\u00e8tres, est l&rsquo;un des monuments majeurs de la cit\u00e9 qui rec\u00e8le aussi d&rsquo;autres lieux insolites.<br \/>\n&gt;\u00a0Plus d&rsquo;informations<br \/>\nINFOS PRATIQUES<br \/>\nToutes nos visites d\u00e9butent par une initiation au pilotage suivie d&rsquo;un briefing sur les r\u00e8gles de s\u00e9curit\u00e9 et de conduite.<br \/>\nNos circuits sont accessibles pour des groupes allant jusqu&rsquo;\u00e0 16 personnes. N&rsquo;h\u00e9sitez pas \u00e0 nous contacter si vous \u00eates plus nombreux car il existe des solutions !<br \/>\n\u00c2ge minimum :\u00a012 ansPoids minimum :\u00a040 kgPoids maximum :\u00a0110 kg<br \/>\nNOUS FOURNISSONS<br \/>\nCasque + Charlotte hygi\u00e9nique\u00a0jetable<br \/>\nCoupe-vent en cas de pluie<br \/>\nBonne humeur !<br \/>\nCette activit\u00e9 est fortement d\u00e9conseill\u00e9e aux femmes enceintes.<br \/>\nLes participants de moins de 16 ans doivent \u00eatre accompagn\u00e9s par un adulte.<\/p>\n","protected":false},"featured_media":5199,"comment_status":"closed","ping_status":"closed","template":"","meta":{"inline_featured_image":false},"product_brand":[],"product_cat":[312],"product_tag":[1889],"class_list":{"0":"post-5536","1":"product","2":"type-product","3":"status-publish","4":"has-post-thumbnail","6":"product_cat-bons-cadeaux","7":"product_tag-bons-cadeaux","8":"entry","9":"has-media","11":"first","12":"instock","13":"virtual","14":"taxable","15":"purchasable","16":"product-type-simple"},"acf":[],"yoast_head":"<!-- This site is optimized with the Yoast SEO plugin v24.9 - https:\/\/yoast.com\/wordpress\/plugins\/seo\/ -->\n<title>TOURS - D\u00e9couverte 45&#039; - Boutique Freemove<\/title>\n<meta name=\"robots\" content=\"index, follow, max-snippet:-1, max-image-preview:large, max-video-preview:-1\" \/>\n<link rel=\"canonical\" href=\"https:\/\/freemove.fr\/fr\/produit\/tours-la-decouverte\/\" \/>\n<meta property=\"og:locale\" content=\"fr_FR\" \/>\n<meta property=\"og:type\" content=\"article\" \/>\n<meta property=\"og:title\" content=\"TOURS - D\u00e9couverte 45&#039; - Boutique Freemove\" \/>\n<meta property=\"og:description\" content=\"CAPITALE DE LA TOURAINE ET VILLE \u00c9TUDIANTE, CE &quot;PETIT PARIS&quot; EST RECONNU POUR SA DOUCEUR DE VIVRE ET SES TERRASSES ANIM\u00c9ES AUTOUR DE LA C\u00c9L\u00c8BRE PLACE PLUMEREAU ET SES VIEILLES RUES PAV\u00c9ES. La cath\u00e9drale St Gatien, haute de 70 m\u00e8tres, est l&#039;un des monuments majeurs de la cit\u00e9 qui rec\u00e8le aussi d&#039;autres lieux insolites. &gt;\u00a0Plus d&#039;informations INFOS PRATIQUES Toutes nos visites d\u00e9butent par une initiation au pilotage suivie d&#039;un briefing sur les r\u00e8gles de s\u00e9curit\u00e9 et de conduite. Nos circuits sont accessibles pour des groupes allant jusqu&#039;\u00e0 16 personnes. N&#039;h\u00e9sitez pas \u00e0 nous contacter si vous \u00eates plus nombreux car il existe des solutions ! \u00c2ge minimum :\u00a012 ansPoids minimum :\u00a040 kgPoids maximum :\u00a0110 kg NOUS FOURNISSONS Casque + Charlotte hygi\u00e9nique\u00a0jetable Coupe-vent en cas de pluie Bonne humeur ! Cette activit\u00e9 est fortement d\u00e9conseill\u00e9e aux femmes enceintes. Les participants de moins de 16 ans doivent \u00eatre accompagn\u00e9s par un adulte.\" \/>\n<meta property=\"og:url\" content=\"https:\/\/freemove.fr\/fr\/produit\/tours-la-decouverte\/\" \/>\n<meta property=\"og:site_name\" content=\"Freemove la Glisse \u00c9lectrique pour tous\" \/>\n<meta property=\"article:modified_time\" content=\"2025-04-04T15:30:50+00:00\" \/>\n<meta property=\"og:image\" content=\"https:\/\/freemove.fr\/wp-content\/uploads\/2021\/06\/img_4539_0-1.jpg\" \/>\n\t<meta property=\"og:image:width\" content=\"1920\" \/>\n\t<meta property=\"og:image:height\" content=\"1440\" \/>\n\t<meta property=\"og:image:type\" content=\"image\/jpeg\" \/>\n<meta name=\"twitter:card\" content=\"summary_large_image\" \/>\n<script type=\"application\/ld+json\" class=\"yoast-schema-graph\">{\"@context\":\"https:\/\/schema.org\",\"@graph\":[{\"@type\":\"WebPage\",\"@id\":\"https:\/\/freemove.fr\/fr\/produit\/tours-la-decouverte\/\",\"url\":\"https:\/\/freemove.fr\/fr\/produit\/tours-la-decouverte\/\",\"name\":\"TOURS - D\u00e9couverte 45' - Boutique Freemove\",\"isPartOf\":{\"@id\":\"https:\/\/freemove.fr\/en\/#website\"},\"primaryImageOfPage\":{\"@id\":\"https:\/\/freemove.fr\/fr\/produit\/tours-la-decouverte\/#primaryimage\"},\"image\":{\"@id\":\"https:\/\/freemove.fr\/fr\/produit\/tours-la-decouverte\/#primaryimage\"},\"thumbnailUrl\":\"https:\/\/freemove.fr\/wp-content\/uploads\/2021\/06\/img_4539_0-1.jpg\",\"datePublished\":\"2021-06-18T14:18:16+00:00\",\"dateModified\":\"2025-04-04T15:30:50+00:00\",\"breadcrumb\":{\"@id\":\"https:\/\/freemove.fr\/fr\/produit\/tours-la-decouverte\/#breadcrumb\"},\"inLanguage\":\"fr-FR\",\"potentialAction\":[{\"@type\":\"ReadAction\",\"target\":[\"https:\/\/freemove.fr\/fr\/produit\/tours-la-decouverte\/\"]}]},{\"@type\":\"ImageObject\",\"inLanguage\":\"fr-FR\",\"@id\":\"https:\/\/freemove.fr\/fr\/produit\/tours-la-decouverte\/#primaryimage\",\"url\":\"https:\/\/freemove.fr\/wp-content\/uploads\/2021\/06\/img_4539_0-1.jpg\",\"contentUrl\":\"https:\/\/freemove.fr\/wp-content\/uploads\/2021\/06\/img_4539_0-1.jpg\",\"width\":1920,\"height\":1440},{\"@type\":\"BreadcrumbList\",\"@id\":\"https:\/\/freemove.fr\/fr\/produit\/tours-la-decouverte\/#breadcrumb\",\"itemListElement\":[{\"@type\":\"ListItem\",\"position\":1,\"name\":\"Accueil\",\"item\":\"https:\/\/freemove.fr\/fr\/\"},{\"@type\":\"ListItem\",\"position\":2,\"name\":\"Boutique\",\"item\":\"https:\/\/freemove.fr\/fr\/boutique\/\"},{\"@type\":\"ListItem\",\"position\":3,\"name\":\"TOURS &#8211; D\u00e9couverte 45&prime;\"}]},{\"@type\":\"WebSite\",\"@id\":\"https:\/\/freemove.fr\/en\/#website\",\"url\":\"https:\/\/freemove.fr\/en\/\",\"name\":\"Freemove la Glisse \u00c9lectrique pour tous\",\"description\":\"Onewheel - Visites guid\u00e9es en Segway \u00e0 Amboise\",\"publisher\":{\"@id\":\"https:\/\/freemove.fr\/en\/#organization\"},\"potentialAction\":[{\"@type\":\"SearchAction\",\"target\":{\"@type\":\"EntryPoint\",\"urlTemplate\":\"https:\/\/freemove.fr\/en\/?s={search_term_string}\"},\"query-input\":{\"@type\":\"PropertyValueSpecification\",\"valueRequired\":true,\"valueName\":\"search_term_string\"}}],\"inLanguage\":\"fr-FR\"},{\"@type\":\"Organization\",\"@id\":\"https:\/\/freemove.fr\/en\/#organization\",\"name\":\"Freemove\",\"url\":\"https:\/\/freemove.fr\/en\/\",\"logo\":{\"@type\":\"ImageObject\",\"inLanguage\":\"fr-FR\",\"@id\":\"https:\/\/freemove.fr\/en\/#\/schema\/logo\/image\/\",\"url\":\"https:\/\/freemove.fr\/wp-content\/uploads\/2021\/06\/footer_logotype-1.svg\",\"contentUrl\":\"https:\/\/freemove.fr\/wp-content\/uploads\/2021\/06\/footer_logotype-1.svg\",\"width\":163,\"height\":45,\"caption\":\"Freemove\"},\"image\":{\"@id\":\"https:\/\/freemove.fr\/en\/#\/schema\/logo\/image\/\"}}]}<\/script>\n<!-- \/ Yoast SEO plugin. -->","yoast_head_json":{"title":"TOURS - D\u00e9couverte 45' - Boutique Freemove","robots":{"index":"index","follow":"follow","max-snippet":"max-snippet:-1","max-image-preview":"max-image-preview:large","max-video-preview":"max-video-preview:-1"},"canonical":"https:\/\/freemove.fr\/fr\/produit\/tours-la-decouverte\/","og_locale":"fr_FR","og_type":"article","og_title":"TOURS - D\u00e9couverte 45' - Boutique Freemove","og_description":"CAPITALE DE LA TOURAINE ET VILLE \u00c9TUDIANTE, CE \"PETIT PARIS\" EST RECONNU POUR SA DOUCEUR DE VIVRE ET SES TERRASSES ANIM\u00c9ES AUTOUR DE LA C\u00c9L\u00c8BRE PLACE PLUMEREAU ET SES VIEILLES RUES PAV\u00c9ES. La cath\u00e9drale St Gatien, haute de 70 m\u00e8tres, est l'un des monuments majeurs de la cit\u00e9 qui rec\u00e8le aussi d'autres lieux insolites. &gt;\u00a0Plus d'informations INFOS PRATIQUES Toutes nos visites d\u00e9butent par une initiation au pilotage suivie d'un briefing sur les r\u00e8gles de s\u00e9curit\u00e9 et de conduite. Nos circuits sont accessibles pour des groupes allant jusqu'\u00e0 16 personnes. N'h\u00e9sitez pas \u00e0 nous contacter si vous \u00eates plus nombreux car il existe des solutions ! \u00c2ge minimum :\u00a012 ansPoids minimum :\u00a040 kgPoids maximum :\u00a0110 kg NOUS FOURNISSONS Casque + Charlotte hygi\u00e9nique\u00a0jetable Coupe-vent en cas de pluie Bonne humeur ! Cette activit\u00e9 est fortement d\u00e9conseill\u00e9e aux femmes enceintes. Les participants de moins de 16 ans doivent \u00eatre accompagn\u00e9s par un adulte.","og_url":"https:\/\/freemove.fr\/fr\/produit\/tours-la-decouverte\/","og_site_name":"Freemove la Glisse \u00c9lectrique pour tous","article_modified_time":"2025-04-04T15:30:50+00:00","og_image":[{"width":1920,"height":1440,"url":"https:\/\/freemove.fr\/wp-content\/uploads\/2021\/06\/img_4539_0-1.jpg","type":"image\/jpeg"}],"twitter_card":"summary_large_image","schema":{"@context":"https:\/\/schema.org","@graph":[{"@type":"WebPage","@id":"https:\/\/freemove.fr\/fr\/produit\/tours-la-decouverte\/","url":"https:\/\/freemove.fr\/fr\/produit\/tours-la-decouverte\/","name":"TOURS - D\u00e9couverte 45' - Boutique Freemove","isPartOf":{"@id":"https:\/\/freemove.fr\/en\/#website"},"primaryImageOfPage":{"@id":"https:\/\/freemove.fr\/fr\/produit\/tours-la-decouverte\/#primaryimage"},"image":{"@id":"https:\/\/freemove.fr\/fr\/produit\/tours-la-decouverte\/#primaryimage"},"thumbnailUrl":"https:\/\/freemove.fr\/wp-content\/uploads\/2021\/06\/img_4539_0-1.jpg","datePublished":"2021-06-18T14:18:16+00:00","dateModified":"2025-04-04T15:30:50+00:00","breadcrumb":{"@id":"https:\/\/freemove.fr\/fr\/produit\/tours-la-decouverte\/#breadcrumb"},"inLanguage":"fr-FR","potentialAction":[{"@type":"ReadAction","target":["https:\/\/freemove.fr\/fr\/produit\/tours-la-decouverte\/"]}]},{"@type":"ImageObject","inLanguage":"fr-FR","@id":"https:\/\/freemove.fr\/fr\/produit\/tours-la-decouverte\/#primaryimage","url":"https:\/\/freemove.fr\/wp-content\/uploads\/2021\/06\/img_4539_0-1.jpg","contentUrl":"https:\/\/freemove.fr\/wp-content\/uploads\/2021\/06\/img_4539_0-1.jpg","width":1920,"height":1440},{"@type":"BreadcrumbList","@id":"https:\/\/freemove.fr\/fr\/produit\/tours-la-decouverte\/#breadcrumb","itemListElement":[{"@type":"ListItem","position":1,"name":"Accueil","item":"https:\/\/freemove.fr\/fr\/"},{"@type":"ListItem","position":2,"name":"Boutique","item":"https:\/\/freemove.fr\/fr\/boutique\/"},{"@type":"ListItem","position":3,"name":"TOURS &#8211; D\u00e9couverte 45&prime;"}]},{"@type":"WebSite","@id":"https:\/\/freemove.fr\/en\/#website","url":"https:\/\/freemove.fr\/en\/","name":"Freemove la Glisse \u00c9lectrique pour tous","description":"Onewheel - Visites guid\u00e9es en Segway \u00e0 Amboise","publisher":{"@id":"https:\/\/freemove.fr\/en\/#organization"},"potentialAction":[{"@type":"SearchAction","target":{"@type":"EntryPoint","urlTemplate":"https:\/\/freemove.fr\/en\/?s={search_term_string}"},"query-input":{"@type":"PropertyValueSpecification","valueRequired":true,"valueName":"search_term_string"}}],"inLanguage":"fr-FR"},{"@type":"Organization","@id":"https:\/\/freemove.fr\/en\/#organization","name":"Freemove","url":"https:\/\/freemove.fr\/en\/","logo":{"@type":"ImageObject","inLanguage":"fr-FR","@id":"https:\/\/freemove.fr\/en\/#\/schema\/logo\/image\/","url":"https:\/\/freemove.fr\/wp-content\/uploads\/2021\/06\/footer_logotype-1.svg","contentUrl":"https:\/\/freemove.fr\/wp-content\/uploads\/2021\/06\/footer_logotype-1.svg","width":163,"height":45,"caption":"Freemove"},"image":{"@id":"https:\/\/freemove.fr\/en\/#\/schema\/logo\/image\/"}}]}},"_links":{"self":[{"href":"https:\/\/freemove.fr\/fr\/wp-json\/wp\/v2\/product\/5536","targetHints":{"allow":["GET"]}}],"collection":[{"href":"https:\/\/freemove.fr\/fr\/wp-json\/wp\/v2\/product"}],"about":[{"href":"https:\/\/freemove.fr\/fr\/wp-json\/wp\/v2\/types\/product"}],"replies":[{"embeddable":true,"href":"https:\/\/freemove.fr\/fr\/wp-json\/wp\/v2\/comments?post=5536"}],"wp:featuredmedia":[{"embeddable":true,"href":"https:\/\/freemove.fr\/fr\/wp-json\/wp\/v2\/media\/5199"}],"wp:attachment":[{"href":"https:\/\/freemove.fr\/fr\/wp-json\/wp\/v2\/media?parent=5536"}],"wp:term":[{"taxonomy":"product_brand","embeddable":true,"href":"https:\/\/freemove.fr\/fr\/wp-json\/wp\/v2\/product_brand?post=5536"},{"taxonomy":"product_cat","embeddable":true,"href":"https:\/\/freemove.fr\/fr\/wp-json\/wp\/v2\/product_cat?post=5536"},{"taxonomy":"product_tag","embeddable":true,"href":"https:\/\/freemove.fr\/fr\/wp-json\/wp\/v2\/product_tag?post=5536"}],"curies":[{"name":"wp","href":"https:\/\/api.w.org\/{rel}","templated":true}]}}