


























{"id":5533,"date":"2021-06-18T16:18:13","date_gmt":"2021-06-18T14:18:13","guid":{"rendered":"https:\/\/freemove.fr\/produit\/dsc_5986_c-jpg\/"},"modified":"2025-04-04T17:29:14","modified_gmt":"2025-04-04T15:29:14","slug":"stage-onewheel","status":"publish","type":"product","link":"https:\/\/freemove.fr\/fr\/produit\/stage-onewheel\/","title":{"rendered":"STAGE ONEWHEEL 60&prime;"},"content":{"rendered":"<p>Nos stages se d\u00e9roulent principalement \u00e0 Amboise o\u00f9 se trouve notre boutique mais nous pouvons nous d\u00e9placer \u00e0 la demande moyennant un co\u00fbt logistique.<br \/>\nIl n&rsquo;est pas n\u00e9cessaire d&rsquo;avoir d\u00e9j\u00e0 pratiqu\u00e9 un sport de glisse pour s&rsquo;initier au OneWheel !<br \/>\n<strong>\u00c2ge minimum :\u00a012 ans<br \/>\nPoids maximum :\u00a0100 kg<\/strong><\/p>\n<p><strong>NOUS FOURNISSONS :<\/strong><br \/>\nCasque + Protections adapt\u00e9es<br \/>\nBonne humeur et p\u00e9dagogie !<br \/>\nCette activit\u00e9 est fortement d\u00e9conseill\u00e9e aux femmes enceintes.<br \/>\nLes participants de moins de 16 ans doivent \u00eatre accompagn\u00e9s par un adulte.<\/p>\n","protected":false},"excerpt":{"rendered":"<p>Apprenez en toute s\u00e9curit\u00e9 \u00e0 ma\u00eetriser le Onewheel\u00ae en participant \u00e0 nos stages d\u00e9couverte !<br \/>\nApr\u00e8s\u00a0vous avoir pr\u00e9sent\u00e9 la machine et ses principales caract\u00e9ristiques, nous vous entrainerons sur un\u00a0plateau recr\u00e9ant les diff\u00e9rentes situations auxquelles vous serez confront\u00e9 en situation\u00a0d\u2019utilisation : slalom, arr\u00eat contr\u00f4l\u00e9, passage d\u2019obstacles, mont\u00e9e et descente\u2026 Vous deviendrez\u00a0rapidement un utilisateur aguerri et avide de nouvelles sensations !<br \/>\nAu terme de ce stage, nous vous remettrons votre licence \u00ab Freemove &amp; Ride \u00bb personnalis\u00e9e qui vous permettra de participer \u00e0 nos randonn\u00e9es ou bien de louer le Onewheel\u00ae pour votre usage personnel.<\/p>\n","protected":false},"featured_media":9430,"comment_status":"closed","ping_status":"closed","template":"","meta":{"inline_featured_image":false},"product_brand":[],"product_cat":[312],"product_tag":[1889],"class_list":{"0":"post-5533","1":"product","2":"type-product","3":"status-publish","4":"has-post-thumbnail","6":"product_cat-bons-cadeaux","7":"product_tag-bons-cadeaux","8":"entry","9":"has-media","11":"first","12":"instock","13":"virtual","14":"taxable","15":"purchasable","16":"product-type-simple"},"acf":[],"yoast_head":"<!-- This site is optimized with the Yoast SEO plugin v24.9 - https:\/\/yoast.com\/wordpress\/plugins\/seo\/ -->\n<title>STAGE ONEWHEEL 60&#039; - Boutique Freemove<\/title>\n<meta name=\"robots\" content=\"index, follow, max-snippet:-1, max-image-preview:large, max-video-preview:-1\" \/>\n<link rel=\"canonical\" href=\"https:\/\/freemove.fr\/fr\/produit\/stage-onewheel\/\" \/>\n<meta property=\"og:locale\" content=\"fr_FR\" \/>\n<meta property=\"og:type\" content=\"article\" \/>\n<meta property=\"og:title\" content=\"STAGE ONEWHEEL 60&#039; - Boutique Freemove\" \/>\n<meta property=\"og:description\" content=\"Apprenez en toute s\u00e9curit\u00e9 \u00e0 ma\u00eetriser le Onewheel\u00ae en participant \u00e0 nos stages d\u00e9couverte ! Apr\u00e8s\u00a0vous avoir pr\u00e9sent\u00e9 la machine et ses principales caract\u00e9ristiques, nous vous entrainerons sur un\u00a0plateau recr\u00e9ant les diff\u00e9rentes situations auxquelles vous serez confront\u00e9 en situation\u00a0d\u2019utilisation : slalom, arr\u00eat contr\u00f4l\u00e9, passage d\u2019obstacles, mont\u00e9e et descente\u2026 Vous deviendrez\u00a0rapidement un utilisateur aguerri et avide de nouvelles sensations ! Au terme de ce stage, nous vous remettrons votre licence \u00ab Freemove &amp; Ride \u00bb personnalis\u00e9e qui vous permettra de participer \u00e0 nos randonn\u00e9es ou bien de louer le Onewheel\u00ae pour votre usage personnel.\" \/>\n<meta property=\"og:url\" content=\"https:\/\/freemove.fr\/fr\/produit\/stage-onewheel\/\" \/>\n<meta property=\"og:site_name\" content=\"Freemove la Glisse \u00c9lectrique pour tous\" \/>\n<meta property=\"article:modified_time\" content=\"2025-04-04T15:29:14+00:00\" \/>\n<meta property=\"og:image\" content=\"https:\/\/freemove.fr\/wp-content\/uploads\/2021\/06\/Stage-Onewheel.jpg\" \/>\n\t<meta property=\"og:image:width\" content=\"1440\" \/>\n\t<meta property=\"og:image:height\" content=\"1080\" \/>\n\t<meta property=\"og:image:type\" content=\"image\/jpeg\" \/>\n<meta name=\"twitter:card\" content=\"summary_large_image\" \/>\n<meta name=\"twitter:label1\" content=\"Dur\u00e9e de lecture estim\u00e9e\" \/>\n\t<meta name=\"twitter:data1\" content=\"1 minute\" \/>\n<script type=\"application\/ld+json\" class=\"yoast-schema-graph\">{\"@context\":\"https:\/\/schema.org\",\"@graph\":[{\"@type\":\"WebPage\",\"@id\":\"https:\/\/freemove.fr\/fr\/produit\/stage-onewheel\/\",\"url\":\"https:\/\/freemove.fr\/fr\/produit\/stage-onewheel\/\",\"name\":\"STAGE ONEWHEEL 60' - Boutique Freemove\",\"isPartOf\":{\"@id\":\"https:\/\/freemove.fr\/en\/#website\"},\"primaryImageOfPage\":{\"@id\":\"https:\/\/freemove.fr\/fr\/produit\/stage-onewheel\/#primaryimage\"},\"image\":{\"@id\":\"https:\/\/freemove.fr\/fr\/produit\/stage-onewheel\/#primaryimage\"},\"thumbnailUrl\":\"https:\/\/freemove.fr\/wp-content\/uploads\/2021\/06\/Stage-Onewheel.jpg\",\"datePublished\":\"2021-06-18T14:18:13+00:00\",\"dateModified\":\"2025-04-04T15:29:14+00:00\",\"breadcrumb\":{\"@id\":\"https:\/\/freemove.fr\/fr\/produit\/stage-onewheel\/#breadcrumb\"},\"inLanguage\":\"fr-FR\",\"potentialAction\":[{\"@type\":\"ReadAction\",\"target\":[\"https:\/\/freemove.fr\/fr\/produit\/stage-onewheel\/\"]}]},{\"@type\":\"ImageObject\",\"inLanguage\":\"fr-FR\",\"@id\":\"https:\/\/freemove.fr\/fr\/produit\/stage-onewheel\/#primaryimage\",\"url\":\"https:\/\/freemove.fr\/wp-content\/uploads\/2021\/06\/Stage-Onewheel.jpg\",\"contentUrl\":\"https:\/\/freemove.fr\/wp-content\/uploads\/2021\/06\/Stage-Onewheel.jpg\",\"width\":1440,\"height\":1080},{\"@type\":\"BreadcrumbList\",\"@id\":\"https:\/\/freemove.fr\/fr\/produit\/stage-onewheel\/#breadcrumb\",\"itemListElement\":[{\"@type\":\"ListItem\",\"position\":1,\"name\":\"Accueil\",\"item\":\"https:\/\/freemove.fr\/fr\/\"},{\"@type\":\"ListItem\",\"position\":2,\"name\":\"Boutique\",\"item\":\"https:\/\/freemove.fr\/fr\/boutique\/\"},{\"@type\":\"ListItem\",\"position\":3,\"name\":\"STAGE ONEWHEEL 60&prime;\"}]},{\"@type\":\"WebSite\",\"@id\":\"https:\/\/freemove.fr\/en\/#website\",\"url\":\"https:\/\/freemove.fr\/en\/\",\"name\":\"Freemove la Glisse \u00c9lectrique pour tous\",\"description\":\"Onewheel - Visites guid\u00e9es en Segway \u00e0 Amboise\",\"publisher\":{\"@id\":\"https:\/\/freemove.fr\/en\/#organization\"},\"potentialAction\":[{\"@type\":\"SearchAction\",\"target\":{\"@type\":\"EntryPoint\",\"urlTemplate\":\"https:\/\/freemove.fr\/en\/?s={search_term_string}\"},\"query-input\":{\"@type\":\"PropertyValueSpecification\",\"valueRequired\":true,\"valueName\":\"search_term_string\"}}],\"inLanguage\":\"fr-FR\"},{\"@type\":\"Organization\",\"@id\":\"https:\/\/freemove.fr\/en\/#organization\",\"name\":\"Freemove\",\"url\":\"https:\/\/freemove.fr\/en\/\",\"logo\":{\"@type\":\"ImageObject\",\"inLanguage\":\"fr-FR\",\"@id\":\"https:\/\/freemove.fr\/en\/#\/schema\/logo\/image\/\",\"url\":\"https:\/\/freemove.fr\/wp-content\/uploads\/2021\/06\/footer_logotype-1.svg\",\"contentUrl\":\"https:\/\/freemove.fr\/wp-content\/uploads\/2021\/06\/footer_logotype-1.svg\",\"width\":163,\"height\":45,\"caption\":\"Freemove\"},\"image\":{\"@id\":\"https:\/\/freemove.fr\/en\/#\/schema\/logo\/image\/\"}}]}<\/script>\n<!-- \/ Yoast SEO plugin. -->","yoast_head_json":{"title":"STAGE ONEWHEEL 60' - Boutique Freemove","robots":{"index":"index","follow":"follow","max-snippet":"max-snippet:-1","max-image-preview":"max-image-preview:large","max-video-preview":"max-video-preview:-1"},"canonical":"https:\/\/freemove.fr\/fr\/produit\/stage-onewheel\/","og_locale":"fr_FR","og_type":"article","og_title":"STAGE ONEWHEEL 60' - Boutique Freemove","og_description":"Apprenez en toute s\u00e9curit\u00e9 \u00e0 ma\u00eetriser le Onewheel\u00ae en participant \u00e0 nos stages d\u00e9couverte ! Apr\u00e8s\u00a0vous avoir pr\u00e9sent\u00e9 la machine et ses principales caract\u00e9ristiques, nous vous entrainerons sur un\u00a0plateau recr\u00e9ant les diff\u00e9rentes situations auxquelles vous serez confront\u00e9 en situation\u00a0d\u2019utilisation : slalom, arr\u00eat contr\u00f4l\u00e9, passage d\u2019obstacles, mont\u00e9e et descente\u2026 Vous deviendrez\u00a0rapidement un utilisateur aguerri et avide de nouvelles sensations ! Au terme de ce stage, nous vous remettrons votre licence \u00ab Freemove &amp; Ride \u00bb personnalis\u00e9e qui vous permettra de participer \u00e0 nos randonn\u00e9es ou bien de louer le Onewheel\u00ae pour votre usage personnel.","og_url":"https:\/\/freemove.fr\/fr\/produit\/stage-onewheel\/","og_site_name":"Freemove la Glisse \u00c9lectrique pour tous","article_modified_time":"2025-04-04T15:29:14+00:00","og_image":[{"width":1440,"height":1080,"url":"https:\/\/freemove.fr\/wp-content\/uploads\/2021\/06\/Stage-Onewheel.jpg","type":"image\/jpeg"}],"twitter_card":"summary_large_image","twitter_misc":{"Dur\u00e9e de lecture estim\u00e9e":"1 minute"},"schema":{"@context":"https:\/\/schema.org","@graph":[{"@type":"WebPage","@id":"https:\/\/freemove.fr\/fr\/produit\/stage-onewheel\/","url":"https:\/\/freemove.fr\/fr\/produit\/stage-onewheel\/","name":"STAGE ONEWHEEL 60' - Boutique Freemove","isPartOf":{"@id":"https:\/\/freemove.fr\/en\/#website"},"primaryImageOfPage":{"@id":"https:\/\/freemove.fr\/fr\/produit\/stage-onewheel\/#primaryimage"},"image":{"@id":"https:\/\/freemove.fr\/fr\/produit\/stage-onewheel\/#primaryimage"},"thumbnailUrl":"https:\/\/freemove.fr\/wp-content\/uploads\/2021\/06\/Stage-Onewheel.jpg","datePublished":"2021-06-18T14:18:13+00:00","dateModified":"2025-04-04T15:29:14+00:00","breadcrumb":{"@id":"https:\/\/freemove.fr\/fr\/produit\/stage-onewheel\/#breadcrumb"},"inLanguage":"fr-FR","potentialAction":[{"@type":"ReadAction","target":["https:\/\/freemove.fr\/fr\/produit\/stage-onewheel\/"]}]},{"@type":"ImageObject","inLanguage":"fr-FR","@id":"https:\/\/freemove.fr\/fr\/produit\/stage-onewheel\/#primaryimage","url":"https:\/\/freemove.fr\/wp-content\/uploads\/2021\/06\/Stage-Onewheel.jpg","contentUrl":"https:\/\/freemove.fr\/wp-content\/uploads\/2021\/06\/Stage-Onewheel.jpg","width":1440,"height":1080},{"@type":"BreadcrumbList","@id":"https:\/\/freemove.fr\/fr\/produit\/stage-onewheel\/#breadcrumb","itemListElement":[{"@type":"ListItem","position":1,"name":"Accueil","item":"https:\/\/freemove.fr\/fr\/"},{"@type":"ListItem","position":2,"name":"Boutique","item":"https:\/\/freemove.fr\/fr\/boutique\/"},{"@type":"ListItem","position":3,"name":"STAGE ONEWHEEL 60&prime;"}]},{"@type":"WebSite","@id":"https:\/\/freemove.fr\/en\/#website","url":"https:\/\/freemove.fr\/en\/","name":"Freemove la Glisse \u00c9lectrique pour tous","description":"Onewheel - Visites guid\u00e9es en Segway \u00e0 Amboise","publisher":{"@id":"https:\/\/freemove.fr\/en\/#organization"},"potentialAction":[{"@type":"SearchAction","target":{"@type":"EntryPoint","urlTemplate":"https:\/\/freemove.fr\/en\/?s={search_term_string}"},"query-input":{"@type":"PropertyValueSpecification","valueRequired":true,"valueName":"search_term_string"}}],"inLanguage":"fr-FR"},{"@type":"Organization","@id":"https:\/\/freemove.fr\/en\/#organization","name":"Freemove","url":"https:\/\/freemove.fr\/en\/","logo":{"@type":"ImageObject","inLanguage":"fr-FR","@id":"https:\/\/freemove.fr\/en\/#\/schema\/logo\/image\/","url":"https:\/\/freemove.fr\/wp-content\/uploads\/2021\/06\/footer_logotype-1.svg","contentUrl":"https:\/\/freemove.fr\/wp-content\/uploads\/2021\/06\/footer_logotype-1.svg","width":163,"height":45,"caption":"Freemove"},"image":{"@id":"https:\/\/freemove.fr\/en\/#\/schema\/logo\/image\/"}}]}},"_links":{"self":[{"href":"https:\/\/freemove.fr\/fr\/wp-json\/wp\/v2\/product\/5533","targetHints":{"allow":["GET"]}}],"collection":[{"href":"https:\/\/freemove.fr\/fr\/wp-json\/wp\/v2\/product"}],"about":[{"href":"https:\/\/freemove.fr\/fr\/wp-json\/wp\/v2\/types\/product"}],"replies":[{"embeddable":true,"href":"https:\/\/freemove.fr\/fr\/wp-json\/wp\/v2\/comments?post=5533"}],"wp:featuredmedia":[{"embeddable":true,"href":"https:\/\/freemove.fr\/fr\/wp-json\/wp\/v2\/media\/9430"}],"wp:attachment":[{"href":"https:\/\/freemove.fr\/fr\/wp-json\/wp\/v2\/media?parent=5533"}],"wp:term":[{"taxonomy":"product_brand","embeddable":true,"href":"https:\/\/freemove.fr\/fr\/wp-json\/wp\/v2\/product_brand?post=5533"},{"taxonomy":"product_cat","embeddable":true,"href":"https:\/\/freemove.fr\/fr\/wp-json\/wp\/v2\/product_cat?post=5533"},{"taxonomy":"product_tag","embeddable":true,"href":"https:\/\/freemove.fr\/fr\/wp-json\/wp\/v2\/product_tag?post=5533"}],"curies":[{"name":"wp","href":"https:\/\/api.w.org\/{rel}","templated":true}]}}