


























{"id":5529,"date":"2021-06-18T16:18:10","date_gmt":"2021-06-18T14:18:10","guid":{"rendered":"https:\/\/freemove.fr\/produit\/stage_gotway-jpg\/"},"modified":"2025-04-04T17:29:26","modified_gmt":"2025-04-04T15:29:26","slug":"stage-monoroue","status":"publish","type":"product","link":"https:\/\/freemove.fr\/fr\/produit\/stage-monoroue\/","title":{"rendered":"STAGE GYROROUE 90&prime;"},"content":{"rendered":"<p>Nos stages se d\u00e9roulent principalement \u00e0 Amboise o\u00f9 se trouve notre boutique mais nous pouvons nous d\u00e9placer \u00e0 la demande moyennant un co\u00fbt logistique.<br \/>\nIl n&rsquo;est pas n\u00e9cessaire d&rsquo;avoir d\u00e9j\u00e0 pratiqu\u00e9 un sport de glisse pour s&rsquo;initier \u00e0 la Gyroroue \u00e9lectrique !<br \/>\n<strong>\u00c2ge minimum :\u00a012 ans<br \/>\n<\/strong><strong>Poids maximum :\u00a0100 kg<\/strong><\/p>\n<p><strong>NOUS FOURNISSONS :<\/strong><br \/>\nCasque + Protections adapt\u00e9es<br \/>\nBonne humeur et p\u00e9dagogie !<br \/>\nCette activit\u00e9 est fortement d\u00e9conseill\u00e9e aux femmes enceintes.<br \/>\nLes participants de moins de 16 ans doivent \u00eatre accompagn\u00e9s par un adulte.<\/p>\n","protected":false},"excerpt":{"rendered":"<p>Apprenez en toute s\u00e9curit\u00e9 \u00e0 ma\u00eetriser la Gyroroue electrique en participant \u00e0 nos stages !<br \/>\nApr\u00e8s vous avoir pr\u00e9sent\u00e9 la machine et ses principales caract\u00e9ristiques, nous vous apprendrons \u00e0 monter et descendre de la roue sans difficult\u00e9, \u00e0 faire vos premiers m\u00e8tres soutenu pas votre instructeur, \u00e0 faire vos premiers virages !<br \/>\nIl sera alors temps d&rsquo;apprendre \u00e0 \u00e9voluer seul, toujours suivi de pr\u00e8s par votre ange gardien et \u00e9prouver les vraies sensations de glisse !<br \/>\nEnfin, vous \u00e9voluerez sur des parcours techniques et adapt\u00e9s \u00e0 votre niveau afin de vous familiariser avec les conditions de circulation courantes et devenir un utilisateur autonome !<br \/>\n\u26a0\ufe0f <strong>Important !<\/strong> Ce stage de 90 minutes se d\u00e9roule en <strong>3 s\u00e9ances de 30 minutes<\/strong>., id\u00e9alement sur 3 jours diff\u00e9rents afin de ne pas saturer et favoriser l&rsquo;apprentissage.<\/p>\n","protected":false},"featured_media":9426,"comment_status":"closed","ping_status":"closed","template":"","meta":{"inline_featured_image":false},"product_brand":[],"product_cat":[312],"product_tag":[1889],"class_list":{"0":"post-5529","1":"product","2":"type-product","3":"status-publish","4":"has-post-thumbnail","6":"product_cat-bons-cadeaux","7":"product_tag-bons-cadeaux","8":"entry","9":"has-media","11":"first","12":"instock","13":"virtual","14":"taxable","15":"purchasable","16":"product-type-simple"},"acf":[],"yoast_head":"<!-- This site is optimized with the Yoast SEO plugin v24.9 - https:\/\/yoast.com\/wordpress\/plugins\/seo\/ -->\n<title>STAGE GYROROUE 90&prime; - Boutique Freemove<\/title>\n<meta name=\"robots\" content=\"index, follow, max-snippet:-1, max-image-preview:large, max-video-preview:-1\" \/>\n<link rel=\"canonical\" href=\"https:\/\/freemove.fr\/fr\/produit\/stage-monoroue\/\" \/>\n<meta property=\"og:locale\" content=\"fr_FR\" \/>\n<meta property=\"og:type\" content=\"article\" \/>\n<meta property=\"og:title\" content=\"STAGE GYROROUE 90&prime; - Boutique Freemove\" \/>\n<meta property=\"og:description\" content=\"Apprenez en toute s\u00e9curit\u00e9 \u00e0 ma\u00eetriser la Gyroroue electrique en participant \u00e0 nos stages ! Apr\u00e8s vous avoir pr\u00e9sent\u00e9 la machine et ses principales caract\u00e9ristiques, nous vous apprendrons \u00e0 monter et descendre de la roue sans difficult\u00e9, \u00e0 faire vos premiers m\u00e8tres soutenu pas votre instructeur, \u00e0 faire vos premiers virages ! Il sera alors temps d&#039;apprendre \u00e0 \u00e9voluer seul, toujours suivi de pr\u00e8s par votre ange gardien et \u00e9prouver les vraies sensations de glisse ! Enfin, vous \u00e9voluerez sur des parcours techniques et adapt\u00e9s \u00e0 votre niveau afin de vous familiariser avec les conditions de circulation courantes et devenir un utilisateur autonome ! \u26a0\ufe0f Important ! Ce stage de 90 minutes se d\u00e9roule en 3 s\u00e9ances de 30 minutes., id\u00e9alement sur 3 jours diff\u00e9rents afin de ne pas saturer et favoriser l&#039;apprentissage.\" \/>\n<meta property=\"og:url\" content=\"https:\/\/freemove.fr\/fr\/produit\/stage-monoroue\/\" \/>\n<meta property=\"og:site_name\" content=\"Freemove la Glisse \u00c9lectrique pour tous\" \/>\n<meta property=\"article:modified_time\" content=\"2025-04-04T15:29:26+00:00\" \/>\n<meta property=\"og:image\" content=\"https:\/\/freemove.fr\/wp-content\/uploads\/2021\/06\/Stage-Gyroroue.jpg\" \/>\n\t<meta property=\"og:image:width\" content=\"1440\" \/>\n\t<meta property=\"og:image:height\" content=\"1080\" \/>\n\t<meta property=\"og:image:type\" content=\"image\/jpeg\" \/>\n<meta name=\"twitter:card\" content=\"summary_large_image\" \/>\n<meta name=\"twitter:label1\" content=\"Dur\u00e9e de lecture estim\u00e9e\" \/>\n\t<meta name=\"twitter:data1\" content=\"1 minute\" \/>\n<script type=\"application\/ld+json\" class=\"yoast-schema-graph\">{\"@context\":\"https:\/\/schema.org\",\"@graph\":[{\"@type\":\"WebPage\",\"@id\":\"https:\/\/freemove.fr\/fr\/produit\/stage-monoroue\/\",\"url\":\"https:\/\/freemove.fr\/fr\/produit\/stage-monoroue\/\",\"name\":\"STAGE GYROROUE 90&prime; - Boutique Freemove\",\"isPartOf\":{\"@id\":\"https:\/\/freemove.fr\/en\/#website\"},\"primaryImageOfPage\":{\"@id\":\"https:\/\/freemove.fr\/fr\/produit\/stage-monoroue\/#primaryimage\"},\"image\":{\"@id\":\"https:\/\/freemove.fr\/fr\/produit\/stage-monoroue\/#primaryimage\"},\"thumbnailUrl\":\"https:\/\/freemove.fr\/wp-content\/uploads\/2021\/06\/Stage-Gyroroue.jpg\",\"datePublished\":\"2021-06-18T14:18:10+00:00\",\"dateModified\":\"2025-04-04T15:29:26+00:00\",\"breadcrumb\":{\"@id\":\"https:\/\/freemove.fr\/fr\/produit\/stage-monoroue\/#breadcrumb\"},\"inLanguage\":\"fr-FR\",\"potentialAction\":[{\"@type\":\"ReadAction\",\"target\":[\"https:\/\/freemove.fr\/fr\/produit\/stage-monoroue\/\"]}]},{\"@type\":\"ImageObject\",\"inLanguage\":\"fr-FR\",\"@id\":\"https:\/\/freemove.fr\/fr\/produit\/stage-monoroue\/#primaryimage\",\"url\":\"https:\/\/freemove.fr\/wp-content\/uploads\/2021\/06\/Stage-Gyroroue.jpg\",\"contentUrl\":\"https:\/\/freemove.fr\/wp-content\/uploads\/2021\/06\/Stage-Gyroroue.jpg\",\"width\":1440,\"height\":1080},{\"@type\":\"BreadcrumbList\",\"@id\":\"https:\/\/freemove.fr\/fr\/produit\/stage-monoroue\/#breadcrumb\",\"itemListElement\":[{\"@type\":\"ListItem\",\"position\":1,\"name\":\"Accueil\",\"item\":\"https:\/\/freemove.fr\/fr\/\"},{\"@type\":\"ListItem\",\"position\":2,\"name\":\"Boutique\",\"item\":\"https:\/\/freemove.fr\/fr\/boutique\/\"},{\"@type\":\"ListItem\",\"position\":3,\"name\":\"STAGE GYROROUE 90&prime;\"}]},{\"@type\":\"WebSite\",\"@id\":\"https:\/\/freemove.fr\/en\/#website\",\"url\":\"https:\/\/freemove.fr\/en\/\",\"name\":\"Freemove la Glisse \u00c9lectrique pour tous\",\"description\":\"Onewheel - Visites guid\u00e9es en Segway \u00e0 Amboise\",\"publisher\":{\"@id\":\"https:\/\/freemove.fr\/en\/#organization\"},\"potentialAction\":[{\"@type\":\"SearchAction\",\"target\":{\"@type\":\"EntryPoint\",\"urlTemplate\":\"https:\/\/freemove.fr\/en\/?s={search_term_string}\"},\"query-input\":{\"@type\":\"PropertyValueSpecification\",\"valueRequired\":true,\"valueName\":\"search_term_string\"}}],\"inLanguage\":\"fr-FR\"},{\"@type\":\"Organization\",\"@id\":\"https:\/\/freemove.fr\/en\/#organization\",\"name\":\"Freemove\",\"url\":\"https:\/\/freemove.fr\/en\/\",\"logo\":{\"@type\":\"ImageObject\",\"inLanguage\":\"fr-FR\",\"@id\":\"https:\/\/freemove.fr\/en\/#\/schema\/logo\/image\/\",\"url\":\"https:\/\/freemove.fr\/wp-content\/uploads\/2021\/06\/footer_logotype-1.svg\",\"contentUrl\":\"https:\/\/freemove.fr\/wp-content\/uploads\/2021\/06\/footer_logotype-1.svg\",\"width\":163,\"height\":45,\"caption\":\"Freemove\"},\"image\":{\"@id\":\"https:\/\/freemove.fr\/en\/#\/schema\/logo\/image\/\"}}]}<\/script>\n<!-- \/ Yoast SEO plugin. -->","yoast_head_json":{"title":"STAGE GYROROUE 90&prime; - Boutique Freemove","robots":{"index":"index","follow":"follow","max-snippet":"max-snippet:-1","max-image-preview":"max-image-preview:large","max-video-preview":"max-video-preview:-1"},"canonical":"https:\/\/freemove.fr\/fr\/produit\/stage-monoroue\/","og_locale":"fr_FR","og_type":"article","og_title":"STAGE GYROROUE 90&prime; - Boutique Freemove","og_description":"Apprenez en toute s\u00e9curit\u00e9 \u00e0 ma\u00eetriser la Gyroroue electrique en participant \u00e0 nos stages ! Apr\u00e8s vous avoir pr\u00e9sent\u00e9 la machine et ses principales caract\u00e9ristiques, nous vous apprendrons \u00e0 monter et descendre de la roue sans difficult\u00e9, \u00e0 faire vos premiers m\u00e8tres soutenu pas votre instructeur, \u00e0 faire vos premiers virages ! Il sera alors temps d'apprendre \u00e0 \u00e9voluer seul, toujours suivi de pr\u00e8s par votre ange gardien et \u00e9prouver les vraies sensations de glisse ! Enfin, vous \u00e9voluerez sur des parcours techniques et adapt\u00e9s \u00e0 votre niveau afin de vous familiariser avec les conditions de circulation courantes et devenir un utilisateur autonome ! \u26a0\ufe0f Important ! Ce stage de 90 minutes se d\u00e9roule en 3 s\u00e9ances de 30 minutes., id\u00e9alement sur 3 jours diff\u00e9rents afin de ne pas saturer et favoriser l'apprentissage.","og_url":"https:\/\/freemove.fr\/fr\/produit\/stage-monoroue\/","og_site_name":"Freemove la Glisse \u00c9lectrique pour tous","article_modified_time":"2025-04-04T15:29:26+00:00","og_image":[{"width":1440,"height":1080,"url":"https:\/\/freemove.fr\/wp-content\/uploads\/2021\/06\/Stage-Gyroroue.jpg","type":"image\/jpeg"}],"twitter_card":"summary_large_image","twitter_misc":{"Dur\u00e9e de lecture estim\u00e9e":"1 minute"},"schema":{"@context":"https:\/\/schema.org","@graph":[{"@type":"WebPage","@id":"https:\/\/freemove.fr\/fr\/produit\/stage-monoroue\/","url":"https:\/\/freemove.fr\/fr\/produit\/stage-monoroue\/","name":"STAGE GYROROUE 90&prime; - Boutique Freemove","isPartOf":{"@id":"https:\/\/freemove.fr\/en\/#website"},"primaryImageOfPage":{"@id":"https:\/\/freemove.fr\/fr\/produit\/stage-monoroue\/#primaryimage"},"image":{"@id":"https:\/\/freemove.fr\/fr\/produit\/stage-monoroue\/#primaryimage"},"thumbnailUrl":"https:\/\/freemove.fr\/wp-content\/uploads\/2021\/06\/Stage-Gyroroue.jpg","datePublished":"2021-06-18T14:18:10+00:00","dateModified":"2025-04-04T15:29:26+00:00","breadcrumb":{"@id":"https:\/\/freemove.fr\/fr\/produit\/stage-monoroue\/#breadcrumb"},"inLanguage":"fr-FR","potentialAction":[{"@type":"ReadAction","target":["https:\/\/freemove.fr\/fr\/produit\/stage-monoroue\/"]}]},{"@type":"ImageObject","inLanguage":"fr-FR","@id":"https:\/\/freemove.fr\/fr\/produit\/stage-monoroue\/#primaryimage","url":"https:\/\/freemove.fr\/wp-content\/uploads\/2021\/06\/Stage-Gyroroue.jpg","contentUrl":"https:\/\/freemove.fr\/wp-content\/uploads\/2021\/06\/Stage-Gyroroue.jpg","width":1440,"height":1080},{"@type":"BreadcrumbList","@id":"https:\/\/freemove.fr\/fr\/produit\/stage-monoroue\/#breadcrumb","itemListElement":[{"@type":"ListItem","position":1,"name":"Accueil","item":"https:\/\/freemove.fr\/fr\/"},{"@type":"ListItem","position":2,"name":"Boutique","item":"https:\/\/freemove.fr\/fr\/boutique\/"},{"@type":"ListItem","position":3,"name":"STAGE GYROROUE 90&prime;"}]},{"@type":"WebSite","@id":"https:\/\/freemove.fr\/en\/#website","url":"https:\/\/freemove.fr\/en\/","name":"Freemove la Glisse \u00c9lectrique pour tous","description":"Onewheel - Visites guid\u00e9es en Segway \u00e0 Amboise","publisher":{"@id":"https:\/\/freemove.fr\/en\/#organization"},"potentialAction":[{"@type":"SearchAction","target":{"@type":"EntryPoint","urlTemplate":"https:\/\/freemove.fr\/en\/?s={search_term_string}"},"query-input":{"@type":"PropertyValueSpecification","valueRequired":true,"valueName":"search_term_string"}}],"inLanguage":"fr-FR"},{"@type":"Organization","@id":"https:\/\/freemove.fr\/en\/#organization","name":"Freemove","url":"https:\/\/freemove.fr\/en\/","logo":{"@type":"ImageObject","inLanguage":"fr-FR","@id":"https:\/\/freemove.fr\/en\/#\/schema\/logo\/image\/","url":"https:\/\/freemove.fr\/wp-content\/uploads\/2021\/06\/footer_logotype-1.svg","contentUrl":"https:\/\/freemove.fr\/wp-content\/uploads\/2021\/06\/footer_logotype-1.svg","width":163,"height":45,"caption":"Freemove"},"image":{"@id":"https:\/\/freemove.fr\/en\/#\/schema\/logo\/image\/"}}]}},"_links":{"self":[{"href":"https:\/\/freemove.fr\/fr\/wp-json\/wp\/v2\/product\/5529","targetHints":{"allow":["GET"]}}],"collection":[{"href":"https:\/\/freemove.fr\/fr\/wp-json\/wp\/v2\/product"}],"about":[{"href":"https:\/\/freemove.fr\/fr\/wp-json\/wp\/v2\/types\/product"}],"replies":[{"embeddable":true,"href":"https:\/\/freemove.fr\/fr\/wp-json\/wp\/v2\/comments?post=5529"}],"wp:featuredmedia":[{"embeddable":true,"href":"https:\/\/freemove.fr\/fr\/wp-json\/wp\/v2\/media\/9426"}],"wp:attachment":[{"href":"https:\/\/freemove.fr\/fr\/wp-json\/wp\/v2\/media?parent=5529"}],"wp:term":[{"taxonomy":"product_brand","embeddable":true,"href":"https:\/\/freemove.fr\/fr\/wp-json\/wp\/v2\/product_brand?post=5529"},{"taxonomy":"product_cat","embeddable":true,"href":"https:\/\/freemove.fr\/fr\/wp-json\/wp\/v2\/product_cat?post=5529"},{"taxonomy":"product_tag","embeddable":true,"href":"https:\/\/freemove.fr\/fr\/wp-json\/wp\/v2\/product_tag?post=5529"}],"curies":[{"name":"wp","href":"https:\/\/api.w.org\/{rel}","templated":true}]}}