


























{"id":5528,"date":"2021-06-18T16:18:09","date_gmt":"2021-06-18T14:18:09","guid":{"rendered":"https:\/\/freemove.fr\/produit\/img_0607-jpg\/"},"modified":"2025-04-04T17:30:16","modified_gmt":"2025-04-04T15:30:16","slug":"blois-la-complete","status":"publish","type":"product","link":"https:\/\/freemove.fr\/fr\/produit\/blois-la-complete\/","title":{"rendered":"BLOIS &#8211; Compl\u00e8te 90&prime;"},"content":{"rendered":"<p>Toutes nos visites d\u00e9butent par une initiation au pilotage suivie d&rsquo;un briefing sur les r\u00e8gles de s\u00e9curit\u00e9 et de conduite.<br \/>\nNos circuits sont accessibles pour des groupes allant jusqu&rsquo;\u00e0 16 personnes. N&rsquo;h\u00e9sitez pas \u00e0 nous contacter si vous \u00eates plus nombreux car il existe des solutions !<br \/>\n<strong>\u00c2ge minimum :\u00a012 ans<\/strong><br \/>\n<strong>Poids minimum :\u00a040 kg<\/strong><br \/>\n<strong>Poids maximum :\u00a0110 kg<\/strong><\/p>\n<p><strong>NOUS FOURNISSONS :<\/strong><br \/>\nCasque + Charlotte hygi\u00e9nique\u00a0jetable<br \/>\nCoupe-vent en cas de pluie<br \/>\nBonne humeur !<br \/>\nCette activit\u00e9 est fortement d\u00e9conseill\u00e9e aux femmes enceintes.<br \/>\nLes participants de moins de 16 ans doivent \u00eatre accompagn\u00e9s par un adulte.<\/p>\n","protected":false},"excerpt":{"rendered":"<p><strong>CHEF-LIEU DU D\u00c9PARTEMENT DU LOIR-ET-CHER, LA VILLE DE BLOIS F\u00dbT LA R\u00c9SIDENCE DU ROI LOUIS XII AU D\u00c9BUT DU 16EME SI\u00c8CLE.<\/strong><br \/>\nElle abrite un Ch\u00e2teau Royal, la cath\u00e9drale St-Louis et la Maison de la Magie avec ses c\u00e9l\u00e8bres dragons qui sont les incontournables de cette visite.<\/p>\n","protected":false},"featured_media":61,"comment_status":"closed","ping_status":"closed","template":"","meta":{"inline_featured_image":false},"product_brand":[],"product_cat":[312],"product_tag":[1889],"class_list":{"0":"post-5528","1":"product","2":"type-product","3":"status-publish","4":"has-post-thumbnail","6":"product_cat-bons-cadeaux","7":"product_tag-bons-cadeaux","8":"entry","9":"has-media","11":"first","12":"instock","13":"virtual","14":"taxable","15":"purchasable","16":"product-type-simple"},"acf":[],"yoast_head":"<!-- This site is optimized with the Yoast SEO plugin v24.9 - https:\/\/yoast.com\/wordpress\/plugins\/seo\/ -->\n<title>BLOIS &#8211; Compl\u00e8te 90&prime; - Boutique Freemove<\/title>\n<meta name=\"robots\" content=\"index, follow, max-snippet:-1, max-image-preview:large, max-video-preview:-1\" \/>\n<link rel=\"canonical\" href=\"https:\/\/freemove.fr\/fr\/produit\/blois-la-complete\/\" \/>\n<meta property=\"og:locale\" content=\"fr_FR\" \/>\n<meta property=\"og:type\" content=\"article\" \/>\n<meta property=\"og:title\" content=\"BLOIS &#8211; Compl\u00e8te 90&prime; - Boutique Freemove\" \/>\n<meta property=\"og:description\" content=\"CHEF-LIEU DU D\u00c9PARTEMENT DU LOIR-ET-CHER, LA VILLE DE BLOIS F\u00dbT LA R\u00c9SIDENCE DU ROI LOUIS XII AU D\u00c9BUT DU 16EME SI\u00c8CLE. Elle abrite un Ch\u00e2teau Royal, la cath\u00e9drale St-Louis et la Maison de la Magie avec ses c\u00e9l\u00e8bres dragons qui sont les incontournables de cette visite.\" \/>\n<meta property=\"og:url\" content=\"https:\/\/freemove.fr\/fr\/produit\/blois-la-complete\/\" \/>\n<meta property=\"og:site_name\" content=\"Freemove la Glisse \u00c9lectrique pour tous\" \/>\n<meta property=\"article:modified_time\" content=\"2025-04-04T15:30:16+00:00\" \/>\n<meta property=\"og:image\" content=\"https:\/\/freemove.fr\/wp-content\/uploads\/2021\/06\/Blois-90mn-3.jpg\" \/>\n\t<meta property=\"og:image:width\" content=\"1440\" \/>\n\t<meta property=\"og:image:height\" content=\"1080\" \/>\n\t<meta property=\"og:image:type\" content=\"image\/jpeg\" \/>\n<meta name=\"twitter:card\" content=\"summary_large_image\" \/>\n<meta name=\"twitter:label1\" content=\"Dur\u00e9e de lecture estim\u00e9e\" \/>\n\t<meta name=\"twitter:data1\" content=\"1 minute\" \/>\n<script type=\"application\/ld+json\" class=\"yoast-schema-graph\">{\"@context\":\"https:\/\/schema.org\",\"@graph\":[{\"@type\":\"WebPage\",\"@id\":\"https:\/\/freemove.fr\/fr\/produit\/blois-la-complete\/\",\"url\":\"https:\/\/freemove.fr\/fr\/produit\/blois-la-complete\/\",\"name\":\"BLOIS &#8211; Compl\u00e8te 90&prime; - Boutique Freemove\",\"isPartOf\":{\"@id\":\"https:\/\/freemove.fr\/en\/#website\"},\"primaryImageOfPage\":{\"@id\":\"https:\/\/freemove.fr\/fr\/produit\/blois-la-complete\/#primaryimage\"},\"image\":{\"@id\":\"https:\/\/freemove.fr\/fr\/produit\/blois-la-complete\/#primaryimage\"},\"thumbnailUrl\":\"https:\/\/freemove.fr\/wp-content\/uploads\/2021\/06\/Blois-90mn-3.jpg\",\"datePublished\":\"2021-06-18T14:18:09+00:00\",\"dateModified\":\"2025-04-04T15:30:16+00:00\",\"breadcrumb\":{\"@id\":\"https:\/\/freemove.fr\/fr\/produit\/blois-la-complete\/#breadcrumb\"},\"inLanguage\":\"fr-FR\",\"potentialAction\":[{\"@type\":\"ReadAction\",\"target\":[\"https:\/\/freemove.fr\/fr\/produit\/blois-la-complete\/\"]}]},{\"@type\":\"ImageObject\",\"inLanguage\":\"fr-FR\",\"@id\":\"https:\/\/freemove.fr\/fr\/produit\/blois-la-complete\/#primaryimage\",\"url\":\"https:\/\/freemove.fr\/wp-content\/uploads\/2021\/06\/Blois-90mn-3.jpg\",\"contentUrl\":\"https:\/\/freemove.fr\/wp-content\/uploads\/2021\/06\/Blois-90mn-3.jpg\",\"width\":1440,\"height\":1080},{\"@type\":\"BreadcrumbList\",\"@id\":\"https:\/\/freemove.fr\/fr\/produit\/blois-la-complete\/#breadcrumb\",\"itemListElement\":[{\"@type\":\"ListItem\",\"position\":1,\"name\":\"Accueil\",\"item\":\"https:\/\/freemove.fr\/fr\/\"},{\"@type\":\"ListItem\",\"position\":2,\"name\":\"Boutique\",\"item\":\"https:\/\/freemove.fr\/fr\/boutique\/\"},{\"@type\":\"ListItem\",\"position\":3,\"name\":\"BLOIS &#8211; Compl\u00e8te 90&prime;\"}]},{\"@type\":\"WebSite\",\"@id\":\"https:\/\/freemove.fr\/en\/#website\",\"url\":\"https:\/\/freemove.fr\/en\/\",\"name\":\"Freemove la Glisse \u00c9lectrique pour tous\",\"description\":\"Onewheel - Visites guid\u00e9es en Segway \u00e0 Amboise\",\"publisher\":{\"@id\":\"https:\/\/freemove.fr\/en\/#organization\"},\"potentialAction\":[{\"@type\":\"SearchAction\",\"target\":{\"@type\":\"EntryPoint\",\"urlTemplate\":\"https:\/\/freemove.fr\/en\/?s={search_term_string}\"},\"query-input\":{\"@type\":\"PropertyValueSpecification\",\"valueRequired\":true,\"valueName\":\"search_term_string\"}}],\"inLanguage\":\"fr-FR\"},{\"@type\":\"Organization\",\"@id\":\"https:\/\/freemove.fr\/en\/#organization\",\"name\":\"Freemove\",\"url\":\"https:\/\/freemove.fr\/en\/\",\"logo\":{\"@type\":\"ImageObject\",\"inLanguage\":\"fr-FR\",\"@id\":\"https:\/\/freemove.fr\/en\/#\/schema\/logo\/image\/\",\"url\":\"https:\/\/freemove.fr\/wp-content\/uploads\/2021\/06\/footer_logotype-1.svg\",\"contentUrl\":\"https:\/\/freemove.fr\/wp-content\/uploads\/2021\/06\/footer_logotype-1.svg\",\"width\":163,\"height\":45,\"caption\":\"Freemove\"},\"image\":{\"@id\":\"https:\/\/freemove.fr\/en\/#\/schema\/logo\/image\/\"}}]}<\/script>\n<!-- \/ Yoast SEO plugin. -->","yoast_head_json":{"title":"BLOIS &#8211; Compl\u00e8te 90&prime; - Boutique Freemove","robots":{"index":"index","follow":"follow","max-snippet":"max-snippet:-1","max-image-preview":"max-image-preview:large","max-video-preview":"max-video-preview:-1"},"canonical":"https:\/\/freemove.fr\/fr\/produit\/blois-la-complete\/","og_locale":"fr_FR","og_type":"article","og_title":"BLOIS &#8211; Compl\u00e8te 90&prime; - Boutique Freemove","og_description":"CHEF-LIEU DU D\u00c9PARTEMENT DU LOIR-ET-CHER, LA VILLE DE BLOIS F\u00dbT LA R\u00c9SIDENCE DU ROI LOUIS XII AU D\u00c9BUT DU 16EME SI\u00c8CLE. Elle abrite un Ch\u00e2teau Royal, la cath\u00e9drale St-Louis et la Maison de la Magie avec ses c\u00e9l\u00e8bres dragons qui sont les incontournables de cette visite.","og_url":"https:\/\/freemove.fr\/fr\/produit\/blois-la-complete\/","og_site_name":"Freemove la Glisse \u00c9lectrique pour tous","article_modified_time":"2025-04-04T15:30:16+00:00","og_image":[{"width":1440,"height":1080,"url":"https:\/\/freemove.fr\/wp-content\/uploads\/2021\/06\/Blois-90mn-3.jpg","type":"image\/jpeg"}],"twitter_card":"summary_large_image","twitter_misc":{"Dur\u00e9e de lecture estim\u00e9e":"1 minute"},"schema":{"@context":"https:\/\/schema.org","@graph":[{"@type":"WebPage","@id":"https:\/\/freemove.fr\/fr\/produit\/blois-la-complete\/","url":"https:\/\/freemove.fr\/fr\/produit\/blois-la-complete\/","name":"BLOIS &#8211; Compl\u00e8te 90&prime; - Boutique Freemove","isPartOf":{"@id":"https:\/\/freemove.fr\/en\/#website"},"primaryImageOfPage":{"@id":"https:\/\/freemove.fr\/fr\/produit\/blois-la-complete\/#primaryimage"},"image":{"@id":"https:\/\/freemove.fr\/fr\/produit\/blois-la-complete\/#primaryimage"},"thumbnailUrl":"https:\/\/freemove.fr\/wp-content\/uploads\/2021\/06\/Blois-90mn-3.jpg","datePublished":"2021-06-18T14:18:09+00:00","dateModified":"2025-04-04T15:30:16+00:00","breadcrumb":{"@id":"https:\/\/freemove.fr\/fr\/produit\/blois-la-complete\/#breadcrumb"},"inLanguage":"fr-FR","potentialAction":[{"@type":"ReadAction","target":["https:\/\/freemove.fr\/fr\/produit\/blois-la-complete\/"]}]},{"@type":"ImageObject","inLanguage":"fr-FR","@id":"https:\/\/freemove.fr\/fr\/produit\/blois-la-complete\/#primaryimage","url":"https:\/\/freemove.fr\/wp-content\/uploads\/2021\/06\/Blois-90mn-3.jpg","contentUrl":"https:\/\/freemove.fr\/wp-content\/uploads\/2021\/06\/Blois-90mn-3.jpg","width":1440,"height":1080},{"@type":"BreadcrumbList","@id":"https:\/\/freemove.fr\/fr\/produit\/blois-la-complete\/#breadcrumb","itemListElement":[{"@type":"ListItem","position":1,"name":"Accueil","item":"https:\/\/freemove.fr\/fr\/"},{"@type":"ListItem","position":2,"name":"Boutique","item":"https:\/\/freemove.fr\/fr\/boutique\/"},{"@type":"ListItem","position":3,"name":"BLOIS &#8211; Compl\u00e8te 90&prime;"}]},{"@type":"WebSite","@id":"https:\/\/freemove.fr\/en\/#website","url":"https:\/\/freemove.fr\/en\/","name":"Freemove la Glisse \u00c9lectrique pour tous","description":"Onewheel - Visites guid\u00e9es en Segway \u00e0 Amboise","publisher":{"@id":"https:\/\/freemove.fr\/en\/#organization"},"potentialAction":[{"@type":"SearchAction","target":{"@type":"EntryPoint","urlTemplate":"https:\/\/freemove.fr\/en\/?s={search_term_string}"},"query-input":{"@type":"PropertyValueSpecification","valueRequired":true,"valueName":"search_term_string"}}],"inLanguage":"fr-FR"},{"@type":"Organization","@id":"https:\/\/freemove.fr\/en\/#organization","name":"Freemove","url":"https:\/\/freemove.fr\/en\/","logo":{"@type":"ImageObject","inLanguage":"fr-FR","@id":"https:\/\/freemove.fr\/en\/#\/schema\/logo\/image\/","url":"https:\/\/freemove.fr\/wp-content\/uploads\/2021\/06\/footer_logotype-1.svg","contentUrl":"https:\/\/freemove.fr\/wp-content\/uploads\/2021\/06\/footer_logotype-1.svg","width":163,"height":45,"caption":"Freemove"},"image":{"@id":"https:\/\/freemove.fr\/en\/#\/schema\/logo\/image\/"}}]}},"_links":{"self":[{"href":"https:\/\/freemove.fr\/fr\/wp-json\/wp\/v2\/product\/5528","targetHints":{"allow":["GET"]}}],"collection":[{"href":"https:\/\/freemove.fr\/fr\/wp-json\/wp\/v2\/product"}],"about":[{"href":"https:\/\/freemove.fr\/fr\/wp-json\/wp\/v2\/types\/product"}],"replies":[{"embeddable":true,"href":"https:\/\/freemove.fr\/fr\/wp-json\/wp\/v2\/comments?post=5528"}],"wp:featuredmedia":[{"embeddable":true,"href":"https:\/\/freemove.fr\/fr\/wp-json\/wp\/v2\/media\/61"}],"wp:attachment":[{"href":"https:\/\/freemove.fr\/fr\/wp-json\/wp\/v2\/media?parent=5528"}],"wp:term":[{"taxonomy":"product_brand","embeddable":true,"href":"https:\/\/freemove.fr\/fr\/wp-json\/wp\/v2\/product_brand?post=5528"},{"taxonomy":"product_cat","embeddable":true,"href":"https:\/\/freemove.fr\/fr\/wp-json\/wp\/v2\/product_cat?post=5528"},{"taxonomy":"product_tag","embeddable":true,"href":"https:\/\/freemove.fr\/fr\/wp-json\/wp\/v2\/product_tag?post=5528"}],"curies":[{"name":"wp","href":"https:\/\/api.w.org\/{rel}","templated":true}]}}