


























{"id":19087,"date":"2025-03-27T17:39:50","date_gmt":"2025-03-27T16:39:50","guid":{"rendered":"https:\/\/freemove.fr\/?post_type=product&#038;p=19087"},"modified":"2026-04-08T12:00:34","modified_gmt":"2026-04-08T10:00:34","slug":"dualtron-aminia-double-moteur","status":"publish","type":"product","link":"https:\/\/freemove.fr\/fr\/produit\/dualtron-aminia-double-moteur\/","title":{"rendered":"DUALTRON AMINIA DOUBLE MOTEUR"},"content":{"rendered":"<h3>Performances Dynamiques<\/h3>\n<div><\/div>\n<div>La Dualtron Aminia est \u00e9quip\u00e9e de <strong>deux moteurs de 1000W,<\/strong> offrant une puissance totale de 2000W. Elle peut atteindre une <strong>vitesse maximale de 65 km\/h<\/strong> (sur circuit priv\u00e9, limit\u00e9e \u00e0 25 km\/h sur voie publique) et gravir des pentes allant jusqu\u2019\u00e0 25%. Sa <strong>batterie 52V<\/strong> offre une autonomie de jusqu\u2019\u00e0 <strong>50 km (15,6Ah)<\/strong> ou <strong>65 km (21Ah)<\/strong>, selon la batterie choisie.<\/div>\n<div><\/div>\n<h4><\/h4>\n<h3>Confort et Maniabilit\u00e9<\/h3>\n<div><\/div>\n<div><strong>\u2022Pneus Tubeless de 9 pouces :<\/strong> Pour une conduite fluide et stable sur diff\u00e9rents types de surfaces urbaines.<\/div>\n<div><strong>\u2022Suspension \u00e0 ressorts avant et arri\u00e8re :<\/strong> Absorbe efficacement les chocs et vibrations pour un confort optimal.<\/div>\n<div><strong>\u2022Design compact et pliable :<\/strong> Facile \u00e0 ranger et \u00e0 transporter.<\/div>\n<div><\/div>\n<h4><\/h4>\n<h3>S\u00e9curit\u00e9 et Fiabilit\u00e9<\/h3>\n<div><\/div>\n<div><strong>\u2022Freinage \u00e0 tambour avant et arri\u00e8re :<\/strong> Assure un freinage puissant et r\u00e9actif.<\/div>\n<div><strong>\u2022Clignotants int\u00e9gr\u00e9s :<\/strong> Pour signaler vos changements de direction en toute s\u00e9curit\u00e9.<\/div>\n<div><strong>\u2022Indice d\u2019imperm\u00e9abilit\u00e9 IPX5 :<\/strong> Prot\u00e9g\u00e9e contre les projections d\u2019eau.<\/div>\n<div>\n<h4><\/h4>\n<h3>Pourquoi choisir la Dualtron Aminia ?<\/h3>\n<div><\/div>\n<div>La Dualtron Aminia est la trottinette id\u00e9ale pour ceux qui recherchent :<\/div>\n<div><strong>1. Une puissance suffisante<\/strong> pour une conduite dynamique en ville.<\/div>\n<div><strong>2. Une maniabilit\u00e9 et un confort optimal<\/strong> gr\u00e2ce \u00e0 sa suspension et ses pneus de 9 pouces.<\/div>\n<div><strong>3. Un design compact et pliable<\/strong> pour un transport facile.<\/div>\n<div><strong>4. Des fonctionnalit\u00e9s de s\u00e9curit\u00e9<\/strong> telles que les clignotants et le freinage \u00e0 tambour.<\/div>\n<div>Avec la Dualtron Aminia, transformez vos trajets urbains en une exp\u00e9rience de conduite agr\u00e9able et performante. Que vous soyez un navetteur quotidien ou un explorateur occasionnel, cette trottinette est pr\u00eate \u00e0 vous accompagner dans toutes vos aventures urbaines. Alors, \u00eates-vous pr\u00eat \u00e0 red\u00e9finir votre mobilit\u00e9 ?<\/div>\n<\/div>\n<p>&nbsp;<\/p>\n<h3>Caract\u00e9ristiques<\/h3>\n<p><strong>&#8211; Vitesse max :<\/strong> Limit\u00e9e \u00e0 25 km\/h (65 km\/h sur circuit priv\u00e9)<br \/>\n<strong>&#8211; Autonomie :<\/strong> Jusqu\u2019\u00e0 50 km (15,6Ah) \/ 65 km (21Ah)<br \/>\n<strong>&#8211; Batterie :<\/strong> 52V 15Ah ou 21Ah<br \/>\n<strong>&#8211; Puissance moteur :<\/strong> 1000W x2<br \/>\n<strong>&#8211; Motorisation :<\/strong> 2 moteurs<br \/>\n<strong>&#8211; Freinage :<\/strong> Tambour AV + AR<br \/>\n<strong>&#8211; Pneumatique :<\/strong> tubeless 9 pouces<br \/>\n<strong>&#8211; Poids :<\/strong> 30kg<br \/>\n<strong>&#8211; Poids maximal utilisateur :<\/strong> 120kg<br \/>\n<strong>&#8211; Indice d\u2019imperm\u00e9abilit\u00e9 :<\/strong> IPX5<br \/>\n<strong>&#8211; Dimension pli\u00e9e :<\/strong> 1255 x 230 x 380 mm (L x l x h)<br \/>\n<strong>&#8211; Dimension d\u00e9pli\u00e9e :<\/strong> 1250 x 620 x 1200 mm (L x l x h)<br \/>\n<strong>&#8211; Suspension :<\/strong> AV + AR \u00e0 ressorts<br \/>\n<strong>&#8211; Capacit\u00e9 de mont\u00e9e :<\/strong> 25%<br \/>\n<strong>&#8211; Clignotant :<\/strong> OUI<\/p>\n","protected":false},"excerpt":{"rendered":"<h4>D\u00e9couvrez la Dualtron Aminia, la trottinette \u00e9lectrique qui combine puissance, agilit\u00e9 et confort pour une exp\u00e9rience de conduite urbaine exceptionnelle !<\/h4>\n<div><\/div>\n<div>La <strong>Dualtron Aminia<\/strong> est une trottinette \u00e9lectrique con\u00e7ue pour les riders urbains \u00e0 la recherche de performances et de maniabilit\u00e9. Avec son double moteur, sa suspension confortable et son design compact, elle est id\u00e9ale pour naviguer avec aisance dans les rues de la ville.<\/div>\n","protected":false},"featured_media":19094,"comment_status":"closed","ping_status":"closed","template":"","meta":{"inline_featured_image":false},"product_brand":[1882],"product_cat":[1880,306],"product_tag":[1888],"class_list":{"0":"post-19087","1":"product","2":"type-product","3":"status-publish","4":"has-post-thumbnail","6":"product_brand-dualtron","7":"product_cat-trottinettes-electriques","8":"product_cat-mobilite-electrique","9":"product_tag-trottinettes","10":"entry","11":"has-media","13":"first","14":"instock","15":"taxable","16":"shipping-taxable","17":"purchasable","18":"product-type-variable"},"acf":[],"yoast_head":"<!-- This site is optimized with the Yoast SEO plugin v24.9 - https:\/\/yoast.com\/wordpress\/plugins\/seo\/ -->\n<title>DUALTRON AMINIA DOUBLE MOTEUR - Boutique Freemove<\/title>\n<meta name=\"robots\" content=\"index, follow, max-snippet:-1, max-image-preview:large, max-video-preview:-1\" \/>\n<link rel=\"canonical\" href=\"https:\/\/freemove.fr\/fr\/produit\/dualtron-aminia-double-moteur\/\" \/>\n<meta property=\"og:locale\" content=\"fr_FR\" \/>\n<meta property=\"og:type\" content=\"article\" \/>\n<meta property=\"og:title\" content=\"DUALTRON AMINIA DOUBLE MOTEUR - Boutique Freemove\" \/>\n<meta property=\"og:description\" content=\"D\u00e9couvrez la Dualtron Aminia, la trottinette \u00e9lectrique qui combine puissance, agilit\u00e9 et confort pour une exp\u00e9rience de conduite urbaine exceptionnelle !  La Dualtron Aminia est une trottinette \u00e9lectrique con\u00e7ue pour les riders urbains \u00e0 la recherche de performances et de maniabilit\u00e9. Avec son double moteur, sa suspension confortable et son design compact, elle est id\u00e9ale pour naviguer avec aisance dans les rues de la ville.\" \/>\n<meta property=\"og:url\" content=\"https:\/\/freemove.fr\/fr\/produit\/dualtron-aminia-double-moteur\/\" \/>\n<meta property=\"og:site_name\" content=\"Freemove la Glisse \u00c9lectrique pour tous\" \/>\n<meta property=\"article:modified_time\" content=\"2026-04-08T10:00:34+00:00\" \/>\n<meta property=\"og:image\" content=\"https:\/\/freemove.fr\/wp-content\/uploads\/2025\/03\/Dualtron-Aminia.jpg\" \/>\n\t<meta property=\"og:image:width\" content=\"1440\" \/>\n\t<meta property=\"og:image:height\" content=\"1080\" \/>\n\t<meta property=\"og:image:type\" content=\"image\/jpeg\" \/>\n<meta name=\"twitter:card\" content=\"summary_large_image\" \/>\n<meta name=\"twitter:label1\" content=\"Dur\u00e9e de lecture estim\u00e9e\" \/>\n\t<meta name=\"twitter:data1\" content=\"2 minutes\" \/>\n<script type=\"application\/ld+json\" class=\"yoast-schema-graph\">{\"@context\":\"https:\/\/schema.org\",\"@graph\":[{\"@type\":\"WebPage\",\"@id\":\"https:\/\/freemove.fr\/fr\/produit\/dualtron-aminia-double-moteur\/\",\"url\":\"https:\/\/freemove.fr\/fr\/produit\/dualtron-aminia-double-moteur\/\",\"name\":\"DUALTRON AMINIA DOUBLE MOTEUR - Boutique Freemove\",\"isPartOf\":{\"@id\":\"https:\/\/freemove.fr\/en\/#website\"},\"primaryImageOfPage\":{\"@id\":\"https:\/\/freemove.fr\/fr\/produit\/dualtron-aminia-double-moteur\/#primaryimage\"},\"image\":{\"@id\":\"https:\/\/freemove.fr\/fr\/produit\/dualtron-aminia-double-moteur\/#primaryimage\"},\"thumbnailUrl\":\"https:\/\/freemove.fr\/wp-content\/uploads\/2025\/03\/Dualtron-Aminia.jpg\",\"datePublished\":\"2025-03-27T16:39:50+00:00\",\"dateModified\":\"2026-04-08T10:00:34+00:00\",\"breadcrumb\":{\"@id\":\"https:\/\/freemove.fr\/fr\/produit\/dualtron-aminia-double-moteur\/#breadcrumb\"},\"inLanguage\":\"fr-FR\",\"potentialAction\":[{\"@type\":\"ReadAction\",\"target\":[\"https:\/\/freemove.fr\/fr\/produit\/dualtron-aminia-double-moteur\/\"]}]},{\"@type\":\"ImageObject\",\"inLanguage\":\"fr-FR\",\"@id\":\"https:\/\/freemove.fr\/fr\/produit\/dualtron-aminia-double-moteur\/#primaryimage\",\"url\":\"https:\/\/freemove.fr\/wp-content\/uploads\/2025\/03\/Dualtron-Aminia.jpg\",\"contentUrl\":\"https:\/\/freemove.fr\/wp-content\/uploads\/2025\/03\/Dualtron-Aminia.jpg\",\"width\":1440,\"height\":1080},{\"@type\":\"BreadcrumbList\",\"@id\":\"https:\/\/freemove.fr\/fr\/produit\/dualtron-aminia-double-moteur\/#breadcrumb\",\"itemListElement\":[{\"@type\":\"ListItem\",\"position\":1,\"name\":\"Accueil\",\"item\":\"https:\/\/freemove.fr\/fr\/\"},{\"@type\":\"ListItem\",\"position\":2,\"name\":\"Boutique\",\"item\":\"https:\/\/freemove.fr\/fr\/boutique\/\"},{\"@type\":\"ListItem\",\"position\":3,\"name\":\"DUALTRON AMINIA DOUBLE MOTEUR\"}]},{\"@type\":\"WebSite\",\"@id\":\"https:\/\/freemove.fr\/en\/#website\",\"url\":\"https:\/\/freemove.fr\/en\/\",\"name\":\"Freemove la Glisse \u00c9lectrique pour tous\",\"description\":\"Onewheel - Visites guid\u00e9es en Segway \u00e0 Amboise\",\"publisher\":{\"@id\":\"https:\/\/freemove.fr\/en\/#organization\"},\"potentialAction\":[{\"@type\":\"SearchAction\",\"target\":{\"@type\":\"EntryPoint\",\"urlTemplate\":\"https:\/\/freemove.fr\/en\/?s={search_term_string}\"},\"query-input\":{\"@type\":\"PropertyValueSpecification\",\"valueRequired\":true,\"valueName\":\"search_term_string\"}}],\"inLanguage\":\"fr-FR\"},{\"@type\":\"Organization\",\"@id\":\"https:\/\/freemove.fr\/en\/#organization\",\"name\":\"Freemove\",\"url\":\"https:\/\/freemove.fr\/en\/\",\"logo\":{\"@type\":\"ImageObject\",\"inLanguage\":\"fr-FR\",\"@id\":\"https:\/\/freemove.fr\/en\/#\/schema\/logo\/image\/\",\"url\":\"https:\/\/freemove.fr\/wp-content\/uploads\/2021\/06\/footer_logotype-1.svg\",\"contentUrl\":\"https:\/\/freemove.fr\/wp-content\/uploads\/2021\/06\/footer_logotype-1.svg\",\"width\":163,\"height\":45,\"caption\":\"Freemove\"},\"image\":{\"@id\":\"https:\/\/freemove.fr\/en\/#\/schema\/logo\/image\/\"}}]}<\/script>\n<!-- \/ Yoast SEO plugin. -->","yoast_head_json":{"title":"DUALTRON AMINIA DOUBLE MOTEUR - Boutique Freemove","robots":{"index":"index","follow":"follow","max-snippet":"max-snippet:-1","max-image-preview":"max-image-preview:large","max-video-preview":"max-video-preview:-1"},"canonical":"https:\/\/freemove.fr\/fr\/produit\/dualtron-aminia-double-moteur\/","og_locale":"fr_FR","og_type":"article","og_title":"DUALTRON AMINIA DOUBLE MOTEUR - Boutique Freemove","og_description":"D\u00e9couvrez la Dualtron Aminia, la trottinette \u00e9lectrique qui combine puissance, agilit\u00e9 et confort pour une exp\u00e9rience de conduite urbaine exceptionnelle !  La Dualtron Aminia est une trottinette \u00e9lectrique con\u00e7ue pour les riders urbains \u00e0 la recherche de performances et de maniabilit\u00e9. Avec son double moteur, sa suspension confortable et son design compact, elle est id\u00e9ale pour naviguer avec aisance dans les rues de la ville.","og_url":"https:\/\/freemove.fr\/fr\/produit\/dualtron-aminia-double-moteur\/","og_site_name":"Freemove la Glisse \u00c9lectrique pour tous","article_modified_time":"2026-04-08T10:00:34+00:00","og_image":[{"width":1440,"height":1080,"url":"https:\/\/freemove.fr\/wp-content\/uploads\/2025\/03\/Dualtron-Aminia.jpg","type":"image\/jpeg"}],"twitter_card":"summary_large_image","twitter_misc":{"Dur\u00e9e de lecture estim\u00e9e":"2 minutes"},"schema":{"@context":"https:\/\/schema.org","@graph":[{"@type":"WebPage","@id":"https:\/\/freemove.fr\/fr\/produit\/dualtron-aminia-double-moteur\/","url":"https:\/\/freemove.fr\/fr\/produit\/dualtron-aminia-double-moteur\/","name":"DUALTRON AMINIA DOUBLE MOTEUR - Boutique Freemove","isPartOf":{"@id":"https:\/\/freemove.fr\/en\/#website"},"primaryImageOfPage":{"@id":"https:\/\/freemove.fr\/fr\/produit\/dualtron-aminia-double-moteur\/#primaryimage"},"image":{"@id":"https:\/\/freemove.fr\/fr\/produit\/dualtron-aminia-double-moteur\/#primaryimage"},"thumbnailUrl":"https:\/\/freemove.fr\/wp-content\/uploads\/2025\/03\/Dualtron-Aminia.jpg","datePublished":"2025-03-27T16:39:50+00:00","dateModified":"2026-04-08T10:00:34+00:00","breadcrumb":{"@id":"https:\/\/freemove.fr\/fr\/produit\/dualtron-aminia-double-moteur\/#breadcrumb"},"inLanguage":"fr-FR","potentialAction":[{"@type":"ReadAction","target":["https:\/\/freemove.fr\/fr\/produit\/dualtron-aminia-double-moteur\/"]}]},{"@type":"ImageObject","inLanguage":"fr-FR","@id":"https:\/\/freemove.fr\/fr\/produit\/dualtron-aminia-double-moteur\/#primaryimage","url":"https:\/\/freemove.fr\/wp-content\/uploads\/2025\/03\/Dualtron-Aminia.jpg","contentUrl":"https:\/\/freemove.fr\/wp-content\/uploads\/2025\/03\/Dualtron-Aminia.jpg","width":1440,"height":1080},{"@type":"BreadcrumbList","@id":"https:\/\/freemove.fr\/fr\/produit\/dualtron-aminia-double-moteur\/#breadcrumb","itemListElement":[{"@type":"ListItem","position":1,"name":"Accueil","item":"https:\/\/freemove.fr\/fr\/"},{"@type":"ListItem","position":2,"name":"Boutique","item":"https:\/\/freemove.fr\/fr\/boutique\/"},{"@type":"ListItem","position":3,"name":"DUALTRON AMINIA DOUBLE MOTEUR"}]},{"@type":"WebSite","@id":"https:\/\/freemove.fr\/en\/#website","url":"https:\/\/freemove.fr\/en\/","name":"Freemove la Glisse \u00c9lectrique pour tous","description":"Onewheel - Visites guid\u00e9es en Segway \u00e0 Amboise","publisher":{"@id":"https:\/\/freemove.fr\/en\/#organization"},"potentialAction":[{"@type":"SearchAction","target":{"@type":"EntryPoint","urlTemplate":"https:\/\/freemove.fr\/en\/?s={search_term_string}"},"query-input":{"@type":"PropertyValueSpecification","valueRequired":true,"valueName":"search_term_string"}}],"inLanguage":"fr-FR"},{"@type":"Organization","@id":"https:\/\/freemove.fr\/en\/#organization","name":"Freemove","url":"https:\/\/freemove.fr\/en\/","logo":{"@type":"ImageObject","inLanguage":"fr-FR","@id":"https:\/\/freemove.fr\/en\/#\/schema\/logo\/image\/","url":"https:\/\/freemove.fr\/wp-content\/uploads\/2021\/06\/footer_logotype-1.svg","contentUrl":"https:\/\/freemove.fr\/wp-content\/uploads\/2021\/06\/footer_logotype-1.svg","width":163,"height":45,"caption":"Freemove"},"image":{"@id":"https:\/\/freemove.fr\/en\/#\/schema\/logo\/image\/"}}]}},"_links":{"self":[{"href":"https:\/\/freemove.fr\/fr\/wp-json\/wp\/v2\/product\/19087","targetHints":{"allow":["GET"]}}],"collection":[{"href":"https:\/\/freemove.fr\/fr\/wp-json\/wp\/v2\/product"}],"about":[{"href":"https:\/\/freemove.fr\/fr\/wp-json\/wp\/v2\/types\/product"}],"replies":[{"embeddable":true,"href":"https:\/\/freemove.fr\/fr\/wp-json\/wp\/v2\/comments?post=19087"}],"wp:featuredmedia":[{"embeddable":true,"href":"https:\/\/freemove.fr\/fr\/wp-json\/wp\/v2\/media\/19094"}],"wp:attachment":[{"href":"https:\/\/freemove.fr\/fr\/wp-json\/wp\/v2\/media?parent=19087"}],"wp:term":[{"taxonomy":"product_brand","embeddable":true,"href":"https:\/\/freemove.fr\/fr\/wp-json\/wp\/v2\/product_brand?post=19087"},{"taxonomy":"product_cat","embeddable":true,"href":"https:\/\/freemove.fr\/fr\/wp-json\/wp\/v2\/product_cat?post=19087"},{"taxonomy":"product_tag","embeddable":true,"href":"https:\/\/freemove.fr\/fr\/wp-json\/wp\/v2\/product_tag?post=19087"}],"curies":[{"name":"wp","href":"https:\/\/api.w.org\/{rel}","templated":true}]}}