


























{"id":12507,"date":"2022-03-30T19:01:25","date_gmt":"2022-03-30T17:01:25","guid":{"rendered":"https:\/\/freemove.fr\/?post_type=product&#038;p=12507"},"modified":"2022-12-06T12:07:50","modified_gmt":"2022-12-06T11:07:50","slug":"grip-flight-deck","status":"publish","type":"product","link":"https:\/\/freemove.fr\/fr\/produit\/grip-flight-deck\/","title":{"rendered":"GRIP FLIGHT DECK"},"content":{"rendered":"<p>D\u00e9velopp\u00e9 par la soci\u00e9t\u00e9 FlightFins, ce <strong>grip concave de haute qualit\u00e9<\/strong> assure un maintien confortable du pied lors du ride !<\/p>\n<ul>\n<li><strong>S&rsquo;installe facilement<\/strong> <strong>sur le griptape d&rsquo;origine<\/strong> &#8211; pas besoin de vis ni de retirer le griptape.<\/li>\n<li>Le <strong>shape concave<\/strong> <strong>offre un contr\u00f4le exceptionnel<\/strong> pour les figures, les vir\u00e9es en hors-piste et tous les autres styles de glisse.<\/li>\n<li>Profitez d&rsquo;un <strong>confort maximal<\/strong> <strong>gr\u00e2ce \u00e0 la conception composite \u00e0 double couche<\/strong> sans sacrifier les sensations de la planche.<\/li>\n<\/ul>\n<p>\u26a0\ufe0f<strong>ATTENTION<\/strong>\u26a0\ufe0f<br \/>\nL&rsquo;installation de ce grip sur le Pad Avant de votre Onewheel muni des capteurs de pression peut alt\u00e9rer le bon fonctionnement de celui-ci ! Cette installation reste possible mais se fait sous votre responsabilit\u00e9 !<\/p>\n<h4>\ud83d\udea6 <strong>Retrouvez <a href=\"https:\/\/freemove.fr\/2022\/04\/changez-vos-grip-onewheel-facilement\/\">ICI<\/a> notre tutoriel pour changer vos Grip facilement !<\/strong><\/h4>\n","protected":false},"excerpt":{"rendered":"<h3>LE GRIP CONCAVE FLIGHT FINS !<\/h3>\n","protected":false},"featured_media":12454,"comment_status":"closed","ping_status":"closed","template":"","meta":{"inline_featured_image":false},"product_brand":[],"product_cat":[298],"product_tag":[654],"class_list":{"0":"post-12507","1":"product","2":"type-product","3":"status-publish","4":"has-post-thumbnail","6":"product_cat-accessoires-onewheel-xr","7":"product_tag-grips","8":"pa_couleur-checkers","9":"pa_couleur-noir","10":"pa_declinaison-declination-paire","11":"pa_declinaison-declination-single","12":"entry","13":"has-media","15":"first","16":"outofstock","17":"taxable","18":"shipping-taxable","19":"purchasable","20":"product-type-variable"},"acf":[],"yoast_head":"<!-- This site is optimized with the Yoast SEO plugin v24.9 - https:\/\/yoast.com\/wordpress\/plugins\/seo\/ -->\n<title>GRIP FLIGHT DECK - Boutique Freemove<\/title>\n<meta name=\"robots\" content=\"index, follow, max-snippet:-1, max-image-preview:large, max-video-preview:-1\" \/>\n<link rel=\"canonical\" href=\"https:\/\/freemove.fr\/fr\/produit\/grip-flight-deck\/\" \/>\n<meta property=\"og:locale\" content=\"fr_FR\" \/>\n<meta property=\"og:type\" content=\"article\" \/>\n<meta property=\"og:title\" content=\"GRIP FLIGHT DECK - Boutique Freemove\" \/>\n<meta property=\"og:description\" content=\"LE GRIP CONCAVE FLIGHT FINS !\" \/>\n<meta property=\"og:url\" content=\"https:\/\/freemove.fr\/fr\/produit\/grip-flight-deck\/\" \/>\n<meta property=\"og:site_name\" content=\"Freemove la Glisse \u00c9lectrique pour tous\" \/>\n<meta property=\"article:modified_time\" content=\"2022-12-06T11:07:50+00:00\" \/>\n<meta property=\"og:image\" content=\"https:\/\/freemove.fr\/wp-content\/uploads\/2022\/03\/Flight-Deck.jpg\" \/>\n\t<meta property=\"og:image:width\" content=\"1440\" \/>\n\t<meta property=\"og:image:height\" content=\"1080\" \/>\n\t<meta property=\"og:image:type\" content=\"image\/jpeg\" \/>\n<meta name=\"twitter:card\" content=\"summary_large_image\" \/>\n<meta name=\"twitter:label1\" content=\"Dur\u00e9e de lecture estim\u00e9e\" \/>\n\t<meta name=\"twitter:data1\" content=\"1 minute\" \/>\n<script type=\"application\/ld+json\" class=\"yoast-schema-graph\">{\"@context\":\"https:\/\/schema.org\",\"@graph\":[{\"@type\":\"WebPage\",\"@id\":\"https:\/\/freemove.fr\/fr\/produit\/grip-flight-deck\/\",\"url\":\"https:\/\/freemove.fr\/fr\/produit\/grip-flight-deck\/\",\"name\":\"GRIP FLIGHT DECK - Boutique Freemove\",\"isPartOf\":{\"@id\":\"https:\/\/freemove.fr\/en\/#website\"},\"primaryImageOfPage\":{\"@id\":\"https:\/\/freemove.fr\/fr\/produit\/grip-flight-deck\/#primaryimage\"},\"image\":{\"@id\":\"https:\/\/freemove.fr\/fr\/produit\/grip-flight-deck\/#primaryimage\"},\"thumbnailUrl\":\"https:\/\/freemove.fr\/wp-content\/uploads\/2022\/03\/Flight-Deck.jpg\",\"datePublished\":\"2022-03-30T17:01:25+00:00\",\"dateModified\":\"2022-12-06T11:07:50+00:00\",\"breadcrumb\":{\"@id\":\"https:\/\/freemove.fr\/fr\/produit\/grip-flight-deck\/#breadcrumb\"},\"inLanguage\":\"fr-FR\",\"potentialAction\":[{\"@type\":\"ReadAction\",\"target\":[\"https:\/\/freemove.fr\/fr\/produit\/grip-flight-deck\/\"]}]},{\"@type\":\"ImageObject\",\"inLanguage\":\"fr-FR\",\"@id\":\"https:\/\/freemove.fr\/fr\/produit\/grip-flight-deck\/#primaryimage\",\"url\":\"https:\/\/freemove.fr\/wp-content\/uploads\/2022\/03\/Flight-Deck.jpg\",\"contentUrl\":\"https:\/\/freemove.fr\/wp-content\/uploads\/2022\/03\/Flight-Deck.jpg\",\"width\":1440,\"height\":1080},{\"@type\":\"BreadcrumbList\",\"@id\":\"https:\/\/freemove.fr\/fr\/produit\/grip-flight-deck\/#breadcrumb\",\"itemListElement\":[{\"@type\":\"ListItem\",\"position\":1,\"name\":\"Accueil\",\"item\":\"https:\/\/freemove.fr\/fr\/\"},{\"@type\":\"ListItem\",\"position\":2,\"name\":\"Boutique\",\"item\":\"https:\/\/freemove.fr\/fr\/boutique\/\"},{\"@type\":\"ListItem\",\"position\":3,\"name\":\"GRIP FLIGHT DECK\"}]},{\"@type\":\"WebSite\",\"@id\":\"https:\/\/freemove.fr\/en\/#website\",\"url\":\"https:\/\/freemove.fr\/en\/\",\"name\":\"Freemove la Glisse \u00c9lectrique pour tous\",\"description\":\"Onewheel - Visites guid\u00e9es en Segway \u00e0 Amboise\",\"publisher\":{\"@id\":\"https:\/\/freemove.fr\/en\/#organization\"},\"potentialAction\":[{\"@type\":\"SearchAction\",\"target\":{\"@type\":\"EntryPoint\",\"urlTemplate\":\"https:\/\/freemove.fr\/en\/?s={search_term_string}\"},\"query-input\":{\"@type\":\"PropertyValueSpecification\",\"valueRequired\":true,\"valueName\":\"search_term_string\"}}],\"inLanguage\":\"fr-FR\"},{\"@type\":\"Organization\",\"@id\":\"https:\/\/freemove.fr\/en\/#organization\",\"name\":\"Freemove\",\"url\":\"https:\/\/freemove.fr\/en\/\",\"logo\":{\"@type\":\"ImageObject\",\"inLanguage\":\"fr-FR\",\"@id\":\"https:\/\/freemove.fr\/en\/#\/schema\/logo\/image\/\",\"url\":\"https:\/\/freemove.fr\/wp-content\/uploads\/2021\/06\/footer_logotype-1.svg\",\"contentUrl\":\"https:\/\/freemove.fr\/wp-content\/uploads\/2021\/06\/footer_logotype-1.svg\",\"width\":163,\"height\":45,\"caption\":\"Freemove\"},\"image\":{\"@id\":\"https:\/\/freemove.fr\/en\/#\/schema\/logo\/image\/\"}}]}<\/script>\n<!-- \/ Yoast SEO plugin. -->","yoast_head_json":{"title":"GRIP FLIGHT DECK - Boutique Freemove","robots":{"index":"index","follow":"follow","max-snippet":"max-snippet:-1","max-image-preview":"max-image-preview:large","max-video-preview":"max-video-preview:-1"},"canonical":"https:\/\/freemove.fr\/fr\/produit\/grip-flight-deck\/","og_locale":"fr_FR","og_type":"article","og_title":"GRIP FLIGHT DECK - Boutique Freemove","og_description":"LE GRIP CONCAVE FLIGHT FINS !","og_url":"https:\/\/freemove.fr\/fr\/produit\/grip-flight-deck\/","og_site_name":"Freemove la Glisse \u00c9lectrique pour tous","article_modified_time":"2022-12-06T11:07:50+00:00","og_image":[{"width":1440,"height":1080,"url":"https:\/\/freemove.fr\/wp-content\/uploads\/2022\/03\/Flight-Deck.jpg","type":"image\/jpeg"}],"twitter_card":"summary_large_image","twitter_misc":{"Dur\u00e9e de lecture estim\u00e9e":"1 minute"},"schema":{"@context":"https:\/\/schema.org","@graph":[{"@type":"WebPage","@id":"https:\/\/freemove.fr\/fr\/produit\/grip-flight-deck\/","url":"https:\/\/freemove.fr\/fr\/produit\/grip-flight-deck\/","name":"GRIP FLIGHT DECK - Boutique Freemove","isPartOf":{"@id":"https:\/\/freemove.fr\/en\/#website"},"primaryImageOfPage":{"@id":"https:\/\/freemove.fr\/fr\/produit\/grip-flight-deck\/#primaryimage"},"image":{"@id":"https:\/\/freemove.fr\/fr\/produit\/grip-flight-deck\/#primaryimage"},"thumbnailUrl":"https:\/\/freemove.fr\/wp-content\/uploads\/2022\/03\/Flight-Deck.jpg","datePublished":"2022-03-30T17:01:25+00:00","dateModified":"2022-12-06T11:07:50+00:00","breadcrumb":{"@id":"https:\/\/freemove.fr\/fr\/produit\/grip-flight-deck\/#breadcrumb"},"inLanguage":"fr-FR","potentialAction":[{"@type":"ReadAction","target":["https:\/\/freemove.fr\/fr\/produit\/grip-flight-deck\/"]}]},{"@type":"ImageObject","inLanguage":"fr-FR","@id":"https:\/\/freemove.fr\/fr\/produit\/grip-flight-deck\/#primaryimage","url":"https:\/\/freemove.fr\/wp-content\/uploads\/2022\/03\/Flight-Deck.jpg","contentUrl":"https:\/\/freemove.fr\/wp-content\/uploads\/2022\/03\/Flight-Deck.jpg","width":1440,"height":1080},{"@type":"BreadcrumbList","@id":"https:\/\/freemove.fr\/fr\/produit\/grip-flight-deck\/#breadcrumb","itemListElement":[{"@type":"ListItem","position":1,"name":"Accueil","item":"https:\/\/freemove.fr\/fr\/"},{"@type":"ListItem","position":2,"name":"Boutique","item":"https:\/\/freemove.fr\/fr\/boutique\/"},{"@type":"ListItem","position":3,"name":"GRIP FLIGHT DECK"}]},{"@type":"WebSite","@id":"https:\/\/freemove.fr\/en\/#website","url":"https:\/\/freemove.fr\/en\/","name":"Freemove la Glisse \u00c9lectrique pour tous","description":"Onewheel - Visites guid\u00e9es en Segway \u00e0 Amboise","publisher":{"@id":"https:\/\/freemove.fr\/en\/#organization"},"potentialAction":[{"@type":"SearchAction","target":{"@type":"EntryPoint","urlTemplate":"https:\/\/freemove.fr\/en\/?s={search_term_string}"},"query-input":{"@type":"PropertyValueSpecification","valueRequired":true,"valueName":"search_term_string"}}],"inLanguage":"fr-FR"},{"@type":"Organization","@id":"https:\/\/freemove.fr\/en\/#organization","name":"Freemove","url":"https:\/\/freemove.fr\/en\/","logo":{"@type":"ImageObject","inLanguage":"fr-FR","@id":"https:\/\/freemove.fr\/en\/#\/schema\/logo\/image\/","url":"https:\/\/freemove.fr\/wp-content\/uploads\/2021\/06\/footer_logotype-1.svg","contentUrl":"https:\/\/freemove.fr\/wp-content\/uploads\/2021\/06\/footer_logotype-1.svg","width":163,"height":45,"caption":"Freemove"},"image":{"@id":"https:\/\/freemove.fr\/en\/#\/schema\/logo\/image\/"}}]}},"_links":{"self":[{"href":"https:\/\/freemove.fr\/fr\/wp-json\/wp\/v2\/product\/12507","targetHints":{"allow":["GET"]}}],"collection":[{"href":"https:\/\/freemove.fr\/fr\/wp-json\/wp\/v2\/product"}],"about":[{"href":"https:\/\/freemove.fr\/fr\/wp-json\/wp\/v2\/types\/product"}],"replies":[{"embeddable":true,"href":"https:\/\/freemove.fr\/fr\/wp-json\/wp\/v2\/comments?post=12507"}],"wp:featuredmedia":[{"embeddable":true,"href":"https:\/\/freemove.fr\/fr\/wp-json\/wp\/v2\/media\/12454"}],"wp:attachment":[{"href":"https:\/\/freemove.fr\/fr\/wp-json\/wp\/v2\/media?parent=12507"}],"wp:term":[{"taxonomy":"product_brand","embeddable":true,"href":"https:\/\/freemove.fr\/fr\/wp-json\/wp\/v2\/product_brand?post=12507"},{"taxonomy":"product_cat","embeddable":true,"href":"https:\/\/freemove.fr\/fr\/wp-json\/wp\/v2\/product_cat?post=12507"},{"taxonomy":"product_tag","embeddable":true,"href":"https:\/\/freemove.fr\/fr\/wp-json\/wp\/v2\/product_tag?post=12507"}],"curies":[{"name":"wp","href":"https:\/\/api.w.org\/{rel}","templated":true}]}}