


























{"id":11703,"date":"2021-11-24T19:37:20","date_gmt":"2021-11-24T18:37:20","guid":{"rendered":"https:\/\/freemove.fr\/?post_type=product&#038;p=11703"},"modified":"2025-03-31T11:55:37","modified_gmt":"2025-03-31T09:55:37","slug":"longrails","status":"publish","type":"product","link":"https:\/\/freemove.fr\/fr\/produit\/longrails\/","title":{"rendered":"LONGRAILS"},"content":{"rendered":"<p>D\u00e9velopp\u00e9s par nos soins, <strong>ces rails en aluminium renforc\u00e9s ont \u00e9t\u00e9 rallong\u00e9s de 6mm<\/strong> ! 6mm, c&rsquo;est pas beaucoup me direz-vous&#8230; mais cette petite longueur suppl\u00e9mentaire permet deux choses tr\u00e8s importantes !<\/p>\n<ul>\n<li>Ces rails restent <strong>compatibles avec tous les accessoires<\/strong> vendus sur notre site.<\/li>\n<li>Ils permettent de <strong>chausser n&rsquo;importe quel pneu et de le gonfler \u00e0 forte pression sans qu&rsquo;il frotte sur les pads\u00a0<\/strong>! Ils permettent m\u00eame d&rsquo;utiliser \u00e0 nouveau<strong> le bon vieux <a href=\"https:\/\/freemove.fr\/produit\/pneu-hoosier-6-5-sculpte\/\">HOOSIER 6.5 Sculpt\u00e9<\/a> qui s&rsquo;adaptait parfaitement sur le Onewheel Original<\/strong> mais plus du tout sur les versions ult\u00e9rieures suite \u00e0 un l\u00e9ger r\u00e9tr\u00e9cissement de l&rsquo;espace entre les pads.<\/li>\n<\/ul>\n<p>Vous pouvez choisir de faire <strong>colorer vos rails par anodisation<\/strong>,\u00a0traitement de surface qui permet de <strong>prot\u00e9ger<\/strong> et de d\u00e9corer une pi\u00e8ce en aluminium par oxydation anodique. Elle octroie aux mat\u00e9riaux une <strong>meilleure r\u00e9sistance \u00e0 l&rsquo;usure, \u00e0 la corrosion et \u00e0 la chaleur<\/strong>.<\/p>\n<p>Si vous voulez en profiter pour <strong>changer toutes vos vis et repartir \u00e0 neuf<\/strong>, nous vous <strong>offrons 10% de remise sur le <a href=\"https:\/\/freemove.fr\/produit\/hardware-kit-onewheel-xr\/\">Hardware Kit<\/a><\/strong> si vous s\u00e9lectionnez l&rsquo;option \u00ab\u00a0<strong>AVEC<\/strong>\u00a0\u00bb dans le menu d\u00e9roulant !<\/p>\n","protected":false},"excerpt":{"rendered":"<h3>POUR PNEUS HAUTE PRESSION !<\/h3>\n","protected":false},"featured_media":11704,"comment_status":"closed","ping_status":"closed","template":"","meta":{"inline_featured_image":false},"product_brand":[],"product_cat":[298],"product_tag":[1841],"class_list":{"0":"post-11703","1":"product","2":"type-product","3":"status-publish","4":"has-post-thumbnail","6":"product_cat-accessoires-onewheel-xr","7":"product_tag-rails","8":"pa_couleur-aluminium","9":"pa_couleur-bleu-anodise","10":"pa_couleur-champagne-anodise","11":"pa_couleur-noir-anodise","12":"pa_couleur-rouge-anodise","13":"pa_declinaison-declination-avec-hardware-kit","14":"pa_declinaison-declination-sans-hardware-kit","15":"entry","16":"has-media","18":"first","19":"instock","20":"taxable","21":"shipping-taxable","22":"purchasable","23":"product-type-variable"},"acf":[],"yoast_head":"<!-- This site is optimized with the Yoast SEO plugin v24.9 - https:\/\/yoast.com\/wordpress\/plugins\/seo\/ -->\n<title>LONGRAILS - Boutique Freemove<\/title>\n<meta name=\"robots\" content=\"index, follow, max-snippet:-1, max-image-preview:large, max-video-preview:-1\" \/>\n<link rel=\"canonical\" href=\"https:\/\/freemove.fr\/fr\/produit\/longrails\/\" \/>\n<meta property=\"og:locale\" content=\"fr_FR\" \/>\n<meta property=\"og:type\" content=\"article\" \/>\n<meta property=\"og:title\" content=\"LONGRAILS - Boutique Freemove\" \/>\n<meta property=\"og:description\" content=\"POUR PNEUS HAUTE PRESSION !\" \/>\n<meta property=\"og:url\" content=\"https:\/\/freemove.fr\/fr\/produit\/longrails\/\" \/>\n<meta property=\"og:site_name\" content=\"Freemove la Glisse \u00c9lectrique pour tous\" \/>\n<meta property=\"article:modified_time\" content=\"2025-03-31T09:55:37+00:00\" \/>\n<meta property=\"og:image\" content=\"https:\/\/freemove.fr\/wp-content\/uploads\/2021\/11\/LongRail-Bleu.jpg\" \/>\n\t<meta property=\"og:image:width\" content=\"1440\" \/>\n\t<meta property=\"og:image:height\" content=\"1080\" \/>\n\t<meta property=\"og:image:type\" content=\"image\/jpeg\" \/>\n<meta name=\"twitter:card\" content=\"summary_large_image\" \/>\n<meta name=\"twitter:label1\" content=\"Dur\u00e9e de lecture estim\u00e9e\" \/>\n\t<meta name=\"twitter:data1\" content=\"2 minutes\" \/>\n<script type=\"application\/ld+json\" class=\"yoast-schema-graph\">{\"@context\":\"https:\/\/schema.org\",\"@graph\":[{\"@type\":\"WebPage\",\"@id\":\"https:\/\/freemove.fr\/fr\/produit\/longrails\/\",\"url\":\"https:\/\/freemove.fr\/fr\/produit\/longrails\/\",\"name\":\"LONGRAILS - Boutique Freemove\",\"isPartOf\":{\"@id\":\"https:\/\/freemove.fr\/en\/#website\"},\"primaryImageOfPage\":{\"@id\":\"https:\/\/freemove.fr\/fr\/produit\/longrails\/#primaryimage\"},\"image\":{\"@id\":\"https:\/\/freemove.fr\/fr\/produit\/longrails\/#primaryimage\"},\"thumbnailUrl\":\"https:\/\/freemove.fr\/wp-content\/uploads\/2021\/11\/LongRail-Bleu.jpg\",\"datePublished\":\"2021-11-24T18:37:20+00:00\",\"dateModified\":\"2025-03-31T09:55:37+00:00\",\"breadcrumb\":{\"@id\":\"https:\/\/freemove.fr\/fr\/produit\/longrails\/#breadcrumb\"},\"inLanguage\":\"fr-FR\",\"potentialAction\":[{\"@type\":\"ReadAction\",\"target\":[\"https:\/\/freemove.fr\/fr\/produit\/longrails\/\"]}]},{\"@type\":\"ImageObject\",\"inLanguage\":\"fr-FR\",\"@id\":\"https:\/\/freemove.fr\/fr\/produit\/longrails\/#primaryimage\",\"url\":\"https:\/\/freemove.fr\/wp-content\/uploads\/2021\/11\/LongRail-Bleu.jpg\",\"contentUrl\":\"https:\/\/freemove.fr\/wp-content\/uploads\/2021\/11\/LongRail-Bleu.jpg\",\"width\":1440,\"height\":1080},{\"@type\":\"BreadcrumbList\",\"@id\":\"https:\/\/freemove.fr\/fr\/produit\/longrails\/#breadcrumb\",\"itemListElement\":[{\"@type\":\"ListItem\",\"position\":1,\"name\":\"Accueil\",\"item\":\"https:\/\/freemove.fr\/fr\/\"},{\"@type\":\"ListItem\",\"position\":2,\"name\":\"Boutique\",\"item\":\"https:\/\/freemove.fr\/fr\/boutique\/\"},{\"@type\":\"ListItem\",\"position\":3,\"name\":\"LONGRAILS\"}]},{\"@type\":\"WebSite\",\"@id\":\"https:\/\/freemove.fr\/en\/#website\",\"url\":\"https:\/\/freemove.fr\/en\/\",\"name\":\"Freemove la Glisse \u00c9lectrique pour tous\",\"description\":\"Onewheel - Visites guid\u00e9es en Segway \u00e0 Amboise\",\"publisher\":{\"@id\":\"https:\/\/freemove.fr\/en\/#organization\"},\"potentialAction\":[{\"@type\":\"SearchAction\",\"target\":{\"@type\":\"EntryPoint\",\"urlTemplate\":\"https:\/\/freemove.fr\/en\/?s={search_term_string}\"},\"query-input\":{\"@type\":\"PropertyValueSpecification\",\"valueRequired\":true,\"valueName\":\"search_term_string\"}}],\"inLanguage\":\"fr-FR\"},{\"@type\":\"Organization\",\"@id\":\"https:\/\/freemove.fr\/en\/#organization\",\"name\":\"Freemove\",\"url\":\"https:\/\/freemove.fr\/en\/\",\"logo\":{\"@type\":\"ImageObject\",\"inLanguage\":\"fr-FR\",\"@id\":\"https:\/\/freemove.fr\/en\/#\/schema\/logo\/image\/\",\"url\":\"https:\/\/freemove.fr\/wp-content\/uploads\/2021\/06\/footer_logotype-1.svg\",\"contentUrl\":\"https:\/\/freemove.fr\/wp-content\/uploads\/2021\/06\/footer_logotype-1.svg\",\"width\":163,\"height\":45,\"caption\":\"Freemove\"},\"image\":{\"@id\":\"https:\/\/freemove.fr\/en\/#\/schema\/logo\/image\/\"}}]}<\/script>\n<!-- \/ Yoast SEO plugin. -->","yoast_head_json":{"title":"LONGRAILS - Boutique Freemove","robots":{"index":"index","follow":"follow","max-snippet":"max-snippet:-1","max-image-preview":"max-image-preview:large","max-video-preview":"max-video-preview:-1"},"canonical":"https:\/\/freemove.fr\/fr\/produit\/longrails\/","og_locale":"fr_FR","og_type":"article","og_title":"LONGRAILS - Boutique Freemove","og_description":"POUR PNEUS HAUTE PRESSION !","og_url":"https:\/\/freemove.fr\/fr\/produit\/longrails\/","og_site_name":"Freemove la Glisse \u00c9lectrique pour tous","article_modified_time":"2025-03-31T09:55:37+00:00","og_image":[{"width":1440,"height":1080,"url":"https:\/\/freemove.fr\/wp-content\/uploads\/2021\/11\/LongRail-Bleu.jpg","type":"image\/jpeg"}],"twitter_card":"summary_large_image","twitter_misc":{"Dur\u00e9e de lecture estim\u00e9e":"2 minutes"},"schema":{"@context":"https:\/\/schema.org","@graph":[{"@type":"WebPage","@id":"https:\/\/freemove.fr\/fr\/produit\/longrails\/","url":"https:\/\/freemove.fr\/fr\/produit\/longrails\/","name":"LONGRAILS - Boutique Freemove","isPartOf":{"@id":"https:\/\/freemove.fr\/en\/#website"},"primaryImageOfPage":{"@id":"https:\/\/freemove.fr\/fr\/produit\/longrails\/#primaryimage"},"image":{"@id":"https:\/\/freemove.fr\/fr\/produit\/longrails\/#primaryimage"},"thumbnailUrl":"https:\/\/freemove.fr\/wp-content\/uploads\/2021\/11\/LongRail-Bleu.jpg","datePublished":"2021-11-24T18:37:20+00:00","dateModified":"2025-03-31T09:55:37+00:00","breadcrumb":{"@id":"https:\/\/freemove.fr\/fr\/produit\/longrails\/#breadcrumb"},"inLanguage":"fr-FR","potentialAction":[{"@type":"ReadAction","target":["https:\/\/freemove.fr\/fr\/produit\/longrails\/"]}]},{"@type":"ImageObject","inLanguage":"fr-FR","@id":"https:\/\/freemove.fr\/fr\/produit\/longrails\/#primaryimage","url":"https:\/\/freemove.fr\/wp-content\/uploads\/2021\/11\/LongRail-Bleu.jpg","contentUrl":"https:\/\/freemove.fr\/wp-content\/uploads\/2021\/11\/LongRail-Bleu.jpg","width":1440,"height":1080},{"@type":"BreadcrumbList","@id":"https:\/\/freemove.fr\/fr\/produit\/longrails\/#breadcrumb","itemListElement":[{"@type":"ListItem","position":1,"name":"Accueil","item":"https:\/\/freemove.fr\/fr\/"},{"@type":"ListItem","position":2,"name":"Boutique","item":"https:\/\/freemove.fr\/fr\/boutique\/"},{"@type":"ListItem","position":3,"name":"LONGRAILS"}]},{"@type":"WebSite","@id":"https:\/\/freemove.fr\/en\/#website","url":"https:\/\/freemove.fr\/en\/","name":"Freemove la Glisse \u00c9lectrique pour tous","description":"Onewheel - Visites guid\u00e9es en Segway \u00e0 Amboise","publisher":{"@id":"https:\/\/freemove.fr\/en\/#organization"},"potentialAction":[{"@type":"SearchAction","target":{"@type":"EntryPoint","urlTemplate":"https:\/\/freemove.fr\/en\/?s={search_term_string}"},"query-input":{"@type":"PropertyValueSpecification","valueRequired":true,"valueName":"search_term_string"}}],"inLanguage":"fr-FR"},{"@type":"Organization","@id":"https:\/\/freemove.fr\/en\/#organization","name":"Freemove","url":"https:\/\/freemove.fr\/en\/","logo":{"@type":"ImageObject","inLanguage":"fr-FR","@id":"https:\/\/freemove.fr\/en\/#\/schema\/logo\/image\/","url":"https:\/\/freemove.fr\/wp-content\/uploads\/2021\/06\/footer_logotype-1.svg","contentUrl":"https:\/\/freemove.fr\/wp-content\/uploads\/2021\/06\/footer_logotype-1.svg","width":163,"height":45,"caption":"Freemove"},"image":{"@id":"https:\/\/freemove.fr\/en\/#\/schema\/logo\/image\/"}}]}},"_links":{"self":[{"href":"https:\/\/freemove.fr\/fr\/wp-json\/wp\/v2\/product\/11703","targetHints":{"allow":["GET"]}}],"collection":[{"href":"https:\/\/freemove.fr\/fr\/wp-json\/wp\/v2\/product"}],"about":[{"href":"https:\/\/freemove.fr\/fr\/wp-json\/wp\/v2\/types\/product"}],"replies":[{"embeddable":true,"href":"https:\/\/freemove.fr\/fr\/wp-json\/wp\/v2\/comments?post=11703"}],"wp:featuredmedia":[{"embeddable":true,"href":"https:\/\/freemove.fr\/fr\/wp-json\/wp\/v2\/media\/11704"}],"wp:attachment":[{"href":"https:\/\/freemove.fr\/fr\/wp-json\/wp\/v2\/media?parent=11703"}],"wp:term":[{"taxonomy":"product_brand","embeddable":true,"href":"https:\/\/freemove.fr\/fr\/wp-json\/wp\/v2\/product_brand?post=11703"},{"taxonomy":"product_cat","embeddable":true,"href":"https:\/\/freemove.fr\/fr\/wp-json\/wp\/v2\/product_cat?post=11703"},{"taxonomy":"product_tag","embeddable":true,"href":"https:\/\/freemove.fr\/fr\/wp-json\/wp\/v2\/product_tag?post=11703"}],"curies":[{"name":"wp","href":"https:\/\/api.w.org\/{rel}","templated":true}]}}