


























{"id":9342,"date":"2021-09-27T11:49:40","date_gmt":"2021-09-27T09:49:40","guid":{"rendered":"https:\/\/freemove.fr\/?page_id=9342"},"modified":"2025-03-31T11:48:01","modified_gmt":"2025-03-31T09:48:01","slug":"reservation-stage-gyroroue","status":"publish","type":"page","link":"https:\/\/freemove.fr\/fr\/reservation-stage-gyroroue\/","title":{"rendered":"R\u00e9servation stage Onewheel \/ gyroroue"},"content":{"rendered":"<div class=\"wpb-content-wrapper\">[vc_row css=\u00a0\u00bb.vc_custom_1632736925684{padding-top: 95px !important;padding-bottom: 115px !important;background-position: center !important;background-repeat: no-repeat !important;background-size: cover !important;}\u00a0\u00bb el_class=\u00a0\u00bbpadding_uniform\u00a0\u00bb][vc_column el_class=\u00a0\u00bbcontainer\u00a0\u00bb css=\u00a0\u00bb.vc_custom_1623145253927{padding-right: 17.5px !important;padding-left: 17.5px !important;}\u00a0\u00bb][vc_row_inner equal_height=\u00a0\u00bbyes\u00a0\u00bb gap=\u00a0\u00bb35&Prime; el_class=\u00a0\u00bbjustify-content-between\u00a0\u00bb][vc_column_inner css=\u00a0\u00bb.vc_custom_1623152524355{margin-bottom: 0px !important;padding-right: 0px !important;padding-left: 0px !important;}\u00a0\u00bb]<style>.vcex-heading.vcex_69e65b777c1b7{color:#000000;font-size:20px;font-family:Montserrat;font-weight:800;text-transform:uppercase;letter-spacing:2px;}<\/style><h2 class=\"vcex-heading vcex-heading-plain vcex-module wpex-heading wpex-text-2xl wpex-mb-15 vcex_69e65b777c1b7\"><span class=\"vcex-heading-inner wpex-inline-block\">Formulaire de r\u00e9servation stage Onewheel \/ Gyroroue<\/span><\/h2><div class=\"vcex-module vcex-divider vcex-divider-solid vcex-divider-center wpex-mx-auto wpex-max-w-100 wpex-block wpex-h-0 wpex-border-b wpex-border-solid wpex-border-main\" style=\"width:100%;margin-block-end:5px;border-bottom-width:2px;border-color:#000000;\"><\/div><div class=\"vcex-form-shortcode vcex-module wpex-form wpex-m-auto wpex-max-w-100\">\n<div class=\"wpcf7 no-js\" id=\"wpcf7-f13458-o1\" lang=\"fr-FR\" dir=\"ltr\" data-wpcf7-id=\"13458\">\n<div class=\"screen-reader-response\"><p role=\"status\" aria-live=\"polite\" aria-atomic=\"true\"><\/p> <ul><\/ul><\/div>\n<form action=\"\/fr\/wp-json\/wp\/v2\/pages\/9342#wpcf7-f13458-o1\" method=\"post\" class=\"wpcf7-form init\" aria-label=\"Formulaire de contact\" novalidate=\"novalidate\" data-status=\"init\">\n<div style=\"display: none;\">\n<input type=\"hidden\" name=\"_wpcf7\" value=\"13458\" \/>\n<input type=\"hidden\" name=\"_wpcf7_version\" value=\"6.0.6\" \/>\n<input type=\"hidden\" name=\"_wpcf7_locale\" value=\"fr_FR\" \/>\n<input type=\"hidden\" name=\"_wpcf7_unit_tag\" value=\"wpcf7-f13458-o1\" \/>\n<input type=\"hidden\" name=\"_wpcf7_container_post\" value=\"0\" \/>\n<input type=\"hidden\" name=\"_wpcf7_posted_data_hash\" value=\"\" \/>\n<input type=\"hidden\" name=\"_wpcf7_recaptcha_response\" value=\"\" \/>\n<\/div>\n<div class=\"vc_row wpb_row vc_inner vc_row-o-equal-height vc_row-flex\">\n\t<div class=\"wpb_column vc_column_container vc_col-sm-12 vc_col-md-6\">\n\t\t<div class=\"vc_column-inner\" style=\"margin-bottom: 25px;\">\n\t\t\t<div class=\"wpb_wrapper\">\n\t\t\t\t<p><label class=\"label-input\" for=\"date\">Date souhait\u00e9e <span class=\"required-label\">*<\/span><\/label><br \/>\n<span class=\"wpcf7-form-control-wrap\" data-name=\"date\"><input size=\"40\" maxlength=\"400\" class=\"wpcf7-form-control wpcf7-text wpcf7-validates-as-required cf7-datepicker form-control\" id=\"date\" aria-required=\"true\" aria-invalid=\"false\" value=\"\" type=\"text\" name=\"date\" \/><\/span>\n\t\t\t\t<\/p>\n\t\t\t<\/div>\n\t\t<\/div>\n\t<\/div>\n\t<div class=\"wpb_column vc_column_container vc_col-sm-12 vc_col-md-6\">\n\t\t<div class=\"vc_column-inner\" style=\"margin-bottom: 25px;\">\n\t\t\t<div class=\"wpb_wrapper\">\n\t\t\t\t<p><label class=\"label-input\" for=\"heure\">Heure souhait\u00e9e <span class=\"required-label\">*<\/span><\/label><br \/>\n<span class=\"wpcf7-form-control-wrap\" data-name=\"heure\"><input size=\"40\" maxlength=\"400\" class=\"wpcf7-form-control wpcf7-text wpcf7-validates-as-required cf7-timepicker form-control\" id=\"heure\" aria-required=\"true\" aria-invalid=\"false\" value=\"\" type=\"text\" name=\"heure\" \/><\/span>\n\t\t\t\t<\/p>\n\t\t\t<\/div>\n\t\t<\/div>\n\t<\/div>\n\t<div class=\"wpb_column vc_column_container vc_col-sm-12 vc_col-md-6\">\n\t\t<div class=\"vc_column-inner\" style=\"margin-bottom: 25px;\">\n\t\t\t<div class=\"wpb_wrapper\">\n\t\t\t\t<p><label class=\"label-input\" for=\"participant\">Nombre de participants <span class=\"required-label\">*<\/span><\/label><br \/>\n<span class=\"wpcf7-form-control-wrap\" data-name=\"participant\"><input class=\"wpcf7-form-control wpcf7-number wpcf7-validates-as-required wpcf7-validates-as-number form-control\" id=\"participant\" aria-required=\"true\" aria-invalid=\"false\" value=\"\" type=\"number\" name=\"participant\" \/><\/span>\n\t\t\t\t<\/p>\n\t\t\t<\/div>\n\t\t<\/div>\n\t<\/div>\n\t<div class=\"wpb_column vc_column_container vc_col-sm-12 vc_col-md-6\">\n\t\t<div class=\"vc_column-inner\" style=\"margin-bottom: 25px;\">\n\t\t\t<div class=\"wpb_wrapper\">\n\t\t\t\t<p><label class=\"label-input\" for=\"visite\">Choix du stage <span class=\"required-label\">*<\/span><\/label><br \/>\n<span class=\"wpcf7-form-control-wrap\" data-name=\"your-subject\"><select class=\"wpcf7-form-control wpcf7-select wpcf7-validates-as-required form-control\" id=\"visite\" aria-required=\"true\" aria-invalid=\"false\" name=\"your-subject\"><option value=\"initiation Onewheel plateau technique\">initiation Onewheel plateau technique<\/option><option value=\"freeride Onewheel plateau + balade\">freeride Onewheel plateau + balade<\/option><option value=\"Stage d\u00e9couverte Monoroue \u00e9lectrique\">Stage d\u00e9couverte Monoroue \u00e9lectrique<\/option><\/select><\/span>\n\t\t\t\t<\/p>\n\t\t\t<\/div>\n\t\t<\/div>\n\t<\/div>\n\t<div class=\"wpb_column vc_column_container vc_col-sm-12 vc_col-md-6\">\n\t\t<div class=\"vc_column-inner\" style=\"margin-bottom: 25px;\">\n\t\t\t<div class=\"wpb_wrapper\">\n\t\t\t\t<p><label class=\"label-input\" for=\"firstname\">Pr\u00e9nom<\/label><br \/>\n<span class=\"wpcf7-form-control-wrap\" data-name=\"your-firstname\"><input size=\"40\" maxlength=\"400\" class=\"wpcf7-form-control wpcf7-text form-control\" id=\"firstname\" autocomplete=\"firstname\" aria-invalid=\"false\" value=\"\" type=\"text\" name=\"your-firstname\" \/><\/span>\n\t\t\t\t<\/p>\n\t\t\t<\/div>\n\t\t<\/div>\n\t<\/div>\n\t<div class=\"wpb_column vc_column_container vc_col-sm-12 vc_col-md-6\">\n\t\t<div class=\"vc_column-inner\" style=\"margin-bottom: 25px;\">\n\t\t\t<div class=\"wpb_wrapper\">\n\t\t\t\t<p><label class=\"label-input\" for=\"nom\">Nom <span class=\"required-label\">*<\/span><\/label><br \/>\n<span class=\"wpcf7-form-control-wrap\" data-name=\"your-name\"><input size=\"40\" maxlength=\"400\" class=\"wpcf7-form-control wpcf7-text wpcf7-validates-as-required form-control\" id=\"nom\" autocomplete=\"name\" aria-required=\"true\" aria-invalid=\"false\" value=\"\" type=\"text\" name=\"your-name\" \/><\/span>\n\t\t\t\t<\/p>\n\t\t\t<\/div>\n\t\t<\/div>\n\t<\/div>\n\t<div class=\"wpb_column vc_column_container vc_col-sm-12 vc_col-md-6\">\n\t\t<div class=\"vc_column-inner\" style=\"margin-bottom: 25px;\">\n\t\t\t<div class=\"wpb_wrapper\">\n\t\t\t\t<p><label class=\"label-input\" for=\"phone\">T\u00e9l\u00e9phone <span class=\"required-label\">*<\/span><\/label><br \/>\n<span class=\"wpcf7-form-control-wrap\" data-name=\"your-phone\"><input size=\"40\" maxlength=\"400\" class=\"wpcf7-form-control wpcf7-tel wpcf7-validates-as-required wpcf7-text wpcf7-validates-as-tel form-control\" id=\"phone\" aria-required=\"true\" aria-invalid=\"false\" value=\"\" type=\"tel\" name=\"your-phone\" \/><\/span>\n\t\t\t\t<\/p>\n\t\t\t<\/div>\n\t\t<\/div>\n\t<\/div>\n\t<div class=\"wpb_column vc_column_container vc_col-sm-12 vc_col-md-6\">\n\t\t<div class=\"vc_column-inner\" style=\"margin-bottom: 25px;\">\n\t\t\t<div class=\"wpb_wrapper\">\n\t\t\t\t<p><label class=\"label-input\" for=\"email\">E-mail <span class=\"required-label\">*<\/span><\/label><br \/>\n<span class=\"wpcf7-form-control-wrap\" data-name=\"your-email\"><input size=\"40\" maxlength=\"400\" class=\"wpcf7-form-control wpcf7-email wpcf7-validates-as-required wpcf7-text wpcf7-validates-as-email form-control\" id=\"email\" autocomplete=\"email\" aria-required=\"true\" aria-invalid=\"false\" value=\"\" type=\"email\" name=\"your-email\" \/><\/span>\n\t\t\t\t<\/p>\n\t\t\t<\/div>\n\t\t<\/div>\n\t<\/div>\n\t<div class=\"wpb_column vc_column_container vc_col-sm-12 vc_col-md-12\">\n\t\t<div class=\"vc_column-inner\" style=\"margin-bottom: 25px;\">\n\t\t\t<div class=\"wpb_wrapper\">\n\t\t\t\t<p><label class=\"label-input\" for=\"message\">Message <span class=\"required-label\">*<\/span><\/label><br \/>\n<span class=\"wpcf7-form-control-wrap\" data-name=\"your-message\"><textarea cols=\"40\" rows=\"10\" maxlength=\"2000\" class=\"wpcf7-form-control wpcf7-textarea wpcf7-validates-as-required form-control\" id=\"message\" aria-required=\"true\" aria-invalid=\"false\" name=\"your-message\"><\/textarea><\/span>\n\t\t\t\t<\/p>\n\t\t\t<\/div>\n\t\t<\/div>\n\t<\/div>\n\t<div class=\"wpb_column vc_column_container vc_col-sm-12 vc_col-md-12\">\n\t\t<div class=\"vc_column-inner\" style=\"margin-bottom: 25px;\">\n\t\t\t<div class=\"wpb_wrapper\">\n\t\t\t\t<p><label class=\"label-input\">RGPD <span class=\"required-label\">*<\/span><\/label><br \/>\n<span class=\"wpcf7-form-control-wrap\" data-name=\"rgpd\"><span class=\"wpcf7-form-control wpcf7-acceptance\"><span class=\"wpcf7-list-item\"><label><input type=\"checkbox\" name=\"rgpd\" value=\"1\" aria-invalid=\"false\" \/><span class=\"wpcf7-list-item-label\">Traitement des donn\u00e9es<\/span><\/label><\/span><\/span><\/span><br \/>\n<span class=\"small-text\">En remplissant un formulaire de r\u00e9servation vous nous autorisez \u00e0 collecter vos donn\u00e9es. Les informations recueillies sur ce formulaire sont enregistr\u00e9es dans un fichier informatis\u00e9 par la soci\u00e9t\u00e9 Freemove pour traiter votre demande. La base l\u00e9gale du traitement est une demande de prestation. Les donn\u00e9es collect\u00e9es seront communiqu\u00e9es aux seuls destinataires suivants : responsable de la soci\u00e9t\u00e9. Les donn\u00e9es sont conserv\u00e9es pendant 180 jours.<\/span>\n\t\t\t\t<\/p>\n\t\t\t<\/div>\n\t\t<\/div>\n\t<\/div>\n\t<div class=\"wpb_column vc_column_container vc_col-sm-12 vc_col-md-12\">\n\t\t<div class=\"vc_column-inner\" style=\"margin-bottom: 25px;\">\n\t\t\t<div class=\"wpb_wrapper\">\n\t\t\t\t<p><button type=\"submit\" class=\"wpforms-submit\" >Envoyer<\/button>\n\t\t\t\t<\/p>\n\t\t\t<\/div>\n\t\t<\/div>\n\t<\/div>\n<\/div><div class=\"wpcf7-response-output\" aria-hidden=\"true\"><\/div>\n<\/form>\n<\/div>\n<\/div>[\/vc_column_inner][\/vc_row_inner][\/vc_column][\/vc_row]\n<\/div>","protected":false},"excerpt":{"rendered":"<p>[vc_row css=\u00a0\u00bb.vc_custom_1632736925684{padding-top: 95px !important;padding-bottom: 115px !important;background-position: center !important;background-repeat: no-repeat !important;background-size: cover !important;}\u00a0\u00bb el_class=\u00a0\u00bbpadding_uniform\u00a0\u00bb][vc_column el_class=\u00a0\u00bbcontainer\u00a0\u00bb css=\u00a0\u00bb.vc_custom_1623145253927{padding-right: 17.5px !important;padding-left: 17.5px !important;}\u00a0\u00bb][vc_row_inner equal_height=\u00a0\u00bbyes\u00a0\u00bb gap=\u00a0\u00bb35&Prime; el_class=\u00a0\u00bbjustify-content-between\u00a0\u00bb][vc_column_inner css=\u00a0\u00bb.vc_custom_1623152524355{margin-bottom: 0px !important;padding-right: 0px !important;padding-left: 0px !important;}\u00a0\u00bb][\/vc_column_inner][\/vc_row_inner][\/vc_column][\/vc_row]<\/p>\n","protected":false},"author":2,"featured_media":10178,"parent":0,"menu_order":0,"comment_status":"closed","ping_status":"closed","template":"","meta":{"inline_featured_image":false,"footnotes":""},"class_list":["post-9342","page","type-page","status-publish","has-post-thumbnail","hentry","entry","has-media"],"acf":[],"yoast_head":"<!-- This site is optimized with the Yoast SEO plugin v24.9 - https:\/\/yoast.com\/wordpress\/plugins\/seo\/ -->\n<title>R\u00e9servation stage Onewheel \/ gyroroue Stage Gyroroue \u00e0 Amboise avec Freemove<\/title>\n<meta name=\"description\" content=\"Initiez-vous \u00e0 la gyroroue d\u00e8s 12 ans avec Freemove \u00e0 Amboise. Devenez autonome en seulement 3 s\u00e9ances de 30 minutes. R\u00e9servez votre stage et d\u00e9couvrez une nouvelle fa\u00e7on de vous d\u00e9placer !\" \/>\n<meta name=\"robots\" content=\"index, follow, max-snippet:-1, max-image-preview:large, max-video-preview:-1\" \/>\n<link rel=\"canonical\" href=\"https:\/\/freemove.fr\/fr\/reservation-stage-gyroroue\/\" \/>\n<meta property=\"og:locale\" content=\"fr_FR\" \/>\n<meta property=\"og:type\" content=\"article\" \/>\n<meta property=\"og:title\" content=\"R\u00e9servation stage Onewheel \/ gyroroue Stage Gyroroue \u00e0 Amboise avec Freemove\" \/>\n<meta property=\"og:description\" content=\"Initiez-vous \u00e0 la gyroroue d\u00e8s 12 ans avec Freemove \u00e0 Amboise. Devenez autonome en seulement 3 s\u00e9ances de 30 minutes. R\u00e9servez votre stage et d\u00e9couvrez une nouvelle fa\u00e7on de vous d\u00e9placer !\" \/>\n<meta property=\"og:url\" content=\"https:\/\/freemove.fr\/fr\/reservation-stage-gyroroue\/\" \/>\n<meta property=\"og:site_name\" content=\"Freemove la Glisse \u00c9lectrique pour tous\" \/>\n<meta property=\"article:modified_time\" content=\"2025-03-31T09:48:01+00:00\" \/>\n<meta property=\"og:image\" content=\"https:\/\/freemove.fr\/wp-content\/uploads\/2021\/10\/Bandeau-Mobilite\u0301-scaled.jpg\" \/>\n\t<meta property=\"og:image:width\" content=\"1920\" \/>\n\t<meta property=\"og:image:height\" content=\"777\" \/>\n\t<meta property=\"og:image:type\" content=\"image\/jpeg\" \/>\n<meta name=\"twitter:card\" content=\"summary_large_image\" \/>\n<meta name=\"twitter:label1\" content=\"Dur\u00e9e de lecture estim\u00e9e\" \/>\n\t<meta name=\"twitter:data1\" content=\"1 minute\" \/>\n<script type=\"application\/ld+json\" class=\"yoast-schema-graph\">{\"@context\":\"https:\/\/schema.org\",\"@graph\":[{\"@type\":\"WebPage\",\"@id\":\"https:\/\/freemove.fr\/fr\/reservation-stage-gyroroue\/\",\"url\":\"https:\/\/freemove.fr\/fr\/reservation-stage-gyroroue\/\",\"name\":\"R\u00e9servation stage Onewheel \/ gyroroue Stage Gyroroue \u00e0 Amboise avec Freemove\",\"isPartOf\":{\"@id\":\"https:\/\/freemove.fr\/en\/#website\"},\"primaryImageOfPage\":{\"@id\":\"https:\/\/freemove.fr\/fr\/reservation-stage-gyroroue\/#primaryimage\"},\"image\":{\"@id\":\"https:\/\/freemove.fr\/fr\/reservation-stage-gyroroue\/#primaryimage\"},\"thumbnailUrl\":\"https:\/\/freemove.fr\/wp-content\/uploads\/2021\/10\/Bandeau-Mobilite\u0301-scaled.jpg\",\"datePublished\":\"2021-09-27T09:49:40+00:00\",\"dateModified\":\"2025-03-31T09:48:01+00:00\",\"description\":\"Initiez-vous \u00e0 la gyroroue d\u00e8s 12 ans avec Freemove \u00e0 Amboise. Devenez autonome en seulement 3 s\u00e9ances de 30 minutes. R\u00e9servez votre stage et d\u00e9couvrez une nouvelle fa\u00e7on de vous d\u00e9placer !\",\"breadcrumb\":{\"@id\":\"https:\/\/freemove.fr\/fr\/reservation-stage-gyroroue\/#breadcrumb\"},\"inLanguage\":\"fr-FR\",\"potentialAction\":[{\"@type\":\"ReadAction\",\"target\":[\"https:\/\/freemove.fr\/fr\/reservation-stage-gyroroue\/\"]}]},{\"@type\":\"ImageObject\",\"inLanguage\":\"fr-FR\",\"@id\":\"https:\/\/freemove.fr\/fr\/reservation-stage-gyroroue\/#primaryimage\",\"url\":\"https:\/\/freemove.fr\/wp-content\/uploads\/2021\/10\/Bandeau-Mobilite\u0301-scaled.jpg\",\"contentUrl\":\"https:\/\/freemove.fr\/wp-content\/uploads\/2021\/10\/Bandeau-Mobilite\u0301-scaled.jpg\",\"width\":1920,\"height\":777},{\"@type\":\"BreadcrumbList\",\"@id\":\"https:\/\/freemove.fr\/fr\/reservation-stage-gyroroue\/#breadcrumb\",\"itemListElement\":[{\"@type\":\"ListItem\",\"position\":1,\"name\":\"Accueil\",\"item\":\"https:\/\/freemove.fr\/fr\/\"},{\"@type\":\"ListItem\",\"position\":2,\"name\":\"R\u00e9servation stage Onewheel \/ gyroroue\"}]},{\"@type\":\"WebSite\",\"@id\":\"https:\/\/freemove.fr\/en\/#website\",\"url\":\"https:\/\/freemove.fr\/en\/\",\"name\":\"Freemove la Glisse \u00c9lectrique pour tous\",\"description\":\"Onewheel - Visites guid\u00e9es en Segway \u00e0 Amboise\",\"publisher\":{\"@id\":\"https:\/\/freemove.fr\/en\/#organization\"},\"potentialAction\":[{\"@type\":\"SearchAction\",\"target\":{\"@type\":\"EntryPoint\",\"urlTemplate\":\"https:\/\/freemove.fr\/en\/?s={search_term_string}\"},\"query-input\":{\"@type\":\"PropertyValueSpecification\",\"valueRequired\":true,\"valueName\":\"search_term_string\"}}],\"inLanguage\":\"fr-FR\"},{\"@type\":\"Organization\",\"@id\":\"https:\/\/freemove.fr\/en\/#organization\",\"name\":\"Freemove\",\"url\":\"https:\/\/freemove.fr\/en\/\",\"logo\":{\"@type\":\"ImageObject\",\"inLanguage\":\"fr-FR\",\"@id\":\"https:\/\/freemove.fr\/en\/#\/schema\/logo\/image\/\",\"url\":\"https:\/\/freemove.fr\/wp-content\/uploads\/2021\/06\/footer_logotype-1.svg\",\"contentUrl\":\"https:\/\/freemove.fr\/wp-content\/uploads\/2021\/06\/footer_logotype-1.svg\",\"width\":163,\"height\":45,\"caption\":\"Freemove\"},\"image\":{\"@id\":\"https:\/\/freemove.fr\/en\/#\/schema\/logo\/image\/\"}}]}<\/script>\n<!-- \/ Yoast SEO plugin. -->","yoast_head_json":{"title":"R\u00e9servation stage Onewheel \/ gyroroue Stage Gyroroue \u00e0 Amboise avec Freemove","description":"Initiez-vous \u00e0 la gyroroue d\u00e8s 12 ans avec Freemove \u00e0 Amboise. Devenez autonome en seulement 3 s\u00e9ances de 30 minutes. R\u00e9servez votre stage et d\u00e9couvrez une nouvelle fa\u00e7on de vous d\u00e9placer !","robots":{"index":"index","follow":"follow","max-snippet":"max-snippet:-1","max-image-preview":"max-image-preview:large","max-video-preview":"max-video-preview:-1"},"canonical":"https:\/\/freemove.fr\/fr\/reservation-stage-gyroroue\/","og_locale":"fr_FR","og_type":"article","og_title":"R\u00e9servation stage Onewheel \/ gyroroue Stage Gyroroue \u00e0 Amboise avec Freemove","og_description":"Initiez-vous \u00e0 la gyroroue d\u00e8s 12 ans avec Freemove \u00e0 Amboise. Devenez autonome en seulement 3 s\u00e9ances de 30 minutes. R\u00e9servez votre stage et d\u00e9couvrez une nouvelle fa\u00e7on de vous d\u00e9placer !","og_url":"https:\/\/freemove.fr\/fr\/reservation-stage-gyroroue\/","og_site_name":"Freemove la Glisse \u00c9lectrique pour tous","article_modified_time":"2025-03-31T09:48:01+00:00","og_image":[{"width":1920,"height":777,"url":"https:\/\/freemove.fr\/wp-content\/uploads\/2021\/10\/Bandeau-Mobilite\u0301-scaled.jpg","type":"image\/jpeg"}],"twitter_card":"summary_large_image","twitter_misc":{"Dur\u00e9e de lecture estim\u00e9e":"1 minute"},"schema":{"@context":"https:\/\/schema.org","@graph":[{"@type":"WebPage","@id":"https:\/\/freemove.fr\/fr\/reservation-stage-gyroroue\/","url":"https:\/\/freemove.fr\/fr\/reservation-stage-gyroroue\/","name":"R\u00e9servation stage Onewheel \/ gyroroue Stage Gyroroue \u00e0 Amboise avec Freemove","isPartOf":{"@id":"https:\/\/freemove.fr\/en\/#website"},"primaryImageOfPage":{"@id":"https:\/\/freemove.fr\/fr\/reservation-stage-gyroroue\/#primaryimage"},"image":{"@id":"https:\/\/freemove.fr\/fr\/reservation-stage-gyroroue\/#primaryimage"},"thumbnailUrl":"https:\/\/freemove.fr\/wp-content\/uploads\/2021\/10\/Bandeau-Mobilite\u0301-scaled.jpg","datePublished":"2021-09-27T09:49:40+00:00","dateModified":"2025-03-31T09:48:01+00:00","description":"Initiez-vous \u00e0 la gyroroue d\u00e8s 12 ans avec Freemove \u00e0 Amboise. Devenez autonome en seulement 3 s\u00e9ances de 30 minutes. R\u00e9servez votre stage et d\u00e9couvrez une nouvelle fa\u00e7on de vous d\u00e9placer !","breadcrumb":{"@id":"https:\/\/freemove.fr\/fr\/reservation-stage-gyroroue\/#breadcrumb"},"inLanguage":"fr-FR","potentialAction":[{"@type":"ReadAction","target":["https:\/\/freemove.fr\/fr\/reservation-stage-gyroroue\/"]}]},{"@type":"ImageObject","inLanguage":"fr-FR","@id":"https:\/\/freemove.fr\/fr\/reservation-stage-gyroroue\/#primaryimage","url":"https:\/\/freemove.fr\/wp-content\/uploads\/2021\/10\/Bandeau-Mobilite\u0301-scaled.jpg","contentUrl":"https:\/\/freemove.fr\/wp-content\/uploads\/2021\/10\/Bandeau-Mobilite\u0301-scaled.jpg","width":1920,"height":777},{"@type":"BreadcrumbList","@id":"https:\/\/freemove.fr\/fr\/reservation-stage-gyroroue\/#breadcrumb","itemListElement":[{"@type":"ListItem","position":1,"name":"Accueil","item":"https:\/\/freemove.fr\/fr\/"},{"@type":"ListItem","position":2,"name":"R\u00e9servation stage Onewheel \/ gyroroue"}]},{"@type":"WebSite","@id":"https:\/\/freemove.fr\/en\/#website","url":"https:\/\/freemove.fr\/en\/","name":"Freemove la Glisse \u00c9lectrique pour tous","description":"Onewheel - Visites guid\u00e9es en Segway \u00e0 Amboise","publisher":{"@id":"https:\/\/freemove.fr\/en\/#organization"},"potentialAction":[{"@type":"SearchAction","target":{"@type":"EntryPoint","urlTemplate":"https:\/\/freemove.fr\/en\/?s={search_term_string}"},"query-input":{"@type":"PropertyValueSpecification","valueRequired":true,"valueName":"search_term_string"}}],"inLanguage":"fr-FR"},{"@type":"Organization","@id":"https:\/\/freemove.fr\/en\/#organization","name":"Freemove","url":"https:\/\/freemove.fr\/en\/","logo":{"@type":"ImageObject","inLanguage":"fr-FR","@id":"https:\/\/freemove.fr\/en\/#\/schema\/logo\/image\/","url":"https:\/\/freemove.fr\/wp-content\/uploads\/2021\/06\/footer_logotype-1.svg","contentUrl":"https:\/\/freemove.fr\/wp-content\/uploads\/2021\/06\/footer_logotype-1.svg","width":163,"height":45,"caption":"Freemove"},"image":{"@id":"https:\/\/freemove.fr\/en\/#\/schema\/logo\/image\/"}}]}},"_links":{"self":[{"href":"https:\/\/freemove.fr\/fr\/wp-json\/wp\/v2\/pages\/9342","targetHints":{"allow":["GET"]}}],"collection":[{"href":"https:\/\/freemove.fr\/fr\/wp-json\/wp\/v2\/pages"}],"about":[{"href":"https:\/\/freemove.fr\/fr\/wp-json\/wp\/v2\/types\/page"}],"author":[{"embeddable":true,"href":"https:\/\/freemove.fr\/fr\/wp-json\/wp\/v2\/users\/2"}],"replies":[{"embeddable":true,"href":"https:\/\/freemove.fr\/fr\/wp-json\/wp\/v2\/comments?post=9342"}],"version-history":[{"count":7,"href":"https:\/\/freemove.fr\/fr\/wp-json\/wp\/v2\/pages\/9342\/revisions"}],"predecessor-version":[{"id":13468,"href":"https:\/\/freemove.fr\/fr\/wp-json\/wp\/v2\/pages\/9342\/revisions\/13468"}],"wp:featuredmedia":[{"embeddable":true,"href":"https:\/\/freemove.fr\/fr\/wp-json\/wp\/v2\/media\/10178"}],"wp:attachment":[{"href":"https:\/\/freemove.fr\/fr\/wp-json\/wp\/v2\/media?parent=9342"}],"curies":[{"name":"wp","href":"https:\/\/api.w.org\/{rel}","templated":true}]}}