


























{"id":9322,"date":"2021-09-27T10:23:25","date_gmt":"2021-09-27T08:23:25","guid":{"rendered":"https:\/\/freemove.fr\/?page_id=9322"},"modified":"2021-11-30T17:00:20","modified_gmt":"2021-11-30T16:00:20","slug":"plan-du-site","status":"publish","type":"page","link":"https:\/\/freemove.fr\/fr\/plan-du-site\/","title":{"rendered":"Plan du site"},"content":{"rendered":"<div class=\"wpb-content-wrapper\">[vc_row][vc_column el_class=\u00a0\u00bbvc_column_container_wrap\u00a0\u00bb][vc_column_text]<div id=\"wp-realtime-sitemap-pages\"><h3>Pages<\/h3><ul><li class=\"page_item page-item-3356\"><a href=\"https:\/\/freemove.fr\/fr\/\">Accueil<\/a><\/li>\n<li class=\"page_item page-item-5014\"><a href=\"https:\/\/freemove.fr\/fr\/actualites\/\">Actualit\u00e9s<\/a><\/li>\n<li class=\"page_item page-item-12066\"><a href=\"https:\/\/freemove.fr\/fr\/avis\/\">avis<\/a><\/li>\n<li class=\"page_item page-item-5979\"><a href=\"https:\/\/freemove.fr\/fr\/boutique\/\">Boutique<\/a><\/li>\n<li class=\"page_item page-item-10165\"><a href=\"https:\/\/freemove.fr\/fr\/commande-enregistree\/\">COMMANDE ENREGISTR\u00c9E<\/a><\/li>\n<li class=\"page_item page-item-3748 page_item_has_children\"><a href=\"https:\/\/freemove.fr\/fr\/communication\/\">Communication<\/a><\/li>\n<li class=\"page_item page-item-5985\"><a href=\"https:\/\/freemove.fr\/fr\/conditions-generales-de-vente\/\">Conditions g\u00e9n\u00e9rales de vente<\/a><\/li>\n<li class=\"page_item page-item-11639\"><a href=\"https:\/\/freemove.fr\/fr\/confirmation-mailpoet\/\">Confirmation Mailpoet<\/a><\/li>\n<li class=\"page_item page-item-5961\"><a href=\"https:\/\/freemove.fr\/fr\/contact\/\">Contact<\/a><\/li>\n<li class=\"page_item page-item-3768 page_item_has_children\"><a href=\"https:\/\/freemove.fr\/fr\/freeride\/\">Freeride l&rsquo;\u00e9cole de roue \u00e9lectrique<\/a><\/li>\n<li class=\"page_item page-item-3712\"><a href=\"https:\/\/freemove.fr\/fr\/incentive\/\">incentive<\/a><\/li>\n<li class=\"page_item page-item-5955\"><a href=\"https:\/\/freemove.fr\/fr\/liste-de-souhaits\/\">Liste de souhaits<\/a><\/li>\n<li class=\"page_item page-item-2\"><a href=\"https:\/\/freemove.fr\/fr\/mentions-legales\/\">Mentions l\u00e9gales<\/a><\/li>\n<li class=\"page_item page-item-5981\"><a href=\"https:\/\/freemove.fr\/fr\/mon-compte\/\">Mon compte<\/a><\/li>\n<li class=\"page_item page-item-9322\"><a href=\"https:\/\/freemove.fr\/fr\/plan-du-site\/\">Plan du site<\/a><\/li>\n<li class=\"page_item page-item-3423\"><a href=\"https:\/\/freemove.fr\/fr\/promotion\/\">Promotion<\/a><\/li>\n<li class=\"page_item page-item-12340\"><a href=\"https:\/\/freemove.fr\/fr\/confirmation-balade-segway\/\">R\u00e9servation balade<\/a><\/li>\n<li class=\"page_item page-item-5990\"><a href=\"https:\/\/freemove.fr\/fr\/formulaire-reservation\/\">R\u00e9servation Segway balade visite<\/a><\/li>\n<li class=\"page_item page-item-9342\"><a href=\"https:\/\/freemove.fr\/fr\/reservation-stage-gyroroue\/\">R\u00e9servation stage Onewheel \/ gyroroue<\/a><\/li>\n<li class=\"page_item page-item-3585\"><a href=\"https:\/\/freemove.fr\/fr\/segway\/\">Segway<\/a><\/li>\n<li class=\"page_item page-item-7048\"><a href=\"https:\/\/freemove.fr\/fr\/onewheel\/\">Stage et initiation Onewheel<\/a><\/li>\n<li class=\"page_item page-item-6019\"><a href=\"https:\/\/freemove.fr\/fr\/tarifs-options-circuits\/\">Tarifs Options Circuits<\/a><\/li>\n<\/ul><\/div><div id=\"wp-realtime-sitemap-posts\"><h3>Posts<\/h3><ul><li><a href=\"https:\/\/freemove.fr\/fr\/2017\/12\/les-pneus-hoosier-pour-onewheel-en-exclusivite-chez-freemove\/\" title=\"Permalink to Les pneus Hoosier pour Onewheel en exclusivit\u00e9 chez Freemove\" rel=\"bookmark\">Les pneus Hoosier pour Onewheel en exclusivit\u00e9 chez Freemove<\/a><\/li><li><a href=\"https:\/\/freemove.fr\/fr\/2018\/01\/quel-pneu-pour-votre-onewheel\/\" title=\"Permalink to Quel pneu pour votre Onewheel ?\" rel=\"bookmark\">Quel pneu pour votre Onewheel ?<\/a><\/li><li><a href=\"https:\/\/freemove.fr\/fr\/2018\/01\/un-partenariat-gagnant-gagnant\/\" title=\"Permalink to Un partenariat Gagnant \/ Gagnant !\" rel=\"bookmark\">Un partenariat Gagnant \/ Gagnant !<\/a><\/li><li><a href=\"https:\/\/freemove.fr\/fr\/2018\/04\/10-ans-deja-merci-vous\/\" title=\"Permalink to 10 ANS D\u00c9J\u00c0 !!! MERCI \u00c0 VOUS !!!\" rel=\"bookmark\">10 ANS D\u00c9J\u00c0 !!! MERCI \u00c0 VOUS !!!<\/a><\/li><li><a href=\"https:\/\/freemove.fr\/fr\/2018\/05\/10-ans-de-glisse-gagnez-une-gotway-mcm4\/\" title=\"Permalink to 10 ANS DE GLISSE ! GAGNEZ UNE GOTWAY MCM4 !\" rel=\"bookmark\">10 ANS DE GLISSE ! GAGNEZ UNE GOTWAY MCM4 !<\/a><\/li><li><a href=\"https:\/\/freemove.fr\/fr\/2018\/06\/10-ans-de-glisse-gagnez-un-onewheel\/\" title=\"Permalink to 10 ANS DE GLISSE ! GAGNEZ UN ONEWHEEL+ !\" rel=\"bookmark\">10 ANS DE GLISSE ! GAGNEZ UN ONEWHEEL+ !<\/a><\/li><li><a href=\"https:\/\/freemove.fr\/fr\/2018\/10\/bichonnez-votre-onewheel\/\" title=\"Permalink to Bichonnez votre Onewheel !\" rel=\"bookmark\">Bichonnez votre Onewheel !<\/a><\/li><li><a href=\"https:\/\/freemove.fr\/fr\/2018\/11\/vendredi-noir-chez-freemove\/\" title=\"Permalink to VENDREDI NOIR CHEZ FREEMOVE\" rel=\"bookmark\">VENDREDI NOIR CHEZ FREEMOVE<\/a><\/li><li><a href=\"https:\/\/freemove.fr\/fr\/2019\/03\/mini-board-maxi-kiff\/\" title=\"Permalink to LE ONEWHEEL PINT : MINI-BOARD &#8211; MAXI-KIFF !!!\" rel=\"bookmark\">LE ONEWHEEL PINT : MINI-BOARD &#8211; MAXI-KIFF !!!<\/a><\/li><li><a href=\"https:\/\/freemove.fr\/fr\/2019\/05\/les-trottinettes-electriques-deboulent-chez-freemove\/\" title=\"Permalink to Les Trottinettes Electriques d\u00e9boulent chez Freemove !\" rel=\"bookmark\">Les Trottinettes Electriques d\u00e9boulent chez Freemove !<\/a><\/li><li><a href=\"https:\/\/freemove.fr\/fr\/2019\/09\/les-trottinettes-speedtrott-rx1000-et-rx2000-en-pre-commande\/\" title=\"Permalink to Les trottinettes SpeedTrott RX1000 et RX2000 en pr\u00e9-commande !\" rel=\"bookmark\">Les trottinettes SpeedTrott RX1000 et RX2000 en pr\u00e9-commande !<\/a><\/li><li><a href=\"https:\/\/freemove.fr\/fr\/2020\/05\/covid-19-et-maintenant\/\" title=\"Permalink to COVID-19 &#8211; ET MAINTENANT..?\" rel=\"bookmark\">COVID-19 &#8211; ET MAINTENANT..?<\/a><\/li><li><a href=\"https:\/\/freemove.fr\/fr\/2021\/10\/onewheel-gt-et-pint-x\/\" title=\"Permalink to ONEWHEEL GT ET PINT X !\" rel=\"bookmark\">ONEWHEEL GT ET PINT X !<\/a><\/li><li><a href=\"https:\/\/freemove.fr\/fr\/2021\/11\/un-nouveau-site\/\" title=\"Permalink to UN NOUVEAU SITE !\" rel=\"bookmark\">UN NOUVEAU SITE !<\/a><\/li><li><a href=\"https:\/\/freemove.fr\/fr\/2021\/12\/coup-de-balai-sur-2021\/\" title=\"Permalink to COUP DE BALAI SUR 2021 !\" rel=\"bookmark\">COUP DE BALAI SUR 2021 !<\/a><\/li><li><a href=\"https:\/\/freemove.fr\/fr\/2022\/04\/changez-vos-grip-onewheel-facilement\/\" title=\"Permalink to CHANGEZ VOS GRIP ONEWHEEL FACILEMENT !\" rel=\"bookmark\">CHANGEZ VOS GRIP ONEWHEEL FACILEMENT !<\/a><\/li><li><a href=\"https:\/\/freemove.fr\/fr\/2025\/03\/la-gamme-inmotion-est-disponible\/\" title=\"Permalink to LA GAMME INMOTION EST DISPONIBLE !\" rel=\"bookmark\">LA GAMME INMOTION EST DISPONIBLE !<\/a><\/li><li><a href=\"https:\/\/freemove.fr\/fr\/2026\/01\/saison-estivale-2025\/\" title=\"Permalink to NOS VISITES EN SEGWAY REPRENNENT D\u00c9BUT AVRIL !\" rel=\"bookmark\">NOS VISITES EN SEGWAY REPRENNENT D\u00c9BUT AVRIL !<\/a><\/li><\/ul><\/div>[\/vc_column_text][\/vc_column][\/vc_row]\n<\/div>","protected":false},"excerpt":{"rendered":"<p>[vc_row][vc_column el_class=\u00a0\u00bbvc_column_container_wrap\u00a0\u00bb][vc_column_text][\/vc_column_text][\/vc_column][\/vc_row]<\/p>\n","protected":false},"author":2,"featured_media":0,"parent":0,"menu_order":0,"comment_status":"closed","ping_status":"closed","template":"","meta":{"inline_featured_image":false,"footnotes":""},"class_list":["post-9322","page","type-page","status-publish","hentry","entry","has-media"],"acf":[],"yoast_head":"<!-- This site is optimized with the Yoast SEO plugin v24.9 - https:\/\/yoast.com\/wordpress\/plugins\/seo\/ -->\n<title>Plan du site<\/title>\n<meta name=\"robots\" content=\"index, follow, max-snippet:-1, max-image-preview:large, max-video-preview:-1\" \/>\n<link rel=\"canonical\" href=\"https:\/\/freemove.fr\/fr\/plan-du-site\/\" \/>\n<meta property=\"og:locale\" content=\"fr_FR\" \/>\n<meta property=\"og:type\" content=\"article\" \/>\n<meta property=\"og:title\" content=\"Plan du site\" \/>\n<meta property=\"og:description\" content=\"[vc_row][vc_column el_class=\u00a0\u00bbvc_column_container_wrap\u00a0\u00bb][vc_column_text][\/vc_column_text][\/vc_column][\/vc_row]\" \/>\n<meta property=\"og:url\" content=\"https:\/\/freemove.fr\/fr\/plan-du-site\/\" \/>\n<meta property=\"og:site_name\" content=\"Freemove la Glisse \u00c9lectrique pour tous\" \/>\n<meta property=\"article:modified_time\" content=\"2021-11-30T16:00:20+00:00\" \/>\n<meta name=\"twitter:card\" content=\"summary_large_image\" \/>\n<script type=\"application\/ld+json\" class=\"yoast-schema-graph\">{\"@context\":\"https:\/\/schema.org\",\"@graph\":[{\"@type\":\"WebPage\",\"@id\":\"https:\/\/freemove.fr\/fr\/plan-du-site\/\",\"url\":\"https:\/\/freemove.fr\/fr\/plan-du-site\/\",\"name\":\"Plan du site\",\"isPartOf\":{\"@id\":\"https:\/\/freemove.fr\/en\/#website\"},\"datePublished\":\"2021-09-27T08:23:25+00:00\",\"dateModified\":\"2021-11-30T16:00:20+00:00\",\"breadcrumb\":{\"@id\":\"https:\/\/freemove.fr\/fr\/plan-du-site\/#breadcrumb\"},\"inLanguage\":\"fr-FR\",\"potentialAction\":[{\"@type\":\"ReadAction\",\"target\":[\"https:\/\/freemove.fr\/fr\/plan-du-site\/\"]}]},{\"@type\":\"BreadcrumbList\",\"@id\":\"https:\/\/freemove.fr\/fr\/plan-du-site\/#breadcrumb\",\"itemListElement\":[{\"@type\":\"ListItem\",\"position\":1,\"name\":\"Accueil\",\"item\":\"https:\/\/freemove.fr\/fr\/\"},{\"@type\":\"ListItem\",\"position\":2,\"name\":\"Plan du site\"}]},{\"@type\":\"WebSite\",\"@id\":\"https:\/\/freemove.fr\/en\/#website\",\"url\":\"https:\/\/freemove.fr\/en\/\",\"name\":\"Freemove la Glisse \u00c9lectrique pour tous\",\"description\":\"Onewheel - Visites guid\u00e9es en Segway \u00e0 Amboise\",\"publisher\":{\"@id\":\"https:\/\/freemove.fr\/en\/#organization\"},\"potentialAction\":[{\"@type\":\"SearchAction\",\"target\":{\"@type\":\"EntryPoint\",\"urlTemplate\":\"https:\/\/freemove.fr\/en\/?s={search_term_string}\"},\"query-input\":{\"@type\":\"PropertyValueSpecification\",\"valueRequired\":true,\"valueName\":\"search_term_string\"}}],\"inLanguage\":\"fr-FR\"},{\"@type\":\"Organization\",\"@id\":\"https:\/\/freemove.fr\/en\/#organization\",\"name\":\"Freemove\",\"url\":\"https:\/\/freemove.fr\/en\/\",\"logo\":{\"@type\":\"ImageObject\",\"inLanguage\":\"fr-FR\",\"@id\":\"https:\/\/freemove.fr\/en\/#\/schema\/logo\/image\/\",\"url\":\"https:\/\/freemove.fr\/wp-content\/uploads\/2021\/06\/footer_logotype-1.svg\",\"contentUrl\":\"https:\/\/freemove.fr\/wp-content\/uploads\/2021\/06\/footer_logotype-1.svg\",\"width\":163,\"height\":45,\"caption\":\"Freemove\"},\"image\":{\"@id\":\"https:\/\/freemove.fr\/en\/#\/schema\/logo\/image\/\"}}]}<\/script>\n<!-- \/ Yoast SEO plugin. -->","yoast_head_json":{"title":"Plan du site","robots":{"index":"index","follow":"follow","max-snippet":"max-snippet:-1","max-image-preview":"max-image-preview:large","max-video-preview":"max-video-preview:-1"},"canonical":"https:\/\/freemove.fr\/fr\/plan-du-site\/","og_locale":"fr_FR","og_type":"article","og_title":"Plan du site","og_description":"[vc_row][vc_column el_class=\u00a0\u00bbvc_column_container_wrap\u00a0\u00bb][vc_column_text][\/vc_column_text][\/vc_column][\/vc_row]","og_url":"https:\/\/freemove.fr\/fr\/plan-du-site\/","og_site_name":"Freemove la Glisse \u00c9lectrique pour tous","article_modified_time":"2021-11-30T16:00:20+00:00","twitter_card":"summary_large_image","schema":{"@context":"https:\/\/schema.org","@graph":[{"@type":"WebPage","@id":"https:\/\/freemove.fr\/fr\/plan-du-site\/","url":"https:\/\/freemove.fr\/fr\/plan-du-site\/","name":"Plan du site","isPartOf":{"@id":"https:\/\/freemove.fr\/en\/#website"},"datePublished":"2021-09-27T08:23:25+00:00","dateModified":"2021-11-30T16:00:20+00:00","breadcrumb":{"@id":"https:\/\/freemove.fr\/fr\/plan-du-site\/#breadcrumb"},"inLanguage":"fr-FR","potentialAction":[{"@type":"ReadAction","target":["https:\/\/freemove.fr\/fr\/plan-du-site\/"]}]},{"@type":"BreadcrumbList","@id":"https:\/\/freemove.fr\/fr\/plan-du-site\/#breadcrumb","itemListElement":[{"@type":"ListItem","position":1,"name":"Accueil","item":"https:\/\/freemove.fr\/fr\/"},{"@type":"ListItem","position":2,"name":"Plan du site"}]},{"@type":"WebSite","@id":"https:\/\/freemove.fr\/en\/#website","url":"https:\/\/freemove.fr\/en\/","name":"Freemove la Glisse \u00c9lectrique pour tous","description":"Onewheel - Visites guid\u00e9es en Segway \u00e0 Amboise","publisher":{"@id":"https:\/\/freemove.fr\/en\/#organization"},"potentialAction":[{"@type":"SearchAction","target":{"@type":"EntryPoint","urlTemplate":"https:\/\/freemove.fr\/en\/?s={search_term_string}"},"query-input":{"@type":"PropertyValueSpecification","valueRequired":true,"valueName":"search_term_string"}}],"inLanguage":"fr-FR"},{"@type":"Organization","@id":"https:\/\/freemove.fr\/en\/#organization","name":"Freemove","url":"https:\/\/freemove.fr\/en\/","logo":{"@type":"ImageObject","inLanguage":"fr-FR","@id":"https:\/\/freemove.fr\/en\/#\/schema\/logo\/image\/","url":"https:\/\/freemove.fr\/wp-content\/uploads\/2021\/06\/footer_logotype-1.svg","contentUrl":"https:\/\/freemove.fr\/wp-content\/uploads\/2021\/06\/footer_logotype-1.svg","width":163,"height":45,"caption":"Freemove"},"image":{"@id":"https:\/\/freemove.fr\/en\/#\/schema\/logo\/image\/"}}]}},"_links":{"self":[{"href":"https:\/\/freemove.fr\/fr\/wp-json\/wp\/v2\/pages\/9322","targetHints":{"allow":["GET"]}}],"collection":[{"href":"https:\/\/freemove.fr\/fr\/wp-json\/wp\/v2\/pages"}],"about":[{"href":"https:\/\/freemove.fr\/fr\/wp-json\/wp\/v2\/types\/page"}],"author":[{"embeddable":true,"href":"https:\/\/freemove.fr\/fr\/wp-json\/wp\/v2\/users\/2"}],"replies":[{"embeddable":true,"href":"https:\/\/freemove.fr\/fr\/wp-json\/wp\/v2\/comments?post=9322"}],"version-history":[{"count":3,"href":"https:\/\/freemove.fr\/fr\/wp-json\/wp\/v2\/pages\/9322\/revisions"}],"predecessor-version":[{"id":10159,"href":"https:\/\/freemove.fr\/fr\/wp-json\/wp\/v2\/pages\/9322\/revisions\/10159"}],"wp:attachment":[{"href":"https:\/\/freemove.fr\/fr\/wp-json\/wp\/v2\/media?parent=9322"}],"curies":[{"name":"wp","href":"https:\/\/api.w.org\/{rel}","templated":true}]}}