


























{"id":5977,"date":"2021-06-20T17:04:04","date_gmt":"2021-06-20T15:04:04","guid":{"rendered":"https:\/\/freemove.fr\/?page_id=5977"},"modified":"2025-03-31T14:55:10","modified_gmt":"2025-03-31T12:55:10","slug":"panier","status":"publish","type":"page","link":"https:\/\/freemove.fr\/fr\/panier\/","title":{"rendered":"Panier"},"content":{"rendered":"<div class=\"wpb-content-wrapper\">[vc_row css=\u00a0\u00bb.vc_custom_1623232101460{padding-top: 95px !important;padding-bottom: 115px !important;background-color: #ffffff !important;}\u00a0\u00bb el_class=\u00a0\u00bbpadding_uniform\u00a0\u00bb][vc_column el_class=\u00a0\u00bbcontainer\u00a0\u00bb css=\u00a0\u00bb.vc_custom_1623145253927{padding-right: 17.5px !important;padding-left: 17.5px !important;}\u00a0\u00bb][vc_row_inner equal_height=\u00a0\u00bbyes\u00a0\u00bb gap=\u00a0\u00bb35&Prime; el_class=\u00a0\u00bbjustify-content-between\u00a0\u00bb][vc_column_inner css=\u00a0\u00bb.vc_custom_1623152524355{margin-bottom: 0px !important;padding-right: 0px !important;padding-left: 0px !important;}\u00a0\u00bb]<style>.vcex-heading.vcex_69ec93f661a7c{color:#000000;font-size:20px;font-family:Montserrat;font-weight:800;text-transform:uppercase;letter-spacing:2px;}<\/style><h2 class=\"vcex-heading vcex-heading-plain vcex-module wpex-heading wpex-text-2xl wpex-mb-15 vcex_69ec93f661a7c\"><span class=\"vcex-heading-inner wpex-inline-block\">Votre panier<\/span><\/h2><div class=\"vcex-module vcex-divider vcex-divider-solid vcex-divider-center wpex-mx-auto wpex-max-w-100 wpex-block wpex-h-0 wpex-border-b wpex-border-solid wpex-border-main\" style=\"width:100%;margin-block-end:5px;border-bottom-width:2px;border-color:#000000;\"><\/div>[\/vc_column_inner][vc_column_inner css=\u00a0\u00bb.vc_custom_1624205687041{padding-right: 0px !important;padding-left: 0px !important;}\u00a0\u00bb]<div class=\"vcex-shortcode wpex-clr\"><\/div>[\/vc_column_inner][\/vc_row_inner][\/vc_column][\/vc_row]\n<\/div>","protected":false},"excerpt":{"rendered":"<p>[vc_row css=\u00a0\u00bb.vc_custom_1623232101460{padding-top: 95px !important;padding-bottom: 115px !important;background-color: #ffffff !important;}\u00a0\u00bb el_class=\u00a0\u00bbpadding_uniform\u00a0\u00bb][vc_column el_class=\u00a0\u00bbcontainer\u00a0\u00bb css=\u00a0\u00bb.vc_custom_1623145253927{padding-right: 17.5px !important;padding-left: 17.5px !important;}\u00a0\u00bb][vc_row_inner equal_height=\u00a0\u00bbyes\u00a0\u00bb gap=\u00a0\u00bb35&Prime; el_class=\u00a0\u00bbjustify-content-between\u00a0\u00bb][vc_column_inner css=\u00a0\u00bb.vc_custom_1623152524355{margin-bottom: 0px !important;padding-right: 0px !important;padding-left: 0px !important;}\u00a0\u00bb][\/vc_column_inner][vc_column_inner css=\u00a0\u00bb.vc_custom_1624205687041{padding-right: 0px !important;padding-left: 0px !important;}\u00a0\u00bb][\/vc_column_inner][\/vc_row_inner][\/vc_column][\/vc_row]<\/p>\n","protected":false},"author":2,"featured_media":9365,"parent":0,"menu_order":0,"comment_status":"closed","ping_status":"closed","template":"","meta":{"inline_featured_image":false,"footnotes":""},"class_list":["post-5977","page","type-page","status-publish","has-post-thumbnail","hentry","entry","has-media"],"acf":[],"yoast_head":"<!-- This site is optimized with the Yoast SEO plugin v24.9 - https:\/\/yoast.com\/wordpress\/plugins\/seo\/ -->\n<title>Panier<\/title>\n<meta name=\"robots\" content=\"index, follow, max-snippet:-1, max-image-preview:large, max-video-preview:-1\" \/>\n<link rel=\"canonical\" href=\"https:\/\/freemove.fr\/fr\/panier\/\" \/>\n<meta property=\"og:locale\" content=\"fr_FR\" \/>\n<meta property=\"og:type\" content=\"article\" \/>\n<meta property=\"og:title\" content=\"Panier\" \/>\n<meta property=\"og:description\" content=\"[vc_row css=\u00a0\u00bb.vc_custom_1623232101460{padding-top: 95px !important;padding-bottom: 115px !important;background-color: #ffffff !important;}\u00a0\u00bb el_class=\u00a0\u00bbpadding_uniform\u00a0\u00bb][vc_column el_class=\u00a0\u00bbcontainer\u00a0\u00bb css=\u00a0\u00bb.vc_custom_1623145253927{padding-right: 17.5px !important;padding-left: 17.5px !important;}\u00a0\u00bb][vc_row_inner equal_height=\u00a0\u00bbyes\u00a0\u00bb gap=\u00a0\u00bb35&Prime; el_class=\u00a0\u00bbjustify-content-between\u00a0\u00bb][vc_column_inner css=\u00a0\u00bb.vc_custom_1623152524355{margin-bottom: 0px !important;padding-right: 0px !important;padding-left: 0px !important;}\u00a0\u00bb][\/vc_column_inner][vc_column_inner css=\u00a0\u00bb.vc_custom_1624205687041{padding-right: 0px !important;padding-left: 0px !important;}\u00a0\u00bb][\/vc_column_inner][\/vc_row_inner][\/vc_column][\/vc_row]\" \/>\n<meta property=\"og:url\" content=\"https:\/\/freemove.fr\/fr\/panier\/\" \/>\n<meta property=\"og:site_name\" content=\"Freemove la Glisse \u00c9lectrique pour tous\" \/>\n<meta property=\"article:modified_time\" content=\"2025-03-31T12:55:10+00:00\" \/>\n<meta property=\"og:image\" content=\"https:\/\/freemove.fr\/wp-content\/uploads\/2021\/09\/OnewheelXR-Freemove-scaled.jpg\" \/>\n\t<meta property=\"og:image:width\" content=\"1920\" \/>\n\t<meta property=\"og:image:height\" content=\"723\" \/>\n\t<meta property=\"og:image:type\" content=\"image\/jpeg\" \/>\n<meta name=\"twitter:card\" content=\"summary_large_image\" \/>\n<meta name=\"twitter:label1\" content=\"Dur\u00e9e de lecture estim\u00e9e\" \/>\n\t<meta name=\"twitter:data1\" content=\"1 minute\" \/>\n<script type=\"application\/ld+json\" class=\"yoast-schema-graph\">{\"@context\":\"https:\/\/schema.org\",\"@graph\":[{\"@type\":\"WebPage\",\"@id\":\"https:\/\/freemove.fr\/fr\/panier\/\",\"url\":\"https:\/\/freemove.fr\/fr\/panier\/\",\"name\":\"Panier\",\"isPartOf\":{\"@id\":\"https:\/\/freemove.fr\/en\/#website\"},\"primaryImageOfPage\":{\"@id\":\"https:\/\/freemove.fr\/fr\/panier\/#primaryimage\"},\"image\":{\"@id\":\"https:\/\/freemove.fr\/fr\/panier\/#primaryimage\"},\"thumbnailUrl\":\"https:\/\/freemove.fr\/wp-content\/uploads\/2021\/09\/OnewheelXR-Freemove-scaled.jpg\",\"datePublished\":\"2021-06-20T15:04:04+00:00\",\"dateModified\":\"2025-03-31T12:55:10+00:00\",\"breadcrumb\":{\"@id\":\"https:\/\/freemove.fr\/fr\/panier\/#breadcrumb\"},\"inLanguage\":\"fr-FR\",\"potentialAction\":[{\"@type\":\"ReadAction\",\"target\":[\"https:\/\/freemove.fr\/fr\/panier\/\"]}]},{\"@type\":\"ImageObject\",\"inLanguage\":\"fr-FR\",\"@id\":\"https:\/\/freemove.fr\/fr\/panier\/#primaryimage\",\"url\":\"https:\/\/freemove.fr\/wp-content\/uploads\/2021\/09\/OnewheelXR-Freemove-scaled.jpg\",\"contentUrl\":\"https:\/\/freemove.fr\/wp-content\/uploads\/2021\/09\/OnewheelXR-Freemove-scaled.jpg\",\"width\":1920,\"height\":723},{\"@type\":\"BreadcrumbList\",\"@id\":\"https:\/\/freemove.fr\/fr\/panier\/#breadcrumb\",\"itemListElement\":[{\"@type\":\"ListItem\",\"position\":1,\"name\":\"Accueil\",\"item\":\"https:\/\/freemove.fr\/fr\/\"},{\"@type\":\"ListItem\",\"position\":2,\"name\":\"Panier\"}]},{\"@type\":\"WebSite\",\"@id\":\"https:\/\/freemove.fr\/en\/#website\",\"url\":\"https:\/\/freemove.fr\/en\/\",\"name\":\"Freemove la Glisse \u00c9lectrique pour tous\",\"description\":\"Onewheel - Visites guid\u00e9es en Segway \u00e0 Amboise\",\"publisher\":{\"@id\":\"https:\/\/freemove.fr\/en\/#organization\"},\"potentialAction\":[{\"@type\":\"SearchAction\",\"target\":{\"@type\":\"EntryPoint\",\"urlTemplate\":\"https:\/\/freemove.fr\/en\/?s={search_term_string}\"},\"query-input\":{\"@type\":\"PropertyValueSpecification\",\"valueRequired\":true,\"valueName\":\"search_term_string\"}}],\"inLanguage\":\"fr-FR\"},{\"@type\":\"Organization\",\"@id\":\"https:\/\/freemove.fr\/en\/#organization\",\"name\":\"Freemove\",\"url\":\"https:\/\/freemove.fr\/en\/\",\"logo\":{\"@type\":\"ImageObject\",\"inLanguage\":\"fr-FR\",\"@id\":\"https:\/\/freemove.fr\/en\/#\/schema\/logo\/image\/\",\"url\":\"https:\/\/freemove.fr\/wp-content\/uploads\/2021\/06\/footer_logotype-1.svg\",\"contentUrl\":\"https:\/\/freemove.fr\/wp-content\/uploads\/2021\/06\/footer_logotype-1.svg\",\"width\":163,\"height\":45,\"caption\":\"Freemove\"},\"image\":{\"@id\":\"https:\/\/freemove.fr\/en\/#\/schema\/logo\/image\/\"}}]}<\/script>\n<!-- \/ Yoast SEO plugin. -->","yoast_head_json":{"title":"Panier","robots":{"index":"index","follow":"follow","max-snippet":"max-snippet:-1","max-image-preview":"max-image-preview:large","max-video-preview":"max-video-preview:-1"},"canonical":"https:\/\/freemove.fr\/fr\/panier\/","og_locale":"fr_FR","og_type":"article","og_title":"Panier","og_description":"[vc_row css=\u00a0\u00bb.vc_custom_1623232101460{padding-top: 95px !important;padding-bottom: 115px !important;background-color: #ffffff !important;}\u00a0\u00bb el_class=\u00a0\u00bbpadding_uniform\u00a0\u00bb][vc_column el_class=\u00a0\u00bbcontainer\u00a0\u00bb css=\u00a0\u00bb.vc_custom_1623145253927{padding-right: 17.5px !important;padding-left: 17.5px !important;}\u00a0\u00bb][vc_row_inner equal_height=\u00a0\u00bbyes\u00a0\u00bb gap=\u00a0\u00bb35&Prime; el_class=\u00a0\u00bbjustify-content-between\u00a0\u00bb][vc_column_inner css=\u00a0\u00bb.vc_custom_1623152524355{margin-bottom: 0px !important;padding-right: 0px !important;padding-left: 0px !important;}\u00a0\u00bb][\/vc_column_inner][vc_column_inner css=\u00a0\u00bb.vc_custom_1624205687041{padding-right: 0px !important;padding-left: 0px !important;}\u00a0\u00bb][\/vc_column_inner][\/vc_row_inner][\/vc_column][\/vc_row]","og_url":"https:\/\/freemove.fr\/fr\/panier\/","og_site_name":"Freemove la Glisse \u00c9lectrique pour tous","article_modified_time":"2025-03-31T12:55:10+00:00","og_image":[{"width":1920,"height":723,"url":"https:\/\/freemove.fr\/wp-content\/uploads\/2021\/09\/OnewheelXR-Freemove-scaled.jpg","type":"image\/jpeg"}],"twitter_card":"summary_large_image","twitter_misc":{"Dur\u00e9e de lecture estim\u00e9e":"1 minute"},"schema":{"@context":"https:\/\/schema.org","@graph":[{"@type":"WebPage","@id":"https:\/\/freemove.fr\/fr\/panier\/","url":"https:\/\/freemove.fr\/fr\/panier\/","name":"Panier","isPartOf":{"@id":"https:\/\/freemove.fr\/en\/#website"},"primaryImageOfPage":{"@id":"https:\/\/freemove.fr\/fr\/panier\/#primaryimage"},"image":{"@id":"https:\/\/freemove.fr\/fr\/panier\/#primaryimage"},"thumbnailUrl":"https:\/\/freemove.fr\/wp-content\/uploads\/2021\/09\/OnewheelXR-Freemove-scaled.jpg","datePublished":"2021-06-20T15:04:04+00:00","dateModified":"2025-03-31T12:55:10+00:00","breadcrumb":{"@id":"https:\/\/freemove.fr\/fr\/panier\/#breadcrumb"},"inLanguage":"fr-FR","potentialAction":[{"@type":"ReadAction","target":["https:\/\/freemove.fr\/fr\/panier\/"]}]},{"@type":"ImageObject","inLanguage":"fr-FR","@id":"https:\/\/freemove.fr\/fr\/panier\/#primaryimage","url":"https:\/\/freemove.fr\/wp-content\/uploads\/2021\/09\/OnewheelXR-Freemove-scaled.jpg","contentUrl":"https:\/\/freemove.fr\/wp-content\/uploads\/2021\/09\/OnewheelXR-Freemove-scaled.jpg","width":1920,"height":723},{"@type":"BreadcrumbList","@id":"https:\/\/freemove.fr\/fr\/panier\/#breadcrumb","itemListElement":[{"@type":"ListItem","position":1,"name":"Accueil","item":"https:\/\/freemove.fr\/fr\/"},{"@type":"ListItem","position":2,"name":"Panier"}]},{"@type":"WebSite","@id":"https:\/\/freemove.fr\/en\/#website","url":"https:\/\/freemove.fr\/en\/","name":"Freemove la Glisse \u00c9lectrique pour tous","description":"Onewheel - Visites guid\u00e9es en Segway \u00e0 Amboise","publisher":{"@id":"https:\/\/freemove.fr\/en\/#organization"},"potentialAction":[{"@type":"SearchAction","target":{"@type":"EntryPoint","urlTemplate":"https:\/\/freemove.fr\/en\/?s={search_term_string}"},"query-input":{"@type":"PropertyValueSpecification","valueRequired":true,"valueName":"search_term_string"}}],"inLanguage":"fr-FR"},{"@type":"Organization","@id":"https:\/\/freemove.fr\/en\/#organization","name":"Freemove","url":"https:\/\/freemove.fr\/en\/","logo":{"@type":"ImageObject","inLanguage":"fr-FR","@id":"https:\/\/freemove.fr\/en\/#\/schema\/logo\/image\/","url":"https:\/\/freemove.fr\/wp-content\/uploads\/2021\/06\/footer_logotype-1.svg","contentUrl":"https:\/\/freemove.fr\/wp-content\/uploads\/2021\/06\/footer_logotype-1.svg","width":163,"height":45,"caption":"Freemove"},"image":{"@id":"https:\/\/freemove.fr\/en\/#\/schema\/logo\/image\/"}}]}},"_links":{"self":[{"href":"https:\/\/freemove.fr\/fr\/wp-json\/wp\/v2\/pages\/5977","targetHints":{"allow":["GET"]}}],"collection":[{"href":"https:\/\/freemove.fr\/fr\/wp-json\/wp\/v2\/pages"}],"about":[{"href":"https:\/\/freemove.fr\/fr\/wp-json\/wp\/v2\/types\/page"}],"author":[{"embeddable":true,"href":"https:\/\/freemove.fr\/fr\/wp-json\/wp\/v2\/users\/2"}],"replies":[{"embeddable":true,"href":"https:\/\/freemove.fr\/fr\/wp-json\/wp\/v2\/comments?post=5977"}],"version-history":[{"count":3,"href":"https:\/\/freemove.fr\/fr\/wp-json\/wp\/v2\/pages\/5977\/revisions"}],"predecessor-version":[{"id":6004,"href":"https:\/\/freemove.fr\/fr\/wp-json\/wp\/v2\/pages\/5977\/revisions\/6004"}],"wp:featuredmedia":[{"embeddable":true,"href":"https:\/\/freemove.fr\/fr\/wp-json\/wp\/v2\/media\/9365"}],"wp:attachment":[{"href":"https:\/\/freemove.fr\/fr\/wp-json\/wp\/v2\/media?parent=5977"}],"curies":[{"name":"wp","href":"https:\/\/api.w.org\/{rel}","templated":true}]}}