


























{"id":5961,"date":"2021-06-20T07:13:18","date_gmt":"2021-06-20T05:13:18","guid":{"rendered":"https:\/\/freemove.fr\/?page_id=5961"},"modified":"2023-08-09T12:33:41","modified_gmt":"2023-08-09T10:33:41","slug":"contact","status":"publish","type":"page","link":"https:\/\/freemove.fr\/fr\/contact\/","title":{"rendered":"Contact"},"content":{"rendered":"<div class=\"wpb-content-wrapper\">[vc_row css=\u00a0\u00bb.vc_custom_1632923232020{margin-bottom: 0px !important;padding-bottom: 0px !important;background-image: url(https:\/\/freemove.fr\/wp-content\/uploads\/2021\/09\/Boutique-Freemove-Amboise-scaled.jpg?id=9405) !important;background-position: center !important;background-repeat: no-repeat !important;background-size: cover !important;}\u00a0\u00bb el_class=\u00a0\u00bbbanner_post\u00a0\u00bb][vc_column el_class=\u00a0\u00bbcontainer banner_pad\u00a0\u00bb css=\u00a0\u00bb.vc_custom_1623700010452{margin-bottom: 0px !important;padding-top: 310px !important;padding-bottom: 216px !important;background-position: center !important;background-repeat: no-repeat !important;background-size: cover !important;}\u00a0\u00bb][vc_row_inner css=\u00a0\u00bb.vc_custom_1623491903936{margin-bottom: 0px !important;}\u00a0\u00bb][vc_column_inner css=\u00a0\u00bb.vc_custom_1623413500349{margin-bottom: 0px !important;padding-right: 0px !important;padding-left: 0px !important;}\u00a0\u00bb]<style>.vcex-heading.vcex_69d179babff1d{color:#ffffff;font-family:Montserrat;font-weight:800;text-transform:uppercase;line-height:1.05;letter-spacing:4px;}<\/style><h2 class=\"vcex-heading vcex-heading-plain vcex-module wpex-heading wpex-text-2xl wpex-text-center vcex_69d179babff1d\"><span class=\"vcex-heading-inner wpex-block\"><span class=\"wpex-responsive-txt\" data-max-font-size=\"40\" data-data-min-font-size=\"30\">Contactez nous<\/span><\/span><\/h2><style>.vcex-heading.vcex_69d179bac2862{color:#ffffff;font-size:26px;font-family:Montserrat;font-weight:400;text-transform:uppercase;line-height:1.61538;letter-spacing:0px;}@media (max-width:1024px){.vcex-heading.vcex_69d179bac2862{font-size:24px;}}@media (max-width:959px){.vcex-heading.vcex_69d179bac2862{font-size:22px;}}@media (max-width:767px){.vcex-heading.vcex_69d179bac2862{font-size:20px;}}@media (max-width:479px){.vcex-heading.vcex_69d179bac2862{font-size:18px;}}<\/style><h1 class=\"vcex-heading vcex-heading-plain vcex-module wpex-heading wpex-text-2xl wpex-text-center vc_custom_1629270088953 vcex_69d179bac2862\"><span class=\"vcex-heading-inner wpex-inline-block\">Freemove votre partenaire micro-mobilit\u00e9 \u00e9lectrique en Touraine<\/span><\/h1>[\/vc_column_inner][\/vc_row_inner][\/vc_column][\/vc_row][vc_row css=\u00a0\u00bb.vc_custom_1623491181655{margin-bottom: 0px !important;padding-top: 120px !important;padding-bottom: 100px !important;}\u00a0\u00bb el_class=\u00a0\u00bbpadding_uniform\u00a0\u00bb][vc_column el_class=\u00a0\u00bbcontainer\u00a0\u00bb css=\u00a0\u00bb.vc_custom_1623604592676{margin-bottom: 0px !important;padding-right: 17.5px !important;padding-bottom: 0px !important;padding-left: 17.5px !important;}\u00a0\u00bb][vc_row_inner gap=\u00a0\u00bb15&Prime; css=\u00a0\u00bb.vc_custom_1623604600660{margin-bottom: 0px !important;border-bottom-width: 0px !important;padding-right: 0px !important;padding-left: 0px !important;}\u00a0\u00bb el_class=\u00a0\u00bbjustify-content-between\u00a0\u00bb][vc_column_inner el_class=\u00a0\u00bbpad_15_mob\u00a0\u00bb width=\u00a0\u00bb1\/2&Prime; css=\u00a0\u00bb.vc_custom_1623491300463{margin-bottom: 0px !important;padding-top: 20px !important;padding-bottom: 20px !important;padding-left: 0px !important;}\u00a0\u00bb offset=\u00a0\u00bbvc_col-md-6&Prime;][vc_column_text]<b>Freemove est votre partenaire privil\u00e9gi\u00e9 en Touraine pour des visites guid\u00e9es en gyropodes Segway, des initiations, locations et ventes de Onewheel, Gyroroue et Trottinettes \u00e9lectriques. Professionnels ou particuliers, nous restons \u00e0 votre \u00e9coute !<\/b><\/p>\n<p>Entrez dans le monde de la glisse \u00e9lectrique avec Freemove. Nous sommes \u00e0 votre service et nous vous accompagnons pour r\u00e9aliser ensemble toutes vos envies et projets ![\/vc_column_text][\/vc_column_inner][vc_column_inner el_class=\u00a0\u00bbpadding_15_mob\u00a0\u00bb width=\u00a0\u00bb1\/2&Prime; css=\u00a0\u00bb.vc_custom_1623491678887{margin-bottom: 0px !important;padding-top: 20px !important;padding-right: 20px !important;padding-bottom: 20px !important;padding-left: 20px !important;background-color: #ffffff !important;}\u00a0\u00bb offset=\u00a0\u00bbvc_col-lg-5 vc_col-md-5&Prime;]<style>.vcex-heading.vcex_69d179bac30f2{color:#000000;font-size:20px;font-family:Montserrat;font-weight:800;text-transform:uppercase;letter-spacing:2px;}@media (max-width:1024px){.vcex-heading.vcex_69d179bac30f2{font-size:18px;}}@media (max-width:959px){.vcex-heading.vcex_69d179bac30f2{font-size:18px;}}@media (max-width:767px){.vcex-heading.vcex_69d179bac30f2{font-size:18px;}}@media (max-width:479px){.vcex-heading.vcex_69d179bac30f2{font-size:16px;}}<\/style><h2 class=\"vcex-heading vcex-heading-plain vcex-module wpex-heading wpex-text-2xl wpex-mb-40 vcex_69d179bac30f2\"><span class=\"vcex-heading-inner wpex-inline-block\">Nos coordonn\u00e9es<\/span><\/h2>[vc_column_text]\n<div>\n<div class=\"cke_editable encadre clearfix\">\n<div class=\"wpb_text_column wpb_content_element \">\n<div class=\"wpb_wrapper\">\n<div id=\"node-aside\" class=\"\">\n<div class=\"cke_editable encadre clearfix\">\n<p><strong>SARL FREEMOVE\u00a0<\/strong>(adresse postale)<br \/>\n6, Les Sablons<br \/>\n37150 La Croix en Touraine<\/p>\n<p>T\u00e9l : 02 47 30 95 35<br \/>\nE-mail :\u00a0contact@freemove.fr<\/p>\n<\/div>\n<\/div>\n<\/div>\n<\/div>\n<\/div>\n<\/div>\n[\/vc_column_text][\/vc_column_inner][\/vc_row_inner][\/vc_column][\/vc_row][vc_row css=\u00a0\u00bb.vc_custom_1623232101460{padding-top: 95px !important;padding-bottom: 115px !important;background-color: #ffffff !important;}\u00a0\u00bb el_class=\u00a0\u00bbpadding_uniform\u00a0\u00bb][vc_column el_class=\u00a0\u00bbcontainer\u00a0\u00bb css=\u00a0\u00bb.vc_custom_1623145253927{padding-right: 17.5px !important;padding-left: 17.5px !important;}\u00a0\u00bb][vc_row_inner equal_height=\u00a0\u00bbyes\u00a0\u00bb gap=\u00a0\u00bb35&Prime; el_class=\u00a0\u00bbjustify-content-between\u00a0\u00bb][vc_column_inner css=\u00a0\u00bb.vc_custom_1623152524355{margin-bottom: 0px !important;padding-right: 0px !important;padding-left: 0px !important;}\u00a0\u00bb]<style>.vcex-heading.vcex_69d179bac38be{color:#000000;font-size:20px;font-family:Montserrat;font-weight:800;text-transform:uppercase;letter-spacing:2px;}<\/style><h2 class=\"vcex-heading vcex-heading-plain vcex-module wpex-heading wpex-text-2xl wpex-mb-15 vcex_69d179bac38be\"><span class=\"vcex-heading-inner wpex-inline-block\">Formulaire de contact<\/span><\/h2><div class=\"vcex-module vcex-divider vcex-divider-solid vcex-divider-center wpex-mx-auto wpex-max-w-100 wpex-block wpex-h-0 wpex-border-b wpex-border-solid wpex-border-main\" style=\"width:100%;margin-block-end:5px;border-bottom-width:2px;border-color:#000000;\"><\/div>[\/vc_column_inner][vc_column_inner css=\u00a0\u00bb.vc_custom_1624204149303{padding-right: 0px !important;padding-left: 0px !important;}\u00a0\u00bb]<div class=\"vcex-form-shortcode vcex-module wpex-form wpex-m-auto wpex-max-w-100 full-width-input vc_custom_1691577218710\">\n<div class=\"wpcf7 no-js\" id=\"wpcf7-f13413-o1\" lang=\"fr-FR\" dir=\"ltr\" data-wpcf7-id=\"13413\">\n<div class=\"screen-reader-response\"><p role=\"status\" aria-live=\"polite\" aria-atomic=\"true\"><\/p> <ul><\/ul><\/div>\n<form action=\"\/fr\/wp-json\/wp\/v2\/pages\/5961#wpcf7-f13413-o1\" method=\"post\" class=\"wpcf7-form init\" aria-label=\"Formulaire de contact\" novalidate=\"novalidate\" data-status=\"init\">\n<div style=\"display: none;\">\n<input type=\"hidden\" name=\"_wpcf7\" value=\"13413\" \/>\n<input type=\"hidden\" name=\"_wpcf7_version\" value=\"6.0.6\" \/>\n<input type=\"hidden\" name=\"_wpcf7_locale\" value=\"fr_FR\" \/>\n<input type=\"hidden\" name=\"_wpcf7_unit_tag\" value=\"wpcf7-f13413-o1\" \/>\n<input type=\"hidden\" name=\"_wpcf7_container_post\" value=\"0\" \/>\n<input type=\"hidden\" name=\"_wpcf7_posted_data_hash\" value=\"\" \/>\n<input type=\"hidden\" name=\"_wpcf7_recaptcha_response\" value=\"\" \/>\n<\/div>\n<div class=\"vc_row wpb_row vc_inner vc_row-o-equal-height vc_row-flex\">\n\t<div class=\"wpb_column vc_column_container vc_col-sm-12 vc_col-md-6\">\n\t\t<div class=\"vc_column-inner\" style=\"margin-bottom: 25px;\">\n\t\t\t<div class=\"wpb_wrapper\">\n\t\t\t\t<p><label class=\"label-input\" for=\"firstname\">Pr\u00e9nom<\/label><br \/>\n<span class=\"wpcf7-form-control-wrap\" data-name=\"your-firstname\"><input size=\"40\" maxlength=\"400\" class=\"wpcf7-form-control wpcf7-text form-control\" id=\"firstname\" autocomplete=\"firstname\" aria-invalid=\"false\" value=\"\" type=\"text\" name=\"your-firstname\" \/><\/span>\n\t\t\t\t<\/p>\n\t\t\t<\/div>\n\t\t<\/div>\n\t<\/div>\n\t<div class=\"wpb_column vc_column_container vc_col-sm-12 vc_col-md-6\">\n\t\t<div class=\"vc_column-inner\" style=\"margin-bottom: 25px;\">\n\t\t\t<div class=\"wpb_wrapper\">\n\t\t\t\t<p><label class=\"label-input\" for=\"nom\">Nom <span class=\"required-label\">*<\/span><\/label><br \/>\n<span class=\"wpcf7-form-control-wrap\" data-name=\"your-name\"><input size=\"40\" maxlength=\"400\" class=\"wpcf7-form-control wpcf7-text wpcf7-validates-as-required form-control\" id=\"nom\" autocomplete=\"name\" aria-required=\"true\" aria-invalid=\"false\" value=\"\" type=\"text\" name=\"your-name\" \/><\/span>\n\t\t\t\t<\/p>\n\t\t\t<\/div>\n\t\t<\/div>\n\t<\/div>\n\t<div class=\"wpb_column vc_column_container vc_col-sm-12 vc_col-md-6\">\n\t\t<div class=\"vc_column-inner\" style=\"margin-bottom: 25px;\">\n\t\t\t<div class=\"wpb_wrapper\">\n\t\t\t\t<p><label class=\"label-input\" for=\"email\">E-mail <span class=\"required-label\">*<\/span><\/label><br \/>\n<span class=\"wpcf7-form-control-wrap\" data-name=\"your-email\"><input size=\"40\" maxlength=\"400\" class=\"wpcf7-form-control wpcf7-email wpcf7-validates-as-required wpcf7-text wpcf7-validates-as-email form-control\" id=\"email\" autocomplete=\"email\" aria-required=\"true\" aria-invalid=\"false\" value=\"\" type=\"email\" name=\"your-email\" \/><\/span>\n\t\t\t\t<\/p>\n\t\t\t<\/div>\n\t\t<\/div>\n\t<\/div>\n\t<div class=\"wpb_column vc_column_container vc_col-sm-12 vc_col-md-6\">\n\t\t<div class=\"vc_column-inner\" style=\"margin-bottom: 25px;\">\n\t\t\t<div class=\"wpb_wrapper\">\n\t\t\t\t<p><label class=\"label-input\" for=\"subject\">Je souhaite vous contacter au sujet de <span class=\"required-label\">*<\/span><\/label><br \/>\n<span class=\"wpcf7-form-control-wrap\" data-name=\"your-subject\"><select class=\"wpcf7-form-control wpcf7-select wpcf7-validates-as-required form-control\" id=\"subject\" aria-required=\"true\" aria-invalid=\"false\" name=\"your-subject\"><option value=\"Visites Guid\u00e9es\">Visites Guid\u00e9es<\/option><option value=\"Incentive\">Incentive<\/option><option value=\"Street-Marketing\">Street-Marketing<\/option><option value=\"Freeride\">Freeride<\/option><option value=\"Freemovie\">Freemovie<\/option><option value=\"Commande ONEWHEEL\">Commande ONEWHEEL<\/option><option value=\"Anniversaire\">Anniversaire<\/option><option value=\"Autre\">Autre<\/option><\/select><\/span>\n\t\t\t\t<\/p>\n\t\t\t<\/div>\n\t\t<\/div>\n\t<\/div>\n\t<div class=\"wpb_column vc_column_container vc_col-sm-12 vc_col-md-12\">\n\t\t<div class=\"vc_column-inner\" style=\"margin-bottom: 25px;\">\n\t\t\t<div class=\"wpb_wrapper\">\n\t\t\t\t<p><label class=\"label-input\" for=\"message\">Message <span class=\"required-label\">*<\/span><\/label><br \/>\n<span class=\"wpcf7-form-control-wrap\" data-name=\"your-message\"><textarea cols=\"40\" rows=\"10\" maxlength=\"2000\" class=\"wpcf7-form-control wpcf7-textarea wpcf7-validates-as-required form-control\" id=\"message\" aria-required=\"true\" aria-invalid=\"false\" name=\"your-message\"><\/textarea><\/span>\n\t\t\t\t<\/p>\n\t\t\t<\/div>\n\t\t<\/div>\n\t<\/div>\n\t<div class=\"wpb_column vc_column_container vc_col-sm-12 vc_col-md-12\">\n\t\t<div class=\"vc_column-inner\" style=\"margin-bottom: 25px;\">\n\t\t\t<div class=\"wpb_wrapper\">\n\t\t\t\t<p><label class=\"label-input\">RGPD <span class=\"required-label\">*<\/span><\/label><br \/>\n<span class=\"wpcf7-form-control-wrap\" data-name=\"rgpd\"><span class=\"wpcf7-form-control wpcf7-acceptance\"><span class=\"wpcf7-list-item\"><label><input type=\"checkbox\" name=\"rgpd\" value=\"1\" aria-invalid=\"false\" \/><span class=\"wpcf7-list-item-label\">Traitement des donn\u00e9es<\/span><\/label><\/span><\/span><\/span><br \/>\n<span class=\"small-text\">En remplissant un formulaire de r\u00e9servation vous nous autorisez \u00e0 collecter vos donn\u00e9es. Les informations recueillies sur ce formulaire sont enregistr\u00e9es dans un fichier informatis\u00e9 par la soci\u00e9t\u00e9 Freemove pour traiter votre demande. La base l\u00e9gale du traitement est une demande de prestation. Les donn\u00e9es collect\u00e9es seront communiqu\u00e9es aux seuls destinataires suivants : responsable de la soci\u00e9t\u00e9. Les donn\u00e9es sont conserv\u00e9es pendant 180 jours.<\/span>\n\t\t\t\t<\/p>\n\t\t\t<\/div>\n\t\t<\/div>\n\t<\/div>\n\t<div class=\"wpb_column vc_column_container vc_col-sm-12 vc_col-md-12\">\n\t\t<div class=\"vc_column-inner\" style=\"margin-bottom: 25px;\">\n\t\t\t<div class=\"wpb_wrapper\">\n\t\t\t\t<p><button type=\"submit\" class=\"wpforms-submit\" >Envoyer<\/button>\n\t\t\t\t<\/p>\n\t\t\t<\/div>\n\t\t<\/div>\n\t<\/div>\n<\/div><div class=\"wpcf7-response-output\" aria-hidden=\"true\"><\/div>\n<\/form>\n<\/div>\n<\/div>[\/vc_column_inner][\/vc_row_inner][\/vc_column][\/vc_row]\n<\/div>","protected":false},"excerpt":{"rendered":"<p>[vc_row css=\u00a0\u00bb.vc_custom_1632923232020{margin-bottom: 0px !important;padding-bottom: 0px !important;background-image: url(https:\/\/freemove.fr\/wp-content\/uploads\/2021\/09\/Boutique-Freemove-Amboise-scaled.jpg?id=9405) !important;background-position: center !important;background-repeat: no-repeat !important;background-size: cover !important;}\u00a0\u00bb el_class=\u00a0\u00bbbanner_post\u00a0\u00bb][vc_column el_class=\u00a0\u00bbcontainer banner_pad\u00a0\u00bb css=\u00a0\u00bb.vc_custom_1623700010452{margin-bottom: 0px !important;padding-top: 310px !important;padding-bottom: 216px !important;background-position: center !important;background-repeat: no-repeat !important;background-size: cover !important;}\u00a0\u00bb][vc_row_inner css=\u00a0\u00bb.vc_custom_1623491903936{margin-bottom: 0px !important;}\u00a0\u00bb][vc_column_inner css=\u00a0\u00bb.vc_custom_1623413500349{margin-bottom: 0px !important;padding-right: 0px !important;padding-left: 0px !important;}\u00a0\u00bb][\/vc_column_inner][\/vc_row_inner][\/vc_column][\/vc_row][vc_row css=\u00a0\u00bb.vc_custom_1623491181655{margin-bottom: 0px !important;padding-top: 120px !important;padding-bottom: 100px !important;}\u00a0\u00bb el_class=\u00a0\u00bbpadding_uniform\u00a0\u00bb][vc_column el_class=\u00a0\u00bbcontainer\u00a0\u00bb css=\u00a0\u00bb.vc_custom_1623604592676{margin-bottom: 0px !important;padding-right: 17.5px !important;padding-bottom: 0px&hellip;<\/p>\n","protected":false},"author":2,"featured_media":0,"parent":0,"menu_order":0,"comment_status":"closed","ping_status":"closed","template":"","meta":{"inline_featured_image":false,"footnotes":""},"class_list":["post-5961","page","type-page","status-publish","hentry","entry","no-media"],"acf":[],"yoast_head":"<!-- This site is optimized with the Yoast SEO plugin v24.9 - https:\/\/yoast.com\/wordpress\/plugins\/seo\/ -->\n<title>Contactez Freemove le sp\u00e9cialiste de la glisse \u00e9lectrique en Touraine<\/title>\n<meta name=\"description\" content=\"SARL FREEMOVE - 6, Les Sablons37150 La Croix en Touraine- T\u00e9l : 02 47 30 95 35 - email : contact@freemove.fr\" \/>\n<meta name=\"robots\" content=\"index, follow, max-snippet:-1, max-image-preview:large, max-video-preview:-1\" \/>\n<link rel=\"canonical\" href=\"https:\/\/freemove.fr\/fr\/contact\/\" \/>\n<meta property=\"og:locale\" content=\"fr_FR\" \/>\n<meta property=\"og:type\" content=\"article\" \/>\n<meta property=\"og:title\" content=\"Contactez Freemove le sp\u00e9cialiste de la glisse \u00e9lectrique en Touraine\" \/>\n<meta property=\"og:description\" content=\"SARL FREEMOVE - 6, Les Sablons37150 La Croix en Touraine- T\u00e9l : 02 47 30 95 35 - email : contact@freemove.fr\" \/>\n<meta property=\"og:url\" content=\"https:\/\/freemove.fr\/fr\/contact\/\" \/>\n<meta property=\"og:site_name\" content=\"Freemove la Glisse \u00c9lectrique pour tous\" \/>\n<meta property=\"article:modified_time\" content=\"2023-08-09T10:33:41+00:00\" \/>\n<meta name=\"twitter:card\" content=\"summary_large_image\" \/>\n<meta name=\"twitter:label1\" content=\"Dur\u00e9e de lecture estim\u00e9e\" \/>\n\t<meta name=\"twitter:data1\" content=\"2 minutes\" \/>\n<script type=\"application\/ld+json\" class=\"yoast-schema-graph\">{\"@context\":\"https:\/\/schema.org\",\"@graph\":[{\"@type\":\"WebPage\",\"@id\":\"https:\/\/freemove.fr\/fr\/contact\/\",\"url\":\"https:\/\/freemove.fr\/fr\/contact\/\",\"name\":\"Contactez Freemove le sp\u00e9cialiste de la glisse \u00e9lectrique en Touraine\",\"isPartOf\":{\"@id\":\"https:\/\/freemove.fr\/en\/#website\"},\"datePublished\":\"2021-06-20T05:13:18+00:00\",\"dateModified\":\"2023-08-09T10:33:41+00:00\",\"description\":\"SARL FREEMOVE - 6, Les Sablons37150 La Croix en Touraine- T\u00e9l : 02 47 30 95 35 - email : contact@freemove.fr\",\"breadcrumb\":{\"@id\":\"https:\/\/freemove.fr\/fr\/contact\/#breadcrumb\"},\"inLanguage\":\"fr-FR\",\"potentialAction\":[{\"@type\":\"ReadAction\",\"target\":[\"https:\/\/freemove.fr\/fr\/contact\/\"]}]},{\"@type\":\"BreadcrumbList\",\"@id\":\"https:\/\/freemove.fr\/fr\/contact\/#breadcrumb\",\"itemListElement\":[{\"@type\":\"ListItem\",\"position\":1,\"name\":\"Accueil\",\"item\":\"https:\/\/freemove.fr\/fr\/\"},{\"@type\":\"ListItem\",\"position\":2,\"name\":\"Contact\"}]},{\"@type\":\"WebSite\",\"@id\":\"https:\/\/freemove.fr\/en\/#website\",\"url\":\"https:\/\/freemove.fr\/en\/\",\"name\":\"Freemove la Glisse \u00c9lectrique pour tous\",\"description\":\"Onewheel - Visites guid\u00e9es en Segway \u00e0 Amboise\",\"publisher\":{\"@id\":\"https:\/\/freemove.fr\/en\/#organization\"},\"potentialAction\":[{\"@type\":\"SearchAction\",\"target\":{\"@type\":\"EntryPoint\",\"urlTemplate\":\"https:\/\/freemove.fr\/en\/?s={search_term_string}\"},\"query-input\":{\"@type\":\"PropertyValueSpecification\",\"valueRequired\":true,\"valueName\":\"search_term_string\"}}],\"inLanguage\":\"fr-FR\"},{\"@type\":\"Organization\",\"@id\":\"https:\/\/freemove.fr\/en\/#organization\",\"name\":\"Freemove\",\"url\":\"https:\/\/freemove.fr\/en\/\",\"logo\":{\"@type\":\"ImageObject\",\"inLanguage\":\"fr-FR\",\"@id\":\"https:\/\/freemove.fr\/en\/#\/schema\/logo\/image\/\",\"url\":\"https:\/\/freemove.fr\/wp-content\/uploads\/2021\/06\/footer_logotype-1.svg\",\"contentUrl\":\"https:\/\/freemove.fr\/wp-content\/uploads\/2021\/06\/footer_logotype-1.svg\",\"width\":163,\"height\":45,\"caption\":\"Freemove\"},\"image\":{\"@id\":\"https:\/\/freemove.fr\/en\/#\/schema\/logo\/image\/\"}}]}<\/script>\n<!-- \/ Yoast SEO plugin. -->","yoast_head_json":{"title":"Contactez Freemove le sp\u00e9cialiste de la glisse \u00e9lectrique en Touraine","description":"SARL FREEMOVE - 6, Les Sablons37150 La Croix en Touraine- T\u00e9l : 02 47 30 95 35 - email : contact@freemove.fr","robots":{"index":"index","follow":"follow","max-snippet":"max-snippet:-1","max-image-preview":"max-image-preview:large","max-video-preview":"max-video-preview:-1"},"canonical":"https:\/\/freemove.fr\/fr\/contact\/","og_locale":"fr_FR","og_type":"article","og_title":"Contactez Freemove le sp\u00e9cialiste de la glisse \u00e9lectrique en Touraine","og_description":"SARL FREEMOVE - 6, Les Sablons37150 La Croix en Touraine- T\u00e9l : 02 47 30 95 35 - email : contact@freemove.fr","og_url":"https:\/\/freemove.fr\/fr\/contact\/","og_site_name":"Freemove la Glisse \u00c9lectrique pour tous","article_modified_time":"2023-08-09T10:33:41+00:00","twitter_card":"summary_large_image","twitter_misc":{"Dur\u00e9e de lecture estim\u00e9e":"2 minutes"},"schema":{"@context":"https:\/\/schema.org","@graph":[{"@type":"WebPage","@id":"https:\/\/freemove.fr\/fr\/contact\/","url":"https:\/\/freemove.fr\/fr\/contact\/","name":"Contactez Freemove le sp\u00e9cialiste de la glisse \u00e9lectrique en Touraine","isPartOf":{"@id":"https:\/\/freemove.fr\/en\/#website"},"datePublished":"2021-06-20T05:13:18+00:00","dateModified":"2023-08-09T10:33:41+00:00","description":"SARL FREEMOVE - 6, Les Sablons37150 La Croix en Touraine- T\u00e9l : 02 47 30 95 35 - email : contact@freemove.fr","breadcrumb":{"@id":"https:\/\/freemove.fr\/fr\/contact\/#breadcrumb"},"inLanguage":"fr-FR","potentialAction":[{"@type":"ReadAction","target":["https:\/\/freemove.fr\/fr\/contact\/"]}]},{"@type":"BreadcrumbList","@id":"https:\/\/freemove.fr\/fr\/contact\/#breadcrumb","itemListElement":[{"@type":"ListItem","position":1,"name":"Accueil","item":"https:\/\/freemove.fr\/fr\/"},{"@type":"ListItem","position":2,"name":"Contact"}]},{"@type":"WebSite","@id":"https:\/\/freemove.fr\/en\/#website","url":"https:\/\/freemove.fr\/en\/","name":"Freemove la Glisse \u00c9lectrique pour tous","description":"Onewheel - Visites guid\u00e9es en Segway \u00e0 Amboise","publisher":{"@id":"https:\/\/freemove.fr\/en\/#organization"},"potentialAction":[{"@type":"SearchAction","target":{"@type":"EntryPoint","urlTemplate":"https:\/\/freemove.fr\/en\/?s={search_term_string}"},"query-input":{"@type":"PropertyValueSpecification","valueRequired":true,"valueName":"search_term_string"}}],"inLanguage":"fr-FR"},{"@type":"Organization","@id":"https:\/\/freemove.fr\/en\/#organization","name":"Freemove","url":"https:\/\/freemove.fr\/en\/","logo":{"@type":"ImageObject","inLanguage":"fr-FR","@id":"https:\/\/freemove.fr\/en\/#\/schema\/logo\/image\/","url":"https:\/\/freemove.fr\/wp-content\/uploads\/2021\/06\/footer_logotype-1.svg","contentUrl":"https:\/\/freemove.fr\/wp-content\/uploads\/2021\/06\/footer_logotype-1.svg","width":163,"height":45,"caption":"Freemove"},"image":{"@id":"https:\/\/freemove.fr\/en\/#\/schema\/logo\/image\/"}}]}},"_links":{"self":[{"href":"https:\/\/freemove.fr\/fr\/wp-json\/wp\/v2\/pages\/5961","targetHints":{"allow":["GET"]}}],"collection":[{"href":"https:\/\/freemove.fr\/fr\/wp-json\/wp\/v2\/pages"}],"about":[{"href":"https:\/\/freemove.fr\/fr\/wp-json\/wp\/v2\/types\/page"}],"author":[{"embeddable":true,"href":"https:\/\/freemove.fr\/fr\/wp-json\/wp\/v2\/users\/2"}],"replies":[{"embeddable":true,"href":"https:\/\/freemove.fr\/fr\/wp-json\/wp\/v2\/comments?post=5961"}],"version-history":[{"count":12,"href":"https:\/\/freemove.fr\/fr\/wp-json\/wp\/v2\/pages\/5961\/revisions"}],"predecessor-version":[{"id":13461,"href":"https:\/\/freemove.fr\/fr\/wp-json\/wp\/v2\/pages\/5961\/revisions\/13461"}],"wp:attachment":[{"href":"https:\/\/freemove.fr\/fr\/wp-json\/wp\/v2\/media?parent=5961"}],"curies":[{"name":"wp","href":"https:\/\/api.w.org\/{rel}","templated":true}]}}