


























{"id":4992,"date":"2021-06-15T09:46:49","date_gmt":"2021-06-15T07:46:49","guid":{"rendered":"https:\/\/freemove.fr\/?page_id=4992"},"modified":"2021-11-30T17:00:16","modified_gmt":"2021-11-30T16:00:16","slug":"gyrobar","status":"publish","type":"page","link":"https:\/\/freemove.fr\/fr\/communication\/gyrobar\/","title":{"rendered":"GyroBar\u00aele bar mobile sur Segway"},"content":{"rendered":"<div class=\"wpb-content-wrapper\">[vc_row css=\u00a0\u00bb.vc_custom_1623743336191{margin-bottom: 0px !important;padding-bottom: 0px !important;background-image: url(https:\/\/freemove.fr\/wp-content\/uploads\/2021\/06\/gyrobar_4-min.jpg?id=3751) !important;background-position: center !important;background-repeat: no-repeat !important;background-size: cover !important;}\u00a0\u00bb el_class=\u00a0\u00bbbanner_post\u00a0\u00bb][vc_column el_class=\u00a0\u00bbcontainer banner_pad\u00a0\u00bb css=\u00a0\u00bb.vc_custom_1623700010452{margin-bottom: 0px !important;padding-top: 310px !important;padding-bottom: 216px !important;background-position: center !important;background-repeat: no-repeat !important;background-size: cover !important;}\u00a0\u00bb][vc_row_inner css=\u00a0\u00bb.vc_custom_1623491903936{margin-bottom: 0px !important;}\u00a0\u00bb][vc_column_inner css=\u00a0\u00bb.vc_custom_1623413500349{margin-bottom: 0px !important;padding-right: 0px !important;padding-left: 0px !important;}\u00a0\u00bb]<style>.vcex-heading.vcex_69d670ec97482{color:#ffffff;font-family:Montserrat;font-weight:800;text-transform:uppercase;line-height:1.05;letter-spacing:4px;}<\/style><h2 class=\"vcex-heading vcex-heading-plain vcex-module wpex-heading wpex-text-2xl wpex-text-center vcex_69d670ec97482\"><span class=\"vcex-heading-inner wpex-block\"><span class=\"wpex-responsive-txt\" data-max-font-size=\"40\" data-data-min-font-size=\"30\">GyroBar\u00ae<\/span><\/span><\/h2><style>.vcex-heading.vcex_69d670ec985d4{color:#ffffff;font-size:26px;font-family:Montserrat;font-weight:400;text-transform:uppercase;line-height:1.61538;letter-spacing:0px;}@media (max-width:1024px){.vcex-heading.vcex_69d670ec985d4{font-size:24px;}}@media (max-width:959px){.vcex-heading.vcex_69d670ec985d4{font-size:22px;}}@media (max-width:767px){.vcex-heading.vcex_69d670ec985d4{font-size:20px;}}@media (max-width:479px){.vcex-heading.vcex_69d670ec985d4{font-size:18px;}}<\/style><h1 class=\"vcex-heading vcex-heading-plain vcex-module wpex-heading wpex-text-2xl wpex-text-center vc_custom_1629272453025 vcex_69d670ec985d4\"><span class=\"vcex-heading-inner wpex-inline-block\">Une Exclusivit\u00e9 Freemove ! un bar mobile sur Segway<\/span><\/h1>[\/vc_column_inner][\/vc_row_inner][\/vc_column][\/vc_row][vc_row css=\u00a0\u00bb.vc_custom_1623491181655{margin-bottom: 0px !important;padding-top: 120px !important;padding-bottom: 100px !important;}\u00a0\u00bb el_class=\u00a0\u00bbpadding_uniform\u00a0\u00bb][vc_column el_class=\u00a0\u00bbcontainer\u00a0\u00bb css=\u00a0\u00bb.vc_custom_1623604592676{margin-bottom: 0px !important;padding-right: 17.5px !important;padding-bottom: 0px !important;padding-left: 17.5px !important;}\u00a0\u00bb][vc_row_inner equal_height=\u00a0\u00bbyes\u00a0\u00bb gap=\u00a0\u00bb15&Prime; css=\u00a0\u00bb.vc_custom_1623743482567{margin-bottom: 0px !important;border-bottom-width: 0px !important;padding-right: 0px !important;padding-left: 0px !important;}\u00a0\u00bb el_class=\u00a0\u00bbjustify-content-between\u00a0\u00bb][vc_column_inner el_class=\u00a0\u00bbpad_15_mob\u00a0\u00bb width=\u00a0\u00bb1\/2&Prime; css=\u00a0\u00bb.vc_custom_1623491300463{margin-bottom: 0px !important;padding-top: 20px !important;padding-bottom: 20px !important;padding-left: 0px !important;}\u00a0\u00bb offset=\u00a0\u00bbvc_col-md-6&Prime;]<style>.vcex-heading.vcex_69d670ec98bc0{color:#000000;font-size:20px;font-family:Montserrat;font-weight:800;text-transform:uppercase;letter-spacing:2px;}@media (max-width:1024px){.vcex-heading.vcex_69d670ec98bc0{font-size:18px;}}@media (max-width:959px){.vcex-heading.vcex_69d670ec98bc0{font-size:18px;}}@media (max-width:767px){.vcex-heading.vcex_69d670ec98bc0{font-size:18px;}}@media (max-width:479px){.vcex-heading.vcex_69d670ec98bc0{font-size:16px;}}<\/style><h3 class=\"vcex-heading vcex-heading-plain vcex-module wpex-heading wpex-text-2xl wpex-mb-40 vcex_69d670ec98bc0\"><span class=\"vcex-heading-inner wpex-inline-block\">Mini-kiosque... Maxi-visibilit\u00e9 !<\/span><\/h3>[vc_column_text]Mont\u00e9e sur un gyropode Segway\u00ae x2, cette structure mobile enti\u00e8rement car\u00e9n\u00e9e \u00e0 vos couleurs est un vecteur de communication unique en son genre ! Faites passer votre message tout en cr\u00e9ant un espace de convivialit\u00e9 et d&rsquo;\u00e9change autour du plus petit Bar gyro-port\u00e9 du monde !<\/p>\n<p>D&rsquo;une grande stabilit\u00e9, silencieux et non polluant, le GyroBar\u00ae peut circuler sur toute surface plane, en ext\u00e9rieur comme en int\u00e9rieur. Ses \u00e9clairages leds modulables lui assurent une visibilit\u00e9 maximum ! On peut m\u00eame y ajouter du son gr\u00e2ce aux enceintes bluetooth qu&rsquo;il peut embarquer !<\/p>\n<p><strong>Polyvalent, fonctionnel, surprenant&#8230; unique !<br \/>\n<\/strong><strong> Il n&rsquo;attend que de vous servir !<\/strong>[\/vc_column_text]<style>.vcex-button.vcex_69d670ec997e5{border-radius:23px;background:#00ff33;color:#000000!important;padding-block-start:12px;padding-block-end:9px;padding-inline:81px;margin-block-start:30px;border:1px solid #00FF33;font-family:Montserrat;font-size:20px;letter-spacing:2px;font-weight:600;text-transform:uppercase;}.vcex-button.vcex_69d670ec997e5:hover{background:rgba(0,0,0,0.01)!important;color:#00ff33!important;}@media (max-width:1024px){.vcex-button.vcex_69d670ec997e5{font-size:18px;}}@media (max-width:959px){.vcex-button.vcex_69d670ec997e5{font-size:18px;}}@media (max-width:767px){.vcex-button.vcex_69d670ec997e5{font-size:16px;}}@media (max-width:479px){.vcex-button.vcex_69d670ec997e5{font-size:16px;}}<\/style><style>.vcex_69d670eca00b1{font-size:20px!important;}@media (max-width:1024px){.vcex_69d670eca00b1{font-size:18px!important;}}@media (max-width:959px){.vcex_69d670eca00b1{font-size:18px!important;}}@media (max-width:767px){.vcex_69d670eca00b1{font-size:16px!important;}}@media (max-width:479px){.vcex_69d670eca00b1{font-size:16px!important;}}<\/style><div class=\"theme-button-wrap theme-button-block-wrap wpex-block wpex-clear wpex-clr\"><a href=\"https:\/\/freemove.fr\/fr\/contact\/\" class=\"vcex-button theme-button flat align-left block vcex_69d670eca00b1 vcex_69d670ec997e5\"><span class=\"vcex-button-inner theme-button-inner wpex-flex wpex-flex-wrap wpex-items-center wpex-justify-center\">demandez un devis<\/span><\/a><\/div> [\/vc_column_inner][vc_column_inner el_class=\u00a0\u00bbpadding_15_mob\u00a0\u00bb width=\u00a0\u00bb1\/2&Prime; css=\u00a0\u00bb.vc_custom_1623491678887{margin-bottom: 0px !important;padding-top: 20px !important;padding-right: 20px !important;padding-bottom: 20px !important;padding-left: 20px !important;background-color: #ffffff !important;}\u00a0\u00bb offset=\u00a0\u00bbvc_col-lg-5 vc_col-md-5&Prime;]<style>.vcex-heading.vcex_69d670eca05ea{color:#000000;font-size:20px;font-family:Montserrat;font-weight:800;text-transform:uppercase;letter-spacing:2px;}@media (max-width:1024px){.vcex-heading.vcex_69d670eca05ea{font-size:18px;}}@media (max-width:959px){.vcex-heading.vcex_69d670eca05ea{font-size:18px;}}@media (max-width:767px){.vcex-heading.vcex_69d670eca05ea{font-size:18px;}}@media (max-width:479px){.vcex-heading.vcex_69d670eca05ea{font-size:16px;}}<\/style><h3 class=\"vcex-heading vcex-heading-plain vcex-module wpex-heading wpex-text-2xl wpex-mb-40 vcex_69d670eca05ea\"><span class=\"vcex-heading-inner wpex-inline-block\">infos pratiques<\/span><\/h3>[vc_column_text]Le GyroBar\u00ae doit \u00eatre conduit par un professionnel qui sera obligatoirement assist\u00e9 d&rsquo;un \u00ab\u00a0Poisson Pilote\u00a0\u00bb, indispensable pour assurer que rien ne vienne perturber le travail du Barman et les d\u00e9placements de la structure. Il sera aussi en charge du ravitaillement et du reportage photo\/video.<\/p>\n<p>Piloter et servir en m\u00eame temps en gardant le sourire n\u00e9cessite de la concentration ! Nous pr\u00e9conisons donc une pause de 15mn toutes les heures afin de recharger la structure en boissons\/goodies&#8230; et reposer le pilote ![\/vc_column_text][\/vc_column_inner][\/vc_row_inner][\/vc_column][\/vc_row][vc_row css=\u00a0\u00bb.vc_custom_1623743839093{padding-top: 95px !important;padding-bottom: 86px !important;background-color: #ffffff !important;}\u00a0\u00bb el_class=\u00a0\u00bbpadding_uniform\u00a0\u00bb][vc_column el_class=\u00a0\u00bbcontainer\u00a0\u00bb css=\u00a0\u00bb.vc_custom_1623145253927{padding-right: 17.5px !important;padding-left: 17.5px !important;}\u00a0\u00bb][vc_row_inner equal_height=\u00a0\u00bbyes\u00a0\u00bb gap=\u00a0\u00bb35&Prime; el_class=\u00a0\u00bbjustify-content-between\u00a0\u00bb][vc_column_inner css=\u00a0\u00bb.vc_custom_1623152524355{margin-bottom: 0px !important;padding-right: 0px !important;padding-left: 0px !important;}\u00a0\u00bb]<style>.vcex-image.vcex_69d670eca0d49 .vcex-image-inner{max-width:92px;}<\/style><figure class=\"vcex-image vcex-module wpex-text-center img_overflow full_link video_link vcex_69d670eca0d49\"><div class=\"vcex-image-inner wpex-relative wpex-inline-block hvr hvr-grow vc_custom_1623744763422\"><a href=\"https:\/\/youtube.com\/embed\/tp5aMDgHM80\" class=\"wpex-lightbox\"><img width=\"92\" height=\"64\" src=\"https:\/\/freemove.fr\/wp-content\/uploads\/2021\/06\/body_icon-player-youtube.svg\" class=\"vcex-image-img wpex-align-middle\" alt=\"\" loading=\"lazy\" decoding=\"async\" \/><\/a><\/div><\/figure>[\/vc_column_inner][\/vc_row_inner][\/vc_column][\/vc_row]\n<\/div>","protected":false},"excerpt":{"rendered":"<p>[vc_row css=\u00a0\u00bb.vc_custom_1623743336191{margin-bottom: 0px !important;padding-bottom: 0px !important;background-image: url(https:\/\/freemove.fr\/wp-content\/uploads\/2021\/06\/gyrobar_4-min.jpg?id=3751) !important;background-position: center !important;background-repeat: no-repeat !important;background-size: cover !important;}\u00a0\u00bb el_class=\u00a0\u00bbbanner_post\u00a0\u00bb][vc_column el_class=\u00a0\u00bbcontainer banner_pad\u00a0\u00bb css=\u00a0\u00bb.vc_custom_1623700010452{margin-bottom: 0px !important;padding-top: 310px !important;padding-bottom: 216px !important;background-position: center !important;background-repeat: no-repeat !important;background-size: cover !important;}\u00a0\u00bb][vc_row_inner css=\u00a0\u00bb.vc_custom_1623491903936{margin-bottom: 0px !important;}\u00a0\u00bb][vc_column_inner css=\u00a0\u00bb.vc_custom_1623413500349{margin-bottom: 0px !important;padding-right: 0px !important;padding-left: 0px !important;}\u00a0\u00bb][\/vc_column_inner][\/vc_row_inner][\/vc_column][\/vc_row][vc_row css=\u00a0\u00bb.vc_custom_1623491181655{margin-bottom: 0px !important;padding-top: 120px !important;padding-bottom: 100px !important;}\u00a0\u00bb el_class=\u00a0\u00bbpadding_uniform\u00a0\u00bb][vc_column el_class=\u00a0\u00bbcontainer\u00a0\u00bb css=\u00a0\u00bb.vc_custom_1623604592676{margin-bottom: 0px !important;padding-right: 17.5px !important;padding-bottom: 0px&hellip;<\/p>\n","protected":false},"author":2,"featured_media":0,"parent":3748,"menu_order":0,"comment_status":"closed","ping_status":"closed","template":"","meta":{"inline_featured_image":false,"footnotes":""},"class_list":["post-4992","page","type-page","status-publish","hentry","entry","no-media"],"acf":[],"yoast_head":"<!-- This site is optimized with the Yoast SEO plugin v24.9 - https:\/\/yoast.com\/wordpress\/plugins\/seo\/ -->\n<title>Gyrobar\u00aeLe Bar Mobile Sur Segway Pour Vos Manifestations - Freemove<\/title>\n<meta name=\"description\" content=\"Mont\u00e9e sur un gyropode Segway\u00ae x2, cette structure mobile enti\u00e8rement car\u00e9n\u00e9e \u00e0 vos couleurs est un vecteur de communication unique en son genre !\" \/>\n<meta name=\"robots\" content=\"index, follow, max-snippet:-1, max-image-preview:large, max-video-preview:-1\" \/>\n<link rel=\"canonical\" href=\"https:\/\/freemove.fr\/fr\/communication\/gyrobar\/\" \/>\n<meta property=\"og:locale\" content=\"fr_FR\" \/>\n<meta property=\"og:type\" content=\"article\" \/>\n<meta property=\"og:title\" content=\"Gyrobar\u00aeLe Bar Mobile Sur Segway Pour Vos Manifestations - Freemove\" \/>\n<meta property=\"og:description\" content=\"Mont\u00e9e sur un gyropode Segway\u00ae x2, cette structure mobile enti\u00e8rement car\u00e9n\u00e9e \u00e0 vos couleurs est un vecteur de communication unique en son genre !\" \/>\n<meta property=\"og:url\" content=\"https:\/\/freemove.fr\/fr\/communication\/gyrobar\/\" \/>\n<meta property=\"og:site_name\" content=\"Freemove la Glisse \u00c9lectrique pour tous\" \/>\n<meta property=\"article:modified_time\" content=\"2021-11-30T16:00:16+00:00\" \/>\n<meta name=\"twitter:card\" content=\"summary_large_image\" \/>\n<meta name=\"twitter:label1\" content=\"Dur\u00e9e de lecture estim\u00e9e\" \/>\n\t<meta name=\"twitter:data1\" content=\"2 minutes\" \/>\n<script type=\"application\/ld+json\" class=\"yoast-schema-graph\">{\"@context\":\"https:\/\/schema.org\",\"@graph\":[{\"@type\":\"WebPage\",\"@id\":\"https:\/\/freemove.fr\/fr\/communication\/gyrobar\/\",\"url\":\"https:\/\/freemove.fr\/fr\/communication\/gyrobar\/\",\"name\":\"Gyrobar\u00aeLe Bar Mobile Sur Segway Pour Vos Manifestations - Freemove\",\"isPartOf\":{\"@id\":\"https:\/\/freemove.fr\/en\/#website\"},\"datePublished\":\"2021-06-15T07:46:49+00:00\",\"dateModified\":\"2021-11-30T16:00:16+00:00\",\"description\":\"Mont\u00e9e sur un gyropode Segway\u00ae x2, cette structure mobile enti\u00e8rement car\u00e9n\u00e9e \u00e0 vos couleurs est un vecteur de communication unique en son genre !\",\"breadcrumb\":{\"@id\":\"https:\/\/freemove.fr\/fr\/communication\/gyrobar\/#breadcrumb\"},\"inLanguage\":\"fr-FR\",\"potentialAction\":[{\"@type\":\"ReadAction\",\"target\":[\"https:\/\/freemove.fr\/fr\/communication\/gyrobar\/\"]}]},{\"@type\":\"BreadcrumbList\",\"@id\":\"https:\/\/freemove.fr\/fr\/communication\/gyrobar\/#breadcrumb\",\"itemListElement\":[{\"@type\":\"ListItem\",\"position\":1,\"name\":\"Accueil\",\"item\":\"https:\/\/freemove.fr\/fr\/\"},{\"@type\":\"ListItem\",\"position\":2,\"name\":\"Communication\",\"item\":\"https:\/\/freemove.fr\/fr\/communication\/\"},{\"@type\":\"ListItem\",\"position\":3,\"name\":\"GyroBar\u00aele bar mobile sur Segway\"}]},{\"@type\":\"WebSite\",\"@id\":\"https:\/\/freemove.fr\/en\/#website\",\"url\":\"https:\/\/freemove.fr\/en\/\",\"name\":\"Freemove la Glisse \u00c9lectrique pour tous\",\"description\":\"Onewheel - Visites guid\u00e9es en Segway \u00e0 Amboise\",\"publisher\":{\"@id\":\"https:\/\/freemove.fr\/en\/#organization\"},\"potentialAction\":[{\"@type\":\"SearchAction\",\"target\":{\"@type\":\"EntryPoint\",\"urlTemplate\":\"https:\/\/freemove.fr\/en\/?s={search_term_string}\"},\"query-input\":{\"@type\":\"PropertyValueSpecification\",\"valueRequired\":true,\"valueName\":\"search_term_string\"}}],\"inLanguage\":\"fr-FR\"},{\"@type\":\"Organization\",\"@id\":\"https:\/\/freemove.fr\/en\/#organization\",\"name\":\"Freemove\",\"url\":\"https:\/\/freemove.fr\/en\/\",\"logo\":{\"@type\":\"ImageObject\",\"inLanguage\":\"fr-FR\",\"@id\":\"https:\/\/freemove.fr\/en\/#\/schema\/logo\/image\/\",\"url\":\"https:\/\/freemove.fr\/wp-content\/uploads\/2021\/06\/footer_logotype-1.svg\",\"contentUrl\":\"https:\/\/freemove.fr\/wp-content\/uploads\/2021\/06\/footer_logotype-1.svg\",\"width\":163,\"height\":45,\"caption\":\"Freemove\"},\"image\":{\"@id\":\"https:\/\/freemove.fr\/en\/#\/schema\/logo\/image\/\"}}]}<\/script>\n<!-- \/ Yoast SEO plugin. -->","yoast_head_json":{"title":"Gyrobar\u00aeLe Bar Mobile Sur Segway Pour Vos Manifestations - Freemove","description":"Mont\u00e9e sur un gyropode Segway\u00ae x2, cette structure mobile enti\u00e8rement car\u00e9n\u00e9e \u00e0 vos couleurs est un vecteur de communication unique en son genre !","robots":{"index":"index","follow":"follow","max-snippet":"max-snippet:-1","max-image-preview":"max-image-preview:large","max-video-preview":"max-video-preview:-1"},"canonical":"https:\/\/freemove.fr\/fr\/communication\/gyrobar\/","og_locale":"fr_FR","og_type":"article","og_title":"Gyrobar\u00aeLe Bar Mobile Sur Segway Pour Vos Manifestations - Freemove","og_description":"Mont\u00e9e sur un gyropode Segway\u00ae x2, cette structure mobile enti\u00e8rement car\u00e9n\u00e9e \u00e0 vos couleurs est un vecteur de communication unique en son genre !","og_url":"https:\/\/freemove.fr\/fr\/communication\/gyrobar\/","og_site_name":"Freemove la Glisse \u00c9lectrique pour tous","article_modified_time":"2021-11-30T16:00:16+00:00","twitter_card":"summary_large_image","twitter_misc":{"Dur\u00e9e de lecture estim\u00e9e":"2 minutes"},"schema":{"@context":"https:\/\/schema.org","@graph":[{"@type":"WebPage","@id":"https:\/\/freemove.fr\/fr\/communication\/gyrobar\/","url":"https:\/\/freemove.fr\/fr\/communication\/gyrobar\/","name":"Gyrobar\u00aeLe Bar Mobile Sur Segway Pour Vos Manifestations - Freemove","isPartOf":{"@id":"https:\/\/freemove.fr\/en\/#website"},"datePublished":"2021-06-15T07:46:49+00:00","dateModified":"2021-11-30T16:00:16+00:00","description":"Mont\u00e9e sur un gyropode Segway\u00ae x2, cette structure mobile enti\u00e8rement car\u00e9n\u00e9e \u00e0 vos couleurs est un vecteur de communication unique en son genre !","breadcrumb":{"@id":"https:\/\/freemove.fr\/fr\/communication\/gyrobar\/#breadcrumb"},"inLanguage":"fr-FR","potentialAction":[{"@type":"ReadAction","target":["https:\/\/freemove.fr\/fr\/communication\/gyrobar\/"]}]},{"@type":"BreadcrumbList","@id":"https:\/\/freemove.fr\/fr\/communication\/gyrobar\/#breadcrumb","itemListElement":[{"@type":"ListItem","position":1,"name":"Accueil","item":"https:\/\/freemove.fr\/fr\/"},{"@type":"ListItem","position":2,"name":"Communication","item":"https:\/\/freemove.fr\/fr\/communication\/"},{"@type":"ListItem","position":3,"name":"GyroBar\u00aele bar mobile sur Segway"}]},{"@type":"WebSite","@id":"https:\/\/freemove.fr\/en\/#website","url":"https:\/\/freemove.fr\/en\/","name":"Freemove la Glisse \u00c9lectrique pour tous","description":"Onewheel - Visites guid\u00e9es en Segway \u00e0 Amboise","publisher":{"@id":"https:\/\/freemove.fr\/en\/#organization"},"potentialAction":[{"@type":"SearchAction","target":{"@type":"EntryPoint","urlTemplate":"https:\/\/freemove.fr\/en\/?s={search_term_string}"},"query-input":{"@type":"PropertyValueSpecification","valueRequired":true,"valueName":"search_term_string"}}],"inLanguage":"fr-FR"},{"@type":"Organization","@id":"https:\/\/freemove.fr\/en\/#organization","name":"Freemove","url":"https:\/\/freemove.fr\/en\/","logo":{"@type":"ImageObject","inLanguage":"fr-FR","@id":"https:\/\/freemove.fr\/en\/#\/schema\/logo\/image\/","url":"https:\/\/freemove.fr\/wp-content\/uploads\/2021\/06\/footer_logotype-1.svg","contentUrl":"https:\/\/freemove.fr\/wp-content\/uploads\/2021\/06\/footer_logotype-1.svg","width":163,"height":45,"caption":"Freemove"},"image":{"@id":"https:\/\/freemove.fr\/en\/#\/schema\/logo\/image\/"}}]}},"_links":{"self":[{"href":"https:\/\/freemove.fr\/fr\/wp-json\/wp\/v2\/pages\/4992","targetHints":{"allow":["GET"]}}],"collection":[{"href":"https:\/\/freemove.fr\/fr\/wp-json\/wp\/v2\/pages"}],"about":[{"href":"https:\/\/freemove.fr\/fr\/wp-json\/wp\/v2\/types\/page"}],"author":[{"embeddable":true,"href":"https:\/\/freemove.fr\/fr\/wp-json\/wp\/v2\/users\/2"}],"replies":[{"embeddable":true,"href":"https:\/\/freemove.fr\/fr\/wp-json\/wp\/v2\/comments?post=4992"}],"version-history":[{"count":12,"href":"https:\/\/freemove.fr\/fr\/wp-json\/wp\/v2\/pages\/4992\/revisions"}],"predecessor-version":[{"id":4994,"href":"https:\/\/freemove.fr\/fr\/wp-json\/wp\/v2\/pages\/4992\/revisions\/4994"}],"up":[{"embeddable":true,"href":"https:\/\/freemove.fr\/fr\/wp-json\/wp\/v2\/pages\/3748"}],"wp:attachment":[{"href":"https:\/\/freemove.fr\/fr\/wp-json\/wp\/v2\/media?parent=4992"}],"curies":[{"name":"wp","href":"https:\/\/api.w.org\/{rel}","templated":true}]}}