


























{"id":3748,"date":"2021-06-13T20:00:14","date_gmt":"2021-06-13T18:00:14","guid":{"rendered":"https:\/\/freemove.fr\/?page_id=3748"},"modified":"2021-11-30T17:00:15","modified_gmt":"2021-11-30T16:00:15","slug":"communication","status":"publish","type":"page","link":"https:\/\/freemove.fr\/fr\/communication\/","title":{"rendered":"Communication"},"content":{"rendered":"<div class=\"wpb-content-wrapper\">[vc_row css=\u00a0\u00bb.vc_custom_1623609471623{margin-bottom: 0px !important;padding-bottom: 0px !important;background-image: url(https:\/\/freemove.fr\/wp-content\/uploads\/2021\/06\/img_0750-min1.jpg?id=3764) !important;background-position: center !important;background-repeat: no-repeat !important;background-size: cover !important;}\u00a0\u00bb el_class=\u00a0\u00bbbanner_post\u00a0\u00bb][vc_column el_class=\u00a0\u00bbcontainer banner_pad\u00a0\u00bb css=\u00a0\u00bb.vc_custom_1623700071726{margin-bottom: 0px !important;padding-top: 310px !important;padding-bottom: 216px !important;background-position: center !important;background-repeat: no-repeat !important;background-size: cover !important;}\u00a0\u00bb][vc_row_inner css=\u00a0\u00bb.vc_custom_1623491903936{margin-bottom: 0px !important;}\u00a0\u00bb][vc_column_inner css=\u00a0\u00bb.vc_custom_1623413500349{margin-bottom: 0px !important;padding-right: 0px !important;padding-left: 0px !important;}\u00a0\u00bb]<style>.vcex-heading.vcex_69d63d5b7fbb5{color:#ffffff;font-family:Montserrat;font-weight:800;text-transform:uppercase;line-height:1.05;letter-spacing:4px;}<\/style><h1 class=\"vcex-heading vcex-heading-plain vcex-module wpex-heading wpex-text-2xl wpex-text-center vcex_69d63d5b7fbb5\"><span class=\"vcex-heading-inner wpex-block\"><span class=\"wpex-responsive-txt\" data-max-font-size=\"40\" data-data-min-font-size=\"30\">Publicit\u00e9 en segway<\/span><\/span><\/h1><style>.vcex-heading.vcex_69d63d5b80ab6{color:#ffffff;font-size:26px;font-family:Montserrat;font-weight:400;text-transform:uppercase;line-height:1.61538;letter-spacing:0px;}@media (max-width:1024px){.vcex-heading.vcex_69d63d5b80ab6{font-size:24px;}}@media (max-width:959px){.vcex-heading.vcex_69d63d5b80ab6{font-size:22px;}}@media (max-width:767px){.vcex-heading.vcex_69d63d5b80ab6{font-size:20px;}}@media (max-width:479px){.vcex-heading.vcex_69d63d5b80ab6{font-size:18px;}}<\/style><h2 class=\"vcex-heading vcex-heading-plain vcex-module wpex-heading wpex-text-2xl wpex-text-center vc_custom_1629273633195 vcex_69d63d5b80ab6\"><span class=\"vcex-heading-inner wpex-inline-block\">Une flotte de Segway publicitaires au service de votre communication<\/span><\/h2>[\/vc_column_inner][\/vc_row_inner][\/vc_column][\/vc_row][vc_row css=\u00a0\u00bb.vc_custom_1623491181655{margin-bottom: 0px !important;padding-top: 120px !important;padding-bottom: 100px !important;}\u00a0\u00bb el_class=\u00a0\u00bbpadding_uniform\u00a0\u00bb][vc_column el_class=\u00a0\u00bbcontainer\u00a0\u00bb css=\u00a0\u00bb.vc_custom_1623491227576{margin-bottom: 0px !important;padding-right: 17.5px !important;padding-bottom: 0px !important;padding-left: 17.5px !important;}\u00a0\u00bb][vc_row_inner gap=\u00a0\u00bb15&Prime; css=\u00a0\u00bb.vc_custom_1623490854327{margin-bottom: 0px !important;border-bottom-width: 0px !important;padding-right: 0px !important;padding-left: 0px !important;}\u00a0\u00bb el_class=\u00a0\u00bbjustify-content-between\u00a0\u00bb][vc_column_inner el_class=\u00a0\u00bbpad_15_mob\u00a0\u00bb width=\u00a0\u00bb1\/2&Prime; css=\u00a0\u00bb.vc_custom_1623491300463{margin-bottom: 0px !important;padding-top: 20px !important;padding-bottom: 20px !important;padding-left: 0px !important;}\u00a0\u00bb offset=\u00a0\u00bbvc_col-md-6&Prime;]<style>.vcex-heading.vcex_69d63d5b810a7{color:#000000;font-size:20px;font-family:Montserrat;font-weight:800;text-transform:uppercase;letter-spacing:2px;}@media (max-width:1024px){.vcex-heading.vcex_69d63d5b810a7{font-size:18px;}}@media (max-width:959px){.vcex-heading.vcex_69d63d5b810a7{font-size:18px;}}@media (max-width:767px){.vcex-heading.vcex_69d63d5b810a7{font-size:18px;}}@media (max-width:479px){.vcex-heading.vcex_69d63d5b810a7{font-size:16px;}}<\/style><h3 class=\"vcex-heading vcex-heading-plain vcex-module wpex-heading wpex-text-2xl wpex-mb-40 vcex_69d63d5b810a7\"><span class=\"vcex-heading-inner wpex-inline-block\">Un puissant vecteur de communication \u00e0 votre service !<\/span><\/h3>[vc_column_text]Quiconque a vu une fois un gyropode Segway en mouvement s\u2019en souvient parfaitement ! Et pour cause ! Son c\u00f4t\u00e9 futuriste, la fluidit\u00e9 de son d\u00e9placement silencieux, l\u2019impression de voir la personne qui le dirige glisser sur le sol, attirent irr\u00e9sistiblement le regard des personnes qui croisent son chemin !<\/p>\n<p>De ce fait, il repr\u00e9sente \u00e0 lui seul un support publicitaire redoutablement efficace, surtout si on lui ajoute un car\u00e9nage aux couleurs de votre entreprise ! Il concentre tous les avantages indispensables pour une campagne de communication ![\/vc_column_text]<style>.vcex-button.vcex_69d63d5b81cdd{border-radius:23px;background:#00ff33;color:#000000!important;padding-block-start:12px;padding-block-end:9px;padding-inline:81px;margin-block-start:47px;border:1px solid #00FF33;font-family:Montserrat;font-size:20px;letter-spacing:2px;font-weight:600;text-transform:uppercase;}.vcex-button.vcex_69d63d5b81cdd:hover{background:rgba(0,0,0,0.01)!important;color:#00ff33!important;}@media (max-width:1024px){.vcex-button.vcex_69d63d5b81cdd{font-size:18px;}}@media (max-width:959px){.vcex-button.vcex_69d63d5b81cdd{font-size:18px;}}@media (max-width:767px){.vcex-button.vcex_69d63d5b81cdd{font-size:16px;}}@media (max-width:479px){.vcex-button.vcex_69d63d5b81cdd{font-size:16px;}}<\/style><style>.vcex_69d63d5b8829c{font-size:20px!important;}@media (max-width:1024px){.vcex_69d63d5b8829c{font-size:18px!important;}}@media (max-width:959px){.vcex_69d63d5b8829c{font-size:18px!important;}}@media (max-width:767px){.vcex_69d63d5b8829c{font-size:16px!important;}}@media (max-width:479px){.vcex_69d63d5b8829c{font-size:16px!important;}}<\/style><div class=\"theme-button-wrap theme-button-block-wrap wpex-block wpex-clear wpex-clr\"><a href=\"https:\/\/freemove.fr\/fr\/contact\/\" class=\"vcex-button theme-button flat align-left block vcex_69d63d5b8829c vcex_69d63d5b81cdd\"><span class=\"vcex-button-inner theme-button-inner wpex-flex wpex-flex-wrap wpex-items-center wpex-justify-center\">contactez-nous<\/span><\/a><\/div> [\/vc_column_inner][vc_column_inner el_class=\u00a0\u00bbpadding_15_mob\u00a0\u00bb width=\u00a0\u00bb1\/2&Prime; css=\u00a0\u00bb.vc_custom_1623491678887{margin-bottom: 0px !important;padding-top: 20px !important;padding-right: 20px !important;padding-bottom: 20px !important;padding-left: 20px !important;background-color: #ffffff !important;}\u00a0\u00bb offset=\u00a0\u00bbvc_col-lg-5 vc_col-md-5&Prime;]<style>.vcex-heading.vcex_69d63d5b88821{color:#000000;font-size:20px;font-family:Montserrat;font-weight:800;text-transform:uppercase;letter-spacing:2px;}@media (max-width:1024px){.vcex-heading.vcex_69d63d5b88821{font-size:18px;}}@media (max-width:959px){.vcex-heading.vcex_69d63d5b88821{font-size:18px;}}@media (max-width:767px){.vcex-heading.vcex_69d63d5b88821{font-size:18px;}}@media (max-width:479px){.vcex-heading.vcex_69d63d5b88821{font-size:16px;}}<\/style><h3 class=\"vcex-heading vcex-heading-plain vcex-module wpex-heading wpex-text-2xl wpex-mb-40 vcex_69d63d5b88821\"><span class=\"vcex-heading-inner wpex-inline-block\">Notre but ? faire que vous soyez bien vu !<\/span><\/h3>[vc_column_text]Notre flotte de gyropodes nous permet de couvrir plusieurs op\u00e9rations simultan\u00e9es, partout en France. N&rsquo;h\u00e9sitez pas \u00e0 nous demander conseil pour optimiser le rendement de vos campagnes publicitaires.<\/p>\n<ul>\n<li>Envoi de devis d\u00e9taill\u00e9s dans les 24h<\/li>\n<li>Conseils en amont et suivi de dossier<\/li>\n<li>Mise en place de la campagne<\/li>\n<li>Debriefing en fin d&rsquo;op\u00e9ration<\/li>\n<\/ul>\n<p><strong>Silencieux, rapide, efficace&#8230; et terriblement visuel ! Marquez les esprits&#8230; Surprenez votre public !<\/strong>[\/vc_column_text][\/vc_column_inner][\/vc_row_inner][\/vc_column][\/vc_row][vc_row css=\u00a0\u00bb.vc_custom_1623232101460{padding-top: 95px !important;padding-bottom: 115px !important;background-color: #ffffff !important;}\u00a0\u00bb el_class=\u00a0\u00bbpadding_uniform\u00a0\u00bb][vc_column el_class=\u00a0\u00bbcontainer\u00a0\u00bb css=\u00a0\u00bb.vc_custom_1623145253927{padding-right: 17.5px !important;padding-left: 17.5px !important;}\u00a0\u00bb][vc_row_inner gap=\u00a0\u00bb35&Prime;][vc_column_inner css=\u00a0\u00bb.vc_custom_1623152524355{margin-bottom: 0px !important;padding-right: 0px !important;padding-left: 0px !important;}\u00a0\u00bb]<style>.vcex-heading.vcex_69d63d5b88dbc{color:#000000;font-size:20px;font-family:Montserrat;font-weight:800;text-transform:uppercase;letter-spacing:2px;}<\/style><h2 class=\"vcex-heading vcex-heading-plain vcex-module wpex-heading wpex-text-2xl wpex-mb-15 vcex_69d63d5b88dbc\"><span class=\"vcex-heading-inner wpex-inline-block\">faites appel \u00e0 freemove et sa flotte de Segway<\/span><\/h2><div class=\"vcex-module vcex-divider vcex-divider-solid vcex-divider-center wpex-mx-auto wpex-max-w-100 wpex-block wpex-h-0 wpex-border-b wpex-border-solid wpex-border-main\" style=\"width:100%;margin-block-end:5px;border-bottom-width:2px;border-color:#000000;\"><\/div>[\/vc_column_inner][vc_column_inner width=\u00a0\u00bb1\/2&Prime; css=\u00a0\u00bb.vc_custom_1623152618595{margin-bottom: 0px !important;padding-right: 0px !important;padding-left: 0px !important;}\u00a0\u00bb]<style>.vcex-image.vcex_69d63d5b89d00 .vcex-image-inner{max-width:220px;}<\/style><figure class=\"vcex-image vcex-module wpex-text-center img_overflow vcex_69d63d5b89d00\"><div class=\"vcex-image-inner wpex-relative wpex-inline-block hvr hvr-grow vc_custom_1623750461939\"><a href=\"https:\/\/freemove.fr\/fr\/communication\/gyrobar\/\"><img loading=\"lazy\" class=\"vcex-image-img wpex-align-middle\" decoding=\"async\" src=\"https:\/\/freemove.fr\/wp-content\/uploads\/2021\/06\/gyrobar_4-min-516x262.jpg\" alt=\"\" width=\"516\" height=\"262\"><\/a><\/div><\/figure><style>.vcex-heading.vcex_69d63d5ba116e{color:#000000;font-size:20px;font-family:Montserrat;font-weight:600;text-transform:uppercase;line-height:1.2;letter-spacing:2px;}.vcex-heading.vcex_69d63d5ba116e:hover{color:#00ff33;}@media (max-width:1024px){.vcex-heading.vcex_69d63d5ba116e{font-size:18px;}}@media (max-width:959px){.vcex-heading.vcex_69d63d5ba116e{font-size:18px;}}@media (max-width:767px){.vcex-heading.vcex_69d63d5ba116e{font-size:16px;}}@media (max-width:479px){.vcex-heading.vcex_69d63d5ba116e{font-size:15px;}}<\/style><h4 class=\"vcex-heading vcex-heading-plain vcex-module wpex-heading wpex-text-2xl vc_custom_1623750469978 d-block vcex_69d63d5ba116e\"><a href=\"https:\/\/freemove.fr\/communication\/gyrobar\/\" class=\"wpex-no-underline wpex-inherit-color-important\" title=\"GyroBar\u00ae\" target=\"_self\"><span class=\"vcex-heading-inner wpex-inline-block\"><span class=\"d-flex justify-content-between align-items-center\"><span><strong>gyrobar\u00ae<\/strong><br><span class=\"letter-space0\">une exclusivit\u00e9 freemove !<\/span><\/span><span><i class=\"fal fa-arrow-right\"><\/i><\/span><\/span><\/span><\/a><\/h4>[\/vc_column_inner][vc_column_inner width=\u00a0\u00bb1\/2&Prime; css=\u00a0\u00bb.vc_custom_1623152626858{margin-bottom: 0px !important;padding-right: 0px !important;padding-left: 0px !important;}\u00a0\u00bb]<figure class=\"vcex-image vcex-module img_overflow\"><div class=\"vcex-image-inner wpex-relative wpex-inline-block hvr hvr-grow vc_custom_1623750483062\"><a href=\"https:\/\/freemove.fr\/fr\/communication\/street-marketing\/\"><img loading=\"lazy\" class=\"vcex-image-img wpex-align-middle\" decoding=\"async\" src=\"https:\/\/freemove.fr\/wp-content\/uploads\/2021\/06\/img_0750-516x262.jpg\" alt=\"\" width=\"516\" height=\"262\"><\/a><\/div><\/figure><style>.vcex-heading.vcex_69d63d5bb9d9b{color:#000000;font-size:20px;font-family:Montserrat;font-weight:600;text-transform:uppercase;line-height:1.2;letter-spacing:2px;}.vcex-heading.vcex_69d63d5bb9d9b:hover{color:#00ff33;}@media (max-width:1024px){.vcex-heading.vcex_69d63d5bb9d9b{font-size:18px;}}@media (max-width:959px){.vcex-heading.vcex_69d63d5bb9d9b{font-size:18px;}}@media (max-width:767px){.vcex-heading.vcex_69d63d5bb9d9b{font-size:16px;}}@media (max-width:479px){.vcex-heading.vcex_69d63d5bb9d9b{font-size:15px;}}<\/style><h4 class=\"vcex-heading vcex-heading-plain vcex-module wpex-heading wpex-text-2xl vc_custom_1629273438426 d-block vcex_69d63d5bb9d9b\"><a href=\"https:\/\/freemove.fr\/communication\/street-marketing\/\" class=\"wpex-no-underline wpex-inherit-color-important\" title=\"Street-Marketing\" target=\"_self\"><span class=\"vcex-heading-inner wpex-inline-block\"><span class=\"d-flex justify-content-between align-items-center\"><span><strong>street-marketing<\/strong><br><span class=\"letter-space0\">diffusez votre message partout !<\/span><\/span><span><i class=\"fal fa-arrow-right\"><\/i><\/span><\/span><\/span><\/a><\/h4>[\/vc_column_inner][\/vc_row_inner][\/vc_column][\/vc_row]\n<\/div>","protected":false},"excerpt":{"rendered":"<p>[vc_row css=\u00a0\u00bb.vc_custom_1623609471623{margin-bottom: 0px !important;padding-bottom: 0px !important;background-image: url(https:\/\/freemove.fr\/wp-content\/uploads\/2021\/06\/img_0750-min1.jpg?id=3764) !important;background-position: center !important;background-repeat: no-repeat !important;background-size: cover !important;}\u00a0\u00bb el_class=\u00a0\u00bbbanner_post\u00a0\u00bb][vc_column el_class=\u00a0\u00bbcontainer banner_pad\u00a0\u00bb css=\u00a0\u00bb.vc_custom_1623700071726{margin-bottom: 0px !important;padding-top: 310px !important;padding-bottom: 216px !important;background-position: center !important;background-repeat: no-repeat !important;background-size: cover !important;}\u00a0\u00bb][vc_row_inner css=\u00a0\u00bb.vc_custom_1623491903936{margin-bottom: 0px !important;}\u00a0\u00bb][vc_column_inner css=\u00a0\u00bb.vc_custom_1623413500349{margin-bottom: 0px !important;padding-right: 0px !important;padding-left: 0px !important;}\u00a0\u00bb][\/vc_column_inner][\/vc_row_inner][\/vc_column][\/vc_row][vc_row css=\u00a0\u00bb.vc_custom_1623491181655{margin-bottom: 0px !important;padding-top: 120px !important;padding-bottom: 100px !important;}\u00a0\u00bb el_class=\u00a0\u00bbpadding_uniform\u00a0\u00bb][vc_column el_class=\u00a0\u00bbcontainer\u00a0\u00bb css=\u00a0\u00bb.vc_custom_1623491227576{margin-bottom: 0px !important;padding-right: 17.5px !important;padding-bottom: 0px&hellip;<\/p>\n","protected":false},"author":2,"featured_media":3557,"parent":0,"menu_order":0,"comment_status":"closed","ping_status":"closed","template":"","meta":{"inline_featured_image":false,"footnotes":""},"class_list":["post-3748","page","type-page","status-publish","has-post-thumbnail","hentry","entry","has-media"],"acf":[],"yoast_head":"<!-- This site is optimized with the Yoast SEO plugin v24.9 - https:\/\/yoast.com\/wordpress\/plugins\/seo\/ -->\n<title>Faites De La Pub En Segway Prospectez Diffusez Faites Vous Conna\u00eetre<\/title>\n<meta name=\"description\" content=\"Faites vous voir partout avec notre flotte de Segway publicitaires. Offrez un maximum de visibilit\u00e9 \u00e0 vos campagnes de communication partout en France\" \/>\n<meta name=\"robots\" content=\"index, follow, max-snippet:-1, max-image-preview:large, max-video-preview:-1\" \/>\n<link rel=\"canonical\" href=\"https:\/\/freemove.fr\/fr\/communication\/\" \/>\n<meta property=\"og:locale\" content=\"fr_FR\" \/>\n<meta property=\"og:type\" content=\"article\" \/>\n<meta property=\"og:title\" content=\"Faites De La Pub En Segway Prospectez Diffusez Faites Vous Conna\u00eetre\" \/>\n<meta property=\"og:description\" content=\"Faites vous voir partout avec notre flotte de Segway publicitaires. Offrez un maximum de visibilit\u00e9 \u00e0 vos campagnes de communication partout en France\" \/>\n<meta property=\"og:url\" content=\"https:\/\/freemove.fr\/fr\/communication\/\" \/>\n<meta property=\"og:site_name\" content=\"Freemove la Glisse \u00c9lectrique pour tous\" \/>\n<meta property=\"article:modified_time\" content=\"2021-11-30T16:00:15+00:00\" \/>\n<meta property=\"og:image\" content=\"https:\/\/freemove.fr\/wp-content\/uploads\/2020\/05\/visite-insolite-nice-segway.jpg\" \/>\n\t<meta property=\"og:image:width\" content=\"973\" \/>\n\t<meta property=\"og:image:height\" content=\"400\" \/>\n\t<meta property=\"og:image:type\" content=\"image\/jpeg\" \/>\n<meta name=\"twitter:card\" content=\"summary_large_image\" \/>\n<meta name=\"twitter:label1\" content=\"Dur\u00e9e de lecture estim\u00e9e\" \/>\n\t<meta name=\"twitter:data1\" content=\"2 minutes\" \/>\n<script type=\"application\/ld+json\" class=\"yoast-schema-graph\">{\"@context\":\"https:\/\/schema.org\",\"@graph\":[{\"@type\":\"WebPage\",\"@id\":\"https:\/\/freemove.fr\/fr\/communication\/\",\"url\":\"https:\/\/freemove.fr\/fr\/communication\/\",\"name\":\"Faites De La Pub En Segway Prospectez Diffusez Faites Vous Conna\u00eetre\",\"isPartOf\":{\"@id\":\"https:\/\/freemove.fr\/en\/#website\"},\"primaryImageOfPage\":{\"@id\":\"https:\/\/freemove.fr\/fr\/communication\/#primaryimage\"},\"image\":{\"@id\":\"https:\/\/freemove.fr\/fr\/communication\/#primaryimage\"},\"thumbnailUrl\":\"https:\/\/freemove.fr\/wp-content\/uploads\/2020\/05\/visite-insolite-nice-segway.jpg\",\"datePublished\":\"2021-06-13T18:00:14+00:00\",\"dateModified\":\"2021-11-30T16:00:15+00:00\",\"description\":\"Faites vous voir partout avec notre flotte de Segway publicitaires. Offrez un maximum de visibilit\u00e9 \u00e0 vos campagnes de communication partout en France\",\"breadcrumb\":{\"@id\":\"https:\/\/freemove.fr\/fr\/communication\/#breadcrumb\"},\"inLanguage\":\"fr-FR\",\"potentialAction\":[{\"@type\":\"ReadAction\",\"target\":[\"https:\/\/freemove.fr\/fr\/communication\/\"]}]},{\"@type\":\"ImageObject\",\"inLanguage\":\"fr-FR\",\"@id\":\"https:\/\/freemove.fr\/fr\/communication\/#primaryimage\",\"url\":\"https:\/\/freemove.fr\/wp-content\/uploads\/2020\/05\/visite-insolite-nice-segway.jpg\",\"contentUrl\":\"https:\/\/freemove.fr\/wp-content\/uploads\/2020\/05\/visite-insolite-nice-segway.jpg\",\"width\":973,\"height\":400},{\"@type\":\"BreadcrumbList\",\"@id\":\"https:\/\/freemove.fr\/fr\/communication\/#breadcrumb\",\"itemListElement\":[{\"@type\":\"ListItem\",\"position\":1,\"name\":\"Accueil\",\"item\":\"https:\/\/freemove.fr\/fr\/\"},{\"@type\":\"ListItem\",\"position\":2,\"name\":\"Communication\"}]},{\"@type\":\"WebSite\",\"@id\":\"https:\/\/freemove.fr\/en\/#website\",\"url\":\"https:\/\/freemove.fr\/en\/\",\"name\":\"Freemove la Glisse \u00c9lectrique pour tous\",\"description\":\"Onewheel - Visites guid\u00e9es en Segway \u00e0 Amboise\",\"publisher\":{\"@id\":\"https:\/\/freemove.fr\/en\/#organization\"},\"potentialAction\":[{\"@type\":\"SearchAction\",\"target\":{\"@type\":\"EntryPoint\",\"urlTemplate\":\"https:\/\/freemove.fr\/en\/?s={search_term_string}\"},\"query-input\":{\"@type\":\"PropertyValueSpecification\",\"valueRequired\":true,\"valueName\":\"search_term_string\"}}],\"inLanguage\":\"fr-FR\"},{\"@type\":\"Organization\",\"@id\":\"https:\/\/freemove.fr\/en\/#organization\",\"name\":\"Freemove\",\"url\":\"https:\/\/freemove.fr\/en\/\",\"logo\":{\"@type\":\"ImageObject\",\"inLanguage\":\"fr-FR\",\"@id\":\"https:\/\/freemove.fr\/en\/#\/schema\/logo\/image\/\",\"url\":\"https:\/\/freemove.fr\/wp-content\/uploads\/2021\/06\/footer_logotype-1.svg\",\"contentUrl\":\"https:\/\/freemove.fr\/wp-content\/uploads\/2021\/06\/footer_logotype-1.svg\",\"width\":163,\"height\":45,\"caption\":\"Freemove\"},\"image\":{\"@id\":\"https:\/\/freemove.fr\/en\/#\/schema\/logo\/image\/\"}}]}<\/script>\n<!-- \/ Yoast SEO plugin. -->","yoast_head_json":{"title":"Faites De La Pub En Segway Prospectez Diffusez Faites Vous Conna\u00eetre","description":"Faites vous voir partout avec notre flotte de Segway publicitaires. Offrez un maximum de visibilit\u00e9 \u00e0 vos campagnes de communication partout en France","robots":{"index":"index","follow":"follow","max-snippet":"max-snippet:-1","max-image-preview":"max-image-preview:large","max-video-preview":"max-video-preview:-1"},"canonical":"https:\/\/freemove.fr\/fr\/communication\/","og_locale":"fr_FR","og_type":"article","og_title":"Faites De La Pub En Segway Prospectez Diffusez Faites Vous Conna\u00eetre","og_description":"Faites vous voir partout avec notre flotte de Segway publicitaires. Offrez un maximum de visibilit\u00e9 \u00e0 vos campagnes de communication partout en France","og_url":"https:\/\/freemove.fr\/fr\/communication\/","og_site_name":"Freemove la Glisse \u00c9lectrique pour tous","article_modified_time":"2021-11-30T16:00:15+00:00","og_image":[{"width":973,"height":400,"url":"https:\/\/freemove.fr\/wp-content\/uploads\/2020\/05\/visite-insolite-nice-segway.jpg","type":"image\/jpeg"}],"twitter_card":"summary_large_image","twitter_misc":{"Dur\u00e9e de lecture estim\u00e9e":"2 minutes"},"schema":{"@context":"https:\/\/schema.org","@graph":[{"@type":"WebPage","@id":"https:\/\/freemove.fr\/fr\/communication\/","url":"https:\/\/freemove.fr\/fr\/communication\/","name":"Faites De La Pub En Segway Prospectez Diffusez Faites Vous Conna\u00eetre","isPartOf":{"@id":"https:\/\/freemove.fr\/en\/#website"},"primaryImageOfPage":{"@id":"https:\/\/freemove.fr\/fr\/communication\/#primaryimage"},"image":{"@id":"https:\/\/freemove.fr\/fr\/communication\/#primaryimage"},"thumbnailUrl":"https:\/\/freemove.fr\/wp-content\/uploads\/2020\/05\/visite-insolite-nice-segway.jpg","datePublished":"2021-06-13T18:00:14+00:00","dateModified":"2021-11-30T16:00:15+00:00","description":"Faites vous voir partout avec notre flotte de Segway publicitaires. Offrez un maximum de visibilit\u00e9 \u00e0 vos campagnes de communication partout en France","breadcrumb":{"@id":"https:\/\/freemove.fr\/fr\/communication\/#breadcrumb"},"inLanguage":"fr-FR","potentialAction":[{"@type":"ReadAction","target":["https:\/\/freemove.fr\/fr\/communication\/"]}]},{"@type":"ImageObject","inLanguage":"fr-FR","@id":"https:\/\/freemove.fr\/fr\/communication\/#primaryimage","url":"https:\/\/freemove.fr\/wp-content\/uploads\/2020\/05\/visite-insolite-nice-segway.jpg","contentUrl":"https:\/\/freemove.fr\/wp-content\/uploads\/2020\/05\/visite-insolite-nice-segway.jpg","width":973,"height":400},{"@type":"BreadcrumbList","@id":"https:\/\/freemove.fr\/fr\/communication\/#breadcrumb","itemListElement":[{"@type":"ListItem","position":1,"name":"Accueil","item":"https:\/\/freemove.fr\/fr\/"},{"@type":"ListItem","position":2,"name":"Communication"}]},{"@type":"WebSite","@id":"https:\/\/freemove.fr\/en\/#website","url":"https:\/\/freemove.fr\/en\/","name":"Freemove la Glisse \u00c9lectrique pour tous","description":"Onewheel - Visites guid\u00e9es en Segway \u00e0 Amboise","publisher":{"@id":"https:\/\/freemove.fr\/en\/#organization"},"potentialAction":[{"@type":"SearchAction","target":{"@type":"EntryPoint","urlTemplate":"https:\/\/freemove.fr\/en\/?s={search_term_string}"},"query-input":{"@type":"PropertyValueSpecification","valueRequired":true,"valueName":"search_term_string"}}],"inLanguage":"fr-FR"},{"@type":"Organization","@id":"https:\/\/freemove.fr\/en\/#organization","name":"Freemove","url":"https:\/\/freemove.fr\/en\/","logo":{"@type":"ImageObject","inLanguage":"fr-FR","@id":"https:\/\/freemove.fr\/en\/#\/schema\/logo\/image\/","url":"https:\/\/freemove.fr\/wp-content\/uploads\/2021\/06\/footer_logotype-1.svg","contentUrl":"https:\/\/freemove.fr\/wp-content\/uploads\/2021\/06\/footer_logotype-1.svg","width":163,"height":45,"caption":"Freemove"},"image":{"@id":"https:\/\/freemove.fr\/en\/#\/schema\/logo\/image\/"}}]}},"_links":{"self":[{"href":"https:\/\/freemove.fr\/fr\/wp-json\/wp\/v2\/pages\/3748","targetHints":{"allow":["GET"]}}],"collection":[{"href":"https:\/\/freemove.fr\/fr\/wp-json\/wp\/v2\/pages"}],"about":[{"href":"https:\/\/freemove.fr\/fr\/wp-json\/wp\/v2\/types\/page"}],"author":[{"embeddable":true,"href":"https:\/\/freemove.fr\/fr\/wp-json\/wp\/v2\/users\/2"}],"replies":[{"embeddable":true,"href":"https:\/\/freemove.fr\/fr\/wp-json\/wp\/v2\/comments?post=3748"}],"version-history":[{"count":18,"href":"https:\/\/freemove.fr\/fr\/wp-json\/wp\/v2\/pages\/3748\/revisions"}],"predecessor-version":[{"id":9403,"href":"https:\/\/freemove.fr\/fr\/wp-json\/wp\/v2\/pages\/3748\/revisions\/9403"}],"wp:featuredmedia":[{"embeddable":true,"href":"https:\/\/freemove.fr\/fr\/wp-json\/wp\/v2\/media\/3557"}],"wp:attachment":[{"href":"https:\/\/freemove.fr\/fr\/wp-json\/wp\/v2\/media?parent=3748"}],"curies":[{"name":"wp","href":"https:\/\/api.w.org\/{rel}","templated":true}]}}