


























{"id":3423,"date":"2021-06-06T21:12:06","date_gmt":"2021-06-06T19:12:06","guid":{"rendered":"https:\/\/freemove.fr\/slide-anything-popup-preview\/"},"modified":"2021-11-30T17:01:46","modified_gmt":"2021-11-30T16:01:46","slug":"promotion","status":"publish","type":"page","link":"https:\/\/freemove.fr\/fr\/promotion\/","title":{"rendered":"Promotion"},"content":{"rendered":"<div class='white' style='background:#fafafa; border:solid 1px #f0f0f0; border-radius:5px; padding:8px 8px 8px 8px;'>\n<div id='sample_slider' class='owl-carousel sa_owl_theme owl-pagination-true autohide-arrows' data-slider-id='sample_slider' style='visibility:hidden;'>\n<div id='sample_slider_slide05' class='sa_hover_container' style='padding:5% 5%; margin:0px 0%; background-color:#fff2cc; '><div style=\"text-align: center; padding-bottom: 10px;\">\r\n<div><img src=\"https:\/\/freemove.fr\/wp-content\/plugins\/slide-anything\/images\/sample_logo5.png\" alt=\"Logo 5\" \/><\/div>\r\n<h3>Company Name<\/h3>\r\n<p>Lorem ipsum dolor sit amet, cu usu cibo vituperata, id ius probo maiestatis inciderint, sit eu vide volutpat.<\/p>\r\n<\/div><\/div>\n<div id='sample_slider_slide01' class='sa_hover_container' style='padding:5% 5%; margin:0px 0%; background-color:#f4cccc; '><div style=\"text-align: center; padding-bottom: 10px;\">\r\n<div><img src=\"https:\/\/freemove.fr\/wp-content\/plugins\/slide-anything\/images\/sample_logo1.png\" alt=\"Logo 1\" \/><\/div>\r\n<h3>Company Name<\/h3>\r\n<p>Lorem ipsum dolor sit amet, cu usu cibo vituperata, id ius probo maiestatis inciderint, sit eu vide volutpat.<\/p>\r\n<\/div><\/div>\n<div id='sample_slider_slide02' class='sa_hover_container' style='padding:5% 5%; margin:0px 0%; background-color:#d9ead3; '><div style=\"text-align: center; padding-bottom: 10px;\">\r\n<div><img src=\"https:\/\/freemove.fr\/wp-content\/plugins\/slide-anything\/images\/sample_logo2.png\" alt=\"Logo 2\" \/><\/div>\r\n<h3>Company Name<\/h3>\r\n<p>Lorem ipsum dolor sit amet, cu usu cibo vituperata, id ius probo maiestatis inciderint, sit eu vide volutpat.<\/p>\r\n<\/div><\/div>\n<div id='sample_slider_slide08' class='sa_hover_container' style='padding:5% 5%; margin:0px 0%; background-color:#ead1dc; '><div style=\"text-align: center; padding-bottom: 10px;\">\r\n<div><img src=\"https:\/\/freemove.fr\/wp-content\/plugins\/slide-anything\/images\/sample_logo8.png\" alt=\"Logo 8\" \/><\/div>\r\n<h3>Company Name<\/h3>\r\n<p>Lorem ipsum dolor sit amet, cu usu cibo vituperata, id ius probo maiestatis inciderint, sit eu vide volutpat.<\/p>\r\n<\/div><\/div>\n<div id='sample_slider_slide04' class='sa_hover_container' style='padding:5% 5%; margin:0px 0%; background-color:#d0e0e3; '><div style=\"text-align: center; padding-bottom: 10px;\">\r\n<div><img src=\"https:\/\/freemove.fr\/wp-content\/plugins\/slide-anything\/images\/sample_logo4.png\" alt=\"Logo 4\" \/><\/div>\r\n<h3>Company Name<\/h3>\r\n<p>Lorem ipsum dolor sit amet, cu usu cibo vituperata, id ius probo maiestatis inciderint, sit eu vide volutpat.<\/p>\r\n<\/div><\/div>\n<div id='sample_slider_slide06' class='sa_hover_container' style='padding:5% 5%; margin:0px 0%; background-color:#cfe2f3; '><div style=\"text-align: center; padding-bottom: 10px;\">\r\n<div><img src=\"https:\/\/freemove.fr\/wp-content\/plugins\/slide-anything\/images\/sample_logo6.png\" alt=\"Logo 6\" \/><\/div>\r\n<h3>Company Name<\/h3>\r\n<p>Lorem ipsum dolor sit amet, cu usu cibo vituperata, id ius probo maiestatis inciderint, sit eu vide volutpat.<\/p>\r\n<\/div><\/div>\n<div id='sample_slider_slide07' class='sa_hover_container' style='padding:5% 5%; margin:0px 0%; background-color:#d9d2e9; '><div style=\"text-align: center; padding-bottom: 10px;\">\r\n<div><img src=\"https:\/\/freemove.fr\/wp-content\/plugins\/slide-anything\/images\/sample_logo7.png\" alt=\"Logo 7\" \/><\/div>\r\n<h3>Company Name<\/h3>\r\n<p>Lorem ipsum dolor sit amet, cu usu cibo vituperata, id ius probo maiestatis inciderint, sit eu vide volutpat.<\/p>\r\n<\/div><\/div>\n<div id='sample_slider_slide03' class='sa_hover_container' style='padding:5% 5%; margin:0px 0%; background-color:#fce5cd; '><div style=\"text-align: center; padding-bottom: 10px;\">\r\n<div><img src=\"https:\/\/freemove.fr\/wp-content\/plugins\/slide-anything\/images\/sample_logo3.png\" alt=\"Logo 3\" \/><\/div>\r\n<h3>Company Name<\/h3>\r\n<p>Lorem ipsum dolor sit amet, cu usu cibo vituperata, id ius probo maiestatis inciderint, sit eu vide volutpat.<\/p>\r\n<\/div><\/div>\n<\/div>\n<\/div>\n<script type='text\/javascript'>\n\tjQuery(document).ready(function() {\n\t\tjQuery('#sample_slider').owlCarousel({\n\t\t\tresponsive:{\n\t\t\t\t0:{ items:1 },\n\t\t\t\t480:{ items:2 },\n\t\t\t\t768:{ items:3 },\n\t\t\t\t980:{ items:4 },\n\t\t\t\t1200:{ items:4 },\n\t\t\t\t1500:{ items:4 }\n\t\t\t},\n\t\t\tautoplay : false,\n\t\t\tautoplayHoverPause : false,\n\t\t\tsmartSpeed : 3000,\n\t\t\tfluidSpeed : 3000,\n\t\t\tautoplaySpeed : 3000,\n\t\t\tnavSpeed : 3000,\n\t\t\tdotsSpeed : 3000,\n\t\t\tloop : true,\n\t\t\tnav : true,\n\t\t\tnavText : ['Previous','Next'],\n\t\t\tdots : true,\n\t\t\tresponsiveRefreshRate : 200,\n\t\t\tslideBy : 1,\n\t\t\tmergeFit : true,\n\t\t\tautoHeight : false,\n\t\t\tmouseDrag : false,\n\t\t\ttouchDrag : true\n\t\t});\n\t\tjQuery('#sample_slider').css('visibility', 'visible');\n\t\tsa_resize_sample_slider();\n\t\twindow.addEventListener('resize', sa_resize_sample_slider);\n\t\tfunction sa_resize_sample_slider() {\n\t\t\tvar min_height = '50';\n\t\t\tvar win_width = jQuery(window).width();\n\t\t\tvar slider_width = jQuery('#sample_slider').width();\n\t\t\tif (win_width < 480) {\n\t\t\t\tvar slide_width = slider_width \/ 1;\n\t\t\t} else if (win_width < 768) {\n\t\t\t\tvar slide_width = slider_width \/ 2;\n\t\t\t} else if (win_width < 980) {\n\t\t\t\tvar slide_width = slider_width \/ 3;\n\t\t\t} else if (win_width < 1200) {\n\t\t\t\tvar slide_width = slider_width \/ 4;\n\t\t\t} else if (win_width < 1500) {\n\t\t\t\tvar slide_width = slider_width \/ 4;\n\t\t\t} else {\n\t\t\t\tvar slide_width = slider_width \/ 4;\n\t\t\t}\n\t\t\tslide_width = Math.round(slide_width);\n\t\t\tvar slide_height = '0';\n\t\t\tif (min_height == 'aspect43') {\n\t\t\t\tslide_height = (slide_width \/ 4) * 3;\t\t\t\tslide_height = Math.round(slide_height);\n\t\t\t} else if (min_height == 'aspect169') {\n\t\t\t\tslide_height = (slide_width \/ 16) * 9;\t\t\t\tslide_height = Math.round(slide_height);\n\t\t\t} else {\n\t\t\t\tslide_height = (slide_width \/ 100) * min_height;\t\t\t\tslide_height = Math.round(slide_height);\n\t\t\t}\n\t\t\tjQuery('#sample_slider .owl-item .sa_hover_container').css('min-height', slide_height+'px');\n\t\t}\n\t\tvar owl_goto = jQuery('#sample_slider');\n\t\tjQuery('.sample_slider_goto1').click(function(event){\n\t\t\towl_goto.trigger('to.owl.carousel', 0);\n\t\t});\n\t\tjQuery('.sample_slider_goto2').click(function(event){\n\t\t\towl_goto.trigger('to.owl.carousel', 1);\n\t\t});\n\t\tjQuery('.sample_slider_goto3').click(function(event){\n\t\t\towl_goto.trigger('to.owl.carousel', 2);\n\t\t});\n\t\tjQuery('.sample_slider_goto4').click(function(event){\n\t\t\towl_goto.trigger('to.owl.carousel', 3);\n\t\t});\n\t\tjQuery('.sample_slider_goto5').click(function(event){\n\t\t\towl_goto.trigger('to.owl.carousel', 4);\n\t\t});\n\t\tjQuery('.sample_slider_goto6').click(function(event){\n\t\t\towl_goto.trigger('to.owl.carousel', 5);\n\t\t});\n\t\tjQuery('.sample_slider_goto7').click(function(event){\n\t\t\towl_goto.trigger('to.owl.carousel', 6);\n\t\t});\n\t\tjQuery('.sample_slider_goto8').click(function(event){\n\t\t\towl_goto.trigger('to.owl.carousel', 7);\n\t\t});\n\t\tvar resize_3422 = jQuery('.owl-carousel');\n\t\tresize_3422.on('initialized.owl.carousel', function(e) {\n\t\t\tif (typeof(Event) === 'function') {\n\t\t\t\twindow.dispatchEvent(new Event('resize'));\n\t\t\t} else {\n\t\t\t\tvar evt = window.document.createEvent('UIEvents');\n\t\t\t\tevt.initUIEvent('resize', true, false, window, 0);\n\t\t\t\twindow.dispatchEvent(evt);\n\t\t\t}\n\t\t});\n\t});\n<\/script>\n\n","protected":false},"excerpt":{"rendered":"Company Name Lorem ipsum dolor sit amet, cu usu cibo vituperata, id ius probo maiestatis inciderint, sit eu vide volutpat. Company Name Lorem ipsum dolor sit amet, cu usu cibo vituperata, id ius probo maiestatis inciderint, sit eu vide volutpat. Company Name Lorem ipsum dolor sit amet, cu usu cibo vituperata, id ius probo maiestatis&hellip;","protected":false},"author":2,"featured_media":0,"parent":0,"menu_order":9999,"comment_status":"closed","ping_status":"closed","template":"","meta":{"inline_featured_image":false,"footnotes":""},"class_list":["post-3423","page","type-page","status-publish","hentry","entry","no-media"],"acf":[],"yoast_head":"<!-- This site is optimized with the Yoast SEO plugin v24.9 - https:\/\/yoast.com\/wordpress\/plugins\/seo\/ -->\n<title>Promotion<\/title>\n<meta name=\"robots\" content=\"index, follow, max-snippet:-1, max-image-preview:large, max-video-preview:-1\" \/>\n<link rel=\"canonical\" href=\"https:\/\/freemove.fr\/fr\/promotion\/\" \/>\n<meta property=\"og:locale\" content=\"fr_FR\" \/>\n<meta property=\"og:type\" content=\"article\" \/>\n<meta property=\"og:title\" content=\"Promotion\" \/>\n<meta property=\"og:url\" content=\"https:\/\/freemove.fr\/fr\/promotion\/\" \/>\n<meta property=\"og:site_name\" content=\"Freemove la Glisse \u00c9lectrique pour tous\" \/>\n<meta property=\"article:modified_time\" content=\"2021-11-30T16:01:46+00:00\" \/>\n<meta name=\"twitter:card\" content=\"summary_large_image\" \/>\n<script type=\"application\/ld+json\" class=\"yoast-schema-graph\">{\"@context\":\"https:\/\/schema.org\",\"@graph\":[{\"@type\":\"WebPage\",\"@id\":\"https:\/\/freemove.fr\/fr\/promotion\/\",\"url\":\"https:\/\/freemove.fr\/fr\/promotion\/\",\"name\":\"Promotion\",\"isPartOf\":{\"@id\":\"https:\/\/freemove.fr\/en\/#website\"},\"datePublished\":\"2021-06-06T19:12:06+00:00\",\"dateModified\":\"2021-11-30T16:01:46+00:00\",\"breadcrumb\":{\"@id\":\"https:\/\/freemove.fr\/fr\/promotion\/#breadcrumb\"},\"inLanguage\":\"fr-FR\",\"potentialAction\":[{\"@type\":\"ReadAction\",\"target\":[\"https:\/\/freemove.fr\/fr\/promotion\/\"]}]},{\"@type\":\"BreadcrumbList\",\"@id\":\"https:\/\/freemove.fr\/fr\/promotion\/#breadcrumb\",\"itemListElement\":[{\"@type\":\"ListItem\",\"position\":1,\"name\":\"Accueil\",\"item\":\"https:\/\/freemove.fr\/fr\/\"},{\"@type\":\"ListItem\",\"position\":2,\"name\":\"Promotion\"}]},{\"@type\":\"WebSite\",\"@id\":\"https:\/\/freemove.fr\/en\/#website\",\"url\":\"https:\/\/freemove.fr\/en\/\",\"name\":\"Freemove la Glisse \u00c9lectrique pour tous\",\"description\":\"Onewheel - Visites guid\u00e9es en Segway \u00e0 Amboise\",\"publisher\":{\"@id\":\"https:\/\/freemove.fr\/en\/#organization\"},\"potentialAction\":[{\"@type\":\"SearchAction\",\"target\":{\"@type\":\"EntryPoint\",\"urlTemplate\":\"https:\/\/freemove.fr\/en\/?s={search_term_string}\"},\"query-input\":{\"@type\":\"PropertyValueSpecification\",\"valueRequired\":true,\"valueName\":\"search_term_string\"}}],\"inLanguage\":\"fr-FR\"},{\"@type\":\"Organization\",\"@id\":\"https:\/\/freemove.fr\/en\/#organization\",\"name\":\"Freemove\",\"url\":\"https:\/\/freemove.fr\/en\/\",\"logo\":{\"@type\":\"ImageObject\",\"inLanguage\":\"fr-FR\",\"@id\":\"https:\/\/freemove.fr\/en\/#\/schema\/logo\/image\/\",\"url\":\"https:\/\/freemove.fr\/wp-content\/uploads\/2021\/06\/footer_logotype-1.svg\",\"contentUrl\":\"https:\/\/freemove.fr\/wp-content\/uploads\/2021\/06\/footer_logotype-1.svg\",\"width\":163,\"height\":45,\"caption\":\"Freemove\"},\"image\":{\"@id\":\"https:\/\/freemove.fr\/en\/#\/schema\/logo\/image\/\"}}]}<\/script>\n<!-- \/ Yoast SEO plugin. -->","yoast_head_json":{"title":"Promotion","robots":{"index":"index","follow":"follow","max-snippet":"max-snippet:-1","max-image-preview":"max-image-preview:large","max-video-preview":"max-video-preview:-1"},"canonical":"https:\/\/freemove.fr\/fr\/promotion\/","og_locale":"fr_FR","og_type":"article","og_title":"Promotion","og_url":"https:\/\/freemove.fr\/fr\/promotion\/","og_site_name":"Freemove la Glisse \u00c9lectrique pour tous","article_modified_time":"2021-11-30T16:01:46+00:00","twitter_card":"summary_large_image","schema":{"@context":"https:\/\/schema.org","@graph":[{"@type":"WebPage","@id":"https:\/\/freemove.fr\/fr\/promotion\/","url":"https:\/\/freemove.fr\/fr\/promotion\/","name":"Promotion","isPartOf":{"@id":"https:\/\/freemove.fr\/en\/#website"},"datePublished":"2021-06-06T19:12:06+00:00","dateModified":"2021-11-30T16:01:46+00:00","breadcrumb":{"@id":"https:\/\/freemove.fr\/fr\/promotion\/#breadcrumb"},"inLanguage":"fr-FR","potentialAction":[{"@type":"ReadAction","target":["https:\/\/freemove.fr\/fr\/promotion\/"]}]},{"@type":"BreadcrumbList","@id":"https:\/\/freemove.fr\/fr\/promotion\/#breadcrumb","itemListElement":[{"@type":"ListItem","position":1,"name":"Accueil","item":"https:\/\/freemove.fr\/fr\/"},{"@type":"ListItem","position":2,"name":"Promotion"}]},{"@type":"WebSite","@id":"https:\/\/freemove.fr\/en\/#website","url":"https:\/\/freemove.fr\/en\/","name":"Freemove la Glisse \u00c9lectrique pour tous","description":"Onewheel - Visites guid\u00e9es en Segway \u00e0 Amboise","publisher":{"@id":"https:\/\/freemove.fr\/en\/#organization"},"potentialAction":[{"@type":"SearchAction","target":{"@type":"EntryPoint","urlTemplate":"https:\/\/freemove.fr\/en\/?s={search_term_string}"},"query-input":{"@type":"PropertyValueSpecification","valueRequired":true,"valueName":"search_term_string"}}],"inLanguage":"fr-FR"},{"@type":"Organization","@id":"https:\/\/freemove.fr\/en\/#organization","name":"Freemove","url":"https:\/\/freemove.fr\/en\/","logo":{"@type":"ImageObject","inLanguage":"fr-FR","@id":"https:\/\/freemove.fr\/en\/#\/schema\/logo\/image\/","url":"https:\/\/freemove.fr\/wp-content\/uploads\/2021\/06\/footer_logotype-1.svg","contentUrl":"https:\/\/freemove.fr\/wp-content\/uploads\/2021\/06\/footer_logotype-1.svg","width":163,"height":45,"caption":"Freemove"},"image":{"@id":"https:\/\/freemove.fr\/en\/#\/schema\/logo\/image\/"}}]}},"_links":{"self":[{"href":"https:\/\/freemove.fr\/fr\/wp-json\/wp\/v2\/pages\/3423","targetHints":{"allow":["GET"]}}],"collection":[{"href":"https:\/\/freemove.fr\/fr\/wp-json\/wp\/v2\/pages"}],"about":[{"href":"https:\/\/freemove.fr\/fr\/wp-json\/wp\/v2\/types\/page"}],"author":[{"embeddable":true,"href":"https:\/\/freemove.fr\/fr\/wp-json\/wp\/v2\/users\/2"}],"replies":[{"embeddable":true,"href":"https:\/\/freemove.fr\/fr\/wp-json\/wp\/v2\/comments?post=3423"}],"version-history":[{"count":2,"href":"https:\/\/freemove.fr\/fr\/wp-json\/wp\/v2\/pages\/3423\/revisions"}],"predecessor-version":[{"id":7317,"href":"https:\/\/freemove.fr\/fr\/wp-json\/wp\/v2\/pages\/3423\/revisions\/7317"}],"wp:attachment":[{"href":"https:\/\/freemove.fr\/fr\/wp-json\/wp\/v2\/media?parent=3423"}],"curies":[{"name":"wp","href":"https:\/\/api.w.org\/{rel}","templated":true}]}}