


























{"id":2,"date":"2021-03-22T11:39:52","date_gmt":"2021-03-22T10:39:52","guid":{"rendered":"https:\/\/freemove.fr\/?page_id=2"},"modified":"2025-02-05T15:34:28","modified_gmt":"2025-02-05T14:34:28","slug":"mentions-legales","status":"publish","type":"page","link":"https:\/\/freemove.fr\/fr\/mentions-legales\/","title":{"rendered":"Mentions l\u00e9gales"},"content":{"rendered":"<div class=\"wpb-content-wrapper\">[vc_row][vc_column el_class=\u00a0\u00bbvc_column_container_wrap\u00a0\u00bb][vc_column_text]\n<h2>1 &#8211; \u00c9dition du site<\/h2>\n<p>En vertu de\u00a0<a href=\"https:\/\/www.legifrance.gouv.fr\/affichTexte.do?cidTexte=JORFTEXT000000801164#LEGIARTI000042038977\" target=\"_blank\" rel=\"noreferrer noopener\">l&rsquo;article 6 de la loi n\u00b0 2004-575 du 21 juin 2004<\/a>\u00a0pour la confiance dans l&rsquo;\u00e9conomie num\u00e9rique, il est pr\u00e9cis\u00e9 aux utilisateurs du site internet\u00a0<a href=\"https:\/\/freemove.fr\/\">https:\/\/freemove.fr\/<\/a>\u00a0l&rsquo;identit\u00e9 des diff\u00e9rents intervenants dans le cadre de sa r\u00e9alisation et de son suivi:<\/p>\n<p><strong>Propri\u00e9taire du site :\u00a0<\/strong>SARL FREEMOVE &#8211; Contact : contact@freemove.fr 02 47 30 95 35 &#8211; Adresse : 6, Les Sablons<br \/>\n37150 La Croix en Touraine.<\/p>\n<p><strong>Identification de l&rsquo;entreprise :<\/strong>\u00a0SARL SARL FREEMOVE au capital social de 6000\u20ac &#8211;<br \/>\nSIREN : 502 003 452 &#8211; RCS ou RM : 502 003 452 00013 &#8211;<br \/>\nAdresse postale : 6, Les Sablons<br \/>\n37150 La Croix en Touraine.<\/p>\n<p><strong>R\u00e9alisation du site :<\/strong> <a href=\"https:\/\/www.studioad.fr\/\">Studio\u00b7ad<\/a> &#8211; <a href=\"https:\/\/gdelam.com\/\">GdelaM<\/a><\/p>\n<p><strong>Directeur de la publication :\u00a0<\/strong>Nicolas ANTON &#8211; Contact : contact@freemove.fr.<\/p>\n<p><strong>H\u00e9bergeur :<\/strong> ONLINE SAS ONLINE SAS BP 438 75366 PARIS CEDEX 08<\/p>\n<p><strong>D\u00e9l\u00e9gu\u00e9 \u00e0 la protection des donn\u00e9es :\u00a0<\/strong>Nicolas ANTON &#8211; contact@freemove.fr<\/p>\n<h2>2 &#8211; Propri\u00e9t\u00e9 intellectuelle et contrefa\u00e7ons.<\/h2>\n<p><strong>SARL FREEMOVE<\/strong>\u00a0est propri\u00e9taire des droits de propri\u00e9t\u00e9 intellectuelle et d\u00e9tient les droits d\u2019usage sur tous les \u00e9l\u00e9ments accessibles sur le site internet, notamment les textes, images, graphismes, logos, vid\u00e9os, architecture, ic\u00f4nes et sons.<\/p>\n<p>Toute reproduction, repr\u00e9sentation, modification, publication, adaptation de tout ou partie des \u00e9l\u00e9ments du site, quel que soit le moyen ou le proc\u00e9d\u00e9 utilis\u00e9, est interdite, sauf autorisation \u00e9crite pr\u00e9alable de\u00a0<strong>SARL FREEMOVE<\/strong>.<\/p>\n<p>Toute exploitation non autoris\u00e9e du site ou de l\u2019un quelconque des \u00e9l\u00e9ments qu\u2019il contient sera consid\u00e9r\u00e9e comme constitutive d\u2019une contrefa\u00e7on et poursuivie conform\u00e9ment aux dispositions des articles\u00a0<a href=\"https:\/\/www.legifrance.gouv.fr\/affichCodeArticle.do?idArticle=LEGIARTI000032655082&amp;cidTexte=LEGITEXT000006069414&amp;dateTexte=20160605\" target=\"_blank\" rel=\"noreferrer noopener\">L.335-2 et suivants du Code de Propri\u00e9t\u00e9 Intellectuelle<\/a>.<\/p>\n<h2>3 &#8211; Limitations de responsabilit\u00e9.<\/h2>\n<p><strong>SARL FREEMOVE<\/strong>\u00a0ne pourra \u00eatre tenu pour responsable des dommages directs et indirects caus\u00e9s au mat\u00e9riel de l\u2019utilisateur, lors de l\u2019acc\u00e8s au site\u00a0<a href=\"https:\/\/freemove.fr\/\">https:\/\/freemove.fr\/<\/a>.<\/p>\n<p><strong>SARL FREEMOVE<\/strong>\u00a0d\u00e9cline toute responsabilit\u00e9 quant \u00e0 l\u2019utilisation qui pourrait \u00eatre faite des informations et contenus pr\u00e9sents sur\u00a0<a href=\"https:\/\/freemove.fr\/\">https:\/\/freemove.fr\/<\/a>.<\/p>\n<p><strong>SARL FREEMOVE<\/strong>\u00a0s\u2019engage \u00e0 s\u00e9curiser au mieux le site\u00a0<a href=\"https:\/\/freemove.fr\/\">https:\/\/freemove.fr\/<\/a>, cependant sa responsabilit\u00e9 ne pourra \u00eatre mise en cause si des donn\u00e9es ind\u00e9sirables sont import\u00e9es et install\u00e9es sur son site \u00e0 son insu.<\/p>\n<p>Des espaces interactifs (espace contact ou commentaires) sont \u00e0 la disposition des utilisateurs.\u00a0<strong>SARL FREEMOVE<\/strong>\u00a0se r\u00e9serve le droit de supprimer, sans mise en demeure pr\u00e9alable, tout contenu d\u00e9pos\u00e9 dans cet espace qui contreviendrait \u00e0 la l\u00e9gislation applicable en France, en particulier aux dispositions relatives \u00e0 la protection des donn\u00e9es.<\/p>\n<p>Le cas \u00e9ch\u00e9ant,\u00a0<strong>SARL FREEMOVE<\/strong>\u00a0se r\u00e9serve \u00e9galement la possibilit\u00e9 de mettre en cause la responsabilit\u00e9 civile et\/ou p\u00e9nale de l\u2019utilisateur, notamment en cas de message \u00e0 caract\u00e8re raciste, injurieux, diffamant, ou pornographique, quel que soit le support utilis\u00e9 (texte, photographie \u2026).<\/p>\n<h2>4 &#8211; CNIL et gestion des donn\u00e9es personnelles.<\/h2>\n<p>Conform\u00e9ment aux dispositions de\u00a0<a href=\"https:\/\/www.legifrance.gouv.fr\/affichTexte.do?cidTexte=JORFTEXT000000886460\" target=\"_blank\" rel=\"noreferrer noopener\">la loi 78-17 du 6 janvier 1978 modifi\u00e9e<\/a>, l\u2019utilisateur du site\u00a0<a href=\"https:\/\/freemove.fr\/\">https:\/\/freemove.fr\/<\/a>\u00a0dispose d\u2019un droit d\u2019acc\u00e8s, de modification et de suppression des informations collect\u00e9es. Pour exercer ce droit, envoyez un message \u00e0 notre D\u00e9l\u00e9gu\u00e9 \u00e0 la Protection des Donn\u00e9es :\u00a0<strong>Nicolas ANTON<\/strong>\u00a0&#8211;\u00a0<strong>contact@freemove.fr<\/strong>.<\/p>\n<p>Pour plus d&rsquo;informations sur la fa\u00e7on dont nous traitons vos donn\u00e9es (type de donn\u00e9es, finalit\u00e9, destinataire&#8230;), lisez notre\u00a0<a href=\"https:\/\/freemove.fr\/mentions-legales\">Politique de Confidentialit\u00e9<\/a>.<\/p>\n<p>Il est \u00e9galement possible de\u00a0<a href=\"https:\/\/www.cnil.fr\/fr\/plaintes\" target=\"_blank\" rel=\"noreferrer noopener\">d\u00e9poser une r\u00e9clamation aupr\u00e8s de la CNIL<\/a>.<\/p>\n<h2>5 &#8211; Liens hypertextes et cookies<\/h2>\n<p>Le site\u00a0<a href=\"http:\/\/https\/\/freemove.fr\/\">https:\/\/freemove.fr\/<\/a>\u00a0contient des liens hypertextes vers d\u2019autres sites et d\u00e9gage toute responsabilit\u00e9 \u00e0 propos de ces liens externes ou des liens cr\u00e9\u00e9s par d\u2019autres sites vers\u00a0<a href=\"http:\/\/https\/\/freemove.fr\/\">https:\/\/freemove.fr\/<\/a>.<\/p>\n<p>La navigation sur le site\u00a0<a href=\"https:\/\/freemove.fr\/\">https:\/\/freemove.fr\/<\/a>\u00a0est susceptible de provoquer l\u2019installation de cookie(s) sur l\u2019ordinateur de l\u2019utilisateur.<\/p>\n<p>Un \u00ab\u00a0cookie\u00a0\u00bb est un fichier de petite taille qui enregistre des informations relatives \u00e0 la navigation d\u2019un utilisateur sur un site. Les donn\u00e9es ainsi obtenues permettent d&rsquo;obtenir des mesures de fr\u00e9quentation, par exemple.<\/p>\n<p>Vous avez la possibilit\u00e9\u00a0<strong>d\u2019accepter ou de refuser les cookies<\/strong>\u00a0en modifiant les param\u00e8tres de votre navigateur. Aucun cookie ne sera d\u00e9pos\u00e9 sans votre consentement.<\/p>\n<p>Les cookies sont enregistr\u00e9s pour une dur\u00e9e maximale de 12 mois.<\/p>\n<p>Pour plus d&rsquo;informations sur la fa\u00e7on dont nous faisons usage des cookies, lisez notre\u00a0<a href=\"https:\/\/freemove.fr\/mentions-legales\">Politique de Confidentialit\u00e9<\/a>.<\/p>\n<h2>6 &#8211; Droit applicable et attribution de juridiction.<\/h2>\n<p>Tout litige en relation avec l\u2019utilisation du site\u00a0<a href=\"https:\/\/freemove.fr\/\">https:\/\/freemove.fr\/<\/a>\u00a0est soumis au droit fran\u00e7ais. En dehors des cas o\u00f9 la loi ne le permet pas, il est fait attribution exclusive de juridiction aux tribunaux comp\u00e9tents de\u00a0<strong>Tours<\/strong>.<\/p>\n<h2>7 &#8211; Politique de confidentialit\u00e9.<\/h2>\n<h2><strong>1. Introduction<\/strong><\/h2>\n<p>La soci\u00e9t\u00e9 <strong>Freemove<\/strong> (ci-apr\u00e8s \u00ab nous \u00bb, \u00ab notre \u00bb, \u00ab Freemove \u00bb), soucieuse de la protection des donn\u00e9es personnelles de ses utilisateurs, s\u2019engage \u00e0 assurer la confidentialit\u00e9 et la s\u00e9curit\u00e9 des informations collect\u00e9es sur son site web <strong><a href=\"https:\/\/freemove.fr\/\" target=\"_new\" rel=\"noopener\">https:\/\/freemove.fr\/<\/a><\/strong> ainsi que dans le cadre de l\u2019utilisation de ses services, y compris notre chatbot WhatsApp d\u00e9di\u00e9 aux clients Airbnb.<\/p>\n<p>Cette politique de confidentialit\u00e9 vise \u00e0 vous informer de mani\u00e8re transparente sur les donn\u00e9es que nous collectons, leur traitement et vos droits en mati\u00e8re de protection des donn\u00e9es personnelles.<\/p>\n<h2><strong>2. Responsable du traitement des donn\u00e9es<\/strong><\/h2>\n<p>Le responsable du traitement des donn\u00e9es personnelles est :<br \/>\n<strong>Freemove<\/strong><br \/>\n6, Les Sablons &#8211; 37150 La Croix en Touraine &#8211; France<br \/>\ncontact@freemove.fr<br \/>\n0247309535<br \/>\nSIRET 50200345200013<\/p>\n<h2><strong>3. Donn\u00e9es collect\u00e9es<\/strong><\/h2>\n<p>Nous collectons et traitons diff\u00e9rentes cat\u00e9gories de donn\u00e9es personnelles, en fonction de votre utilisation de nos services :<\/p>\n<h3><strong>3.1. Donn\u00e9es fournies directement par l\u2019utilisateur<\/strong><\/h3>\n<ul>\n<li>Nom, pr\u00e9nom<\/li>\n<li>Adresse e-mail<\/li>\n<li>Num\u00e9ro de t\u00e9l\u00e9phone<\/li>\n<li>Adresse postale (le cas \u00e9ch\u00e9ant)<\/li>\n<li>Messages envoy\u00e9s via le chatbot WhatsApp<\/li>\n<\/ul>\n<h3><strong>3.2. Donn\u00e9es collect\u00e9es automatiquement<\/strong><\/h3>\n<ul>\n<li>Adresse IP<\/li>\n<li>Type d\u2019appareil et navigateur utilis\u00e9<\/li>\n<li>Donn\u00e9es de navigation sur notre site (cookies et traceurs)<\/li>\n<\/ul>\n<h3><strong>3.3. Donn\u00e9es collect\u00e9es via des services tiers<\/strong><\/h3>\n<p>Dans le cadre de notre chatbot WhatsApp et de nos interactions via Meta (Facebook, Instagram, WhatsApp), nous pouvons recevoir certaines informations li\u00e9es \u00e0 votre compte et aux interactions avec nos services.<\/p>\n<h2><strong>4. Finalit\u00e9s du traitement des donn\u00e9es<\/strong><\/h2>\n<p>Nous collectons et traitons vos donn\u00e9es pour les finalit\u00e9s suivantes :<\/p>\n<ol>\n<li><strong>Fournir nos services<\/strong> : Gestion des r\u00e9servations Airbnb et assistance via notre chatbot WhatsApp.<\/li>\n<li><strong>Communication avec nos utilisateurs<\/strong> : R\u00e9ponse aux demandes et envoi d\u2019informations li\u00e9es \u00e0 nos services.<\/li>\n<li><strong>Am\u00e9lioration de l\u2019exp\u00e9rience utilisateur<\/strong> : Analyse de la navigation sur notre site.<\/li>\n<li><strong>Respect des obligations l\u00e9gales<\/strong> : Conservation des factures et conformit\u00e9 aux exigences fiscales et r\u00e9glementaires.<\/li>\n<li><strong>Marketing et promotion<\/strong> (avec consentement pr\u00e9alable) : Envoi de newsletters et d\u2019offres sp\u00e9ciales.<\/li>\n<\/ol>\n<h2><strong>5. Base l\u00e9gale du traitement<\/strong><\/h2>\n<p>Nous traitons vos donn\u00e9es sur les bases l\u00e9gales suivantes :<\/p>\n<ul>\n<li><strong>Ex\u00e9cution d\u2019un contrat<\/strong> (ex. gestion des r\u00e9servations et assistance via WhatsApp).<\/li>\n<li><strong>Consentement<\/strong> (ex. inscription \u00e0 notre newsletter, utilisation des cookies).<\/li>\n<li><strong>Obligation l\u00e9gale<\/strong> (ex. conservation des factures).<\/li>\n<li><strong>Int\u00e9r\u00eat l\u00e9gitime<\/strong> (ex. am\u00e9lioration de nos services).<\/li>\n<\/ul>\n<h2><strong>6. Dur\u00e9e de conservation des donn\u00e9es<\/strong><\/h2>\n<p>Nous conservons vos donn\u00e9es personnelles uniquement le temps n\u00e9cessaire pour atteindre les finalit\u00e9s mentionn\u00e9es ci-dessus :<\/p>\n<ul>\n<li><strong>Donn\u00e9es clients<\/strong> : 3 ans apr\u00e8s la fin de la relation commerciale.<\/li>\n<li><strong>Donn\u00e9es de navigation (cookies)<\/strong> : 13 mois maximum.<\/li>\n<li><strong>Donn\u00e9es li\u00e9es aux obligations l\u00e9gales<\/strong> : 10 ans (factures, comptabilit\u00e9).<\/li>\n<\/ul>\n<h2><strong>7. Partage des donn\u00e9es et sous-traitants<\/strong><\/h2>\n<p>Nous ne vendons ni ne louons vos donn\u00e9es \u00e0 des tiers. Toutefois, nous pouvons partager certaines informations avec :<\/p>\n<ul>\n<li><strong>Fournisseurs de services<\/strong> (h\u00e9bergement web, outils d\u2019analyse, messagerie, etc.).<\/li>\n<li><strong>Plateformes partenaires<\/strong> (Meta, WhatsApp Business) pour l\u2019utilisation du chatbot.<\/li>\n<li><strong>Autorit\u00e9s l\u00e9gales<\/strong> en cas d\u2019obligation l\u00e9gale.<\/li>\n<\/ul>\n<p>Tous nos partenaires respectent les r\u00e9glementations en vigueur en mati\u00e8re de protection des donn\u00e9es.<\/p>\n<h2><strong>8. Transfert des donn\u00e9es hors de l\u2019UE<\/strong><\/h2>\n<p>Certains de nos partenaires (ex. Meta, Google) sont situ\u00e9s en dehors de l\u2019Union Europ\u00e9enne. Nous nous assurons que ces transferts respectent un niveau de protection des donn\u00e9es conforme aux exigences du RGPD (clauses contractuelles types, Privacy Shield).<\/p>\n<h2><strong>9. S\u00e9curit\u00e9 des donn\u00e9es<\/strong><\/h2>\n<p>Nous mettons en \u0153uvre des mesures techniques et organisationnelles pour prot\u00e9ger vos donn\u00e9es contre toute perte, destruction, acc\u00e8s non autoris\u00e9 ou divulgation abusive. Ces mesures incluent :<\/p>\n<ul>\n<li>Cryptage des communications.<\/li>\n<li>Contr\u00f4le des acc\u00e8s aux informations sensibles.<\/li>\n<li>H\u00e9bergement s\u00e9curis\u00e9 de nos serveurs.<\/li>\n<\/ul>\n<h2><strong>10. Vos droits<\/strong><\/h2>\n<p>Conform\u00e9ment au RGPD, vous disposez des droits suivants sur vos donn\u00e9es personnelles :<\/p>\n<ul>\n<li><strong>Droit d\u2019acc\u00e8s<\/strong> : Obtenir une copie de vos donn\u00e9es.<\/li>\n<li><strong>Droit de rectification<\/strong> : Corriger des donn\u00e9es inexactes.<\/li>\n<li><strong>Droit \u00e0 l\u2019effacement<\/strong> : Supprimer vos donn\u00e9es (sous conditions).<\/li>\n<li><strong>Droit d\u2019opposition<\/strong> : Vous opposer \u00e0 certains traitements.<\/li>\n<li><strong>Droit \u00e0 la portabilit\u00e9<\/strong> : R\u00e9cup\u00e9rer vos donn\u00e9es sous un format lisible.<\/li>\n<li><strong>Droit de limitation<\/strong> : Restreindre le traitement de vos donn\u00e9es sous certaines conditions.<\/li>\n<\/ul>\n<p>\ud83d\udce7 <strong>Exercer vos droits<\/strong> : Vous pouvez nous contacter \u00e0 l\u2019adresse suivante : contact@freemove.fr. Nous r\u00e9pondrons sous <strong>30 jours<\/strong>.<\/p>\n<h2><strong>11. Cookies et traceurs<\/strong><\/h2>\n<p>Nous utilisons des cookies pour :<\/p>\n<ul>\n<li>Am\u00e9liorer l\u2019exp\u00e9rience utilisateur.<\/li>\n<li>Analyser la fr\u00e9quentation du site (Google Analytics).<\/li>\n<li>Personnaliser le contenu et les publicit\u00e9s.<\/li>\n<\/ul>\n<p>Vous pouvez g\u00e9rer vos pr\u00e9f\u00e9rences via le <strong>bandeau cookies<\/strong> affich\u00e9 lors de votre premi\u00e8re visite ou directement dans les param\u00e8tres de votre navigateur.<\/p>\n<h2><strong>12. Modification de la politique de confidentialit\u00e9<\/strong><\/h2>\n<p>Nous nous r\u00e9servons le droit de modifier cette politique \u00e0 tout moment. Toute mise \u00e0 jour sera publi\u00e9e sur cette page avec la date de derni\u00e8re mise \u00e0 jour.<\/p>\n<p><strong>Derni\u00e8re mise \u00e0 jour : 01\/01\/2025<\/strong><\/p>\n[\/vc_column_text][\/vc_column][\/vc_row]\n<\/div>","protected":false},"excerpt":{"rendered":"<p>[vc_row][vc_column el_class=\u00a0\u00bbvc_column_container_wrap\u00a0\u00bb][vc_column_text] 1 &#8211; \u00c9dition du site En vertu de\u00a0l&rsquo;article 6 de la loi n\u00b0 2004-575 du 21 juin 2004\u00a0pour la confiance dans l&rsquo;\u00e9conomie num\u00e9rique, il est pr\u00e9cis\u00e9 aux utilisateurs du site internet\u00a0https:\/\/freemove.fr\/\u00a0l&rsquo;identit\u00e9 des diff\u00e9rents intervenants dans le cadre de sa r\u00e9alisation et de son suivi: Propri\u00e9taire du site :\u00a0SARL FREEMOVE &#8211; Contact : contact@freemove.fr&hellip;<\/p>\n","protected":false},"author":2,"featured_media":0,"parent":0,"menu_order":0,"comment_status":"closed","ping_status":"open","template":"","meta":{"inline_featured_image":false,"footnotes":""},"class_list":["post-2","page","type-page","status-publish","hentry","entry","no-media"],"acf":[],"yoast_head":"<!-- This site is optimized with the Yoast SEO plugin v24.9 - https:\/\/yoast.com\/wordpress\/plugins\/seo\/ -->\n<title>Mentions l\u00e9gales<\/title>\n<meta name=\"robots\" content=\"index, follow, max-snippet:-1, max-image-preview:large, max-video-preview:-1\" \/>\n<link rel=\"canonical\" href=\"https:\/\/freemove.fr\/fr\/mentions-legales\/\" \/>\n<meta property=\"og:locale\" content=\"fr_FR\" \/>\n<meta property=\"og:type\" content=\"article\" \/>\n<meta property=\"og:title\" content=\"Mentions l\u00e9gales\" \/>\n<meta property=\"og:description\" content=\"[vc_row][vc_column el_class=\u00a0\u00bbvc_column_container_wrap\u00a0\u00bb][vc_column_text] 1 &#8211; \u00c9dition du site En vertu de\u00a0l&rsquo;article 6 de la loi n\u00b0 2004-575 du 21 juin 2004\u00a0pour la confiance dans l&rsquo;\u00e9conomie num\u00e9rique, il est pr\u00e9cis\u00e9 aux utilisateurs du site internet\u00a0https:\/\/freemove.fr\/\u00a0l&rsquo;identit\u00e9 des diff\u00e9rents intervenants dans le cadre de sa r\u00e9alisation et de son suivi: Propri\u00e9taire du site :\u00a0SARL FREEMOVE &#8211; Contact : contact@freemove.fr&hellip;\" \/>\n<meta property=\"og:url\" content=\"https:\/\/freemove.fr\/fr\/mentions-legales\/\" \/>\n<meta property=\"og:site_name\" content=\"Freemove la Glisse \u00c9lectrique pour tous\" \/>\n<meta property=\"article:modified_time\" content=\"2025-02-05T14:34:28+00:00\" \/>\n<meta name=\"twitter:card\" content=\"summary_large_image\" \/>\n<meta name=\"twitter:label1\" content=\"Dur\u00e9e de lecture estim\u00e9e\" \/>\n\t<meta name=\"twitter:data1\" content=\"8 minutes\" \/>\n<script type=\"application\/ld+json\" class=\"yoast-schema-graph\">{\"@context\":\"https:\/\/schema.org\",\"@graph\":[{\"@type\":\"WebPage\",\"@id\":\"https:\/\/freemove.fr\/fr\/mentions-legales\/\",\"url\":\"https:\/\/freemove.fr\/fr\/mentions-legales\/\",\"name\":\"Mentions l\u00e9gales\",\"isPartOf\":{\"@id\":\"https:\/\/freemove.fr\/en\/#website\"},\"datePublished\":\"2021-03-22T10:39:52+00:00\",\"dateModified\":\"2025-02-05T14:34:28+00:00\",\"breadcrumb\":{\"@id\":\"https:\/\/freemove.fr\/fr\/mentions-legales\/#breadcrumb\"},\"inLanguage\":\"fr-FR\",\"potentialAction\":[{\"@type\":\"ReadAction\",\"target\":[\"https:\/\/freemove.fr\/fr\/mentions-legales\/\"]}]},{\"@type\":\"BreadcrumbList\",\"@id\":\"https:\/\/freemove.fr\/fr\/mentions-legales\/#breadcrumb\",\"itemListElement\":[{\"@type\":\"ListItem\",\"position\":1,\"name\":\"Accueil\",\"item\":\"https:\/\/freemove.fr\/fr\/\"},{\"@type\":\"ListItem\",\"position\":2,\"name\":\"Mentions l\u00e9gales\"}]},{\"@type\":\"WebSite\",\"@id\":\"https:\/\/freemove.fr\/en\/#website\",\"url\":\"https:\/\/freemove.fr\/en\/\",\"name\":\"Freemove la Glisse \u00c9lectrique pour tous\",\"description\":\"Onewheel - Visites guid\u00e9es en Segway \u00e0 Amboise\",\"publisher\":{\"@id\":\"https:\/\/freemove.fr\/en\/#organization\"},\"potentialAction\":[{\"@type\":\"SearchAction\",\"target\":{\"@type\":\"EntryPoint\",\"urlTemplate\":\"https:\/\/freemove.fr\/en\/?s={search_term_string}\"},\"query-input\":{\"@type\":\"PropertyValueSpecification\",\"valueRequired\":true,\"valueName\":\"search_term_string\"}}],\"inLanguage\":\"fr-FR\"},{\"@type\":\"Organization\",\"@id\":\"https:\/\/freemove.fr\/en\/#organization\",\"name\":\"Freemove\",\"url\":\"https:\/\/freemove.fr\/en\/\",\"logo\":{\"@type\":\"ImageObject\",\"inLanguage\":\"fr-FR\",\"@id\":\"https:\/\/freemove.fr\/en\/#\/schema\/logo\/image\/\",\"url\":\"https:\/\/freemove.fr\/wp-content\/uploads\/2021\/06\/footer_logotype-1.svg\",\"contentUrl\":\"https:\/\/freemove.fr\/wp-content\/uploads\/2021\/06\/footer_logotype-1.svg\",\"width\":163,\"height\":45,\"caption\":\"Freemove\"},\"image\":{\"@id\":\"https:\/\/freemove.fr\/en\/#\/schema\/logo\/image\/\"}}]}<\/script>\n<!-- \/ Yoast SEO plugin. -->","yoast_head_json":{"title":"Mentions l\u00e9gales","robots":{"index":"index","follow":"follow","max-snippet":"max-snippet:-1","max-image-preview":"max-image-preview:large","max-video-preview":"max-video-preview:-1"},"canonical":"https:\/\/freemove.fr\/fr\/mentions-legales\/","og_locale":"fr_FR","og_type":"article","og_title":"Mentions l\u00e9gales","og_description":"[vc_row][vc_column el_class=\u00a0\u00bbvc_column_container_wrap\u00a0\u00bb][vc_column_text] 1 &#8211; \u00c9dition du site En vertu de\u00a0l&rsquo;article 6 de la loi n\u00b0 2004-575 du 21 juin 2004\u00a0pour la confiance dans l&rsquo;\u00e9conomie num\u00e9rique, il est pr\u00e9cis\u00e9 aux utilisateurs du site internet\u00a0https:\/\/freemove.fr\/\u00a0l&rsquo;identit\u00e9 des diff\u00e9rents intervenants dans le cadre de sa r\u00e9alisation et de son suivi: Propri\u00e9taire du site :\u00a0SARL FREEMOVE &#8211; Contact : contact@freemove.fr&hellip;","og_url":"https:\/\/freemove.fr\/fr\/mentions-legales\/","og_site_name":"Freemove la Glisse \u00c9lectrique pour tous","article_modified_time":"2025-02-05T14:34:28+00:00","twitter_card":"summary_large_image","twitter_misc":{"Dur\u00e9e de lecture estim\u00e9e":"8 minutes"},"schema":{"@context":"https:\/\/schema.org","@graph":[{"@type":"WebPage","@id":"https:\/\/freemove.fr\/fr\/mentions-legales\/","url":"https:\/\/freemove.fr\/fr\/mentions-legales\/","name":"Mentions l\u00e9gales","isPartOf":{"@id":"https:\/\/freemove.fr\/en\/#website"},"datePublished":"2021-03-22T10:39:52+00:00","dateModified":"2025-02-05T14:34:28+00:00","breadcrumb":{"@id":"https:\/\/freemove.fr\/fr\/mentions-legales\/#breadcrumb"},"inLanguage":"fr-FR","potentialAction":[{"@type":"ReadAction","target":["https:\/\/freemove.fr\/fr\/mentions-legales\/"]}]},{"@type":"BreadcrumbList","@id":"https:\/\/freemove.fr\/fr\/mentions-legales\/#breadcrumb","itemListElement":[{"@type":"ListItem","position":1,"name":"Accueil","item":"https:\/\/freemove.fr\/fr\/"},{"@type":"ListItem","position":2,"name":"Mentions l\u00e9gales"}]},{"@type":"WebSite","@id":"https:\/\/freemove.fr\/en\/#website","url":"https:\/\/freemove.fr\/en\/","name":"Freemove la Glisse \u00c9lectrique pour tous","description":"Onewheel - Visites guid\u00e9es en Segway \u00e0 Amboise","publisher":{"@id":"https:\/\/freemove.fr\/en\/#organization"},"potentialAction":[{"@type":"SearchAction","target":{"@type":"EntryPoint","urlTemplate":"https:\/\/freemove.fr\/en\/?s={search_term_string}"},"query-input":{"@type":"PropertyValueSpecification","valueRequired":true,"valueName":"search_term_string"}}],"inLanguage":"fr-FR"},{"@type":"Organization","@id":"https:\/\/freemove.fr\/en\/#organization","name":"Freemove","url":"https:\/\/freemove.fr\/en\/","logo":{"@type":"ImageObject","inLanguage":"fr-FR","@id":"https:\/\/freemove.fr\/en\/#\/schema\/logo\/image\/","url":"https:\/\/freemove.fr\/wp-content\/uploads\/2021\/06\/footer_logotype-1.svg","contentUrl":"https:\/\/freemove.fr\/wp-content\/uploads\/2021\/06\/footer_logotype-1.svg","width":163,"height":45,"caption":"Freemove"},"image":{"@id":"https:\/\/freemove.fr\/en\/#\/schema\/logo\/image\/"}}]}},"_links":{"self":[{"href":"https:\/\/freemove.fr\/fr\/wp-json\/wp\/v2\/pages\/2","targetHints":{"allow":["GET"]}}],"collection":[{"href":"https:\/\/freemove.fr\/fr\/wp-json\/wp\/v2\/pages"}],"about":[{"href":"https:\/\/freemove.fr\/fr\/wp-json\/wp\/v2\/types\/page"}],"author":[{"embeddable":true,"href":"https:\/\/freemove.fr\/fr\/wp-json\/wp\/v2\/users\/2"}],"replies":[{"embeddable":true,"href":"https:\/\/freemove.fr\/fr\/wp-json\/wp\/v2\/comments?post=2"}],"version-history":[{"count":18,"href":"https:\/\/freemove.fr\/fr\/wp-json\/wp\/v2\/pages\/2\/revisions"}],"predecessor-version":[{"id":18579,"href":"https:\/\/freemove.fr\/fr\/wp-json\/wp\/v2\/pages\/2\/revisions\/18579"}],"wp:attachment":[{"href":"https:\/\/freemove.fr\/fr\/wp-json\/wp\/v2\/media?parent=2"}],"curies":[{"name":"wp","href":"https:\/\/api.w.org\/{rel}","templated":true}]}}