


























{"id":12340,"date":"2022-03-03T16:28:05","date_gmt":"2022-03-03T15:28:05","guid":{"rendered":"https:\/\/freemove.fr\/?page_id=12340"},"modified":"2025-03-26T10:04:02","modified_gmt":"2025-03-26T09:04:02","slug":"confirmation-balade-segway","status":"publish","type":"page","link":"https:\/\/freemove.fr\/fr\/confirmation-balade-segway\/","title":{"rendered":"R\u00e9servation balade"},"content":{"rendered":"<h3 style=\"text-align: center;\">Votre demande a bien \u00e9t\u00e9 envoy\u00e9e ! \u00e0 tr\u00e8s vite pour la balade en Segway ou l&rsquo;initiation Onewheel<\/h3>\n<p><a href=\"https:\/\/freemove.fr\/wp-content\/uploads\/2021\/06\/logo_header.svg\"><img decoding=\"async\" class=\"aligncenter wp-image-3538 size-full\" src=\"https:\/\/freemove.fr\/wp-content\/uploads\/2021\/06\/logo_header.svg\" alt=\"\" width=\"298\" height=\"87\" \/><\/a><\/p>\n","protected":false},"excerpt":{"rendered":"<p>Votre demande a bien \u00e9t\u00e9 envoy\u00e9e ! \u00e0 tr\u00e8s vite pour la balade en Segway ou l&rsquo;initiation Onewheel<\/p>\n","protected":false},"author":1,"featured_media":0,"parent":0,"menu_order":0,"comment_status":"closed","ping_status":"closed","template":"","meta":{"inline_featured_image":false,"footnotes":""},"class_list":["post-12340","page","type-page","status-publish","hentry","entry","no-media"],"acf":[],"yoast_head":"<!-- This site is optimized with the Yoast SEO plugin v24.9 - https:\/\/yoast.com\/wordpress\/plugins\/seo\/ -->\n<title>R\u00e9servation balade<\/title>\n<meta name=\"description\" content=\"R\u00e9servez vos visites guid\u00e9es en Segway avec Freemove en compl\u00e9tant notre formulaire de r\u00e9servation en ligne. Nous aurons plaisir \u00e0 vous accueillir !\" \/>\n<meta name=\"robots\" content=\"noindex, follow\" \/>\n<meta property=\"og:locale\" content=\"fr_FR\" \/>\n<meta property=\"og:type\" content=\"article\" \/>\n<meta property=\"og:title\" content=\"R\u00e9servation balade\" \/>\n<meta property=\"og:description\" content=\"R\u00e9servez vos visites guid\u00e9es en Segway avec Freemove en compl\u00e9tant notre formulaire de r\u00e9servation en ligne. Nous aurons plaisir \u00e0 vous accueillir !\" \/>\n<meta property=\"og:url\" content=\"https:\/\/freemove.fr\/fr\/confirmation-balade-segway\/\" \/>\n<meta property=\"og:site_name\" content=\"Freemove la Glisse \u00c9lectrique pour tous\" \/>\n<meta property=\"article:modified_time\" content=\"2025-03-26T09:04:02+00:00\" \/>\n<meta name=\"twitter:card\" content=\"summary_large_image\" \/>\n<meta name=\"twitter:label1\" content=\"Dur\u00e9e de lecture estim\u00e9e\" \/>\n\t<meta name=\"twitter:data1\" content=\"1 minute\" \/>\n<script type=\"application\/ld+json\" class=\"yoast-schema-graph\">{\"@context\":\"https:\/\/schema.org\",\"@graph\":[{\"@type\":\"WebPage\",\"@id\":\"https:\/\/freemove.fr\/fr\/confirmation-balade-segway\/\",\"url\":\"https:\/\/freemove.fr\/fr\/confirmation-balade-segway\/\",\"name\":\"R\u00e9servation balade\",\"isPartOf\":{\"@id\":\"https:\/\/freemove.fr\/en\/#website\"},\"primaryImageOfPage\":{\"@id\":\"https:\/\/freemove.fr\/fr\/confirmation-balade-segway\/#primaryimage\"},\"image\":{\"@id\":\"https:\/\/freemove.fr\/fr\/confirmation-balade-segway\/#primaryimage\"},\"thumbnailUrl\":\"https:\/\/freemove.fr\/wp-content\/uploads\/2021\/06\/logo_header.svg\",\"datePublished\":\"2022-03-03T15:28:05+00:00\",\"dateModified\":\"2025-03-26T09:04:02+00:00\",\"description\":\"R\u00e9servez vos visites guid\u00e9es en Segway avec Freemove en compl\u00e9tant notre formulaire de r\u00e9servation en ligne. Nous aurons plaisir \u00e0 vous accueillir !\",\"breadcrumb\":{\"@id\":\"https:\/\/freemove.fr\/fr\/confirmation-balade-segway\/#breadcrumb\"},\"inLanguage\":\"fr-FR\",\"potentialAction\":[{\"@type\":\"ReadAction\",\"target\":[\"https:\/\/freemove.fr\/fr\/confirmation-balade-segway\/\"]}]},{\"@type\":\"ImageObject\",\"inLanguage\":\"fr-FR\",\"@id\":\"https:\/\/freemove.fr\/fr\/confirmation-balade-segway\/#primaryimage\",\"url\":\"https:\/\/freemove.fr\/wp-content\/uploads\/2021\/06\/logo_header.svg\",\"contentUrl\":\"https:\/\/freemove.fr\/wp-content\/uploads\/2021\/06\/logo_header.svg\"},{\"@type\":\"BreadcrumbList\",\"@id\":\"https:\/\/freemove.fr\/fr\/confirmation-balade-segway\/#breadcrumb\",\"itemListElement\":[{\"@type\":\"ListItem\",\"position\":1,\"name\":\"Accueil\",\"item\":\"https:\/\/freemove.fr\/fr\/\"},{\"@type\":\"ListItem\",\"position\":2,\"name\":\"R\u00e9servation balade\"}]},{\"@type\":\"WebSite\",\"@id\":\"https:\/\/freemove.fr\/en\/#website\",\"url\":\"https:\/\/freemove.fr\/en\/\",\"name\":\"Freemove la Glisse \u00c9lectrique pour tous\",\"description\":\"Onewheel - Visites guid\u00e9es en Segway \u00e0 Amboise\",\"publisher\":{\"@id\":\"https:\/\/freemove.fr\/en\/#organization\"},\"potentialAction\":[{\"@type\":\"SearchAction\",\"target\":{\"@type\":\"EntryPoint\",\"urlTemplate\":\"https:\/\/freemove.fr\/en\/?s={search_term_string}\"},\"query-input\":{\"@type\":\"PropertyValueSpecification\",\"valueRequired\":true,\"valueName\":\"search_term_string\"}}],\"inLanguage\":\"fr-FR\"},{\"@type\":\"Organization\",\"@id\":\"https:\/\/freemove.fr\/en\/#organization\",\"name\":\"Freemove\",\"url\":\"https:\/\/freemove.fr\/en\/\",\"logo\":{\"@type\":\"ImageObject\",\"inLanguage\":\"fr-FR\",\"@id\":\"https:\/\/freemove.fr\/en\/#\/schema\/logo\/image\/\",\"url\":\"https:\/\/freemove.fr\/wp-content\/uploads\/2021\/06\/footer_logotype-1.svg\",\"contentUrl\":\"https:\/\/freemove.fr\/wp-content\/uploads\/2021\/06\/footer_logotype-1.svg\",\"width\":163,\"height\":45,\"caption\":\"Freemove\"},\"image\":{\"@id\":\"https:\/\/freemove.fr\/en\/#\/schema\/logo\/image\/\"}}]}<\/script>\n<!-- \/ Yoast SEO plugin. -->","yoast_head_json":{"title":"R\u00e9servation balade","description":"R\u00e9servez vos visites guid\u00e9es en Segway avec Freemove en compl\u00e9tant notre formulaire de r\u00e9servation en ligne. Nous aurons plaisir \u00e0 vous accueillir !","robots":{"index":"noindex","follow":"follow"},"og_locale":"fr_FR","og_type":"article","og_title":"R\u00e9servation balade","og_description":"R\u00e9servez vos visites guid\u00e9es en Segway avec Freemove en compl\u00e9tant notre formulaire de r\u00e9servation en ligne. Nous aurons plaisir \u00e0 vous accueillir !","og_url":"https:\/\/freemove.fr\/fr\/confirmation-balade-segway\/","og_site_name":"Freemove la Glisse \u00c9lectrique pour tous","article_modified_time":"2025-03-26T09:04:02+00:00","twitter_card":"summary_large_image","twitter_misc":{"Dur\u00e9e de lecture estim\u00e9e":"1 minute"},"schema":{"@context":"https:\/\/schema.org","@graph":[{"@type":"WebPage","@id":"https:\/\/freemove.fr\/fr\/confirmation-balade-segway\/","url":"https:\/\/freemove.fr\/fr\/confirmation-balade-segway\/","name":"R\u00e9servation balade","isPartOf":{"@id":"https:\/\/freemove.fr\/en\/#website"},"primaryImageOfPage":{"@id":"https:\/\/freemove.fr\/fr\/confirmation-balade-segway\/#primaryimage"},"image":{"@id":"https:\/\/freemove.fr\/fr\/confirmation-balade-segway\/#primaryimage"},"thumbnailUrl":"https:\/\/freemove.fr\/wp-content\/uploads\/2021\/06\/logo_header.svg","datePublished":"2022-03-03T15:28:05+00:00","dateModified":"2025-03-26T09:04:02+00:00","description":"R\u00e9servez vos visites guid\u00e9es en Segway avec Freemove en compl\u00e9tant notre formulaire de r\u00e9servation en ligne. Nous aurons plaisir \u00e0 vous accueillir !","breadcrumb":{"@id":"https:\/\/freemove.fr\/fr\/confirmation-balade-segway\/#breadcrumb"},"inLanguage":"fr-FR","potentialAction":[{"@type":"ReadAction","target":["https:\/\/freemove.fr\/fr\/confirmation-balade-segway\/"]}]},{"@type":"ImageObject","inLanguage":"fr-FR","@id":"https:\/\/freemove.fr\/fr\/confirmation-balade-segway\/#primaryimage","url":"https:\/\/freemove.fr\/wp-content\/uploads\/2021\/06\/logo_header.svg","contentUrl":"https:\/\/freemove.fr\/wp-content\/uploads\/2021\/06\/logo_header.svg"},{"@type":"BreadcrumbList","@id":"https:\/\/freemove.fr\/fr\/confirmation-balade-segway\/#breadcrumb","itemListElement":[{"@type":"ListItem","position":1,"name":"Accueil","item":"https:\/\/freemove.fr\/fr\/"},{"@type":"ListItem","position":2,"name":"R\u00e9servation balade"}]},{"@type":"WebSite","@id":"https:\/\/freemove.fr\/en\/#website","url":"https:\/\/freemove.fr\/en\/","name":"Freemove la Glisse \u00c9lectrique pour tous","description":"Onewheel - Visites guid\u00e9es en Segway \u00e0 Amboise","publisher":{"@id":"https:\/\/freemove.fr\/en\/#organization"},"potentialAction":[{"@type":"SearchAction","target":{"@type":"EntryPoint","urlTemplate":"https:\/\/freemove.fr\/en\/?s={search_term_string}"},"query-input":{"@type":"PropertyValueSpecification","valueRequired":true,"valueName":"search_term_string"}}],"inLanguage":"fr-FR"},{"@type":"Organization","@id":"https:\/\/freemove.fr\/en\/#organization","name":"Freemove","url":"https:\/\/freemove.fr\/en\/","logo":{"@type":"ImageObject","inLanguage":"fr-FR","@id":"https:\/\/freemove.fr\/en\/#\/schema\/logo\/image\/","url":"https:\/\/freemove.fr\/wp-content\/uploads\/2021\/06\/footer_logotype-1.svg","contentUrl":"https:\/\/freemove.fr\/wp-content\/uploads\/2021\/06\/footer_logotype-1.svg","width":163,"height":45,"caption":"Freemove"},"image":{"@id":"https:\/\/freemove.fr\/en\/#\/schema\/logo\/image\/"}}]}},"_links":{"self":[{"href":"https:\/\/freemove.fr\/fr\/wp-json\/wp\/v2\/pages\/12340","targetHints":{"allow":["GET"]}}],"collection":[{"href":"https:\/\/freemove.fr\/fr\/wp-json\/wp\/v2\/pages"}],"about":[{"href":"https:\/\/freemove.fr\/fr\/wp-json\/wp\/v2\/types\/page"}],"author":[{"embeddable":true,"href":"https:\/\/freemove.fr\/fr\/wp-json\/wp\/v2\/users\/1"}],"replies":[{"embeddable":true,"href":"https:\/\/freemove.fr\/fr\/wp-json\/wp\/v2\/comments?post=12340"}],"version-history":[{"count":3,"href":"https:\/\/freemove.fr\/fr\/wp-json\/wp\/v2\/pages\/12340\/revisions"}],"predecessor-version":[{"id":13310,"href":"https:\/\/freemove.fr\/fr\/wp-json\/wp\/v2\/pages\/12340\/revisions\/13310"}],"wp:attachment":[{"href":"https:\/\/freemove.fr\/fr\/wp-json\/wp\/v2\/media?parent=12340"}],"curies":[{"name":"wp","href":"https:\/\/api.w.org\/{rel}","templated":true}]}}