


























{"id":10165,"date":"2021-10-04T21:58:25","date_gmt":"2021-10-04T19:58:25","guid":{"rendered":"https:\/\/freemove.fr\/?page_id=10165"},"modified":"2021-11-30T17:00:15","modified_gmt":"2021-11-30T16:00:15","slug":"commande-enregistree","status":"publish","type":"page","link":"https:\/\/freemove.fr\/fr\/commande-enregistree\/","title":{"rendered":"COMMANDE ENREGISTR\u00c9E"},"content":{"rendered":"<div class=\"wpb-content-wrapper\">[vc_row css=\u00a0\u00bb.vc_custom_1633413248398{margin-bottom: 0px !important;padding-bottom: 0px !important;background-image: url(https:\/\/freemove.fr\/wp-content\/uploads\/2021\/06\/revendeur-onewheel-france-min.jpg?id=7058) !important;background-position: center !important;background-repeat: no-repeat !important;background-size: cover !important;}\u00a0\u00bb el_class=\u00a0\u00bbbanner_post\u00a0\u00bb][vc_column el_class=\u00a0\u00bbcontainer banner_pad\u00a0\u00bb css=\u00a0\u00bb.vc_custom_1623700092027{margin-bottom: 0px !important;padding-top: 310px !important;padding-bottom: 216px !important;background-position: center !important;background-repeat: no-repeat !important;background-size: cover !important;}\u00a0\u00bb][vc_row_inner css=\u00a0\u00bb.vc_custom_1623491903936{margin-bottom: 0px !important;}\u00a0\u00bb][vc_column_inner css=\u00a0\u00bb.vc_custom_1623413500349{margin-bottom: 0px !important;padding-right: 0px !important;padding-left: 0px !important;}\u00a0\u00bb]<style>.vcex-heading.vcex_6a00827e44c7f{color:#ffffff;font-family:Montserrat;font-weight:800;text-transform:uppercase;line-height:1.05;letter-spacing:4px;}<\/style><div class=\"vcex-heading vcex-heading-plain vcex-module wpex-heading wpex-text-2xl wpex-text-center vcex_6a00827e44c7f\"><span class=\"vcex-heading-inner wpex-block\"><span class=\"wpex-responsive-txt\" data-max-font-size=\"40\" data-data-min-font-size=\"30\">COMMANDE ENREGISTR\u00c9E<\/span><\/span><\/div><style>.vcex-heading.vcex_6a00827e45ad8{color:#ffffff;font-size:26px;font-family:Montserrat;font-weight:400;text-transform:uppercase;line-height:1.61538;letter-spacing:0px;}@media (max-width:1024px){.vcex-heading.vcex_6a00827e45ad8{font-size:24px;}}@media (max-width:959px){.vcex-heading.vcex_6a00827e45ad8{font-size:22px;}}@media (max-width:767px){.vcex-heading.vcex_6a00827e45ad8{font-size:20px;}}@media (max-width:479px){.vcex-heading.vcex_6a00827e45ad8{font-size:18px;}}<\/style><h2 class=\"vcex-heading vcex-heading-plain vcex-module wpex-heading wpex-text-2xl wpex-text-center vc_custom_1633377479963 vcex_6a00827e45ad8\"><span class=\"vcex-heading-inner wpex-inline-block\">Elle sera trait\u00e9e dans les meilleurs d\u00e9lais<\/span><\/h2>[\/vc_column_inner][\/vc_row_inner][\/vc_column][\/vc_row]\n<\/div>","protected":false},"excerpt":{"rendered":"<p>[vc_row css=\u00a0\u00bb.vc_custom_1633413248398{margin-bottom: 0px !important;padding-bottom: 0px !important;background-image: url(https:\/\/freemove.fr\/wp-content\/uploads\/2021\/06\/revendeur-onewheel-france-min.jpg?id=7058) !important;background-position: center !important;background-repeat: no-repeat !important;background-size: cover !important;}\u00a0\u00bb el_class=\u00a0\u00bbbanner_post\u00a0\u00bb][vc_column el_class=\u00a0\u00bbcontainer banner_pad\u00a0\u00bb css=\u00a0\u00bb.vc_custom_1623700092027{margin-bottom: 0px !important;padding-top: 310px !important;padding-bottom: 216px !important;background-position: center !important;background-repeat: no-repeat !important;background-size: cover !important;}\u00a0\u00bb][vc_row_inner css=\u00a0\u00bb.vc_custom_1623491903936{margin-bottom: 0px !important;}\u00a0\u00bb][vc_column_inner css=\u00a0\u00bb.vc_custom_1623413500349{margin-bottom: 0px !important;padding-right: 0px !important;padding-left: 0px !important;}\u00a0\u00bb][\/vc_column_inner][\/vc_row_inner][\/vc_column][\/vc_row]<\/p>\n","protected":false},"author":2,"featured_media":0,"parent":0,"menu_order":0,"comment_status":"closed","ping_status":"closed","template":"","meta":{"inline_featured_image":false,"footnotes":""},"class_list":["post-10165","page","type-page","status-publish","hentry","entry","no-media"],"acf":[],"yoast_head":"<!-- This site is optimized with the Yoast SEO plugin v24.9 - https:\/\/yoast.com\/wordpress\/plugins\/seo\/ -->\n<title>COMMANDE ENREGISTR\u00c9E<\/title>\n<meta name=\"robots\" content=\"index, follow, max-snippet:-1, max-image-preview:large, max-video-preview:-1\" \/>\n<link rel=\"canonical\" href=\"https:\/\/freemove.fr\/fr\/commande-enregistree\/\" \/>\n<meta property=\"og:locale\" content=\"fr_FR\" \/>\n<meta property=\"og:type\" content=\"article\" \/>\n<meta property=\"og:title\" content=\"COMMANDE ENREGISTR\u00c9E\" \/>\n<meta property=\"og:description\" content=\"[vc_row css=\u00a0\u00bb.vc_custom_1633413248398{margin-bottom: 0px !important;padding-bottom: 0px !important;background-image: url(https:\/\/freemove.fr\/wp-content\/uploads\/2021\/06\/revendeur-onewheel-france-min.jpg?id=7058) !important;background-position: center !important;background-repeat: no-repeat !important;background-size: cover !important;}\u00a0\u00bb el_class=\u00a0\u00bbbanner_post\u00a0\u00bb][vc_column el_class=\u00a0\u00bbcontainer banner_pad\u00a0\u00bb css=\u00a0\u00bb.vc_custom_1623700092027{margin-bottom: 0px !important;padding-top: 310px !important;padding-bottom: 216px !important;background-position: center !important;background-repeat: no-repeat !important;background-size: cover !important;}\u00a0\u00bb][vc_row_inner css=\u00a0\u00bb.vc_custom_1623491903936{margin-bottom: 0px !important;}\u00a0\u00bb][vc_column_inner css=\u00a0\u00bb.vc_custom_1623413500349{margin-bottom: 0px !important;padding-right: 0px !important;padding-left: 0px !important;}\u00a0\u00bb][\/vc_column_inner][\/vc_row_inner][\/vc_column][\/vc_row]\" \/>\n<meta property=\"og:url\" content=\"https:\/\/freemove.fr\/fr\/commande-enregistree\/\" \/>\n<meta property=\"og:site_name\" content=\"Freemove la Glisse \u00c9lectrique pour tous\" \/>\n<meta property=\"article:modified_time\" content=\"2021-11-30T16:00:15+00:00\" \/>\n<meta name=\"twitter:card\" content=\"summary_large_image\" \/>\n<meta name=\"twitter:label1\" content=\"Dur\u00e9e de lecture estim\u00e9e\" \/>\n\t<meta name=\"twitter:data1\" content=\"1 minute\" \/>\n<script type=\"application\/ld+json\" class=\"yoast-schema-graph\">{\"@context\":\"https:\/\/schema.org\",\"@graph\":[{\"@type\":\"WebPage\",\"@id\":\"https:\/\/freemove.fr\/fr\/commande-enregistree\/\",\"url\":\"https:\/\/freemove.fr\/fr\/commande-enregistree\/\",\"name\":\"COMMANDE ENREGISTR\u00c9E\",\"isPartOf\":{\"@id\":\"https:\/\/freemove.fr\/en\/#website\"},\"datePublished\":\"2021-10-04T19:58:25+00:00\",\"dateModified\":\"2021-11-30T16:00:15+00:00\",\"breadcrumb\":{\"@id\":\"https:\/\/freemove.fr\/fr\/commande-enregistree\/#breadcrumb\"},\"inLanguage\":\"fr-FR\",\"potentialAction\":[{\"@type\":\"ReadAction\",\"target\":[\"https:\/\/freemove.fr\/fr\/commande-enregistree\/\"]}]},{\"@type\":\"BreadcrumbList\",\"@id\":\"https:\/\/freemove.fr\/fr\/commande-enregistree\/#breadcrumb\",\"itemListElement\":[{\"@type\":\"ListItem\",\"position\":1,\"name\":\"Accueil\",\"item\":\"https:\/\/freemove.fr\/fr\/\"},{\"@type\":\"ListItem\",\"position\":2,\"name\":\"COMMANDE ENREGISTR\u00c9E\"}]},{\"@type\":\"WebSite\",\"@id\":\"https:\/\/freemove.fr\/en\/#website\",\"url\":\"https:\/\/freemove.fr\/en\/\",\"name\":\"Freemove la Glisse \u00c9lectrique pour tous\",\"description\":\"Onewheel - Visites guid\u00e9es en Segway \u00e0 Amboise\",\"publisher\":{\"@id\":\"https:\/\/freemove.fr\/en\/#organization\"},\"potentialAction\":[{\"@type\":\"SearchAction\",\"target\":{\"@type\":\"EntryPoint\",\"urlTemplate\":\"https:\/\/freemove.fr\/en\/?s={search_term_string}\"},\"query-input\":{\"@type\":\"PropertyValueSpecification\",\"valueRequired\":true,\"valueName\":\"search_term_string\"}}],\"inLanguage\":\"fr-FR\"},{\"@type\":\"Organization\",\"@id\":\"https:\/\/freemove.fr\/en\/#organization\",\"name\":\"Freemove\",\"url\":\"https:\/\/freemove.fr\/en\/\",\"logo\":{\"@type\":\"ImageObject\",\"inLanguage\":\"fr-FR\",\"@id\":\"https:\/\/freemove.fr\/en\/#\/schema\/logo\/image\/\",\"url\":\"https:\/\/freemove.fr\/wp-content\/uploads\/2021\/06\/footer_logotype-1.svg\",\"contentUrl\":\"https:\/\/freemove.fr\/wp-content\/uploads\/2021\/06\/footer_logotype-1.svg\",\"width\":163,\"height\":45,\"caption\":\"Freemove\"},\"image\":{\"@id\":\"https:\/\/freemove.fr\/en\/#\/schema\/logo\/image\/\"}}]}<\/script>\n<!-- \/ Yoast SEO plugin. -->","yoast_head_json":{"title":"COMMANDE ENREGISTR\u00c9E","robots":{"index":"index","follow":"follow","max-snippet":"max-snippet:-1","max-image-preview":"max-image-preview:large","max-video-preview":"max-video-preview:-1"},"canonical":"https:\/\/freemove.fr\/fr\/commande-enregistree\/","og_locale":"fr_FR","og_type":"article","og_title":"COMMANDE ENREGISTR\u00c9E","og_description":"[vc_row css=\u00a0\u00bb.vc_custom_1633413248398{margin-bottom: 0px !important;padding-bottom: 0px !important;background-image: url(https:\/\/freemove.fr\/wp-content\/uploads\/2021\/06\/revendeur-onewheel-france-min.jpg?id=7058) !important;background-position: center !important;background-repeat: no-repeat !important;background-size: cover !important;}\u00a0\u00bb el_class=\u00a0\u00bbbanner_post\u00a0\u00bb][vc_column el_class=\u00a0\u00bbcontainer banner_pad\u00a0\u00bb css=\u00a0\u00bb.vc_custom_1623700092027{margin-bottom: 0px !important;padding-top: 310px !important;padding-bottom: 216px !important;background-position: center !important;background-repeat: no-repeat !important;background-size: cover !important;}\u00a0\u00bb][vc_row_inner css=\u00a0\u00bb.vc_custom_1623491903936{margin-bottom: 0px !important;}\u00a0\u00bb][vc_column_inner css=\u00a0\u00bb.vc_custom_1623413500349{margin-bottom: 0px !important;padding-right: 0px !important;padding-left: 0px !important;}\u00a0\u00bb][\/vc_column_inner][\/vc_row_inner][\/vc_column][\/vc_row]","og_url":"https:\/\/freemove.fr\/fr\/commande-enregistree\/","og_site_name":"Freemove la Glisse \u00c9lectrique pour tous","article_modified_time":"2021-11-30T16:00:15+00:00","twitter_card":"summary_large_image","twitter_misc":{"Dur\u00e9e de lecture estim\u00e9e":"1 minute"},"schema":{"@context":"https:\/\/schema.org","@graph":[{"@type":"WebPage","@id":"https:\/\/freemove.fr\/fr\/commande-enregistree\/","url":"https:\/\/freemove.fr\/fr\/commande-enregistree\/","name":"COMMANDE ENREGISTR\u00c9E","isPartOf":{"@id":"https:\/\/freemove.fr\/en\/#website"},"datePublished":"2021-10-04T19:58:25+00:00","dateModified":"2021-11-30T16:00:15+00:00","breadcrumb":{"@id":"https:\/\/freemove.fr\/fr\/commande-enregistree\/#breadcrumb"},"inLanguage":"fr-FR","potentialAction":[{"@type":"ReadAction","target":["https:\/\/freemove.fr\/fr\/commande-enregistree\/"]}]},{"@type":"BreadcrumbList","@id":"https:\/\/freemove.fr\/fr\/commande-enregistree\/#breadcrumb","itemListElement":[{"@type":"ListItem","position":1,"name":"Accueil","item":"https:\/\/freemove.fr\/fr\/"},{"@type":"ListItem","position":2,"name":"COMMANDE ENREGISTR\u00c9E"}]},{"@type":"WebSite","@id":"https:\/\/freemove.fr\/en\/#website","url":"https:\/\/freemove.fr\/en\/","name":"Freemove la Glisse \u00c9lectrique pour tous","description":"Onewheel - Visites guid\u00e9es en Segway \u00e0 Amboise","publisher":{"@id":"https:\/\/freemove.fr\/en\/#organization"},"potentialAction":[{"@type":"SearchAction","target":{"@type":"EntryPoint","urlTemplate":"https:\/\/freemove.fr\/en\/?s={search_term_string}"},"query-input":{"@type":"PropertyValueSpecification","valueRequired":true,"valueName":"search_term_string"}}],"inLanguage":"fr-FR"},{"@type":"Organization","@id":"https:\/\/freemove.fr\/en\/#organization","name":"Freemove","url":"https:\/\/freemove.fr\/en\/","logo":{"@type":"ImageObject","inLanguage":"fr-FR","@id":"https:\/\/freemove.fr\/en\/#\/schema\/logo\/image\/","url":"https:\/\/freemove.fr\/wp-content\/uploads\/2021\/06\/footer_logotype-1.svg","contentUrl":"https:\/\/freemove.fr\/wp-content\/uploads\/2021\/06\/footer_logotype-1.svg","width":163,"height":45,"caption":"Freemove"},"image":{"@id":"https:\/\/freemove.fr\/en\/#\/schema\/logo\/image\/"}}]}},"_links":{"self":[{"href":"https:\/\/freemove.fr\/fr\/wp-json\/wp\/v2\/pages\/10165","targetHints":{"allow":["GET"]}}],"collection":[{"href":"https:\/\/freemove.fr\/fr\/wp-json\/wp\/v2\/pages"}],"about":[{"href":"https:\/\/freemove.fr\/fr\/wp-json\/wp\/v2\/types\/page"}],"author":[{"embeddable":true,"href":"https:\/\/freemove.fr\/fr\/wp-json\/wp\/v2\/users\/2"}],"replies":[{"embeddable":true,"href":"https:\/\/freemove.fr\/fr\/wp-json\/wp\/v2\/comments?post=10165"}],"version-history":[{"count":4,"href":"https:\/\/freemove.fr\/fr\/wp-json\/wp\/v2\/pages\/10165\/revisions"}],"predecessor-version":[{"id":10175,"href":"https:\/\/freemove.fr\/fr\/wp-json\/wp\/v2\/pages\/10165\/revisions\/10175"}],"wp:attachment":[{"href":"https:\/\/freemove.fr\/fr\/wp-json\/wp\/v2\/media?parent=10165"}],"curies":[{"name":"wp","href":"https:\/\/api.w.org\/{rel}","templated":true}]}}