


























{"id":9558,"date":"2021-10-01T13:40:07","date_gmt":"2021-10-01T16:15:15","guid":{"rendered":"https:\/\/freemove.fr\/?post_type=product&#038;p=9558"},"modified":"2023-02-27T09:37:25","modified_gmt":"2023-02-27T08:37:25","slug":"cbsp-battery","status":"publish","type":"product","link":"https:\/\/freemove.fr\/en\/produit\/cbsp-battery\/","title":{"rendered":"CBSP BATTERY"},"content":{"rendered":"<p>Developed by the American company <strong>ChiBatterySystems<\/strong>, this battery is specially designed to <strong>increase the power and torque<\/strong> of your Onewheel+XR! Perfect for sport riders, this pack will reduce weight and increase acceleration! Your Onewheel+XR will be more agile and responsive than ever! You will be able to ride hard and attack the hills without the risk of stalling!<\/p>\n<p><strong>Performance: <\/strong><\/p>\n<ul>\n<li>8 to 10 miles range<\/li>\n<li>Compatible with all hardware versions of Onewheel+ XR<\/li>\n<li>Amazing protection against shocks! This pack can handle jumping landings without any problem<\/li>\n<li>Much better torque than the original one<\/li>\n<li>The lightest and most balanced battery on the market for the Onewheel+XR<\/li>\n<\/ul>\n<p><strong>Technical Specifications:<\/strong><\/p>\n<ul>\n<li>230 WH actual usable capacity<\/li>\n<li>45 amps continuous discharge<\/li>\n<li>The standard charger charges the CBSP in approximately 1.5 hours.<\/li>\n<li>Fast charger (6 amps) charges the CBSP in approximately 45 minutes.<\/li>\n<li>The Boardbank BYOB charger (8 amps) charges the CBSP in about 30 minutes!<\/li>\n<\/ul>\n<p><strong>Install:<\/strong><br \/>\nNo modifications are required! All you need to do for the installation is to place the CBSP Pack on the back of your case towards the wheel. You do not need to modify your case. When you disconnect your original battery, first disconnect the balance connector (26 wire cable), then disconnect the XT60 (yellow connector). When you install your CBSP, plug in the XT60 first, then the balance connector (26 wire cable) [in reverse order].<\/p>\n<p><strong>BE SURE TO CHARGE AT 100% when you receive your battery before riding.<\/strong><br \/>\n<div class=\"lyte-wrapper fourthree\" style=\"width:420px;max-width:100%;margin:5px;\"><div class=\"lyMe\" id=\"WYL_vldSeB3MU4o\"><div id=\"lyte_vldSeB3MU4o\" data-src=\"\/\/i.ytimg.com\/vi\/vldSeB3MU4o\/hqdefault.jpg\" class=\"pL\"><div class=\"tC\"><div class=\"tT\"><\/div><\/div><div class=\"play\"><\/div><div class=\"ctrl\"><div class=\"Lctrl\"><\/div><div class=\"Rctrl\"><\/div><\/div><\/div><noscript><a href=\"https:\/\/youtu.be\/vldSeB3MU4o\" rel=\"nofollow\"><img decoding=\"async\" src=\"https:\/\/i.ytimg.com\/vi\/vldSeB3MU4o\/0.jpg\" alt=\"\" width=\"420\" height=\"295\" \/><br \/>Watch this video on YouTube<\/a><\/noscript><\/div><\/div><div class=\"lL\" style=\"max-width:100%;width:420px;margin:5px;\"><\/div>\n","protected":false},"excerpt":{"rendered":"<p>XR STUNT PACK !<\/p>\n","protected":false},"featured_media":9559,"comment_status":"closed","ping_status":"closed","template":"","meta":{"inline_featured_image":false},"product_brand":[],"product_cat":[300],"product_tag":[870],"class_list":{"0":"post-9558","1":"product","2":"type-product","3":"status-publish","4":"has-post-thumbnail","6":"product_cat-accessoires-onewheel-xr","7":"product_tag-batteries","8":"entry","9":"has-media","11":"first","12":"outofstock","13":"taxable","14":"shipping-taxable","15":"purchasable","16":"product-type-simple"},"acf":[],"yoast_head":"<!-- This site is optimized with the Yoast SEO plugin v24.9 - https:\/\/yoast.com\/wordpress\/plugins\/seo\/ -->\n<title>CBSP BATTERY - Boutique Freemove<\/title>\n<meta name=\"robots\" content=\"index, follow, max-snippet:-1, max-image-preview:large, max-video-preview:-1\" \/>\n<link rel=\"canonical\" href=\"https:\/\/freemove.fr\/en\/produit\/cbsp-battery\/\" \/>\n<meta property=\"og:locale\" content=\"en_US\" \/>\n<meta property=\"og:type\" content=\"article\" \/>\n<meta property=\"og:title\" content=\"CBSP BATTERY - Boutique Freemove\" \/>\n<meta property=\"og:description\" content=\"XR STUNT PACK !\" \/>\n<meta property=\"og:url\" content=\"https:\/\/freemove.fr\/en\/produit\/cbsp-battery\/\" \/>\n<meta property=\"og:site_name\" content=\"Freemove la Glisse \u00c9lectrique pour tous\" \/>\n<meta property=\"article:modified_time\" content=\"2023-02-27T08:37:25+00:00\" \/>\n<meta property=\"og:image\" content=\"https:\/\/freemove.fr\/wp-content\/uploads\/2021\/10\/STUNT-XR.jpg\" \/>\n\t<meta property=\"og:image:width\" content=\"1440\" \/>\n\t<meta property=\"og:image:height\" content=\"1080\" \/>\n\t<meta property=\"og:image:type\" content=\"image\/jpeg\" \/>\n<meta name=\"twitter:card\" content=\"summary_large_image\" \/>\n<meta name=\"twitter:label1\" content=\"Est. reading time\" \/>\n\t<meta name=\"twitter:data1\" content=\"2 minutes\" \/>\n<script type=\"application\/ld+json\" class=\"yoast-schema-graph\">{\"@context\":\"https:\/\/schema.org\",\"@graph\":[{\"@type\":\"WebPage\",\"@id\":\"https:\/\/freemove.fr\/en\/produit\/cbsp-battery\/\",\"url\":\"https:\/\/freemove.fr\/en\/produit\/cbsp-battery\/\",\"name\":\"CBSP BATTERY - Boutique Freemove\",\"isPartOf\":{\"@id\":\"https:\/\/freemove.fr\/en\/#website\"},\"primaryImageOfPage\":{\"@id\":\"https:\/\/freemove.fr\/en\/produit\/cbsp-battery\/#primaryimage\"},\"image\":{\"@id\":\"https:\/\/freemove.fr\/en\/produit\/cbsp-battery\/#primaryimage\"},\"thumbnailUrl\":\"https:\/\/freemove.fr\/wp-content\/uploads\/2021\/10\/STUNT-XR.jpg\",\"datePublished\":\"2021-10-01T16:15:15+00:00\",\"dateModified\":\"2023-02-27T08:37:25+00:00\",\"breadcrumb\":{\"@id\":\"https:\/\/freemove.fr\/en\/produit\/cbsp-battery\/#breadcrumb\"},\"inLanguage\":\"en-US\",\"potentialAction\":[{\"@type\":\"ReadAction\",\"target\":[\"https:\/\/freemove.fr\/en\/produit\/cbsp-battery\/\"]}]},{\"@type\":\"ImageObject\",\"inLanguage\":\"en-US\",\"@id\":\"https:\/\/freemove.fr\/en\/produit\/cbsp-battery\/#primaryimage\",\"url\":\"https:\/\/freemove.fr\/wp-content\/uploads\/2021\/10\/STUNT-XR.jpg\",\"contentUrl\":\"https:\/\/freemove.fr\/wp-content\/uploads\/2021\/10\/STUNT-XR.jpg\",\"width\":1440,\"height\":1080},{\"@type\":\"BreadcrumbList\",\"@id\":\"https:\/\/freemove.fr\/en\/produit\/cbsp-battery\/#breadcrumb\",\"itemListElement\":[{\"@type\":\"ListItem\",\"position\":1,\"name\":\"Accueil\",\"item\":\"https:\/\/freemove.fr\/en\/\"},{\"@type\":\"ListItem\",\"position\":2,\"name\":\"Shop\",\"item\":\"https:\/\/freemove.fr\/en\/shop\/\"},{\"@type\":\"ListItem\",\"position\":3,\"name\":\"CBSP BATTERY\"}]},{\"@type\":\"WebSite\",\"@id\":\"https:\/\/freemove.fr\/en\/#website\",\"url\":\"https:\/\/freemove.fr\/en\/\",\"name\":\"Freemove la Glisse \u00c9lectrique pour tous\",\"description\":\"Onewheel - Visites guid\u00e9es en Segway \u00e0 Amboise\",\"publisher\":{\"@id\":\"https:\/\/freemove.fr\/en\/#organization\"},\"potentialAction\":[{\"@type\":\"SearchAction\",\"target\":{\"@type\":\"EntryPoint\",\"urlTemplate\":\"https:\/\/freemove.fr\/en\/?s={search_term_string}\"},\"query-input\":{\"@type\":\"PropertyValueSpecification\",\"valueRequired\":true,\"valueName\":\"search_term_string\"}}],\"inLanguage\":\"en-US\"},{\"@type\":\"Organization\",\"@id\":\"https:\/\/freemove.fr\/en\/#organization\",\"name\":\"Freemove\",\"url\":\"https:\/\/freemove.fr\/en\/\",\"logo\":{\"@type\":\"ImageObject\",\"inLanguage\":\"en-US\",\"@id\":\"https:\/\/freemove.fr\/en\/#\/schema\/logo\/image\/\",\"url\":\"https:\/\/freemove.fr\/wp-content\/uploads\/2021\/06\/footer_logotype-1.svg\",\"contentUrl\":\"https:\/\/freemove.fr\/wp-content\/uploads\/2021\/06\/footer_logotype-1.svg\",\"width\":163,\"height\":45,\"caption\":\"Freemove\"},\"image\":{\"@id\":\"https:\/\/freemove.fr\/en\/#\/schema\/logo\/image\/\"}}]}<\/script>\n<!-- \/ Yoast SEO plugin. -->","yoast_head_json":{"title":"CBSP BATTERY - Boutique Freemove","robots":{"index":"index","follow":"follow","max-snippet":"max-snippet:-1","max-image-preview":"max-image-preview:large","max-video-preview":"max-video-preview:-1"},"canonical":"https:\/\/freemove.fr\/en\/produit\/cbsp-battery\/","og_locale":"en_US","og_type":"article","og_title":"CBSP BATTERY - Boutique Freemove","og_description":"XR STUNT PACK !","og_url":"https:\/\/freemove.fr\/en\/produit\/cbsp-battery\/","og_site_name":"Freemove la Glisse \u00c9lectrique pour tous","article_modified_time":"2023-02-27T08:37:25+00:00","og_image":[{"width":1440,"height":1080,"url":"https:\/\/freemove.fr\/wp-content\/uploads\/2021\/10\/STUNT-XR.jpg","type":"image\/jpeg"}],"twitter_card":"summary_large_image","twitter_misc":{"Est. reading time":"2 minutes"},"schema":{"@context":"https:\/\/schema.org","@graph":[{"@type":"WebPage","@id":"https:\/\/freemove.fr\/en\/produit\/cbsp-battery\/","url":"https:\/\/freemove.fr\/en\/produit\/cbsp-battery\/","name":"CBSP BATTERY - Boutique Freemove","isPartOf":{"@id":"https:\/\/freemove.fr\/en\/#website"},"primaryImageOfPage":{"@id":"https:\/\/freemove.fr\/en\/produit\/cbsp-battery\/#primaryimage"},"image":{"@id":"https:\/\/freemove.fr\/en\/produit\/cbsp-battery\/#primaryimage"},"thumbnailUrl":"https:\/\/freemove.fr\/wp-content\/uploads\/2021\/10\/STUNT-XR.jpg","datePublished":"2021-10-01T16:15:15+00:00","dateModified":"2023-02-27T08:37:25+00:00","breadcrumb":{"@id":"https:\/\/freemove.fr\/en\/produit\/cbsp-battery\/#breadcrumb"},"inLanguage":"en-US","potentialAction":[{"@type":"ReadAction","target":["https:\/\/freemove.fr\/en\/produit\/cbsp-battery\/"]}]},{"@type":"ImageObject","inLanguage":"en-US","@id":"https:\/\/freemove.fr\/en\/produit\/cbsp-battery\/#primaryimage","url":"https:\/\/freemove.fr\/wp-content\/uploads\/2021\/10\/STUNT-XR.jpg","contentUrl":"https:\/\/freemove.fr\/wp-content\/uploads\/2021\/10\/STUNT-XR.jpg","width":1440,"height":1080},{"@type":"BreadcrumbList","@id":"https:\/\/freemove.fr\/en\/produit\/cbsp-battery\/#breadcrumb","itemListElement":[{"@type":"ListItem","position":1,"name":"Accueil","item":"https:\/\/freemove.fr\/en\/"},{"@type":"ListItem","position":2,"name":"Shop","item":"https:\/\/freemove.fr\/en\/shop\/"},{"@type":"ListItem","position":3,"name":"CBSP BATTERY"}]},{"@type":"WebSite","@id":"https:\/\/freemove.fr\/en\/#website","url":"https:\/\/freemove.fr\/en\/","name":"Freemove la Glisse \u00c9lectrique pour tous","description":"Onewheel - Visites guid\u00e9es en Segway \u00e0 Amboise","publisher":{"@id":"https:\/\/freemove.fr\/en\/#organization"},"potentialAction":[{"@type":"SearchAction","target":{"@type":"EntryPoint","urlTemplate":"https:\/\/freemove.fr\/en\/?s={search_term_string}"},"query-input":{"@type":"PropertyValueSpecification","valueRequired":true,"valueName":"search_term_string"}}],"inLanguage":"en-US"},{"@type":"Organization","@id":"https:\/\/freemove.fr\/en\/#organization","name":"Freemove","url":"https:\/\/freemove.fr\/en\/","logo":{"@type":"ImageObject","inLanguage":"en-US","@id":"https:\/\/freemove.fr\/en\/#\/schema\/logo\/image\/","url":"https:\/\/freemove.fr\/wp-content\/uploads\/2021\/06\/footer_logotype-1.svg","contentUrl":"https:\/\/freemove.fr\/wp-content\/uploads\/2021\/06\/footer_logotype-1.svg","width":163,"height":45,"caption":"Freemove"},"image":{"@id":"https:\/\/freemove.fr\/en\/#\/schema\/logo\/image\/"}}]}},"_links":{"self":[{"href":"https:\/\/freemove.fr\/en\/wp-json\/wp\/v2\/product\/9558","targetHints":{"allow":["GET"]}}],"collection":[{"href":"https:\/\/freemove.fr\/en\/wp-json\/wp\/v2\/product"}],"about":[{"href":"https:\/\/freemove.fr\/en\/wp-json\/wp\/v2\/types\/product"}],"replies":[{"embeddable":true,"href":"https:\/\/freemove.fr\/en\/wp-json\/wp\/v2\/comments?post=9558"}],"wp:featuredmedia":[{"embeddable":true,"href":"https:\/\/freemove.fr\/en\/wp-json\/wp\/v2\/media\/9559"}],"wp:attachment":[{"href":"https:\/\/freemove.fr\/en\/wp-json\/wp\/v2\/media?parent=9558"}],"wp:term":[{"taxonomy":"product_brand","embeddable":true,"href":"https:\/\/freemove.fr\/en\/wp-json\/wp\/v2\/product_brand?post=9558"},{"taxonomy":"product_cat","embeddable":true,"href":"https:\/\/freemove.fr\/en\/wp-json\/wp\/v2\/product_cat?post=9558"},{"taxonomy":"product_tag","embeddable":true,"href":"https:\/\/freemove.fr\/en\/wp-json\/wp\/v2\/product_tag?post=9558"}],"curies":[{"name":"wp","href":"https:\/\/api.w.org\/{rel}","templated":true}]}}