


























{"id":9150,"date":"2021-08-04T23:05:17","date_gmt":"2021-08-05T08:50:39","guid":{"rendered":"https:\/\/freemove.fr\/?post_type=product&#038;p=9150"},"modified":"2022-10-31T09:10:52","modified_gmt":"2022-10-31T08:10:52","slug":"waterproofing-kit-for-onewheel-xr","status":"publish","type":"product","link":"https:\/\/freemove.fr\/en\/produit\/waterproofing-kit-for-onewheel-xr\/","title":{"rendered":"WATERPROOFING KIT FOR ONEWHEEL+\/XR"},"content":{"rendered":"<p class=\"\">Includes everything you need for (1) board, including tools and liquids. Requires major disassembly. <strong>Phillips screwdriver and Q-Tips are required but not included.<\/strong><\/p>\n<p class=\"\">Please read instructions and be sure you are comfortable before purchasing.<\/p>\n<p class=\"\"><strong>WARNING!!!: contains chemicals that are extremely toxic and flammable. Keep away from children and open flames.<\/strong><\/p>\n<h2 style=\"text-align: center;\"><span style=\"font-size: 21px;\">INSTRUCTIONS<\/span><\/h2>\n<p><span style=\"font-size: 18px;\"><strong>Before you begin:<\/strong><\/span><br \/>\nMake sure you have everything by checking the picture:<br \/>\n<a href=\"https:\/\/freemove.fr\/wp-content\/uploads\/2021\/08\/Kit-Etanche\u0301ite\u0301-XR-300x225.jpg\"><img decoding=\"async\" class=\"alignnone size-medium wp-image-9151\" src=\"https:\/\/freemove.fr\/wp-content\/uploads\/2021\/08\/Kit-Etanche\u0301ite\u0301-XR-300x225.jpg\" alt=\"\" width=\"300\" height=\"225\" srcset=\"https:\/\/freemove.fr\/wp-content\/uploads\/2021\/08\/Kit-Etanche\u0301ite\u0301-XR-300x225.jpg 300w, https:\/\/freemove.fr\/wp-content\/uploads\/2021\/08\/Kit-Etanche\u0301ite\u0301-XR-1024x768.jpg 1024w, https:\/\/freemove.fr\/wp-content\/uploads\/2021\/08\/Kit-Etanche\u0301ite\u0301-XR-768x576.jpg 768w, https:\/\/freemove.fr\/wp-content\/uploads\/2021\/08\/Kit-Etanche\u0301ite\u0301-XR-516x387.jpg 516w, https:\/\/freemove.fr\/wp-content\/uploads\/2021\/08\/Kit-Etanche\u0301ite\u0301-XR-440x330.jpg 440w, https:\/\/freemove.fr\/wp-content\/uploads\/2021\/08\/Kit-Etanche\u0301ite\u0301-XR-600x450.jpg 600w, https:\/\/freemove.fr\/wp-content\/uploads\/2021\/08\/Kit-Etanche\u0301ite\u0301-XR.jpg 1440w\" sizes=\"(max-width: 300px) 100vw, 300px\" \/><\/a><\/p>\n<p><span style=\"font-size: 18px;\"><strong>Step 1: Cut the nozzle for silicone<\/strong><\/span><br \/>\nThis enables it to reach into the small gaps without smearing silicone where you don&#8217;t want it.<br \/>\n<iframe loading=\"lazy\" title=\"vimeo-player\" src=\"https:\/\/player.vimeo.com\/video\/305884570\" width=\"640\" height=\"360\" frameborder=\"0\" allowfullscreen=\"allowfullscreen\"><\/iframe><\/p>\n<p><span style=\"font-size: 18px;\"><strong>Step 2: Prepare the board (10 minutes)<\/strong><\/span><br \/>\nRemove footpads, bumpers, and the controller module using the included hex key. Clean off any dirt and make sure you have a clean work surface where it will be easy not to lose anything. Be careful removing the connectors from your controller. See the below video:<br \/>\n<iframe loading=\"lazy\" title=\"vimeo-player\" src=\"https:\/\/player.vimeo.com\/video\/305273550\" width=\"640\" height=\"360\" frameborder=\"0\" allowfullscreen=\"allowfullscreen\"><\/iframe><\/p>\n<p><span style=\"font-size: 18px;\"><strong>Step 3: Remove the vents (5 minutes)<\/strong><\/span><br \/>\nThe Sniffer Snorter leak checker requires the vents to be removed. Spare vents are included just in case the original are damaged. If you don\u2019t want to remove your vents, make sure you do an extra thorough job of sealing and cross your fingers for luck. Use the backing from your packing slip to safely hold the vents (use the waxy side that the packing slip was on).<br \/>\n<iframe loading=\"lazy\" title=\"vimeo-player\" src=\"https:\/\/player.vimeo.com\/video\/293848828\" width=\"640\" height=\"360\" frameborder=\"0\" allowfullscreen=\"allowfullscreen\"><\/iframe><\/p>\n<p><span style=\"font-size: 18px;\"><strong>Step 4: Test out the Sniffer Snorter (2 minutes)<\/strong><\/span><br \/>\nCheck your components before sealing to see for yourself how leaky they are. The Sniffer should fill with air very quickly. Practice holding it against a smooth surface to make sure you can get a seal that holds air. If it doesn\u2019t fill with air, it means you are sealed. YOU decide how long to wait before you are confident there are no leaks. 20 seconds with no inflation is typical.<br \/>\n<iframe loading=\"lazy\" title=\"vimeo-player\" src=\"https:\/\/player.vimeo.com\/video\/295927560\" width=\"640\" height=\"360\" frameborder=\"0\" allowfullscreen=\"allowfullscreen\"><\/iframe><\/p>\n<p><span style=\"font-size: 18px;\"><strong>Step 5: Controller Charge Port Seal (1 minute)<\/strong><\/span><br \/>\nUse the Super Thin Silicone for this. Put in enough to completely flood the bottom of the connector, then use the eyedropper to suction out the excess. Set the controller on its side so the liquid stays in the bottom of the port and leave it for 30 minutes. Check that the silicone is completely set before doing anything else to the controller.<br \/>\n<iframe loading=\"lazy\" title=\"vimeo-player\" src=\"https:\/\/player.vimeo.com\/video\/295928704\" width=\"640\" height=\"360\" frameborder=\"0\" allowfullscreen=\"allowfullscreen\"><\/iframe><\/p>\n<p><span style=\"font-size: 18px;\"><strong>Step 6: Battery Module Housing (10 minutes)<\/strong><\/span><br \/>\nUse the Flowable Silicone with the skinny dispenser nozzle for all the highlighted areas:<br \/>\n<a href=\"https:\/\/freemove.fr\/wp-content\/uploads\/2021\/08\/Badger-6-1-300x225.jpg\"><img decoding=\"async\" class=\"alignnone size-medium wp-image-9156\" src=\"https:\/\/freemove.fr\/wp-content\/uploads\/2021\/08\/Badger-6-1-300x225.jpg\" alt=\"\" width=\"300\" height=\"225\" srcset=\"https:\/\/freemove.fr\/wp-content\/uploads\/2021\/08\/Badger-6-1-300x225.jpg 300w, https:\/\/freemove.fr\/wp-content\/uploads\/2021\/08\/Badger-6-1-1024x768.jpg 1024w, https:\/\/freemove.fr\/wp-content\/uploads\/2021\/08\/Badger-6-1-768x576.jpg 768w, https:\/\/freemove.fr\/wp-content\/uploads\/2021\/08\/Badger-6-1-516x387.jpg 516w, https:\/\/freemove.fr\/wp-content\/uploads\/2021\/08\/Badger-6-1-600x450.jpg 600w, https:\/\/freemove.fr\/wp-content\/uploads\/2021\/08\/Badger-6-1.jpg 1440w\" sizes=\"(max-width: 300px) 100vw, 300px\" \/><\/a><a href=\"https:\/\/freemove.fr\/wp-content\/uploads\/2021\/08\/Badger-6-2-300x225.jpg\"><img decoding=\"async\" class=\"alignnone size-medium wp-image-9157\" src=\"https:\/\/freemove.fr\/wp-content\/uploads\/2021\/08\/Badger-6-2-300x225.jpg\" alt=\"\" width=\"300\" height=\"225\" srcset=\"https:\/\/freemove.fr\/wp-content\/uploads\/2021\/08\/Badger-6-2-300x225.jpg 300w, https:\/\/freemove.fr\/wp-content\/uploads\/2021\/08\/Badger-6-2-1024x768.jpg 1024w, https:\/\/freemove.fr\/wp-content\/uploads\/2021\/08\/Badger-6-2-768x576.jpg 768w, https:\/\/freemove.fr\/wp-content\/uploads\/2021\/08\/Badger-6-2-516x387.jpg 516w, https:\/\/freemove.fr\/wp-content\/uploads\/2021\/08\/Badger-6-2-600x450.jpg 600w, https:\/\/freemove.fr\/wp-content\/uploads\/2021\/08\/Badger-6-2.jpg 1440w\" sizes=\"(max-width: 300px) 100vw, 300px\" \/><\/a><\/p>\n<p><span style=\"font-size: 18px;\"><strong>Step 7: Battery Connector (5 minutes)<\/strong><\/span><br \/>\nI did this in red sealant to illustrate where to seal. Use the Flowable Silicone and go all the way around the connector as shown.<br \/>\n<a href=\"https:\/\/freemove.fr\/wp-content\/uploads\/2021\/08\/Badger-7-300x225.jpg\"><img decoding=\"async\" class=\"alignnone size-medium wp-image-9158\" src=\"https:\/\/freemove.fr\/wp-content\/uploads\/2021\/08\/Badger-7-300x225.jpg\" alt=\"\" width=\"300\" height=\"225\" srcset=\"https:\/\/freemove.fr\/wp-content\/uploads\/2021\/08\/Badger-7-300x225.jpg 300w, https:\/\/freemove.fr\/wp-content\/uploads\/2021\/08\/Badger-7-1024x768.jpg 1024w, https:\/\/freemove.fr\/wp-content\/uploads\/2021\/08\/Badger-7-768x576.jpg 768w, https:\/\/freemove.fr\/wp-content\/uploads\/2021\/08\/Badger-7-516x387.jpg 516w, https:\/\/freemove.fr\/wp-content\/uploads\/2021\/08\/Badger-7-600x450.jpg 600w, https:\/\/freemove.fr\/wp-content\/uploads\/2021\/08\/Badger-7.jpg 1440w\" sizes=\"(max-width: 300px) 100vw, 300px\" \/><\/a><\/p>\n<p>Then seal up the end of the cable wrap with Flowable Silicone (NOTE: use the tube of Flowable silicone where the video is showing a syringe.):<br \/>\n<iframe loading=\"lazy\" title=\"vimeo-player\" src=\"https:\/\/player.vimeo.com\/video\/295930757\" width=\"640\" height=\"360\" frameborder=\"0\" allowfullscreen=\"allowfullscreen\"><\/iframe><\/p>\n<p class=\"\">Stand your board up with the tail on the ground to allow the silicone to flow down into the cable.<br \/>\nLet cure for 30 minutes.<\/p>\n<p><span style=\"font-size: 18px;\"><strong>Step 8: Seal your Footpads (10 minutes)<\/strong><\/span><br \/>\nYour Controller and Battery are curing, so it\u2019s time to do the footpads:<br \/>\nCheck your kit for the 2 blue strips:<br \/>\n&#8211; Front footpad: narrow strip<br \/>\n&#8211; Rear footpad: wide strip<\/p>\n<p><strong>IMPORTANT for non-fender users:<br \/>\n<\/strong>The Badger kit needs a fender to hold the foam and protect it. If you are not going to be using a fender of some kind, DO NOT cut your grip tape. Instead, just peel it back and stick the clear plastic strips under it. The grip tape will hold the plastic in place. Seal the sides with silicone.<\/p>\n<p class=\"\">The video shows the foam in pre-cut strips. The kit now includes just one big piece, but the technique is the same. Start by cutting 4 pieces from the wider foam strip, each 1.5 inches long. Here\u2019s how to do it:<\/p>\n<p><iframe loading=\"lazy\" title=\"vimeo-player\" src=\"https:\/\/player.vimeo.com\/video\/306700878\" width=\"640\" height=\"360\" frameborder=\"0\" allowfullscreen=\"allowfullscreen\"><\/iframe><br \/>\n<iframe loading=\"lazy\" title=\"vimeo-player\" src=\"https:\/\/player.vimeo.com\/video\/293846006\" width=\"640\" height=\"360\" frameborder=\"0\" allowfullscreen=\"allowfullscreen\"><\/iframe><br \/>\nSeal up the connector here:<br \/>\n<a href=\"https:\/\/freemove.fr\/wp-content\/uploads\/2021\/08\/Badger-8-300x225.jpg\"><img decoding=\"async\" class=\"alignnone size-medium wp-image-9159\" src=\"https:\/\/freemove.fr\/wp-content\/uploads\/2021\/08\/Badger-8-300x225.jpg\" alt=\"\" width=\"300\" height=\"225\" srcset=\"https:\/\/freemove.fr\/wp-content\/uploads\/2021\/08\/Badger-8-300x225.jpg 300w, https:\/\/freemove.fr\/wp-content\/uploads\/2021\/08\/Badger-8-1024x768.jpg 1024w, https:\/\/freemove.fr\/wp-content\/uploads\/2021\/08\/Badger-8-768x576.jpg 768w, https:\/\/freemove.fr\/wp-content\/uploads\/2021\/08\/Badger-8-516x387.jpg 516w, https:\/\/freemove.fr\/wp-content\/uploads\/2021\/08\/Badger-8-600x450.jpg 600w, https:\/\/freemove.fr\/wp-content\/uploads\/2021\/08\/Badger-8.jpg 1440w\" sizes=\"(max-width: 300px) 100vw, 300px\" \/><\/a><\/p>\n<p><span style=\"font-size: 18px;\"><strong>Step 9: Controller (10 minutes)<\/strong><\/span><br \/>\nYour controller should be removed for this (or you can remove the wheel), and the XLR port silicone should be finished curing from Step 4.<\/p>\n<p><span style=\"font-size: 13px;\">LESS IS MORE!! The silicone flows slowly, just be patient. You need to leave enough space to put your connectors back on. Be EXTRA careful putting the Thin Silicone in to not get it all over the pins. Do it like the video shows.<\/span><\/p>\n<p class=\"\">Use the Flowable Silicone with the skinny dispenser nozzle for all the highlighted areas:<br \/>\n<iframe loading=\"lazy\" title=\"vimeo-player\" src=\"https:\/\/player.vimeo.com\/video\/296558547\" width=\"640\" height=\"360\" frameborder=\"0\" allowfullscreen=\"allowfullscreen\"><\/iframe><br \/>\n<a href=\"https:\/\/freemove.fr\/wp-content\/uploads\/2021\/08\/Badger-9-1-300x225.jpg\"><img decoding=\"async\" class=\"alignnone size-medium wp-image-9161\" src=\"https:\/\/freemove.fr\/wp-content\/uploads\/2021\/08\/Badger-9-1-300x225.jpg\" alt=\"\" width=\"300\" height=\"225\" srcset=\"https:\/\/freemove.fr\/wp-content\/uploads\/2021\/08\/Badger-9-1-300x225.jpg 300w, https:\/\/freemove.fr\/wp-content\/uploads\/2021\/08\/Badger-9-1-1024x768.jpg 1024w, https:\/\/freemove.fr\/wp-content\/uploads\/2021\/08\/Badger-9-1-768x576.jpg 768w, https:\/\/freemove.fr\/wp-content\/uploads\/2021\/08\/Badger-9-1-516x387.jpg 516w, https:\/\/freemove.fr\/wp-content\/uploads\/2021\/08\/Badger-9-1-600x450.jpg 600w, https:\/\/freemove.fr\/wp-content\/uploads\/2021\/08\/Badger-9-1.jpg 1440w\" sizes=\"(max-width: 300px) 100vw, 300px\" \/><\/a><a href=\"https:\/\/freemove.fr\/wp-content\/uploads\/2021\/08\/Badger-9-2-300x225.jpg\"><img decoding=\"async\" class=\"alignnone size-medium wp-image-9163\" src=\"https:\/\/freemove.fr\/wp-content\/uploads\/2021\/08\/Badger-9-2-300x225.jpg\" alt=\"\" width=\"300\" height=\"225\" srcset=\"https:\/\/freemove.fr\/wp-content\/uploads\/2021\/08\/Badger-9-2-300x225.jpg 300w, https:\/\/freemove.fr\/wp-content\/uploads\/2021\/08\/Badger-9-2-1024x768.jpg 1024w, https:\/\/freemove.fr\/wp-content\/uploads\/2021\/08\/Badger-9-2-768x576.jpg 768w, https:\/\/freemove.fr\/wp-content\/uploads\/2021\/08\/Badger-9-2-516x387.jpg 516w, https:\/\/freemove.fr\/wp-content\/uploads\/2021\/08\/Badger-9-2-600x450.jpg 600w, https:\/\/freemove.fr\/wp-content\/uploads\/2021\/08\/Badger-9-2.jpg 1440w\" sizes=\"(max-width: 300px) 100vw, 300px\" \/><\/a><\/p>\n<p><span style=\"font-size: 18px;\"><strong>Step 10: Verify with the Sniffer Tool<\/strong><\/span><br \/>\nSame as Step 3. The Sniffer should remain in the compressed state for at least 20 seconds if all the leak points are sealed. If it slowly expands, examine all your seals for any missed areas and apply again.<\/p>\n<p><span style=\"font-size: 18px;\"><strong>Step 11: Clean the pins<\/strong><\/span><br \/>\nDid you possibly get any silicone on the pins of the controller? Clean them now with Q-tips and alcohol.<\/p>\n<p><span style=\"font-size: 18px;\"><strong>Step 12: Put the new vents on<\/strong><\/span><br \/>\nClean the vent area with the q-tips and alcohol before applying vents. Be careful not to touch the adhesive with your fingers. Use the vent tool instead. They go on just like a sticker. Press them down firmly once in place. Here\u2019s a video tutorial:<br \/>\n<iframe loading=\"lazy\" title=\"vimeo-player\" src=\"https:\/\/player.vimeo.com\/video\/305273779\" width=\"640\" height=\"360\" frameborder=\"0\" allowfullscreen=\"allowfullscreen\"><\/iframe><\/p>\n<p><span style=\"font-size: 18px;\"><strong>Step 13: Grease up the Connectors<\/strong><\/span><br \/>\nIt will make them much easier to assemble or disassemble in the future and provide some extra sealing.<br \/>\n<iframe loading=\"lazy\" title=\"vimeo-player\" src=\"https:\/\/player.vimeo.com\/video\/296997290\" width=\"640\" height=\"360\" frameborder=\"0\" allowfullscreen=\"allowfullscreen\"><\/iframe><br \/>\n<span style=\"font-size: 18px;\"><strong>Step 14: Partially reassemble and test<\/strong><\/span><br \/>\nPush the controller back in and plug in the battery and the motor. Make sure it turns on. Plug in the charger: make sure it charges normally. Plug in the footpad: make sure you can engage normally.<\/p>\n<p class=\"\">If anything is not working normally, you might have gotten silicone on the pins. Plug and re-plug the connectors a few times to scrape the pins clean. Or, use a q-tip and alcohol.<\/p>\n<p><span style=\"font-size: 18px;\"><strong>Step 15: Wait for it to fully cure<\/strong><\/span><br \/>\nWait at least overnight before riding, and at least 24 hours before water exposure for the most reliable results.<\/p>\n<p>&nbsp;<\/p>\n","protected":false},"excerpt":{"rendered":"<h3>NO MORE WATER DAMAGES!<\/h3>\n","protected":false},"featured_media":9151,"comment_status":"closed","ping_status":"closed","template":"","meta":{"inline_featured_image":false},"product_brand":[],"product_cat":[300],"product_tag":[884],"class_list":{"0":"post-9150","1":"product","2":"type-product","3":"status-publish","4":"has-post-thumbnail","6":"product_cat-accessoires-onewheel-xr","7":"product_tag-tools","8":"entry","9":"has-media","11":"first","12":"outofstock","13":"taxable","14":"shipping-taxable","15":"purchasable","16":"product-type-simple"},"acf":[],"yoast_head":"<!-- This site is optimized with the Yoast SEO plugin v24.9 - https:\/\/yoast.com\/wordpress\/plugins\/seo\/ -->\n<title>WATERPROOFING KIT FOR ONEWHEEL+\/XR - Boutique Freemove<\/title>\n<meta name=\"robots\" content=\"index, follow, max-snippet:-1, max-image-preview:large, max-video-preview:-1\" \/>\n<link rel=\"canonical\" href=\"https:\/\/freemove.fr\/en\/produit\/waterproofing-kit-for-onewheel-xr\/\" \/>\n<meta property=\"og:locale\" content=\"en_US\" \/>\n<meta property=\"og:type\" content=\"article\" \/>\n<meta property=\"og:title\" content=\"WATERPROOFING KIT FOR ONEWHEEL+\/XR - Boutique Freemove\" \/>\n<meta property=\"og:description\" content=\"NO MORE WATER DAMAGES!\" \/>\n<meta property=\"og:url\" content=\"https:\/\/freemove.fr\/en\/produit\/waterproofing-kit-for-onewheel-xr\/\" \/>\n<meta property=\"og:site_name\" content=\"Freemove la Glisse \u00c9lectrique pour tous\" \/>\n<meta property=\"article:modified_time\" content=\"2022-10-31T08:10:52+00:00\" \/>\n<meta property=\"og:image\" content=\"https:\/\/freemove.fr\/wp-content\/uploads\/2021\/08\/Kit-Etanche\u0301ite\u0301-XR.jpg\" \/>\n\t<meta property=\"og:image:width\" content=\"1440\" \/>\n\t<meta property=\"og:image:height\" content=\"1080\" \/>\n\t<meta property=\"og:image:type\" content=\"image\/jpeg\" \/>\n<meta name=\"twitter:card\" content=\"summary_large_image\" \/>\n<meta name=\"twitter:label1\" content=\"Est. reading time\" \/>\n\t<meta name=\"twitter:data1\" content=\"5 minutes\" \/>\n<script type=\"application\/ld+json\" class=\"yoast-schema-graph\">{\"@context\":\"https:\/\/schema.org\",\"@graph\":[{\"@type\":\"WebPage\",\"@id\":\"https:\/\/freemove.fr\/en\/produit\/waterproofing-kit-for-onewheel-xr\/\",\"url\":\"https:\/\/freemove.fr\/en\/produit\/waterproofing-kit-for-onewheel-xr\/\",\"name\":\"WATERPROOFING KIT FOR ONEWHEEL+\/XR - Boutique Freemove\",\"isPartOf\":{\"@id\":\"https:\/\/freemove.fr\/en\/#website\"},\"primaryImageOfPage\":{\"@id\":\"https:\/\/freemove.fr\/en\/produit\/waterproofing-kit-for-onewheel-xr\/#primaryimage\"},\"image\":{\"@id\":\"https:\/\/freemove.fr\/en\/produit\/waterproofing-kit-for-onewheel-xr\/#primaryimage\"},\"thumbnailUrl\":\"https:\/\/freemove.fr\/wp-content\/uploads\/2021\/08\/Kit-Etanche\u0301ite\u0301-XR.jpg\",\"datePublished\":\"2021-08-05T08:50:39+00:00\",\"dateModified\":\"2022-10-31T08:10:52+00:00\",\"breadcrumb\":{\"@id\":\"https:\/\/freemove.fr\/en\/produit\/waterproofing-kit-for-onewheel-xr\/#breadcrumb\"},\"inLanguage\":\"en-US\",\"potentialAction\":[{\"@type\":\"ReadAction\",\"target\":[\"https:\/\/freemove.fr\/en\/produit\/waterproofing-kit-for-onewheel-xr\/\"]}]},{\"@type\":\"ImageObject\",\"inLanguage\":\"en-US\",\"@id\":\"https:\/\/freemove.fr\/en\/produit\/waterproofing-kit-for-onewheel-xr\/#primaryimage\",\"url\":\"https:\/\/freemove.fr\/wp-content\/uploads\/2021\/08\/Kit-Etanche\u0301ite\u0301-XR.jpg\",\"contentUrl\":\"https:\/\/freemove.fr\/wp-content\/uploads\/2021\/08\/Kit-Etanche\u0301ite\u0301-XR.jpg\",\"width\":1440,\"height\":1080},{\"@type\":\"BreadcrumbList\",\"@id\":\"https:\/\/freemove.fr\/en\/produit\/waterproofing-kit-for-onewheel-xr\/#breadcrumb\",\"itemListElement\":[{\"@type\":\"ListItem\",\"position\":1,\"name\":\"Accueil\",\"item\":\"https:\/\/freemove.fr\/en\/\"},{\"@type\":\"ListItem\",\"position\":2,\"name\":\"Shop\",\"item\":\"https:\/\/freemove.fr\/en\/shop\/\"},{\"@type\":\"ListItem\",\"position\":3,\"name\":\"WATERPROOFING KIT FOR ONEWHEEL+\/XR\"}]},{\"@type\":\"WebSite\",\"@id\":\"https:\/\/freemove.fr\/en\/#website\",\"url\":\"https:\/\/freemove.fr\/en\/\",\"name\":\"Freemove la Glisse \u00c9lectrique pour tous\",\"description\":\"Onewheel - Visites guid\u00e9es en Segway \u00e0 Amboise\",\"publisher\":{\"@id\":\"https:\/\/freemove.fr\/en\/#organization\"},\"potentialAction\":[{\"@type\":\"SearchAction\",\"target\":{\"@type\":\"EntryPoint\",\"urlTemplate\":\"https:\/\/freemove.fr\/en\/?s={search_term_string}\"},\"query-input\":{\"@type\":\"PropertyValueSpecification\",\"valueRequired\":true,\"valueName\":\"search_term_string\"}}],\"inLanguage\":\"en-US\"},{\"@type\":\"Organization\",\"@id\":\"https:\/\/freemove.fr\/en\/#organization\",\"name\":\"Freemove\",\"url\":\"https:\/\/freemove.fr\/en\/\",\"logo\":{\"@type\":\"ImageObject\",\"inLanguage\":\"en-US\",\"@id\":\"https:\/\/freemove.fr\/en\/#\/schema\/logo\/image\/\",\"url\":\"https:\/\/freemove.fr\/wp-content\/uploads\/2021\/06\/footer_logotype-1.svg\",\"contentUrl\":\"https:\/\/freemove.fr\/wp-content\/uploads\/2021\/06\/footer_logotype-1.svg\",\"width\":163,\"height\":45,\"caption\":\"Freemove\"},\"image\":{\"@id\":\"https:\/\/freemove.fr\/en\/#\/schema\/logo\/image\/\"}}]}<\/script>\n<!-- \/ Yoast SEO plugin. -->","yoast_head_json":{"title":"WATERPROOFING KIT FOR ONEWHEEL+\/XR - Boutique Freemove","robots":{"index":"index","follow":"follow","max-snippet":"max-snippet:-1","max-image-preview":"max-image-preview:large","max-video-preview":"max-video-preview:-1"},"canonical":"https:\/\/freemove.fr\/en\/produit\/waterproofing-kit-for-onewheel-xr\/","og_locale":"en_US","og_type":"article","og_title":"WATERPROOFING KIT FOR ONEWHEEL+\/XR - Boutique Freemove","og_description":"NO MORE WATER DAMAGES!","og_url":"https:\/\/freemove.fr\/en\/produit\/waterproofing-kit-for-onewheel-xr\/","og_site_name":"Freemove la Glisse \u00c9lectrique pour tous","article_modified_time":"2022-10-31T08:10:52+00:00","og_image":[{"width":1440,"height":1080,"url":"https:\/\/freemove.fr\/wp-content\/uploads\/2021\/08\/Kit-Etanche\u0301ite\u0301-XR.jpg","type":"image\/jpeg"}],"twitter_card":"summary_large_image","twitter_misc":{"Est. reading time":"5 minutes"},"schema":{"@context":"https:\/\/schema.org","@graph":[{"@type":"WebPage","@id":"https:\/\/freemove.fr\/en\/produit\/waterproofing-kit-for-onewheel-xr\/","url":"https:\/\/freemove.fr\/en\/produit\/waterproofing-kit-for-onewheel-xr\/","name":"WATERPROOFING KIT FOR ONEWHEEL+\/XR - Boutique Freemove","isPartOf":{"@id":"https:\/\/freemove.fr\/en\/#website"},"primaryImageOfPage":{"@id":"https:\/\/freemove.fr\/en\/produit\/waterproofing-kit-for-onewheel-xr\/#primaryimage"},"image":{"@id":"https:\/\/freemove.fr\/en\/produit\/waterproofing-kit-for-onewheel-xr\/#primaryimage"},"thumbnailUrl":"https:\/\/freemove.fr\/wp-content\/uploads\/2021\/08\/Kit-Etanche\u0301ite\u0301-XR.jpg","datePublished":"2021-08-05T08:50:39+00:00","dateModified":"2022-10-31T08:10:52+00:00","breadcrumb":{"@id":"https:\/\/freemove.fr\/en\/produit\/waterproofing-kit-for-onewheel-xr\/#breadcrumb"},"inLanguage":"en-US","potentialAction":[{"@type":"ReadAction","target":["https:\/\/freemove.fr\/en\/produit\/waterproofing-kit-for-onewheel-xr\/"]}]},{"@type":"ImageObject","inLanguage":"en-US","@id":"https:\/\/freemove.fr\/en\/produit\/waterproofing-kit-for-onewheel-xr\/#primaryimage","url":"https:\/\/freemove.fr\/wp-content\/uploads\/2021\/08\/Kit-Etanche\u0301ite\u0301-XR.jpg","contentUrl":"https:\/\/freemove.fr\/wp-content\/uploads\/2021\/08\/Kit-Etanche\u0301ite\u0301-XR.jpg","width":1440,"height":1080},{"@type":"BreadcrumbList","@id":"https:\/\/freemove.fr\/en\/produit\/waterproofing-kit-for-onewheel-xr\/#breadcrumb","itemListElement":[{"@type":"ListItem","position":1,"name":"Accueil","item":"https:\/\/freemove.fr\/en\/"},{"@type":"ListItem","position":2,"name":"Shop","item":"https:\/\/freemove.fr\/en\/shop\/"},{"@type":"ListItem","position":3,"name":"WATERPROOFING KIT FOR ONEWHEEL+\/XR"}]},{"@type":"WebSite","@id":"https:\/\/freemove.fr\/en\/#website","url":"https:\/\/freemove.fr\/en\/","name":"Freemove la Glisse \u00c9lectrique pour tous","description":"Onewheel - Visites guid\u00e9es en Segway \u00e0 Amboise","publisher":{"@id":"https:\/\/freemove.fr\/en\/#organization"},"potentialAction":[{"@type":"SearchAction","target":{"@type":"EntryPoint","urlTemplate":"https:\/\/freemove.fr\/en\/?s={search_term_string}"},"query-input":{"@type":"PropertyValueSpecification","valueRequired":true,"valueName":"search_term_string"}}],"inLanguage":"en-US"},{"@type":"Organization","@id":"https:\/\/freemove.fr\/en\/#organization","name":"Freemove","url":"https:\/\/freemove.fr\/en\/","logo":{"@type":"ImageObject","inLanguage":"en-US","@id":"https:\/\/freemove.fr\/en\/#\/schema\/logo\/image\/","url":"https:\/\/freemove.fr\/wp-content\/uploads\/2021\/06\/footer_logotype-1.svg","contentUrl":"https:\/\/freemove.fr\/wp-content\/uploads\/2021\/06\/footer_logotype-1.svg","width":163,"height":45,"caption":"Freemove"},"image":{"@id":"https:\/\/freemove.fr\/en\/#\/schema\/logo\/image\/"}}]}},"_links":{"self":[{"href":"https:\/\/freemove.fr\/en\/wp-json\/wp\/v2\/product\/9150","targetHints":{"allow":["GET"]}}],"collection":[{"href":"https:\/\/freemove.fr\/en\/wp-json\/wp\/v2\/product"}],"about":[{"href":"https:\/\/freemove.fr\/en\/wp-json\/wp\/v2\/types\/product"}],"replies":[{"embeddable":true,"href":"https:\/\/freemove.fr\/en\/wp-json\/wp\/v2\/comments?post=9150"}],"wp:featuredmedia":[{"embeddable":true,"href":"https:\/\/freemove.fr\/en\/wp-json\/wp\/v2\/media\/9151"}],"wp:attachment":[{"href":"https:\/\/freemove.fr\/en\/wp-json\/wp\/v2\/media?parent=9150"}],"wp:term":[{"taxonomy":"product_brand","embeddable":true,"href":"https:\/\/freemove.fr\/en\/wp-json\/wp\/v2\/product_brand?post=9150"},{"taxonomy":"product_cat","embeddable":true,"href":"https:\/\/freemove.fr\/en\/wp-json\/wp\/v2\/product_cat?post=9150"},{"taxonomy":"product_tag","embeddable":true,"href":"https:\/\/freemove.fr\/en\/wp-json\/wp\/v2\/product_tag?post=9150"}],"curies":[{"name":"wp","href":"https:\/\/api.w.org\/{rel}","templated":true}]}}