


























{"id":9134,"date":"2021-08-04T21:44:57","date_gmt":"2021-08-04T19:58:38","guid":{"rendered":"https:\/\/freemove.fr\/?post_type=product&#038;p=9134"},"modified":"2022-12-02T00:01:32","modified_gmt":"2022-12-01T23:01:32","slug":"lift-lowering-kit","status":"publish","type":"product","link":"https:\/\/freemove.fr\/en\/produit\/lift-lowering-kit\/","title":{"rendered":"LIFT\/LOWERING KIT"},"content":{"rendered":"<p>This Deck Leveling Kit allows you <strong>to raise or lower the Rails + Pads assembly by 3 centimeters!<\/strong> In other words, your wheel axle will go down or up by 3 centimeters.<\/p>\n<p>Composed of <strong>2 aluminum brackets<\/strong> (raw or anodized), this kit is <strong>easily installed on your Onewheel+\/XR<\/strong> once you release the wheel from its axle. A <strong>complete explanatory video<\/strong>\u00a0is available at the bottom of this page.<\/p>\n<ul>\n<li><strong>Raise your deck:<\/strong> the ground clearance increases by 3 centimeters! You can now <strong>climb steep slopes<\/strong> without the risk of rubbing the nose on the ground!\u00a0<strong>Ideal to ride off-piste<\/strong> and reach levels of clearance inaccessible until now!<\/li>\n<li><strong>Lower your deck:<\/strong> the ground clearance decreases by 3 centimeters!\u00a0<strong>Ideal for the city and asphalt<\/strong>, this mode lowers your center of gravity making the ride more stable!\u00a0<strong>The use of Fangs can be very useful<\/strong> in case of hard acceleration to slide on the nose!<\/li>\n<\/ul>\n<p><strong>Another advantage<\/strong>, the fact that your wheel is off-center <strong>reduces the space it occupies between the 2 Pads<\/strong>. If you have an off-road tire, it can be inflated to <strong>high pressure<\/strong> without rubbing against the Pads!<\/p>\n<p><strong>This kit includes:<\/strong><br \/>\n&#8211; 2 Machined aluminum plates<br \/>\n&#8211; 2 Aluminum Counter Plates<br \/>\n&#8211; 8 screws needed for assembly<\/p>\n<div class=\"lyte-wrapper fourthree\" style=\"width:420px;max-width:100%;margin:5px;\"><div class=\"lyMe\" id=\"WYL_HGP2zX56VTA\"><div id=\"lyte_HGP2zX56VTA\" data-src=\"\/\/i.ytimg.com\/vi\/HGP2zX56VTA\/hqdefault.jpg\" class=\"pL\"><div class=\"tC\"><div class=\"tT\"><\/div><\/div><div class=\"play\"><\/div><div class=\"ctrl\"><div class=\"Lctrl\"><\/div><div class=\"Rctrl\"><\/div><\/div><\/div><noscript><a href=\"https:\/\/youtu.be\/HGP2zX56VTA\" rel=\"nofollow\"><img decoding=\"async\" src=\"https:\/\/i.ytimg.com\/vi\/HGP2zX56VTA\/0.jpg\" alt=\"\" width=\"420\" height=\"295\" \/><br \/>Watch this video on YouTube<\/a><\/noscript><\/div><\/div><div class=\"lL\" style=\"max-width:100%;width:420px;margin:5px;\"><\/div>\n","protected":false},"excerpt":{"rendered":"<h3>RAISE OR LOWER YOUR ONEWHEEL!<\/h3>\n","protected":false},"featured_media":9135,"comment_status":"closed","ping_status":"closed","template":"","meta":{"inline_featured_image":false},"product_brand":[],"product_cat":[300],"product_tag":[884],"class_list":{"0":"post-9134","1":"product","2":"type-product","3":"status-publish","4":"has-post-thumbnail","6":"product_cat-accessoires-onewheel-xr","7":"product_tag-tools","8":"pa_couleur-aluminium","9":"pa_couleur-black","10":"pa_couleur-red","11":"entry","12":"has-media","14":"first","15":"instock","16":"sale","17":"taxable","18":"shipping-taxable","19":"purchasable","20":"product-type-variable"},"acf":[],"yoast_head":"<!-- This site is optimized with the Yoast SEO plugin v24.9 - https:\/\/yoast.com\/wordpress\/plugins\/seo\/ -->\n<title>LIFT\/LOWERING KIT - Boutique Freemove<\/title>\n<meta name=\"robots\" content=\"index, follow, max-snippet:-1, max-image-preview:large, max-video-preview:-1\" \/>\n<link rel=\"canonical\" href=\"https:\/\/freemove.fr\/en\/produit\/lift-lowering-kit\/\" \/>\n<meta property=\"og:locale\" content=\"en_US\" \/>\n<meta property=\"og:type\" content=\"article\" \/>\n<meta property=\"og:title\" content=\"LIFT\/LOWERING KIT - Boutique Freemove\" \/>\n<meta property=\"og:description\" content=\"RAISE OR LOWER YOUR ONEWHEEL!\" \/>\n<meta property=\"og:url\" content=\"https:\/\/freemove.fr\/en\/produit\/lift-lowering-kit\/\" \/>\n<meta property=\"og:site_name\" content=\"Freemove la Glisse \u00c9lectrique pour tous\" \/>\n<meta property=\"article:modified_time\" content=\"2022-12-01T23:01:32+00:00\" \/>\n<meta property=\"og:image\" content=\"https:\/\/freemove.fr\/wp-content\/uploads\/2021\/08\/Lift-Kit-Brut.jpg\" \/>\n\t<meta property=\"og:image:width\" content=\"1440\" \/>\n\t<meta property=\"og:image:height\" content=\"1080\" \/>\n\t<meta property=\"og:image:type\" content=\"image\/jpeg\" \/>\n<meta name=\"twitter:card\" content=\"summary_large_image\" \/>\n<meta name=\"twitter:label1\" content=\"Est. reading time\" \/>\n\t<meta name=\"twitter:data1\" content=\"1 minute\" \/>\n<script type=\"application\/ld+json\" class=\"yoast-schema-graph\">{\"@context\":\"https:\/\/schema.org\",\"@graph\":[{\"@type\":\"WebPage\",\"@id\":\"https:\/\/freemove.fr\/en\/produit\/lift-lowering-kit\/\",\"url\":\"https:\/\/freemove.fr\/en\/produit\/lift-lowering-kit\/\",\"name\":\"LIFT\/LOWERING KIT - Boutique Freemove\",\"isPartOf\":{\"@id\":\"https:\/\/freemove.fr\/en\/#website\"},\"primaryImageOfPage\":{\"@id\":\"https:\/\/freemove.fr\/en\/produit\/lift-lowering-kit\/#primaryimage\"},\"image\":{\"@id\":\"https:\/\/freemove.fr\/en\/produit\/lift-lowering-kit\/#primaryimage\"},\"thumbnailUrl\":\"https:\/\/freemove.fr\/wp-content\/uploads\/2021\/08\/Lift-Kit-Brut.jpg\",\"datePublished\":\"2021-08-04T19:58:38+00:00\",\"dateModified\":\"2022-12-01T23:01:32+00:00\",\"breadcrumb\":{\"@id\":\"https:\/\/freemove.fr\/en\/produit\/lift-lowering-kit\/#breadcrumb\"},\"inLanguage\":\"en-US\",\"potentialAction\":[{\"@type\":\"ReadAction\",\"target\":[\"https:\/\/freemove.fr\/en\/produit\/lift-lowering-kit\/\"]}]},{\"@type\":\"ImageObject\",\"inLanguage\":\"en-US\",\"@id\":\"https:\/\/freemove.fr\/en\/produit\/lift-lowering-kit\/#primaryimage\",\"url\":\"https:\/\/freemove.fr\/wp-content\/uploads\/2021\/08\/Lift-Kit-Brut.jpg\",\"contentUrl\":\"https:\/\/freemove.fr\/wp-content\/uploads\/2021\/08\/Lift-Kit-Brut.jpg\",\"width\":1440,\"height\":1080},{\"@type\":\"BreadcrumbList\",\"@id\":\"https:\/\/freemove.fr\/en\/produit\/lift-lowering-kit\/#breadcrumb\",\"itemListElement\":[{\"@type\":\"ListItem\",\"position\":1,\"name\":\"Accueil\",\"item\":\"https:\/\/freemove.fr\/en\/\"},{\"@type\":\"ListItem\",\"position\":2,\"name\":\"Shop\",\"item\":\"https:\/\/freemove.fr\/en\/shop\/\"},{\"@type\":\"ListItem\",\"position\":3,\"name\":\"LIFT\/LOWERING KIT\"}]},{\"@type\":\"WebSite\",\"@id\":\"https:\/\/freemove.fr\/en\/#website\",\"url\":\"https:\/\/freemove.fr\/en\/\",\"name\":\"Freemove la Glisse \u00c9lectrique pour tous\",\"description\":\"Onewheel - Visites guid\u00e9es en Segway \u00e0 Amboise\",\"publisher\":{\"@id\":\"https:\/\/freemove.fr\/en\/#organization\"},\"potentialAction\":[{\"@type\":\"SearchAction\",\"target\":{\"@type\":\"EntryPoint\",\"urlTemplate\":\"https:\/\/freemove.fr\/en\/?s={search_term_string}\"},\"query-input\":{\"@type\":\"PropertyValueSpecification\",\"valueRequired\":true,\"valueName\":\"search_term_string\"}}],\"inLanguage\":\"en-US\"},{\"@type\":\"Organization\",\"@id\":\"https:\/\/freemove.fr\/en\/#organization\",\"name\":\"Freemove\",\"url\":\"https:\/\/freemove.fr\/en\/\",\"logo\":{\"@type\":\"ImageObject\",\"inLanguage\":\"en-US\",\"@id\":\"https:\/\/freemove.fr\/en\/#\/schema\/logo\/image\/\",\"url\":\"https:\/\/freemove.fr\/wp-content\/uploads\/2021\/06\/footer_logotype-1.svg\",\"contentUrl\":\"https:\/\/freemove.fr\/wp-content\/uploads\/2021\/06\/footer_logotype-1.svg\",\"width\":163,\"height\":45,\"caption\":\"Freemove\"},\"image\":{\"@id\":\"https:\/\/freemove.fr\/en\/#\/schema\/logo\/image\/\"}}]}<\/script>\n<!-- \/ Yoast SEO plugin. -->","yoast_head_json":{"title":"LIFT\/LOWERING KIT - Boutique Freemove","robots":{"index":"index","follow":"follow","max-snippet":"max-snippet:-1","max-image-preview":"max-image-preview:large","max-video-preview":"max-video-preview:-1"},"canonical":"https:\/\/freemove.fr\/en\/produit\/lift-lowering-kit\/","og_locale":"en_US","og_type":"article","og_title":"LIFT\/LOWERING KIT - Boutique Freemove","og_description":"RAISE OR LOWER YOUR ONEWHEEL!","og_url":"https:\/\/freemove.fr\/en\/produit\/lift-lowering-kit\/","og_site_name":"Freemove la Glisse \u00c9lectrique pour tous","article_modified_time":"2022-12-01T23:01:32+00:00","og_image":[{"width":1440,"height":1080,"url":"https:\/\/freemove.fr\/wp-content\/uploads\/2021\/08\/Lift-Kit-Brut.jpg","type":"image\/jpeg"}],"twitter_card":"summary_large_image","twitter_misc":{"Est. reading time":"1 minute"},"schema":{"@context":"https:\/\/schema.org","@graph":[{"@type":"WebPage","@id":"https:\/\/freemove.fr\/en\/produit\/lift-lowering-kit\/","url":"https:\/\/freemove.fr\/en\/produit\/lift-lowering-kit\/","name":"LIFT\/LOWERING KIT - Boutique Freemove","isPartOf":{"@id":"https:\/\/freemove.fr\/en\/#website"},"primaryImageOfPage":{"@id":"https:\/\/freemove.fr\/en\/produit\/lift-lowering-kit\/#primaryimage"},"image":{"@id":"https:\/\/freemove.fr\/en\/produit\/lift-lowering-kit\/#primaryimage"},"thumbnailUrl":"https:\/\/freemove.fr\/wp-content\/uploads\/2021\/08\/Lift-Kit-Brut.jpg","datePublished":"2021-08-04T19:58:38+00:00","dateModified":"2022-12-01T23:01:32+00:00","breadcrumb":{"@id":"https:\/\/freemove.fr\/en\/produit\/lift-lowering-kit\/#breadcrumb"},"inLanguage":"en-US","potentialAction":[{"@type":"ReadAction","target":["https:\/\/freemove.fr\/en\/produit\/lift-lowering-kit\/"]}]},{"@type":"ImageObject","inLanguage":"en-US","@id":"https:\/\/freemove.fr\/en\/produit\/lift-lowering-kit\/#primaryimage","url":"https:\/\/freemove.fr\/wp-content\/uploads\/2021\/08\/Lift-Kit-Brut.jpg","contentUrl":"https:\/\/freemove.fr\/wp-content\/uploads\/2021\/08\/Lift-Kit-Brut.jpg","width":1440,"height":1080},{"@type":"BreadcrumbList","@id":"https:\/\/freemove.fr\/en\/produit\/lift-lowering-kit\/#breadcrumb","itemListElement":[{"@type":"ListItem","position":1,"name":"Accueil","item":"https:\/\/freemove.fr\/en\/"},{"@type":"ListItem","position":2,"name":"Shop","item":"https:\/\/freemove.fr\/en\/shop\/"},{"@type":"ListItem","position":3,"name":"LIFT\/LOWERING KIT"}]},{"@type":"WebSite","@id":"https:\/\/freemove.fr\/en\/#website","url":"https:\/\/freemove.fr\/en\/","name":"Freemove la Glisse \u00c9lectrique pour tous","description":"Onewheel - Visites guid\u00e9es en Segway \u00e0 Amboise","publisher":{"@id":"https:\/\/freemove.fr\/en\/#organization"},"potentialAction":[{"@type":"SearchAction","target":{"@type":"EntryPoint","urlTemplate":"https:\/\/freemove.fr\/en\/?s={search_term_string}"},"query-input":{"@type":"PropertyValueSpecification","valueRequired":true,"valueName":"search_term_string"}}],"inLanguage":"en-US"},{"@type":"Organization","@id":"https:\/\/freemove.fr\/en\/#organization","name":"Freemove","url":"https:\/\/freemove.fr\/en\/","logo":{"@type":"ImageObject","inLanguage":"en-US","@id":"https:\/\/freemove.fr\/en\/#\/schema\/logo\/image\/","url":"https:\/\/freemove.fr\/wp-content\/uploads\/2021\/06\/footer_logotype-1.svg","contentUrl":"https:\/\/freemove.fr\/wp-content\/uploads\/2021\/06\/footer_logotype-1.svg","width":163,"height":45,"caption":"Freemove"},"image":{"@id":"https:\/\/freemove.fr\/en\/#\/schema\/logo\/image\/"}}]}},"_links":{"self":[{"href":"https:\/\/freemove.fr\/en\/wp-json\/wp\/v2\/product\/9134","targetHints":{"allow":["GET"]}}],"collection":[{"href":"https:\/\/freemove.fr\/en\/wp-json\/wp\/v2\/product"}],"about":[{"href":"https:\/\/freemove.fr\/en\/wp-json\/wp\/v2\/types\/product"}],"replies":[{"embeddable":true,"href":"https:\/\/freemove.fr\/en\/wp-json\/wp\/v2\/comments?post=9134"}],"wp:featuredmedia":[{"embeddable":true,"href":"https:\/\/freemove.fr\/en\/wp-json\/wp\/v2\/media\/9135"}],"wp:attachment":[{"href":"https:\/\/freemove.fr\/en\/wp-json\/wp\/v2\/media?parent=9134"}],"wp:term":[{"taxonomy":"product_brand","embeddable":true,"href":"https:\/\/freemove.fr\/en\/wp-json\/wp\/v2\/product_brand?post=9134"},{"taxonomy":"product_cat","embeddable":true,"href":"https:\/\/freemove.fr\/en\/wp-json\/wp\/v2\/product_cat?post=9134"},{"taxonomy":"product_tag","embeddable":true,"href":"https:\/\/freemove.fr\/en\/wp-json\/wp\/v2\/product_tag?post=9134"}],"curies":[{"name":"wp","href":"https:\/\/api.w.org\/{rel}","templated":true}]}}