


























{"id":9022,"date":"2021-06-23T11:09:26","date_gmt":"2021-07-14T00:42:04","guid":{"rendered":"https:\/\/freemove.fr\/?post_type=product&#038;p=9022"},"modified":"2021-10-20T19:49:04","modified_gmt":"2021-10-20T17:49:04","slug":"t-shirt-ride-the-planet-white-blue","status":"publish","type":"product","link":"https:\/\/freemove.fr\/en\/produit\/t-shirt-ride-the-planet-white-blue\/","title":{"rendered":"T-SHIRT &#8220;RIDE THE PLANET&#8221; WHITE-BLUE"},"content":{"rendered":"<p>Ride your Onewheel in style with this great &#8220;<strong>RIDE THE PLANET<\/strong>&#8221; T-shirt by Freemove!<\/p>\n<p><strong>100% cotton<\/strong> t-shirt with contrasting raglan sleeves<br \/>\nBrand : <strong>Fruit of the Loom<\/strong><br \/>\nWeight : <strong>165g\/m2<\/strong><\/p>\n<p><strong>Product available in 1 week<\/strong><\/p>\n<p><em>This t-shirt is small. If you are between two sizes, we advise you to choose the bigger one. Better to take too big than too small!<\/em><\/p>\n","protected":false},"excerpt":{"rendered":"<p>LA CLASSE \u00c0 DALLAS!<\/p>\n","protected":false},"featured_media":6671,"comment_status":"closed","ping_status":"closed","template":"","meta":{"inline_featured_image":false},"product_brand":[],"product_cat":[300,302],"product_tag":[892],"class_list":{"0":"post-9022","1":"product","2":"type-product","3":"status-publish","4":"has-post-thumbnail","6":"product_cat-accessoires-onewheel-xr","7":"product_cat-accessoires-onewheel-pint","8":"product_tag-textile","9":"entry","10":"has-media","12":"first","13":"instock","14":"taxable","15":"shipping-taxable","16":"purchasable","17":"product-type-variable"},"acf":[],"yoast_head":"<!-- This site is optimized with the Yoast SEO plugin v24.9 - https:\/\/yoast.com\/wordpress\/plugins\/seo\/ -->\n<title>T-SHIRT &quot;RIDE THE PLANET&quot; WHITE-BLUE - Boutique Freemove<\/title>\n<meta name=\"robots\" content=\"index, follow, max-snippet:-1, max-image-preview:large, max-video-preview:-1\" \/>\n<link rel=\"canonical\" href=\"https:\/\/freemove.fr\/en\/produit\/t-shirt-ride-the-planet-white-blue\/\" \/>\n<meta property=\"og:locale\" content=\"en_US\" \/>\n<meta property=\"og:type\" content=\"article\" \/>\n<meta property=\"og:title\" content=\"T-SHIRT &quot;RIDE THE PLANET&quot; WHITE-BLUE - Boutique Freemove\" \/>\n<meta property=\"og:description\" content=\"LA CLASSE \u00c0 DALLAS!\" \/>\n<meta property=\"og:url\" content=\"https:\/\/freemove.fr\/en\/produit\/t-shirt-ride-the-planet-white-blue\/\" \/>\n<meta property=\"og:site_name\" content=\"Freemove la Glisse \u00c9lectrique pour tous\" \/>\n<meta property=\"article:modified_time\" content=\"2021-10-20T17:49:04+00:00\" \/>\n<meta property=\"og:image\" content=\"https:\/\/freemove.fr\/wp-content\/uploads\/2021\/06\/t-shirt_pele_blanc-1.jpg\" \/>\n\t<meta property=\"og:image:width\" content=\"1440\" \/>\n\t<meta property=\"og:image:height\" content=\"1080\" \/>\n\t<meta property=\"og:image:type\" content=\"image\/jpeg\" \/>\n<meta name=\"twitter:card\" content=\"summary_large_image\" \/>\n<script type=\"application\/ld+json\" class=\"yoast-schema-graph\">{\"@context\":\"https:\/\/schema.org\",\"@graph\":[{\"@type\":\"WebPage\",\"@id\":\"https:\/\/freemove.fr\/en\/produit\/t-shirt-ride-the-planet-white-blue\/\",\"url\":\"https:\/\/freemove.fr\/en\/produit\/t-shirt-ride-the-planet-white-blue\/\",\"name\":\"T-SHIRT \\\"RIDE THE PLANET\\\" WHITE-BLUE - Boutique Freemove\",\"isPartOf\":{\"@id\":\"https:\/\/freemove.fr\/en\/#website\"},\"primaryImageOfPage\":{\"@id\":\"https:\/\/freemove.fr\/en\/produit\/t-shirt-ride-the-planet-white-blue\/#primaryimage\"},\"image\":{\"@id\":\"https:\/\/freemove.fr\/en\/produit\/t-shirt-ride-the-planet-white-blue\/#primaryimage\"},\"thumbnailUrl\":\"https:\/\/freemove.fr\/wp-content\/uploads\/2021\/06\/t-shirt_pele_blanc-1.jpg\",\"datePublished\":\"2021-07-14T00:42:04+00:00\",\"dateModified\":\"2021-10-20T17:49:04+00:00\",\"breadcrumb\":{\"@id\":\"https:\/\/freemove.fr\/en\/produit\/t-shirt-ride-the-planet-white-blue\/#breadcrumb\"},\"inLanguage\":\"en-US\",\"potentialAction\":[{\"@type\":\"ReadAction\",\"target\":[\"https:\/\/freemove.fr\/en\/produit\/t-shirt-ride-the-planet-white-blue\/\"]}]},{\"@type\":\"ImageObject\",\"inLanguage\":\"en-US\",\"@id\":\"https:\/\/freemove.fr\/en\/produit\/t-shirt-ride-the-planet-white-blue\/#primaryimage\",\"url\":\"https:\/\/freemove.fr\/wp-content\/uploads\/2021\/06\/t-shirt_pele_blanc-1.jpg\",\"contentUrl\":\"https:\/\/freemove.fr\/wp-content\/uploads\/2021\/06\/t-shirt_pele_blanc-1.jpg\",\"width\":1440,\"height\":1080},{\"@type\":\"BreadcrumbList\",\"@id\":\"https:\/\/freemove.fr\/en\/produit\/t-shirt-ride-the-planet-white-blue\/#breadcrumb\",\"itemListElement\":[{\"@type\":\"ListItem\",\"position\":1,\"name\":\"Accueil\",\"item\":\"https:\/\/freemove.fr\/en\/\"},{\"@type\":\"ListItem\",\"position\":2,\"name\":\"Shop\",\"item\":\"https:\/\/freemove.fr\/en\/shop\/\"},{\"@type\":\"ListItem\",\"position\":3,\"name\":\"T-SHIRT &#8220;RIDE THE PLANET&#8221; WHITE-BLUE\"}]},{\"@type\":\"WebSite\",\"@id\":\"https:\/\/freemove.fr\/en\/#website\",\"url\":\"https:\/\/freemove.fr\/en\/\",\"name\":\"Freemove la Glisse \u00c9lectrique pour tous\",\"description\":\"Onewheel - Visites guid\u00e9es en Segway \u00e0 Amboise\",\"publisher\":{\"@id\":\"https:\/\/freemove.fr\/en\/#organization\"},\"potentialAction\":[{\"@type\":\"SearchAction\",\"target\":{\"@type\":\"EntryPoint\",\"urlTemplate\":\"https:\/\/freemove.fr\/en\/?s={search_term_string}\"},\"query-input\":{\"@type\":\"PropertyValueSpecification\",\"valueRequired\":true,\"valueName\":\"search_term_string\"}}],\"inLanguage\":\"en-US\"},{\"@type\":\"Organization\",\"@id\":\"https:\/\/freemove.fr\/en\/#organization\",\"name\":\"Freemove\",\"url\":\"https:\/\/freemove.fr\/en\/\",\"logo\":{\"@type\":\"ImageObject\",\"inLanguage\":\"en-US\",\"@id\":\"https:\/\/freemove.fr\/en\/#\/schema\/logo\/image\/\",\"url\":\"https:\/\/freemove.fr\/wp-content\/uploads\/2021\/06\/footer_logotype-1.svg\",\"contentUrl\":\"https:\/\/freemove.fr\/wp-content\/uploads\/2021\/06\/footer_logotype-1.svg\",\"width\":163,\"height\":45,\"caption\":\"Freemove\"},\"image\":{\"@id\":\"https:\/\/freemove.fr\/en\/#\/schema\/logo\/image\/\"}}]}<\/script>\n<!-- \/ Yoast SEO plugin. -->","yoast_head_json":{"title":"T-SHIRT \"RIDE THE PLANET\" WHITE-BLUE - Boutique Freemove","robots":{"index":"index","follow":"follow","max-snippet":"max-snippet:-1","max-image-preview":"max-image-preview:large","max-video-preview":"max-video-preview:-1"},"canonical":"https:\/\/freemove.fr\/en\/produit\/t-shirt-ride-the-planet-white-blue\/","og_locale":"en_US","og_type":"article","og_title":"T-SHIRT \"RIDE THE PLANET\" WHITE-BLUE - Boutique Freemove","og_description":"LA CLASSE \u00c0 DALLAS!","og_url":"https:\/\/freemove.fr\/en\/produit\/t-shirt-ride-the-planet-white-blue\/","og_site_name":"Freemove la Glisse \u00c9lectrique pour tous","article_modified_time":"2021-10-20T17:49:04+00:00","og_image":[{"width":1440,"height":1080,"url":"https:\/\/freemove.fr\/wp-content\/uploads\/2021\/06\/t-shirt_pele_blanc-1.jpg","type":"image\/jpeg"}],"twitter_card":"summary_large_image","schema":{"@context":"https:\/\/schema.org","@graph":[{"@type":"WebPage","@id":"https:\/\/freemove.fr\/en\/produit\/t-shirt-ride-the-planet-white-blue\/","url":"https:\/\/freemove.fr\/en\/produit\/t-shirt-ride-the-planet-white-blue\/","name":"T-SHIRT \"RIDE THE PLANET\" WHITE-BLUE - Boutique Freemove","isPartOf":{"@id":"https:\/\/freemove.fr\/en\/#website"},"primaryImageOfPage":{"@id":"https:\/\/freemove.fr\/en\/produit\/t-shirt-ride-the-planet-white-blue\/#primaryimage"},"image":{"@id":"https:\/\/freemove.fr\/en\/produit\/t-shirt-ride-the-planet-white-blue\/#primaryimage"},"thumbnailUrl":"https:\/\/freemove.fr\/wp-content\/uploads\/2021\/06\/t-shirt_pele_blanc-1.jpg","datePublished":"2021-07-14T00:42:04+00:00","dateModified":"2021-10-20T17:49:04+00:00","breadcrumb":{"@id":"https:\/\/freemove.fr\/en\/produit\/t-shirt-ride-the-planet-white-blue\/#breadcrumb"},"inLanguage":"en-US","potentialAction":[{"@type":"ReadAction","target":["https:\/\/freemove.fr\/en\/produit\/t-shirt-ride-the-planet-white-blue\/"]}]},{"@type":"ImageObject","inLanguage":"en-US","@id":"https:\/\/freemove.fr\/en\/produit\/t-shirt-ride-the-planet-white-blue\/#primaryimage","url":"https:\/\/freemove.fr\/wp-content\/uploads\/2021\/06\/t-shirt_pele_blanc-1.jpg","contentUrl":"https:\/\/freemove.fr\/wp-content\/uploads\/2021\/06\/t-shirt_pele_blanc-1.jpg","width":1440,"height":1080},{"@type":"BreadcrumbList","@id":"https:\/\/freemove.fr\/en\/produit\/t-shirt-ride-the-planet-white-blue\/#breadcrumb","itemListElement":[{"@type":"ListItem","position":1,"name":"Accueil","item":"https:\/\/freemove.fr\/en\/"},{"@type":"ListItem","position":2,"name":"Shop","item":"https:\/\/freemove.fr\/en\/shop\/"},{"@type":"ListItem","position":3,"name":"T-SHIRT &#8220;RIDE THE PLANET&#8221; WHITE-BLUE"}]},{"@type":"WebSite","@id":"https:\/\/freemove.fr\/en\/#website","url":"https:\/\/freemove.fr\/en\/","name":"Freemove la Glisse \u00c9lectrique pour tous","description":"Onewheel - Visites guid\u00e9es en Segway \u00e0 Amboise","publisher":{"@id":"https:\/\/freemove.fr\/en\/#organization"},"potentialAction":[{"@type":"SearchAction","target":{"@type":"EntryPoint","urlTemplate":"https:\/\/freemove.fr\/en\/?s={search_term_string}"},"query-input":{"@type":"PropertyValueSpecification","valueRequired":true,"valueName":"search_term_string"}}],"inLanguage":"en-US"},{"@type":"Organization","@id":"https:\/\/freemove.fr\/en\/#organization","name":"Freemove","url":"https:\/\/freemove.fr\/en\/","logo":{"@type":"ImageObject","inLanguage":"en-US","@id":"https:\/\/freemove.fr\/en\/#\/schema\/logo\/image\/","url":"https:\/\/freemove.fr\/wp-content\/uploads\/2021\/06\/footer_logotype-1.svg","contentUrl":"https:\/\/freemove.fr\/wp-content\/uploads\/2021\/06\/footer_logotype-1.svg","width":163,"height":45,"caption":"Freemove"},"image":{"@id":"https:\/\/freemove.fr\/en\/#\/schema\/logo\/image\/"}}]}},"_links":{"self":[{"href":"https:\/\/freemove.fr\/en\/wp-json\/wp\/v2\/product\/9022","targetHints":{"allow":["GET"]}}],"collection":[{"href":"https:\/\/freemove.fr\/en\/wp-json\/wp\/v2\/product"}],"about":[{"href":"https:\/\/freemove.fr\/en\/wp-json\/wp\/v2\/types\/product"}],"replies":[{"embeddable":true,"href":"https:\/\/freemove.fr\/en\/wp-json\/wp\/v2\/comments?post=9022"}],"wp:featuredmedia":[{"embeddable":true,"href":"https:\/\/freemove.fr\/en\/wp-json\/wp\/v2\/media\/6671"}],"wp:attachment":[{"href":"https:\/\/freemove.fr\/en\/wp-json\/wp\/v2\/media?parent=9022"}],"wp:term":[{"taxonomy":"product_brand","embeddable":true,"href":"https:\/\/freemove.fr\/en\/wp-json\/wp\/v2\/product_brand?post=9022"},{"taxonomy":"product_cat","embeddable":true,"href":"https:\/\/freemove.fr\/en\/wp-json\/wp\/v2\/product_cat?post=9022"},{"taxonomy":"product_tag","embeddable":true,"href":"https:\/\/freemove.fr\/en\/wp-json\/wp\/v2\/product_tag?post=9022"}],"curies":[{"name":"wp","href":"https:\/\/api.w.org\/{rel}","templated":true}]}}