


























{"id":8784,"date":"2021-07-07T14:25:41","date_gmt":"2021-07-13T23:17:28","guid":{"rendered":"https:\/\/freemove.fr\/?post_type=product&#038;p=8784"},"modified":"2024-11-29T16:14:14","modified_gmt":"2024-11-29T15:14:14","slug":"spectrum-magnetic-fenders-pint","status":"publish","type":"product","link":"https:\/\/freemove.fr\/en\/produit\/spectrum-magnetic-fenders-pint\/","title":{"rendered":"SPECTRUM MAGNETIC FENDERS PINT"},"content":{"rendered":"<p>Developed by the American company Craft&amp;Ride, this <strong>integral Fender<\/strong> has the particularity to be <strong>magnetized on your OneWheel PINT<\/strong>! You should have thought about it!<\/p>\n<p><strong>Once the mounting systems are screwed on your board<\/strong>, the Fender Spectrum can be <strong>installed or removed in 2 seconds<\/strong>! No need to take out your set of allen keys to remove or fix it, just pull it or clip it!<\/p>\n<p>You can then carry it in the canvas bag that comes with it! Sudden weather changes will no longer be a problem! You&#8217;ll always have clean pant bottoms! Classy, isn&#8217;t it?<\/p>\n<p>Available in <strong>different colors to personalize your OneWheel PINT<\/strong>!<\/p>\n","protected":false},"excerpt":{"rendered":"<h3>Practical and efficient!<\/h3>\n","protected":false},"featured_media":8785,"comment_status":"closed","ping_status":"closed","template":"","meta":{"inline_featured_image":false},"product_brand":[],"product_cat":[302],"product_tag":[648],"class_list":{"0":"post-8784","1":"product","2":"type-product","3":"status-publish","4":"has-post-thumbnail","6":"product_cat-accessoires-onewheel-pint","7":"product_tag-fenders","8":"pa_couleur-black","9":"pa_couleur-blue","10":"pa_couleur-green","11":"pa_couleur-grey","12":"pa_couleur-orange","13":"pa_couleur-pink","14":"pa_couleur-red","15":"pa_couleur-yellow","16":"entry","17":"has-media","19":"first","20":"outofstock","21":"sale","22":"taxable","23":"shipping-taxable","24":"purchasable","25":"product-type-variable"},"acf":[],"yoast_head":"<!-- This site is optimized with the Yoast SEO plugin v24.9 - https:\/\/yoast.com\/wordpress\/plugins\/seo\/ -->\n<title>SPECTRUM MAGNETIC FENDERS PINT - Boutique Freemove<\/title>\n<meta name=\"robots\" content=\"index, follow, max-snippet:-1, max-image-preview:large, max-video-preview:-1\" \/>\n<link rel=\"canonical\" href=\"https:\/\/freemove.fr\/en\/produit\/spectrum-magnetic-fenders-pint\/\" \/>\n<meta property=\"og:locale\" content=\"en_US\" \/>\n<meta property=\"og:type\" content=\"article\" \/>\n<meta property=\"og:title\" content=\"SPECTRUM MAGNETIC FENDERS PINT - Boutique Freemove\" \/>\n<meta property=\"og:description\" content=\"Practical and efficient!\" \/>\n<meta property=\"og:url\" content=\"https:\/\/freemove.fr\/en\/produit\/spectrum-magnetic-fenders-pint\/\" \/>\n<meta property=\"og:site_name\" content=\"Freemove la Glisse \u00c9lectrique pour tous\" \/>\n<meta property=\"article:modified_time\" content=\"2024-11-29T15:14:14+00:00\" \/>\n<meta property=\"og:image\" content=\"https:\/\/freemove.fr\/wp-content\/uploads\/2021\/07\/Fender-Spectrum-Pint-Rouge.jpg\" \/>\n\t<meta property=\"og:image:width\" content=\"1440\" \/>\n\t<meta property=\"og:image:height\" content=\"1080\" \/>\n\t<meta property=\"og:image:type\" content=\"image\/jpeg\" \/>\n<meta name=\"twitter:card\" content=\"summary_large_image\" \/>\n<meta name=\"twitter:label1\" content=\"Est. reading time\" \/>\n\t<meta name=\"twitter:data1\" content=\"1 minute\" \/>\n<script type=\"application\/ld+json\" class=\"yoast-schema-graph\">{\"@context\":\"https:\/\/schema.org\",\"@graph\":[{\"@type\":\"WebPage\",\"@id\":\"https:\/\/freemove.fr\/en\/produit\/spectrum-magnetic-fenders-pint\/\",\"url\":\"https:\/\/freemove.fr\/en\/produit\/spectrum-magnetic-fenders-pint\/\",\"name\":\"SPECTRUM MAGNETIC FENDERS PINT - Boutique Freemove\",\"isPartOf\":{\"@id\":\"https:\/\/freemove.fr\/en\/#website\"},\"primaryImageOfPage\":{\"@id\":\"https:\/\/freemove.fr\/en\/produit\/spectrum-magnetic-fenders-pint\/#primaryimage\"},\"image\":{\"@id\":\"https:\/\/freemove.fr\/en\/produit\/spectrum-magnetic-fenders-pint\/#primaryimage\"},\"thumbnailUrl\":\"https:\/\/freemove.fr\/wp-content\/uploads\/2021\/07\/Fender-Spectrum-Pint-Rouge.jpg\",\"datePublished\":\"2021-07-13T23:17:28+00:00\",\"dateModified\":\"2024-11-29T15:14:14+00:00\",\"breadcrumb\":{\"@id\":\"https:\/\/freemove.fr\/en\/produit\/spectrum-magnetic-fenders-pint\/#breadcrumb\"},\"inLanguage\":\"en-US\",\"potentialAction\":[{\"@type\":\"ReadAction\",\"target\":[\"https:\/\/freemove.fr\/en\/produit\/spectrum-magnetic-fenders-pint\/\"]}]},{\"@type\":\"ImageObject\",\"inLanguage\":\"en-US\",\"@id\":\"https:\/\/freemove.fr\/en\/produit\/spectrum-magnetic-fenders-pint\/#primaryimage\",\"url\":\"https:\/\/freemove.fr\/wp-content\/uploads\/2021\/07\/Fender-Spectrum-Pint-Rouge.jpg\",\"contentUrl\":\"https:\/\/freemove.fr\/wp-content\/uploads\/2021\/07\/Fender-Spectrum-Pint-Rouge.jpg\",\"width\":1440,\"height\":1080},{\"@type\":\"BreadcrumbList\",\"@id\":\"https:\/\/freemove.fr\/en\/produit\/spectrum-magnetic-fenders-pint\/#breadcrumb\",\"itemListElement\":[{\"@type\":\"ListItem\",\"position\":1,\"name\":\"Accueil\",\"item\":\"https:\/\/freemove.fr\/en\/\"},{\"@type\":\"ListItem\",\"position\":2,\"name\":\"Shop\",\"item\":\"https:\/\/freemove.fr\/en\/shop\/\"},{\"@type\":\"ListItem\",\"position\":3,\"name\":\"SPECTRUM MAGNETIC FENDERS PINT\"}]},{\"@type\":\"WebSite\",\"@id\":\"https:\/\/freemove.fr\/en\/#website\",\"url\":\"https:\/\/freemove.fr\/en\/\",\"name\":\"Freemove la Glisse \u00c9lectrique pour tous\",\"description\":\"Onewheel - Visites guid\u00e9es en Segway \u00e0 Amboise\",\"publisher\":{\"@id\":\"https:\/\/freemove.fr\/en\/#organization\"},\"potentialAction\":[{\"@type\":\"SearchAction\",\"target\":{\"@type\":\"EntryPoint\",\"urlTemplate\":\"https:\/\/freemove.fr\/en\/?s={search_term_string}\"},\"query-input\":{\"@type\":\"PropertyValueSpecification\",\"valueRequired\":true,\"valueName\":\"search_term_string\"}}],\"inLanguage\":\"en-US\"},{\"@type\":\"Organization\",\"@id\":\"https:\/\/freemove.fr\/en\/#organization\",\"name\":\"Freemove\",\"url\":\"https:\/\/freemove.fr\/en\/\",\"logo\":{\"@type\":\"ImageObject\",\"inLanguage\":\"en-US\",\"@id\":\"https:\/\/freemove.fr\/en\/#\/schema\/logo\/image\/\",\"url\":\"https:\/\/freemove.fr\/wp-content\/uploads\/2021\/06\/footer_logotype-1.svg\",\"contentUrl\":\"https:\/\/freemove.fr\/wp-content\/uploads\/2021\/06\/footer_logotype-1.svg\",\"width\":163,\"height\":45,\"caption\":\"Freemove\"},\"image\":{\"@id\":\"https:\/\/freemove.fr\/en\/#\/schema\/logo\/image\/\"}}]}<\/script>\n<!-- \/ Yoast SEO plugin. -->","yoast_head_json":{"title":"SPECTRUM MAGNETIC FENDERS PINT - Boutique Freemove","robots":{"index":"index","follow":"follow","max-snippet":"max-snippet:-1","max-image-preview":"max-image-preview:large","max-video-preview":"max-video-preview:-1"},"canonical":"https:\/\/freemove.fr\/en\/produit\/spectrum-magnetic-fenders-pint\/","og_locale":"en_US","og_type":"article","og_title":"SPECTRUM MAGNETIC FENDERS PINT - Boutique Freemove","og_description":"Practical and efficient!","og_url":"https:\/\/freemove.fr\/en\/produit\/spectrum-magnetic-fenders-pint\/","og_site_name":"Freemove la Glisse \u00c9lectrique pour tous","article_modified_time":"2024-11-29T15:14:14+00:00","og_image":[{"width":1440,"height":1080,"url":"https:\/\/freemove.fr\/wp-content\/uploads\/2021\/07\/Fender-Spectrum-Pint-Rouge.jpg","type":"image\/jpeg"}],"twitter_card":"summary_large_image","twitter_misc":{"Est. reading time":"1 minute"},"schema":{"@context":"https:\/\/schema.org","@graph":[{"@type":"WebPage","@id":"https:\/\/freemove.fr\/en\/produit\/spectrum-magnetic-fenders-pint\/","url":"https:\/\/freemove.fr\/en\/produit\/spectrum-magnetic-fenders-pint\/","name":"SPECTRUM MAGNETIC FENDERS PINT - Boutique Freemove","isPartOf":{"@id":"https:\/\/freemove.fr\/en\/#website"},"primaryImageOfPage":{"@id":"https:\/\/freemove.fr\/en\/produit\/spectrum-magnetic-fenders-pint\/#primaryimage"},"image":{"@id":"https:\/\/freemove.fr\/en\/produit\/spectrum-magnetic-fenders-pint\/#primaryimage"},"thumbnailUrl":"https:\/\/freemove.fr\/wp-content\/uploads\/2021\/07\/Fender-Spectrum-Pint-Rouge.jpg","datePublished":"2021-07-13T23:17:28+00:00","dateModified":"2024-11-29T15:14:14+00:00","breadcrumb":{"@id":"https:\/\/freemove.fr\/en\/produit\/spectrum-magnetic-fenders-pint\/#breadcrumb"},"inLanguage":"en-US","potentialAction":[{"@type":"ReadAction","target":["https:\/\/freemove.fr\/en\/produit\/spectrum-magnetic-fenders-pint\/"]}]},{"@type":"ImageObject","inLanguage":"en-US","@id":"https:\/\/freemove.fr\/en\/produit\/spectrum-magnetic-fenders-pint\/#primaryimage","url":"https:\/\/freemove.fr\/wp-content\/uploads\/2021\/07\/Fender-Spectrum-Pint-Rouge.jpg","contentUrl":"https:\/\/freemove.fr\/wp-content\/uploads\/2021\/07\/Fender-Spectrum-Pint-Rouge.jpg","width":1440,"height":1080},{"@type":"BreadcrumbList","@id":"https:\/\/freemove.fr\/en\/produit\/spectrum-magnetic-fenders-pint\/#breadcrumb","itemListElement":[{"@type":"ListItem","position":1,"name":"Accueil","item":"https:\/\/freemove.fr\/en\/"},{"@type":"ListItem","position":2,"name":"Shop","item":"https:\/\/freemove.fr\/en\/shop\/"},{"@type":"ListItem","position":3,"name":"SPECTRUM MAGNETIC FENDERS PINT"}]},{"@type":"WebSite","@id":"https:\/\/freemove.fr\/en\/#website","url":"https:\/\/freemove.fr\/en\/","name":"Freemove la Glisse \u00c9lectrique pour tous","description":"Onewheel - Visites guid\u00e9es en Segway \u00e0 Amboise","publisher":{"@id":"https:\/\/freemove.fr\/en\/#organization"},"potentialAction":[{"@type":"SearchAction","target":{"@type":"EntryPoint","urlTemplate":"https:\/\/freemove.fr\/en\/?s={search_term_string}"},"query-input":{"@type":"PropertyValueSpecification","valueRequired":true,"valueName":"search_term_string"}}],"inLanguage":"en-US"},{"@type":"Organization","@id":"https:\/\/freemove.fr\/en\/#organization","name":"Freemove","url":"https:\/\/freemove.fr\/en\/","logo":{"@type":"ImageObject","inLanguage":"en-US","@id":"https:\/\/freemove.fr\/en\/#\/schema\/logo\/image\/","url":"https:\/\/freemove.fr\/wp-content\/uploads\/2021\/06\/footer_logotype-1.svg","contentUrl":"https:\/\/freemove.fr\/wp-content\/uploads\/2021\/06\/footer_logotype-1.svg","width":163,"height":45,"caption":"Freemove"},"image":{"@id":"https:\/\/freemove.fr\/en\/#\/schema\/logo\/image\/"}}]}},"_links":{"self":[{"href":"https:\/\/freemove.fr\/en\/wp-json\/wp\/v2\/product\/8784","targetHints":{"allow":["GET"]}}],"collection":[{"href":"https:\/\/freemove.fr\/en\/wp-json\/wp\/v2\/product"}],"about":[{"href":"https:\/\/freemove.fr\/en\/wp-json\/wp\/v2\/types\/product"}],"replies":[{"embeddable":true,"href":"https:\/\/freemove.fr\/en\/wp-json\/wp\/v2\/comments?post=8784"}],"wp:featuredmedia":[{"embeddable":true,"href":"https:\/\/freemove.fr\/en\/wp-json\/wp\/v2\/media\/8785"}],"wp:attachment":[{"href":"https:\/\/freemove.fr\/en\/wp-json\/wp\/v2\/media?parent=8784"}],"wp:term":[{"taxonomy":"product_brand","embeddable":true,"href":"https:\/\/freemove.fr\/en\/wp-json\/wp\/v2\/product_brand?post=8784"},{"taxonomy":"product_cat","embeddable":true,"href":"https:\/\/freemove.fr\/en\/wp-json\/wp\/v2\/product_cat?post=8784"},{"taxonomy":"product_tag","embeddable":true,"href":"https:\/\/freemove.fr\/en\/wp-json\/wp\/v2\/product_tag?post=8784"}],"curies":[{"name":"wp","href":"https:\/\/api.w.org\/{rel}","templated":true}]}}