


























{"id":8698,"date":"2021-07-09T21:13:33","date_gmt":"2021-07-13T22:40:48","guid":{"rendered":"https:\/\/freemove.fr\/?post_type=product&#038;p=8698"},"modified":"2022-12-02T00:01:18","modified_gmt":"2022-12-01T23:01:18","slug":"variable-rapid-charger-onewheel-xr","status":"publish","type":"product","link":"https:\/\/freemove.fr\/en\/produit\/variable-rapid-charger-onewheel-xr\/","title":{"rendered":"VARIABLE RAPID CHARGER &#8211; ONEWHEEL XR"},"content":{"rendered":"<p>This <strong>variable power fast charger<\/strong> developed by American company <strong>ChibatterySystems<\/strong> offers you great flexibility in a compact and easy to use case! It is the most robust all-in-one charger on the market for your Onewheel XR!<\/p>\n<p><strong>Need a fast charge when you are in town?\u00a0<\/strong>Turn up the power to get the juice you need.<br \/>\n<strong>Home for the night?\u00a0<\/strong>Decrease the power for a slow and healthy charge for your battery. The possibilities are endless!<\/p>\n<ul>\n<li>5 charging modes &#8211; 2 amps, 4 amps, 5 amps, 6 amps and 8 amps<\/li>\n<li>Charge target setting &#8211; 80%, 90%, 100% (when set to 80 or 90, the charger does not stop, but reduces its output and warns you).<\/li>\n<li>Active cooling.<\/li>\n<li>Built for maximum durability.<\/li>\n<li>Can charge faster than other fast chargers!<\/li>\n<li>Grounding pin on outlet (safer than without grounding).<\/li>\n<\/ul>\n<p>\u26a0\ufe0f <strong>Plug the charger in on both sides before turning it on. Turn off the charger before unplugging it.\u00a0Any other method may result in early degradation of the plug due to the charging arc.\u00a0Using any fast charger on your Onewheel will degrade your battery faster. Keep this in mind when using the fast charge options.<\/strong>\u00a0\u26a0\ufe0f<\/p>\n<ul>\n<li><em>Dimensions: 23cm x 57cm x 9cm<\/em><\/li>\n<li><em>Weight: 1.25kg<\/em><\/li>\n<li><em>110V\/220V<\/em><\/li>\n<li><em>This charger comes with a European plug provided by us.<\/em><\/li>\n<\/ul>\n","protected":false},"excerpt":{"rendered":"<h3>LOAD ACCORDING TO YOUR NEEDS!<\/h3>\n","protected":false},"featured_media":8699,"comment_status":"closed","ping_status":"closed","template":"","meta":{"inline_featured_image":false},"product_brand":[],"product_cat":[300],"product_tag":[564,874],"class_list":{"0":"post-8698","1":"product","2":"type-product","3":"status-publish","4":"has-post-thumbnail","6":"product_cat-accessoires-onewheel-xr","7":"product_tag-batteries","8":"product_tag-chargers","9":"entry","10":"has-media","12":"first","13":"outofstock","14":"sale","15":"taxable","16":"shipping-taxable","17":"purchasable","18":"product-type-simple"},"acf":[],"yoast_head":"<!-- This site is optimized with the Yoast SEO plugin v24.9 - https:\/\/yoast.com\/wordpress\/plugins\/seo\/ -->\n<title>VARIABLE RAPID CHARGER - ONEWHEEL XR - Boutique Freemove<\/title>\n<meta name=\"robots\" content=\"index, follow, max-snippet:-1, max-image-preview:large, max-video-preview:-1\" \/>\n<link rel=\"canonical\" href=\"https:\/\/freemove.fr\/en\/produit\/variable-rapid-charger-onewheel-xr\/\" \/>\n<meta property=\"og:locale\" content=\"en_US\" \/>\n<meta property=\"og:type\" content=\"article\" \/>\n<meta property=\"og:title\" content=\"VARIABLE RAPID CHARGER - ONEWHEEL XR - Boutique Freemove\" \/>\n<meta property=\"og:description\" content=\"LOAD ACCORDING TO YOUR NEEDS!\" \/>\n<meta property=\"og:url\" content=\"https:\/\/freemove.fr\/en\/produit\/variable-rapid-charger-onewheel-xr\/\" \/>\n<meta property=\"og:site_name\" content=\"Freemove la Glisse \u00c9lectrique pour tous\" \/>\n<meta property=\"article:modified_time\" content=\"2022-12-01T23:01:18+00:00\" \/>\n<meta property=\"og:image\" content=\"https:\/\/freemove.fr\/wp-content\/uploads\/2021\/06\/xr_rapid_charger.jpg\" \/>\n\t<meta property=\"og:image:width\" content=\"1440\" \/>\n\t<meta property=\"og:image:height\" content=\"1080\" \/>\n\t<meta property=\"og:image:type\" content=\"image\/jpeg\" \/>\n<meta name=\"twitter:card\" content=\"summary_large_image\" \/>\n<meta name=\"twitter:label1\" content=\"Est. reading time\" \/>\n\t<meta name=\"twitter:data1\" content=\"1 minute\" \/>\n<script type=\"application\/ld+json\" class=\"yoast-schema-graph\">{\"@context\":\"https:\/\/schema.org\",\"@graph\":[{\"@type\":\"WebPage\",\"@id\":\"https:\/\/freemove.fr\/en\/produit\/variable-rapid-charger-onewheel-xr\/\",\"url\":\"https:\/\/freemove.fr\/en\/produit\/variable-rapid-charger-onewheel-xr\/\",\"name\":\"VARIABLE RAPID CHARGER - ONEWHEEL XR - Boutique Freemove\",\"isPartOf\":{\"@id\":\"https:\/\/freemove.fr\/en\/#website\"},\"primaryImageOfPage\":{\"@id\":\"https:\/\/freemove.fr\/en\/produit\/variable-rapid-charger-onewheel-xr\/#primaryimage\"},\"image\":{\"@id\":\"https:\/\/freemove.fr\/en\/produit\/variable-rapid-charger-onewheel-xr\/#primaryimage\"},\"thumbnailUrl\":\"https:\/\/freemove.fr\/wp-content\/uploads\/2021\/06\/xr_rapid_charger.jpg\",\"datePublished\":\"2021-07-13T22:40:48+00:00\",\"dateModified\":\"2022-12-01T23:01:18+00:00\",\"breadcrumb\":{\"@id\":\"https:\/\/freemove.fr\/en\/produit\/variable-rapid-charger-onewheel-xr\/#breadcrumb\"},\"inLanguage\":\"en-US\",\"potentialAction\":[{\"@type\":\"ReadAction\",\"target\":[\"https:\/\/freemove.fr\/en\/produit\/variable-rapid-charger-onewheel-xr\/\"]}]},{\"@type\":\"ImageObject\",\"inLanguage\":\"en-US\",\"@id\":\"https:\/\/freemove.fr\/en\/produit\/variable-rapid-charger-onewheel-xr\/#primaryimage\",\"url\":\"https:\/\/freemove.fr\/wp-content\/uploads\/2021\/06\/xr_rapid_charger.jpg\",\"contentUrl\":\"https:\/\/freemove.fr\/wp-content\/uploads\/2021\/06\/xr_rapid_charger.jpg\",\"width\":1440,\"height\":1080},{\"@type\":\"BreadcrumbList\",\"@id\":\"https:\/\/freemove.fr\/en\/produit\/variable-rapid-charger-onewheel-xr\/#breadcrumb\",\"itemListElement\":[{\"@type\":\"ListItem\",\"position\":1,\"name\":\"Accueil\",\"item\":\"https:\/\/freemove.fr\/en\/\"},{\"@type\":\"ListItem\",\"position\":2,\"name\":\"Shop\",\"item\":\"https:\/\/freemove.fr\/en\/shop\/\"},{\"@type\":\"ListItem\",\"position\":3,\"name\":\"VARIABLE RAPID CHARGER &#8211; ONEWHEEL XR\"}]},{\"@type\":\"WebSite\",\"@id\":\"https:\/\/freemove.fr\/en\/#website\",\"url\":\"https:\/\/freemove.fr\/en\/\",\"name\":\"Freemove la Glisse \u00c9lectrique pour tous\",\"description\":\"Onewheel - Visites guid\u00e9es en Segway \u00e0 Amboise\",\"publisher\":{\"@id\":\"https:\/\/freemove.fr\/en\/#organization\"},\"potentialAction\":[{\"@type\":\"SearchAction\",\"target\":{\"@type\":\"EntryPoint\",\"urlTemplate\":\"https:\/\/freemove.fr\/en\/?s={search_term_string}\"},\"query-input\":{\"@type\":\"PropertyValueSpecification\",\"valueRequired\":true,\"valueName\":\"search_term_string\"}}],\"inLanguage\":\"en-US\"},{\"@type\":\"Organization\",\"@id\":\"https:\/\/freemove.fr\/en\/#organization\",\"name\":\"Freemove\",\"url\":\"https:\/\/freemove.fr\/en\/\",\"logo\":{\"@type\":\"ImageObject\",\"inLanguage\":\"en-US\",\"@id\":\"https:\/\/freemove.fr\/en\/#\/schema\/logo\/image\/\",\"url\":\"https:\/\/freemove.fr\/wp-content\/uploads\/2021\/06\/footer_logotype-1.svg\",\"contentUrl\":\"https:\/\/freemove.fr\/wp-content\/uploads\/2021\/06\/footer_logotype-1.svg\",\"width\":163,\"height\":45,\"caption\":\"Freemove\"},\"image\":{\"@id\":\"https:\/\/freemove.fr\/en\/#\/schema\/logo\/image\/\"}}]}<\/script>\n<!-- \/ Yoast SEO plugin. -->","yoast_head_json":{"title":"VARIABLE RAPID CHARGER - ONEWHEEL XR - Boutique Freemove","robots":{"index":"index","follow":"follow","max-snippet":"max-snippet:-1","max-image-preview":"max-image-preview:large","max-video-preview":"max-video-preview:-1"},"canonical":"https:\/\/freemove.fr\/en\/produit\/variable-rapid-charger-onewheel-xr\/","og_locale":"en_US","og_type":"article","og_title":"VARIABLE RAPID CHARGER - ONEWHEEL XR - Boutique Freemove","og_description":"LOAD ACCORDING TO YOUR NEEDS!","og_url":"https:\/\/freemove.fr\/en\/produit\/variable-rapid-charger-onewheel-xr\/","og_site_name":"Freemove la Glisse \u00c9lectrique pour tous","article_modified_time":"2022-12-01T23:01:18+00:00","og_image":[{"width":1440,"height":1080,"url":"https:\/\/freemove.fr\/wp-content\/uploads\/2021\/06\/xr_rapid_charger.jpg","type":"image\/jpeg"}],"twitter_card":"summary_large_image","twitter_misc":{"Est. reading time":"1 minute"},"schema":{"@context":"https:\/\/schema.org","@graph":[{"@type":"WebPage","@id":"https:\/\/freemove.fr\/en\/produit\/variable-rapid-charger-onewheel-xr\/","url":"https:\/\/freemove.fr\/en\/produit\/variable-rapid-charger-onewheel-xr\/","name":"VARIABLE RAPID CHARGER - ONEWHEEL XR - Boutique Freemove","isPartOf":{"@id":"https:\/\/freemove.fr\/en\/#website"},"primaryImageOfPage":{"@id":"https:\/\/freemove.fr\/en\/produit\/variable-rapid-charger-onewheel-xr\/#primaryimage"},"image":{"@id":"https:\/\/freemove.fr\/en\/produit\/variable-rapid-charger-onewheel-xr\/#primaryimage"},"thumbnailUrl":"https:\/\/freemove.fr\/wp-content\/uploads\/2021\/06\/xr_rapid_charger.jpg","datePublished":"2021-07-13T22:40:48+00:00","dateModified":"2022-12-01T23:01:18+00:00","breadcrumb":{"@id":"https:\/\/freemove.fr\/en\/produit\/variable-rapid-charger-onewheel-xr\/#breadcrumb"},"inLanguage":"en-US","potentialAction":[{"@type":"ReadAction","target":["https:\/\/freemove.fr\/en\/produit\/variable-rapid-charger-onewheel-xr\/"]}]},{"@type":"ImageObject","inLanguage":"en-US","@id":"https:\/\/freemove.fr\/en\/produit\/variable-rapid-charger-onewheel-xr\/#primaryimage","url":"https:\/\/freemove.fr\/wp-content\/uploads\/2021\/06\/xr_rapid_charger.jpg","contentUrl":"https:\/\/freemove.fr\/wp-content\/uploads\/2021\/06\/xr_rapid_charger.jpg","width":1440,"height":1080},{"@type":"BreadcrumbList","@id":"https:\/\/freemove.fr\/en\/produit\/variable-rapid-charger-onewheel-xr\/#breadcrumb","itemListElement":[{"@type":"ListItem","position":1,"name":"Accueil","item":"https:\/\/freemove.fr\/en\/"},{"@type":"ListItem","position":2,"name":"Shop","item":"https:\/\/freemove.fr\/en\/shop\/"},{"@type":"ListItem","position":3,"name":"VARIABLE RAPID CHARGER &#8211; ONEWHEEL XR"}]},{"@type":"WebSite","@id":"https:\/\/freemove.fr\/en\/#website","url":"https:\/\/freemove.fr\/en\/","name":"Freemove la Glisse \u00c9lectrique pour tous","description":"Onewheel - Visites guid\u00e9es en Segway \u00e0 Amboise","publisher":{"@id":"https:\/\/freemove.fr\/en\/#organization"},"potentialAction":[{"@type":"SearchAction","target":{"@type":"EntryPoint","urlTemplate":"https:\/\/freemove.fr\/en\/?s={search_term_string}"},"query-input":{"@type":"PropertyValueSpecification","valueRequired":true,"valueName":"search_term_string"}}],"inLanguage":"en-US"},{"@type":"Organization","@id":"https:\/\/freemove.fr\/en\/#organization","name":"Freemove","url":"https:\/\/freemove.fr\/en\/","logo":{"@type":"ImageObject","inLanguage":"en-US","@id":"https:\/\/freemove.fr\/en\/#\/schema\/logo\/image\/","url":"https:\/\/freemove.fr\/wp-content\/uploads\/2021\/06\/footer_logotype-1.svg","contentUrl":"https:\/\/freemove.fr\/wp-content\/uploads\/2021\/06\/footer_logotype-1.svg","width":163,"height":45,"caption":"Freemove"},"image":{"@id":"https:\/\/freemove.fr\/en\/#\/schema\/logo\/image\/"}}]}},"_links":{"self":[{"href":"https:\/\/freemove.fr\/en\/wp-json\/wp\/v2\/product\/8698","targetHints":{"allow":["GET"]}}],"collection":[{"href":"https:\/\/freemove.fr\/en\/wp-json\/wp\/v2\/product"}],"about":[{"href":"https:\/\/freemove.fr\/en\/wp-json\/wp\/v2\/types\/product"}],"replies":[{"embeddable":true,"href":"https:\/\/freemove.fr\/en\/wp-json\/wp\/v2\/comments?post=8698"}],"wp:featuredmedia":[{"embeddable":true,"href":"https:\/\/freemove.fr\/en\/wp-json\/wp\/v2\/media\/8699"}],"wp:attachment":[{"href":"https:\/\/freemove.fr\/en\/wp-json\/wp\/v2\/media?parent=8698"}],"wp:term":[{"taxonomy":"product_brand","embeddable":true,"href":"https:\/\/freemove.fr\/en\/wp-json\/wp\/v2\/product_brand?post=8698"},{"taxonomy":"product_cat","embeddable":true,"href":"https:\/\/freemove.fr\/en\/wp-json\/wp\/v2\/product_cat?post=8698"},{"taxonomy":"product_tag","embeddable":true,"href":"https:\/\/freemove.fr\/en\/wp-json\/wp\/v2\/product_tag?post=8698"}],"curies":[{"name":"wp","href":"https:\/\/api.w.org\/{rel}","templated":true}]}}