


























{"id":8688,"date":"2021-07-09T21:01:11","date_gmt":"2021-07-13T22:22:33","guid":{"rendered":"https:\/\/freemove.fr\/?post_type=product&#038;p=8688"},"modified":"2022-12-02T00:01:17","modified_gmt":"2022-12-01T23:01:17","slug":"cbxr-battery","status":"publish","type":"product","link":"https:\/\/freemove.fr\/en\/produit\/cbxr-battery\/","title":{"rendered":"CBXR BATTERY"},"content":{"rendered":"<p>Developed by the American company <strong>ChiBatterySystems<\/strong>, this battery is specially designed to <strong>increase by 40% the autonomy<\/strong> of your Onewheel+XR!\u00a0You will be able to ride between 40km and 50km depending on the conditions of use.<\/p>\n<p>This battery is <strong>assembled by professionals equipped with industrial tools<\/strong> with pure nickel strips, insulated positive cell terminals, multiple layers of insulation including heat resistant Kapton tape, fireproof structural fiber tape and wear resistant PVC packaging. It is wrapped in shock absorbing foam to protect against any kind of impact.<br \/>\n<strong>The cells are new<\/strong> and come directly from the manufacturer. They are <strong>SAFE tested according to UN 38.3<\/strong> and have been used in similar applications for years!<\/p>\n<p>This battery works perfectly with the 4209 and previous versions of Onewheel+XR. It is compatible with the 4210 version but may have some connection problems with the application.\u00a0It is <strong>not compatible with 4211 and above versions<\/strong>.<\/p>\n<p>You can find <a href=\"https:\/\/static1.squarespace.com\/static\/58001d7eb3db2bebfef588cf\/t\/6022c7082c756643b66b70c5\/1612891913602\/ChiBatterySystems+CBXR+Self+Install+Guide.pdf\" target=\"_blank\" rel=\"noopener\"><strong>HERE<\/strong><\/a> the assembly instructions in English<\/p>\n<p>\u26a0\ufe0f<strong> The installation of this battery voids the manufacturer&#8217;s warranty and is done under your responsibility.<\/strong><br \/>\n<strong>\u26a0\ufe0f Be sure to charge your battery to 100% before riding.<\/strong><br \/>\n<strong>\u26a0\ufe0f If you want to update your BMS so that it communicates the correct data to your smartphone app, order the <a href=\"https:\/\/freemove.fr\/en\/produit\/flash-bms-xr\/\">BMS FLASH<\/a>.<\/strong><\/p>\n<ul>\n<li><strong>Charging time with the original charger: about 3h15.<\/strong><\/li>\n<li><strong>567 WH of REAL usable capacity.<\/strong><\/li>\n<li><strong>30 amps of continuous discharge.<\/strong><\/li>\n<li><strong>54v nominal, 63v fully charged<\/strong><\/li>\n<\/ul>\n","protected":false},"excerpt":{"rendered":"<h3>BOOST YOUR ONEWHEEL XR!<\/h3>\n","protected":false},"featured_media":8689,"comment_status":"closed","ping_status":"closed","template":"","meta":{"inline_featured_image":false},"product_brand":[],"product_cat":[300],"product_tag":[564],"class_list":{"0":"post-8688","1":"product","2":"type-product","3":"status-publish","4":"has-post-thumbnail","6":"product_cat-accessoires-onewheel-xr","7":"product_tag-batteries","8":"entry","9":"has-media","11":"first","12":"outofstock","13":"taxable","14":"shipping-taxable","15":"purchasable","16":"product-type-simple"},"acf":[],"yoast_head":"<!-- This site is optimized with the Yoast SEO plugin v24.9 - https:\/\/yoast.com\/wordpress\/plugins\/seo\/ -->\n<title>CBXR BATTERY - Boutique Freemove<\/title>\n<meta name=\"robots\" content=\"index, follow, max-snippet:-1, max-image-preview:large, max-video-preview:-1\" \/>\n<link rel=\"canonical\" href=\"https:\/\/freemove.fr\/en\/produit\/cbxr-battery\/\" \/>\n<meta property=\"og:locale\" content=\"en_US\" \/>\n<meta property=\"og:type\" content=\"article\" \/>\n<meta property=\"og:title\" content=\"CBXR BATTERY - Boutique Freemove\" \/>\n<meta property=\"og:description\" content=\"BOOST YOUR ONEWHEEL XR!\" \/>\n<meta property=\"og:url\" content=\"https:\/\/freemove.fr\/en\/produit\/cbxr-battery\/\" \/>\n<meta property=\"og:site_name\" content=\"Freemove la Glisse \u00c9lectrique pour tous\" \/>\n<meta property=\"article:modified_time\" content=\"2022-12-01T23:01:17+00:00\" \/>\n<meta property=\"og:image\" content=\"https:\/\/freemove.fr\/wp-content\/uploads\/2021\/06\/cbxr.jpg\" \/>\n\t<meta property=\"og:image:width\" content=\"1440\" \/>\n\t<meta property=\"og:image:height\" content=\"1080\" \/>\n\t<meta property=\"og:image:type\" content=\"image\/jpeg\" \/>\n<meta name=\"twitter:card\" content=\"summary_large_image\" \/>\n<meta name=\"twitter:label1\" content=\"Est. reading time\" \/>\n\t<meta name=\"twitter:data1\" content=\"2 minutes\" \/>\n<script type=\"application\/ld+json\" class=\"yoast-schema-graph\">{\"@context\":\"https:\/\/schema.org\",\"@graph\":[{\"@type\":\"WebPage\",\"@id\":\"https:\/\/freemove.fr\/en\/produit\/cbxr-battery\/\",\"url\":\"https:\/\/freemove.fr\/en\/produit\/cbxr-battery\/\",\"name\":\"CBXR BATTERY - Boutique Freemove\",\"isPartOf\":{\"@id\":\"https:\/\/freemove.fr\/en\/#website\"},\"primaryImageOfPage\":{\"@id\":\"https:\/\/freemove.fr\/en\/produit\/cbxr-battery\/#primaryimage\"},\"image\":{\"@id\":\"https:\/\/freemove.fr\/en\/produit\/cbxr-battery\/#primaryimage\"},\"thumbnailUrl\":\"https:\/\/freemove.fr\/wp-content\/uploads\/2021\/06\/cbxr.jpg\",\"datePublished\":\"2021-07-13T22:22:33+00:00\",\"dateModified\":\"2022-12-01T23:01:17+00:00\",\"breadcrumb\":{\"@id\":\"https:\/\/freemove.fr\/en\/produit\/cbxr-battery\/#breadcrumb\"},\"inLanguage\":\"en-US\",\"potentialAction\":[{\"@type\":\"ReadAction\",\"target\":[\"https:\/\/freemove.fr\/en\/produit\/cbxr-battery\/\"]}]},{\"@type\":\"ImageObject\",\"inLanguage\":\"en-US\",\"@id\":\"https:\/\/freemove.fr\/en\/produit\/cbxr-battery\/#primaryimage\",\"url\":\"https:\/\/freemove.fr\/wp-content\/uploads\/2021\/06\/cbxr.jpg\",\"contentUrl\":\"https:\/\/freemove.fr\/wp-content\/uploads\/2021\/06\/cbxr.jpg\",\"width\":1440,\"height\":1080},{\"@type\":\"BreadcrumbList\",\"@id\":\"https:\/\/freemove.fr\/en\/produit\/cbxr-battery\/#breadcrumb\",\"itemListElement\":[{\"@type\":\"ListItem\",\"position\":1,\"name\":\"Accueil\",\"item\":\"https:\/\/freemove.fr\/en\/\"},{\"@type\":\"ListItem\",\"position\":2,\"name\":\"Shop\",\"item\":\"https:\/\/freemove.fr\/en\/shop\/\"},{\"@type\":\"ListItem\",\"position\":3,\"name\":\"CBXR BATTERY\"}]},{\"@type\":\"WebSite\",\"@id\":\"https:\/\/freemove.fr\/en\/#website\",\"url\":\"https:\/\/freemove.fr\/en\/\",\"name\":\"Freemove la Glisse \u00c9lectrique pour tous\",\"description\":\"Onewheel - Visites guid\u00e9es en Segway \u00e0 Amboise\",\"publisher\":{\"@id\":\"https:\/\/freemove.fr\/en\/#organization\"},\"potentialAction\":[{\"@type\":\"SearchAction\",\"target\":{\"@type\":\"EntryPoint\",\"urlTemplate\":\"https:\/\/freemove.fr\/en\/?s={search_term_string}\"},\"query-input\":{\"@type\":\"PropertyValueSpecification\",\"valueRequired\":true,\"valueName\":\"search_term_string\"}}],\"inLanguage\":\"en-US\"},{\"@type\":\"Organization\",\"@id\":\"https:\/\/freemove.fr\/en\/#organization\",\"name\":\"Freemove\",\"url\":\"https:\/\/freemove.fr\/en\/\",\"logo\":{\"@type\":\"ImageObject\",\"inLanguage\":\"en-US\",\"@id\":\"https:\/\/freemove.fr\/en\/#\/schema\/logo\/image\/\",\"url\":\"https:\/\/freemove.fr\/wp-content\/uploads\/2021\/06\/footer_logotype-1.svg\",\"contentUrl\":\"https:\/\/freemove.fr\/wp-content\/uploads\/2021\/06\/footer_logotype-1.svg\",\"width\":163,\"height\":45,\"caption\":\"Freemove\"},\"image\":{\"@id\":\"https:\/\/freemove.fr\/en\/#\/schema\/logo\/image\/\"}}]}<\/script>\n<!-- \/ Yoast SEO plugin. -->","yoast_head_json":{"title":"CBXR BATTERY - Boutique Freemove","robots":{"index":"index","follow":"follow","max-snippet":"max-snippet:-1","max-image-preview":"max-image-preview:large","max-video-preview":"max-video-preview:-1"},"canonical":"https:\/\/freemove.fr\/en\/produit\/cbxr-battery\/","og_locale":"en_US","og_type":"article","og_title":"CBXR BATTERY - Boutique Freemove","og_description":"BOOST YOUR ONEWHEEL XR!","og_url":"https:\/\/freemove.fr\/en\/produit\/cbxr-battery\/","og_site_name":"Freemove la Glisse \u00c9lectrique pour tous","article_modified_time":"2022-12-01T23:01:17+00:00","og_image":[{"width":1440,"height":1080,"url":"https:\/\/freemove.fr\/wp-content\/uploads\/2021\/06\/cbxr.jpg","type":"image\/jpeg"}],"twitter_card":"summary_large_image","twitter_misc":{"Est. reading time":"2 minutes"},"schema":{"@context":"https:\/\/schema.org","@graph":[{"@type":"WebPage","@id":"https:\/\/freemove.fr\/en\/produit\/cbxr-battery\/","url":"https:\/\/freemove.fr\/en\/produit\/cbxr-battery\/","name":"CBXR BATTERY - Boutique Freemove","isPartOf":{"@id":"https:\/\/freemove.fr\/en\/#website"},"primaryImageOfPage":{"@id":"https:\/\/freemove.fr\/en\/produit\/cbxr-battery\/#primaryimage"},"image":{"@id":"https:\/\/freemove.fr\/en\/produit\/cbxr-battery\/#primaryimage"},"thumbnailUrl":"https:\/\/freemove.fr\/wp-content\/uploads\/2021\/06\/cbxr.jpg","datePublished":"2021-07-13T22:22:33+00:00","dateModified":"2022-12-01T23:01:17+00:00","breadcrumb":{"@id":"https:\/\/freemove.fr\/en\/produit\/cbxr-battery\/#breadcrumb"},"inLanguage":"en-US","potentialAction":[{"@type":"ReadAction","target":["https:\/\/freemove.fr\/en\/produit\/cbxr-battery\/"]}]},{"@type":"ImageObject","inLanguage":"en-US","@id":"https:\/\/freemove.fr\/en\/produit\/cbxr-battery\/#primaryimage","url":"https:\/\/freemove.fr\/wp-content\/uploads\/2021\/06\/cbxr.jpg","contentUrl":"https:\/\/freemove.fr\/wp-content\/uploads\/2021\/06\/cbxr.jpg","width":1440,"height":1080},{"@type":"BreadcrumbList","@id":"https:\/\/freemove.fr\/en\/produit\/cbxr-battery\/#breadcrumb","itemListElement":[{"@type":"ListItem","position":1,"name":"Accueil","item":"https:\/\/freemove.fr\/en\/"},{"@type":"ListItem","position":2,"name":"Shop","item":"https:\/\/freemove.fr\/en\/shop\/"},{"@type":"ListItem","position":3,"name":"CBXR BATTERY"}]},{"@type":"WebSite","@id":"https:\/\/freemove.fr\/en\/#website","url":"https:\/\/freemove.fr\/en\/","name":"Freemove la Glisse \u00c9lectrique pour tous","description":"Onewheel - Visites guid\u00e9es en Segway \u00e0 Amboise","publisher":{"@id":"https:\/\/freemove.fr\/en\/#organization"},"potentialAction":[{"@type":"SearchAction","target":{"@type":"EntryPoint","urlTemplate":"https:\/\/freemove.fr\/en\/?s={search_term_string}"},"query-input":{"@type":"PropertyValueSpecification","valueRequired":true,"valueName":"search_term_string"}}],"inLanguage":"en-US"},{"@type":"Organization","@id":"https:\/\/freemove.fr\/en\/#organization","name":"Freemove","url":"https:\/\/freemove.fr\/en\/","logo":{"@type":"ImageObject","inLanguage":"en-US","@id":"https:\/\/freemove.fr\/en\/#\/schema\/logo\/image\/","url":"https:\/\/freemove.fr\/wp-content\/uploads\/2021\/06\/footer_logotype-1.svg","contentUrl":"https:\/\/freemove.fr\/wp-content\/uploads\/2021\/06\/footer_logotype-1.svg","width":163,"height":45,"caption":"Freemove"},"image":{"@id":"https:\/\/freemove.fr\/en\/#\/schema\/logo\/image\/"}}]}},"_links":{"self":[{"href":"https:\/\/freemove.fr\/en\/wp-json\/wp\/v2\/product\/8688","targetHints":{"allow":["GET"]}}],"collection":[{"href":"https:\/\/freemove.fr\/en\/wp-json\/wp\/v2\/product"}],"about":[{"href":"https:\/\/freemove.fr\/en\/wp-json\/wp\/v2\/types\/product"}],"replies":[{"embeddable":true,"href":"https:\/\/freemove.fr\/en\/wp-json\/wp\/v2\/comments?post=8688"}],"wp:featuredmedia":[{"embeddable":true,"href":"https:\/\/freemove.fr\/en\/wp-json\/wp\/v2\/media\/8689"}],"wp:attachment":[{"href":"https:\/\/freemove.fr\/en\/wp-json\/wp\/v2\/media?parent=8688"}],"wp:term":[{"taxonomy":"product_brand","embeddable":true,"href":"https:\/\/freemove.fr\/en\/wp-json\/wp\/v2\/product_brand?post=8688"},{"taxonomy":"product_cat","embeddable":true,"href":"https:\/\/freemove.fr\/en\/wp-json\/wp\/v2\/product_cat?post=8688"},{"taxonomy":"product_tag","embeddable":true,"href":"https:\/\/freemove.fr\/en\/wp-json\/wp\/v2\/product_tag?post=8688"}],"curies":[{"name":"wp","href":"https:\/\/api.w.org\/{rel}","templated":true}]}}