


























{"id":8381,"date":"2021-07-07T19:52:23","date_gmt":"2021-07-13T17:14:20","guid":{"rendered":"https:\/\/freemove.fr\/?post_type=product&#038;p=8381"},"modified":"2023-07-10T19:28:34","modified_gmt":"2023-07-10T17:28:34","slug":"tool-kit-xr","status":"publish","type":"product","link":"https:\/\/freemove.fr\/en\/produit\/tool-kit-xr\/","title":{"rendered":"TOOL KIT +\/XR"},"content":{"rendered":"<p>All the tools you need to maintain and modify your OneWheel are finally gathered in a nice compact pouch that you can always carry with you!<\/p>\n<p>This kit includes:<\/p>\n<ul>\n<li>A sturdy and compact zippered pouch with storage compartments<\/li>\n<li>1\/8&#8243; T-wrench for all the screws needed to install the Fender, Bumpers, Pads and Lower Bumpers.<\/li>\n<li>A 1\/4&#8243; allen wrench for the removal of the wheel.<\/li>\n<li>A 5mm allen key to access the motor.<\/li>\n<li>A #1 screwdriver to remove the Cable Guards.<\/li>\n<li>A valve remover to remove the valve from the tire when changing the tire or to introduce anti-puncture fluid.<\/li>\n<li>A digital pressure controller.<\/li>\n<\/ul>\n","protected":false},"excerpt":{"rendered":"<h3>EVERYTHING ON HAND!<\/h3>\n","protected":false},"featured_media":8382,"comment_status":"closed","ping_status":"closed","template":"","meta":{"inline_featured_image":false},"product_brand":[],"product_cat":[300],"product_tag":[884],"class_list":{"0":"post-8381","1":"product","2":"type-product","3":"status-publish","4":"has-post-thumbnail","6":"product_cat-accessoires-onewheel-xr","7":"product_tag-tools","8":"entry","9":"has-media","11":"first","12":"outofstock","13":"taxable","14":"shipping-taxable","15":"purchasable","16":"product-type-simple"},"acf":[],"yoast_head":"<!-- This site is optimized with the Yoast SEO plugin v24.9 - https:\/\/yoast.com\/wordpress\/plugins\/seo\/ -->\n<title>TOOL KIT +\/XR - Boutique Freemove<\/title>\n<meta name=\"robots\" content=\"index, follow, max-snippet:-1, max-image-preview:large, max-video-preview:-1\" \/>\n<link rel=\"canonical\" href=\"https:\/\/freemove.fr\/en\/produit\/tool-kit-xr\/\" \/>\n<meta property=\"og:locale\" content=\"en_US\" \/>\n<meta property=\"og:type\" content=\"article\" \/>\n<meta property=\"og:title\" content=\"TOOL KIT +\/XR - Boutique Freemove\" \/>\n<meta property=\"og:description\" content=\"EVERYTHING ON HAND!\" \/>\n<meta property=\"og:url\" content=\"https:\/\/freemove.fr\/en\/produit\/tool-kit-xr\/\" \/>\n<meta property=\"og:site_name\" content=\"Freemove la Glisse \u00c9lectrique pour tous\" \/>\n<meta property=\"article:modified_time\" content=\"2023-07-10T17:28:34+00:00\" \/>\n<meta property=\"og:image\" content=\"https:\/\/freemove.fr\/wp-content\/uploads\/2021\/07\/Kit-Outils-Onewheel.jpg\" \/>\n\t<meta property=\"og:image:width\" content=\"1440\" \/>\n\t<meta property=\"og:image:height\" content=\"1080\" \/>\n\t<meta property=\"og:image:type\" content=\"image\/jpeg\" \/>\n<meta name=\"twitter:card\" content=\"summary_large_image\" \/>\n<meta name=\"twitter:label1\" content=\"Est. reading time\" \/>\n\t<meta name=\"twitter:data1\" content=\"1 minute\" \/>\n<script type=\"application\/ld+json\" class=\"yoast-schema-graph\">{\"@context\":\"https:\/\/schema.org\",\"@graph\":[{\"@type\":\"WebPage\",\"@id\":\"https:\/\/freemove.fr\/en\/produit\/tool-kit-xr\/\",\"url\":\"https:\/\/freemove.fr\/en\/produit\/tool-kit-xr\/\",\"name\":\"TOOL KIT +\/XR - Boutique Freemove\",\"isPartOf\":{\"@id\":\"https:\/\/freemove.fr\/en\/#website\"},\"primaryImageOfPage\":{\"@id\":\"https:\/\/freemove.fr\/en\/produit\/tool-kit-xr\/#primaryimage\"},\"image\":{\"@id\":\"https:\/\/freemove.fr\/en\/produit\/tool-kit-xr\/#primaryimage\"},\"thumbnailUrl\":\"https:\/\/freemove.fr\/wp-content\/uploads\/2021\/07\/Kit-Outils-Onewheel.jpg\",\"datePublished\":\"2021-07-13T17:14:20+00:00\",\"dateModified\":\"2023-07-10T17:28:34+00:00\",\"breadcrumb\":{\"@id\":\"https:\/\/freemove.fr\/en\/produit\/tool-kit-xr\/#breadcrumb\"},\"inLanguage\":\"en-US\",\"potentialAction\":[{\"@type\":\"ReadAction\",\"target\":[\"https:\/\/freemove.fr\/en\/produit\/tool-kit-xr\/\"]}]},{\"@type\":\"ImageObject\",\"inLanguage\":\"en-US\",\"@id\":\"https:\/\/freemove.fr\/en\/produit\/tool-kit-xr\/#primaryimage\",\"url\":\"https:\/\/freemove.fr\/wp-content\/uploads\/2021\/07\/Kit-Outils-Onewheel.jpg\",\"contentUrl\":\"https:\/\/freemove.fr\/wp-content\/uploads\/2021\/07\/Kit-Outils-Onewheel.jpg\",\"width\":1440,\"height\":1080},{\"@type\":\"BreadcrumbList\",\"@id\":\"https:\/\/freemove.fr\/en\/produit\/tool-kit-xr\/#breadcrumb\",\"itemListElement\":[{\"@type\":\"ListItem\",\"position\":1,\"name\":\"Accueil\",\"item\":\"https:\/\/freemove.fr\/en\/\"},{\"@type\":\"ListItem\",\"position\":2,\"name\":\"Shop\",\"item\":\"https:\/\/freemove.fr\/en\/shop\/\"},{\"@type\":\"ListItem\",\"position\":3,\"name\":\"TOOL KIT +\/XR\"}]},{\"@type\":\"WebSite\",\"@id\":\"https:\/\/freemove.fr\/en\/#website\",\"url\":\"https:\/\/freemove.fr\/en\/\",\"name\":\"Freemove la Glisse \u00c9lectrique pour tous\",\"description\":\"Onewheel - Visites guid\u00e9es en Segway \u00e0 Amboise\",\"publisher\":{\"@id\":\"https:\/\/freemove.fr\/en\/#organization\"},\"potentialAction\":[{\"@type\":\"SearchAction\",\"target\":{\"@type\":\"EntryPoint\",\"urlTemplate\":\"https:\/\/freemove.fr\/en\/?s={search_term_string}\"},\"query-input\":{\"@type\":\"PropertyValueSpecification\",\"valueRequired\":true,\"valueName\":\"search_term_string\"}}],\"inLanguage\":\"en-US\"},{\"@type\":\"Organization\",\"@id\":\"https:\/\/freemove.fr\/en\/#organization\",\"name\":\"Freemove\",\"url\":\"https:\/\/freemove.fr\/en\/\",\"logo\":{\"@type\":\"ImageObject\",\"inLanguage\":\"en-US\",\"@id\":\"https:\/\/freemove.fr\/en\/#\/schema\/logo\/image\/\",\"url\":\"https:\/\/freemove.fr\/wp-content\/uploads\/2021\/06\/footer_logotype-1.svg\",\"contentUrl\":\"https:\/\/freemove.fr\/wp-content\/uploads\/2021\/06\/footer_logotype-1.svg\",\"width\":163,\"height\":45,\"caption\":\"Freemove\"},\"image\":{\"@id\":\"https:\/\/freemove.fr\/en\/#\/schema\/logo\/image\/\"}}]}<\/script>\n<!-- \/ Yoast SEO plugin. -->","yoast_head_json":{"title":"TOOL KIT +\/XR - Boutique Freemove","robots":{"index":"index","follow":"follow","max-snippet":"max-snippet:-1","max-image-preview":"max-image-preview:large","max-video-preview":"max-video-preview:-1"},"canonical":"https:\/\/freemove.fr\/en\/produit\/tool-kit-xr\/","og_locale":"en_US","og_type":"article","og_title":"TOOL KIT +\/XR - Boutique Freemove","og_description":"EVERYTHING ON HAND!","og_url":"https:\/\/freemove.fr\/en\/produit\/tool-kit-xr\/","og_site_name":"Freemove la Glisse \u00c9lectrique pour tous","article_modified_time":"2023-07-10T17:28:34+00:00","og_image":[{"width":1440,"height":1080,"url":"https:\/\/freemove.fr\/wp-content\/uploads\/2021\/07\/Kit-Outils-Onewheel.jpg","type":"image\/jpeg"}],"twitter_card":"summary_large_image","twitter_misc":{"Est. reading time":"1 minute"},"schema":{"@context":"https:\/\/schema.org","@graph":[{"@type":"WebPage","@id":"https:\/\/freemove.fr\/en\/produit\/tool-kit-xr\/","url":"https:\/\/freemove.fr\/en\/produit\/tool-kit-xr\/","name":"TOOL KIT +\/XR - Boutique Freemove","isPartOf":{"@id":"https:\/\/freemove.fr\/en\/#website"},"primaryImageOfPage":{"@id":"https:\/\/freemove.fr\/en\/produit\/tool-kit-xr\/#primaryimage"},"image":{"@id":"https:\/\/freemove.fr\/en\/produit\/tool-kit-xr\/#primaryimage"},"thumbnailUrl":"https:\/\/freemove.fr\/wp-content\/uploads\/2021\/07\/Kit-Outils-Onewheel.jpg","datePublished":"2021-07-13T17:14:20+00:00","dateModified":"2023-07-10T17:28:34+00:00","breadcrumb":{"@id":"https:\/\/freemove.fr\/en\/produit\/tool-kit-xr\/#breadcrumb"},"inLanguage":"en-US","potentialAction":[{"@type":"ReadAction","target":["https:\/\/freemove.fr\/en\/produit\/tool-kit-xr\/"]}]},{"@type":"ImageObject","inLanguage":"en-US","@id":"https:\/\/freemove.fr\/en\/produit\/tool-kit-xr\/#primaryimage","url":"https:\/\/freemove.fr\/wp-content\/uploads\/2021\/07\/Kit-Outils-Onewheel.jpg","contentUrl":"https:\/\/freemove.fr\/wp-content\/uploads\/2021\/07\/Kit-Outils-Onewheel.jpg","width":1440,"height":1080},{"@type":"BreadcrumbList","@id":"https:\/\/freemove.fr\/en\/produit\/tool-kit-xr\/#breadcrumb","itemListElement":[{"@type":"ListItem","position":1,"name":"Accueil","item":"https:\/\/freemove.fr\/en\/"},{"@type":"ListItem","position":2,"name":"Shop","item":"https:\/\/freemove.fr\/en\/shop\/"},{"@type":"ListItem","position":3,"name":"TOOL KIT +\/XR"}]},{"@type":"WebSite","@id":"https:\/\/freemove.fr\/en\/#website","url":"https:\/\/freemove.fr\/en\/","name":"Freemove la Glisse \u00c9lectrique pour tous","description":"Onewheel - Visites guid\u00e9es en Segway \u00e0 Amboise","publisher":{"@id":"https:\/\/freemove.fr\/en\/#organization"},"potentialAction":[{"@type":"SearchAction","target":{"@type":"EntryPoint","urlTemplate":"https:\/\/freemove.fr\/en\/?s={search_term_string}"},"query-input":{"@type":"PropertyValueSpecification","valueRequired":true,"valueName":"search_term_string"}}],"inLanguage":"en-US"},{"@type":"Organization","@id":"https:\/\/freemove.fr\/en\/#organization","name":"Freemove","url":"https:\/\/freemove.fr\/en\/","logo":{"@type":"ImageObject","inLanguage":"en-US","@id":"https:\/\/freemove.fr\/en\/#\/schema\/logo\/image\/","url":"https:\/\/freemove.fr\/wp-content\/uploads\/2021\/06\/footer_logotype-1.svg","contentUrl":"https:\/\/freemove.fr\/wp-content\/uploads\/2021\/06\/footer_logotype-1.svg","width":163,"height":45,"caption":"Freemove"},"image":{"@id":"https:\/\/freemove.fr\/en\/#\/schema\/logo\/image\/"}}]}},"_links":{"self":[{"href":"https:\/\/freemove.fr\/en\/wp-json\/wp\/v2\/product\/8381","targetHints":{"allow":["GET"]}}],"collection":[{"href":"https:\/\/freemove.fr\/en\/wp-json\/wp\/v2\/product"}],"about":[{"href":"https:\/\/freemove.fr\/en\/wp-json\/wp\/v2\/types\/product"}],"replies":[{"embeddable":true,"href":"https:\/\/freemove.fr\/en\/wp-json\/wp\/v2\/comments?post=8381"}],"wp:featuredmedia":[{"embeddable":true,"href":"https:\/\/freemove.fr\/en\/wp-json\/wp\/v2\/media\/8382"}],"wp:attachment":[{"href":"https:\/\/freemove.fr\/en\/wp-json\/wp\/v2\/media?parent=8381"}],"wp:term":[{"taxonomy":"product_brand","embeddable":true,"href":"https:\/\/freemove.fr\/en\/wp-json\/wp\/v2\/product_brand?post=8381"},{"taxonomy":"product_cat","embeddable":true,"href":"https:\/\/freemove.fr\/en\/wp-json\/wp\/v2\/product_cat?post=8381"},{"taxonomy":"product_tag","embeddable":true,"href":"https:\/\/freemove.fr\/en\/wp-json\/wp\/v2\/product_tag?post=8381"}],"curies":[{"name":"wp","href":"https:\/\/api.w.org\/{rel}","templated":true}]}}