


























{"id":12511,"date":"2022-03-30T19:01:25","date_gmt":"2022-03-30T18:16:15","guid":{"rendered":"https:\/\/freemove.fr\/?post_type=product&#038;p=12511"},"modified":"2022-12-06T12:07:50","modified_gmt":"2022-12-06T11:07:50","slug":"flight-deck-grip","status":"publish","type":"product","link":"https:\/\/freemove.fr\/en\/produit\/flight-deck-grip\/","title":{"rendered":"FLIGHT DECK GRIP"},"content":{"rendered":"<p>Developed by FlightFins, this high quality concave grip ensures a comfortable foot hold while riding!<\/p>\n<ul>\n<li><strong>Easily installed over the original griptape<\/strong> &#8211; no need to screw in or remove the griptape.<\/li>\n<li><strong>The concave shape offers exceptional control<\/strong> for tricks, off-piste rides and all other riding styles.<\/li>\n<li><strong>Enjoy maximum comfort with the dual-layer composite design<\/strong> without sacrificing the feel of the board.<\/li>\n<\/ul>\n<p>\u26a0\ufe0fATTENTION\u26a0\ufe0f<br \/>\nThe installation of this grip on the Front Pad of your Onewheel equipped with pressure sensors can alter his proper functioning! This installation is still possible but is done under your responsibility!<\/p>\n","protected":false},"excerpt":{"rendered":"<h3>THE CONCAVE FLIGHTFINS GRIP!<\/h3>\n","protected":false},"featured_media":12455,"comment_status":"closed","ping_status":"closed","template":"","meta":{"inline_featured_image":false},"product_brand":[],"product_cat":[300],"product_tag":[882],"class_list":{"0":"post-12511","1":"product","2":"type-product","3":"status-publish","4":"has-post-thumbnail","6":"product_cat-accessoires-onewheel-xr","7":"product_tag-grips","8":"pa_couleur-black","9":"pa_couleur-checkers","10":"pa_declinaison-declination-pair","11":"pa_declinaison-declination-single-en","12":"entry","13":"has-media","15":"first","16":"outofstock","17":"taxable","18":"shipping-taxable","19":"purchasable","20":"product-type-variable"},"acf":[],"yoast_head":"<!-- This site is optimized with the Yoast SEO plugin v24.9 - https:\/\/yoast.com\/wordpress\/plugins\/seo\/ -->\n<title>FLIGHT DECK GRIP - Boutique Freemove<\/title>\n<meta name=\"robots\" content=\"index, follow, max-snippet:-1, max-image-preview:large, max-video-preview:-1\" \/>\n<link rel=\"canonical\" href=\"https:\/\/freemove.fr\/en\/produit\/flight-deck-grip\/\" \/>\n<meta property=\"og:locale\" content=\"en_US\" \/>\n<meta property=\"og:type\" content=\"article\" \/>\n<meta property=\"og:title\" content=\"FLIGHT DECK GRIP - Boutique Freemove\" \/>\n<meta property=\"og:description\" content=\"THE CONCAVE FLIGHTFINS GRIP!\" \/>\n<meta property=\"og:url\" content=\"https:\/\/freemove.fr\/en\/produit\/flight-deck-grip\/\" \/>\n<meta property=\"og:site_name\" content=\"Freemove la Glisse \u00c9lectrique pour tous\" \/>\n<meta property=\"article:modified_time\" content=\"2022-12-06T11:07:50+00:00\" \/>\n<meta property=\"og:image\" content=\"https:\/\/freemove.fr\/wp-content\/uploads\/2022\/03\/Flight-Deck.jpg\" \/>\n\t<meta property=\"og:image:width\" content=\"1440\" \/>\n\t<meta property=\"og:image:height\" content=\"1080\" \/>\n\t<meta property=\"og:image:type\" content=\"image\/jpeg\" \/>\n<meta name=\"twitter:card\" content=\"summary_large_image\" \/>\n<meta name=\"twitter:label1\" content=\"Est. reading time\" \/>\n\t<meta name=\"twitter:data1\" content=\"1 minute\" \/>\n<script type=\"application\/ld+json\" class=\"yoast-schema-graph\">{\"@context\":\"https:\/\/schema.org\",\"@graph\":[{\"@type\":\"WebPage\",\"@id\":\"https:\/\/freemove.fr\/en\/produit\/flight-deck-grip\/\",\"url\":\"https:\/\/freemove.fr\/en\/produit\/flight-deck-grip\/\",\"name\":\"FLIGHT DECK GRIP - Boutique Freemove\",\"isPartOf\":{\"@id\":\"https:\/\/freemove.fr\/en\/#website\"},\"primaryImageOfPage\":{\"@id\":\"https:\/\/freemove.fr\/en\/produit\/flight-deck-grip\/#primaryimage\"},\"image\":{\"@id\":\"https:\/\/freemove.fr\/en\/produit\/flight-deck-grip\/#primaryimage\"},\"thumbnailUrl\":\"https:\/\/freemove.fr\/wp-content\/uploads\/2022\/03\/Flight-Deck.jpg\",\"datePublished\":\"2022-03-30T18:16:15+00:00\",\"dateModified\":\"2022-12-06T11:07:50+00:00\",\"breadcrumb\":{\"@id\":\"https:\/\/freemove.fr\/en\/produit\/flight-deck-grip\/#breadcrumb\"},\"inLanguage\":\"en-US\",\"potentialAction\":[{\"@type\":\"ReadAction\",\"target\":[\"https:\/\/freemove.fr\/en\/produit\/flight-deck-grip\/\"]}]},{\"@type\":\"ImageObject\",\"inLanguage\":\"en-US\",\"@id\":\"https:\/\/freemove.fr\/en\/produit\/flight-deck-grip\/#primaryimage\",\"url\":\"https:\/\/freemove.fr\/wp-content\/uploads\/2022\/03\/Flight-Deck.jpg\",\"contentUrl\":\"https:\/\/freemove.fr\/wp-content\/uploads\/2022\/03\/Flight-Deck.jpg\",\"width\":1440,\"height\":1080},{\"@type\":\"BreadcrumbList\",\"@id\":\"https:\/\/freemove.fr\/en\/produit\/flight-deck-grip\/#breadcrumb\",\"itemListElement\":[{\"@type\":\"ListItem\",\"position\":1,\"name\":\"Accueil\",\"item\":\"https:\/\/freemove.fr\/en\/\"},{\"@type\":\"ListItem\",\"position\":2,\"name\":\"Shop\",\"item\":\"https:\/\/freemove.fr\/en\/shop\/\"},{\"@type\":\"ListItem\",\"position\":3,\"name\":\"FLIGHT DECK GRIP\"}]},{\"@type\":\"WebSite\",\"@id\":\"https:\/\/freemove.fr\/en\/#website\",\"url\":\"https:\/\/freemove.fr\/en\/\",\"name\":\"Freemove la Glisse \u00c9lectrique pour tous\",\"description\":\"Onewheel - Visites guid\u00e9es en Segway \u00e0 Amboise\",\"publisher\":{\"@id\":\"https:\/\/freemove.fr\/en\/#organization\"},\"potentialAction\":[{\"@type\":\"SearchAction\",\"target\":{\"@type\":\"EntryPoint\",\"urlTemplate\":\"https:\/\/freemove.fr\/en\/?s={search_term_string}\"},\"query-input\":{\"@type\":\"PropertyValueSpecification\",\"valueRequired\":true,\"valueName\":\"search_term_string\"}}],\"inLanguage\":\"en-US\"},{\"@type\":\"Organization\",\"@id\":\"https:\/\/freemove.fr\/en\/#organization\",\"name\":\"Freemove\",\"url\":\"https:\/\/freemove.fr\/en\/\",\"logo\":{\"@type\":\"ImageObject\",\"inLanguage\":\"en-US\",\"@id\":\"https:\/\/freemove.fr\/en\/#\/schema\/logo\/image\/\",\"url\":\"https:\/\/freemove.fr\/wp-content\/uploads\/2021\/06\/footer_logotype-1.svg\",\"contentUrl\":\"https:\/\/freemove.fr\/wp-content\/uploads\/2021\/06\/footer_logotype-1.svg\",\"width\":163,\"height\":45,\"caption\":\"Freemove\"},\"image\":{\"@id\":\"https:\/\/freemove.fr\/en\/#\/schema\/logo\/image\/\"}}]}<\/script>\n<!-- \/ Yoast SEO plugin. -->","yoast_head_json":{"title":"FLIGHT DECK GRIP - Boutique Freemove","robots":{"index":"index","follow":"follow","max-snippet":"max-snippet:-1","max-image-preview":"max-image-preview:large","max-video-preview":"max-video-preview:-1"},"canonical":"https:\/\/freemove.fr\/en\/produit\/flight-deck-grip\/","og_locale":"en_US","og_type":"article","og_title":"FLIGHT DECK GRIP - Boutique Freemove","og_description":"THE CONCAVE FLIGHTFINS GRIP!","og_url":"https:\/\/freemove.fr\/en\/produit\/flight-deck-grip\/","og_site_name":"Freemove la Glisse \u00c9lectrique pour tous","article_modified_time":"2022-12-06T11:07:50+00:00","og_image":[{"width":1440,"height":1080,"url":"https:\/\/freemove.fr\/wp-content\/uploads\/2022\/03\/Flight-Deck.jpg","type":"image\/jpeg"}],"twitter_card":"summary_large_image","twitter_misc":{"Est. reading time":"1 minute"},"schema":{"@context":"https:\/\/schema.org","@graph":[{"@type":"WebPage","@id":"https:\/\/freemove.fr\/en\/produit\/flight-deck-grip\/","url":"https:\/\/freemove.fr\/en\/produit\/flight-deck-grip\/","name":"FLIGHT DECK GRIP - Boutique Freemove","isPartOf":{"@id":"https:\/\/freemove.fr\/en\/#website"},"primaryImageOfPage":{"@id":"https:\/\/freemove.fr\/en\/produit\/flight-deck-grip\/#primaryimage"},"image":{"@id":"https:\/\/freemove.fr\/en\/produit\/flight-deck-grip\/#primaryimage"},"thumbnailUrl":"https:\/\/freemove.fr\/wp-content\/uploads\/2022\/03\/Flight-Deck.jpg","datePublished":"2022-03-30T18:16:15+00:00","dateModified":"2022-12-06T11:07:50+00:00","breadcrumb":{"@id":"https:\/\/freemove.fr\/en\/produit\/flight-deck-grip\/#breadcrumb"},"inLanguage":"en-US","potentialAction":[{"@type":"ReadAction","target":["https:\/\/freemove.fr\/en\/produit\/flight-deck-grip\/"]}]},{"@type":"ImageObject","inLanguage":"en-US","@id":"https:\/\/freemove.fr\/en\/produit\/flight-deck-grip\/#primaryimage","url":"https:\/\/freemove.fr\/wp-content\/uploads\/2022\/03\/Flight-Deck.jpg","contentUrl":"https:\/\/freemove.fr\/wp-content\/uploads\/2022\/03\/Flight-Deck.jpg","width":1440,"height":1080},{"@type":"BreadcrumbList","@id":"https:\/\/freemove.fr\/en\/produit\/flight-deck-grip\/#breadcrumb","itemListElement":[{"@type":"ListItem","position":1,"name":"Accueil","item":"https:\/\/freemove.fr\/en\/"},{"@type":"ListItem","position":2,"name":"Shop","item":"https:\/\/freemove.fr\/en\/shop\/"},{"@type":"ListItem","position":3,"name":"FLIGHT DECK GRIP"}]},{"@type":"WebSite","@id":"https:\/\/freemove.fr\/en\/#website","url":"https:\/\/freemove.fr\/en\/","name":"Freemove la Glisse \u00c9lectrique pour tous","description":"Onewheel - Visites guid\u00e9es en Segway \u00e0 Amboise","publisher":{"@id":"https:\/\/freemove.fr\/en\/#organization"},"potentialAction":[{"@type":"SearchAction","target":{"@type":"EntryPoint","urlTemplate":"https:\/\/freemove.fr\/en\/?s={search_term_string}"},"query-input":{"@type":"PropertyValueSpecification","valueRequired":true,"valueName":"search_term_string"}}],"inLanguage":"en-US"},{"@type":"Organization","@id":"https:\/\/freemove.fr\/en\/#organization","name":"Freemove","url":"https:\/\/freemove.fr\/en\/","logo":{"@type":"ImageObject","inLanguage":"en-US","@id":"https:\/\/freemove.fr\/en\/#\/schema\/logo\/image\/","url":"https:\/\/freemove.fr\/wp-content\/uploads\/2021\/06\/footer_logotype-1.svg","contentUrl":"https:\/\/freemove.fr\/wp-content\/uploads\/2021\/06\/footer_logotype-1.svg","width":163,"height":45,"caption":"Freemove"},"image":{"@id":"https:\/\/freemove.fr\/en\/#\/schema\/logo\/image\/"}}]}},"_links":{"self":[{"href":"https:\/\/freemove.fr\/en\/wp-json\/wp\/v2\/product\/12511","targetHints":{"allow":["GET"]}}],"collection":[{"href":"https:\/\/freemove.fr\/en\/wp-json\/wp\/v2\/product"}],"about":[{"href":"https:\/\/freemove.fr\/en\/wp-json\/wp\/v2\/types\/product"}],"replies":[{"embeddable":true,"href":"https:\/\/freemove.fr\/en\/wp-json\/wp\/v2\/comments?post=12511"}],"wp:featuredmedia":[{"embeddable":true,"href":"https:\/\/freemove.fr\/en\/wp-json\/wp\/v2\/media\/12455"}],"wp:attachment":[{"href":"https:\/\/freemove.fr\/en\/wp-json\/wp\/v2\/media?parent=12511"}],"wp:term":[{"taxonomy":"product_brand","embeddable":true,"href":"https:\/\/freemove.fr\/en\/wp-json\/wp\/v2\/product_brand?post=12511"},{"taxonomy":"product_cat","embeddable":true,"href":"https:\/\/freemove.fr\/en\/wp-json\/wp\/v2\/product_cat?post=12511"},{"taxonomy":"product_tag","embeddable":true,"href":"https:\/\/freemove.fr\/en\/wp-json\/wp\/v2\/product_tag?post=12511"}],"curies":[{"name":"wp","href":"https:\/\/api.w.org\/{rel}","templated":true}]}}