


























{"id":10613,"date":"2021-06-23T11:53:17","date_gmt":"2021-10-29T10:42:16","guid":{"rendered":"https:\/\/freemove.fr\/?post_type=product&#038;p=10613"},"modified":"2024-04-26T10:16:07","modified_gmt":"2024-04-26T08:16:07","slug":"tire-hoosier-4-5-slick","status":"publish","type":"product","link":"https:\/\/freemove.fr\/en\/produit\/tire-hoosier-4-5-slick\/","title":{"rendered":"TIRE HOOSIER 4.5 SLICK"},"content":{"rendered":"<p>The <strong>Hoosier 4.5&#8243; Slick<\/strong> is the <strong>perfect tire to ride the streets<\/strong> with your Onewheel Pint!<\/p>\n<p>It offers a <strong>perfect grip on asphalt<\/strong> and allows to carve quickly. Its <strong>reinforced structure<\/strong> ensures excellent durability for even more fun!<\/p>\n<p><strong>We offer you a 10% discount on RED DILLO anti-puncture fluid if you select the &#8220;WITH&#8221; option at the top of the page!<\/strong><\/p>\n","protected":false},"excerpt":{"rendered":"<h3>THE FF WHISPER !<\/h3>\n","protected":false},"featured_media":9046,"comment_status":"closed","ping_status":"closed","template":"","meta":{"inline_featured_image":false},"product_brand":[],"product_cat":[302],"product_tag":[888],"class_list":{"0":"post-10613","1":"product","2":"type-product","3":"status-publish","4":"has-post-thumbnail","6":"product_cat-accessoires-onewheel-pint","7":"product_tag-tires","8":"pa_declinaison-declination-with-reddillo-bottle","9":"pa_declinaison-declination-without-reddillo-bottle","10":"entry","11":"has-media","13":"first","14":"outofstock","15":"sale","16":"taxable","17":"shipping-taxable","18":"purchasable","19":"product-type-variable"},"acf":[],"yoast_head":"<!-- This site is optimized with the Yoast SEO plugin v24.9 - https:\/\/yoast.com\/wordpress\/plugins\/seo\/ -->\n<title>TIRE HOOSIER 4.5 SLICK - Boutique Freemove<\/title>\n<meta name=\"robots\" content=\"index, follow, max-snippet:-1, max-image-preview:large, max-video-preview:-1\" \/>\n<link rel=\"canonical\" href=\"https:\/\/freemove.fr\/en\/produit\/tire-hoosier-4-5-slick\/\" \/>\n<meta property=\"og:locale\" content=\"en_US\" \/>\n<meta property=\"og:type\" content=\"article\" \/>\n<meta property=\"og:title\" content=\"TIRE HOOSIER 4.5 SLICK - Boutique Freemove\" \/>\n<meta property=\"og:description\" content=\"THE FF WHISPER !\" \/>\n<meta property=\"og:url\" content=\"https:\/\/freemove.fr\/en\/produit\/tire-hoosier-4-5-slick\/\" \/>\n<meta property=\"og:site_name\" content=\"Freemove la Glisse \u00c9lectrique pour tous\" \/>\n<meta property=\"article:modified_time\" content=\"2024-04-26T08:16:07+00:00\" \/>\n<meta property=\"og:image\" content=\"https:\/\/freemove.fr\/wp-content\/uploads\/2021\/06\/hoosier4.6_pint.jpg\" \/>\n\t<meta property=\"og:image:width\" content=\"1440\" \/>\n\t<meta property=\"og:image:height\" content=\"1080\" \/>\n\t<meta property=\"og:image:type\" content=\"image\/jpeg\" \/>\n<meta name=\"twitter:card\" content=\"summary_large_image\" \/>\n<meta name=\"twitter:label1\" content=\"Est. reading time\" \/>\n\t<meta name=\"twitter:data1\" content=\"1 minute\" \/>\n<script type=\"application\/ld+json\" class=\"yoast-schema-graph\">{\"@context\":\"https:\/\/schema.org\",\"@graph\":[{\"@type\":\"WebPage\",\"@id\":\"https:\/\/freemove.fr\/en\/produit\/tire-hoosier-4-5-slick\/\",\"url\":\"https:\/\/freemove.fr\/en\/produit\/tire-hoosier-4-5-slick\/\",\"name\":\"TIRE HOOSIER 4.5 SLICK - Boutique Freemove\",\"isPartOf\":{\"@id\":\"https:\/\/freemove.fr\/en\/#website\"},\"primaryImageOfPage\":{\"@id\":\"https:\/\/freemove.fr\/en\/produit\/tire-hoosier-4-5-slick\/#primaryimage\"},\"image\":{\"@id\":\"https:\/\/freemove.fr\/en\/produit\/tire-hoosier-4-5-slick\/#primaryimage\"},\"thumbnailUrl\":\"https:\/\/freemove.fr\/wp-content\/uploads\/2021\/06\/hoosier4.6_pint.jpg\",\"datePublished\":\"2021-10-29T10:42:16+00:00\",\"dateModified\":\"2024-04-26T08:16:07+00:00\",\"breadcrumb\":{\"@id\":\"https:\/\/freemove.fr\/en\/produit\/tire-hoosier-4-5-slick\/#breadcrumb\"},\"inLanguage\":\"en-US\",\"potentialAction\":[{\"@type\":\"ReadAction\",\"target\":[\"https:\/\/freemove.fr\/en\/produit\/tire-hoosier-4-5-slick\/\"]}]},{\"@type\":\"ImageObject\",\"inLanguage\":\"en-US\",\"@id\":\"https:\/\/freemove.fr\/en\/produit\/tire-hoosier-4-5-slick\/#primaryimage\",\"url\":\"https:\/\/freemove.fr\/wp-content\/uploads\/2021\/06\/hoosier4.6_pint.jpg\",\"contentUrl\":\"https:\/\/freemove.fr\/wp-content\/uploads\/2021\/06\/hoosier4.6_pint.jpg\",\"width\":1440,\"height\":1080},{\"@type\":\"BreadcrumbList\",\"@id\":\"https:\/\/freemove.fr\/en\/produit\/tire-hoosier-4-5-slick\/#breadcrumb\",\"itemListElement\":[{\"@type\":\"ListItem\",\"position\":1,\"name\":\"Accueil\",\"item\":\"https:\/\/freemove.fr\/en\/\"},{\"@type\":\"ListItem\",\"position\":2,\"name\":\"Shop\",\"item\":\"https:\/\/freemove.fr\/en\/shop\/\"},{\"@type\":\"ListItem\",\"position\":3,\"name\":\"TIRE HOOSIER 4.5 SLICK\"}]},{\"@type\":\"WebSite\",\"@id\":\"https:\/\/freemove.fr\/en\/#website\",\"url\":\"https:\/\/freemove.fr\/en\/\",\"name\":\"Freemove la Glisse \u00c9lectrique pour tous\",\"description\":\"Onewheel - Visites guid\u00e9es en Segway \u00e0 Amboise\",\"publisher\":{\"@id\":\"https:\/\/freemove.fr\/en\/#organization\"},\"potentialAction\":[{\"@type\":\"SearchAction\",\"target\":{\"@type\":\"EntryPoint\",\"urlTemplate\":\"https:\/\/freemove.fr\/en\/?s={search_term_string}\"},\"query-input\":{\"@type\":\"PropertyValueSpecification\",\"valueRequired\":true,\"valueName\":\"search_term_string\"}}],\"inLanguage\":\"en-US\"},{\"@type\":\"Organization\",\"@id\":\"https:\/\/freemove.fr\/en\/#organization\",\"name\":\"Freemove\",\"url\":\"https:\/\/freemove.fr\/en\/\",\"logo\":{\"@type\":\"ImageObject\",\"inLanguage\":\"en-US\",\"@id\":\"https:\/\/freemove.fr\/en\/#\/schema\/logo\/image\/\",\"url\":\"https:\/\/freemove.fr\/wp-content\/uploads\/2021\/06\/footer_logotype-1.svg\",\"contentUrl\":\"https:\/\/freemove.fr\/wp-content\/uploads\/2021\/06\/footer_logotype-1.svg\",\"width\":163,\"height\":45,\"caption\":\"Freemove\"},\"image\":{\"@id\":\"https:\/\/freemove.fr\/en\/#\/schema\/logo\/image\/\"}}]}<\/script>\n<!-- \/ Yoast SEO plugin. -->","yoast_head_json":{"title":"TIRE HOOSIER 4.5 SLICK - Boutique Freemove","robots":{"index":"index","follow":"follow","max-snippet":"max-snippet:-1","max-image-preview":"max-image-preview:large","max-video-preview":"max-video-preview:-1"},"canonical":"https:\/\/freemove.fr\/en\/produit\/tire-hoosier-4-5-slick\/","og_locale":"en_US","og_type":"article","og_title":"TIRE HOOSIER 4.5 SLICK - Boutique Freemove","og_description":"THE FF WHISPER !","og_url":"https:\/\/freemove.fr\/en\/produit\/tire-hoosier-4-5-slick\/","og_site_name":"Freemove la Glisse \u00c9lectrique pour tous","article_modified_time":"2024-04-26T08:16:07+00:00","og_image":[{"width":1440,"height":1080,"url":"https:\/\/freemove.fr\/wp-content\/uploads\/2021\/06\/hoosier4.6_pint.jpg","type":"image\/jpeg"}],"twitter_card":"summary_large_image","twitter_misc":{"Est. reading time":"1 minute"},"schema":{"@context":"https:\/\/schema.org","@graph":[{"@type":"WebPage","@id":"https:\/\/freemove.fr\/en\/produit\/tire-hoosier-4-5-slick\/","url":"https:\/\/freemove.fr\/en\/produit\/tire-hoosier-4-5-slick\/","name":"TIRE HOOSIER 4.5 SLICK - Boutique Freemove","isPartOf":{"@id":"https:\/\/freemove.fr\/en\/#website"},"primaryImageOfPage":{"@id":"https:\/\/freemove.fr\/en\/produit\/tire-hoosier-4-5-slick\/#primaryimage"},"image":{"@id":"https:\/\/freemove.fr\/en\/produit\/tire-hoosier-4-5-slick\/#primaryimage"},"thumbnailUrl":"https:\/\/freemove.fr\/wp-content\/uploads\/2021\/06\/hoosier4.6_pint.jpg","datePublished":"2021-10-29T10:42:16+00:00","dateModified":"2024-04-26T08:16:07+00:00","breadcrumb":{"@id":"https:\/\/freemove.fr\/en\/produit\/tire-hoosier-4-5-slick\/#breadcrumb"},"inLanguage":"en-US","potentialAction":[{"@type":"ReadAction","target":["https:\/\/freemove.fr\/en\/produit\/tire-hoosier-4-5-slick\/"]}]},{"@type":"ImageObject","inLanguage":"en-US","@id":"https:\/\/freemove.fr\/en\/produit\/tire-hoosier-4-5-slick\/#primaryimage","url":"https:\/\/freemove.fr\/wp-content\/uploads\/2021\/06\/hoosier4.6_pint.jpg","contentUrl":"https:\/\/freemove.fr\/wp-content\/uploads\/2021\/06\/hoosier4.6_pint.jpg","width":1440,"height":1080},{"@type":"BreadcrumbList","@id":"https:\/\/freemove.fr\/en\/produit\/tire-hoosier-4-5-slick\/#breadcrumb","itemListElement":[{"@type":"ListItem","position":1,"name":"Accueil","item":"https:\/\/freemove.fr\/en\/"},{"@type":"ListItem","position":2,"name":"Shop","item":"https:\/\/freemove.fr\/en\/shop\/"},{"@type":"ListItem","position":3,"name":"TIRE HOOSIER 4.5 SLICK"}]},{"@type":"WebSite","@id":"https:\/\/freemove.fr\/en\/#website","url":"https:\/\/freemove.fr\/en\/","name":"Freemove la Glisse \u00c9lectrique pour tous","description":"Onewheel - Visites guid\u00e9es en Segway \u00e0 Amboise","publisher":{"@id":"https:\/\/freemove.fr\/en\/#organization"},"potentialAction":[{"@type":"SearchAction","target":{"@type":"EntryPoint","urlTemplate":"https:\/\/freemove.fr\/en\/?s={search_term_string}"},"query-input":{"@type":"PropertyValueSpecification","valueRequired":true,"valueName":"search_term_string"}}],"inLanguage":"en-US"},{"@type":"Organization","@id":"https:\/\/freemove.fr\/en\/#organization","name":"Freemove","url":"https:\/\/freemove.fr\/en\/","logo":{"@type":"ImageObject","inLanguage":"en-US","@id":"https:\/\/freemove.fr\/en\/#\/schema\/logo\/image\/","url":"https:\/\/freemove.fr\/wp-content\/uploads\/2021\/06\/footer_logotype-1.svg","contentUrl":"https:\/\/freemove.fr\/wp-content\/uploads\/2021\/06\/footer_logotype-1.svg","width":163,"height":45,"caption":"Freemove"},"image":{"@id":"https:\/\/freemove.fr\/en\/#\/schema\/logo\/image\/"}}]}},"_links":{"self":[{"href":"https:\/\/freemove.fr\/en\/wp-json\/wp\/v2\/product\/10613","targetHints":{"allow":["GET"]}}],"collection":[{"href":"https:\/\/freemove.fr\/en\/wp-json\/wp\/v2\/product"}],"about":[{"href":"https:\/\/freemove.fr\/en\/wp-json\/wp\/v2\/types\/product"}],"replies":[{"embeddable":true,"href":"https:\/\/freemove.fr\/en\/wp-json\/wp\/v2\/comments?post=10613"}],"wp:featuredmedia":[{"embeddable":true,"href":"https:\/\/freemove.fr\/en\/wp-json\/wp\/v2\/media\/9046"}],"wp:attachment":[{"href":"https:\/\/freemove.fr\/en\/wp-json\/wp\/v2\/media?parent=10613"}],"wp:term":[{"taxonomy":"product_brand","embeddable":true,"href":"https:\/\/freemove.fr\/en\/wp-json\/wp\/v2\/product_brand?post=10613"},{"taxonomy":"product_cat","embeddable":true,"href":"https:\/\/freemove.fr\/en\/wp-json\/wp\/v2\/product_cat?post=10613"},{"taxonomy":"product_tag","embeddable":true,"href":"https:\/\/freemove.fr\/en\/wp-json\/wp\/v2\/product_tag?post=10613"}],"curies":[{"name":"wp","href":"https:\/\/api.w.org\/{rel}","templated":true}]}}