


























{"id":10368,"date":"2021-06-23T11:53:24","date_gmt":"2021-10-20T15:24:01","guid":{"rendered":"https:\/\/freemove.fr\/?post_type=product&#038;p=10368"},"modified":"2023-07-09T15:24:28","modified_gmt":"2023-07-09T13:24:28","slug":"tire-hoosier-ff-6-0-treaded-t2-2","status":"publish","type":"product","link":"https:\/\/freemove.fr\/en\/produit\/tire-hoosier-ff-6-0-treaded-t2-2\/","title":{"rendered":"TIRE HOOSIER FF 6.0 TREADED T2"},"content":{"rendered":"<p><strong>The T2 has been upgraded for a quieter ride and a higher level of control!\u00a0<\/strong>Whether on the trail or on the pavement, the T2 excels on all terrains.<\/p>\n<p>Now the <strong>lightest tire on the market<\/strong> (including the Hoosier 5.5), the T2 also offers <strong>advantages in range and torque<\/strong>.<\/p>\n<p>The combination of a redesigned shape, similar to the Whisper, and an updated compound makes the T2 <strong>exceptionally flexible without sacrificing stability<\/strong>, just like its smooth counterpart. Turn your PSI down for a classic feel and better grip or turn it up for precise response and unmatched carve.<\/p>\n<p><strong>We&#8217;ll give you 10% off RED DILLO puncture proof fluid if you select the &#8220;WITH&#8221; option at the top of the page!<\/strong><\/p>\n","protected":false},"excerpt":{"rendered":"<h3>THE FLIGHTFINS TERRAIN T2<\/h3>\n","protected":false},"featured_media":6608,"comment_status":"closed","ping_status":"closed","template":"","meta":{"inline_featured_image":false},"product_brand":[],"product_cat":[300],"product_tag":[888],"class_list":{"0":"post-10368","1":"product","2":"type-product","3":"status-publish","4":"has-post-thumbnail","6":"product_cat-accessoires-onewheel-xr","7":"product_tag-tires","8":"pa_declinaison-declination-with-reddillo-bottle","9":"pa_declinaison-declination-without-reddillo-bottle","10":"entry","11":"has-media","13":"first","14":"outofstock","15":"taxable","16":"shipping-taxable","17":"purchasable","18":"product-type-variable"},"acf":[],"yoast_head":"<!-- This site is optimized with the Yoast SEO plugin v24.9 - https:\/\/yoast.com\/wordpress\/plugins\/seo\/ -->\n<title>TIRE HOOSIER FF 6.0 TREADED T2 - Boutique Freemove<\/title>\n<meta name=\"robots\" content=\"index, follow, max-snippet:-1, max-image-preview:large, max-video-preview:-1\" \/>\n<link rel=\"canonical\" href=\"https:\/\/freemove.fr\/en\/produit\/tire-hoosier-ff-6-0-treaded-t2-2\/\" \/>\n<meta property=\"og:locale\" content=\"en_US\" \/>\n<meta property=\"og:type\" content=\"article\" \/>\n<meta property=\"og:title\" content=\"TIRE HOOSIER FF 6.0 TREADED T2 - Boutique Freemove\" \/>\n<meta property=\"og:description\" content=\"THE FLIGHTFINS TERRAIN T2\" \/>\n<meta property=\"og:url\" content=\"https:\/\/freemove.fr\/en\/produit\/tire-hoosier-ff-6-0-treaded-t2-2\/\" \/>\n<meta property=\"og:site_name\" content=\"Freemove la Glisse \u00c9lectrique pour tous\" \/>\n<meta property=\"article:modified_time\" content=\"2023-07-09T13:24:28+00:00\" \/>\n<meta property=\"og:image\" content=\"https:\/\/freemove.fr\/wp-content\/uploads\/2021\/06\/hoosierff6.0-1.jpg\" \/>\n\t<meta property=\"og:image:width\" content=\"1440\" \/>\n\t<meta property=\"og:image:height\" content=\"1080\" \/>\n\t<meta property=\"og:image:type\" content=\"image\/jpeg\" \/>\n<meta name=\"twitter:card\" content=\"summary_large_image\" \/>\n<meta name=\"twitter:label1\" content=\"Est. reading time\" \/>\n\t<meta name=\"twitter:data1\" content=\"1 minute\" \/>\n<script type=\"application\/ld+json\" class=\"yoast-schema-graph\">{\"@context\":\"https:\/\/schema.org\",\"@graph\":[{\"@type\":\"WebPage\",\"@id\":\"https:\/\/freemove.fr\/en\/produit\/tire-hoosier-ff-6-0-treaded-t2-2\/\",\"url\":\"https:\/\/freemove.fr\/en\/produit\/tire-hoosier-ff-6-0-treaded-t2-2\/\",\"name\":\"TIRE HOOSIER FF 6.0 TREADED T2 - Boutique Freemove\",\"isPartOf\":{\"@id\":\"https:\/\/freemove.fr\/en\/#website\"},\"primaryImageOfPage\":{\"@id\":\"https:\/\/freemove.fr\/en\/produit\/tire-hoosier-ff-6-0-treaded-t2-2\/#primaryimage\"},\"image\":{\"@id\":\"https:\/\/freemove.fr\/en\/produit\/tire-hoosier-ff-6-0-treaded-t2-2\/#primaryimage\"},\"thumbnailUrl\":\"https:\/\/freemove.fr\/wp-content\/uploads\/2021\/06\/hoosierff6.0-1.jpg\",\"datePublished\":\"2021-10-20T15:24:01+00:00\",\"dateModified\":\"2023-07-09T13:24:28+00:00\",\"breadcrumb\":{\"@id\":\"https:\/\/freemove.fr\/en\/produit\/tire-hoosier-ff-6-0-treaded-t2-2\/#breadcrumb\"},\"inLanguage\":\"en-US\",\"potentialAction\":[{\"@type\":\"ReadAction\",\"target\":[\"https:\/\/freemove.fr\/en\/produit\/tire-hoosier-ff-6-0-treaded-t2-2\/\"]}]},{\"@type\":\"ImageObject\",\"inLanguage\":\"en-US\",\"@id\":\"https:\/\/freemove.fr\/en\/produit\/tire-hoosier-ff-6-0-treaded-t2-2\/#primaryimage\",\"url\":\"https:\/\/freemove.fr\/wp-content\/uploads\/2021\/06\/hoosierff6.0-1.jpg\",\"contentUrl\":\"https:\/\/freemove.fr\/wp-content\/uploads\/2021\/06\/hoosierff6.0-1.jpg\",\"width\":1440,\"height\":1080},{\"@type\":\"BreadcrumbList\",\"@id\":\"https:\/\/freemove.fr\/en\/produit\/tire-hoosier-ff-6-0-treaded-t2-2\/#breadcrumb\",\"itemListElement\":[{\"@type\":\"ListItem\",\"position\":1,\"name\":\"Accueil\",\"item\":\"https:\/\/freemove.fr\/en\/\"},{\"@type\":\"ListItem\",\"position\":2,\"name\":\"Shop\",\"item\":\"https:\/\/freemove.fr\/en\/shop\/\"},{\"@type\":\"ListItem\",\"position\":3,\"name\":\"TIRE HOOSIER FF 6.0 TREADED T2\"}]},{\"@type\":\"WebSite\",\"@id\":\"https:\/\/freemove.fr\/en\/#website\",\"url\":\"https:\/\/freemove.fr\/en\/\",\"name\":\"Freemove la Glisse \u00c9lectrique pour tous\",\"description\":\"Onewheel - Visites guid\u00e9es en Segway \u00e0 Amboise\",\"publisher\":{\"@id\":\"https:\/\/freemove.fr\/en\/#organization\"},\"potentialAction\":[{\"@type\":\"SearchAction\",\"target\":{\"@type\":\"EntryPoint\",\"urlTemplate\":\"https:\/\/freemove.fr\/en\/?s={search_term_string}\"},\"query-input\":{\"@type\":\"PropertyValueSpecification\",\"valueRequired\":true,\"valueName\":\"search_term_string\"}}],\"inLanguage\":\"en-US\"},{\"@type\":\"Organization\",\"@id\":\"https:\/\/freemove.fr\/en\/#organization\",\"name\":\"Freemove\",\"url\":\"https:\/\/freemove.fr\/en\/\",\"logo\":{\"@type\":\"ImageObject\",\"inLanguage\":\"en-US\",\"@id\":\"https:\/\/freemove.fr\/en\/#\/schema\/logo\/image\/\",\"url\":\"https:\/\/freemove.fr\/wp-content\/uploads\/2021\/06\/footer_logotype-1.svg\",\"contentUrl\":\"https:\/\/freemove.fr\/wp-content\/uploads\/2021\/06\/footer_logotype-1.svg\",\"width\":163,\"height\":45,\"caption\":\"Freemove\"},\"image\":{\"@id\":\"https:\/\/freemove.fr\/en\/#\/schema\/logo\/image\/\"}}]}<\/script>\n<!-- \/ Yoast SEO plugin. -->","yoast_head_json":{"title":"TIRE HOOSIER FF 6.0 TREADED T2 - Boutique Freemove","robots":{"index":"index","follow":"follow","max-snippet":"max-snippet:-1","max-image-preview":"max-image-preview:large","max-video-preview":"max-video-preview:-1"},"canonical":"https:\/\/freemove.fr\/en\/produit\/tire-hoosier-ff-6-0-treaded-t2-2\/","og_locale":"en_US","og_type":"article","og_title":"TIRE HOOSIER FF 6.0 TREADED T2 - Boutique Freemove","og_description":"THE FLIGHTFINS TERRAIN T2","og_url":"https:\/\/freemove.fr\/en\/produit\/tire-hoosier-ff-6-0-treaded-t2-2\/","og_site_name":"Freemove la Glisse \u00c9lectrique pour tous","article_modified_time":"2023-07-09T13:24:28+00:00","og_image":[{"width":1440,"height":1080,"url":"https:\/\/freemove.fr\/wp-content\/uploads\/2021\/06\/hoosierff6.0-1.jpg","type":"image\/jpeg"}],"twitter_card":"summary_large_image","twitter_misc":{"Est. reading time":"1 minute"},"schema":{"@context":"https:\/\/schema.org","@graph":[{"@type":"WebPage","@id":"https:\/\/freemove.fr\/en\/produit\/tire-hoosier-ff-6-0-treaded-t2-2\/","url":"https:\/\/freemove.fr\/en\/produit\/tire-hoosier-ff-6-0-treaded-t2-2\/","name":"TIRE HOOSIER FF 6.0 TREADED T2 - Boutique Freemove","isPartOf":{"@id":"https:\/\/freemove.fr\/en\/#website"},"primaryImageOfPage":{"@id":"https:\/\/freemove.fr\/en\/produit\/tire-hoosier-ff-6-0-treaded-t2-2\/#primaryimage"},"image":{"@id":"https:\/\/freemove.fr\/en\/produit\/tire-hoosier-ff-6-0-treaded-t2-2\/#primaryimage"},"thumbnailUrl":"https:\/\/freemove.fr\/wp-content\/uploads\/2021\/06\/hoosierff6.0-1.jpg","datePublished":"2021-10-20T15:24:01+00:00","dateModified":"2023-07-09T13:24:28+00:00","breadcrumb":{"@id":"https:\/\/freemove.fr\/en\/produit\/tire-hoosier-ff-6-0-treaded-t2-2\/#breadcrumb"},"inLanguage":"en-US","potentialAction":[{"@type":"ReadAction","target":["https:\/\/freemove.fr\/en\/produit\/tire-hoosier-ff-6-0-treaded-t2-2\/"]}]},{"@type":"ImageObject","inLanguage":"en-US","@id":"https:\/\/freemove.fr\/en\/produit\/tire-hoosier-ff-6-0-treaded-t2-2\/#primaryimage","url":"https:\/\/freemove.fr\/wp-content\/uploads\/2021\/06\/hoosierff6.0-1.jpg","contentUrl":"https:\/\/freemove.fr\/wp-content\/uploads\/2021\/06\/hoosierff6.0-1.jpg","width":1440,"height":1080},{"@type":"BreadcrumbList","@id":"https:\/\/freemove.fr\/en\/produit\/tire-hoosier-ff-6-0-treaded-t2-2\/#breadcrumb","itemListElement":[{"@type":"ListItem","position":1,"name":"Accueil","item":"https:\/\/freemove.fr\/en\/"},{"@type":"ListItem","position":2,"name":"Shop","item":"https:\/\/freemove.fr\/en\/shop\/"},{"@type":"ListItem","position":3,"name":"TIRE HOOSIER FF 6.0 TREADED T2"}]},{"@type":"WebSite","@id":"https:\/\/freemove.fr\/en\/#website","url":"https:\/\/freemove.fr\/en\/","name":"Freemove la Glisse \u00c9lectrique pour tous","description":"Onewheel - Visites guid\u00e9es en Segway \u00e0 Amboise","publisher":{"@id":"https:\/\/freemove.fr\/en\/#organization"},"potentialAction":[{"@type":"SearchAction","target":{"@type":"EntryPoint","urlTemplate":"https:\/\/freemove.fr\/en\/?s={search_term_string}"},"query-input":{"@type":"PropertyValueSpecification","valueRequired":true,"valueName":"search_term_string"}}],"inLanguage":"en-US"},{"@type":"Organization","@id":"https:\/\/freemove.fr\/en\/#organization","name":"Freemove","url":"https:\/\/freemove.fr\/en\/","logo":{"@type":"ImageObject","inLanguage":"en-US","@id":"https:\/\/freemove.fr\/en\/#\/schema\/logo\/image\/","url":"https:\/\/freemove.fr\/wp-content\/uploads\/2021\/06\/footer_logotype-1.svg","contentUrl":"https:\/\/freemove.fr\/wp-content\/uploads\/2021\/06\/footer_logotype-1.svg","width":163,"height":45,"caption":"Freemove"},"image":{"@id":"https:\/\/freemove.fr\/en\/#\/schema\/logo\/image\/"}}]}},"_links":{"self":[{"href":"https:\/\/freemove.fr\/en\/wp-json\/wp\/v2\/product\/10368","targetHints":{"allow":["GET"]}}],"collection":[{"href":"https:\/\/freemove.fr\/en\/wp-json\/wp\/v2\/product"}],"about":[{"href":"https:\/\/freemove.fr\/en\/wp-json\/wp\/v2\/types\/product"}],"replies":[{"embeddable":true,"href":"https:\/\/freemove.fr\/en\/wp-json\/wp\/v2\/comments?post=10368"}],"wp:featuredmedia":[{"embeddable":true,"href":"https:\/\/freemove.fr\/en\/wp-json\/wp\/v2\/media\/6608"}],"wp:attachment":[{"href":"https:\/\/freemove.fr\/en\/wp-json\/wp\/v2\/media?parent=10368"}],"wp:term":[{"taxonomy":"product_brand","embeddable":true,"href":"https:\/\/freemove.fr\/en\/wp-json\/wp\/v2\/product_brand?post=10368"},{"taxonomy":"product_cat","embeddable":true,"href":"https:\/\/freemove.fr\/en\/wp-json\/wp\/v2\/product_cat?post=10368"},{"taxonomy":"product_tag","embeddable":true,"href":"https:\/\/freemove.fr\/en\/wp-json\/wp\/v2\/product_tag?post=10368"}],"curies":[{"name":"wp","href":"https:\/\/api.w.org\/{rel}","templated":true}]}}