


























{"id":12343,"date":"2022-03-03T16:32:53","date_gmt":"2022-03-03T15:32:53","guid":{"rendered":"https:\/\/freemove.fr\/?page_id=12343"},"modified":"2022-03-03T16:33:38","modified_gmt":"2022-03-03T15:33:38","slug":"booking-ride","status":"publish","type":"page","link":"https:\/\/freemove.fr\/en\/booking-ride\/","title":{"rendered":"R\u00e9servation balade"},"content":{"rendered":"<h2 style=\"text-align: center;\">Your request has been sent! See you soon for the Segway ride<\/h2>\n<p><a href=\"https:\/\/freemove.fr\/wp-content\/uploads\/\/2021\/06\/logo_header.svg\"><img decoding=\"async\" class=\"aligncenter wp-image-9596 size-full\" src=\"https:\/\/freemove.fr\/wp-content\/uploads\/\/2021\/06\/logo_header.svg\" alt=\"\" width=\"298\" height=\"87\" \/><\/a><\/p>\n","protected":false},"excerpt":{"rendered":"<p>Your request has been sent! See you soon for the Segway ride<\/p>\n","protected":false},"author":1,"featured_media":0,"parent":0,"menu_order":0,"comment_status":"closed","ping_status":"closed","template":"","meta":{"inline_featured_image":false,"footnotes":""},"class_list":["post-12343","page","type-page","status-publish","hentry","entry","no-media"],"acf":[],"yoast_head":"<!-- This site is optimized with the Yoast SEO plugin v24.9 - https:\/\/yoast.com\/wordpress\/plugins\/seo\/ -->\n<title>R\u00e9servation balade<\/title>\n<meta name=\"robots\" content=\"noindex, follow\" \/>\n<meta property=\"og:locale\" content=\"en_US\" \/>\n<meta property=\"og:type\" content=\"article\" \/>\n<meta property=\"og:title\" content=\"R\u00e9servation balade\" \/>\n<meta property=\"og:description\" content=\"Your request has been sent! See you soon for the Segway ride\" \/>\n<meta property=\"og:url\" content=\"https:\/\/freemove.fr\/en\/booking-ride\/\" \/>\n<meta property=\"og:site_name\" content=\"Freemove la Glisse \u00c9lectrique pour tous\" \/>\n<meta property=\"article:modified_time\" content=\"2022-03-03T15:33:38+00:00\" \/>\n<meta property=\"og:image\" content=\"https:\/\/freemove.fr\/wp-content\/uploads\/2021\/06\/logo_header.svg\" \/>\n<meta name=\"twitter:card\" content=\"summary_large_image\" \/>\n<meta name=\"twitter:label1\" content=\"Est. reading time\" \/>\n\t<meta name=\"twitter:data1\" content=\"1 minute\" \/>\n<script type=\"application\/ld+json\" class=\"yoast-schema-graph\">{\"@context\":\"https:\/\/schema.org\",\"@graph\":[{\"@type\":\"WebPage\",\"@id\":\"https:\/\/freemove.fr\/en\/booking-ride\/\",\"url\":\"https:\/\/freemove.fr\/en\/booking-ride\/\",\"name\":\"R\u00e9servation balade\",\"isPartOf\":{\"@id\":\"https:\/\/freemove.fr\/en\/#website\"},\"primaryImageOfPage\":{\"@id\":\"https:\/\/freemove.fr\/en\/booking-ride\/#primaryimage\"},\"image\":{\"@id\":\"https:\/\/freemove.fr\/en\/booking-ride\/#primaryimage\"},\"thumbnailUrl\":\"https:\/\/freemove.fr\/wp-content\/uploads\/\/2021\/06\/logo_header.svg\",\"datePublished\":\"2022-03-03T15:32:53+00:00\",\"dateModified\":\"2022-03-03T15:33:38+00:00\",\"breadcrumb\":{\"@id\":\"https:\/\/freemove.fr\/en\/booking-ride\/#breadcrumb\"},\"inLanguage\":\"en-US\",\"potentialAction\":[{\"@type\":\"ReadAction\",\"target\":[\"https:\/\/freemove.fr\/en\/booking-ride\/\"]}]},{\"@type\":\"ImageObject\",\"inLanguage\":\"en-US\",\"@id\":\"https:\/\/freemove.fr\/en\/booking-ride\/#primaryimage\",\"url\":\"https:\/\/freemove.fr\/wp-content\/uploads\/\/2021\/06\/logo_header.svg\",\"contentUrl\":\"https:\/\/freemove.fr\/wp-content\/uploads\/\/2021\/06\/logo_header.svg\"},{\"@type\":\"BreadcrumbList\",\"@id\":\"https:\/\/freemove.fr\/en\/booking-ride\/#breadcrumb\",\"itemListElement\":[{\"@type\":\"ListItem\",\"position\":1,\"name\":\"Accueil\",\"item\":\"https:\/\/freemove.fr\/en\/\"},{\"@type\":\"ListItem\",\"position\":2,\"name\":\"R\u00e9servation balade\"}]},{\"@type\":\"WebSite\",\"@id\":\"https:\/\/freemove.fr\/en\/#website\",\"url\":\"https:\/\/freemove.fr\/en\/\",\"name\":\"Freemove la Glisse \u00c9lectrique pour tous\",\"description\":\"Onewheel - Visites guid\u00e9es en Segway \u00e0 Amboise\",\"publisher\":{\"@id\":\"https:\/\/freemove.fr\/en\/#organization\"},\"potentialAction\":[{\"@type\":\"SearchAction\",\"target\":{\"@type\":\"EntryPoint\",\"urlTemplate\":\"https:\/\/freemove.fr\/en\/?s={search_term_string}\"},\"query-input\":{\"@type\":\"PropertyValueSpecification\",\"valueRequired\":true,\"valueName\":\"search_term_string\"}}],\"inLanguage\":\"en-US\"},{\"@type\":\"Organization\",\"@id\":\"https:\/\/freemove.fr\/en\/#organization\",\"name\":\"Freemove\",\"url\":\"https:\/\/freemove.fr\/en\/\",\"logo\":{\"@type\":\"ImageObject\",\"inLanguage\":\"en-US\",\"@id\":\"https:\/\/freemove.fr\/en\/#\/schema\/logo\/image\/\",\"url\":\"https:\/\/freemove.fr\/wp-content\/uploads\/2021\/06\/footer_logotype-1.svg\",\"contentUrl\":\"https:\/\/freemove.fr\/wp-content\/uploads\/2021\/06\/footer_logotype-1.svg\",\"width\":163,\"height\":45,\"caption\":\"Freemove\"},\"image\":{\"@id\":\"https:\/\/freemove.fr\/en\/#\/schema\/logo\/image\/\"}}]}<\/script>\n<!-- \/ Yoast SEO plugin. -->","yoast_head_json":{"title":"R\u00e9servation balade","robots":{"index":"noindex","follow":"follow"},"og_locale":"en_US","og_type":"article","og_title":"R\u00e9servation balade","og_description":"Your request has been sent! See you soon for the Segway ride","og_url":"https:\/\/freemove.fr\/en\/booking-ride\/","og_site_name":"Freemove la Glisse \u00c9lectrique pour tous","article_modified_time":"2022-03-03T15:33:38+00:00","og_image":[{"url":"https:\/\/freemove.fr\/wp-content\/uploads\/2021\/06\/logo_header.svg","type":"","width":"","height":""}],"twitter_card":"summary_large_image","twitter_misc":{"Est. reading time":"1 minute"},"schema":{"@context":"https:\/\/schema.org","@graph":[{"@type":"WebPage","@id":"https:\/\/freemove.fr\/en\/booking-ride\/","url":"https:\/\/freemove.fr\/en\/booking-ride\/","name":"R\u00e9servation balade","isPartOf":{"@id":"https:\/\/freemove.fr\/en\/#website"},"primaryImageOfPage":{"@id":"https:\/\/freemove.fr\/en\/booking-ride\/#primaryimage"},"image":{"@id":"https:\/\/freemove.fr\/en\/booking-ride\/#primaryimage"},"thumbnailUrl":"https:\/\/freemove.fr\/wp-content\/uploads\/\/2021\/06\/logo_header.svg","datePublished":"2022-03-03T15:32:53+00:00","dateModified":"2022-03-03T15:33:38+00:00","breadcrumb":{"@id":"https:\/\/freemove.fr\/en\/booking-ride\/#breadcrumb"},"inLanguage":"en-US","potentialAction":[{"@type":"ReadAction","target":["https:\/\/freemove.fr\/en\/booking-ride\/"]}]},{"@type":"ImageObject","inLanguage":"en-US","@id":"https:\/\/freemove.fr\/en\/booking-ride\/#primaryimage","url":"https:\/\/freemove.fr\/wp-content\/uploads\/\/2021\/06\/logo_header.svg","contentUrl":"https:\/\/freemove.fr\/wp-content\/uploads\/\/2021\/06\/logo_header.svg"},{"@type":"BreadcrumbList","@id":"https:\/\/freemove.fr\/en\/booking-ride\/#breadcrumb","itemListElement":[{"@type":"ListItem","position":1,"name":"Accueil","item":"https:\/\/freemove.fr\/en\/"},{"@type":"ListItem","position":2,"name":"R\u00e9servation balade"}]},{"@type":"WebSite","@id":"https:\/\/freemove.fr\/en\/#website","url":"https:\/\/freemove.fr\/en\/","name":"Freemove la Glisse \u00c9lectrique pour tous","description":"Onewheel - Visites guid\u00e9es en Segway \u00e0 Amboise","publisher":{"@id":"https:\/\/freemove.fr\/en\/#organization"},"potentialAction":[{"@type":"SearchAction","target":{"@type":"EntryPoint","urlTemplate":"https:\/\/freemove.fr\/en\/?s={search_term_string}"},"query-input":{"@type":"PropertyValueSpecification","valueRequired":true,"valueName":"search_term_string"}}],"inLanguage":"en-US"},{"@type":"Organization","@id":"https:\/\/freemove.fr\/en\/#organization","name":"Freemove","url":"https:\/\/freemove.fr\/en\/","logo":{"@type":"ImageObject","inLanguage":"en-US","@id":"https:\/\/freemove.fr\/en\/#\/schema\/logo\/image\/","url":"https:\/\/freemove.fr\/wp-content\/uploads\/2021\/06\/footer_logotype-1.svg","contentUrl":"https:\/\/freemove.fr\/wp-content\/uploads\/2021\/06\/footer_logotype-1.svg","width":163,"height":45,"caption":"Freemove"},"image":{"@id":"https:\/\/freemove.fr\/en\/#\/schema\/logo\/image\/"}}]}},"_links":{"self":[{"href":"https:\/\/freemove.fr\/en\/wp-json\/wp\/v2\/pages\/12343","targetHints":{"allow":["GET"]}}],"collection":[{"href":"https:\/\/freemove.fr\/en\/wp-json\/wp\/v2\/pages"}],"about":[{"href":"https:\/\/freemove.fr\/en\/wp-json\/wp\/v2\/types\/page"}],"author":[{"embeddable":true,"href":"https:\/\/freemove.fr\/en\/wp-json\/wp\/v2\/users\/1"}],"replies":[{"embeddable":true,"href":"https:\/\/freemove.fr\/en\/wp-json\/wp\/v2\/comments?post=12343"}],"version-history":[{"count":2,"href":"https:\/\/freemove.fr\/en\/wp-json\/wp\/v2\/pages\/12343\/revisions"}],"predecessor-version":[{"id":12345,"href":"https:\/\/freemove.fr\/en\/wp-json\/wp\/v2\/pages\/12343\/revisions\/12345"}],"wp:attachment":[{"href":"https:\/\/freemove.fr\/en\/wp-json\/wp\/v2\/media?parent=12343"}],"curies":[{"name":"wp","href":"https:\/\/api.w.org\/{rel}","templated":true}]}}