


























{"id":10105,"date":"2021-06-21T15:34:05","date_gmt":"2021-06-21T13:34:05","guid":{"rendered":"https:\/\/freemove.fr\/tarifs-options-circuits\/"},"modified":"2021-10-03T22:10:37","modified_gmt":"2021-10-03T20:10:37","slug":"tarifs-options-circuits","status":"publish","type":"page","link":"https:\/\/freemove.fr\/en\/tarifs-options-circuits\/","title":{"rendered":"Tarifs Options Circuits"},"content":{"rendered":"<div class=\"wpb-content-wrapper\">[vc_row css=&#8221;.vc_custom_1623603297012{margin-bottom: 0px !important;padding-bottom: 0px !important;background-image: url(https:\/\/freemove.fr\/wp-content\/uploads\/2021\/06\/253001159-segway-alsace-gyropode-by-oenotourismus-5-1600&#215;900-1.jpg?id=3715) !important;background-position: center !important;background-repeat: no-repeat !important;background-size: cover !important;}&#8221; el_class=&#8221;banner_post&#8221;][vc_column el_class=&#8221;container banner_pad&#8221; css=&#8221;.vc_custom_1623700010452{margin-bottom: 0px !important;padding-top: 310px !important;padding-bottom: 216px !important;background-position: center !important;background-repeat: no-repeat !important;background-size: cover !important;}&#8221;][vc_row_inner css=&#8221;.vc_custom_1623491903936{margin-bottom: 0px !important;}&#8221;][vc_column_inner css=&#8221;.vc_custom_1623413500349{margin-bottom: 0px !important;padding-right: 0px !important;padding-left: 0px !important;}&#8221;]<style>.vcex-heading.vcex_69d2bda5d856b{color:#ffffff;font-family:Montserrat;font-weight:800;text-transform:uppercase;line-height:1.05;letter-spacing:4px;}<\/style><div class=\"vcex-heading vcex-heading-plain vcex-module wpex-heading wpex-text-2xl wpex-text-center vcex_69d2bda5d856b\"><span class=\"vcex-heading-inner wpex-block\"><span class=\"wpex-responsive-txt\" data-max-font-size=\"40\" data-data-min-font-size=\"30\">Tarifs Options Circuits<\/span><\/span><\/div><style>.vcex-heading.vcex_69d2bda5db8a7{color:#ffffff;font-size:26px;font-family:Montserrat;font-weight:400;text-transform:uppercase;line-height:1.61538;letter-spacing:0px;}@media (max-width:1024px){.vcex-heading.vcex_69d2bda5db8a7{font-size:24px;}}@media (max-width:959px){.vcex-heading.vcex_69d2bda5db8a7{font-size:22px;}}@media (max-width:767px){.vcex-heading.vcex_69d2bda5db8a7{font-size:20px;}}@media (max-width:479px){.vcex-heading.vcex_69d2bda5db8a7{font-size:18px;}}<\/style><h2 class=\"vcex-heading vcex-heading-plain vcex-module wpex-heading wpex-text-2xl wpex-text-center vc_custom_1624282510415 vcex_69d2bda5db8a7\"><span class=\"vcex-heading-inner wpex-inline-block\">Personnalisez vos visites !<\/span><\/h2>[\/vc_column_inner][\/vc_row_inner][\/vc_column][\/vc_row][vc_row css=&#8221;.vc_custom_1623491181655{margin-bottom: 0px !important;padding-top: 120px !important;padding-bottom: 100px !important;}&#8221; el_class=&#8221;padding_uniform&#8221;][vc_column el_class=&#8221;container&#8221; css=&#8221;.vc_custom_1623604592676{margin-bottom: 0px !important;padding-right: 17.5px !important;padding-bottom: 0px !important;padding-left: 17.5px !important;}&#8221;][vc_row_inner gap=&#8221;15&#8243; css=&#8221;.vc_custom_1623604600660{margin-bottom: 0px !important;border-bottom-width: 0px !important;padding-right: 0px !important;padding-left: 0px !important;}&#8221; el_class=&#8221;justify-content-between&#8221;][vc_column_inner el_class=&#8221;pad_15_mob&#8221; width=&#8221;1\/2&#8243; css=&#8221;.vc_custom_1623491300463{margin-bottom: 0px !important;padding-top: 20px !important;padding-bottom: 20px !important;padding-left: 0px !important;}&#8221; offset=&#8221;vc_col-md-6&#8243;][vc_column_text]<strong>Suivant la saison et la fr\u00e9quentation touristique, nous essayons de grouper jusqu&#8217;\u00e0 12 personnes par visite guid\u00e9e sur un m\u00eame circuit. Si vous souhaitez r\u00e9aliser cette visite dans l&#8217;intimit\u00e9 de votre groupe ou de votre couple, choisissez l&#8217;option VIP en r\u00e9servant votre sortie !<\/strong><\/p>\n<p>Nous sommes ouverts tous les jours de l&#8217;ann\u00e9e et nous organisons nos visites en journ\u00e9e. Sachez qu&#8217;il est possible de r\u00e9server un cr\u00e9neau en nocturne pour profiter des lumi\u00e8res de la ville et de l&#8217;ambiance particuli\u00e8re et souvent plus calme qui y r\u00e8gne ! Les d\u00e9parts se font en g\u00e9n\u00e9ral au coucher du soleil mais nous sommes ouverts \u00e0 vos propositions ![\/vc_column_text]<style>.vcex-button.vcex_69d2bda5dc65c{border-radius:23px;background:#00ff33;color:#000000!important;padding-block-start:12px;padding-block-end:9px;padding-inline:81px;margin-block-start:97px;border:1px solid #00FF33;font-family:Montserrat;font-size:20px;letter-spacing:2px;font-weight:600;text-transform:uppercase;}.vcex-button.vcex_69d2bda5dc65c:hover{background:rgba(0,0,0,0.01)!important;color:#00ff33!important;}@media (max-width:1024px){.vcex-button.vcex_69d2bda5dc65c{font-size:18px;}}@media (max-width:959px){.vcex-button.vcex_69d2bda5dc65c{font-size:18px;}}@media (max-width:767px){.vcex-button.vcex_69d2bda5dc65c{font-size:16px;}}@media (max-width:479px){.vcex-button.vcex_69d2bda5dc65c{font-size:16px;}}<\/style><style>.vcex_69d2bda5e5407{font-size:20px!important;}@media (max-width:1024px){.vcex_69d2bda5e5407{font-size:18px!important;}}@media (max-width:959px){.vcex_69d2bda5e5407{font-size:18px!important;}}@media (max-width:767px){.vcex_69d2bda5e5407{font-size:16px!important;}}@media (max-width:479px){.vcex_69d2bda5e5407{font-size:16px!important;}}<\/style><div class=\"theme-button-wrap theme-button-block-wrap wpex-block wpex-clear wpex-clr\"><a href=\"https:\/\/freemove.fr\/en\/contact\/\" class=\"vcex-button theme-button flat align-left block vcex_69d2bda5e5407 vcex_69d2bda5dc65c\"><span class=\"vcex-button-inner theme-button-inner wpex-flex wpex-flex-wrap wpex-items-center wpex-justify-center\">Contactez-nous<\/span><\/a><\/div> [\/vc_column_inner][vc_column_inner el_class=&#8221;padding_15_mob&#8221; width=&#8221;1\/2&#8243; css=&#8221;.vc_custom_1623491678887{margin-bottom: 0px !important;padding-top: 20px !important;padding-right: 20px !important;padding-bottom: 20px !important;padding-left: 20px !important;background-color: #ffffff !important;}&#8221; offset=&#8221;vc_col-lg-5 vc_col-md-5&#8243;]<style>.vcex-heading.vcex_69d2bda5e5949{color:#000000;font-size:20px;font-family:Montserrat;font-weight:800;text-transform:uppercase;letter-spacing:2px;}@media (max-width:1024px){.vcex-heading.vcex_69d2bda5e5949{font-size:18px;}}@media (max-width:959px){.vcex-heading.vcex_69d2bda5e5949{font-size:18px;}}@media (max-width:767px){.vcex-heading.vcex_69d2bda5e5949{font-size:18px;}}@media (max-width:479px){.vcex-heading.vcex_69d2bda5e5949{font-size:16px;}}<\/style><h2 class=\"vcex-heading vcex-heading-plain vcex-module wpex-heading wpex-text-2xl wpex-mb-40 vcex_69d2bda5e5949\"><span class=\"vcex-heading-inner wpex-inline-block\">infos pratiques<\/span><\/h2>[vc_column_text]Pensez \u00e0 cocher l&#8217;option choisie lorsque vous remplissez notre formulaire de r\u00e9servation en ligne.<\/p>\n<p>Un e-mail de confirmation vous sera envoy\u00e9 dans les 24h avec un r\u00e9capitulatif de votre commande, ainsi que les indications sur le point de rendez-vous.<\/p>\n<p>Le r\u00e8glement se fera sur place le jour de votre visite par ch\u00e8que bancaire, ch\u00e8que vacances ou esp\u00e8ces.[\/vc_column_text][\/vc_column_inner][\/vc_row_inner][\/vc_column][\/vc_row][vc_row css=&#8221;.vc_custom_1624283333548{padding-top: 95px !important;padding-bottom: 0px !important;background-color: #ffffff !important;}&#8221; el_class=&#8221;padding_uniform&#8221;][vc_column el_class=&#8221;container&#8221; css=&#8221;.vc_custom_1623145253927{padding-right: 17.5px !important;padding-left: 17.5px !important;}&#8221;][vc_row_inner equal_height=&#8221;yes&#8221; gap=&#8221;35&#8243; el_class=&#8221;justify-content-between&#8221;][vc_column_inner css=&#8221;.vc_custom_1623152524355{margin-bottom: 0px !important;padding-right: 0px !important;padding-left: 0px !important;}&#8221;]<style>.vcex-heading.vcex_69d2bda5e6157{color:#000000;font-size:20px;font-family:Montserrat;font-weight:800;text-transform:uppercase;letter-spacing:2px;}<\/style><h2 class=\"vcex-heading vcex-heading-plain vcex-module wpex-heading wpex-text-2xl wpex-mb-15 vcex_69d2bda5e6157\"><span class=\"vcex-heading-inner wpex-inline-block\">Nos Tarifs<\/span><\/h2><div class=\"vcex-module vcex-divider vcex-divider-solid vcex-divider-center wpex-mx-auto wpex-max-w-100 wpex-block wpex-h-0 wpex-border-b wpex-border-solid wpex-border-main\" style=\"width:100%;margin-block-end:5px;border-bottom-width:2px;border-color:#000000;\"><\/div>[\/vc_column_inner][vc_column_inner el_class=&#8221;pad_l0_mob&#8221; width=&#8221;1\/2&#8243; offset=&#8221;vc_col-lg-6 vc_col-md-6&#8243; css=&#8221;.vc_custom_1624282674198{padding-right: 0px !important;}&#8221;]<style>.vcex-heading.vcex_69d2bda5e723c{color:#000000;font-size:20px;font-family:Montserrat;font-weight:800;text-transform:uppercase;letter-spacing:2px;}@media (max-width:1024px){.vcex-heading.vcex_69d2bda5e723c{font-size:18px;}}@media (max-width:959px){.vcex-heading.vcex_69d2bda5e723c{font-size:18px;}}@media (max-width:767px){.vcex-heading.vcex_69d2bda5e723c{font-size:18px;}}@media (max-width:479px){.vcex-heading.vcex_69d2bda5e723c{font-size:16px;}}<\/style><h2 class=\"vcex-heading vcex-heading-plain vcex-module wpex-heading wpex-text-2xl wpex-mb-40 vcex_69d2bda5e723c\"><span class=\"vcex-heading-inner wpex-inline-block\">OPTION V.I.P.<\/span><\/h2>[vc_column_text]\n<div class=\"table-responsive\">\n<table style=\"width: 100%;\" border=\"1\" cellspacing=\"1\" cellpadding=\"1\">\n<thead>\n<tr>\n<th class=\"rtecenter\" scope=\"col\">Circuits<\/th>\n<th class=\"rtecenter\" scope=\"col\">Forfait pour 4 personnes maxi<\/th>\n<th class=\"rtecenter\" scope=\"col\">Personne suppl\u00e9mentaire<\/th>\n<\/tr>\n<\/thead>\n<tbody>\n<tr>\n<td class=\"rtecenter\">Amboise D\u00e9couverte 45mn<\/td>\n<td class=\"rtecenter\">160 \u20ac<\/td>\n<td class=\"rtecenter\">35 \u20ac<\/td>\n<\/tr>\n<tr>\n<td class=\"rtecenter\">Amboise Compl\u00e8te 90mn<\/td>\n<td class=\"rtecenter\">280 \u20ac<\/td>\n<td class=\"rtecenter\">55 \u20ac<\/td>\n<\/tr>\n<tr>\n<td class=\"rtecenter\">Amboise Insolite 120mn<\/td>\n<td class=\"rtecenter\">340 \u20ac<\/td>\n<td class=\"rtecenter\">65 \u20ac<\/td>\n<\/tr>\n<tr>\n<td class=\"rtecenter\">Blois Compl\u00e8te 90mn<\/td>\n<td class=\"rtecenter\">280 \u20ac<\/td>\n<td class=\"rtecenter\">55 \u20ac<\/td>\n<\/tr>\n<tr>\n<td class=\"rtecenter\">Loches D\u00e9couverte 45mn<\/td>\n<td class=\"rtecenter\">160 \u20ac<\/td>\n<td class=\"rtecenter\">35 \u20ac<\/td>\n<\/tr>\n<tr>\n<td class=\"rtecenter\">Loches Insolite 90mn<\/td>\n<td class=\"rtecenter\">340 \u20ac<\/td>\n<td class=\"rtecenter\">65 \u20ac<\/td>\n<\/tr>\n<tr>\n<td class=\"rtecenter\">Rochecorbon Insolite 90mn<\/td>\n<td class=\"rtecenter\">340 \u20ac<\/td>\n<td class=\"rtecenter\">65 \u20ac<\/td>\n<\/tr>\n<tr>\n<td class=\"rtecenter\">Tours D\u00e9couverte 45mn<\/td>\n<td class=\"rtecenter\">160 \u20ac<\/td>\n<td class=\"rtecenter\">35 \u20ac<\/td>\n<\/tr>\n<tr>\n<td class=\"rtecenter\">Tours Compl\u00e8te 90mn<\/td>\n<td class=\"rtecenter\">280 \u20ac<\/td>\n<td class=\"rtecenter\">55 \u20ac<\/td>\n<\/tr>\n<\/tbody>\n<\/table>\n<\/div>\n[\/vc_column_text][\/vc_column_inner][vc_column_inner width=&#8221;1\/2&#8243;]<style>.vcex-heading.vcex_69d2bda5e7911{color:#000000;font-size:20px;font-family:Montserrat;font-weight:800;text-transform:uppercase;letter-spacing:2px;}@media (max-width:1024px){.vcex-heading.vcex_69d2bda5e7911{font-size:18px;}}@media (max-width:959px){.vcex-heading.vcex_69d2bda5e7911{font-size:18px;}}@media (max-width:767px){.vcex-heading.vcex_69d2bda5e7911{font-size:18px;}}@media (max-width:479px){.vcex-heading.vcex_69d2bda5e7911{font-size:16px;}}<\/style><h2 class=\"vcex-heading vcex-heading-plain vcex-module wpex-heading wpex-text-2xl wpex-mb-40 vcex_69d2bda5e7911\"><span class=\"vcex-heading-inner wpex-inline-block\">OPtion Nocturne<\/span><\/h2>[vc_column_text]\n<div class=\"table-responsive\">\n<table style=\"width: 100%;\" border=\"1\" cellspacing=\"1\" cellpadding=\"1\">\n<thead>\n<tr>\n<th class=\"rtecenter\" scope=\"col\">Circuits<\/th>\n<th class=\"rtecenter\" scope=\"col\">Tarif par personne (4 \u00e0 16)<\/th>\n<\/tr>\n<\/thead>\n<tbody>\n<tr>\n<td class=\"rtecenter\">Amboise D\u00e9couverte 45mn<\/td>\n<td class=\"rtecenter\">38 \u20ac<\/td>\n<\/tr>\n<tr>\n<td class=\"rtecenter\">Amboise Compl\u00e8te 90mn<\/td>\n<td class=\"rtecenter\">68 \u20ac<\/td>\n<\/tr>\n<tr>\n<td class=\"rtecenter\">Amboise Insolite 120mn<\/td>\n<td class=\"rtecenter\">Option non disponible<\/td>\n<\/tr>\n<tr>\n<td class=\"rtecenter\">Blois Compl\u00e8te 90mn<\/td>\n<td class=\"rtecenter\">68 \u20ac<\/td>\n<\/tr>\n<tr>\n<td class=\"rtecenter\">Loches D\u00e9couverte 45mn<\/td>\n<td class=\"rtecenter\">38 \u20ac<\/td>\n<\/tr>\n<tr>\n<td class=\"rtecenter\">Loches Insolite 90mn<\/td>\n<td class=\"rtecenter\">Option non disponible<\/td>\n<\/tr>\n<tr>\n<td class=\"rtecenter\">Rochecorbon Insolite 90mn<\/td>\n<td class=\"rtecenter\">Option non disponible<\/td>\n<\/tr>\n<tr>\n<td class=\"rtecenter\">Tours D\u00e9couverte 45mn<\/td>\n<td class=\"rtecenter\">38 \u20ac<\/td>\n<\/tr>\n<tr>\n<td class=\"rtecenter\">Tours Compl\u00e8te 90mn<\/td>\n<td class=\"rtecenter\">68 \u20ac<\/td>\n<\/tr>\n<\/tbody>\n<\/table>\n<\/div>\n[\/vc_column_text][\/vc_column_inner][\/vc_row_inner][\/vc_column][\/vc_row][vc_row css=&#8221;.vc_custom_1624283378035{padding-top: 70px !important;padding-bottom: 40px !important;}&#8221; el_class=&#8221;padding_uniform&#8221;][vc_column el_class=&#8221;container&#8221; css=&#8221;.vc_custom_1623145253927{padding-right: 17.5px !important;padding-left: 17.5px !important;}&#8221;][vc_row_inner equal_height=&#8221;yes&#8221; gap=&#8221;35&#8243; el_class=&#8221;justify-content-between&#8221;][vc_column_inner width=&#8221;1\/2&#8243; css=&#8221;.vc_custom_1623698123079{padding-right: 0px !important;padding-left: 0px !important;}&#8221;][vc_video link=&#8221;https:\/\/youtu.be\/EqXFC8kB2J4&#8243; align=&#8221;center&#8221;][\/vc_column_inner][vc_column_inner width=&#8221;1\/2&#8243; css=&#8221;.vc_custom_1623698132525{padding-right: 0px !important;padding-left: 0px !important;}&#8221;][vc_video link=&#8221;https:\/\/youtu.be\/4CqUp44dSps&#8221; align=&#8221;center&#8221;][\/vc_column_inner][\/vc_row_inner][\/vc_column][\/vc_row]\n<\/div>","protected":false},"excerpt":{"rendered":"<p>[vc_row css=&#8221;.vc_custom_1623603297012{margin-bottom: 0px !important;padding-bottom: 0px !important;background-image: url(https:\/\/freemove.fr\/wp-content\/uploads\/2021\/06\/253001159-segway-alsace-gyropode-by-oenotourismus-5-1600&#215;900-1.jpg?id=3715) !important;background-position: center !important;background-repeat: no-repeat !important;background-size: cover !important;}&#8221; el_class=&#8221;banner_post&#8221;][vc_column el_class=&#8221;container banner_pad&#8221; css=&#8221;.vc_custom_1623700010452{margin-bottom: 0px !important;padding-top: 310px !important;padding-bottom: 216px !important;background-position: center !important;background-repeat: no-repeat !important;background-size: cover !important;}&#8221;][vc_row_inner css=&#8221;.vc_custom_1623491903936{margin-bottom: 0px !important;}&#8221;][vc_column_inner css=&#8221;.vc_custom_1623413500349{margin-bottom: 0px !important;padding-right: 0px !important;padding-left: 0px !important;}&#8221;][\/vc_column_inner][\/vc_row_inner][\/vc_column][\/vc_row][vc_row css=&#8221;.vc_custom_1623491181655{margin-bottom: 0px !important;padding-top: 120px !important;padding-bottom: 100px !important;}&#8221; el_class=&#8221;padding_uniform&#8221;][vc_column el_class=&#8221;container&#8221; css=&#8221;.vc_custom_1623604592676{margin-bottom: 0px !important;padding-right: 17.5px !important;padding-bottom: 0px&hellip;<\/p>\n","protected":false},"author":1,"featured_media":10256,"parent":0,"menu_order":0,"comment_status":"closed","ping_status":"closed","template":"","meta":{"inline_featured_image":false,"footnotes":""},"class_list":["post-10105","page","type-page","status-publish","has-post-thumbnail","hentry","entry","has-media"],"acf":[],"yoast_head":"<!-- This site is optimized with the Yoast SEO plugin v24.9 - https:\/\/yoast.com\/wordpress\/plugins\/seo\/ -->\n<title>Tarifs Options Circuits<\/title>\n<meta name=\"robots\" content=\"index, follow, max-snippet:-1, max-image-preview:large, max-video-preview:-1\" \/>\n<link rel=\"canonical\" href=\"https:\/\/freemove.fr\/en\/tarifs-options-circuits\/\" \/>\n<meta property=\"og:locale\" content=\"en_US\" \/>\n<meta property=\"og:type\" content=\"article\" \/>\n<meta property=\"og:title\" content=\"Tarifs Options Circuits\" \/>\n<meta property=\"og:description\" content=\"[vc_row css=&#8221;.vc_custom_1623603297012{margin-bottom: 0px !important;padding-bottom: 0px !important;background-image: url(https:\/\/freemove.fr\/wp-content\/uploads\/2021\/06\/253001159-segway-alsace-gyropode-by-oenotourismus-5-1600&#215;900-1.jpg?id=3715) !important;background-position: center !important;background-repeat: no-repeat !important;background-size: cover !important;}&#8221; el_class=&#8221;banner_post&#8221;][vc_column el_class=&#8221;container banner_pad&#8221; css=&#8221;.vc_custom_1623700010452{margin-bottom: 0px !important;padding-top: 310px !important;padding-bottom: 216px !important;background-position: center !important;background-repeat: no-repeat !important;background-size: cover !important;}&#8221;][vc_row_inner css=&#8221;.vc_custom_1623491903936{margin-bottom: 0px !important;}&#8221;][vc_column_inner css=&#8221;.vc_custom_1623413500349{margin-bottom: 0px !important;padding-right: 0px !important;padding-left: 0px !important;}&#8221;][\/vc_column_inner][\/vc_row_inner][\/vc_column][\/vc_row][vc_row css=&#8221;.vc_custom_1623491181655{margin-bottom: 0px !important;padding-top: 120px !important;padding-bottom: 100px !important;}&#8221; el_class=&#8221;padding_uniform&#8221;][vc_column el_class=&#8221;container&#8221; css=&#8221;.vc_custom_1623604592676{margin-bottom: 0px !important;padding-right: 17.5px !important;padding-bottom: 0px&hellip;\" \/>\n<meta property=\"og:url\" content=\"https:\/\/freemove.fr\/en\/tarifs-options-circuits\/\" \/>\n<meta property=\"og:site_name\" content=\"Freemove la Glisse \u00c9lectrique pour tous\" \/>\n<meta property=\"article:modified_time\" content=\"2021-10-03T20:10:37+00:00\" \/>\n<meta property=\"og:image\" content=\"https:\/\/freemove.fr\/wp-content\/uploads\/2021\/10\/Segway-Nocturne-scaled.jpg\" \/>\n\t<meta property=\"og:image:width\" content=\"2560\" \/>\n\t<meta property=\"og:image:height\" content=\"1036\" \/>\n\t<meta property=\"og:image:type\" content=\"image\/jpeg\" \/>\n<meta name=\"twitter:card\" content=\"summary_large_image\" \/>\n<meta name=\"twitter:label1\" content=\"Est. reading time\" \/>\n\t<meta name=\"twitter:data1\" content=\"3 minutes\" \/>\n<script type=\"application\/ld+json\" class=\"yoast-schema-graph\">{\"@context\":\"https:\/\/schema.org\",\"@graph\":[{\"@type\":\"WebPage\",\"@id\":\"https:\/\/freemove.fr\/en\/tarifs-options-circuits\/\",\"url\":\"https:\/\/freemove.fr\/en\/tarifs-options-circuits\/\",\"name\":\"Tarifs Options Circuits\",\"isPartOf\":{\"@id\":\"https:\/\/freemove.fr\/en\/#website\"},\"primaryImageOfPage\":{\"@id\":\"https:\/\/freemove.fr\/en\/tarifs-options-circuits\/#primaryimage\"},\"image\":{\"@id\":\"https:\/\/freemove.fr\/en\/tarifs-options-circuits\/#primaryimage\"},\"thumbnailUrl\":\"https:\/\/freemove.fr\/wp-content\/uploads\/2021\/10\/Segway-Nocturne-scaled.jpg\",\"datePublished\":\"2021-06-21T13:34:05+00:00\",\"dateModified\":\"2021-10-03T20:10:37+00:00\",\"breadcrumb\":{\"@id\":\"https:\/\/freemove.fr\/en\/tarifs-options-circuits\/#breadcrumb\"},\"inLanguage\":\"en-US\",\"potentialAction\":[{\"@type\":\"ReadAction\",\"target\":[\"https:\/\/freemove.fr\/en\/tarifs-options-circuits\/\"]}]},{\"@type\":\"ImageObject\",\"inLanguage\":\"en-US\",\"@id\":\"https:\/\/freemove.fr\/en\/tarifs-options-circuits\/#primaryimage\",\"url\":\"https:\/\/freemove.fr\/wp-content\/uploads\/2021\/10\/Segway-Nocturne-scaled.jpg\",\"contentUrl\":\"https:\/\/freemove.fr\/wp-content\/uploads\/2021\/10\/Segway-Nocturne-scaled.jpg\",\"width\":2560,\"height\":1036},{\"@type\":\"BreadcrumbList\",\"@id\":\"https:\/\/freemove.fr\/en\/tarifs-options-circuits\/#breadcrumb\",\"itemListElement\":[{\"@type\":\"ListItem\",\"position\":1,\"name\":\"Accueil\",\"item\":\"https:\/\/freemove.fr\/en\/\"},{\"@type\":\"ListItem\",\"position\":2,\"name\":\"Tarifs Options Circuits\"}]},{\"@type\":\"WebSite\",\"@id\":\"https:\/\/freemove.fr\/en\/#website\",\"url\":\"https:\/\/freemove.fr\/en\/\",\"name\":\"Freemove la Glisse \u00c9lectrique pour tous\",\"description\":\"Onewheel - Visites guid\u00e9es en Segway \u00e0 Amboise\",\"publisher\":{\"@id\":\"https:\/\/freemove.fr\/en\/#organization\"},\"potentialAction\":[{\"@type\":\"SearchAction\",\"target\":{\"@type\":\"EntryPoint\",\"urlTemplate\":\"https:\/\/freemove.fr\/en\/?s={search_term_string}\"},\"query-input\":{\"@type\":\"PropertyValueSpecification\",\"valueRequired\":true,\"valueName\":\"search_term_string\"}}],\"inLanguage\":\"en-US\"},{\"@type\":\"Organization\",\"@id\":\"https:\/\/freemove.fr\/en\/#organization\",\"name\":\"Freemove\",\"url\":\"https:\/\/freemove.fr\/en\/\",\"logo\":{\"@type\":\"ImageObject\",\"inLanguage\":\"en-US\",\"@id\":\"https:\/\/freemove.fr\/en\/#\/schema\/logo\/image\/\",\"url\":\"https:\/\/freemove.fr\/wp-content\/uploads\/2021\/06\/footer_logotype-1.svg\",\"contentUrl\":\"https:\/\/freemove.fr\/wp-content\/uploads\/2021\/06\/footer_logotype-1.svg\",\"width\":163,\"height\":45,\"caption\":\"Freemove\"},\"image\":{\"@id\":\"https:\/\/freemove.fr\/en\/#\/schema\/logo\/image\/\"}}]}<\/script>\n<!-- \/ Yoast SEO plugin. -->","yoast_head_json":{"title":"Tarifs Options Circuits","robots":{"index":"index","follow":"follow","max-snippet":"max-snippet:-1","max-image-preview":"max-image-preview:large","max-video-preview":"max-video-preview:-1"},"canonical":"https:\/\/freemove.fr\/en\/tarifs-options-circuits\/","og_locale":"en_US","og_type":"article","og_title":"Tarifs Options Circuits","og_description":"[vc_row css=&#8221;.vc_custom_1623603297012{margin-bottom: 0px !important;padding-bottom: 0px !important;background-image: url(https:\/\/freemove.fr\/wp-content\/uploads\/2021\/06\/253001159-segway-alsace-gyropode-by-oenotourismus-5-1600&#215;900-1.jpg?id=3715) !important;background-position: center !important;background-repeat: no-repeat !important;background-size: cover !important;}&#8221; el_class=&#8221;banner_post&#8221;][vc_column el_class=&#8221;container banner_pad&#8221; css=&#8221;.vc_custom_1623700010452{margin-bottom: 0px !important;padding-top: 310px !important;padding-bottom: 216px !important;background-position: center !important;background-repeat: no-repeat !important;background-size: cover !important;}&#8221;][vc_row_inner css=&#8221;.vc_custom_1623491903936{margin-bottom: 0px !important;}&#8221;][vc_column_inner css=&#8221;.vc_custom_1623413500349{margin-bottom: 0px !important;padding-right: 0px !important;padding-left: 0px !important;}&#8221;][\/vc_column_inner][\/vc_row_inner][\/vc_column][\/vc_row][vc_row css=&#8221;.vc_custom_1623491181655{margin-bottom: 0px !important;padding-top: 120px !important;padding-bottom: 100px !important;}&#8221; el_class=&#8221;padding_uniform&#8221;][vc_column el_class=&#8221;container&#8221; css=&#8221;.vc_custom_1623604592676{margin-bottom: 0px !important;padding-right: 17.5px !important;padding-bottom: 0px&hellip;","og_url":"https:\/\/freemove.fr\/en\/tarifs-options-circuits\/","og_site_name":"Freemove la Glisse \u00c9lectrique pour tous","article_modified_time":"2021-10-03T20:10:37+00:00","og_image":[{"width":2560,"height":1036,"url":"https:\/\/freemove.fr\/wp-content\/uploads\/2021\/10\/Segway-Nocturne-scaled.jpg","type":"image\/jpeg"}],"twitter_card":"summary_large_image","twitter_misc":{"Est. reading time":"3 minutes"},"schema":{"@context":"https:\/\/schema.org","@graph":[{"@type":"WebPage","@id":"https:\/\/freemove.fr\/en\/tarifs-options-circuits\/","url":"https:\/\/freemove.fr\/en\/tarifs-options-circuits\/","name":"Tarifs Options Circuits","isPartOf":{"@id":"https:\/\/freemove.fr\/en\/#website"},"primaryImageOfPage":{"@id":"https:\/\/freemove.fr\/en\/tarifs-options-circuits\/#primaryimage"},"image":{"@id":"https:\/\/freemove.fr\/en\/tarifs-options-circuits\/#primaryimage"},"thumbnailUrl":"https:\/\/freemove.fr\/wp-content\/uploads\/2021\/10\/Segway-Nocturne-scaled.jpg","datePublished":"2021-06-21T13:34:05+00:00","dateModified":"2021-10-03T20:10:37+00:00","breadcrumb":{"@id":"https:\/\/freemove.fr\/en\/tarifs-options-circuits\/#breadcrumb"},"inLanguage":"en-US","potentialAction":[{"@type":"ReadAction","target":["https:\/\/freemove.fr\/en\/tarifs-options-circuits\/"]}]},{"@type":"ImageObject","inLanguage":"en-US","@id":"https:\/\/freemove.fr\/en\/tarifs-options-circuits\/#primaryimage","url":"https:\/\/freemove.fr\/wp-content\/uploads\/2021\/10\/Segway-Nocturne-scaled.jpg","contentUrl":"https:\/\/freemove.fr\/wp-content\/uploads\/2021\/10\/Segway-Nocturne-scaled.jpg","width":2560,"height":1036},{"@type":"BreadcrumbList","@id":"https:\/\/freemove.fr\/en\/tarifs-options-circuits\/#breadcrumb","itemListElement":[{"@type":"ListItem","position":1,"name":"Accueil","item":"https:\/\/freemove.fr\/en\/"},{"@type":"ListItem","position":2,"name":"Tarifs Options Circuits"}]},{"@type":"WebSite","@id":"https:\/\/freemove.fr\/en\/#website","url":"https:\/\/freemove.fr\/en\/","name":"Freemove la Glisse \u00c9lectrique pour tous","description":"Onewheel - Visites guid\u00e9es en Segway \u00e0 Amboise","publisher":{"@id":"https:\/\/freemove.fr\/en\/#organization"},"potentialAction":[{"@type":"SearchAction","target":{"@type":"EntryPoint","urlTemplate":"https:\/\/freemove.fr\/en\/?s={search_term_string}"},"query-input":{"@type":"PropertyValueSpecification","valueRequired":true,"valueName":"search_term_string"}}],"inLanguage":"en-US"},{"@type":"Organization","@id":"https:\/\/freemove.fr\/en\/#organization","name":"Freemove","url":"https:\/\/freemove.fr\/en\/","logo":{"@type":"ImageObject","inLanguage":"en-US","@id":"https:\/\/freemove.fr\/en\/#\/schema\/logo\/image\/","url":"https:\/\/freemove.fr\/wp-content\/uploads\/2021\/06\/footer_logotype-1.svg","contentUrl":"https:\/\/freemove.fr\/wp-content\/uploads\/2021\/06\/footer_logotype-1.svg","width":163,"height":45,"caption":"Freemove"},"image":{"@id":"https:\/\/freemove.fr\/en\/#\/schema\/logo\/image\/"}}]}},"_links":{"self":[{"href":"https:\/\/freemove.fr\/en\/wp-json\/wp\/v2\/pages\/10105","targetHints":{"allow":["GET"]}}],"collection":[{"href":"https:\/\/freemove.fr\/en\/wp-json\/wp\/v2\/pages"}],"about":[{"href":"https:\/\/freemove.fr\/en\/wp-json\/wp\/v2\/types\/page"}],"author":[{"embeddable":true,"href":"https:\/\/freemove.fr\/en\/wp-json\/wp\/v2\/users\/1"}],"replies":[{"embeddable":true,"href":"https:\/\/freemove.fr\/en\/wp-json\/wp\/v2\/comments?post=10105"}],"version-history":[{"count":2,"href":"https:\/\/freemove.fr\/en\/wp-json\/wp\/v2\/pages\/10105\/revisions"}],"predecessor-version":[{"id":10107,"href":"https:\/\/freemove.fr\/en\/wp-json\/wp\/v2\/pages\/10105\/revisions\/10107"}],"wp:featuredmedia":[{"embeddable":true,"href":"https:\/\/freemove.fr\/en\/wp-json\/wp\/v2\/media\/10256"}],"wp:attachment":[{"href":"https:\/\/freemove.fr\/en\/wp-json\/wp\/v2\/media?parent=10105"}],"curies":[{"name":"wp","href":"https:\/\/api.w.org\/{rel}","templated":true}]}}